{"id":13617,"date":"2025-01-24T12:27:04","date_gmt":"2025-01-24T11:27:04","guid":{"rendered":"https:\/\/www.amstelprinting.nl\/winkel\/non%20class\u00e9\/bouwhekdoek-eigen-formaat\/"},"modified":"2026-02-18T12:50:38","modified_gmt":"2026-02-18T11:50:38","slug":"bache-de-chantier-format-personnalise","status":"publish","type":"product","link":"https:\/\/www.amstelprinting.nl\/fr\/boutique\/publicite-exterieure\/construction-et-amp-propriete\/bache-de-chantier-format-personnalise\/","title":{"rendered":"B\u00e2che de chantier &#8211; format personnalis\u00e9"},"content":{"rendered":"<h3>Choisissez le bon mat\u00e9riau<\/h3>\n<p>Nos b\u00e2ches de chantier sont disponibles en six mat\u00e9riaux diff\u00e9rents :<\/p>\n<ul>\n<li><strong>Banner 510<\/strong> : b\u00e2che PVC \u00e0 l&rsquo;aspect brillant, adapt\u00e9e \u00e0 un usage int\u00e9rieur et ext\u00e9rieur.<\/li>\n<li><strong>Mesh<\/strong> : b\u00e2che PVC perm\u00e9able \u00e0 l&rsquo;air avec une structure en maille, id\u00e9ale pour les endroits venteux.<\/li>\n<li><strong>ProPES Outdoor<\/strong> : toile textile en polyester l\u00e9ger avec rev\u00eatement hydrofuge, parfaite pour un usage ext\u00e9rieur prolong\u00e9.<\/li>\n<li><strong>ProPES FR<\/strong> : toile textile en polyester avec rev\u00eatement ignifuge, assurant la s\u00e9curit\u00e9 dans toutes les situations.<\/li>\n<li><strong>Flag<\/strong> : toile de polyester \u00e0 haute transparence, id\u00e9ale pour des applications temporaires d&rsquo;une dur\u00e9e de vie allant jusqu&rsquo;\u00e0 quatre mois.<\/li>\n<li><strong>Flag PET<\/strong> : option \u00e9cologique fabriqu\u00e9e \u00e0 partir de bouteilles PET 100 % recycl\u00e9es.<\/li>\n<\/ul>\n<p>&nbsp;<\/p>\n<h3>Mat\u00e9riel de fixation pour b\u00e2che de chantier<\/h3>\n<p>Pour fixer votre b\u00e2che de chantier de la mani\u00e8re appropri\u00e9e (et avec style), vous pouvez commander du mat\u00e9riel de fixation en option.<\/p>\n<h3>Foire aux questions B\u00e2ches de chantier sur mesure<\/h3>\n<p><strong>Comment la b\u00e2che de chantier sur mesure est-elle emball\u00e9e ?<\/strong><br \/>\nLes b\u00e2ches de chantier sont emball\u00e9es en rouleaux. Pour prot\u00e9ger le mat\u00e9riau, la b\u00e2che de chantier est enroul\u00e9e dans du papier bulle et du papier kraft.<\/p>\n<p><strong>Quel mat\u00e9riau dure le plus longtemps ?<br \/>\n<\/strong>Tous nos mat\u00e9riaux sont con\u00e7us pour un usage ext\u00e9rieur. Si vous avez besoin d&rsquo;un mat\u00e9riau r\u00e9sistant au vent, nous recommandons la b\u00e2che Mesh. Il s&rsquo;agit d&rsquo;un mat\u00e9riau perfor\u00e9 qui laisse passer le vent facilement.<\/p>\n<p><strong>Comment nettoyer au mieux une b\u00e2che de chantier ?<\/strong><br \/>\nLa b\u00e2che de chantier se nettoie de pr\u00e9f\u00e9rence avec de l&rsquo;eau ti\u00e8de et un chiffon en microfibre. L&rsquo;utilisation de produits de nettoyage est d\u00e9conseill\u00e9e, car cela pourrait endommager l&rsquo;encre.<\/p>\n","protected":false},"excerpt":{"rendered":"<p>D\u00e9couvrez nos b\u00e2ches de chantier polyvalentes, parfaites pour d\u00e9limiter des zones et transmettre votre message efficacement. Id\u00e9ales pour les chantiers ou les \u00e9v\u00e9nements, ces b\u00e2ches offrent une excellente combinaison de fonctionnalit\u00e9 et d&rsquo;impact visuel. Choisissez une largeur entre 330 et 340 cm et une hauteur entre 170 et 178 cm. La b\u00e2che de chantier est \u00e9quip\u00e9e d&rsquo;\u0153illets tous les 50 cm pour une fixation facile et une grande stabilit\u00e9.<\/p>\n","protected":false},"featured_media":13618,"template":"","meta":{"_et_pb_use_builder":"","_et_pb_old_content":"","_et_gb_content_width":""},"product_brand":[],"product_cat":[472,454,448],"product_tag":[],"class_list":{"0":"post-13617","1":"product","2":"type-product","3":"status-publish","4":"has-post-thumbnail","6":"product_cat-bannieres","7":"product_cat-construction-et-amp-propriete","8":"product_cat-publicite-exterieure","10":"first","11":"instock","12":"taxable","13":"shipping-taxable","14":"purchasable","15":"product-type-simple"},"yoast_head":"<!-- This site is optimized with the Yoast SEO plugin v27.3 - https:\/\/yoast.com\/product\/yoast-seo-wordpress\/ -->\n<title>B\u00e2che de chantier - format personnalis\u00e9 | Amstel Printing<\/title>\n<meta name=\"robots\" content=\"index, follow, max-snippet:-1, max-image-preview:large, max-video-preview:-1\" \/>\n<link rel=\"canonical\" href=\"https:\/\/www.amstelprinting.nl\/fr\/boutique\/publicite-exterieure\/construction-et-amp-propriete\/bache-de-chantier-format-personnalise\/\" \/>\n<meta property=\"og:locale\" content=\"fr_FR\" \/>\n<meta property=\"og:type\" content=\"article\" \/>\n<meta property=\"og:title\" content=\"B\u00e2che de chantier - format personnalis\u00e9 | Amstel Printing\" \/>\n<meta property=\"og:description\" content=\"D\u00e9couvrez nos b\u00e2ches de chantier polyvalentes, parfaites pour d\u00e9limiter des zones et transmettre votre message efficacement. Id\u00e9ales pour les chantiers ou les \u00e9v\u00e9nements, ces b\u00e2ches offrent une excellente combinaison de fonctionnalit\u00e9 et d&#039;impact visuel. Choisissez une largeur entre 330 et 340 cm et une hauteur entre 170 et 178 cm. La b\u00e2che de chantier est \u00e9quip\u00e9e d&#039;\u0153illets tous les 50 cm pour une fixation facile et une grande stabilit\u00e9.\" \/>\n<meta property=\"og:url\" content=\"https:\/\/www.amstelprinting.nl\/fr\/boutique\/publicite-exterieure\/construction-et-amp-propriete\/bache-de-chantier-format-personnalise\/\" \/>\n<meta property=\"og:site_name\" content=\"Amstel Printing\" \/>\n<meta property=\"article:modified_time\" content=\"2026-02-18T11:50:38+00:00\" \/>\n<meta property=\"og:image\" content=\"https:\/\/www.amstelprinting.nl\/wp-content\/uploads\/bouwhekdoek-bedrukken-3.png\" \/>\n\t<meta property=\"og:image:width\" content=\"900\" \/>\n\t<meta property=\"og:image:height\" content=\"900\" \/>\n\t<meta property=\"og:image:type\" content=\"image\/png\" \/>\n<meta name=\"twitter:card\" content=\"summary_large_image\" \/>\n<meta name=\"twitter:label1\" content=\"Dur\u00e9e de lecture estim\u00e9e\" \/>\n\t<meta name=\"twitter:data1\" content=\"2 minutes\" \/>\n<script type=\"application\/ld+json\" class=\"yoast-schema-graph\">{\"@context\":\"https:\\\/\\\/schema.org\",\"@graph\":[{\"@type\":\"WebPage\",\"@id\":\"https:\\\/\\\/www.amstelprinting.nl\\\/fr\\\/boutique\\\/publicite-exterieure\\\/construction-et-amp-propriete\\\/bache-de-chantier-format-personnalise\\\/\",\"url\":\"https:\\\/\\\/www.amstelprinting.nl\\\/fr\\\/boutique\\\/publicite-exterieure\\\/construction-et-amp-propriete\\\/bache-de-chantier-format-personnalise\\\/\",\"name\":\"B\u00e2che de chantier - format personnalis\u00e9 | Amstel Printing\",\"isPartOf\":{\"@id\":\"https:\\\/\\\/www.amstelprinting.nl\\\/fr\\\/#website\"},\"primaryImageOfPage\":{\"@id\":\"https:\\\/\\\/www.amstelprinting.nl\\\/fr\\\/boutique\\\/publicite-exterieure\\\/construction-et-amp-propriete\\\/bache-de-chantier-format-personnalise\\\/#primaryimage\"},\"image\":{\"@id\":\"https:\\\/\\\/www.amstelprinting.nl\\\/fr\\\/boutique\\\/publicite-exterieure\\\/construction-et-amp-propriete\\\/bache-de-chantier-format-personnalise\\\/#primaryimage\"},\"thumbnailUrl\":\"https:\\\/\\\/www.amstelprinting.nl\\\/wp-content\\\/uploads\\\/bouwhekdoek-bedrukken-3.png\",\"datePublished\":\"2025-01-24T11:27:04+00:00\",\"dateModified\":\"2026-02-18T11:50:38+00:00\",\"breadcrumb\":{\"@id\":\"https:\\\/\\\/www.amstelprinting.nl\\\/fr\\\/boutique\\\/publicite-exterieure\\\/construction-et-amp-propriete\\\/bache-de-chantier-format-personnalise\\\/#breadcrumb\"},\"inLanguage\":\"fr-FR\",\"potentialAction\":[{\"@type\":\"ReadAction\",\"target\":[\"https:\\\/\\\/www.amstelprinting.nl\\\/fr\\\/boutique\\\/publicite-exterieure\\\/construction-et-amp-propriete\\\/bache-de-chantier-format-personnalise\\\/\"]}]},{\"@type\":\"ImageObject\",\"inLanguage\":\"fr-FR\",\"@id\":\"https:\\\/\\\/www.amstelprinting.nl\\\/fr\\\/boutique\\\/publicite-exterieure\\\/construction-et-amp-propriete\\\/bache-de-chantier-format-personnalise\\\/#primaryimage\",\"url\":\"https:\\\/\\\/www.amstelprinting.nl\\\/wp-content\\\/uploads\\\/bouwhekdoek-bedrukken-3.png\",\"contentUrl\":\"https:\\\/\\\/www.amstelprinting.nl\\\/wp-content\\\/uploads\\\/bouwhekdoek-bedrukken-3.png\",\"width\":900,\"height\":900},{\"@type\":\"BreadcrumbList\",\"@id\":\"https:\\\/\\\/www.amstelprinting.nl\\\/fr\\\/boutique\\\/publicite-exterieure\\\/construction-et-amp-propriete\\\/bache-de-chantier-format-personnalise\\\/#breadcrumb\",\"itemListElement\":[{\"@type\":\"ListItem\",\"position\":1,\"name\":\"\",\"item\":\"https:\\\/\\\/www.amstelprinting.nl\\\/fr\\\/\"},{\"@type\":\"ListItem\",\"position\":2,\"name\":\"Amstel Printing\",\"item\":\"https:\\\/\\\/www.amstelprinting.nl\\\/fr\\\/boutique\\\/\"},{\"@type\":\"ListItem\",\"position\":3,\"name\":\"Publicit\u00e9 ext\u00e9rieure\",\"item\":\"https:\\\/\\\/www.amstelprinting.nl\\\/fr\\\/categorie\\\/publicite-exterieure\\\/\"},{\"@type\":\"ListItem\",\"position\":4,\"name\":\"Construction et amp; propri\u00e9t\u00e9\",\"item\":\"https:\\\/\\\/www.amstelprinting.nl\\\/fr\\\/categorie\\\/publicite-exterieure\\\/construction-et-amp-propriete\\\/\"},{\"@type\":\"ListItem\",\"position\":5,\"name\":\"B\u00e2che de chantier &#8211; format personnalis\u00e9\"}]},{\"@type\":\"WebSite\",\"@id\":\"https:\\\/\\\/www.amstelprinting.nl\\\/fr\\\/#website\",\"url\":\"https:\\\/\\\/www.amstelprinting.nl\\\/fr\\\/\",\"name\":\"Amstel Printing\",\"description\":\"Creating Exposure\",\"publisher\":{\"@id\":\"https:\\\/\\\/www.amstelprinting.nl\\\/fr\\\/#organization\"},\"potentialAction\":[{\"@type\":\"SearchAction\",\"target\":{\"@type\":\"EntryPoint\",\"urlTemplate\":\"https:\\\/\\\/www.amstelprinting.nl\\\/fr\\\/?s={search_term_string}\"},\"query-input\":{\"@type\":\"PropertyValueSpecification\",\"valueRequired\":true,\"valueName\":\"search_term_string\"}}],\"inLanguage\":\"fr-FR\"},{\"@type\":\"Organization\",\"@id\":\"https:\\\/\\\/www.amstelprinting.nl\\\/fr\\\/#organization\",\"name\":\"Amstel Printing\",\"url\":\"https:\\\/\\\/www.amstelprinting.nl\\\/fr\\\/\",\"logo\":{\"@type\":\"ImageObject\",\"inLanguage\":\"fr-FR\",\"@id\":\"https:\\\/\\\/www.amstelprinting.nl\\\/fr\\\/#\\\/schema\\\/logo\\\/image\\\/\",\"url\":\"https:\\\/\\\/www.amstelprinting.nl\\\/wp-content\\\/uploads\\\/amstel_printing_logo_clean.png\",\"contentUrl\":\"https:\\\/\\\/www.amstelprinting.nl\\\/wp-content\\\/uploads\\\/amstel_printing_logo_clean.png\",\"width\":324,\"height\":73,\"caption\":\"Amstel Printing\"},\"image\":{\"@id\":\"https:\\\/\\\/www.amstelprinting.nl\\\/fr\\\/#\\\/schema\\\/logo\\\/image\\\/\"}}]}<\/script>\n<!-- \/ Yoast SEO plugin. -->","yoast_head_json":{"title":"B\u00e2che de chantier - format personnalis\u00e9 | Amstel Printing","robots":{"index":"index","follow":"follow","max-snippet":"max-snippet:-1","max-image-preview":"max-image-preview:large","max-video-preview":"max-video-preview:-1"},"canonical":"https:\/\/www.amstelprinting.nl\/fr\/boutique\/publicite-exterieure\/construction-et-amp-propriete\/bache-de-chantier-format-personnalise\/","og_locale":"fr_FR","og_type":"article","og_title":"B\u00e2che de chantier - format personnalis\u00e9 | Amstel Printing","og_description":"D\u00e9couvrez nos b\u00e2ches de chantier polyvalentes, parfaites pour d\u00e9limiter des zones et transmettre votre message efficacement. Id\u00e9ales pour les chantiers ou les \u00e9v\u00e9nements, ces b\u00e2ches offrent une excellente combinaison de fonctionnalit\u00e9 et d'impact visuel. Choisissez une largeur entre 330 et 340 cm et une hauteur entre 170 et 178 cm. La b\u00e2che de chantier est \u00e9quip\u00e9e d'\u0153illets tous les 50 cm pour une fixation facile et une grande stabilit\u00e9.","og_url":"https:\/\/www.amstelprinting.nl\/fr\/boutique\/publicite-exterieure\/construction-et-amp-propriete\/bache-de-chantier-format-personnalise\/","og_site_name":"Amstel Printing","article_modified_time":"2026-02-18T11:50:38+00:00","og_image":[{"width":900,"height":900,"url":"https:\/\/www.amstelprinting.nl\/wp-content\/uploads\/bouwhekdoek-bedrukken-3.png","type":"image\/png"}],"twitter_card":"summary_large_image","twitter_misc":{"Dur\u00e9e de lecture estim\u00e9e":"2 minutes"},"schema":{"@context":"https:\/\/schema.org","@graph":[{"@type":"WebPage","@id":"https:\/\/www.amstelprinting.nl\/fr\/boutique\/publicite-exterieure\/construction-et-amp-propriete\/bache-de-chantier-format-personnalise\/","url":"https:\/\/www.amstelprinting.nl\/fr\/boutique\/publicite-exterieure\/construction-et-amp-propriete\/bache-de-chantier-format-personnalise\/","name":"B\u00e2che de chantier - format personnalis\u00e9 | Amstel Printing","isPartOf":{"@id":"https:\/\/www.amstelprinting.nl\/fr\/#website"},"primaryImageOfPage":{"@id":"https:\/\/www.amstelprinting.nl\/fr\/boutique\/publicite-exterieure\/construction-et-amp-propriete\/bache-de-chantier-format-personnalise\/#primaryimage"},"image":{"@id":"https:\/\/www.amstelprinting.nl\/fr\/boutique\/publicite-exterieure\/construction-et-amp-propriete\/bache-de-chantier-format-personnalise\/#primaryimage"},"thumbnailUrl":"https:\/\/www.amstelprinting.nl\/wp-content\/uploads\/bouwhekdoek-bedrukken-3.png","datePublished":"2025-01-24T11:27:04+00:00","dateModified":"2026-02-18T11:50:38+00:00","breadcrumb":{"@id":"https:\/\/www.amstelprinting.nl\/fr\/boutique\/publicite-exterieure\/construction-et-amp-propriete\/bache-de-chantier-format-personnalise\/#breadcrumb"},"inLanguage":"fr-FR","potentialAction":[{"@type":"ReadAction","target":["https:\/\/www.amstelprinting.nl\/fr\/boutique\/publicite-exterieure\/construction-et-amp-propriete\/bache-de-chantier-format-personnalise\/"]}]},{"@type":"ImageObject","inLanguage":"fr-FR","@id":"https:\/\/www.amstelprinting.nl\/fr\/boutique\/publicite-exterieure\/construction-et-amp-propriete\/bache-de-chantier-format-personnalise\/#primaryimage","url":"https:\/\/www.amstelprinting.nl\/wp-content\/uploads\/bouwhekdoek-bedrukken-3.png","contentUrl":"https:\/\/www.amstelprinting.nl\/wp-content\/uploads\/bouwhekdoek-bedrukken-3.png","width":900,"height":900},{"@type":"BreadcrumbList","@id":"https:\/\/www.amstelprinting.nl\/fr\/boutique\/publicite-exterieure\/construction-et-amp-propriete\/bache-de-chantier-format-personnalise\/#breadcrumb","itemListElement":[{"@type":"ListItem","position":1,"name":"","item":"https:\/\/www.amstelprinting.nl\/fr\/"},{"@type":"ListItem","position":2,"name":"Amstel Printing","item":"https:\/\/www.amstelprinting.nl\/fr\/boutique\/"},{"@type":"ListItem","position":3,"name":"Publicit\u00e9 ext\u00e9rieure","item":"https:\/\/www.amstelprinting.nl\/fr\/categorie\/publicite-exterieure\/"},{"@type":"ListItem","position":4,"name":"Construction et amp; propri\u00e9t\u00e9","item":"https:\/\/www.amstelprinting.nl\/fr\/categorie\/publicite-exterieure\/construction-et-amp-propriete\/"},{"@type":"ListItem","position":5,"name":"B\u00e2che de chantier &#8211; format personnalis\u00e9"}]},{"@type":"WebSite","@id":"https:\/\/www.amstelprinting.nl\/fr\/#website","url":"https:\/\/www.amstelprinting.nl\/fr\/","name":"Amstel Printing","description":"Creating Exposure","publisher":{"@id":"https:\/\/www.amstelprinting.nl\/fr\/#organization"},"potentialAction":[{"@type":"SearchAction","target":{"@type":"EntryPoint","urlTemplate":"https:\/\/www.amstelprinting.nl\/fr\/?s={search_term_string}"},"query-input":{"@type":"PropertyValueSpecification","valueRequired":true,"valueName":"search_term_string"}}],"inLanguage":"fr-FR"},{"@type":"Organization","@id":"https:\/\/www.amstelprinting.nl\/fr\/#organization","name":"Amstel Printing","url":"https:\/\/www.amstelprinting.nl\/fr\/","logo":{"@type":"ImageObject","inLanguage":"fr-FR","@id":"https:\/\/www.amstelprinting.nl\/fr\/#\/schema\/logo\/image\/","url":"https:\/\/www.amstelprinting.nl\/wp-content\/uploads\/amstel_printing_logo_clean.png","contentUrl":"https:\/\/www.amstelprinting.nl\/wp-content\/uploads\/amstel_printing_logo_clean.png","width":324,"height":73,"caption":"Amstel Printing"},"image":{"@id":"https:\/\/www.amstelprinting.nl\/fr\/#\/schema\/logo\/image\/"}}]}},"_links":{"self":[{"href":"https:\/\/www.amstelprinting.nl\/fr\/wp-json\/wp\/v2\/product\/13617","targetHints":{"allow":["GET"]}}],"collection":[{"href":"https:\/\/www.amstelprinting.nl\/fr\/wp-json\/wp\/v2\/product"}],"about":[{"href":"https:\/\/www.amstelprinting.nl\/fr\/wp-json\/wp\/v2\/types\/product"}],"wp:featuredmedia":[{"embeddable":true,"href":"https:\/\/www.amstelprinting.nl\/fr\/wp-json\/wp\/v2\/media\/13618"}],"wp:attachment":[{"href":"https:\/\/www.amstelprinting.nl\/fr\/wp-json\/wp\/v2\/media?parent=13617"}],"wp:term":[{"taxonomy":"product_brand","embeddable":true,"href":"https:\/\/www.amstelprinting.nl\/fr\/wp-json\/wp\/v2\/product_brand?post=13617"},{"taxonomy":"product_cat","embeddable":true,"href":"https:\/\/www.amstelprinting.nl\/fr\/wp-json\/wp\/v2\/product_cat?post=13617"},{"taxonomy":"product_tag","embeddable":true,"href":"https:\/\/www.amstelprinting.nl\/fr\/wp-json\/wp\/v2\/product_tag?post=13617"}],"curies":[{"name":"wp","href":"https:\/\/api.w.org\/{rel}","templated":true}]}}