{"id":13627,"date":"2025-01-24T12:26:58","date_gmt":"2025-01-24T11:26:58","guid":{"rendered":"https:\/\/www.amstelprinting.nl\/winkel\/non%20class\u00e9\/bouwhekdoek\/"},"modified":"2026-02-18T12:50:39","modified_gmt":"2026-02-18T11:50:39","slug":"bache-de-cloture","status":"publish","type":"product","link":"https:\/\/www.amstelprinting.nl\/fr\/boutique\/publicite-exterieure\/construction-et-amp-propriete\/bache-de-cloture\/","title":{"rendered":"B\u00e2che de cl\u00f4ture"},"content":{"rendered":"<h3>Mat\u00e9riaux pour b\u00e2ches de cl\u00f4ture<\/h3>\n<p>Les b\u00e2ches de cl\u00f4ture sont disponibles en six mat\u00e9riaux diff\u00e9rents.<\/p>\n<ul>\n<li><strong>Banner 510<\/strong> : B\u00e2che en PVC avec un aspect brillant, adapt\u00e9e \u00e0 une utilisation int\u00e9rieure et ext\u00e9rieure.<\/li>\n<li><strong>B\u00e2che Mesh<\/strong> : B\u00e2che en PVC perm\u00e9able \u00e0 l&rsquo;air avec une structure en maille, id\u00e9ale pour les endroits tr\u00e8s expos\u00e9s au vent.<\/li>\n<li><strong>ProPES Outdoor<\/strong> : Toile textile en polyester l\u00e9ger avec un rev\u00eatement d\u00e9perlant, parfaite pour une utilisation ext\u00e9rieure de longue dur\u00e9e.<\/li>\n<li><strong>ProPES FR<\/strong> : Toile textile en polyester avec un rev\u00eatement ignifuge, garantissant la s\u00e9curit\u00e9 en toutes circonstances.<\/li>\n<li><strong>Maille drapeau<\/strong> : Toile en polyester \u00e0 haute transparence, id\u00e9ale pour des applications temporaires avec une dur\u00e9e de vie allant jusqu&rsquo;\u00e0 quatre mois.<\/li>\n<li><strong>Flag PET<\/strong> : Option \u00e9cologique fabriqu\u00e9e \u00e0 partir de bouteilles PET 100 % recycl\u00e9es.<\/li>\n<\/ul>\n<p>&nbsp;<\/p>\n<h3>Accessoires pour b\u00e2ches de cl\u00f4ture<\/h3>\n<p>Pour fixer votre b\u00e2che de cl\u00f4ture de mani\u00e8re appropri\u00e9e (et avec style), vous pouvez commander du mat\u00e9riel de fixation en option.<\/p>\n<p>Renforcez votre entreprise ou votre message avec nos b\u00e2ches de cl\u00f4ture. Optez pour la qualit\u00e9, le sur-mesure et des solutions pratiques gr\u00e2ce \u00e0 nos divers mat\u00e9riaux et accessoires. Faites ressortir vos projets avec nos b\u00e2ches de cl\u00f4ture de haute qualit\u00e9, o\u00f9 aucun d\u00e9tail n&rsquo;est n\u00e9glig\u00e9.<\/p>\n<h3>Dimensions sp\u00e9cifiques ?<\/h3>\n<p>Avez-vous besoin d&rsquo;un format sp\u00e9cifique ? Aucun probl\u00e8me, nous proposons du sur-mesure pour r\u00e9pondre \u00e0 toutes vos exigences sp\u00e9cifiques.<\/p>\n<h3>Questions fr\u00e9quemment pos\u00e9es sur les b\u00e2ches de cl\u00f4ture<\/h3>\n<p><strong>Comment la b\u00e2che de cl\u00f4ture est-elle emball\u00e9e ?<\/strong><br \/>\nLes b\u00e2ches de cl\u00f4ture sont emball\u00e9es en rouleau. Pour prot\u00e9ger le mat\u00e9riau, la b\u00e2che est enroul\u00e9e dans du papier bulle et du papier kraft.<\/p>\n<p><strong>Cette b\u00e2che de cl\u00f4ture peut-elle \u00eatre command\u00e9e dans un autre format ?<\/strong><br \/>\nVous pouvez choisir le format souhait\u00e9 pour une b\u00e2che de cl\u00f4ture via b\u00e2che de cl\u00f4ture &#8211; format personnalis\u00e9.<\/p>\n<p><strong>Quel mat\u00e9riau dure le plus longtemps ?<\/strong><br \/>\nTous nos mat\u00e9riaux sont con\u00e7us pour une utilisation en ext\u00e9rieur. Si vous avez besoin d&rsquo;un mat\u00e9riau de b\u00e2che de cl\u00f4ture r\u00e9sistant au vent, nous vous recommandons la b\u00e2che Mesh. C&rsquo;est un mat\u00e9riau perfor\u00e9 qui permet au vent de passer facilement.<\/p>\n<p><strong>Comment nettoyer au mieux une b\u00e2che de cl\u00f4ture ?<\/strong><br \/>\nLa b\u00e2che se nettoie id\u00e9alement avec de l&rsquo;eau ti\u00e8de et un chiffon en microfibre. L&rsquo;utilisation de produits de nettoyage est d\u00e9conseill\u00e9e, car cela pourrait endommager l&rsquo;encre.<\/p>\n","protected":false},"excerpt":{"rendered":"<p><span style=\"font-weight: 400;\">D\u00e9couvrez nos b\u00e2ches de cl\u00f4ture polyvalentes, id\u00e9ales pour d\u00e9limiter des terrains et transmettre votre message. Parfaites pour les chantiers ou les \u00e9v\u00e9nements. La b\u00e2che de cl\u00f4ture a un format fixe de 335 x 175 cm et est finie avec des \u0153illets tous les 50 cm pour une fixation facile.<\/span><\/p>\n","protected":false},"featured_media":25256,"template":"","meta":{"_et_pb_use_builder":"","_et_pb_old_content":"","_et_gb_content_width":""},"product_brand":[],"product_cat":[472,454,448,428,407],"product_tag":[],"class_list":{"0":"post-13627","1":"product","2":"type-product","3":"status-publish","4":"has-post-thumbnail","6":"product_cat-bannieres","7":"product_cat-construction-et-amp-propriete","8":"product_cat-publicite-exterieure","9":"product_cat-salon-et-evenement","10":"product_cat-tissus-de-fete","12":"first","13":"instock","14":"featured","15":"taxable","16":"shipping-taxable","17":"purchasable","18":"product-type-simple"},"yoast_head":"<!-- This site is optimized with the Yoast SEO plugin v27.3 - https:\/\/yoast.com\/product\/yoast-seo-wordpress\/ -->\n<title>Commander une b\u00e2che de cl\u00f4ture \u2013 Livraison rapide &amp; mat\u00e9riau de haute qualit\u00e9<\/title>\n<meta name=\"description\" content=\"Faites ressortir votre chantier ou \u00e9v\u00e9nement avec nos b\u00e2ches de cl\u00f4ture durables. Choisissez parmi six mat\u00e9riaux robustes, y compris des options sur mesure.\" \/>\n<meta name=\"robots\" content=\"index, follow, max-snippet:-1, max-image-preview:large, max-video-preview:-1\" \/>\n<link rel=\"canonical\" href=\"https:\/\/www.amstelprinting.nl\/fr\/boutique\/publicite-exterieure\/construction-et-amp-propriete\/bache-de-cloture\/\" \/>\n<meta property=\"og:locale\" content=\"fr_FR\" \/>\n<meta property=\"og:type\" content=\"article\" \/>\n<meta property=\"og:title\" content=\"Commander une b\u00e2che de cl\u00f4ture \u2013 Livraison rapide &amp; mat\u00e9riau de haute qualit\u00e9\" \/>\n<meta property=\"og:description\" content=\"Faites ressortir votre chantier ou \u00e9v\u00e9nement avec nos b\u00e2ches de cl\u00f4ture durables. Choisissez parmi six mat\u00e9riaux robustes, y compris des options sur mesure.\" \/>\n<meta property=\"og:url\" content=\"https:\/\/www.amstelprinting.nl\/fr\/boutique\/publicite-exterieure\/construction-et-amp-propriete\/bache-de-cloture\/\" \/>\n<meta property=\"og:site_name\" content=\"Amstel Printing\" \/>\n<meta property=\"article:modified_time\" content=\"2026-02-18T11:50:39+00:00\" \/>\n<meta property=\"og:image\" content=\"https:\/\/www.amstelprinting.nl\/wp-content\/uploads\/bouwhekdoek-bedrukken-2.webp\" \/>\n\t<meta property=\"og:image:width\" content=\"900\" \/>\n\t<meta property=\"og:image:height\" content=\"900\" \/>\n\t<meta property=\"og:image:type\" content=\"image\/webp\" \/>\n<meta name=\"twitter:card\" content=\"summary_large_image\" \/>\n<meta name=\"twitter:label1\" content=\"Dur\u00e9e de lecture estim\u00e9e\" \/>\n\t<meta name=\"twitter:data1\" content=\"2 minutes\" \/>\n<script type=\"application\/ld+json\" class=\"yoast-schema-graph\">{\"@context\":\"https:\\\/\\\/schema.org\",\"@graph\":[{\"@type\":\"WebPage\",\"@id\":\"https:\\\/\\\/www.amstelprinting.nl\\\/fr\\\/boutique\\\/publicite-exterieure\\\/construction-et-amp-propriete\\\/bache-de-cloture\\\/\",\"url\":\"https:\\\/\\\/www.amstelprinting.nl\\\/fr\\\/boutique\\\/publicite-exterieure\\\/construction-et-amp-propriete\\\/bache-de-cloture\\\/\",\"name\":\"Commander une b\u00e2che de cl\u00f4ture \u2013 Livraison rapide & mat\u00e9riau de haute qualit\u00e9\",\"isPartOf\":{\"@id\":\"https:\\\/\\\/www.amstelprinting.nl\\\/fr\\\/#website\"},\"primaryImageOfPage\":{\"@id\":\"https:\\\/\\\/www.amstelprinting.nl\\\/fr\\\/boutique\\\/publicite-exterieure\\\/construction-et-amp-propriete\\\/bache-de-cloture\\\/#primaryimage\"},\"image\":{\"@id\":\"https:\\\/\\\/www.amstelprinting.nl\\\/fr\\\/boutique\\\/publicite-exterieure\\\/construction-et-amp-propriete\\\/bache-de-cloture\\\/#primaryimage\"},\"thumbnailUrl\":\"https:\\\/\\\/www.amstelprinting.nl\\\/wp-content\\\/uploads\\\/bouwhekdoek-bedrukken-2.webp\",\"datePublished\":\"2025-01-24T11:26:58+00:00\",\"dateModified\":\"2026-02-18T11:50:39+00:00\",\"description\":\"Faites ressortir votre chantier ou \u00e9v\u00e9nement avec nos b\u00e2ches de cl\u00f4ture durables. Choisissez parmi six mat\u00e9riaux robustes, y compris des options sur mesure.\",\"breadcrumb\":{\"@id\":\"https:\\\/\\\/www.amstelprinting.nl\\\/fr\\\/boutique\\\/publicite-exterieure\\\/construction-et-amp-propriete\\\/bache-de-cloture\\\/#breadcrumb\"},\"inLanguage\":\"fr-FR\",\"potentialAction\":[{\"@type\":\"ReadAction\",\"target\":[\"https:\\\/\\\/www.amstelprinting.nl\\\/fr\\\/boutique\\\/publicite-exterieure\\\/construction-et-amp-propriete\\\/bache-de-cloture\\\/\"]}]},{\"@type\":\"ImageObject\",\"inLanguage\":\"fr-FR\",\"@id\":\"https:\\\/\\\/www.amstelprinting.nl\\\/fr\\\/boutique\\\/publicite-exterieure\\\/construction-et-amp-propriete\\\/bache-de-cloture\\\/#primaryimage\",\"url\":\"https:\\\/\\\/www.amstelprinting.nl\\\/wp-content\\\/uploads\\\/bouwhekdoek-bedrukken-2.webp\",\"contentUrl\":\"https:\\\/\\\/www.amstelprinting.nl\\\/wp-content\\\/uploads\\\/bouwhekdoek-bedrukken-2.webp\",\"width\":900,\"height\":900},{\"@type\":\"BreadcrumbList\",\"@id\":\"https:\\\/\\\/www.amstelprinting.nl\\\/fr\\\/boutique\\\/publicite-exterieure\\\/construction-et-amp-propriete\\\/bache-de-cloture\\\/#breadcrumb\",\"itemListElement\":[{\"@type\":\"ListItem\",\"position\":1,\"name\":\"\",\"item\":\"https:\\\/\\\/www.amstelprinting.nl\\\/fr\\\/\"},{\"@type\":\"ListItem\",\"position\":2,\"name\":\"Amstel Printing\",\"item\":\"https:\\\/\\\/www.amstelprinting.nl\\\/fr\\\/boutique\\\/\"},{\"@type\":\"ListItem\",\"position\":3,\"name\":\"Publicit\u00e9 ext\u00e9rieure\",\"item\":\"https:\\\/\\\/www.amstelprinting.nl\\\/fr\\\/categorie\\\/publicite-exterieure\\\/\"},{\"@type\":\"ListItem\",\"position\":4,\"name\":\"Construction et amp; propri\u00e9t\u00e9\",\"item\":\"https:\\\/\\\/www.amstelprinting.nl\\\/fr\\\/categorie\\\/publicite-exterieure\\\/construction-et-amp-propriete\\\/\"},{\"@type\":\"ListItem\",\"position\":5,\"name\":\"B\u00e2che de cl\u00f4ture\"}]},{\"@type\":\"WebSite\",\"@id\":\"https:\\\/\\\/www.amstelprinting.nl\\\/fr\\\/#website\",\"url\":\"https:\\\/\\\/www.amstelprinting.nl\\\/fr\\\/\",\"name\":\"Amstel Printing\",\"description\":\"Creating Exposure\",\"publisher\":{\"@id\":\"https:\\\/\\\/www.amstelprinting.nl\\\/fr\\\/#organization\"},\"potentialAction\":[{\"@type\":\"SearchAction\",\"target\":{\"@type\":\"EntryPoint\",\"urlTemplate\":\"https:\\\/\\\/www.amstelprinting.nl\\\/fr\\\/?s={search_term_string}\"},\"query-input\":{\"@type\":\"PropertyValueSpecification\",\"valueRequired\":true,\"valueName\":\"search_term_string\"}}],\"inLanguage\":\"fr-FR\"},{\"@type\":\"Organization\",\"@id\":\"https:\\\/\\\/www.amstelprinting.nl\\\/fr\\\/#organization\",\"name\":\"Amstel Printing\",\"url\":\"https:\\\/\\\/www.amstelprinting.nl\\\/fr\\\/\",\"logo\":{\"@type\":\"ImageObject\",\"inLanguage\":\"fr-FR\",\"@id\":\"https:\\\/\\\/www.amstelprinting.nl\\\/fr\\\/#\\\/schema\\\/logo\\\/image\\\/\",\"url\":\"https:\\\/\\\/www.amstelprinting.nl\\\/wp-content\\\/uploads\\\/amstel_printing_logo_clean.png\",\"contentUrl\":\"https:\\\/\\\/www.amstelprinting.nl\\\/wp-content\\\/uploads\\\/amstel_printing_logo_clean.png\",\"width\":324,\"height\":73,\"caption\":\"Amstel Printing\"},\"image\":{\"@id\":\"https:\\\/\\\/www.amstelprinting.nl\\\/fr\\\/#\\\/schema\\\/logo\\\/image\\\/\"}}]}<\/script>\n<!-- \/ Yoast SEO plugin. -->","yoast_head_json":{"title":"Commander une b\u00e2che de cl\u00f4ture \u2013 Livraison rapide & mat\u00e9riau de haute qualit\u00e9","description":"Faites ressortir votre chantier ou \u00e9v\u00e9nement avec nos b\u00e2ches de cl\u00f4ture durables. Choisissez parmi six mat\u00e9riaux robustes, y compris des options sur mesure.","robots":{"index":"index","follow":"follow","max-snippet":"max-snippet:-1","max-image-preview":"max-image-preview:large","max-video-preview":"max-video-preview:-1"},"canonical":"https:\/\/www.amstelprinting.nl\/fr\/boutique\/publicite-exterieure\/construction-et-amp-propriete\/bache-de-cloture\/","og_locale":"fr_FR","og_type":"article","og_title":"Commander une b\u00e2che de cl\u00f4ture \u2013 Livraison rapide & mat\u00e9riau de haute qualit\u00e9","og_description":"Faites ressortir votre chantier ou \u00e9v\u00e9nement avec nos b\u00e2ches de cl\u00f4ture durables. Choisissez parmi six mat\u00e9riaux robustes, y compris des options sur mesure.","og_url":"https:\/\/www.amstelprinting.nl\/fr\/boutique\/publicite-exterieure\/construction-et-amp-propriete\/bache-de-cloture\/","og_site_name":"Amstel Printing","article_modified_time":"2026-02-18T11:50:39+00:00","og_image":[{"width":900,"height":900,"url":"https:\/\/www.amstelprinting.nl\/wp-content\/uploads\/bouwhekdoek-bedrukken-2.webp","type":"image\/webp"}],"twitter_card":"summary_large_image","twitter_misc":{"Dur\u00e9e de lecture estim\u00e9e":"2 minutes"},"schema":{"@context":"https:\/\/schema.org","@graph":[{"@type":"WebPage","@id":"https:\/\/www.amstelprinting.nl\/fr\/boutique\/publicite-exterieure\/construction-et-amp-propriete\/bache-de-cloture\/","url":"https:\/\/www.amstelprinting.nl\/fr\/boutique\/publicite-exterieure\/construction-et-amp-propriete\/bache-de-cloture\/","name":"Commander une b\u00e2che de cl\u00f4ture \u2013 Livraison rapide & mat\u00e9riau de haute qualit\u00e9","isPartOf":{"@id":"https:\/\/www.amstelprinting.nl\/fr\/#website"},"primaryImageOfPage":{"@id":"https:\/\/www.amstelprinting.nl\/fr\/boutique\/publicite-exterieure\/construction-et-amp-propriete\/bache-de-cloture\/#primaryimage"},"image":{"@id":"https:\/\/www.amstelprinting.nl\/fr\/boutique\/publicite-exterieure\/construction-et-amp-propriete\/bache-de-cloture\/#primaryimage"},"thumbnailUrl":"https:\/\/www.amstelprinting.nl\/wp-content\/uploads\/bouwhekdoek-bedrukken-2.webp","datePublished":"2025-01-24T11:26:58+00:00","dateModified":"2026-02-18T11:50:39+00:00","description":"Faites ressortir votre chantier ou \u00e9v\u00e9nement avec nos b\u00e2ches de cl\u00f4ture durables. Choisissez parmi six mat\u00e9riaux robustes, y compris des options sur mesure.","breadcrumb":{"@id":"https:\/\/www.amstelprinting.nl\/fr\/boutique\/publicite-exterieure\/construction-et-amp-propriete\/bache-de-cloture\/#breadcrumb"},"inLanguage":"fr-FR","potentialAction":[{"@type":"ReadAction","target":["https:\/\/www.amstelprinting.nl\/fr\/boutique\/publicite-exterieure\/construction-et-amp-propriete\/bache-de-cloture\/"]}]},{"@type":"ImageObject","inLanguage":"fr-FR","@id":"https:\/\/www.amstelprinting.nl\/fr\/boutique\/publicite-exterieure\/construction-et-amp-propriete\/bache-de-cloture\/#primaryimage","url":"https:\/\/www.amstelprinting.nl\/wp-content\/uploads\/bouwhekdoek-bedrukken-2.webp","contentUrl":"https:\/\/www.amstelprinting.nl\/wp-content\/uploads\/bouwhekdoek-bedrukken-2.webp","width":900,"height":900},{"@type":"BreadcrumbList","@id":"https:\/\/www.amstelprinting.nl\/fr\/boutique\/publicite-exterieure\/construction-et-amp-propriete\/bache-de-cloture\/#breadcrumb","itemListElement":[{"@type":"ListItem","position":1,"name":"","item":"https:\/\/www.amstelprinting.nl\/fr\/"},{"@type":"ListItem","position":2,"name":"Amstel Printing","item":"https:\/\/www.amstelprinting.nl\/fr\/boutique\/"},{"@type":"ListItem","position":3,"name":"Publicit\u00e9 ext\u00e9rieure","item":"https:\/\/www.amstelprinting.nl\/fr\/categorie\/publicite-exterieure\/"},{"@type":"ListItem","position":4,"name":"Construction et amp; propri\u00e9t\u00e9","item":"https:\/\/www.amstelprinting.nl\/fr\/categorie\/publicite-exterieure\/construction-et-amp-propriete\/"},{"@type":"ListItem","position":5,"name":"B\u00e2che de cl\u00f4ture"}]},{"@type":"WebSite","@id":"https:\/\/www.amstelprinting.nl\/fr\/#website","url":"https:\/\/www.amstelprinting.nl\/fr\/","name":"Amstel Printing","description":"Creating Exposure","publisher":{"@id":"https:\/\/www.amstelprinting.nl\/fr\/#organization"},"potentialAction":[{"@type":"SearchAction","target":{"@type":"EntryPoint","urlTemplate":"https:\/\/www.amstelprinting.nl\/fr\/?s={search_term_string}"},"query-input":{"@type":"PropertyValueSpecification","valueRequired":true,"valueName":"search_term_string"}}],"inLanguage":"fr-FR"},{"@type":"Organization","@id":"https:\/\/www.amstelprinting.nl\/fr\/#organization","name":"Amstel Printing","url":"https:\/\/www.amstelprinting.nl\/fr\/","logo":{"@type":"ImageObject","inLanguage":"fr-FR","@id":"https:\/\/www.amstelprinting.nl\/fr\/#\/schema\/logo\/image\/","url":"https:\/\/www.amstelprinting.nl\/wp-content\/uploads\/amstel_printing_logo_clean.png","contentUrl":"https:\/\/www.amstelprinting.nl\/wp-content\/uploads\/amstel_printing_logo_clean.png","width":324,"height":73,"caption":"Amstel Printing"},"image":{"@id":"https:\/\/www.amstelprinting.nl\/fr\/#\/schema\/logo\/image\/"}}]}},"_links":{"self":[{"href":"https:\/\/www.amstelprinting.nl\/fr\/wp-json\/wp\/v2\/product\/13627","targetHints":{"allow":["GET"]}}],"collection":[{"href":"https:\/\/www.amstelprinting.nl\/fr\/wp-json\/wp\/v2\/product"}],"about":[{"href":"https:\/\/www.amstelprinting.nl\/fr\/wp-json\/wp\/v2\/types\/product"}],"wp:featuredmedia":[{"embeddable":true,"href":"https:\/\/www.amstelprinting.nl\/fr\/wp-json\/wp\/v2\/media\/25256"}],"wp:attachment":[{"href":"https:\/\/www.amstelprinting.nl\/fr\/wp-json\/wp\/v2\/media?parent=13627"}],"wp:term":[{"taxonomy":"product_brand","embeddable":true,"href":"https:\/\/www.amstelprinting.nl\/fr\/wp-json\/wp\/v2\/product_brand?post=13627"},{"taxonomy":"product_cat","embeddable":true,"href":"https:\/\/www.amstelprinting.nl\/fr\/wp-json\/wp\/v2\/product_cat?post=13627"},{"taxonomy":"product_tag","embeddable":true,"href":"https:\/\/www.amstelprinting.nl\/fr\/wp-json\/wp\/v2\/product_tag?post=13627"}],"curies":[{"name":"wp","href":"https:\/\/api.w.org\/{rel}","templated":true}]}}