{"id":13638,"date":"2025-01-24T11:35:41","date_gmt":"2025-01-24T10:35:41","guid":{"rendered":"https:\/\/www.amstelprinting.nl\/winkel\/non%20class\u00e9\/makelaarsbord\/"},"modified":"2026-02-18T12:50:40","modified_gmt":"2026-02-18T11:50:40","slug":"panneau-immobilier","status":"publish","type":"product","link":"https:\/\/www.amstelprinting.nl\/fr\/boutique\/publicite-exterieure\/construction-et-amp-propriete\/panneau-immobilier\/","title":{"rendered":"Panneau immobilier"},"content":{"rendered":"<h3>Commander des panneaux de fen\u00eatre pas chers<\/h3>\n<p>Chez Amstel Printing, vous commandez rapidement et \u00e0 bas prix des panneaux en V imprim\u00e9s (\u00e9galement appel\u00e9s panneaux immobiliers ou panneaux de fen\u00eatre). Choisissez l&rsquo;une des dimensions standard ou communiquez-nous votre propre dimension.<\/p>\n<h3>Panneau de fen\u00eatre en forme personnalis\u00e9e<\/h3>\n<p>Choisissez-vous la forme classique en V droit ? Ou souhaitez-vous imprimer le panneau de fen\u00eatre dans une forme personnalis\u00e9e ? Dans ce cas, choisissez l&rsquo;option de d\u00e9coupe \u00e0 la forme. De plus, vous trouverez sous la rubrique t\u00e9l\u00e9chargements des mod\u00e8les standard dans lesquels vous pouvez placer votre design.<\/p>\n<ul>\n<li>Mod\u00e8le avec toit<\/li>\n<li>Mod\u00e8le d\u00e9coup\u00e9 \u00e0 la forme<\/li>\n<li>Mod\u00e8le d\u00e9coup\u00e9 \u00e0 la forme avec trous de per\u00e7age<\/li>\n<li>Mod\u00e8le maison avec toit pli\u00e9<\/li>\n<li>Mod\u00e8le maison avec toit pli\u00e9 et trous de per\u00e7age<\/li>\n<li>Mod\u00e8le panneau de fen\u00eatre 100&#215;70<\/li>\n<li>Mod\u00e8le panneau de fen\u00eatre 140&#215;50<\/li>\n<li>Mod\u00e8le panneau de fen\u00eatre 140&#215;100<\/li>\n<\/ul>\n<p>&nbsp;<\/p>\n<h3>Fixation<\/h3>\n<p>Les panneaux immobiliers sont des panneaux de fen\u00eatre qui peuvent \u00eatre fix\u00e9s \u00e0 l&rsquo;ext\u00e9rieur de tout type de fen\u00eatre. Vous pouvez fixer le panneau de fen\u00eatre de trois mani\u00e8res diff\u00e9rentes. Lors de la commande du panneau immobilier dans le configurateur, vous disposez des trois options suivantes :<\/p>\n<p><strong>Entailles et trous de per\u00e7age<\/strong><br \/>\nNous pr\u00e9voyons uniquement des trous de per\u00e7age pour le panneau immobilier imprim\u00e9. Les ventouses ne sont pas incluses.<\/p>\n<p><strong>Ruban adh\u00e9sif double face<\/strong><br \/>\nPour un usage temporaire, nous conseillons de choisir l&rsquo;option \u00ab ruban adh\u00e9sif double face \u00bb.<\/p>\n<p><strong>Entailles, trous de per\u00e7age et ventouses<\/strong><br \/>\nLe meilleur choix si vous souhaitez utiliser le panneau immobilier \u00e0 long terme. Gr\u00e2ce aux ventouses incluses (4 pi\u00e8ces), le panneau immobilier est facile \u00e0 fixer et \u00e0 retirer.<\/p>\n<h3>Les panneaux de fen\u00eatre sont polyvalents<\/h3>\n<p>Agents immobiliers : Pour la promotion de biens immobiliers \u00e0 vendre ou \u00e0 louer. Nos panneaux de fen\u00eatre garantissent une attention maximale de la part d&rsquo;acheteurs ou de locataires potentiels.<br \/>\nEntreprises : Parfaits pour annoncer des offres sp\u00e9ciales, des horaires d&rsquo;ouverture ou des \u00e9v\u00e9nements.<br \/>\nParticuliers : Utilisez nos panneaux de fen\u00eatre pour des annonces telles qu&rsquo;une naissance, une f\u00eate (de jardin) ou toute autre occasion personnelle.<\/p>\n<h3>Mat\u00e9riau \u00e9cologique et enti\u00e8rement recyclable<\/h3>\n<p>Nos panneaux de fen\u00eatre sont fabriqu\u00e9s en plaque alv\u00e9olaire de 3,5 mm. Ce mat\u00e9riau est r\u00e9sistant aux intemp\u00e9ries et enti\u00e8rement recyclable. De plus, nos panneaux de fen\u00eatre sont ignifuges (dot\u00e9s d&rsquo;un certificat B1), ce qui les rend s\u00fbrs \u00e0 l&rsquo;usage et donc adapt\u00e9s aux lieux publics.<\/p>\n","protected":false},"excerpt":{"rendered":"<h3>Panneau de fen\u00eatre imprim\u00e9 (fixation avec ventouse ou ruban)<\/h3>\n<p>Les panneaux immobiliers sont \u00e9galement appel\u00e9s panneaux en V ou panneaux de fen\u00eatre. Un moyen promotionnel bon march\u00e9 mais tr\u00e8s efficace. Livr\u00e9 avec ventouses ou ruban adh\u00e9sif inclus.<\/p>\n","protected":false},"featured_media":13640,"template":"","meta":{"_et_pb_use_builder":"","_et_pb_old_content":"","_et_gb_content_width":""},"product_brand":[],"product_cat":[454,469,448],"product_tag":[],"class_list":{"0":"post-13638","1":"product","2":"type-product","3":"status-publish","4":"has-post-thumbnail","6":"product_cat-construction-et-amp-propriete","7":"product_cat-panneaux-daffichage","8":"product_cat-publicite-exterieure","10":"first","11":"instock","12":"taxable","13":"shipping-taxable","14":"purchasable","15":"product-type-simple"},"yoast_head":"<!-- This site is optimized with the Yoast SEO plugin v27.3 - https:\/\/yoast.com\/product\/yoast-seo-wordpress\/ -->\n<title>Panneau immobilier | Amstel Printing<\/title>\n<meta name=\"robots\" content=\"index, follow, max-snippet:-1, max-image-preview:large, max-video-preview:-1\" \/>\n<link rel=\"canonical\" href=\"https:\/\/www.amstelprinting.nl\/fr\/boutique\/publicite-exterieure\/construction-et-amp-propriete\/panneau-immobilier\/\" \/>\n<meta property=\"og:locale\" content=\"fr_FR\" \/>\n<meta property=\"og:type\" content=\"article\" \/>\n<meta property=\"og:title\" content=\"Panneau immobilier | Amstel Printing\" \/>\n<meta property=\"og:description\" content=\"Panneau de fen\u00eatre imprim\u00e9 (fixation avec ventouse ou ruban) Les panneaux immobiliers sont \u00e9galement appel\u00e9s panneaux en V ou panneaux de fen\u00eatre. Un moyen promotionnel bon march\u00e9 mais tr\u00e8s efficace. Livr\u00e9 avec ventouses ou ruban adh\u00e9sif inclus.\" \/>\n<meta property=\"og:url\" content=\"https:\/\/www.amstelprinting.nl\/fr\/boutique\/publicite-exterieure\/construction-et-amp-propriete\/panneau-immobilier\/\" \/>\n<meta property=\"og:site_name\" content=\"Amstel Printing\" \/>\n<meta property=\"article:modified_time\" content=\"2026-02-18T11:50:40+00:00\" \/>\n<meta property=\"og:image\" content=\"https:\/\/www.amstelprinting.nl\/wp-content\/uploads\/makelaarsbord-bedrukken-1024x1024.png\" \/>\n\t<meta property=\"og:image:width\" content=\"1024\" \/>\n\t<meta property=\"og:image:height\" content=\"1024\" \/>\n\t<meta property=\"og:image:type\" content=\"image\/png\" \/>\n<meta name=\"twitter:card\" content=\"summary_large_image\" \/>\n<meta name=\"twitter:label1\" content=\"Dur\u00e9e de lecture estim\u00e9e\" \/>\n\t<meta name=\"twitter:data1\" content=\"2 minutes\" \/>\n<script type=\"application\/ld+json\" class=\"yoast-schema-graph\">{\"@context\":\"https:\\\/\\\/schema.org\",\"@graph\":[{\"@type\":\"WebPage\",\"@id\":\"https:\\\/\\\/www.amstelprinting.nl\\\/fr\\\/boutique\\\/publicite-exterieure\\\/construction-et-amp-propriete\\\/panneau-immobilier\\\/\",\"url\":\"https:\\\/\\\/www.amstelprinting.nl\\\/fr\\\/boutique\\\/publicite-exterieure\\\/construction-et-amp-propriete\\\/panneau-immobilier\\\/\",\"name\":\"Panneau immobilier | Amstel Printing\",\"isPartOf\":{\"@id\":\"https:\\\/\\\/www.amstelprinting.nl\\\/fr\\\/#website\"},\"primaryImageOfPage\":{\"@id\":\"https:\\\/\\\/www.amstelprinting.nl\\\/fr\\\/boutique\\\/publicite-exterieure\\\/construction-et-amp-propriete\\\/panneau-immobilier\\\/#primaryimage\"},\"image\":{\"@id\":\"https:\\\/\\\/www.amstelprinting.nl\\\/fr\\\/boutique\\\/publicite-exterieure\\\/construction-et-amp-propriete\\\/panneau-immobilier\\\/#primaryimage\"},\"thumbnailUrl\":\"https:\\\/\\\/www.amstelprinting.nl\\\/wp-content\\\/uploads\\\/makelaarsbord-bedrukken.png\",\"datePublished\":\"2025-01-24T10:35:41+00:00\",\"dateModified\":\"2026-02-18T11:50:40+00:00\",\"breadcrumb\":{\"@id\":\"https:\\\/\\\/www.amstelprinting.nl\\\/fr\\\/boutique\\\/publicite-exterieure\\\/construction-et-amp-propriete\\\/panneau-immobilier\\\/#breadcrumb\"},\"inLanguage\":\"fr-FR\",\"potentialAction\":[{\"@type\":\"ReadAction\",\"target\":[\"https:\\\/\\\/www.amstelprinting.nl\\\/fr\\\/boutique\\\/publicite-exterieure\\\/construction-et-amp-propriete\\\/panneau-immobilier\\\/\"]}]},{\"@type\":\"ImageObject\",\"inLanguage\":\"fr-FR\",\"@id\":\"https:\\\/\\\/www.amstelprinting.nl\\\/fr\\\/boutique\\\/publicite-exterieure\\\/construction-et-amp-propriete\\\/panneau-immobilier\\\/#primaryimage\",\"url\":\"https:\\\/\\\/www.amstelprinting.nl\\\/wp-content\\\/uploads\\\/makelaarsbord-bedrukken.png\",\"contentUrl\":\"https:\\\/\\\/www.amstelprinting.nl\\\/wp-content\\\/uploads\\\/makelaarsbord-bedrukken.png\",\"width\":4578,\"height\":4578},{\"@type\":\"BreadcrumbList\",\"@id\":\"https:\\\/\\\/www.amstelprinting.nl\\\/fr\\\/boutique\\\/publicite-exterieure\\\/construction-et-amp-propriete\\\/panneau-immobilier\\\/#breadcrumb\",\"itemListElement\":[{\"@type\":\"ListItem\",\"position\":1,\"name\":\"\",\"item\":\"https:\\\/\\\/www.amstelprinting.nl\\\/fr\\\/\"},{\"@type\":\"ListItem\",\"position\":2,\"name\":\"Amstel Printing\",\"item\":\"https:\\\/\\\/www.amstelprinting.nl\\\/fr\\\/boutique\\\/\"},{\"@type\":\"ListItem\",\"position\":3,\"name\":\"Publicit\u00e9 ext\u00e9rieure\",\"item\":\"https:\\\/\\\/www.amstelprinting.nl\\\/fr\\\/categorie\\\/publicite-exterieure\\\/\"},{\"@type\":\"ListItem\",\"position\":4,\"name\":\"Construction et amp; propri\u00e9t\u00e9\",\"item\":\"https:\\\/\\\/www.amstelprinting.nl\\\/fr\\\/categorie\\\/publicite-exterieure\\\/construction-et-amp-propriete\\\/\"},{\"@type\":\"ListItem\",\"position\":5,\"name\":\"Panneau immobilier\"}]},{\"@type\":\"WebSite\",\"@id\":\"https:\\\/\\\/www.amstelprinting.nl\\\/fr\\\/#website\",\"url\":\"https:\\\/\\\/www.amstelprinting.nl\\\/fr\\\/\",\"name\":\"Amstel Printing\",\"description\":\"Creating Exposure\",\"publisher\":{\"@id\":\"https:\\\/\\\/www.amstelprinting.nl\\\/fr\\\/#organization\"},\"potentialAction\":[{\"@type\":\"SearchAction\",\"target\":{\"@type\":\"EntryPoint\",\"urlTemplate\":\"https:\\\/\\\/www.amstelprinting.nl\\\/fr\\\/?s={search_term_string}\"},\"query-input\":{\"@type\":\"PropertyValueSpecification\",\"valueRequired\":true,\"valueName\":\"search_term_string\"}}],\"inLanguage\":\"fr-FR\"},{\"@type\":\"Organization\",\"@id\":\"https:\\\/\\\/www.amstelprinting.nl\\\/fr\\\/#organization\",\"name\":\"Amstel Printing\",\"url\":\"https:\\\/\\\/www.amstelprinting.nl\\\/fr\\\/\",\"logo\":{\"@type\":\"ImageObject\",\"inLanguage\":\"fr-FR\",\"@id\":\"https:\\\/\\\/www.amstelprinting.nl\\\/fr\\\/#\\\/schema\\\/logo\\\/image\\\/\",\"url\":\"https:\\\/\\\/www.amstelprinting.nl\\\/wp-content\\\/uploads\\\/amstel_printing_logo_clean.png\",\"contentUrl\":\"https:\\\/\\\/www.amstelprinting.nl\\\/wp-content\\\/uploads\\\/amstel_printing_logo_clean.png\",\"width\":324,\"height\":73,\"caption\":\"Amstel Printing\"},\"image\":{\"@id\":\"https:\\\/\\\/www.amstelprinting.nl\\\/fr\\\/#\\\/schema\\\/logo\\\/image\\\/\"}}]}<\/script>\n<!-- \/ Yoast SEO plugin. -->","yoast_head_json":{"title":"Panneau immobilier | Amstel Printing","robots":{"index":"index","follow":"follow","max-snippet":"max-snippet:-1","max-image-preview":"max-image-preview:large","max-video-preview":"max-video-preview:-1"},"canonical":"https:\/\/www.amstelprinting.nl\/fr\/boutique\/publicite-exterieure\/construction-et-amp-propriete\/panneau-immobilier\/","og_locale":"fr_FR","og_type":"article","og_title":"Panneau immobilier | Amstel Printing","og_description":"Panneau de fen\u00eatre imprim\u00e9 (fixation avec ventouse ou ruban) Les panneaux immobiliers sont \u00e9galement appel\u00e9s panneaux en V ou panneaux de fen\u00eatre. Un moyen promotionnel bon march\u00e9 mais tr\u00e8s efficace. Livr\u00e9 avec ventouses ou ruban adh\u00e9sif inclus.","og_url":"https:\/\/www.amstelprinting.nl\/fr\/boutique\/publicite-exterieure\/construction-et-amp-propriete\/panneau-immobilier\/","og_site_name":"Amstel Printing","article_modified_time":"2026-02-18T11:50:40+00:00","og_image":[{"width":1024,"height":1024,"url":"https:\/\/www.amstelprinting.nl\/wp-content\/uploads\/makelaarsbord-bedrukken-1024x1024.png","type":"image\/png"}],"twitter_card":"summary_large_image","twitter_misc":{"Dur\u00e9e de lecture estim\u00e9e":"2 minutes"},"schema":{"@context":"https:\/\/schema.org","@graph":[{"@type":"WebPage","@id":"https:\/\/www.amstelprinting.nl\/fr\/boutique\/publicite-exterieure\/construction-et-amp-propriete\/panneau-immobilier\/","url":"https:\/\/www.amstelprinting.nl\/fr\/boutique\/publicite-exterieure\/construction-et-amp-propriete\/panneau-immobilier\/","name":"Panneau immobilier | Amstel Printing","isPartOf":{"@id":"https:\/\/www.amstelprinting.nl\/fr\/#website"},"primaryImageOfPage":{"@id":"https:\/\/www.amstelprinting.nl\/fr\/boutique\/publicite-exterieure\/construction-et-amp-propriete\/panneau-immobilier\/#primaryimage"},"image":{"@id":"https:\/\/www.amstelprinting.nl\/fr\/boutique\/publicite-exterieure\/construction-et-amp-propriete\/panneau-immobilier\/#primaryimage"},"thumbnailUrl":"https:\/\/www.amstelprinting.nl\/wp-content\/uploads\/makelaarsbord-bedrukken.png","datePublished":"2025-01-24T10:35:41+00:00","dateModified":"2026-02-18T11:50:40+00:00","breadcrumb":{"@id":"https:\/\/www.amstelprinting.nl\/fr\/boutique\/publicite-exterieure\/construction-et-amp-propriete\/panneau-immobilier\/#breadcrumb"},"inLanguage":"fr-FR","potentialAction":[{"@type":"ReadAction","target":["https:\/\/www.amstelprinting.nl\/fr\/boutique\/publicite-exterieure\/construction-et-amp-propriete\/panneau-immobilier\/"]}]},{"@type":"ImageObject","inLanguage":"fr-FR","@id":"https:\/\/www.amstelprinting.nl\/fr\/boutique\/publicite-exterieure\/construction-et-amp-propriete\/panneau-immobilier\/#primaryimage","url":"https:\/\/www.amstelprinting.nl\/wp-content\/uploads\/makelaarsbord-bedrukken.png","contentUrl":"https:\/\/www.amstelprinting.nl\/wp-content\/uploads\/makelaarsbord-bedrukken.png","width":4578,"height":4578},{"@type":"BreadcrumbList","@id":"https:\/\/www.amstelprinting.nl\/fr\/boutique\/publicite-exterieure\/construction-et-amp-propriete\/panneau-immobilier\/#breadcrumb","itemListElement":[{"@type":"ListItem","position":1,"name":"","item":"https:\/\/www.amstelprinting.nl\/fr\/"},{"@type":"ListItem","position":2,"name":"Amstel Printing","item":"https:\/\/www.amstelprinting.nl\/fr\/boutique\/"},{"@type":"ListItem","position":3,"name":"Publicit\u00e9 ext\u00e9rieure","item":"https:\/\/www.amstelprinting.nl\/fr\/categorie\/publicite-exterieure\/"},{"@type":"ListItem","position":4,"name":"Construction et amp; propri\u00e9t\u00e9","item":"https:\/\/www.amstelprinting.nl\/fr\/categorie\/publicite-exterieure\/construction-et-amp-propriete\/"},{"@type":"ListItem","position":5,"name":"Panneau immobilier"}]},{"@type":"WebSite","@id":"https:\/\/www.amstelprinting.nl\/fr\/#website","url":"https:\/\/www.amstelprinting.nl\/fr\/","name":"Amstel Printing","description":"Creating Exposure","publisher":{"@id":"https:\/\/www.amstelprinting.nl\/fr\/#organization"},"potentialAction":[{"@type":"SearchAction","target":{"@type":"EntryPoint","urlTemplate":"https:\/\/www.amstelprinting.nl\/fr\/?s={search_term_string}"},"query-input":{"@type":"PropertyValueSpecification","valueRequired":true,"valueName":"search_term_string"}}],"inLanguage":"fr-FR"},{"@type":"Organization","@id":"https:\/\/www.amstelprinting.nl\/fr\/#organization","name":"Amstel Printing","url":"https:\/\/www.amstelprinting.nl\/fr\/","logo":{"@type":"ImageObject","inLanguage":"fr-FR","@id":"https:\/\/www.amstelprinting.nl\/fr\/#\/schema\/logo\/image\/","url":"https:\/\/www.amstelprinting.nl\/wp-content\/uploads\/amstel_printing_logo_clean.png","contentUrl":"https:\/\/www.amstelprinting.nl\/wp-content\/uploads\/amstel_printing_logo_clean.png","width":324,"height":73,"caption":"Amstel Printing"},"image":{"@id":"https:\/\/www.amstelprinting.nl\/fr\/#\/schema\/logo\/image\/"}}]}},"_links":{"self":[{"href":"https:\/\/www.amstelprinting.nl\/fr\/wp-json\/wp\/v2\/product\/13638","targetHints":{"allow":["GET"]}}],"collection":[{"href":"https:\/\/www.amstelprinting.nl\/fr\/wp-json\/wp\/v2\/product"}],"about":[{"href":"https:\/\/www.amstelprinting.nl\/fr\/wp-json\/wp\/v2\/types\/product"}],"wp:featuredmedia":[{"embeddable":true,"href":"https:\/\/www.amstelprinting.nl\/fr\/wp-json\/wp\/v2\/media\/13640"}],"wp:attachment":[{"href":"https:\/\/www.amstelprinting.nl\/fr\/wp-json\/wp\/v2\/media?parent=13638"}],"wp:term":[{"taxonomy":"product_brand","embeddable":true,"href":"https:\/\/www.amstelprinting.nl\/fr\/wp-json\/wp\/v2\/product_brand?post=13638"},{"taxonomy":"product_cat","embeddable":true,"href":"https:\/\/www.amstelprinting.nl\/fr\/wp-json\/wp\/v2\/product_cat?post=13638"},{"taxonomy":"product_tag","embeddable":true,"href":"https:\/\/www.amstelprinting.nl\/fr\/wp-json\/wp\/v2\/product_tag?post=13638"}],"curies":[{"name":"wp","href":"https:\/\/api.w.org\/{rel}","templated":true}]}}