{"id":13652,"date":"2025-01-24T11:35:36","date_gmt":"2025-01-24T10:35:36","guid":{"rendered":"https:\/\/www.amstelprinting.nl\/winkel\/non%20class\u00e9\/stoepborden-met-swingvoet\/"},"modified":"2026-02-18T12:50:41","modified_gmt":"2026-02-18T11:50:41","slug":"panneaux-de-trottoir-avec-base-pivotante","status":"publish","type":"product","link":"https:\/\/www.amstelprinting.nl\/fr\/boutique\/publicite-exterieure\/panneaux-daffichage\/panneaux-de-trottoir-avec-base-pivotante\/","title":{"rendered":"Panneaux de trottoir avec base pivotante"},"content":{"rendered":"<h3>Commander des panneaux de trottoir pas chers<\/h3>\n<p>Les panneaux de trottoir constituent un moyen efficace et \u00e9conomique de diffuser votre message. Le panneau de trottoir avec base pivotante est \u00e9quip\u00e9 de ressorts robustes dans la base, ce qui permet \u00e0 ce panneau de rester en place m\u00eame par vent fort.<\/p>\n<h3>Exposition maximale<\/h3>\n<p>Les passants ne peuvent pas manquer votre message. Le grand format (affiche A0 ou A1) permet en effet \u00e0 votre message de bien se d\u00e9marquer. Gr\u00e2ce au cadre clic-clac double face, votre visuel est \u00e9galement visible des deux c\u00f4t\u00e9s.<\/p>\n<h3>Longue dur\u00e9e de vie<\/h3>\n<p>Gr\u00e2ce aux cadres clic-clac en aluminium, vous pouvez changer d&rsquo;affiche rapidement et facilement. Ainsi, lors d&rsquo;une nouvelle promotion, vous n&rsquo;avez pas besoin d&rsquo;acheter un nouveau syst\u00e8me, mais vous pouvez simplement commander deux affiches \u00e0 bas prix.<\/p>\n<p>Attention ; nos panneaux de trottoir avec base pivotante sont \u00e9quip\u00e9s de cadres clic-clac r\u00e9sistants aux \u00e9claboussures. Une petite averse ne pose donc aucun probl\u00e8me. Vous pouvez commander un panneau de trottoir 100 % \u00e9tanche ici.<\/p>\n","protected":false},"excerpt":{"rendered":"<p>Panneau de trottoir r\u00e9sistant aux \u00e9claboussures pour deux affiches A0 ou A1.<\/p>\n","protected":false},"featured_media":13653,"template":"","meta":{"_et_pb_use_builder":"","_et_pb_old_content":"","_et_gb_content_width":""},"product_brand":[],"product_cat":[469,527,448],"product_tag":[],"class_list":{"0":"post-13652","1":"product","2":"type-product","3":"status-publish","4":"has-post-thumbnail","6":"product_cat-panneaux-daffichage","7":"product_cat-panneaux-de-trottoir","8":"product_cat-publicite-exterieure","10":"first","11":"instock","12":"taxable","13":"shipping-taxable","14":"purchasable","15":"product-type-simple"},"yoast_head":"<!-- This site is optimized with the Yoast SEO plugin v27.3 - https:\/\/yoast.com\/product\/yoast-seo-wordpress\/ -->\n<title>Panneaux de trottoir avec base pivotante | Amstel Printing<\/title>\n<meta name=\"robots\" content=\"index, follow, max-snippet:-1, max-image-preview:large, max-video-preview:-1\" \/>\n<link rel=\"canonical\" href=\"https:\/\/www.amstelprinting.nl\/fr\/boutique\/publicite-exterieure\/panneaux-daffichage\/panneaux-de-trottoir-avec-base-pivotante\/\" \/>\n<meta property=\"og:locale\" content=\"fr_FR\" \/>\n<meta property=\"og:type\" content=\"article\" \/>\n<meta property=\"og:title\" content=\"Panneaux de trottoir avec base pivotante | Amstel Printing\" \/>\n<meta property=\"og:description\" content=\"Panneau de trottoir r\u00e9sistant aux \u00e9claboussures pour deux affiches A0 ou A1.\" \/>\n<meta property=\"og:url\" content=\"https:\/\/www.amstelprinting.nl\/fr\/boutique\/publicite-exterieure\/panneaux-daffichage\/panneaux-de-trottoir-avec-base-pivotante\/\" \/>\n<meta property=\"og:site_name\" content=\"Amstel Printing\" \/>\n<meta property=\"article:modified_time\" content=\"2026-02-18T11:50:41+00:00\" \/>\n<meta property=\"og:image\" content=\"https:\/\/www.amstelprinting.nl\/wp-content\/uploads\/Stoepborden-swingvoet-bedrukken.png\" \/>\n\t<meta property=\"og:image:width\" content=\"700\" \/>\n\t<meta property=\"og:image:height\" content=\"700\" \/>\n\t<meta property=\"og:image:type\" content=\"image\/png\" \/>\n<meta name=\"twitter:card\" content=\"summary_large_image\" \/>\n<meta name=\"twitter:label1\" content=\"Dur\u00e9e de lecture estim\u00e9e\" \/>\n\t<meta name=\"twitter:data1\" content=\"1 minute\" \/>\n<script type=\"application\/ld+json\" class=\"yoast-schema-graph\">{\"@context\":\"https:\\\/\\\/schema.org\",\"@graph\":[{\"@type\":\"WebPage\",\"@id\":\"https:\\\/\\\/www.amstelprinting.nl\\\/fr\\\/boutique\\\/publicite-exterieure\\\/panneaux-daffichage\\\/panneaux-de-trottoir-avec-base-pivotante\\\/\",\"url\":\"https:\\\/\\\/www.amstelprinting.nl\\\/fr\\\/boutique\\\/publicite-exterieure\\\/panneaux-daffichage\\\/panneaux-de-trottoir-avec-base-pivotante\\\/\",\"name\":\"Panneaux de trottoir avec base pivotante | Amstel Printing\",\"isPartOf\":{\"@id\":\"https:\\\/\\\/www.amstelprinting.nl\\\/fr\\\/#website\"},\"primaryImageOfPage\":{\"@id\":\"https:\\\/\\\/www.amstelprinting.nl\\\/fr\\\/boutique\\\/publicite-exterieure\\\/panneaux-daffichage\\\/panneaux-de-trottoir-avec-base-pivotante\\\/#primaryimage\"},\"image\":{\"@id\":\"https:\\\/\\\/www.amstelprinting.nl\\\/fr\\\/boutique\\\/publicite-exterieure\\\/panneaux-daffichage\\\/panneaux-de-trottoir-avec-base-pivotante\\\/#primaryimage\"},\"thumbnailUrl\":\"https:\\\/\\\/www.amstelprinting.nl\\\/wp-content\\\/uploads\\\/Stoepborden-swingvoet-bedrukken.png\",\"datePublished\":\"2025-01-24T10:35:36+00:00\",\"dateModified\":\"2026-02-18T11:50:41+00:00\",\"breadcrumb\":{\"@id\":\"https:\\\/\\\/www.amstelprinting.nl\\\/fr\\\/boutique\\\/publicite-exterieure\\\/panneaux-daffichage\\\/panneaux-de-trottoir-avec-base-pivotante\\\/#breadcrumb\"},\"inLanguage\":\"fr-FR\",\"potentialAction\":[{\"@type\":\"ReadAction\",\"target\":[\"https:\\\/\\\/www.amstelprinting.nl\\\/fr\\\/boutique\\\/publicite-exterieure\\\/panneaux-daffichage\\\/panneaux-de-trottoir-avec-base-pivotante\\\/\"]}]},{\"@type\":\"ImageObject\",\"inLanguage\":\"fr-FR\",\"@id\":\"https:\\\/\\\/www.amstelprinting.nl\\\/fr\\\/boutique\\\/publicite-exterieure\\\/panneaux-daffichage\\\/panneaux-de-trottoir-avec-base-pivotante\\\/#primaryimage\",\"url\":\"https:\\\/\\\/www.amstelprinting.nl\\\/wp-content\\\/uploads\\\/Stoepborden-swingvoet-bedrukken.png\",\"contentUrl\":\"https:\\\/\\\/www.amstelprinting.nl\\\/wp-content\\\/uploads\\\/Stoepborden-swingvoet-bedrukken.png\",\"width\":700,\"height\":700},{\"@type\":\"BreadcrumbList\",\"@id\":\"https:\\\/\\\/www.amstelprinting.nl\\\/fr\\\/boutique\\\/publicite-exterieure\\\/panneaux-daffichage\\\/panneaux-de-trottoir-avec-base-pivotante\\\/#breadcrumb\",\"itemListElement\":[{\"@type\":\"ListItem\",\"position\":1,\"name\":\"\",\"item\":\"https:\\\/\\\/www.amstelprinting.nl\\\/fr\\\/\"},{\"@type\":\"ListItem\",\"position\":2,\"name\":\"Amstel Printing\",\"item\":\"https:\\\/\\\/www.amstelprinting.nl\\\/fr\\\/boutique\\\/\"},{\"@type\":\"ListItem\",\"position\":3,\"name\":\"Publicit\u00e9 ext\u00e9rieure\",\"item\":\"https:\\\/\\\/www.amstelprinting.nl\\\/fr\\\/categorie\\\/publicite-exterieure\\\/\"},{\"@type\":\"ListItem\",\"position\":4,\"name\":\"Panneaux d'affichage\",\"item\":\"https:\\\/\\\/www.amstelprinting.nl\\\/fr\\\/categorie\\\/publicite-exterieure\\\/panneaux-daffichage\\\/\"},{\"@type\":\"ListItem\",\"position\":5,\"name\":\"Panneaux de trottoir avec base pivotante\"}]},{\"@type\":\"WebSite\",\"@id\":\"https:\\\/\\\/www.amstelprinting.nl\\\/fr\\\/#website\",\"url\":\"https:\\\/\\\/www.amstelprinting.nl\\\/fr\\\/\",\"name\":\"Amstel Printing\",\"description\":\"Creating Exposure\",\"publisher\":{\"@id\":\"https:\\\/\\\/www.amstelprinting.nl\\\/fr\\\/#organization\"},\"potentialAction\":[{\"@type\":\"SearchAction\",\"target\":{\"@type\":\"EntryPoint\",\"urlTemplate\":\"https:\\\/\\\/www.amstelprinting.nl\\\/fr\\\/?s={search_term_string}\"},\"query-input\":{\"@type\":\"PropertyValueSpecification\",\"valueRequired\":true,\"valueName\":\"search_term_string\"}}],\"inLanguage\":\"fr-FR\"},{\"@type\":\"Organization\",\"@id\":\"https:\\\/\\\/www.amstelprinting.nl\\\/fr\\\/#organization\",\"name\":\"Amstel Printing\",\"url\":\"https:\\\/\\\/www.amstelprinting.nl\\\/fr\\\/\",\"logo\":{\"@type\":\"ImageObject\",\"inLanguage\":\"fr-FR\",\"@id\":\"https:\\\/\\\/www.amstelprinting.nl\\\/fr\\\/#\\\/schema\\\/logo\\\/image\\\/\",\"url\":\"https:\\\/\\\/www.amstelprinting.nl\\\/wp-content\\\/uploads\\\/amstel_printing_logo_clean.png\",\"contentUrl\":\"https:\\\/\\\/www.amstelprinting.nl\\\/wp-content\\\/uploads\\\/amstel_printing_logo_clean.png\",\"width\":324,\"height\":73,\"caption\":\"Amstel Printing\"},\"image\":{\"@id\":\"https:\\\/\\\/www.amstelprinting.nl\\\/fr\\\/#\\\/schema\\\/logo\\\/image\\\/\"}}]}<\/script>\n<!-- \/ Yoast SEO plugin. -->","yoast_head_json":{"title":"Panneaux de trottoir avec base pivotante | Amstel Printing","robots":{"index":"index","follow":"follow","max-snippet":"max-snippet:-1","max-image-preview":"max-image-preview:large","max-video-preview":"max-video-preview:-1"},"canonical":"https:\/\/www.amstelprinting.nl\/fr\/boutique\/publicite-exterieure\/panneaux-daffichage\/panneaux-de-trottoir-avec-base-pivotante\/","og_locale":"fr_FR","og_type":"article","og_title":"Panneaux de trottoir avec base pivotante | Amstel Printing","og_description":"Panneau de trottoir r\u00e9sistant aux \u00e9claboussures pour deux affiches A0 ou A1.","og_url":"https:\/\/www.amstelprinting.nl\/fr\/boutique\/publicite-exterieure\/panneaux-daffichage\/panneaux-de-trottoir-avec-base-pivotante\/","og_site_name":"Amstel Printing","article_modified_time":"2026-02-18T11:50:41+00:00","og_image":[{"width":700,"height":700,"url":"https:\/\/www.amstelprinting.nl\/wp-content\/uploads\/Stoepborden-swingvoet-bedrukken.png","type":"image\/png"}],"twitter_card":"summary_large_image","twitter_misc":{"Dur\u00e9e de lecture estim\u00e9e":"1 minute"},"schema":{"@context":"https:\/\/schema.org","@graph":[{"@type":"WebPage","@id":"https:\/\/www.amstelprinting.nl\/fr\/boutique\/publicite-exterieure\/panneaux-daffichage\/panneaux-de-trottoir-avec-base-pivotante\/","url":"https:\/\/www.amstelprinting.nl\/fr\/boutique\/publicite-exterieure\/panneaux-daffichage\/panneaux-de-trottoir-avec-base-pivotante\/","name":"Panneaux de trottoir avec base pivotante | Amstel Printing","isPartOf":{"@id":"https:\/\/www.amstelprinting.nl\/fr\/#website"},"primaryImageOfPage":{"@id":"https:\/\/www.amstelprinting.nl\/fr\/boutique\/publicite-exterieure\/panneaux-daffichage\/panneaux-de-trottoir-avec-base-pivotante\/#primaryimage"},"image":{"@id":"https:\/\/www.amstelprinting.nl\/fr\/boutique\/publicite-exterieure\/panneaux-daffichage\/panneaux-de-trottoir-avec-base-pivotante\/#primaryimage"},"thumbnailUrl":"https:\/\/www.amstelprinting.nl\/wp-content\/uploads\/Stoepborden-swingvoet-bedrukken.png","datePublished":"2025-01-24T10:35:36+00:00","dateModified":"2026-02-18T11:50:41+00:00","breadcrumb":{"@id":"https:\/\/www.amstelprinting.nl\/fr\/boutique\/publicite-exterieure\/panneaux-daffichage\/panneaux-de-trottoir-avec-base-pivotante\/#breadcrumb"},"inLanguage":"fr-FR","potentialAction":[{"@type":"ReadAction","target":["https:\/\/www.amstelprinting.nl\/fr\/boutique\/publicite-exterieure\/panneaux-daffichage\/panneaux-de-trottoir-avec-base-pivotante\/"]}]},{"@type":"ImageObject","inLanguage":"fr-FR","@id":"https:\/\/www.amstelprinting.nl\/fr\/boutique\/publicite-exterieure\/panneaux-daffichage\/panneaux-de-trottoir-avec-base-pivotante\/#primaryimage","url":"https:\/\/www.amstelprinting.nl\/wp-content\/uploads\/Stoepborden-swingvoet-bedrukken.png","contentUrl":"https:\/\/www.amstelprinting.nl\/wp-content\/uploads\/Stoepborden-swingvoet-bedrukken.png","width":700,"height":700},{"@type":"BreadcrumbList","@id":"https:\/\/www.amstelprinting.nl\/fr\/boutique\/publicite-exterieure\/panneaux-daffichage\/panneaux-de-trottoir-avec-base-pivotante\/#breadcrumb","itemListElement":[{"@type":"ListItem","position":1,"name":"","item":"https:\/\/www.amstelprinting.nl\/fr\/"},{"@type":"ListItem","position":2,"name":"Amstel Printing","item":"https:\/\/www.amstelprinting.nl\/fr\/boutique\/"},{"@type":"ListItem","position":3,"name":"Publicit\u00e9 ext\u00e9rieure","item":"https:\/\/www.amstelprinting.nl\/fr\/categorie\/publicite-exterieure\/"},{"@type":"ListItem","position":4,"name":"Panneaux d'affichage","item":"https:\/\/www.amstelprinting.nl\/fr\/categorie\/publicite-exterieure\/panneaux-daffichage\/"},{"@type":"ListItem","position":5,"name":"Panneaux de trottoir avec base pivotante"}]},{"@type":"WebSite","@id":"https:\/\/www.amstelprinting.nl\/fr\/#website","url":"https:\/\/www.amstelprinting.nl\/fr\/","name":"Amstel Printing","description":"Creating Exposure","publisher":{"@id":"https:\/\/www.amstelprinting.nl\/fr\/#organization"},"potentialAction":[{"@type":"SearchAction","target":{"@type":"EntryPoint","urlTemplate":"https:\/\/www.amstelprinting.nl\/fr\/?s={search_term_string}"},"query-input":{"@type":"PropertyValueSpecification","valueRequired":true,"valueName":"search_term_string"}}],"inLanguage":"fr-FR"},{"@type":"Organization","@id":"https:\/\/www.amstelprinting.nl\/fr\/#organization","name":"Amstel Printing","url":"https:\/\/www.amstelprinting.nl\/fr\/","logo":{"@type":"ImageObject","inLanguage":"fr-FR","@id":"https:\/\/www.amstelprinting.nl\/fr\/#\/schema\/logo\/image\/","url":"https:\/\/www.amstelprinting.nl\/wp-content\/uploads\/amstel_printing_logo_clean.png","contentUrl":"https:\/\/www.amstelprinting.nl\/wp-content\/uploads\/amstel_printing_logo_clean.png","width":324,"height":73,"caption":"Amstel Printing"},"image":{"@id":"https:\/\/www.amstelprinting.nl\/fr\/#\/schema\/logo\/image\/"}}]}},"_links":{"self":[{"href":"https:\/\/www.amstelprinting.nl\/fr\/wp-json\/wp\/v2\/product\/13652","targetHints":{"allow":["GET"]}}],"collection":[{"href":"https:\/\/www.amstelprinting.nl\/fr\/wp-json\/wp\/v2\/product"}],"about":[{"href":"https:\/\/www.amstelprinting.nl\/fr\/wp-json\/wp\/v2\/types\/product"}],"wp:featuredmedia":[{"embeddable":true,"href":"https:\/\/www.amstelprinting.nl\/fr\/wp-json\/wp\/v2\/media\/13653"}],"wp:attachment":[{"href":"https:\/\/www.amstelprinting.nl\/fr\/wp-json\/wp\/v2\/media?parent=13652"}],"wp:term":[{"taxonomy":"product_brand","embeddable":true,"href":"https:\/\/www.amstelprinting.nl\/fr\/wp-json\/wp\/v2\/product_brand?post=13652"},{"taxonomy":"product_cat","embeddable":true,"href":"https:\/\/www.amstelprinting.nl\/fr\/wp-json\/wp\/v2\/product_cat?post=13652"},{"taxonomy":"product_tag","embeddable":true,"href":"https:\/\/www.amstelprinting.nl\/fr\/wp-json\/wp\/v2\/product_tag?post=13652"}],"curies":[{"name":"wp","href":"https:\/\/api.w.org\/{rel}","templated":true}]}}