{"id":13662,"date":"2025-01-24T11:35:28","date_gmt":"2025-01-24T10:35:28","guid":{"rendered":"https:\/\/www.amstelprinting.nl\/winkel\/non%20class\u00e9\/stoepborden\/"},"modified":"2026-02-18T12:50:41","modified_gmt":"2026-02-18T11:50:41","slug":"chevalets-de-trottoir","status":"publish","type":"product","link":"https:\/\/www.amstelprinting.nl\/fr\/boutique\/publicite-exterieure\/panneaux-daffichage\/chevalets-de-trottoir\/","title":{"rendered":"Chevalets de trottoir"},"content":{"rendered":"<h3>Chevalets de trottoir pour affiches A0 ou A1<\/h3>\n<p>Le chevalet de trottoir est devenu un \u00e9l\u00e9ment incontournable du paysage urbain. Et pour cause ; les chevalets de trottoir sont extr\u00eamement efficaces gr\u00e2ce \u00e0 leur surface publicitaire relativement importante (affiches de format A0 ou A1). Gr\u00e2ce aux cadres clic-clac, les chevalets de trottoir sont durables. Lors d&rsquo;une nouvelle promotion ou communication, vous pouvez facilement et \u00e0 moindre co\u00fbt remplacer les affiches de votre chevalet de trottoir.<\/p>\n<p>Nous proposons des chevalets de trottoir pour tous les budgets. Voici les diff\u00e9rences selon le type de chevalet.<\/p>\n<h3>Chevalets pliables<\/h3>\n<ul>\n<li>Variante \u00e9conomique<\/li>\n<li>R\u00e9sistant aux \u00e9claboussures<\/li>\n<li>Format A1 uniquement<\/li>\n<li>Cadre clic-clac double face (pour 2 affiches A1)<\/li>\n<\/ul>\n<p>&nbsp;<\/p>\n<h3>Chevalets de trottoir avec r\u00e9servoir d&rsquo;eau<\/h3>\n<ul>\n<li>Base remplissable d&rsquo;eau pour une stabilit\u00e9 accrue<\/li>\n<li>100 % \u00e9tanche<\/li>\n<li>Format A0 ou A1<\/li>\n<li>Cadre clic-clac double face (pour 2 affiches A1 ou A0)<\/li>\n<\/ul>\n<p>&nbsp;<\/p>\n<h3>Chevalet de trottoir avec pied pivotant<\/h3>\n<ul>\n<li>R\u00e9sistant aux \u00e9claboussures<\/li>\n<li>Format A0 ou A1<\/li>\n<li>Cadre clic-clac double face (pour 2 affiches A1 ou A0)<\/li>\n<\/ul>\n","protected":false},"excerpt":{"rendered":"<p>Nos chevalets de trottoir sont des pr\u00e9sentoirs r\u00e9sistants aux \u00e9claboussures, adapt\u00e9s aux affiches A0 ou A1.<\/p>\n","protected":false},"featured_media":13663,"template":"","meta":{"_et_pb_use_builder":"","_et_pb_old_content":"","_et_gb_content_width":""},"product_brand":[],"product_cat":[469,527,448],"product_tag":[],"class_list":{"0":"post-13662","1":"product","2":"type-product","3":"status-publish","4":"has-post-thumbnail","6":"product_cat-panneaux-daffichage","7":"product_cat-panneaux-de-trottoir","8":"product_cat-publicite-exterieure","10":"first","11":"instock","12":"taxable","13":"shipping-taxable","14":"purchasable","15":"product-type-simple"},"yoast_head":"<!-- This site is optimized with the Yoast SEO plugin v27.3 - https:\/\/yoast.com\/product\/yoast-seo-wordpress\/ -->\n<title>Chevalets de trottoir | Amstel Printing<\/title>\n<meta name=\"robots\" content=\"index, follow, max-snippet:-1, max-image-preview:large, max-video-preview:-1\" \/>\n<link rel=\"canonical\" href=\"https:\/\/www.amstelprinting.nl\/fr\/boutique\/publicite-exterieure\/panneaux-daffichage\/chevalets-de-trottoir\/\" \/>\n<meta property=\"og:locale\" content=\"fr_FR\" \/>\n<meta property=\"og:type\" content=\"article\" \/>\n<meta property=\"og:title\" content=\"Chevalets de trottoir | Amstel Printing\" \/>\n<meta property=\"og:description\" content=\"Nos chevalets de trottoir sont des pr\u00e9sentoirs r\u00e9sistants aux \u00e9claboussures, adapt\u00e9s aux affiches A0 ou A1.\" \/>\n<meta property=\"og:url\" content=\"https:\/\/www.amstelprinting.nl\/fr\/boutique\/publicite-exterieure\/panneaux-daffichage\/chevalets-de-trottoir\/\" \/>\n<meta property=\"og:site_name\" content=\"Amstel Printing\" \/>\n<meta property=\"article:modified_time\" content=\"2026-02-18T11:50:41+00:00\" \/>\n<meta property=\"og:image\" content=\"https:\/\/www.amstelprinting.nl\/wp-content\/uploads\/stoepborden-algemeen.png\" \/>\n\t<meta property=\"og:image:width\" content=\"700\" \/>\n\t<meta property=\"og:image:height\" content=\"700\" \/>\n\t<meta property=\"og:image:type\" content=\"image\/png\" \/>\n<meta name=\"twitter:card\" content=\"summary_large_image\" \/>\n<meta name=\"twitter:label1\" content=\"Dur\u00e9e de lecture estim\u00e9e\" \/>\n\t<meta name=\"twitter:data1\" content=\"1 minute\" \/>\n<script type=\"application\/ld+json\" class=\"yoast-schema-graph\">{\"@context\":\"https:\\\/\\\/schema.org\",\"@graph\":[{\"@type\":\"WebPage\",\"@id\":\"https:\\\/\\\/www.amstelprinting.nl\\\/fr\\\/boutique\\\/publicite-exterieure\\\/panneaux-daffichage\\\/chevalets-de-trottoir\\\/\",\"url\":\"https:\\\/\\\/www.amstelprinting.nl\\\/fr\\\/boutique\\\/publicite-exterieure\\\/panneaux-daffichage\\\/chevalets-de-trottoir\\\/\",\"name\":\"Chevalets de trottoir | Amstel Printing\",\"isPartOf\":{\"@id\":\"https:\\\/\\\/www.amstelprinting.nl\\\/fr\\\/#website\"},\"primaryImageOfPage\":{\"@id\":\"https:\\\/\\\/www.amstelprinting.nl\\\/fr\\\/boutique\\\/publicite-exterieure\\\/panneaux-daffichage\\\/chevalets-de-trottoir\\\/#primaryimage\"},\"image\":{\"@id\":\"https:\\\/\\\/www.amstelprinting.nl\\\/fr\\\/boutique\\\/publicite-exterieure\\\/panneaux-daffichage\\\/chevalets-de-trottoir\\\/#primaryimage\"},\"thumbnailUrl\":\"https:\\\/\\\/www.amstelprinting.nl\\\/wp-content\\\/uploads\\\/stoepborden-algemeen.png\",\"datePublished\":\"2025-01-24T10:35:28+00:00\",\"dateModified\":\"2026-02-18T11:50:41+00:00\",\"breadcrumb\":{\"@id\":\"https:\\\/\\\/www.amstelprinting.nl\\\/fr\\\/boutique\\\/publicite-exterieure\\\/panneaux-daffichage\\\/chevalets-de-trottoir\\\/#breadcrumb\"},\"inLanguage\":\"fr-FR\",\"potentialAction\":[{\"@type\":\"ReadAction\",\"target\":[\"https:\\\/\\\/www.amstelprinting.nl\\\/fr\\\/boutique\\\/publicite-exterieure\\\/panneaux-daffichage\\\/chevalets-de-trottoir\\\/\"]}]},{\"@type\":\"ImageObject\",\"inLanguage\":\"fr-FR\",\"@id\":\"https:\\\/\\\/www.amstelprinting.nl\\\/fr\\\/boutique\\\/publicite-exterieure\\\/panneaux-daffichage\\\/chevalets-de-trottoir\\\/#primaryimage\",\"url\":\"https:\\\/\\\/www.amstelprinting.nl\\\/wp-content\\\/uploads\\\/stoepborden-algemeen.png\",\"contentUrl\":\"https:\\\/\\\/www.amstelprinting.nl\\\/wp-content\\\/uploads\\\/stoepborden-algemeen.png\",\"width\":700,\"height\":700},{\"@type\":\"BreadcrumbList\",\"@id\":\"https:\\\/\\\/www.amstelprinting.nl\\\/fr\\\/boutique\\\/publicite-exterieure\\\/panneaux-daffichage\\\/chevalets-de-trottoir\\\/#breadcrumb\",\"itemListElement\":[{\"@type\":\"ListItem\",\"position\":1,\"name\":\"\",\"item\":\"https:\\\/\\\/www.amstelprinting.nl\\\/fr\\\/\"},{\"@type\":\"ListItem\",\"position\":2,\"name\":\"Amstel Printing\",\"item\":\"https:\\\/\\\/www.amstelprinting.nl\\\/fr\\\/boutique\\\/\"},{\"@type\":\"ListItem\",\"position\":3,\"name\":\"Publicit\u00e9 ext\u00e9rieure\",\"item\":\"https:\\\/\\\/www.amstelprinting.nl\\\/fr\\\/categorie\\\/publicite-exterieure\\\/\"},{\"@type\":\"ListItem\",\"position\":4,\"name\":\"Panneaux d'affichage\",\"item\":\"https:\\\/\\\/www.amstelprinting.nl\\\/fr\\\/categorie\\\/publicite-exterieure\\\/panneaux-daffichage\\\/\"},{\"@type\":\"ListItem\",\"position\":5,\"name\":\"Chevalets de trottoir\"}]},{\"@type\":\"WebSite\",\"@id\":\"https:\\\/\\\/www.amstelprinting.nl\\\/fr\\\/#website\",\"url\":\"https:\\\/\\\/www.amstelprinting.nl\\\/fr\\\/\",\"name\":\"Amstel Printing\",\"description\":\"Creating Exposure\",\"publisher\":{\"@id\":\"https:\\\/\\\/www.amstelprinting.nl\\\/fr\\\/#organization\"},\"potentialAction\":[{\"@type\":\"SearchAction\",\"target\":{\"@type\":\"EntryPoint\",\"urlTemplate\":\"https:\\\/\\\/www.amstelprinting.nl\\\/fr\\\/?s={search_term_string}\"},\"query-input\":{\"@type\":\"PropertyValueSpecification\",\"valueRequired\":true,\"valueName\":\"search_term_string\"}}],\"inLanguage\":\"fr-FR\"},{\"@type\":\"Organization\",\"@id\":\"https:\\\/\\\/www.amstelprinting.nl\\\/fr\\\/#organization\",\"name\":\"Amstel Printing\",\"url\":\"https:\\\/\\\/www.amstelprinting.nl\\\/fr\\\/\",\"logo\":{\"@type\":\"ImageObject\",\"inLanguage\":\"fr-FR\",\"@id\":\"https:\\\/\\\/www.amstelprinting.nl\\\/fr\\\/#\\\/schema\\\/logo\\\/image\\\/\",\"url\":\"https:\\\/\\\/www.amstelprinting.nl\\\/wp-content\\\/uploads\\\/amstel_printing_logo_clean.png\",\"contentUrl\":\"https:\\\/\\\/www.amstelprinting.nl\\\/wp-content\\\/uploads\\\/amstel_printing_logo_clean.png\",\"width\":324,\"height\":73,\"caption\":\"Amstel Printing\"},\"image\":{\"@id\":\"https:\\\/\\\/www.amstelprinting.nl\\\/fr\\\/#\\\/schema\\\/logo\\\/image\\\/\"}}]}<\/script>\n<!-- \/ Yoast SEO plugin. -->","yoast_head_json":{"title":"Chevalets de trottoir | Amstel Printing","robots":{"index":"index","follow":"follow","max-snippet":"max-snippet:-1","max-image-preview":"max-image-preview:large","max-video-preview":"max-video-preview:-1"},"canonical":"https:\/\/www.amstelprinting.nl\/fr\/boutique\/publicite-exterieure\/panneaux-daffichage\/chevalets-de-trottoir\/","og_locale":"fr_FR","og_type":"article","og_title":"Chevalets de trottoir | Amstel Printing","og_description":"Nos chevalets de trottoir sont des pr\u00e9sentoirs r\u00e9sistants aux \u00e9claboussures, adapt\u00e9s aux affiches A0 ou A1.","og_url":"https:\/\/www.amstelprinting.nl\/fr\/boutique\/publicite-exterieure\/panneaux-daffichage\/chevalets-de-trottoir\/","og_site_name":"Amstel Printing","article_modified_time":"2026-02-18T11:50:41+00:00","og_image":[{"width":700,"height":700,"url":"https:\/\/www.amstelprinting.nl\/wp-content\/uploads\/stoepborden-algemeen.png","type":"image\/png"}],"twitter_card":"summary_large_image","twitter_misc":{"Dur\u00e9e de lecture estim\u00e9e":"1 minute"},"schema":{"@context":"https:\/\/schema.org","@graph":[{"@type":"WebPage","@id":"https:\/\/www.amstelprinting.nl\/fr\/boutique\/publicite-exterieure\/panneaux-daffichage\/chevalets-de-trottoir\/","url":"https:\/\/www.amstelprinting.nl\/fr\/boutique\/publicite-exterieure\/panneaux-daffichage\/chevalets-de-trottoir\/","name":"Chevalets de trottoir | Amstel Printing","isPartOf":{"@id":"https:\/\/www.amstelprinting.nl\/fr\/#website"},"primaryImageOfPage":{"@id":"https:\/\/www.amstelprinting.nl\/fr\/boutique\/publicite-exterieure\/panneaux-daffichage\/chevalets-de-trottoir\/#primaryimage"},"image":{"@id":"https:\/\/www.amstelprinting.nl\/fr\/boutique\/publicite-exterieure\/panneaux-daffichage\/chevalets-de-trottoir\/#primaryimage"},"thumbnailUrl":"https:\/\/www.amstelprinting.nl\/wp-content\/uploads\/stoepborden-algemeen.png","datePublished":"2025-01-24T10:35:28+00:00","dateModified":"2026-02-18T11:50:41+00:00","breadcrumb":{"@id":"https:\/\/www.amstelprinting.nl\/fr\/boutique\/publicite-exterieure\/panneaux-daffichage\/chevalets-de-trottoir\/#breadcrumb"},"inLanguage":"fr-FR","potentialAction":[{"@type":"ReadAction","target":["https:\/\/www.amstelprinting.nl\/fr\/boutique\/publicite-exterieure\/panneaux-daffichage\/chevalets-de-trottoir\/"]}]},{"@type":"ImageObject","inLanguage":"fr-FR","@id":"https:\/\/www.amstelprinting.nl\/fr\/boutique\/publicite-exterieure\/panneaux-daffichage\/chevalets-de-trottoir\/#primaryimage","url":"https:\/\/www.amstelprinting.nl\/wp-content\/uploads\/stoepborden-algemeen.png","contentUrl":"https:\/\/www.amstelprinting.nl\/wp-content\/uploads\/stoepborden-algemeen.png","width":700,"height":700},{"@type":"BreadcrumbList","@id":"https:\/\/www.amstelprinting.nl\/fr\/boutique\/publicite-exterieure\/panneaux-daffichage\/chevalets-de-trottoir\/#breadcrumb","itemListElement":[{"@type":"ListItem","position":1,"name":"","item":"https:\/\/www.amstelprinting.nl\/fr\/"},{"@type":"ListItem","position":2,"name":"Amstel Printing","item":"https:\/\/www.amstelprinting.nl\/fr\/boutique\/"},{"@type":"ListItem","position":3,"name":"Publicit\u00e9 ext\u00e9rieure","item":"https:\/\/www.amstelprinting.nl\/fr\/categorie\/publicite-exterieure\/"},{"@type":"ListItem","position":4,"name":"Panneaux d'affichage","item":"https:\/\/www.amstelprinting.nl\/fr\/categorie\/publicite-exterieure\/panneaux-daffichage\/"},{"@type":"ListItem","position":5,"name":"Chevalets de trottoir"}]},{"@type":"WebSite","@id":"https:\/\/www.amstelprinting.nl\/fr\/#website","url":"https:\/\/www.amstelprinting.nl\/fr\/","name":"Amstel Printing","description":"Creating Exposure","publisher":{"@id":"https:\/\/www.amstelprinting.nl\/fr\/#organization"},"potentialAction":[{"@type":"SearchAction","target":{"@type":"EntryPoint","urlTemplate":"https:\/\/www.amstelprinting.nl\/fr\/?s={search_term_string}"},"query-input":{"@type":"PropertyValueSpecification","valueRequired":true,"valueName":"search_term_string"}}],"inLanguage":"fr-FR"},{"@type":"Organization","@id":"https:\/\/www.amstelprinting.nl\/fr\/#organization","name":"Amstel Printing","url":"https:\/\/www.amstelprinting.nl\/fr\/","logo":{"@type":"ImageObject","inLanguage":"fr-FR","@id":"https:\/\/www.amstelprinting.nl\/fr\/#\/schema\/logo\/image\/","url":"https:\/\/www.amstelprinting.nl\/wp-content\/uploads\/amstel_printing_logo_clean.png","contentUrl":"https:\/\/www.amstelprinting.nl\/wp-content\/uploads\/amstel_printing_logo_clean.png","width":324,"height":73,"caption":"Amstel Printing"},"image":{"@id":"https:\/\/www.amstelprinting.nl\/fr\/#\/schema\/logo\/image\/"}}]}},"_links":{"self":[{"href":"https:\/\/www.amstelprinting.nl\/fr\/wp-json\/wp\/v2\/product\/13662","targetHints":{"allow":["GET"]}}],"collection":[{"href":"https:\/\/www.amstelprinting.nl\/fr\/wp-json\/wp\/v2\/product"}],"about":[{"href":"https:\/\/www.amstelprinting.nl\/fr\/wp-json\/wp\/v2\/types\/product"}],"wp:featuredmedia":[{"embeddable":true,"href":"https:\/\/www.amstelprinting.nl\/fr\/wp-json\/wp\/v2\/media\/13663"}],"wp:attachment":[{"href":"https:\/\/www.amstelprinting.nl\/fr\/wp-json\/wp\/v2\/media?parent=13662"}],"wp:term":[{"taxonomy":"product_brand","embeddable":true,"href":"https:\/\/www.amstelprinting.nl\/fr\/wp-json\/wp\/v2\/product_brand?post=13662"},{"taxonomy":"product_cat","embeddable":true,"href":"https:\/\/www.amstelprinting.nl\/fr\/wp-json\/wp\/v2\/product_cat?post=13662"},{"taxonomy":"product_tag","embeddable":true,"href":"https:\/\/www.amstelprinting.nl\/fr\/wp-json\/wp\/v2\/product_tag?post=13662"}],"curies":[{"name":"wp","href":"https:\/\/api.w.org\/{rel}","templated":true}]}}