{"id":13682,"date":"2025-01-24T11:35:11","date_gmt":"2025-01-24T10:35:11","guid":{"rendered":"https:\/\/www.amstelprinting.nl\/winkel\/non%20class\u00e9\/lantaarnpaalbord\/"},"modified":"2026-02-18T12:50:43","modified_gmt":"2026-02-18T11:50:43","slug":"panneau-pour-lampadaire","status":"publish","type":"product","link":"https:\/\/www.amstelprinting.nl\/fr\/boutique\/publicite-exterieure\/panneaux-daffichage\/panneau-pour-lampadaire\/","title":{"rendered":"Panneau pour lampadaire"},"content":{"rendered":"<h3>Format du panneau pour lampadaire<\/h3>\n<p>Le panneau pour lampadaire est disponible en 3 formats standard. Dans le configurateur, vous pouvez s\u00e9lectionner le format de votre choix.<\/p>\n<p><strong>140 x 100 cm<\/strong><br \/>\nC&rsquo;est le format du mod\u00e8le. La taille visible finale est de 70 x 100 cm.<\/p>\n<p><strong>120 x 80 cm<\/strong><br \/>\nC&rsquo;est le format du mod\u00e8le. La taille visible finale est de 60 x 80 cm.<\/p>\n<p><strong>170 x 120 cm<\/strong><br \/>\nC&rsquo;est le format du mod\u00e8le. La taille visible finale est de 85 x 120 cm.<\/p>\n<h3>Installer le panneau pour lampadaire<\/h3>\n<p>Par d\u00e9faut, nous munissons le panneau imprim\u00e9 pour lampadaire de trous. Gr\u00e2ce \u00e0 ces trous, vous pouvez facilement monter le panneau imprim\u00e9 avec des serre-c\u00e2bles (disponibles en option).<\/p>\n<h3>Panneaux \u00e9lectoraux<\/h3>\n<p>Ce n&rsquo;est pas pour rien que les panneaux pour lampadaires sont aussi appel\u00e9s panneaux \u00e9lectoraux. En p\u00e9riode \u00e9lectorale, ces panneaux imprim\u00e9s sont massivement utilis\u00e9s pour la promotion des partis politiques.<\/p>\n<h3>Mat\u00e9riau et propri\u00e9t\u00e9s<\/h3>\n<p>Le polypropyl\u00e8ne alv\u00e9olaire, \u00e9galement connu sous le nom de Polyprop, a une \u00e9paisseur de 3,5 mm et contient des cannelures, ce qui le rend facile \u00e0 plier. Ce mat\u00e9riau l\u00e9ger et robuste est id\u00e9al pour les applications int\u00e9rieures et ext\u00e9rieures.<\/p>\n","protected":false},"excerpt":{"rendered":"<p>Les panneaux pour lampadaires sont \u00e9galement appel\u00e9s panneaux sandwich ou panneaux \u00e9lectoraux. Un panneau pour lampadaire imprim\u00e9 est peu co\u00fbteux et peut \u00eatre utilis\u00e9 efficacement le long de la route.<\/p>\n","protected":false},"featured_media":13683,"template":"","meta":{"_et_pb_use_builder":"","_et_pb_old_content":"","_et_gb_content_width":""},"product_brand":[],"product_cat":[469,448],"product_tag":[],"class_list":{"0":"post-13682","1":"product","2":"type-product","3":"status-publish","4":"has-post-thumbnail","6":"product_cat-panneaux-daffichage","7":"product_cat-publicite-exterieure","9":"first","10":"instock","11":"taxable","12":"shipping-taxable","13":"purchasable","14":"product-type-simple"},"yoast_head":"<!-- This site is optimized with the Yoast SEO plugin v27.3 - https:\/\/yoast.com\/product\/yoast-seo-wordpress\/ -->\n<title>Panneau pour lampadaire | Amstel Printing<\/title>\n<meta name=\"robots\" content=\"index, follow, max-snippet:-1, max-image-preview:large, max-video-preview:-1\" \/>\n<link rel=\"canonical\" href=\"https:\/\/www.amstelprinting.nl\/fr\/boutique\/publicite-exterieure\/panneaux-daffichage\/panneau-pour-lampadaire\/\" \/>\n<meta property=\"og:locale\" content=\"fr_FR\" \/>\n<meta property=\"og:type\" content=\"article\" \/>\n<meta property=\"og:title\" content=\"Panneau pour lampadaire | Amstel Printing\" \/>\n<meta property=\"og:description\" content=\"Les panneaux pour lampadaires sont \u00e9galement appel\u00e9s panneaux sandwich ou panneaux \u00e9lectoraux. Un panneau pour lampadaire imprim\u00e9 est peu co\u00fbteux et peut \u00eatre utilis\u00e9 efficacement le long de la route.\" \/>\n<meta property=\"og:url\" content=\"https:\/\/www.amstelprinting.nl\/fr\/boutique\/publicite-exterieure\/panneaux-daffichage\/panneau-pour-lampadaire\/\" \/>\n<meta property=\"og:site_name\" content=\"Amstel Printing\" \/>\n<meta property=\"article:modified_time\" content=\"2026-02-18T11:50:43+00:00\" \/>\n<meta property=\"og:image\" content=\"https:\/\/www.amstelprinting.nl\/wp-content\/uploads\/Lantaarnpaalbord-bedrukken.png\" \/>\n\t<meta property=\"og:image:width\" content=\"700\" \/>\n\t<meta property=\"og:image:height\" content=\"700\" \/>\n\t<meta property=\"og:image:type\" content=\"image\/png\" \/>\n<meta name=\"twitter:card\" content=\"summary_large_image\" \/>\n<meta name=\"twitter:label1\" content=\"Dur\u00e9e de lecture estim\u00e9e\" \/>\n\t<meta name=\"twitter:data1\" content=\"1 minute\" \/>\n<script type=\"application\/ld+json\" class=\"yoast-schema-graph\">{\"@context\":\"https:\\\/\\\/schema.org\",\"@graph\":[{\"@type\":\"WebPage\",\"@id\":\"https:\\\/\\\/www.amstelprinting.nl\\\/fr\\\/boutique\\\/publicite-exterieure\\\/panneaux-daffichage\\\/panneau-pour-lampadaire\\\/\",\"url\":\"https:\\\/\\\/www.amstelprinting.nl\\\/fr\\\/boutique\\\/publicite-exterieure\\\/panneaux-daffichage\\\/panneau-pour-lampadaire\\\/\",\"name\":\"Panneau pour lampadaire | Amstel Printing\",\"isPartOf\":{\"@id\":\"https:\\\/\\\/www.amstelprinting.nl\\\/fr\\\/#website\"},\"primaryImageOfPage\":{\"@id\":\"https:\\\/\\\/www.amstelprinting.nl\\\/fr\\\/boutique\\\/publicite-exterieure\\\/panneaux-daffichage\\\/panneau-pour-lampadaire\\\/#primaryimage\"},\"image\":{\"@id\":\"https:\\\/\\\/www.amstelprinting.nl\\\/fr\\\/boutique\\\/publicite-exterieure\\\/panneaux-daffichage\\\/panneau-pour-lampadaire\\\/#primaryimage\"},\"thumbnailUrl\":\"https:\\\/\\\/www.amstelprinting.nl\\\/wp-content\\\/uploads\\\/Lantaarnpaalbord-bedrukken.png\",\"datePublished\":\"2025-01-24T10:35:11+00:00\",\"dateModified\":\"2026-02-18T11:50:43+00:00\",\"breadcrumb\":{\"@id\":\"https:\\\/\\\/www.amstelprinting.nl\\\/fr\\\/boutique\\\/publicite-exterieure\\\/panneaux-daffichage\\\/panneau-pour-lampadaire\\\/#breadcrumb\"},\"inLanguage\":\"fr-FR\",\"potentialAction\":[{\"@type\":\"ReadAction\",\"target\":[\"https:\\\/\\\/www.amstelprinting.nl\\\/fr\\\/boutique\\\/publicite-exterieure\\\/panneaux-daffichage\\\/panneau-pour-lampadaire\\\/\"]}]},{\"@type\":\"ImageObject\",\"inLanguage\":\"fr-FR\",\"@id\":\"https:\\\/\\\/www.amstelprinting.nl\\\/fr\\\/boutique\\\/publicite-exterieure\\\/panneaux-daffichage\\\/panneau-pour-lampadaire\\\/#primaryimage\",\"url\":\"https:\\\/\\\/www.amstelprinting.nl\\\/wp-content\\\/uploads\\\/Lantaarnpaalbord-bedrukken.png\",\"contentUrl\":\"https:\\\/\\\/www.amstelprinting.nl\\\/wp-content\\\/uploads\\\/Lantaarnpaalbord-bedrukken.png\",\"width\":700,\"height\":700},{\"@type\":\"BreadcrumbList\",\"@id\":\"https:\\\/\\\/www.amstelprinting.nl\\\/fr\\\/boutique\\\/publicite-exterieure\\\/panneaux-daffichage\\\/panneau-pour-lampadaire\\\/#breadcrumb\",\"itemListElement\":[{\"@type\":\"ListItem\",\"position\":1,\"name\":\"\",\"item\":\"https:\\\/\\\/www.amstelprinting.nl\\\/fr\\\/\"},{\"@type\":\"ListItem\",\"position\":2,\"name\":\"Amstel Printing\",\"item\":\"https:\\\/\\\/www.amstelprinting.nl\\\/fr\\\/boutique\\\/\"},{\"@type\":\"ListItem\",\"position\":3,\"name\":\"Publicit\u00e9 ext\u00e9rieure\",\"item\":\"https:\\\/\\\/www.amstelprinting.nl\\\/fr\\\/categorie\\\/publicite-exterieure\\\/\"},{\"@type\":\"ListItem\",\"position\":4,\"name\":\"Panneaux d'affichage\",\"item\":\"https:\\\/\\\/www.amstelprinting.nl\\\/fr\\\/categorie\\\/publicite-exterieure\\\/panneaux-daffichage\\\/\"},{\"@type\":\"ListItem\",\"position\":5,\"name\":\"Panneau pour lampadaire\"}]},{\"@type\":\"WebSite\",\"@id\":\"https:\\\/\\\/www.amstelprinting.nl\\\/fr\\\/#website\",\"url\":\"https:\\\/\\\/www.amstelprinting.nl\\\/fr\\\/\",\"name\":\"Amstel Printing\",\"description\":\"Creating Exposure\",\"publisher\":{\"@id\":\"https:\\\/\\\/www.amstelprinting.nl\\\/fr\\\/#organization\"},\"potentialAction\":[{\"@type\":\"SearchAction\",\"target\":{\"@type\":\"EntryPoint\",\"urlTemplate\":\"https:\\\/\\\/www.amstelprinting.nl\\\/fr\\\/?s={search_term_string}\"},\"query-input\":{\"@type\":\"PropertyValueSpecification\",\"valueRequired\":true,\"valueName\":\"search_term_string\"}}],\"inLanguage\":\"fr-FR\"},{\"@type\":\"Organization\",\"@id\":\"https:\\\/\\\/www.amstelprinting.nl\\\/fr\\\/#organization\",\"name\":\"Amstel Printing\",\"url\":\"https:\\\/\\\/www.amstelprinting.nl\\\/fr\\\/\",\"logo\":{\"@type\":\"ImageObject\",\"inLanguage\":\"fr-FR\",\"@id\":\"https:\\\/\\\/www.amstelprinting.nl\\\/fr\\\/#\\\/schema\\\/logo\\\/image\\\/\",\"url\":\"https:\\\/\\\/www.amstelprinting.nl\\\/wp-content\\\/uploads\\\/amstel_printing_logo_clean.png\",\"contentUrl\":\"https:\\\/\\\/www.amstelprinting.nl\\\/wp-content\\\/uploads\\\/amstel_printing_logo_clean.png\",\"width\":324,\"height\":73,\"caption\":\"Amstel Printing\"},\"image\":{\"@id\":\"https:\\\/\\\/www.amstelprinting.nl\\\/fr\\\/#\\\/schema\\\/logo\\\/image\\\/\"}}]}<\/script>\n<!-- \/ Yoast SEO plugin. -->","yoast_head_json":{"title":"Panneau pour lampadaire | Amstel Printing","robots":{"index":"index","follow":"follow","max-snippet":"max-snippet:-1","max-image-preview":"max-image-preview:large","max-video-preview":"max-video-preview:-1"},"canonical":"https:\/\/www.amstelprinting.nl\/fr\/boutique\/publicite-exterieure\/panneaux-daffichage\/panneau-pour-lampadaire\/","og_locale":"fr_FR","og_type":"article","og_title":"Panneau pour lampadaire | Amstel Printing","og_description":"Les panneaux pour lampadaires sont \u00e9galement appel\u00e9s panneaux sandwich ou panneaux \u00e9lectoraux. Un panneau pour lampadaire imprim\u00e9 est peu co\u00fbteux et peut \u00eatre utilis\u00e9 efficacement le long de la route.","og_url":"https:\/\/www.amstelprinting.nl\/fr\/boutique\/publicite-exterieure\/panneaux-daffichage\/panneau-pour-lampadaire\/","og_site_name":"Amstel Printing","article_modified_time":"2026-02-18T11:50:43+00:00","og_image":[{"width":700,"height":700,"url":"https:\/\/www.amstelprinting.nl\/wp-content\/uploads\/Lantaarnpaalbord-bedrukken.png","type":"image\/png"}],"twitter_card":"summary_large_image","twitter_misc":{"Dur\u00e9e de lecture estim\u00e9e":"1 minute"},"schema":{"@context":"https:\/\/schema.org","@graph":[{"@type":"WebPage","@id":"https:\/\/www.amstelprinting.nl\/fr\/boutique\/publicite-exterieure\/panneaux-daffichage\/panneau-pour-lampadaire\/","url":"https:\/\/www.amstelprinting.nl\/fr\/boutique\/publicite-exterieure\/panneaux-daffichage\/panneau-pour-lampadaire\/","name":"Panneau pour lampadaire | Amstel Printing","isPartOf":{"@id":"https:\/\/www.amstelprinting.nl\/fr\/#website"},"primaryImageOfPage":{"@id":"https:\/\/www.amstelprinting.nl\/fr\/boutique\/publicite-exterieure\/panneaux-daffichage\/panneau-pour-lampadaire\/#primaryimage"},"image":{"@id":"https:\/\/www.amstelprinting.nl\/fr\/boutique\/publicite-exterieure\/panneaux-daffichage\/panneau-pour-lampadaire\/#primaryimage"},"thumbnailUrl":"https:\/\/www.amstelprinting.nl\/wp-content\/uploads\/Lantaarnpaalbord-bedrukken.png","datePublished":"2025-01-24T10:35:11+00:00","dateModified":"2026-02-18T11:50:43+00:00","breadcrumb":{"@id":"https:\/\/www.amstelprinting.nl\/fr\/boutique\/publicite-exterieure\/panneaux-daffichage\/panneau-pour-lampadaire\/#breadcrumb"},"inLanguage":"fr-FR","potentialAction":[{"@type":"ReadAction","target":["https:\/\/www.amstelprinting.nl\/fr\/boutique\/publicite-exterieure\/panneaux-daffichage\/panneau-pour-lampadaire\/"]}]},{"@type":"ImageObject","inLanguage":"fr-FR","@id":"https:\/\/www.amstelprinting.nl\/fr\/boutique\/publicite-exterieure\/panneaux-daffichage\/panneau-pour-lampadaire\/#primaryimage","url":"https:\/\/www.amstelprinting.nl\/wp-content\/uploads\/Lantaarnpaalbord-bedrukken.png","contentUrl":"https:\/\/www.amstelprinting.nl\/wp-content\/uploads\/Lantaarnpaalbord-bedrukken.png","width":700,"height":700},{"@type":"BreadcrumbList","@id":"https:\/\/www.amstelprinting.nl\/fr\/boutique\/publicite-exterieure\/panneaux-daffichage\/panneau-pour-lampadaire\/#breadcrumb","itemListElement":[{"@type":"ListItem","position":1,"name":"","item":"https:\/\/www.amstelprinting.nl\/fr\/"},{"@type":"ListItem","position":2,"name":"Amstel Printing","item":"https:\/\/www.amstelprinting.nl\/fr\/boutique\/"},{"@type":"ListItem","position":3,"name":"Publicit\u00e9 ext\u00e9rieure","item":"https:\/\/www.amstelprinting.nl\/fr\/categorie\/publicite-exterieure\/"},{"@type":"ListItem","position":4,"name":"Panneaux d'affichage","item":"https:\/\/www.amstelprinting.nl\/fr\/categorie\/publicite-exterieure\/panneaux-daffichage\/"},{"@type":"ListItem","position":5,"name":"Panneau pour lampadaire"}]},{"@type":"WebSite","@id":"https:\/\/www.amstelprinting.nl\/fr\/#website","url":"https:\/\/www.amstelprinting.nl\/fr\/","name":"Amstel Printing","description":"Creating Exposure","publisher":{"@id":"https:\/\/www.amstelprinting.nl\/fr\/#organization"},"potentialAction":[{"@type":"SearchAction","target":{"@type":"EntryPoint","urlTemplate":"https:\/\/www.amstelprinting.nl\/fr\/?s={search_term_string}"},"query-input":{"@type":"PropertyValueSpecification","valueRequired":true,"valueName":"search_term_string"}}],"inLanguage":"fr-FR"},{"@type":"Organization","@id":"https:\/\/www.amstelprinting.nl\/fr\/#organization","name":"Amstel Printing","url":"https:\/\/www.amstelprinting.nl\/fr\/","logo":{"@type":"ImageObject","inLanguage":"fr-FR","@id":"https:\/\/www.amstelprinting.nl\/fr\/#\/schema\/logo\/image\/","url":"https:\/\/www.amstelprinting.nl\/wp-content\/uploads\/amstel_printing_logo_clean.png","contentUrl":"https:\/\/www.amstelprinting.nl\/wp-content\/uploads\/amstel_printing_logo_clean.png","width":324,"height":73,"caption":"Amstel Printing"},"image":{"@id":"https:\/\/www.amstelprinting.nl\/fr\/#\/schema\/logo\/image\/"}}]}},"_links":{"self":[{"href":"https:\/\/www.amstelprinting.nl\/fr\/wp-json\/wp\/v2\/product\/13682","targetHints":{"allow":["GET"]}}],"collection":[{"href":"https:\/\/www.amstelprinting.nl\/fr\/wp-json\/wp\/v2\/product"}],"about":[{"href":"https:\/\/www.amstelprinting.nl\/fr\/wp-json\/wp\/v2\/types\/product"}],"wp:featuredmedia":[{"embeddable":true,"href":"https:\/\/www.amstelprinting.nl\/fr\/wp-json\/wp\/v2\/media\/13683"}],"wp:attachment":[{"href":"https:\/\/www.amstelprinting.nl\/fr\/wp-json\/wp\/v2\/media?parent=13682"}],"wp:term":[{"taxonomy":"product_brand","embeddable":true,"href":"https:\/\/www.amstelprinting.nl\/fr\/wp-json\/wp\/v2\/product_brand?post=13682"},{"taxonomy":"product_cat","embeddable":true,"href":"https:\/\/www.amstelprinting.nl\/fr\/wp-json\/wp\/v2\/product_cat?post=13682"},{"taxonomy":"product_tag","embeddable":true,"href":"https:\/\/www.amstelprinting.nl\/fr\/wp-json\/wp\/v2\/product_tag?post=13682"}],"curies":[{"name":"wp","href":"https:\/\/api.w.org\/{rel}","templated":true}]}}