{"id":13692,"date":"2025-01-24T11:35:04","date_gmt":"2025-01-24T10:35:04","guid":{"rendered":"https:\/\/www.amstelprinting.nl\/winkel\/non%20class\u00e9\/bouwbord\/"},"modified":"2026-02-18T12:50:44","modified_gmt":"2026-02-18T11:50:44","slug":"panneau-de-chantier","status":"publish","type":"product","link":"https:\/\/www.amstelprinting.nl\/fr\/boutique\/publicite-exterieure\/construction-et-amp-propriete\/panneau-de-chantier\/","title":{"rendered":"Panneau de chantier"},"content":{"rendered":"<p>Les panneaux de chantier imprim\u00e9s sont indispensables pour les projets de construction de renom. Informez ou promouvez votre projet de construction ou vos plans de r\u00e9novation gr\u00e2ce \u00e0 un panneau de chantier clair, robuste et de qualit\u00e9.<\/p>\n<h3>Panneau de chantier : choisissez le bon mat\u00e9riau<\/h3>\n<p>Nos panneaux de chantier sont fabriqu\u00e9s en Forex\u00ae, Dibond\u00ae, plaques alv\u00e9olaires ou plaques HPL. Chaque mat\u00e9riau poss\u00e8de des propri\u00e9t\u00e9s diff\u00e9rentes. Vous trouverez ci-dessous un aper\u00e7u afin que vous puissiez facilement commander le bon panneau de chantier.<\/p>\n<ul>\n<li><strong>Forex\u00ae<\/strong> &#8211; Panneau l\u00e9ger en PVC expans\u00e9, id\u00e9al pour une utilisation en int\u00e9rieur.<\/li>\n<li><strong>Dibond\u00ae<\/strong> &#8211; Panneau avec noyau en aluminium et couche sup\u00e9rieure blanche. Stable, pour une utilisation int\u00e9rieure et ext\u00e9rieure.<\/li>\n<li><strong>Dibond\u00ae XL<\/strong> &#8211; Dibond 3 mm pour des panneaux extra larges d&rsquo;un seul tenant (max. 196&#215;400 cm).<\/li>\n<li><strong>Plaque alv\u00e9olaire<\/strong> &#8211; Plaque alv\u00e9olaire en plastique pour une utilisation int\u00e9rieure et ext\u00e9rieure. Convient \u00e9galement pour le pliage.<\/li>\n<\/ul>\n<p>&nbsp;<\/p>\n<h3>Mat\u00e9riaux durables<\/h3>\n<ul>\n<li><strong>Sign Again\u00ae <\/strong>&#8211; Mat\u00e9riau circulaire fabriqu\u00e9 \u00e0 partir de banni\u00e8res usag\u00e9es et de chutes de d\u00e9coupe. Convient pour l&rsquo;int\u00e9rieur et l&rsquo;ext\u00e9rieur, r\u00e9sistant aux chocs et flexible.<\/li>\n<li><strong>Easyprint<\/strong> &#8211; Mat\u00e9riau en plaque l\u00e9ger et robuste en polypropyl\u00e8ne<\/li>\n<li><strong>HPL<\/strong> &#8211; Panneau HPL tr\u00e8s r\u00e9sistant avec noyau brun et couche sup\u00e9rieure blanche. Pour une utilisation int\u00e9rieure et ext\u00e9rieure.<\/li>\n<\/ul>\n","protected":false},"excerpt":{"rendered":"<h3>Panneau publicitaire grand format pour l&rsquo;ext\u00e9rieur<\/h3>\n<p>Vous \u00eates un entrepreneur, un agent immobilier ou un promoteur immobilier \u00e0 la recherche d&rsquo;un panneau de chantier ?<br \/>\nInformez le voisinage de votre projet de construction avec un panneau de chantier imprim\u00e9. Configurez votre panneau de chantier imprim\u00e9 en quelques \u00e9tapes ci-dessous.<\/p>\n","protected":false},"featured_media":25251,"template":"","meta":{"_et_pb_use_builder":"","_et_pb_old_content":"","_et_gb_content_width":""},"product_brand":[],"product_cat":[454,469,448],"product_tag":[],"class_list":{"0":"post-13692","1":"product","2":"type-product","3":"status-publish","4":"has-post-thumbnail","6":"product_cat-construction-et-amp-propriete","7":"product_cat-panneaux-daffichage","8":"product_cat-publicite-exterieure","10":"first","11":"instock","12":"featured","13":"taxable","14":"shipping-taxable","15":"purchasable","16":"product-type-simple"},"yoast_head":"<!-- This site is optimized with the Yoast SEO plugin v27.3 - https:\/\/yoast.com\/product\/yoast-seo-wordpress\/ -->\n<title>Panneau de chantier | Amstel Printing<\/title>\n<meta name=\"robots\" content=\"index, follow, max-snippet:-1, max-image-preview:large, max-video-preview:-1\" \/>\n<link rel=\"canonical\" href=\"https:\/\/www.amstelprinting.nl\/fr\/boutique\/publicite-exterieure\/construction-et-amp-propriete\/panneau-de-chantier\/\" \/>\n<meta property=\"og:locale\" content=\"fr_FR\" \/>\n<meta property=\"og:type\" content=\"article\" \/>\n<meta property=\"og:title\" content=\"Panneau de chantier | Amstel Printing\" \/>\n<meta property=\"og:description\" content=\"Panneau publicitaire grand format pour l&#039;ext\u00e9rieur Vous \u00eates un entrepreneur, un agent immobilier ou un promoteur immobilier \u00e0 la recherche d&#039;un panneau de chantier ? Informez le voisinage de votre projet de construction avec un panneau de chantier imprim\u00e9. Configurez votre panneau de chantier imprim\u00e9 en quelques \u00e9tapes ci-dessous.\" \/>\n<meta property=\"og:url\" content=\"https:\/\/www.amstelprinting.nl\/fr\/boutique\/publicite-exterieure\/construction-et-amp-propriete\/panneau-de-chantier\/\" \/>\n<meta property=\"og:site_name\" content=\"Amstel Printing\" \/>\n<meta property=\"article:modified_time\" content=\"2026-02-18T11:50:44+00:00\" \/>\n<meta property=\"og:image\" content=\"https:\/\/www.amstelprinting.nl\/wp-content\/uploads\/bouwbord-bedrukken.webp\" \/>\n\t<meta property=\"og:image:width\" content=\"900\" \/>\n\t<meta property=\"og:image:height\" content=\"900\" \/>\n\t<meta property=\"og:image:type\" content=\"image\/webp\" \/>\n<meta name=\"twitter:card\" content=\"summary_large_image\" \/>\n<meta name=\"twitter:label1\" content=\"Dur\u00e9e de lecture estim\u00e9e\" \/>\n\t<meta name=\"twitter:data1\" content=\"1 minute\" \/>\n<script type=\"application\/ld+json\" class=\"yoast-schema-graph\">{\"@context\":\"https:\\\/\\\/schema.org\",\"@graph\":[{\"@type\":\"WebPage\",\"@id\":\"https:\\\/\\\/www.amstelprinting.nl\\\/fr\\\/boutique\\\/publicite-exterieure\\\/construction-et-amp-propriete\\\/panneau-de-chantier\\\/\",\"url\":\"https:\\\/\\\/www.amstelprinting.nl\\\/fr\\\/boutique\\\/publicite-exterieure\\\/construction-et-amp-propriete\\\/panneau-de-chantier\\\/\",\"name\":\"Panneau de chantier | Amstel Printing\",\"isPartOf\":{\"@id\":\"https:\\\/\\\/www.amstelprinting.nl\\\/fr\\\/#website\"},\"primaryImageOfPage\":{\"@id\":\"https:\\\/\\\/www.amstelprinting.nl\\\/fr\\\/boutique\\\/publicite-exterieure\\\/construction-et-amp-propriete\\\/panneau-de-chantier\\\/#primaryimage\"},\"image\":{\"@id\":\"https:\\\/\\\/www.amstelprinting.nl\\\/fr\\\/boutique\\\/publicite-exterieure\\\/construction-et-amp-propriete\\\/panneau-de-chantier\\\/#primaryimage\"},\"thumbnailUrl\":\"https:\\\/\\\/www.amstelprinting.nl\\\/wp-content\\\/uploads\\\/bouwbord-bedrukken.webp\",\"datePublished\":\"2025-01-24T10:35:04+00:00\",\"dateModified\":\"2026-02-18T11:50:44+00:00\",\"breadcrumb\":{\"@id\":\"https:\\\/\\\/www.amstelprinting.nl\\\/fr\\\/boutique\\\/publicite-exterieure\\\/construction-et-amp-propriete\\\/panneau-de-chantier\\\/#breadcrumb\"},\"inLanguage\":\"fr-FR\",\"potentialAction\":[{\"@type\":\"ReadAction\",\"target\":[\"https:\\\/\\\/www.amstelprinting.nl\\\/fr\\\/boutique\\\/publicite-exterieure\\\/construction-et-amp-propriete\\\/panneau-de-chantier\\\/\"]}]},{\"@type\":\"ImageObject\",\"inLanguage\":\"fr-FR\",\"@id\":\"https:\\\/\\\/www.amstelprinting.nl\\\/fr\\\/boutique\\\/publicite-exterieure\\\/construction-et-amp-propriete\\\/panneau-de-chantier\\\/#primaryimage\",\"url\":\"https:\\\/\\\/www.amstelprinting.nl\\\/wp-content\\\/uploads\\\/bouwbord-bedrukken.webp\",\"contentUrl\":\"https:\\\/\\\/www.amstelprinting.nl\\\/wp-content\\\/uploads\\\/bouwbord-bedrukken.webp\",\"width\":900,\"height\":900},{\"@type\":\"BreadcrumbList\",\"@id\":\"https:\\\/\\\/www.amstelprinting.nl\\\/fr\\\/boutique\\\/publicite-exterieure\\\/construction-et-amp-propriete\\\/panneau-de-chantier\\\/#breadcrumb\",\"itemListElement\":[{\"@type\":\"ListItem\",\"position\":1,\"name\":\"\",\"item\":\"https:\\\/\\\/www.amstelprinting.nl\\\/fr\\\/\"},{\"@type\":\"ListItem\",\"position\":2,\"name\":\"Amstel Printing\",\"item\":\"https:\\\/\\\/www.amstelprinting.nl\\\/fr\\\/boutique\\\/\"},{\"@type\":\"ListItem\",\"position\":3,\"name\":\"Publicit\u00e9 ext\u00e9rieure\",\"item\":\"https:\\\/\\\/www.amstelprinting.nl\\\/fr\\\/categorie\\\/publicite-exterieure\\\/\"},{\"@type\":\"ListItem\",\"position\":4,\"name\":\"Construction et amp; propri\u00e9t\u00e9\",\"item\":\"https:\\\/\\\/www.amstelprinting.nl\\\/fr\\\/categorie\\\/publicite-exterieure\\\/construction-et-amp-propriete\\\/\"},{\"@type\":\"ListItem\",\"position\":5,\"name\":\"Panneau de chantier\"}]},{\"@type\":\"WebSite\",\"@id\":\"https:\\\/\\\/www.amstelprinting.nl\\\/fr\\\/#website\",\"url\":\"https:\\\/\\\/www.amstelprinting.nl\\\/fr\\\/\",\"name\":\"Amstel Printing\",\"description\":\"Creating Exposure\",\"publisher\":{\"@id\":\"https:\\\/\\\/www.amstelprinting.nl\\\/fr\\\/#organization\"},\"potentialAction\":[{\"@type\":\"SearchAction\",\"target\":{\"@type\":\"EntryPoint\",\"urlTemplate\":\"https:\\\/\\\/www.amstelprinting.nl\\\/fr\\\/?s={search_term_string}\"},\"query-input\":{\"@type\":\"PropertyValueSpecification\",\"valueRequired\":true,\"valueName\":\"search_term_string\"}}],\"inLanguage\":\"fr-FR\"},{\"@type\":\"Organization\",\"@id\":\"https:\\\/\\\/www.amstelprinting.nl\\\/fr\\\/#organization\",\"name\":\"Amstel Printing\",\"url\":\"https:\\\/\\\/www.amstelprinting.nl\\\/fr\\\/\",\"logo\":{\"@type\":\"ImageObject\",\"inLanguage\":\"fr-FR\",\"@id\":\"https:\\\/\\\/www.amstelprinting.nl\\\/fr\\\/#\\\/schema\\\/logo\\\/image\\\/\",\"url\":\"https:\\\/\\\/www.amstelprinting.nl\\\/wp-content\\\/uploads\\\/amstel_printing_logo_clean.png\",\"contentUrl\":\"https:\\\/\\\/www.amstelprinting.nl\\\/wp-content\\\/uploads\\\/amstel_printing_logo_clean.png\",\"width\":324,\"height\":73,\"caption\":\"Amstel Printing\"},\"image\":{\"@id\":\"https:\\\/\\\/www.amstelprinting.nl\\\/fr\\\/#\\\/schema\\\/logo\\\/image\\\/\"}}]}<\/script>\n<!-- \/ Yoast SEO plugin. -->","yoast_head_json":{"title":"Panneau de chantier | Amstel Printing","robots":{"index":"index","follow":"follow","max-snippet":"max-snippet:-1","max-image-preview":"max-image-preview:large","max-video-preview":"max-video-preview:-1"},"canonical":"https:\/\/www.amstelprinting.nl\/fr\/boutique\/publicite-exterieure\/construction-et-amp-propriete\/panneau-de-chantier\/","og_locale":"fr_FR","og_type":"article","og_title":"Panneau de chantier | Amstel Printing","og_description":"Panneau publicitaire grand format pour l'ext\u00e9rieur Vous \u00eates un entrepreneur, un agent immobilier ou un promoteur immobilier \u00e0 la recherche d'un panneau de chantier ? Informez le voisinage de votre projet de construction avec un panneau de chantier imprim\u00e9. Configurez votre panneau de chantier imprim\u00e9 en quelques \u00e9tapes ci-dessous.","og_url":"https:\/\/www.amstelprinting.nl\/fr\/boutique\/publicite-exterieure\/construction-et-amp-propriete\/panneau-de-chantier\/","og_site_name":"Amstel Printing","article_modified_time":"2026-02-18T11:50:44+00:00","og_image":[{"width":900,"height":900,"url":"https:\/\/www.amstelprinting.nl\/wp-content\/uploads\/bouwbord-bedrukken.webp","type":"image\/webp"}],"twitter_card":"summary_large_image","twitter_misc":{"Dur\u00e9e de lecture estim\u00e9e":"1 minute"},"schema":{"@context":"https:\/\/schema.org","@graph":[{"@type":"WebPage","@id":"https:\/\/www.amstelprinting.nl\/fr\/boutique\/publicite-exterieure\/construction-et-amp-propriete\/panneau-de-chantier\/","url":"https:\/\/www.amstelprinting.nl\/fr\/boutique\/publicite-exterieure\/construction-et-amp-propriete\/panneau-de-chantier\/","name":"Panneau de chantier | Amstel Printing","isPartOf":{"@id":"https:\/\/www.amstelprinting.nl\/fr\/#website"},"primaryImageOfPage":{"@id":"https:\/\/www.amstelprinting.nl\/fr\/boutique\/publicite-exterieure\/construction-et-amp-propriete\/panneau-de-chantier\/#primaryimage"},"image":{"@id":"https:\/\/www.amstelprinting.nl\/fr\/boutique\/publicite-exterieure\/construction-et-amp-propriete\/panneau-de-chantier\/#primaryimage"},"thumbnailUrl":"https:\/\/www.amstelprinting.nl\/wp-content\/uploads\/bouwbord-bedrukken.webp","datePublished":"2025-01-24T10:35:04+00:00","dateModified":"2026-02-18T11:50:44+00:00","breadcrumb":{"@id":"https:\/\/www.amstelprinting.nl\/fr\/boutique\/publicite-exterieure\/construction-et-amp-propriete\/panneau-de-chantier\/#breadcrumb"},"inLanguage":"fr-FR","potentialAction":[{"@type":"ReadAction","target":["https:\/\/www.amstelprinting.nl\/fr\/boutique\/publicite-exterieure\/construction-et-amp-propriete\/panneau-de-chantier\/"]}]},{"@type":"ImageObject","inLanguage":"fr-FR","@id":"https:\/\/www.amstelprinting.nl\/fr\/boutique\/publicite-exterieure\/construction-et-amp-propriete\/panneau-de-chantier\/#primaryimage","url":"https:\/\/www.amstelprinting.nl\/wp-content\/uploads\/bouwbord-bedrukken.webp","contentUrl":"https:\/\/www.amstelprinting.nl\/wp-content\/uploads\/bouwbord-bedrukken.webp","width":900,"height":900},{"@type":"BreadcrumbList","@id":"https:\/\/www.amstelprinting.nl\/fr\/boutique\/publicite-exterieure\/construction-et-amp-propriete\/panneau-de-chantier\/#breadcrumb","itemListElement":[{"@type":"ListItem","position":1,"name":"","item":"https:\/\/www.amstelprinting.nl\/fr\/"},{"@type":"ListItem","position":2,"name":"Amstel Printing","item":"https:\/\/www.amstelprinting.nl\/fr\/boutique\/"},{"@type":"ListItem","position":3,"name":"Publicit\u00e9 ext\u00e9rieure","item":"https:\/\/www.amstelprinting.nl\/fr\/categorie\/publicite-exterieure\/"},{"@type":"ListItem","position":4,"name":"Construction et amp; propri\u00e9t\u00e9","item":"https:\/\/www.amstelprinting.nl\/fr\/categorie\/publicite-exterieure\/construction-et-amp-propriete\/"},{"@type":"ListItem","position":5,"name":"Panneau de chantier"}]},{"@type":"WebSite","@id":"https:\/\/www.amstelprinting.nl\/fr\/#website","url":"https:\/\/www.amstelprinting.nl\/fr\/","name":"Amstel Printing","description":"Creating Exposure","publisher":{"@id":"https:\/\/www.amstelprinting.nl\/fr\/#organization"},"potentialAction":[{"@type":"SearchAction","target":{"@type":"EntryPoint","urlTemplate":"https:\/\/www.amstelprinting.nl\/fr\/?s={search_term_string}"},"query-input":{"@type":"PropertyValueSpecification","valueRequired":true,"valueName":"search_term_string"}}],"inLanguage":"fr-FR"},{"@type":"Organization","@id":"https:\/\/www.amstelprinting.nl\/fr\/#organization","name":"Amstel Printing","url":"https:\/\/www.amstelprinting.nl\/fr\/","logo":{"@type":"ImageObject","inLanguage":"fr-FR","@id":"https:\/\/www.amstelprinting.nl\/fr\/#\/schema\/logo\/image\/","url":"https:\/\/www.amstelprinting.nl\/wp-content\/uploads\/amstel_printing_logo_clean.png","contentUrl":"https:\/\/www.amstelprinting.nl\/wp-content\/uploads\/amstel_printing_logo_clean.png","width":324,"height":73,"caption":"Amstel Printing"},"image":{"@id":"https:\/\/www.amstelprinting.nl\/fr\/#\/schema\/logo\/image\/"}}]}},"_links":{"self":[{"href":"https:\/\/www.amstelprinting.nl\/fr\/wp-json\/wp\/v2\/product\/13692","targetHints":{"allow":["GET"]}}],"collection":[{"href":"https:\/\/www.amstelprinting.nl\/fr\/wp-json\/wp\/v2\/product"}],"about":[{"href":"https:\/\/www.amstelprinting.nl\/fr\/wp-json\/wp\/v2\/types\/product"}],"wp:featuredmedia":[{"embeddable":true,"href":"https:\/\/www.amstelprinting.nl\/fr\/wp-json\/wp\/v2\/media\/25251"}],"wp:attachment":[{"href":"https:\/\/www.amstelprinting.nl\/fr\/wp-json\/wp\/v2\/media?parent=13692"}],"wp:term":[{"taxonomy":"product_brand","embeddable":true,"href":"https:\/\/www.amstelprinting.nl\/fr\/wp-json\/wp\/v2\/product_brand?post=13692"},{"taxonomy":"product_cat","embeddable":true,"href":"https:\/\/www.amstelprinting.nl\/fr\/wp-json\/wp\/v2\/product_cat?post=13692"},{"taxonomy":"product_tag","embeddable":true,"href":"https:\/\/www.amstelprinting.nl\/fr\/wp-json\/wp\/v2\/product_tag?post=13692"}],"curies":[{"name":"wp","href":"https:\/\/api.w.org\/{rel}","templated":true}]}}