{"id":13702,"date":"2025-01-24T11:34:57","date_gmt":"2025-01-24T10:34:57","guid":{"rendered":"https:\/\/www.amstelprinting.nl\/winkel\/non%20class\u00e9\/raamstickers\/"},"modified":"2026-02-18T12:50:44","modified_gmt":"2026-02-18T11:50:44","slug":"autocollants-de-fenetre","status":"publish","type":"product","link":"https:\/\/www.amstelprinting.nl\/fr\/boutique\/publicite-exterieure\/publicite-de-facade\/autocollants-de-fenetre\/","title":{"rendered":"Autocollants de fen\u00eatre"},"content":{"rendered":"<h3>Commander des autocollants de fen\u00eatre<\/h3>\n<p>Nos autocollants de fen\u00eatre sont disponibles en plusieurs styles pour r\u00e9pondre \u00e0 tous vos souhaits :<\/p>\n<ul>\n<li><strong>Blanc<\/strong> : Pour une pr\u00e9sentation claire et frappante.<\/li>\n<li><strong>Transparent<\/strong> : Pour un look subtil et \u00e9l\u00e9gant.<\/li>\n<li><strong>Transparent cristal<\/strong> : Pour une finition presque invisible qui transmet tout de m\u00eame votre message.<\/li>\n<li><strong>Effet sabl\u00e9 (verre d\u00e9poli)<\/strong> : Pour une finition mate luxueuse qui offre de l&rsquo;intimit\u00e9.<\/li>\n<li><strong>Vision unidirectionnelle (One way vision)<\/strong> : Pour l&rsquo;intimit\u00e9 \u00e0 l&rsquo;int\u00e9rieur tout en pouvant continuer \u00e0 regarder vers l&rsquo;ext\u00e9rieur.<\/li>\n<\/ul>\n<p>&nbsp;<\/p>\n<h3>Application facile<\/h3>\n<p>L&rsquo;application de nos autocollants de fen\u00eatre est tr\u00e8s simple gr\u00e2ce aux films de qualit\u00e9 faciles \u00e0 utiliser. Vous pouvez obtenir rapidement et sans effort un aspect professionnel.<\/p>\n<h3>Accessoires<\/h3>\n<p>Pour rendre l&rsquo;application et la finition de vos autocollants de fen\u00eatre encore plus faciles, nous proposons divers accessoires. Ceux-ci vous aident \u00e0 obtenir un r\u00e9sultat parfait et garantissent que vos autocollants de fen\u00eatre ont un aspect professionnel.<\/p>\n<h3>Questions fr\u00e9quemment pos\u00e9es sur les autocollants de fen\u00eatre<\/h3>\n<p><strong>Quand dois-je mettre le fichier en miroir ?<\/strong><br \/>\nInversez le design si vous souhaitez appliquer un autocollant transparent \u00e0 l&rsquo;int\u00e9rieur de la fen\u00eatre et que l&rsquo;image doit \u00eatre lisible de l&rsquo;ext\u00e9rieur.<\/p>\n<p><strong>Puis-je \u00e9galement commander des autocollants double-face ?<\/strong><br \/>\nMalheureusement, ce n&rsquo;est pas (encore) possible.<\/p>\n<p><strong>Comment coller mon autocollant de fen\u00eatre ?<\/strong><br \/>\nAssurez-vous que la surface est propre et exempte de graisse. Si la couche adh\u00e9sive convient \u00e0 une application humide du film, mouillez \u00e0 la fois la surface et la couche adh\u00e9sive avec du liquide d&rsquo;application avant de positionner le film. Fixez fermement le film et chassez l&rsquo;humidit\u00e9 sous l&rsquo;autocollant \u00e0 l&rsquo;aide d&rsquo;une raclette, lentement et uniform\u00e9ment. Si l&rsquo;application humide n&rsquo;est pas possible, positionnez l&rsquo;autocollant \u00e0 partir du haut et descendez progressivement. Soyez prudent, car avec l&rsquo;application \u00e0 sec, le repositionnement est difficile et il faut lisser les bulles d&rsquo;air sur la surface.<\/p>\n<p>Retirez facilement le support papier en pla\u00e7ant le film avec le c\u00f4t\u00e9 imprim\u00e9 contre la fen\u00eatre mouill\u00e9e. Lors de l&rsquo;utilisation de Lintec, utilisez le support papier comme protection suppl\u00e9mentaire entre le film et la raclette pour \u00e9viter d&rsquo;endommager l&rsquo;impression et pour pouvoir exercer une pression suppl\u00e9mentaire pendant le raclage.<\/p>\n","protected":false},"excerpt":{"rendered":"<p><span style=\"font-weight: 400;\">Apportez facilement un nouvel aspect \u00e0 vos fen\u00eatres gr\u00e2ce \u00e0 nos autocollants de fen\u00eatre de haute qualit\u00e9. Fabriqu\u00e9s \u00e0 partir de films de qualit\u00e9 de 3M\u2122, Orajet\u00ae et Avery Dennison, ces autocollants offrent des avantages tant esth\u00e9tiques que pratiques. En fonction de vos besoins sp\u00e9cifiques, que ce soit pour une application int\u00e9rieure ou ext\u00e9rieure, vous pouvez choisir parmi diff\u00e9rentes qualit\u00e9s et finitions.<\/span><\/p>\n","protected":false},"featured_media":13703,"template":"","meta":{"_et_pb_use_builder":"","_et_pb_old_content":"","_et_gb_content_width":""},"product_brand":[],"product_cat":[312,574,458,448],"product_tag":[],"class_list":{"0":"post-13702","1":"product","2":"type-product","3":"status-publish","4":"has-post-thumbnail","6":"product_cat-autocollants-et-impression","7":"product_cat-grands-autocollants","8":"product_cat-publicite-de-facade","9":"product_cat-publicite-exterieure","11":"first","12":"instock","13":"taxable","14":"shipping-taxable","15":"purchasable","16":"product-type-simple"},"yoast_head":"<!-- This site is optimized with the Yoast SEO plugin v27.3 - https:\/\/yoast.com\/product\/yoast-seo-wordpress\/ -->\n<title>Autocollants de fen\u00eatre sur mesure - Livraison rapide &amp; professionnel<\/title>\n<meta name=\"description\" content=\"Autocollants de fen\u00eatre sur mesure. Choisissez parmi divers mat\u00e9riaux et effets, commandez aujourd&#039;hui et recevez demain. Facile \u00e0 appliquer et convient pour l&#039;int\u00e9rieur et l&#039;ext\u00e9rieur.\" \/>\n<meta name=\"robots\" content=\"index, follow, max-snippet:-1, max-image-preview:large, max-video-preview:-1\" \/>\n<link rel=\"canonical\" href=\"https:\/\/www.amstelprinting.nl\/fr\/boutique\/publicite-exterieure\/publicite-de-facade\/autocollants-de-fenetre\/\" \/>\n<meta property=\"og:locale\" content=\"fr_FR\" \/>\n<meta property=\"og:type\" content=\"article\" \/>\n<meta property=\"og:title\" content=\"Autocollants de fen\u00eatre sur mesure - Livraison rapide &amp; professionnel\" \/>\n<meta property=\"og:description\" content=\"Autocollants de fen\u00eatre sur mesure. Choisissez parmi divers mat\u00e9riaux et effets, commandez aujourd&#039;hui et recevez demain. Facile \u00e0 appliquer et convient pour l&#039;int\u00e9rieur et l&#039;ext\u00e9rieur.\" \/>\n<meta property=\"og:url\" content=\"https:\/\/www.amstelprinting.nl\/fr\/boutique\/publicite-exterieure\/publicite-de-facade\/autocollants-de-fenetre\/\" \/>\n<meta property=\"og:site_name\" content=\"Amstel Printing\" \/>\n<meta property=\"article:modified_time\" content=\"2026-02-18T11:50:44+00:00\" \/>\n<meta property=\"og:image\" content=\"https:\/\/www.amstelprinting.nl\/wp-content\/uploads\/raamsticker-bedrukken-2.png\" \/>\n\t<meta property=\"og:image:width\" content=\"900\" \/>\n\t<meta property=\"og:image:height\" content=\"900\" \/>\n\t<meta property=\"og:image:type\" content=\"image\/png\" \/>\n<meta name=\"twitter:card\" content=\"summary_large_image\" \/>\n<meta name=\"twitter:label1\" content=\"Dur\u00e9e de lecture estim\u00e9e\" \/>\n\t<meta name=\"twitter:data1\" content=\"2 minutes\" \/>\n<script type=\"application\/ld+json\" class=\"yoast-schema-graph\">{\"@context\":\"https:\\\/\\\/schema.org\",\"@graph\":[{\"@type\":\"WebPage\",\"@id\":\"https:\\\/\\\/www.amstelprinting.nl\\\/fr\\\/boutique\\\/publicite-exterieure\\\/publicite-de-facade\\\/autocollants-de-fenetre\\\/\",\"url\":\"https:\\\/\\\/www.amstelprinting.nl\\\/fr\\\/boutique\\\/publicite-exterieure\\\/publicite-de-facade\\\/autocollants-de-fenetre\\\/\",\"name\":\"Autocollants de fen\u00eatre sur mesure - Livraison rapide & professionnel\",\"isPartOf\":{\"@id\":\"https:\\\/\\\/www.amstelprinting.nl\\\/fr\\\/#website\"},\"primaryImageOfPage\":{\"@id\":\"https:\\\/\\\/www.amstelprinting.nl\\\/fr\\\/boutique\\\/publicite-exterieure\\\/publicite-de-facade\\\/autocollants-de-fenetre\\\/#primaryimage\"},\"image\":{\"@id\":\"https:\\\/\\\/www.amstelprinting.nl\\\/fr\\\/boutique\\\/publicite-exterieure\\\/publicite-de-facade\\\/autocollants-de-fenetre\\\/#primaryimage\"},\"thumbnailUrl\":\"https:\\\/\\\/www.amstelprinting.nl\\\/wp-content\\\/uploads\\\/raamsticker-bedrukken-2.png\",\"datePublished\":\"2025-01-24T10:34:57+00:00\",\"dateModified\":\"2026-02-18T11:50:44+00:00\",\"description\":\"Autocollants de fen\u00eatre sur mesure. Choisissez parmi divers mat\u00e9riaux et effets, commandez aujourd'hui et recevez demain. Facile \u00e0 appliquer et convient pour l'int\u00e9rieur et l'ext\u00e9rieur.\",\"breadcrumb\":{\"@id\":\"https:\\\/\\\/www.amstelprinting.nl\\\/fr\\\/boutique\\\/publicite-exterieure\\\/publicite-de-facade\\\/autocollants-de-fenetre\\\/#breadcrumb\"},\"inLanguage\":\"fr-FR\",\"potentialAction\":[{\"@type\":\"ReadAction\",\"target\":[\"https:\\\/\\\/www.amstelprinting.nl\\\/fr\\\/boutique\\\/publicite-exterieure\\\/publicite-de-facade\\\/autocollants-de-fenetre\\\/\"]}]},{\"@type\":\"ImageObject\",\"inLanguage\":\"fr-FR\",\"@id\":\"https:\\\/\\\/www.amstelprinting.nl\\\/fr\\\/boutique\\\/publicite-exterieure\\\/publicite-de-facade\\\/autocollants-de-fenetre\\\/#primaryimage\",\"url\":\"https:\\\/\\\/www.amstelprinting.nl\\\/wp-content\\\/uploads\\\/raamsticker-bedrukken-2.png\",\"contentUrl\":\"https:\\\/\\\/www.amstelprinting.nl\\\/wp-content\\\/uploads\\\/raamsticker-bedrukken-2.png\",\"width\":900,\"height\":900},{\"@type\":\"BreadcrumbList\",\"@id\":\"https:\\\/\\\/www.amstelprinting.nl\\\/fr\\\/boutique\\\/publicite-exterieure\\\/publicite-de-facade\\\/autocollants-de-fenetre\\\/#breadcrumb\",\"itemListElement\":[{\"@type\":\"ListItem\",\"position\":1,\"name\":\"\",\"item\":\"https:\\\/\\\/www.amstelprinting.nl\\\/fr\\\/\"},{\"@type\":\"ListItem\",\"position\":2,\"name\":\"Amstel Printing\",\"item\":\"https:\\\/\\\/www.amstelprinting.nl\\\/fr\\\/boutique\\\/\"},{\"@type\":\"ListItem\",\"position\":3,\"name\":\"Publicit\u00e9 ext\u00e9rieure\",\"item\":\"https:\\\/\\\/www.amstelprinting.nl\\\/fr\\\/categorie\\\/publicite-exterieure\\\/\"},{\"@type\":\"ListItem\",\"position\":4,\"name\":\"Publicit\u00e9 de fa\u00e7ade\",\"item\":\"https:\\\/\\\/www.amstelprinting.nl\\\/fr\\\/categorie\\\/publicite-exterieure\\\/publicite-de-facade\\\/\"},{\"@type\":\"ListItem\",\"position\":5,\"name\":\"Autocollants de fen\u00eatre\"}]},{\"@type\":\"WebSite\",\"@id\":\"https:\\\/\\\/www.amstelprinting.nl\\\/fr\\\/#website\",\"url\":\"https:\\\/\\\/www.amstelprinting.nl\\\/fr\\\/\",\"name\":\"Amstel Printing\",\"description\":\"Creating Exposure\",\"publisher\":{\"@id\":\"https:\\\/\\\/www.amstelprinting.nl\\\/fr\\\/#organization\"},\"potentialAction\":[{\"@type\":\"SearchAction\",\"target\":{\"@type\":\"EntryPoint\",\"urlTemplate\":\"https:\\\/\\\/www.amstelprinting.nl\\\/fr\\\/?s={search_term_string}\"},\"query-input\":{\"@type\":\"PropertyValueSpecification\",\"valueRequired\":true,\"valueName\":\"search_term_string\"}}],\"inLanguage\":\"fr-FR\"},{\"@type\":\"Organization\",\"@id\":\"https:\\\/\\\/www.amstelprinting.nl\\\/fr\\\/#organization\",\"name\":\"Amstel Printing\",\"url\":\"https:\\\/\\\/www.amstelprinting.nl\\\/fr\\\/\",\"logo\":{\"@type\":\"ImageObject\",\"inLanguage\":\"fr-FR\",\"@id\":\"https:\\\/\\\/www.amstelprinting.nl\\\/fr\\\/#\\\/schema\\\/logo\\\/image\\\/\",\"url\":\"https:\\\/\\\/www.amstelprinting.nl\\\/wp-content\\\/uploads\\\/amstel_printing_logo_clean.png\",\"contentUrl\":\"https:\\\/\\\/www.amstelprinting.nl\\\/wp-content\\\/uploads\\\/amstel_printing_logo_clean.png\",\"width\":324,\"height\":73,\"caption\":\"Amstel Printing\"},\"image\":{\"@id\":\"https:\\\/\\\/www.amstelprinting.nl\\\/fr\\\/#\\\/schema\\\/logo\\\/image\\\/\"}}]}<\/script>\n<!-- \/ Yoast SEO plugin. -->","yoast_head_json":{"title":"Autocollants de fen\u00eatre sur mesure - Livraison rapide & professionnel","description":"Autocollants de fen\u00eatre sur mesure. Choisissez parmi divers mat\u00e9riaux et effets, commandez aujourd'hui et recevez demain. Facile \u00e0 appliquer et convient pour l'int\u00e9rieur et l'ext\u00e9rieur.","robots":{"index":"index","follow":"follow","max-snippet":"max-snippet:-1","max-image-preview":"max-image-preview:large","max-video-preview":"max-video-preview:-1"},"canonical":"https:\/\/www.amstelprinting.nl\/fr\/boutique\/publicite-exterieure\/publicite-de-facade\/autocollants-de-fenetre\/","og_locale":"fr_FR","og_type":"article","og_title":"Autocollants de fen\u00eatre sur mesure - Livraison rapide & professionnel","og_description":"Autocollants de fen\u00eatre sur mesure. Choisissez parmi divers mat\u00e9riaux et effets, commandez aujourd'hui et recevez demain. Facile \u00e0 appliquer et convient pour l'int\u00e9rieur et l'ext\u00e9rieur.","og_url":"https:\/\/www.amstelprinting.nl\/fr\/boutique\/publicite-exterieure\/publicite-de-facade\/autocollants-de-fenetre\/","og_site_name":"Amstel Printing","article_modified_time":"2026-02-18T11:50:44+00:00","og_image":[{"width":900,"height":900,"url":"https:\/\/www.amstelprinting.nl\/wp-content\/uploads\/raamsticker-bedrukken-2.png","type":"image\/png"}],"twitter_card":"summary_large_image","twitter_misc":{"Dur\u00e9e de lecture estim\u00e9e":"2 minutes"},"schema":{"@context":"https:\/\/schema.org","@graph":[{"@type":"WebPage","@id":"https:\/\/www.amstelprinting.nl\/fr\/boutique\/publicite-exterieure\/publicite-de-facade\/autocollants-de-fenetre\/","url":"https:\/\/www.amstelprinting.nl\/fr\/boutique\/publicite-exterieure\/publicite-de-facade\/autocollants-de-fenetre\/","name":"Autocollants de fen\u00eatre sur mesure - Livraison rapide & professionnel","isPartOf":{"@id":"https:\/\/www.amstelprinting.nl\/fr\/#website"},"primaryImageOfPage":{"@id":"https:\/\/www.amstelprinting.nl\/fr\/boutique\/publicite-exterieure\/publicite-de-facade\/autocollants-de-fenetre\/#primaryimage"},"image":{"@id":"https:\/\/www.amstelprinting.nl\/fr\/boutique\/publicite-exterieure\/publicite-de-facade\/autocollants-de-fenetre\/#primaryimage"},"thumbnailUrl":"https:\/\/www.amstelprinting.nl\/wp-content\/uploads\/raamsticker-bedrukken-2.png","datePublished":"2025-01-24T10:34:57+00:00","dateModified":"2026-02-18T11:50:44+00:00","description":"Autocollants de fen\u00eatre sur mesure. Choisissez parmi divers mat\u00e9riaux et effets, commandez aujourd'hui et recevez demain. Facile \u00e0 appliquer et convient pour l'int\u00e9rieur et l'ext\u00e9rieur.","breadcrumb":{"@id":"https:\/\/www.amstelprinting.nl\/fr\/boutique\/publicite-exterieure\/publicite-de-facade\/autocollants-de-fenetre\/#breadcrumb"},"inLanguage":"fr-FR","potentialAction":[{"@type":"ReadAction","target":["https:\/\/www.amstelprinting.nl\/fr\/boutique\/publicite-exterieure\/publicite-de-facade\/autocollants-de-fenetre\/"]}]},{"@type":"ImageObject","inLanguage":"fr-FR","@id":"https:\/\/www.amstelprinting.nl\/fr\/boutique\/publicite-exterieure\/publicite-de-facade\/autocollants-de-fenetre\/#primaryimage","url":"https:\/\/www.amstelprinting.nl\/wp-content\/uploads\/raamsticker-bedrukken-2.png","contentUrl":"https:\/\/www.amstelprinting.nl\/wp-content\/uploads\/raamsticker-bedrukken-2.png","width":900,"height":900},{"@type":"BreadcrumbList","@id":"https:\/\/www.amstelprinting.nl\/fr\/boutique\/publicite-exterieure\/publicite-de-facade\/autocollants-de-fenetre\/#breadcrumb","itemListElement":[{"@type":"ListItem","position":1,"name":"","item":"https:\/\/www.amstelprinting.nl\/fr\/"},{"@type":"ListItem","position":2,"name":"Amstel Printing","item":"https:\/\/www.amstelprinting.nl\/fr\/boutique\/"},{"@type":"ListItem","position":3,"name":"Publicit\u00e9 ext\u00e9rieure","item":"https:\/\/www.amstelprinting.nl\/fr\/categorie\/publicite-exterieure\/"},{"@type":"ListItem","position":4,"name":"Publicit\u00e9 de fa\u00e7ade","item":"https:\/\/www.amstelprinting.nl\/fr\/categorie\/publicite-exterieure\/publicite-de-facade\/"},{"@type":"ListItem","position":5,"name":"Autocollants de fen\u00eatre"}]},{"@type":"WebSite","@id":"https:\/\/www.amstelprinting.nl\/fr\/#website","url":"https:\/\/www.amstelprinting.nl\/fr\/","name":"Amstel Printing","description":"Creating Exposure","publisher":{"@id":"https:\/\/www.amstelprinting.nl\/fr\/#organization"},"potentialAction":[{"@type":"SearchAction","target":{"@type":"EntryPoint","urlTemplate":"https:\/\/www.amstelprinting.nl\/fr\/?s={search_term_string}"},"query-input":{"@type":"PropertyValueSpecification","valueRequired":true,"valueName":"search_term_string"}}],"inLanguage":"fr-FR"},{"@type":"Organization","@id":"https:\/\/www.amstelprinting.nl\/fr\/#organization","name":"Amstel Printing","url":"https:\/\/www.amstelprinting.nl\/fr\/","logo":{"@type":"ImageObject","inLanguage":"fr-FR","@id":"https:\/\/www.amstelprinting.nl\/fr\/#\/schema\/logo\/image\/","url":"https:\/\/www.amstelprinting.nl\/wp-content\/uploads\/amstel_printing_logo_clean.png","contentUrl":"https:\/\/www.amstelprinting.nl\/wp-content\/uploads\/amstel_printing_logo_clean.png","width":324,"height":73,"caption":"Amstel Printing"},"image":{"@id":"https:\/\/www.amstelprinting.nl\/fr\/#\/schema\/logo\/image\/"}}]}},"_links":{"self":[{"href":"https:\/\/www.amstelprinting.nl\/fr\/wp-json\/wp\/v2\/product\/13702","targetHints":{"allow":["GET"]}}],"collection":[{"href":"https:\/\/www.amstelprinting.nl\/fr\/wp-json\/wp\/v2\/product"}],"about":[{"href":"https:\/\/www.amstelprinting.nl\/fr\/wp-json\/wp\/v2\/types\/product"}],"wp:featuredmedia":[{"embeddable":true,"href":"https:\/\/www.amstelprinting.nl\/fr\/wp-json\/wp\/v2\/media\/13703"}],"wp:attachment":[{"href":"https:\/\/www.amstelprinting.nl\/fr\/wp-json\/wp\/v2\/media?parent=13702"}],"wp:term":[{"taxonomy":"product_brand","embeddable":true,"href":"https:\/\/www.amstelprinting.nl\/fr\/wp-json\/wp\/v2\/product_brand?post=13702"},{"taxonomy":"product_cat","embeddable":true,"href":"https:\/\/www.amstelprinting.nl\/fr\/wp-json\/wp\/v2\/product_cat?post=13702"},{"taxonomy":"product_tag","embeddable":true,"href":"https:\/\/www.amstelprinting.nl\/fr\/wp-json\/wp\/v2\/product_tag?post=13702"}],"curies":[{"name":"wp","href":"https:\/\/api.w.org\/{rel}","templated":true}]}}