{"id":13712,"date":"2025-01-24T11:34:51","date_gmt":"2025-01-24T10:34:51","guid":{"rendered":"https:\/\/www.amstelprinting.nl\/winkel\/non%20class\u00e9\/aluminium-bord\/"},"modified":"2026-02-18T12:50:45","modified_gmt":"2026-02-18T11:50:45","slug":"panneau-en-aluminium","status":"publish","type":"product","link":"https:\/\/www.amstelprinting.nl\/fr\/boutique\/interieur-2\/produits-photo\/panneau-en-aluminium\/","title":{"rendered":"Panneau en aluminium"},"content":{"rendered":"<h3>Mat\u00e9riau<\/h3>\n<p>Nos panneaux en aluminium sont fabriqu\u00e9s en Dibond\u00ae de haute qualit\u00e9, disponible en plusieurs variantes :<\/p>\n<ul>\n<li><strong>Dibond\u00ae Budget<\/strong> : La variante la plus \u00e9conomique, id\u00e9ale pour les projets \u00e0 petit budget.<\/li>\n<li><strong>Dibond\u00ae Premium<\/strong> : Offre une couleur de base constante et constitue le compromis parfait entre prix et qualit\u00e9.<\/li>\n<li><strong>Dibond\u00ae Digital<\/strong> : Poss\u00e8de une couleur de base constante et peut \u00eatre imprim\u00e9 en recto-verso pour une polyvalence maximale.<\/li>\n<li><strong>Dibond\u00ae XL<\/strong> : Pour les grands formats allant jusqu&rsquo;\u00e0 400 x 196 cm, parfait pour les affichages publicitaires et les panneaux de grande envergure.<\/li>\n<\/ul>\n<p>&nbsp;<\/p>\n<h3>Format et rev\u00eatement<\/h3>\n<p>Commandez des panneaux en aluminium dans n&rsquo;importe quel format jusqu&rsquo;\u00e0 300 x 146 cm en une seule pi\u00e8ce, avec une r\u00e9partition automatique pour les panneaux plus grands. Le fraisage, la d\u00e9coupe de contour et les trous de per\u00e7age sont disponibles comme options personnalis\u00e9es sur la page du produit. Donnez \u00e9galement \u00e0 votre plaque Dibond\u00ae un rev\u00eatement brillant ou mat. Cela assure une protection suppl\u00e9mentaire de l&rsquo;impression et donne un rendu des couleurs plus intense \u00e0 votre design. Vous avez la possibilit\u00e9 de choisir un rev\u00eatement pour le Dibond\u00ae Premium et Digital.<\/p>\n<h3>Accessoires<\/h3>\n<p>Choisissez parmi une gamme d&rsquo;accessoires pour placer votre panneau en aluminium de mani\u00e8re autoportante ou pour l&rsquo;accrocher au mur, y compris des options de rev\u00eatement brillant ou mat pour une protection suppl\u00e9mentaire.<br \/>\nGr\u00e2ce \u00e0 notre technologie avanc\u00e9e et \u00e0 notre large s\u00e9lection d&rsquo;options, cr\u00e9ez sans effort un panneau en aluminium personnalis\u00e9 qui r\u00e9pond parfaitement \u00e0 vos besoins et sp\u00e9cifications.<\/p>\n<h3>Questions fr\u00e9quemment pos\u00e9es<\/h3>\n<p><strong>Peut-on imprimer en blanc sur de l&rsquo;aluminium bross\u00e9 ?<\/strong><br \/>\nCe mat\u00e9riau est uniquement disponible avec une impression en couleur. Les parties blanches de votre fichier ne seront pas imprim\u00e9es.<\/p>\n<p><strong>Comment nettoyer au mieux le panneau en aluminium ?<\/strong><br \/>\nVous pouvez facilement nettoyer les panneaux avec un d\u00e9tergent doux. La technique d&rsquo;impression UV fait en sorte que l&rsquo;encre repose sur le mat\u00e9riau. Soyez donc prudent lors du nettoyage pour \u00e9viter d&rsquo;endommager la surface et l&rsquo;encre. Envisagez l&rsquo;application d&rsquo;un rev\u00eatement sur les panneaux Dibond\u00ae pour une protection suppl\u00e9mentaire contre les rayures.<\/p>\n<p><strong>Quel est l&rsquo;avantage d&rsquo;un rev\u00eatement ?<\/strong><br \/>\nEn appliquant un rev\u00eatement sur votre mat\u00e9riau en plaque, vous am\u00e9liorez l&rsquo;intensit\u00e9 des couleurs et offrez une meilleure protection \u00e0 votre impression contre les facteurs environnementaux (m\u00e9t\u00e9o, vent, pluie, etc.).<\/p>\n","protected":false},"excerpt":{"rendered":"<p>Donnez \u00e0 votre message la puissance de la durabilit\u00e9 et du style avec nos panneaux en aluminium personnalis\u00e9s. Nos panneaux en aluminium sont non seulement l\u00e9gers mais aussi extr\u00eamement robustes, id\u00e9aux pour diverses applications telles que les panneaux dans des cadres, les enseignes publicitaires sur les fa\u00e7ades ou comme panneaux photo. Que ce soit \u00e0 l&rsquo;int\u00e9rieur ou \u00e0 l&rsquo;ext\u00e9rieur, nos panneaux vous offrent une solution polyvalente qui r\u00e9pond parfaitement \u00e0 vos besoins.<\/p>\n","protected":false},"featured_media":13713,"template":"","meta":{"_et_pb_use_builder":"","_et_pb_old_content":"","_et_gb_content_width":""},"product_brand":[],"product_cat":[542,560,458,448],"product_tag":[],"class_list":{"0":"post-13712","1":"product","2":"type-product","3":"status-publish","4":"has-post-thumbnail","6":"product_cat-interieur-2","7":"product_cat-produits-photo","8":"product_cat-publicite-de-facade","9":"product_cat-publicite-exterieure","11":"first","12":"instock","13":"taxable","14":"shipping-taxable","15":"purchasable","16":"product-type-simple"},"yoast_head":"<!-- This site is optimized with the Yoast SEO plugin v27.3 - https:\/\/yoast.com\/product\/yoast-seo-wordpress\/ -->\n<title>Panneau en aluminium | Amstel Printing<\/title>\n<meta name=\"robots\" content=\"index, follow, max-snippet:-1, max-image-preview:large, max-video-preview:-1\" \/>\n<link rel=\"canonical\" href=\"https:\/\/www.amstelprinting.nl\/fr\/boutique\/interieur-2\/produits-photo\/panneau-en-aluminium\/\" \/>\n<meta property=\"og:locale\" content=\"fr_FR\" \/>\n<meta property=\"og:type\" content=\"article\" \/>\n<meta property=\"og:title\" content=\"Panneau en aluminium | Amstel Printing\" \/>\n<meta property=\"og:description\" content=\"Donnez \u00e0 votre message la puissance de la durabilit\u00e9 et du style avec nos panneaux en aluminium personnalis\u00e9s. Nos panneaux en aluminium sont non seulement l\u00e9gers mais aussi extr\u00eamement robustes, id\u00e9aux pour diverses applications telles que les panneaux dans des cadres, les enseignes publicitaires sur les fa\u00e7ades ou comme panneaux photo. Que ce soit \u00e0 l&#039;int\u00e9rieur ou \u00e0 l&#039;ext\u00e9rieur, nos panneaux vous offrent une solution polyvalente qui r\u00e9pond parfaitement \u00e0 vos besoins.\" \/>\n<meta property=\"og:url\" content=\"https:\/\/www.amstelprinting.nl\/fr\/boutique\/interieur-2\/produits-photo\/panneau-en-aluminium\/\" \/>\n<meta property=\"og:site_name\" content=\"Amstel Printing\" \/>\n<meta property=\"article:modified_time\" content=\"2026-02-18T11:50:45+00:00\" \/>\n<meta property=\"og:image\" content=\"https:\/\/www.amstelprinting.nl\/wp-content\/uploads\/aluminiumbord-bedrukken1.png\" \/>\n\t<meta property=\"og:image:width\" content=\"900\" \/>\n\t<meta property=\"og:image:height\" content=\"900\" \/>\n\t<meta property=\"og:image:type\" content=\"image\/png\" \/>\n<meta name=\"twitter:card\" content=\"summary_large_image\" \/>\n<meta name=\"twitter:label1\" content=\"Dur\u00e9e de lecture estim\u00e9e\" \/>\n\t<meta name=\"twitter:data1\" content=\"2 minutes\" \/>\n<script type=\"application\/ld+json\" class=\"yoast-schema-graph\">{\"@context\":\"https:\\\/\\\/schema.org\",\"@graph\":[{\"@type\":\"WebPage\",\"@id\":\"https:\\\/\\\/www.amstelprinting.nl\\\/fr\\\/boutique\\\/interieur-2\\\/produits-photo\\\/panneau-en-aluminium\\\/\",\"url\":\"https:\\\/\\\/www.amstelprinting.nl\\\/fr\\\/boutique\\\/interieur-2\\\/produits-photo\\\/panneau-en-aluminium\\\/\",\"name\":\"Panneau en aluminium | Amstel Printing\",\"isPartOf\":{\"@id\":\"https:\\\/\\\/www.amstelprinting.nl\\\/fr\\\/#website\"},\"primaryImageOfPage\":{\"@id\":\"https:\\\/\\\/www.amstelprinting.nl\\\/fr\\\/boutique\\\/interieur-2\\\/produits-photo\\\/panneau-en-aluminium\\\/#primaryimage\"},\"image\":{\"@id\":\"https:\\\/\\\/www.amstelprinting.nl\\\/fr\\\/boutique\\\/interieur-2\\\/produits-photo\\\/panneau-en-aluminium\\\/#primaryimage\"},\"thumbnailUrl\":\"https:\\\/\\\/www.amstelprinting.nl\\\/wp-content\\\/uploads\\\/aluminiumbord-bedrukken1.png\",\"datePublished\":\"2025-01-24T10:34:51+00:00\",\"dateModified\":\"2026-02-18T11:50:45+00:00\",\"breadcrumb\":{\"@id\":\"https:\\\/\\\/www.amstelprinting.nl\\\/fr\\\/boutique\\\/interieur-2\\\/produits-photo\\\/panneau-en-aluminium\\\/#breadcrumb\"},\"inLanguage\":\"fr-FR\",\"potentialAction\":[{\"@type\":\"ReadAction\",\"target\":[\"https:\\\/\\\/www.amstelprinting.nl\\\/fr\\\/boutique\\\/interieur-2\\\/produits-photo\\\/panneau-en-aluminium\\\/\"]}]},{\"@type\":\"ImageObject\",\"inLanguage\":\"fr-FR\",\"@id\":\"https:\\\/\\\/www.amstelprinting.nl\\\/fr\\\/boutique\\\/interieur-2\\\/produits-photo\\\/panneau-en-aluminium\\\/#primaryimage\",\"url\":\"https:\\\/\\\/www.amstelprinting.nl\\\/wp-content\\\/uploads\\\/aluminiumbord-bedrukken1.png\",\"contentUrl\":\"https:\\\/\\\/www.amstelprinting.nl\\\/wp-content\\\/uploads\\\/aluminiumbord-bedrukken1.png\",\"width\":900,\"height\":900},{\"@type\":\"BreadcrumbList\",\"@id\":\"https:\\\/\\\/www.amstelprinting.nl\\\/fr\\\/boutique\\\/interieur-2\\\/produits-photo\\\/panneau-en-aluminium\\\/#breadcrumb\",\"itemListElement\":[{\"@type\":\"ListItem\",\"position\":1,\"name\":\"\",\"item\":\"https:\\\/\\\/www.amstelprinting.nl\\\/fr\\\/\"},{\"@type\":\"ListItem\",\"position\":2,\"name\":\"Amstel Printing\",\"item\":\"https:\\\/\\\/www.amstelprinting.nl\\\/fr\\\/boutique\\\/\"},{\"@type\":\"ListItem\",\"position\":3,\"name\":\"Publicit\u00e9 ext\u00e9rieure\",\"item\":\"https:\\\/\\\/www.amstelprinting.nl\\\/fr\\\/categorie\\\/publicite-exterieure\\\/\"},{\"@type\":\"ListItem\",\"position\":4,\"name\":\"Publicit\u00e9 de fa\u00e7ade\",\"item\":\"https:\\\/\\\/www.amstelprinting.nl\\\/fr\\\/categorie\\\/publicite-exterieure\\\/publicite-de-facade\\\/\"},{\"@type\":\"ListItem\",\"position\":5,\"name\":\"Panneau en aluminium\"}]},{\"@type\":\"WebSite\",\"@id\":\"https:\\\/\\\/www.amstelprinting.nl\\\/fr\\\/#website\",\"url\":\"https:\\\/\\\/www.amstelprinting.nl\\\/fr\\\/\",\"name\":\"Amstel Printing\",\"description\":\"Creating Exposure\",\"publisher\":{\"@id\":\"https:\\\/\\\/www.amstelprinting.nl\\\/fr\\\/#organization\"},\"potentialAction\":[{\"@type\":\"SearchAction\",\"target\":{\"@type\":\"EntryPoint\",\"urlTemplate\":\"https:\\\/\\\/www.amstelprinting.nl\\\/fr\\\/?s={search_term_string}\"},\"query-input\":{\"@type\":\"PropertyValueSpecification\",\"valueRequired\":true,\"valueName\":\"search_term_string\"}}],\"inLanguage\":\"fr-FR\"},{\"@type\":\"Organization\",\"@id\":\"https:\\\/\\\/www.amstelprinting.nl\\\/fr\\\/#organization\",\"name\":\"Amstel Printing\",\"url\":\"https:\\\/\\\/www.amstelprinting.nl\\\/fr\\\/\",\"logo\":{\"@type\":\"ImageObject\",\"inLanguage\":\"fr-FR\",\"@id\":\"https:\\\/\\\/www.amstelprinting.nl\\\/fr\\\/#\\\/schema\\\/logo\\\/image\\\/\",\"url\":\"https:\\\/\\\/www.amstelprinting.nl\\\/wp-content\\\/uploads\\\/amstel_printing_logo_clean.png\",\"contentUrl\":\"https:\\\/\\\/www.amstelprinting.nl\\\/wp-content\\\/uploads\\\/amstel_printing_logo_clean.png\",\"width\":324,\"height\":73,\"caption\":\"Amstel Printing\"},\"image\":{\"@id\":\"https:\\\/\\\/www.amstelprinting.nl\\\/fr\\\/#\\\/schema\\\/logo\\\/image\\\/\"}}]}<\/script>\n<!-- \/ Yoast SEO plugin. -->","yoast_head_json":{"title":"Panneau en aluminium | Amstel Printing","robots":{"index":"index","follow":"follow","max-snippet":"max-snippet:-1","max-image-preview":"max-image-preview:large","max-video-preview":"max-video-preview:-1"},"canonical":"https:\/\/www.amstelprinting.nl\/fr\/boutique\/interieur-2\/produits-photo\/panneau-en-aluminium\/","og_locale":"fr_FR","og_type":"article","og_title":"Panneau en aluminium | Amstel Printing","og_description":"Donnez \u00e0 votre message la puissance de la durabilit\u00e9 et du style avec nos panneaux en aluminium personnalis\u00e9s. Nos panneaux en aluminium sont non seulement l\u00e9gers mais aussi extr\u00eamement robustes, id\u00e9aux pour diverses applications telles que les panneaux dans des cadres, les enseignes publicitaires sur les fa\u00e7ades ou comme panneaux photo. Que ce soit \u00e0 l'int\u00e9rieur ou \u00e0 l'ext\u00e9rieur, nos panneaux vous offrent une solution polyvalente qui r\u00e9pond parfaitement \u00e0 vos besoins.","og_url":"https:\/\/www.amstelprinting.nl\/fr\/boutique\/interieur-2\/produits-photo\/panneau-en-aluminium\/","og_site_name":"Amstel Printing","article_modified_time":"2026-02-18T11:50:45+00:00","og_image":[{"width":900,"height":900,"url":"https:\/\/www.amstelprinting.nl\/wp-content\/uploads\/aluminiumbord-bedrukken1.png","type":"image\/png"}],"twitter_card":"summary_large_image","twitter_misc":{"Dur\u00e9e de lecture estim\u00e9e":"2 minutes"},"schema":{"@context":"https:\/\/schema.org","@graph":[{"@type":"WebPage","@id":"https:\/\/www.amstelprinting.nl\/fr\/boutique\/interieur-2\/produits-photo\/panneau-en-aluminium\/","url":"https:\/\/www.amstelprinting.nl\/fr\/boutique\/interieur-2\/produits-photo\/panneau-en-aluminium\/","name":"Panneau en aluminium | Amstel Printing","isPartOf":{"@id":"https:\/\/www.amstelprinting.nl\/fr\/#website"},"primaryImageOfPage":{"@id":"https:\/\/www.amstelprinting.nl\/fr\/boutique\/interieur-2\/produits-photo\/panneau-en-aluminium\/#primaryimage"},"image":{"@id":"https:\/\/www.amstelprinting.nl\/fr\/boutique\/interieur-2\/produits-photo\/panneau-en-aluminium\/#primaryimage"},"thumbnailUrl":"https:\/\/www.amstelprinting.nl\/wp-content\/uploads\/aluminiumbord-bedrukken1.png","datePublished":"2025-01-24T10:34:51+00:00","dateModified":"2026-02-18T11:50:45+00:00","breadcrumb":{"@id":"https:\/\/www.amstelprinting.nl\/fr\/boutique\/interieur-2\/produits-photo\/panneau-en-aluminium\/#breadcrumb"},"inLanguage":"fr-FR","potentialAction":[{"@type":"ReadAction","target":["https:\/\/www.amstelprinting.nl\/fr\/boutique\/interieur-2\/produits-photo\/panneau-en-aluminium\/"]}]},{"@type":"ImageObject","inLanguage":"fr-FR","@id":"https:\/\/www.amstelprinting.nl\/fr\/boutique\/interieur-2\/produits-photo\/panneau-en-aluminium\/#primaryimage","url":"https:\/\/www.amstelprinting.nl\/wp-content\/uploads\/aluminiumbord-bedrukken1.png","contentUrl":"https:\/\/www.amstelprinting.nl\/wp-content\/uploads\/aluminiumbord-bedrukken1.png","width":900,"height":900},{"@type":"BreadcrumbList","@id":"https:\/\/www.amstelprinting.nl\/fr\/boutique\/interieur-2\/produits-photo\/panneau-en-aluminium\/#breadcrumb","itemListElement":[{"@type":"ListItem","position":1,"name":"","item":"https:\/\/www.amstelprinting.nl\/fr\/"},{"@type":"ListItem","position":2,"name":"Amstel Printing","item":"https:\/\/www.amstelprinting.nl\/fr\/boutique\/"},{"@type":"ListItem","position":3,"name":"Publicit\u00e9 ext\u00e9rieure","item":"https:\/\/www.amstelprinting.nl\/fr\/categorie\/publicite-exterieure\/"},{"@type":"ListItem","position":4,"name":"Publicit\u00e9 de fa\u00e7ade","item":"https:\/\/www.amstelprinting.nl\/fr\/categorie\/publicite-exterieure\/publicite-de-facade\/"},{"@type":"ListItem","position":5,"name":"Panneau en aluminium"}]},{"@type":"WebSite","@id":"https:\/\/www.amstelprinting.nl\/fr\/#website","url":"https:\/\/www.amstelprinting.nl\/fr\/","name":"Amstel Printing","description":"Creating Exposure","publisher":{"@id":"https:\/\/www.amstelprinting.nl\/fr\/#organization"},"potentialAction":[{"@type":"SearchAction","target":{"@type":"EntryPoint","urlTemplate":"https:\/\/www.amstelprinting.nl\/fr\/?s={search_term_string}"},"query-input":{"@type":"PropertyValueSpecification","valueRequired":true,"valueName":"search_term_string"}}],"inLanguage":"fr-FR"},{"@type":"Organization","@id":"https:\/\/www.amstelprinting.nl\/fr\/#organization","name":"Amstel Printing","url":"https:\/\/www.amstelprinting.nl\/fr\/","logo":{"@type":"ImageObject","inLanguage":"fr-FR","@id":"https:\/\/www.amstelprinting.nl\/fr\/#\/schema\/logo\/image\/","url":"https:\/\/www.amstelprinting.nl\/wp-content\/uploads\/amstel_printing_logo_clean.png","contentUrl":"https:\/\/www.amstelprinting.nl\/wp-content\/uploads\/amstel_printing_logo_clean.png","width":324,"height":73,"caption":"Amstel Printing"},"image":{"@id":"https:\/\/www.amstelprinting.nl\/fr\/#\/schema\/logo\/image\/"}}]}},"_links":{"self":[{"href":"https:\/\/www.amstelprinting.nl\/fr\/wp-json\/wp\/v2\/product\/13712","targetHints":{"allow":["GET"]}}],"collection":[{"href":"https:\/\/www.amstelprinting.nl\/fr\/wp-json\/wp\/v2\/product"}],"about":[{"href":"https:\/\/www.amstelprinting.nl\/fr\/wp-json\/wp\/v2\/types\/product"}],"wp:featuredmedia":[{"embeddable":true,"href":"https:\/\/www.amstelprinting.nl\/fr\/wp-json\/wp\/v2\/media\/13713"}],"wp:attachment":[{"href":"https:\/\/www.amstelprinting.nl\/fr\/wp-json\/wp\/v2\/media?parent=13712"}],"wp:term":[{"taxonomy":"product_brand","embeddable":true,"href":"https:\/\/www.amstelprinting.nl\/fr\/wp-json\/wp\/v2\/product_brand?post=13712"},{"taxonomy":"product_cat","embeddable":true,"href":"https:\/\/www.amstelprinting.nl\/fr\/wp-json\/wp\/v2\/product_cat?post=13712"},{"taxonomy":"product_tag","embeddable":true,"href":"https:\/\/www.amstelprinting.nl\/fr\/wp-json\/wp\/v2\/product_tag?post=13712"}],"curies":[{"name":"wp","href":"https:\/\/api.w.org\/{rel}","templated":true}]}}