{"id":13722,"date":"2025-01-24T11:34:44","date_gmt":"2025-01-24T10:34:44","guid":{"rendered":"https:\/\/www.amstelprinting.nl\/winkel\/non%20class\u00e9\/freesletters\/"},"modified":"2026-02-18T12:50:46","modified_gmt":"2026-02-18T11:50:46","slug":"lettres-decoupees","status":"publish","type":"product","link":"https:\/\/www.amstelprinting.nl\/fr\/boutique\/interieur-2\/bureau\/lettres-decoupees\/","title":{"rendered":"Lettres d\u00e9coup\u00e9es"},"content":{"rendered":"<h3>Lettres d\u00e9coup\u00e9es : disponibles en diff\u00e9rents mat\u00e9riaux<\/h3>\n<p>Nous proposons une large gamme de mat\u00e9riaux :<\/p>\n<ul>\n<li><strong>Dibond\u00ae<\/strong> : Un panneau avec une \u00e2me en aluminium et une couche sup\u00e9rieure blanche, adapt\u00e9 \u00e0 une utilisation int\u00e9rieure et ext\u00e9rieure.<\/li>\n<li><strong>Dibond\u00ae Butler Finish<\/strong> : Un panneau sandwich en aluminium avec une \u00e2me noire et un aspect acier inoxydable bross\u00e9, adapt\u00e9 \u00e0 une utilisation int\u00e9rieure et ext\u00e9rieure.<\/li>\n<li><strong>Forex\u00ae<\/strong> : PVC expans\u00e9 l\u00e9ger, id\u00e9al pour une utilisation en int\u00e9rieur.<\/li>\n<li><strong>Plexiglas<\/strong> : Mat\u00e9riau transparent avec un aspect moderne, adapt\u00e9 \u00e0 une utilisation int\u00e9rieure et ext\u00e9rieure, mais sensible aux rayures.<\/li>\n<li><strong>Easyprint<\/strong> : Panneau en polypropyl\u00e8ne l\u00e9ger et robuste pour des r\u00e9sultats d&rsquo;impression de haute qualit\u00e9.<\/li>\n<li><strong>Multiplex<\/strong> : Bois de peuplier respectueux de l&rsquo;environnement avec un aspect naturel, adapt\u00e9 \u00e0 une utilisation en int\u00e9rieur.<\/li>\n<li><strong>Re-board<\/strong> : Une construction sandwich en carton avec une couche sup\u00e9rieure blanche, rigide et l\u00e9g\u00e8re, respectueuse de l&rsquo;environnement et adapt\u00e9e \u00e0 l&rsquo;int\u00e9rieur.<\/li>\n<li><strong>Sign Again<\/strong> : Mat\u00e9riau circulaire fabriqu\u00e9 \u00e0 partir de banni\u00e8res recycl\u00e9es et de d\u00e9chets de d\u00e9coupe, adapt\u00e9 \u00e0 une utilisation int\u00e9rieure et ext\u00e9rieure, r\u00e9sistant aux chocs et flexible.<\/li>\n<\/ul>\n<p>&nbsp;<\/p>\n<h3>Accessoires<\/h3>\n<p>D\u00e9couvrez notre large s\u00e9lection d&rsquo;accessoires qui facilitent l&rsquo;installation et l&rsquo;utilisation.<\/p>\n<h3>Conseils de montage<\/h3>\n<p>Le montage des lettres d\u00e9coup\u00e9es est simple gr\u00e2ce aux entretoises, qui assurent une fixation \u00e9l\u00e9gante et efficace sur votre mur ou votre fa\u00e7ade d&rsquo;entreprise. Pendant le processus de commande, toutes les options de montage et tous les accessoires possibles sont clairement affich\u00e9s. Ainsi, les lettres d\u00e9coup\u00e9es peuvent \u00eatre install\u00e9es sans probl\u00e8me. Choisissez des lettres d\u00e9coup\u00e9es pour renforcer votre identit\u00e9 visuelle avec des mat\u00e9riaux de haute qualit\u00e9 et un aspect professionnel, parfait pour toute application commerciale ou promotionnelle.<\/p>\n","protected":false},"excerpt":{"rendered":"<p>Les lettres d\u00e9coup\u00e9es offrent un moyen puissant de pr\u00e9senter votre message ou le nom de votre marque de mani\u00e8re unique. Chez nous, vous trouverez deux types de lettres d\u00e9coup\u00e9es : des lettres et chiffres individuels ou \u00e9vid\u00e9s, tous deux parfaits pour cr\u00e9er des pr\u00e9sentoirs et une signalisation remarquables.<\/p>\n","protected":false},"featured_media":13723,"template":"","meta":{"_et_pb_use_builder":"","_et_pb_old_content":"","_et_gb_content_width":""},"product_brand":[],"product_cat":[629,542,458,448,380,443],"product_tag":[],"class_list":{"0":"post-13722","1":"product","2":"type-product","3":"status-publish","4":"has-post-thumbnail","6":"product_cat-bureau","7":"product_cat-interieur-2","8":"product_cat-publicite-de-facade","9":"product_cat-publicite-exterieure","10":"product_cat-publicite-interieure","11":"product_cat-publicite-murale","13":"first","14":"instock","15":"taxable","16":"shipping-taxable","17":"purchasable","18":"product-type-simple"},"yoast_head":"<!-- This site is optimized with the Yoast SEO plugin v27.3 - https:\/\/yoast.com\/product\/yoast-seo-wordpress\/ -->\n<title>Lettres d\u00e9coup\u00e9es | Amstel Printing<\/title>\n<meta name=\"robots\" content=\"index, follow, max-snippet:-1, max-image-preview:large, max-video-preview:-1\" \/>\n<link rel=\"canonical\" href=\"https:\/\/www.amstelprinting.nl\/fr\/boutique\/interieur-2\/bureau\/lettres-decoupees\/\" \/>\n<meta property=\"og:locale\" content=\"fr_FR\" \/>\n<meta property=\"og:type\" content=\"article\" \/>\n<meta property=\"og:title\" content=\"Lettres d\u00e9coup\u00e9es | Amstel Printing\" \/>\n<meta property=\"og:description\" content=\"Les lettres d\u00e9coup\u00e9es offrent un moyen puissant de pr\u00e9senter votre message ou le nom de votre marque de mani\u00e8re unique. Chez nous, vous trouverez deux types de lettres d\u00e9coup\u00e9es : des lettres et chiffres individuels ou \u00e9vid\u00e9s, tous deux parfaits pour cr\u00e9er des pr\u00e9sentoirs et une signalisation remarquables.\" \/>\n<meta property=\"og:url\" content=\"https:\/\/www.amstelprinting.nl\/fr\/boutique\/interieur-2\/bureau\/lettres-decoupees\/\" \/>\n<meta property=\"og:site_name\" content=\"Amstel Printing\" \/>\n<meta property=\"article:modified_time\" content=\"2026-02-18T11:50:46+00:00\" \/>\n<meta property=\"og:image\" content=\"https:\/\/www.amstelprinting.nl\/wp-content\/uploads\/Freesletters.jpg\" \/>\n\t<meta property=\"og:image:width\" content=\"700\" \/>\n\t<meta property=\"og:image:height\" content=\"700\" \/>\n\t<meta property=\"og:image:type\" content=\"image\/jpeg\" \/>\n<meta name=\"twitter:card\" content=\"summary_large_image\" \/>\n<meta name=\"twitter:label1\" content=\"Dur\u00e9e de lecture estim\u00e9e\" \/>\n\t<meta name=\"twitter:data1\" content=\"1 minute\" \/>\n<script type=\"application\/ld+json\" class=\"yoast-schema-graph\">{\"@context\":\"https:\\\/\\\/schema.org\",\"@graph\":[{\"@type\":\"WebPage\",\"@id\":\"https:\\\/\\\/www.amstelprinting.nl\\\/fr\\\/boutique\\\/interieur-2\\\/bureau\\\/lettres-decoupees\\\/\",\"url\":\"https:\\\/\\\/www.amstelprinting.nl\\\/fr\\\/boutique\\\/interieur-2\\\/bureau\\\/lettres-decoupees\\\/\",\"name\":\"Lettres d\u00e9coup\u00e9es | Amstel Printing\",\"isPartOf\":{\"@id\":\"https:\\\/\\\/www.amstelprinting.nl\\\/fr\\\/#website\"},\"primaryImageOfPage\":{\"@id\":\"https:\\\/\\\/www.amstelprinting.nl\\\/fr\\\/boutique\\\/interieur-2\\\/bureau\\\/lettres-decoupees\\\/#primaryimage\"},\"image\":{\"@id\":\"https:\\\/\\\/www.amstelprinting.nl\\\/fr\\\/boutique\\\/interieur-2\\\/bureau\\\/lettres-decoupees\\\/#primaryimage\"},\"thumbnailUrl\":\"https:\\\/\\\/www.amstelprinting.nl\\\/wp-content\\\/uploads\\\/Freesletters.jpg\",\"datePublished\":\"2025-01-24T10:34:44+00:00\",\"dateModified\":\"2026-02-18T11:50:46+00:00\",\"breadcrumb\":{\"@id\":\"https:\\\/\\\/www.amstelprinting.nl\\\/fr\\\/boutique\\\/interieur-2\\\/bureau\\\/lettres-decoupees\\\/#breadcrumb\"},\"inLanguage\":\"fr-FR\",\"potentialAction\":[{\"@type\":\"ReadAction\",\"target\":[\"https:\\\/\\\/www.amstelprinting.nl\\\/fr\\\/boutique\\\/interieur-2\\\/bureau\\\/lettres-decoupees\\\/\"]}]},{\"@type\":\"ImageObject\",\"inLanguage\":\"fr-FR\",\"@id\":\"https:\\\/\\\/www.amstelprinting.nl\\\/fr\\\/boutique\\\/interieur-2\\\/bureau\\\/lettres-decoupees\\\/#primaryimage\",\"url\":\"https:\\\/\\\/www.amstelprinting.nl\\\/wp-content\\\/uploads\\\/Freesletters.jpg\",\"contentUrl\":\"https:\\\/\\\/www.amstelprinting.nl\\\/wp-content\\\/uploads\\\/Freesletters.jpg\",\"width\":700,\"height\":700},{\"@type\":\"BreadcrumbList\",\"@id\":\"https:\\\/\\\/www.amstelprinting.nl\\\/fr\\\/boutique\\\/interieur-2\\\/bureau\\\/lettres-decoupees\\\/#breadcrumb\",\"itemListElement\":[{\"@type\":\"ListItem\",\"position\":1,\"name\":\"\",\"item\":\"https:\\\/\\\/www.amstelprinting.nl\\\/fr\\\/\"},{\"@type\":\"ListItem\",\"position\":2,\"name\":\"Amstel Printing\",\"item\":\"https:\\\/\\\/www.amstelprinting.nl\\\/fr\\\/boutique\\\/\"},{\"@type\":\"ListItem\",\"position\":3,\"name\":\"Publicit\u00e9 int\u00e9rieure\",\"item\":\"https:\\\/\\\/www.amstelprinting.nl\\\/fr\\\/categorie\\\/publicite-interieure\\\/\"},{\"@type\":\"ListItem\",\"position\":4,\"name\":\"Publicit\u00e9 murale\",\"item\":\"https:\\\/\\\/www.amstelprinting.nl\\\/fr\\\/categorie\\\/publicite-interieure\\\/publicite-murale\\\/\"},{\"@type\":\"ListItem\",\"position\":5,\"name\":\"Lettres d\u00e9coup\u00e9es\"}]},{\"@type\":\"WebSite\",\"@id\":\"https:\\\/\\\/www.amstelprinting.nl\\\/fr\\\/#website\",\"url\":\"https:\\\/\\\/www.amstelprinting.nl\\\/fr\\\/\",\"name\":\"Amstel Printing\",\"description\":\"Creating Exposure\",\"publisher\":{\"@id\":\"https:\\\/\\\/www.amstelprinting.nl\\\/fr\\\/#organization\"},\"potentialAction\":[{\"@type\":\"SearchAction\",\"target\":{\"@type\":\"EntryPoint\",\"urlTemplate\":\"https:\\\/\\\/www.amstelprinting.nl\\\/fr\\\/?s={search_term_string}\"},\"query-input\":{\"@type\":\"PropertyValueSpecification\",\"valueRequired\":true,\"valueName\":\"search_term_string\"}}],\"inLanguage\":\"fr-FR\"},{\"@type\":\"Organization\",\"@id\":\"https:\\\/\\\/www.amstelprinting.nl\\\/fr\\\/#organization\",\"name\":\"Amstel Printing\",\"url\":\"https:\\\/\\\/www.amstelprinting.nl\\\/fr\\\/\",\"logo\":{\"@type\":\"ImageObject\",\"inLanguage\":\"fr-FR\",\"@id\":\"https:\\\/\\\/www.amstelprinting.nl\\\/fr\\\/#\\\/schema\\\/logo\\\/image\\\/\",\"url\":\"https:\\\/\\\/www.amstelprinting.nl\\\/wp-content\\\/uploads\\\/amstel_printing_logo_clean.png\",\"contentUrl\":\"https:\\\/\\\/www.amstelprinting.nl\\\/wp-content\\\/uploads\\\/amstel_printing_logo_clean.png\",\"width\":324,\"height\":73,\"caption\":\"Amstel Printing\"},\"image\":{\"@id\":\"https:\\\/\\\/www.amstelprinting.nl\\\/fr\\\/#\\\/schema\\\/logo\\\/image\\\/\"}}]}<\/script>\n<!-- \/ Yoast SEO plugin. -->","yoast_head_json":{"title":"Lettres d\u00e9coup\u00e9es | Amstel Printing","robots":{"index":"index","follow":"follow","max-snippet":"max-snippet:-1","max-image-preview":"max-image-preview:large","max-video-preview":"max-video-preview:-1"},"canonical":"https:\/\/www.amstelprinting.nl\/fr\/boutique\/interieur-2\/bureau\/lettres-decoupees\/","og_locale":"fr_FR","og_type":"article","og_title":"Lettres d\u00e9coup\u00e9es | Amstel Printing","og_description":"Les lettres d\u00e9coup\u00e9es offrent un moyen puissant de pr\u00e9senter votre message ou le nom de votre marque de mani\u00e8re unique. Chez nous, vous trouverez deux types de lettres d\u00e9coup\u00e9es : des lettres et chiffres individuels ou \u00e9vid\u00e9s, tous deux parfaits pour cr\u00e9er des pr\u00e9sentoirs et une signalisation remarquables.","og_url":"https:\/\/www.amstelprinting.nl\/fr\/boutique\/interieur-2\/bureau\/lettres-decoupees\/","og_site_name":"Amstel Printing","article_modified_time":"2026-02-18T11:50:46+00:00","og_image":[{"width":700,"height":700,"url":"https:\/\/www.amstelprinting.nl\/wp-content\/uploads\/Freesletters.jpg","type":"image\/jpeg"}],"twitter_card":"summary_large_image","twitter_misc":{"Dur\u00e9e de lecture estim\u00e9e":"1 minute"},"schema":{"@context":"https:\/\/schema.org","@graph":[{"@type":"WebPage","@id":"https:\/\/www.amstelprinting.nl\/fr\/boutique\/interieur-2\/bureau\/lettres-decoupees\/","url":"https:\/\/www.amstelprinting.nl\/fr\/boutique\/interieur-2\/bureau\/lettres-decoupees\/","name":"Lettres d\u00e9coup\u00e9es | Amstel Printing","isPartOf":{"@id":"https:\/\/www.amstelprinting.nl\/fr\/#website"},"primaryImageOfPage":{"@id":"https:\/\/www.amstelprinting.nl\/fr\/boutique\/interieur-2\/bureau\/lettres-decoupees\/#primaryimage"},"image":{"@id":"https:\/\/www.amstelprinting.nl\/fr\/boutique\/interieur-2\/bureau\/lettres-decoupees\/#primaryimage"},"thumbnailUrl":"https:\/\/www.amstelprinting.nl\/wp-content\/uploads\/Freesletters.jpg","datePublished":"2025-01-24T10:34:44+00:00","dateModified":"2026-02-18T11:50:46+00:00","breadcrumb":{"@id":"https:\/\/www.amstelprinting.nl\/fr\/boutique\/interieur-2\/bureau\/lettres-decoupees\/#breadcrumb"},"inLanguage":"fr-FR","potentialAction":[{"@type":"ReadAction","target":["https:\/\/www.amstelprinting.nl\/fr\/boutique\/interieur-2\/bureau\/lettres-decoupees\/"]}]},{"@type":"ImageObject","inLanguage":"fr-FR","@id":"https:\/\/www.amstelprinting.nl\/fr\/boutique\/interieur-2\/bureau\/lettres-decoupees\/#primaryimage","url":"https:\/\/www.amstelprinting.nl\/wp-content\/uploads\/Freesletters.jpg","contentUrl":"https:\/\/www.amstelprinting.nl\/wp-content\/uploads\/Freesletters.jpg","width":700,"height":700},{"@type":"BreadcrumbList","@id":"https:\/\/www.amstelprinting.nl\/fr\/boutique\/interieur-2\/bureau\/lettres-decoupees\/#breadcrumb","itemListElement":[{"@type":"ListItem","position":1,"name":"","item":"https:\/\/www.amstelprinting.nl\/fr\/"},{"@type":"ListItem","position":2,"name":"Amstel Printing","item":"https:\/\/www.amstelprinting.nl\/fr\/boutique\/"},{"@type":"ListItem","position":3,"name":"Publicit\u00e9 int\u00e9rieure","item":"https:\/\/www.amstelprinting.nl\/fr\/categorie\/publicite-interieure\/"},{"@type":"ListItem","position":4,"name":"Publicit\u00e9 murale","item":"https:\/\/www.amstelprinting.nl\/fr\/categorie\/publicite-interieure\/publicite-murale\/"},{"@type":"ListItem","position":5,"name":"Lettres d\u00e9coup\u00e9es"}]},{"@type":"WebSite","@id":"https:\/\/www.amstelprinting.nl\/fr\/#website","url":"https:\/\/www.amstelprinting.nl\/fr\/","name":"Amstel Printing","description":"Creating Exposure","publisher":{"@id":"https:\/\/www.amstelprinting.nl\/fr\/#organization"},"potentialAction":[{"@type":"SearchAction","target":{"@type":"EntryPoint","urlTemplate":"https:\/\/www.amstelprinting.nl\/fr\/?s={search_term_string}"},"query-input":{"@type":"PropertyValueSpecification","valueRequired":true,"valueName":"search_term_string"}}],"inLanguage":"fr-FR"},{"@type":"Organization","@id":"https:\/\/www.amstelprinting.nl\/fr\/#organization","name":"Amstel Printing","url":"https:\/\/www.amstelprinting.nl\/fr\/","logo":{"@type":"ImageObject","inLanguage":"fr-FR","@id":"https:\/\/www.amstelprinting.nl\/fr\/#\/schema\/logo\/image\/","url":"https:\/\/www.amstelprinting.nl\/wp-content\/uploads\/amstel_printing_logo_clean.png","contentUrl":"https:\/\/www.amstelprinting.nl\/wp-content\/uploads\/amstel_printing_logo_clean.png","width":324,"height":73,"caption":"Amstel Printing"},"image":{"@id":"https:\/\/www.amstelprinting.nl\/fr\/#\/schema\/logo\/image\/"}}]}},"_links":{"self":[{"href":"https:\/\/www.amstelprinting.nl\/fr\/wp-json\/wp\/v2\/product\/13722","targetHints":{"allow":["GET"]}}],"collection":[{"href":"https:\/\/www.amstelprinting.nl\/fr\/wp-json\/wp\/v2\/product"}],"about":[{"href":"https:\/\/www.amstelprinting.nl\/fr\/wp-json\/wp\/v2\/types\/product"}],"wp:featuredmedia":[{"embeddable":true,"href":"https:\/\/www.amstelprinting.nl\/fr\/wp-json\/wp\/v2\/media\/13723"}],"wp:attachment":[{"href":"https:\/\/www.amstelprinting.nl\/fr\/wp-json\/wp\/v2\/media?parent=13722"}],"wp:term":[{"taxonomy":"product_brand","embeddable":true,"href":"https:\/\/www.amstelprinting.nl\/fr\/wp-json\/wp\/v2\/product_brand?post=13722"},{"taxonomy":"product_cat","embeddable":true,"href":"https:\/\/www.amstelprinting.nl\/fr\/wp-json\/wp\/v2\/product_cat?post=13722"},{"taxonomy":"product_tag","embeddable":true,"href":"https:\/\/www.amstelprinting.nl\/fr\/wp-json\/wp\/v2\/product_tag?post=13722"}],"curies":[{"name":"wp","href":"https:\/\/api.w.org\/{rel}","templated":true}]}}