{"id":13732,"date":"2025-01-24T11:34:38","date_gmt":"2025-01-24T10:34:38","guid":{"rendered":"https:\/\/www.amstelprinting.nl\/winkel\/non%20class\u00e9\/gevelbord\/"},"modified":"2026-02-18T12:50:47","modified_gmt":"2026-02-18T11:50:47","slug":"enseigne-de-facade","status":"publish","type":"product","link":"https:\/\/www.amstelprinting.nl\/fr\/boutique\/publicite-exterieure\/publicite-de-facade\/enseigne-de-facade\/","title":{"rendered":"Enseigne de fa\u00e7ade"},"content":{"rendered":"<h3>Mat\u00e9riaux<\/h3>\n<p>L&rsquo;enseigne de fa\u00e7ade peut \u00eatre imprim\u00e9e sur le mat\u00e9riau qui correspond le mieux \u00e0 vos besoins. Ci-dessous, nous expliquons bri\u00e8vement les diff\u00e9rences par type de mat\u00e9riau.<\/p>\n<ul>\n<li><strong>Forex\u00ae<\/strong> : PVC expans\u00e9 l\u00e9ger, id\u00e9al pour une utilisation en int\u00e9rieur.<\/li>\n<li><strong>HPL<\/strong> : Stratifi\u00e9 haute pression durable, adapt\u00e9 \u00e0 une utilisation int\u00e9rieure et ext\u00e9rieure.<\/li>\n<li><strong>Sign Again\u00ae<\/strong> : Mat\u00e9riau circulaire fabriqu\u00e9 \u00e0 partir de banni\u00e8res recycl\u00e9es et de d\u00e9chets de coupe, robuste et adapt\u00e9 aux applications int\u00e9rieures et ext\u00e9rieures.<\/li>\n<li><strong>Dibond\u00ae<\/strong> : Panneau sandwich en aluminium avec un noyau en poly\u00e9thyl\u00e8ne, excellent pour une utilisation int\u00e9rieure et ext\u00e9rieure en raison de sa r\u00e9sistance et de sa durabilit\u00e9.<\/li>\n<\/ul>\n<p>&nbsp;<\/p>\n<h3>Impression recto-verso<\/h3>\n<p>Le Forex, le HPL et le Dibond\u00ae peuvent \u00eatre imprim\u00e9s aussi bien en recto qu&rsquo;en recto-verso pour une visibilit\u00e9 maximale.<\/p>\n<h3>Finition<\/h3>\n<p>Personnalisez votre enseigne de fa\u00e7ade imprim\u00e9e avec diverses options de finition. Choisissez pour le HPL, le Sign Again\u00ae et le Dibond\u00ae un rev\u00eatement brillant ou mat. Optimisez le look avec une d\u00e9coupe \u00e0 la fraise ou \u00e0 la forme, et indiquez simplement le nombre de trous de per\u00e7age que vous souhaitez faire appliquer.<\/p>\n<h3>Accessoires<\/h3>\n<p>Compl\u00e9tez votre enseigne de fa\u00e7ade avec des accessoires de votre choix, tels que des plaques de suspension, du ruban adh\u00e9sif double face ou des bandes autocollantes. Toutes les options sont faciles \u00e0 s\u00e9lectionner lors du processus de commande, de sorte que votre enseigne imprim\u00e9e soit imm\u00e9diatement pr\u00eate \u00e0 l&#8217;emploi (montage).<\/p>\n<h3>Questions fr\u00e9quemment pos\u00e9es<\/h3>\n<p><strong>Quels sont les avantages d&rsquo;un rev\u00eatement ?<\/strong><br \/>\nEn munissant l&rsquo;enseigne de fa\u00e7ade d&rsquo;un rev\u00eatement, vous obtenez une intensit\u00e9 de couleur accrue et votre impression est mieux prot\u00e9g\u00e9e contre les facteurs environnementaux.<\/p>\n<p><strong>Quelles options de rev\u00eatement sont disponibles ?<\/strong><br \/>\nVous avez le choix entre un rev\u00eatement brillant ou mat.<\/p>\n<p><strong>Quelle est la diff\u00e9rence d&rsquo;aspect entre un rev\u00eatement brillant et un rev\u00eatement mat ?<\/strong><br \/>\nUn rev\u00eatement brillant offre des couleurs vives et puissantes avec une l\u00e9g\u00e8re brillance. Un rev\u00eatement mat donne une finition un peu plus mate, mais am\u00e9liore la lisibilit\u00e9 des textes.<\/p>\n<p><strong>Comment le produit est-il livr\u00e9 s&rsquo;il est plus grand que la largeur d&rsquo;impression maximale ?<\/strong><br \/>\nNous divisons automatiquement votre fichier en panneaux. M\u00eame si vous choisissez des trous de per\u00e7age dans les coins, ceux-ci sont automatiquement plac\u00e9s dans chaque panneau selon vos sp\u00e9cifications.<\/p>\n","protected":false},"excerpt":{"rendered":"<p>Pour une premi\u00e8re impression impressionnante de votre entreprise ! L&rsquo;enseigne de fa\u00e7ade est dot\u00e9e d&rsquo;une impression ultra-nette de votre logo ou design. Composez ci-dessous votre enseigne de fa\u00e7ade avec l&rsquo;impression de votre choix en quelques \u00e9tapes. Choisissez une dimension et le type de mat\u00e9riau souhait\u00e9.<\/p>\n","protected":false},"featured_media":13733,"template":"","meta":{"_et_pb_use_builder":"","_et_pb_old_content":"","_et_gb_content_width":""},"product_brand":[],"product_cat":[458,448],"product_tag":[],"class_list":{"0":"post-13732","1":"product","2":"type-product","3":"status-publish","4":"has-post-thumbnail","6":"product_cat-publicite-de-facade","7":"product_cat-publicite-exterieure","9":"first","10":"instock","11":"taxable","12":"shipping-taxable","13":"purchasable","14":"product-type-simple"},"yoast_head":"<!-- This site is optimized with the Yoast SEO plugin v27.3 - https:\/\/yoast.com\/product\/yoast-seo-wordpress\/ -->\n<title>Enseigne de fa\u00e7ade professionnelle sur mesure \u2013 Durable et livraison rapide<\/title>\n<meta name=\"description\" content=\"Cr\u00e9ez une premi\u00e8re impression forte avec une enseigne de fa\u00e7ade sur mesure. Commandez aujourd&#039;hui pour une livraison rapide et des options de montage flexibles.\" \/>\n<meta name=\"robots\" content=\"index, follow, max-snippet:-1, max-image-preview:large, max-video-preview:-1\" \/>\n<link rel=\"canonical\" href=\"https:\/\/www.amstelprinting.nl\/fr\/boutique\/publicite-exterieure\/publicite-de-facade\/enseigne-de-facade\/\" \/>\n<meta property=\"og:locale\" content=\"fr_FR\" \/>\n<meta property=\"og:type\" content=\"article\" \/>\n<meta property=\"og:title\" content=\"Enseigne de fa\u00e7ade professionnelle sur mesure \u2013 Durable et livraison rapide\" \/>\n<meta property=\"og:description\" content=\"Cr\u00e9ez une premi\u00e8re impression forte avec une enseigne de fa\u00e7ade sur mesure. Commandez aujourd&#039;hui pour une livraison rapide et des options de montage flexibles.\" \/>\n<meta property=\"og:url\" content=\"https:\/\/www.amstelprinting.nl\/fr\/boutique\/publicite-exterieure\/publicite-de-facade\/enseigne-de-facade\/\" \/>\n<meta property=\"og:site_name\" content=\"Amstel Printing\" \/>\n<meta property=\"article:modified_time\" content=\"2026-02-18T11:50:47+00:00\" \/>\n<meta property=\"og:image\" content=\"https:\/\/www.amstelprinting.nl\/wp-content\/uploads\/gevelbord-bedrukken.png\" \/>\n\t<meta property=\"og:image:width\" content=\"900\" \/>\n\t<meta property=\"og:image:height\" content=\"900\" \/>\n\t<meta property=\"og:image:type\" content=\"image\/png\" \/>\n<meta name=\"twitter:card\" content=\"summary_large_image\" \/>\n<meta name=\"twitter:label1\" content=\"Dur\u00e9e de lecture estim\u00e9e\" \/>\n\t<meta name=\"twitter:data1\" content=\"2 minutes\" \/>\n<script type=\"application\/ld+json\" class=\"yoast-schema-graph\">{\"@context\":\"https:\\\/\\\/schema.org\",\"@graph\":[{\"@type\":\"WebPage\",\"@id\":\"https:\\\/\\\/www.amstelprinting.nl\\\/fr\\\/boutique\\\/publicite-exterieure\\\/publicite-de-facade\\\/enseigne-de-facade\\\/\",\"url\":\"https:\\\/\\\/www.amstelprinting.nl\\\/fr\\\/boutique\\\/publicite-exterieure\\\/publicite-de-facade\\\/enseigne-de-facade\\\/\",\"name\":\"Enseigne de fa\u00e7ade professionnelle sur mesure \u2013 Durable et livraison rapide\",\"isPartOf\":{\"@id\":\"https:\\\/\\\/www.amstelprinting.nl\\\/fr\\\/#website\"},\"primaryImageOfPage\":{\"@id\":\"https:\\\/\\\/www.amstelprinting.nl\\\/fr\\\/boutique\\\/publicite-exterieure\\\/publicite-de-facade\\\/enseigne-de-facade\\\/#primaryimage\"},\"image\":{\"@id\":\"https:\\\/\\\/www.amstelprinting.nl\\\/fr\\\/boutique\\\/publicite-exterieure\\\/publicite-de-facade\\\/enseigne-de-facade\\\/#primaryimage\"},\"thumbnailUrl\":\"https:\\\/\\\/www.amstelprinting.nl\\\/wp-content\\\/uploads\\\/gevelbord-bedrukken.png\",\"datePublished\":\"2025-01-24T10:34:38+00:00\",\"dateModified\":\"2026-02-18T11:50:47+00:00\",\"description\":\"Cr\u00e9ez une premi\u00e8re impression forte avec une enseigne de fa\u00e7ade sur mesure. Commandez aujourd'hui pour une livraison rapide et des options de montage flexibles.\",\"breadcrumb\":{\"@id\":\"https:\\\/\\\/www.amstelprinting.nl\\\/fr\\\/boutique\\\/publicite-exterieure\\\/publicite-de-facade\\\/enseigne-de-facade\\\/#breadcrumb\"},\"inLanguage\":\"fr-FR\",\"potentialAction\":[{\"@type\":\"ReadAction\",\"target\":[\"https:\\\/\\\/www.amstelprinting.nl\\\/fr\\\/boutique\\\/publicite-exterieure\\\/publicite-de-facade\\\/enseigne-de-facade\\\/\"]}]},{\"@type\":\"ImageObject\",\"inLanguage\":\"fr-FR\",\"@id\":\"https:\\\/\\\/www.amstelprinting.nl\\\/fr\\\/boutique\\\/publicite-exterieure\\\/publicite-de-facade\\\/enseigne-de-facade\\\/#primaryimage\",\"url\":\"https:\\\/\\\/www.amstelprinting.nl\\\/wp-content\\\/uploads\\\/gevelbord-bedrukken.png\",\"contentUrl\":\"https:\\\/\\\/www.amstelprinting.nl\\\/wp-content\\\/uploads\\\/gevelbord-bedrukken.png\",\"width\":900,\"height\":900},{\"@type\":\"BreadcrumbList\",\"@id\":\"https:\\\/\\\/www.amstelprinting.nl\\\/fr\\\/boutique\\\/publicite-exterieure\\\/publicite-de-facade\\\/enseigne-de-facade\\\/#breadcrumb\",\"itemListElement\":[{\"@type\":\"ListItem\",\"position\":1,\"name\":\"\",\"item\":\"https:\\\/\\\/www.amstelprinting.nl\\\/fr\\\/\"},{\"@type\":\"ListItem\",\"position\":2,\"name\":\"Amstel Printing\",\"item\":\"https:\\\/\\\/www.amstelprinting.nl\\\/fr\\\/boutique\\\/\"},{\"@type\":\"ListItem\",\"position\":3,\"name\":\"Publicit\u00e9 ext\u00e9rieure\",\"item\":\"https:\\\/\\\/www.amstelprinting.nl\\\/fr\\\/categorie\\\/publicite-exterieure\\\/\"},{\"@type\":\"ListItem\",\"position\":4,\"name\":\"Publicit\u00e9 de fa\u00e7ade\",\"item\":\"https:\\\/\\\/www.amstelprinting.nl\\\/fr\\\/categorie\\\/publicite-exterieure\\\/publicite-de-facade\\\/\"},{\"@type\":\"ListItem\",\"position\":5,\"name\":\"Enseigne de fa\u00e7ade\"}]},{\"@type\":\"WebSite\",\"@id\":\"https:\\\/\\\/www.amstelprinting.nl\\\/fr\\\/#website\",\"url\":\"https:\\\/\\\/www.amstelprinting.nl\\\/fr\\\/\",\"name\":\"Amstel Printing\",\"description\":\"Creating Exposure\",\"publisher\":{\"@id\":\"https:\\\/\\\/www.amstelprinting.nl\\\/fr\\\/#organization\"},\"potentialAction\":[{\"@type\":\"SearchAction\",\"target\":{\"@type\":\"EntryPoint\",\"urlTemplate\":\"https:\\\/\\\/www.amstelprinting.nl\\\/fr\\\/?s={search_term_string}\"},\"query-input\":{\"@type\":\"PropertyValueSpecification\",\"valueRequired\":true,\"valueName\":\"search_term_string\"}}],\"inLanguage\":\"fr-FR\"},{\"@type\":\"Organization\",\"@id\":\"https:\\\/\\\/www.amstelprinting.nl\\\/fr\\\/#organization\",\"name\":\"Amstel Printing\",\"url\":\"https:\\\/\\\/www.amstelprinting.nl\\\/fr\\\/\",\"logo\":{\"@type\":\"ImageObject\",\"inLanguage\":\"fr-FR\",\"@id\":\"https:\\\/\\\/www.amstelprinting.nl\\\/fr\\\/#\\\/schema\\\/logo\\\/image\\\/\",\"url\":\"https:\\\/\\\/www.amstelprinting.nl\\\/wp-content\\\/uploads\\\/amstel_printing_logo_clean.png\",\"contentUrl\":\"https:\\\/\\\/www.amstelprinting.nl\\\/wp-content\\\/uploads\\\/amstel_printing_logo_clean.png\",\"width\":324,\"height\":73,\"caption\":\"Amstel Printing\"},\"image\":{\"@id\":\"https:\\\/\\\/www.amstelprinting.nl\\\/fr\\\/#\\\/schema\\\/logo\\\/image\\\/\"}}]}<\/script>\n<!-- \/ Yoast SEO plugin. -->","yoast_head_json":{"title":"Enseigne de fa\u00e7ade professionnelle sur mesure \u2013 Durable et livraison rapide","description":"Cr\u00e9ez une premi\u00e8re impression forte avec une enseigne de fa\u00e7ade sur mesure. Commandez aujourd'hui pour une livraison rapide et des options de montage flexibles.","robots":{"index":"index","follow":"follow","max-snippet":"max-snippet:-1","max-image-preview":"max-image-preview:large","max-video-preview":"max-video-preview:-1"},"canonical":"https:\/\/www.amstelprinting.nl\/fr\/boutique\/publicite-exterieure\/publicite-de-facade\/enseigne-de-facade\/","og_locale":"fr_FR","og_type":"article","og_title":"Enseigne de fa\u00e7ade professionnelle sur mesure \u2013 Durable et livraison rapide","og_description":"Cr\u00e9ez une premi\u00e8re impression forte avec une enseigne de fa\u00e7ade sur mesure. Commandez aujourd'hui pour une livraison rapide et des options de montage flexibles.","og_url":"https:\/\/www.amstelprinting.nl\/fr\/boutique\/publicite-exterieure\/publicite-de-facade\/enseigne-de-facade\/","og_site_name":"Amstel Printing","article_modified_time":"2026-02-18T11:50:47+00:00","og_image":[{"width":900,"height":900,"url":"https:\/\/www.amstelprinting.nl\/wp-content\/uploads\/gevelbord-bedrukken.png","type":"image\/png"}],"twitter_card":"summary_large_image","twitter_misc":{"Dur\u00e9e de lecture estim\u00e9e":"2 minutes"},"schema":{"@context":"https:\/\/schema.org","@graph":[{"@type":"WebPage","@id":"https:\/\/www.amstelprinting.nl\/fr\/boutique\/publicite-exterieure\/publicite-de-facade\/enseigne-de-facade\/","url":"https:\/\/www.amstelprinting.nl\/fr\/boutique\/publicite-exterieure\/publicite-de-facade\/enseigne-de-facade\/","name":"Enseigne de fa\u00e7ade professionnelle sur mesure \u2013 Durable et livraison rapide","isPartOf":{"@id":"https:\/\/www.amstelprinting.nl\/fr\/#website"},"primaryImageOfPage":{"@id":"https:\/\/www.amstelprinting.nl\/fr\/boutique\/publicite-exterieure\/publicite-de-facade\/enseigne-de-facade\/#primaryimage"},"image":{"@id":"https:\/\/www.amstelprinting.nl\/fr\/boutique\/publicite-exterieure\/publicite-de-facade\/enseigne-de-facade\/#primaryimage"},"thumbnailUrl":"https:\/\/www.amstelprinting.nl\/wp-content\/uploads\/gevelbord-bedrukken.png","datePublished":"2025-01-24T10:34:38+00:00","dateModified":"2026-02-18T11:50:47+00:00","description":"Cr\u00e9ez une premi\u00e8re impression forte avec une enseigne de fa\u00e7ade sur mesure. Commandez aujourd'hui pour une livraison rapide et des options de montage flexibles.","breadcrumb":{"@id":"https:\/\/www.amstelprinting.nl\/fr\/boutique\/publicite-exterieure\/publicite-de-facade\/enseigne-de-facade\/#breadcrumb"},"inLanguage":"fr-FR","potentialAction":[{"@type":"ReadAction","target":["https:\/\/www.amstelprinting.nl\/fr\/boutique\/publicite-exterieure\/publicite-de-facade\/enseigne-de-facade\/"]}]},{"@type":"ImageObject","inLanguage":"fr-FR","@id":"https:\/\/www.amstelprinting.nl\/fr\/boutique\/publicite-exterieure\/publicite-de-facade\/enseigne-de-facade\/#primaryimage","url":"https:\/\/www.amstelprinting.nl\/wp-content\/uploads\/gevelbord-bedrukken.png","contentUrl":"https:\/\/www.amstelprinting.nl\/wp-content\/uploads\/gevelbord-bedrukken.png","width":900,"height":900},{"@type":"BreadcrumbList","@id":"https:\/\/www.amstelprinting.nl\/fr\/boutique\/publicite-exterieure\/publicite-de-facade\/enseigne-de-facade\/#breadcrumb","itemListElement":[{"@type":"ListItem","position":1,"name":"","item":"https:\/\/www.amstelprinting.nl\/fr\/"},{"@type":"ListItem","position":2,"name":"Amstel Printing","item":"https:\/\/www.amstelprinting.nl\/fr\/boutique\/"},{"@type":"ListItem","position":3,"name":"Publicit\u00e9 ext\u00e9rieure","item":"https:\/\/www.amstelprinting.nl\/fr\/categorie\/publicite-exterieure\/"},{"@type":"ListItem","position":4,"name":"Publicit\u00e9 de fa\u00e7ade","item":"https:\/\/www.amstelprinting.nl\/fr\/categorie\/publicite-exterieure\/publicite-de-facade\/"},{"@type":"ListItem","position":5,"name":"Enseigne de fa\u00e7ade"}]},{"@type":"WebSite","@id":"https:\/\/www.amstelprinting.nl\/fr\/#website","url":"https:\/\/www.amstelprinting.nl\/fr\/","name":"Amstel Printing","description":"Creating Exposure","publisher":{"@id":"https:\/\/www.amstelprinting.nl\/fr\/#organization"},"potentialAction":[{"@type":"SearchAction","target":{"@type":"EntryPoint","urlTemplate":"https:\/\/www.amstelprinting.nl\/fr\/?s={search_term_string}"},"query-input":{"@type":"PropertyValueSpecification","valueRequired":true,"valueName":"search_term_string"}}],"inLanguage":"fr-FR"},{"@type":"Organization","@id":"https:\/\/www.amstelprinting.nl\/fr\/#organization","name":"Amstel Printing","url":"https:\/\/www.amstelprinting.nl\/fr\/","logo":{"@type":"ImageObject","inLanguage":"fr-FR","@id":"https:\/\/www.amstelprinting.nl\/fr\/#\/schema\/logo\/image\/","url":"https:\/\/www.amstelprinting.nl\/wp-content\/uploads\/amstel_printing_logo_clean.png","contentUrl":"https:\/\/www.amstelprinting.nl\/wp-content\/uploads\/amstel_printing_logo_clean.png","width":324,"height":73,"caption":"Amstel Printing"},"image":{"@id":"https:\/\/www.amstelprinting.nl\/fr\/#\/schema\/logo\/image\/"}}]}},"_links":{"self":[{"href":"https:\/\/www.amstelprinting.nl\/fr\/wp-json\/wp\/v2\/product\/13732","targetHints":{"allow":["GET"]}}],"collection":[{"href":"https:\/\/www.amstelprinting.nl\/fr\/wp-json\/wp\/v2\/product"}],"about":[{"href":"https:\/\/www.amstelprinting.nl\/fr\/wp-json\/wp\/v2\/types\/product"}],"wp:featuredmedia":[{"embeddable":true,"href":"https:\/\/www.amstelprinting.nl\/fr\/wp-json\/wp\/v2\/media\/13733"}],"wp:attachment":[{"href":"https:\/\/www.amstelprinting.nl\/fr\/wp-json\/wp\/v2\/media?parent=13732"}],"wp:term":[{"taxonomy":"product_brand","embeddable":true,"href":"https:\/\/www.amstelprinting.nl\/fr\/wp-json\/wp\/v2\/product_brand?post=13732"},{"taxonomy":"product_cat","embeddable":true,"href":"https:\/\/www.amstelprinting.nl\/fr\/wp-json\/wp\/v2\/product_cat?post=13732"},{"taxonomy":"product_tag","embeddable":true,"href":"https:\/\/www.amstelprinting.nl\/fr\/wp-json\/wp\/v2\/product_tag?post=13732"}],"curies":[{"name":"wp","href":"https:\/\/api.w.org\/{rel}","templated":true}]}}