{"id":13742,"date":"2025-01-24T11:34:32","date_gmt":"2025-01-24T10:34:32","guid":{"rendered":"https:\/\/www.amstelprinting.nl\/winkel\/non%20class\u00e9\/kioskvlag\/"},"modified":"2026-02-18T12:50:48","modified_gmt":"2026-02-18T11:50:48","slug":"drapeau-de-kiosque","status":"publish","type":"product","link":"https:\/\/www.amstelprinting.nl\/fr\/boutique\/tout-les-drapeaux\/drapeaux-de-facade\/drapeau-de-kiosque\/","title":{"rendered":"Drapeau de kiosque"},"content":{"rendered":"<h3>Choisissez le bon mat\u00e9riau<\/h3>\n<p>Le drapeau de kiosque peut \u00eatre imprim\u00e9 aussi bien en recto seul qu&rsquo;en recto-verso. Pour l&rsquo;impression recto seul, le mat\u00e9riau Longlife est utilis\u00e9. Ce tissu extra-r\u00e9sistant poss\u00e8de une structure sp\u00e9ciale qui r\u00e9duit l&rsquo;effilochage, assurant ainsi une dur\u00e9e de vie plus longue. Au verso du drapeau de kiosque, le design est visible par transparence (effet miroir). Pour l&rsquo;impression recto-verso, nous utilisons le Banner 610. Il s&rsquo;agit d&rsquo;un mat\u00e9riau dot\u00e9 d&rsquo;une fonction occultante (blockout), emp\u00eachant l&rsquo;impression de transpara\u00eetre de l&rsquo;autre c\u00f4t\u00e9. Veuillez noter qu&rsquo;avec ce type d&rsquo;impression, il peut arriver que les deux c\u00f4t\u00e9s ne soient pas parfaitement identiques.<\/p>\n<h3>Formats de drapeau de kiosque<\/h3>\n<p>Le drapeau de kiosque est disponible en trois formats :<\/p>\n<ul>\n<li>50 x 100 x 150 cm<\/li>\n<li>68 x 68 x 136 cm<\/li>\n<li>75 x 75 x 150 cm<\/li>\n<\/ul>\n<p>&nbsp;<\/p>\n<h3>Finitions du drapeau de kiosque<\/h3>\n<p>Le drapeau peut \u00eatre fini avec une sangle, une corde et une boucle sur le c\u00f4t\u00e9 gauche ou droit de votre drapeau de kiosque. De plus, diff\u00e9rents accessoires peuvent \u00eatre command\u00e9s en option (tels que des m\u00e2ts de fa\u00e7ade et des supports de diff\u00e9rentes couleurs).<\/p>\n<h3>Questions fr\u00e9quemment pos\u00e9es sur les drapeaux de kiosque<\/h3>\n<p><strong>Comment conserver au mieux la qualit\u00e9 du drapeau ?<\/strong><br \/>\nIl est conseill\u00e9 de rentrer le drapeau le soir et en cas de vents forts. Enroulez le drapeau ou conservez-le \u00e0 plat, mais ne le pliez pas (!). Vous r\u00e9duirez ainsi les risques de dommages et le drapeau de kiosque durera plus longtemps.<\/p>\n<p><strong>Saviez-vous que vous pouvez aussi mettre les drapeaux \u00e0 la machine \u00e0 laver ?<\/strong><br \/>\nIl est possible de laver les drapeaux \u00e0 30 degr\u00e9s Celsius maximum. Utilisez uniquement une lessive pour linge d\u00e9licat.<\/p>\n<p><strong>Quelle est la diff\u00e9rence entre le Banner 610 et le Longlife ?<\/strong><br \/>\nLe Banner 610 est une b\u00e2che PVC de qualit\u00e9 tr\u00e8s \u00e9lev\u00e9e et robuste. C&rsquo;est un mat\u00e9riau durable sur lequel les impressions ressortent parfaitement. Cette b\u00e2che a un aspect mat et peut \u00eatre imprim\u00e9e des deux c\u00f4t\u00e9s. Le Flag Longlife est un tissu en polyester robuste avec une texture grossi\u00e8re. Le mat\u00e9riau est l\u00e9g\u00e8rement perfor\u00e9 et s&rsquo;effiloche donc \u00e0 peine. Ce tissu est exclusivement imprim\u00e9 en recto seul. Gr\u00e2ce \u00e0 sa structure, l&rsquo;impression traverse le mat\u00e9riau, rendant environ 90 % \u00e0 95 % de l&rsquo;impression visible en miroir au verso.<\/p>\n","protected":false},"excerpt":{"rendered":"<p>Un drapeau de kiosque est parfait comme enseigne attrayante pour votre magasin, bureau ou stand de march\u00e9. Avec un drapeau de kiosque imprim\u00e9 en recto-verso, vous \u00eates assur\u00e9 d&rsquo;attirer l&rsquo;attention des clients potentiels. Choisissez parmi 3 formats diff\u00e9rents et commandez en option le m\u00e2t de fa\u00e7ade et le support. \u00c9conomique et livr\u00e9 sous 3 jours ouvr\u00e9s. Composez votre drapeau de kiosque ci-dessous.<\/p>\n","protected":false},"featured_media":13743,"template":"","meta":{"_et_pb_use_builder":"","_et_pb_old_content":"","_et_gb_content_width":""},"product_brand":[],"product_cat":[872,882,458,448],"product_tag":[],"class_list":{"0":"post-13742","1":"product","2":"type-product","3":"status-publish","4":"has-post-thumbnail","6":"product_cat-tout-les-drapeaux","7":"product_cat-drapeaux-de-facade","8":"product_cat-publicite-de-facade","9":"product_cat-publicite-exterieure","11":"first","12":"instock","13":"taxable","14":"shipping-taxable","15":"purchasable","16":"product-type-simple"},"yoast_head":"<!-- This site is optimized with the Yoast SEO plugin v27.3 - https:\/\/yoast.com\/product\/yoast-seo-wordpress\/ -->\n<title>Acheter un drapeau de kiosque ? Des drapeaux abordables, durables et livr\u00e9s rapidement<\/title>\n<meta name=\"description\" content=\"D\u00e9marquez-vous avec un drapeau de kiosque professionnel pour votre magasin ou bureau. Choisissez parmi des mat\u00e9riaux et formats durables. Livraison rapide sous 3 jours ouvr\u00e9s.\" \/>\n<meta name=\"robots\" content=\"index, follow, max-snippet:-1, max-image-preview:large, max-video-preview:-1\" \/>\n<link rel=\"canonical\" href=\"https:\/\/www.amstelprinting.nl\/fr\/boutique\/tout-les-drapeaux\/drapeaux-de-facade\/drapeau-de-kiosque\/\" \/>\n<meta property=\"og:locale\" content=\"fr_FR\" \/>\n<meta property=\"og:type\" content=\"article\" \/>\n<meta property=\"og:title\" content=\"Acheter un drapeau de kiosque ? Des drapeaux abordables, durables et livr\u00e9s rapidement\" \/>\n<meta property=\"og:description\" content=\"D\u00e9marquez-vous avec un drapeau de kiosque professionnel pour votre magasin ou bureau. Choisissez parmi des mat\u00e9riaux et formats durables. Livraison rapide sous 3 jours ouvr\u00e9s.\" \/>\n<meta property=\"og:url\" content=\"https:\/\/www.amstelprinting.nl\/fr\/boutique\/tout-les-drapeaux\/drapeaux-de-facade\/drapeau-de-kiosque\/\" \/>\n<meta property=\"og:site_name\" content=\"Amstel Printing\" \/>\n<meta property=\"article:modified_time\" content=\"2026-02-18T11:50:48+00:00\" \/>\n<meta property=\"og:image\" content=\"https:\/\/www.amstelprinting.nl\/wp-content\/uploads\/kioskvlag-bedrukken-2.png\" \/>\n\t<meta property=\"og:image:width\" content=\"900\" \/>\n\t<meta property=\"og:image:height\" content=\"900\" \/>\n\t<meta property=\"og:image:type\" content=\"image\/png\" \/>\n<meta name=\"twitter:card\" content=\"summary_large_image\" \/>\n<meta name=\"twitter:label1\" content=\"Dur\u00e9e de lecture estim\u00e9e\" \/>\n\t<meta name=\"twitter:data1\" content=\"2 minutes\" \/>\n<script type=\"application\/ld+json\" class=\"yoast-schema-graph\">{\"@context\":\"https:\\\/\\\/schema.org\",\"@graph\":[{\"@type\":\"WebPage\",\"@id\":\"https:\\\/\\\/www.amstelprinting.nl\\\/fr\\\/boutique\\\/tout-les-drapeaux\\\/drapeaux-de-facade\\\/drapeau-de-kiosque\\\/\",\"url\":\"https:\\\/\\\/www.amstelprinting.nl\\\/fr\\\/boutique\\\/tout-les-drapeaux\\\/drapeaux-de-facade\\\/drapeau-de-kiosque\\\/\",\"name\":\"Acheter un drapeau de kiosque ? Des drapeaux abordables, durables et livr\u00e9s rapidement\",\"isPartOf\":{\"@id\":\"https:\\\/\\\/www.amstelprinting.nl\\\/fr\\\/#website\"},\"primaryImageOfPage\":{\"@id\":\"https:\\\/\\\/www.amstelprinting.nl\\\/fr\\\/boutique\\\/tout-les-drapeaux\\\/drapeaux-de-facade\\\/drapeau-de-kiosque\\\/#primaryimage\"},\"image\":{\"@id\":\"https:\\\/\\\/www.amstelprinting.nl\\\/fr\\\/boutique\\\/tout-les-drapeaux\\\/drapeaux-de-facade\\\/drapeau-de-kiosque\\\/#primaryimage\"},\"thumbnailUrl\":\"https:\\\/\\\/www.amstelprinting.nl\\\/wp-content\\\/uploads\\\/kioskvlag-bedrukken-2.png\",\"datePublished\":\"2025-01-24T10:34:32+00:00\",\"dateModified\":\"2026-02-18T11:50:48+00:00\",\"description\":\"D\u00e9marquez-vous avec un drapeau de kiosque professionnel pour votre magasin ou bureau. Choisissez parmi des mat\u00e9riaux et formats durables. Livraison rapide sous 3 jours ouvr\u00e9s.\",\"breadcrumb\":{\"@id\":\"https:\\\/\\\/www.amstelprinting.nl\\\/fr\\\/boutique\\\/tout-les-drapeaux\\\/drapeaux-de-facade\\\/drapeau-de-kiosque\\\/#breadcrumb\"},\"inLanguage\":\"fr-FR\",\"potentialAction\":[{\"@type\":\"ReadAction\",\"target\":[\"https:\\\/\\\/www.amstelprinting.nl\\\/fr\\\/boutique\\\/tout-les-drapeaux\\\/drapeaux-de-facade\\\/drapeau-de-kiosque\\\/\"]}]},{\"@type\":\"ImageObject\",\"inLanguage\":\"fr-FR\",\"@id\":\"https:\\\/\\\/www.amstelprinting.nl\\\/fr\\\/boutique\\\/tout-les-drapeaux\\\/drapeaux-de-facade\\\/drapeau-de-kiosque\\\/#primaryimage\",\"url\":\"https:\\\/\\\/www.amstelprinting.nl\\\/wp-content\\\/uploads\\\/kioskvlag-bedrukken-2.png\",\"contentUrl\":\"https:\\\/\\\/www.amstelprinting.nl\\\/wp-content\\\/uploads\\\/kioskvlag-bedrukken-2.png\",\"width\":900,\"height\":900},{\"@type\":\"BreadcrumbList\",\"@id\":\"https:\\\/\\\/www.amstelprinting.nl\\\/fr\\\/boutique\\\/tout-les-drapeaux\\\/drapeaux-de-facade\\\/drapeau-de-kiosque\\\/#breadcrumb\",\"itemListElement\":[{\"@type\":\"ListItem\",\"position\":1,\"name\":\"\",\"item\":\"https:\\\/\\\/www.amstelprinting.nl\\\/fr\\\/\"},{\"@type\":\"ListItem\",\"position\":2,\"name\":\"Amstel Printing\",\"item\":\"https:\\\/\\\/www.amstelprinting.nl\\\/fr\\\/boutique\\\/\"},{\"@type\":\"ListItem\",\"position\":3,\"name\":\"Publicit\u00e9 ext\u00e9rieure\",\"item\":\"https:\\\/\\\/www.amstelprinting.nl\\\/fr\\\/categorie\\\/publicite-exterieure\\\/\"},{\"@type\":\"ListItem\",\"position\":4,\"name\":\"Publicit\u00e9 de fa\u00e7ade\",\"item\":\"https:\\\/\\\/www.amstelprinting.nl\\\/fr\\\/categorie\\\/publicite-exterieure\\\/publicite-de-facade\\\/\"},{\"@type\":\"ListItem\",\"position\":5,\"name\":\"Drapeau de kiosque\"}]},{\"@type\":\"WebSite\",\"@id\":\"https:\\\/\\\/www.amstelprinting.nl\\\/fr\\\/#website\",\"url\":\"https:\\\/\\\/www.amstelprinting.nl\\\/fr\\\/\",\"name\":\"Amstel Printing\",\"description\":\"Creating Exposure\",\"publisher\":{\"@id\":\"https:\\\/\\\/www.amstelprinting.nl\\\/fr\\\/#organization\"},\"potentialAction\":[{\"@type\":\"SearchAction\",\"target\":{\"@type\":\"EntryPoint\",\"urlTemplate\":\"https:\\\/\\\/www.amstelprinting.nl\\\/fr\\\/?s={search_term_string}\"},\"query-input\":{\"@type\":\"PropertyValueSpecification\",\"valueRequired\":true,\"valueName\":\"search_term_string\"}}],\"inLanguage\":\"fr-FR\"},{\"@type\":\"Organization\",\"@id\":\"https:\\\/\\\/www.amstelprinting.nl\\\/fr\\\/#organization\",\"name\":\"Amstel Printing\",\"url\":\"https:\\\/\\\/www.amstelprinting.nl\\\/fr\\\/\",\"logo\":{\"@type\":\"ImageObject\",\"inLanguage\":\"fr-FR\",\"@id\":\"https:\\\/\\\/www.amstelprinting.nl\\\/fr\\\/#\\\/schema\\\/logo\\\/image\\\/\",\"url\":\"https:\\\/\\\/www.amstelprinting.nl\\\/wp-content\\\/uploads\\\/amstel_printing_logo_clean.png\",\"contentUrl\":\"https:\\\/\\\/www.amstelprinting.nl\\\/wp-content\\\/uploads\\\/amstel_printing_logo_clean.png\",\"width\":324,\"height\":73,\"caption\":\"Amstel Printing\"},\"image\":{\"@id\":\"https:\\\/\\\/www.amstelprinting.nl\\\/fr\\\/#\\\/schema\\\/logo\\\/image\\\/\"}}]}<\/script>\n<!-- \/ Yoast SEO plugin. -->","yoast_head_json":{"title":"Acheter un drapeau de kiosque ? Des drapeaux abordables, durables et livr\u00e9s rapidement","description":"D\u00e9marquez-vous avec un drapeau de kiosque professionnel pour votre magasin ou bureau. Choisissez parmi des mat\u00e9riaux et formats durables. Livraison rapide sous 3 jours ouvr\u00e9s.","robots":{"index":"index","follow":"follow","max-snippet":"max-snippet:-1","max-image-preview":"max-image-preview:large","max-video-preview":"max-video-preview:-1"},"canonical":"https:\/\/www.amstelprinting.nl\/fr\/boutique\/tout-les-drapeaux\/drapeaux-de-facade\/drapeau-de-kiosque\/","og_locale":"fr_FR","og_type":"article","og_title":"Acheter un drapeau de kiosque ? Des drapeaux abordables, durables et livr\u00e9s rapidement","og_description":"D\u00e9marquez-vous avec un drapeau de kiosque professionnel pour votre magasin ou bureau. Choisissez parmi des mat\u00e9riaux et formats durables. Livraison rapide sous 3 jours ouvr\u00e9s.","og_url":"https:\/\/www.amstelprinting.nl\/fr\/boutique\/tout-les-drapeaux\/drapeaux-de-facade\/drapeau-de-kiosque\/","og_site_name":"Amstel Printing","article_modified_time":"2026-02-18T11:50:48+00:00","og_image":[{"width":900,"height":900,"url":"https:\/\/www.amstelprinting.nl\/wp-content\/uploads\/kioskvlag-bedrukken-2.png","type":"image\/png"}],"twitter_card":"summary_large_image","twitter_misc":{"Dur\u00e9e de lecture estim\u00e9e":"2 minutes"},"schema":{"@context":"https:\/\/schema.org","@graph":[{"@type":"WebPage","@id":"https:\/\/www.amstelprinting.nl\/fr\/boutique\/tout-les-drapeaux\/drapeaux-de-facade\/drapeau-de-kiosque\/","url":"https:\/\/www.amstelprinting.nl\/fr\/boutique\/tout-les-drapeaux\/drapeaux-de-facade\/drapeau-de-kiosque\/","name":"Acheter un drapeau de kiosque ? Des drapeaux abordables, durables et livr\u00e9s rapidement","isPartOf":{"@id":"https:\/\/www.amstelprinting.nl\/fr\/#website"},"primaryImageOfPage":{"@id":"https:\/\/www.amstelprinting.nl\/fr\/boutique\/tout-les-drapeaux\/drapeaux-de-facade\/drapeau-de-kiosque\/#primaryimage"},"image":{"@id":"https:\/\/www.amstelprinting.nl\/fr\/boutique\/tout-les-drapeaux\/drapeaux-de-facade\/drapeau-de-kiosque\/#primaryimage"},"thumbnailUrl":"https:\/\/www.amstelprinting.nl\/wp-content\/uploads\/kioskvlag-bedrukken-2.png","datePublished":"2025-01-24T10:34:32+00:00","dateModified":"2026-02-18T11:50:48+00:00","description":"D\u00e9marquez-vous avec un drapeau de kiosque professionnel pour votre magasin ou bureau. Choisissez parmi des mat\u00e9riaux et formats durables. Livraison rapide sous 3 jours ouvr\u00e9s.","breadcrumb":{"@id":"https:\/\/www.amstelprinting.nl\/fr\/boutique\/tout-les-drapeaux\/drapeaux-de-facade\/drapeau-de-kiosque\/#breadcrumb"},"inLanguage":"fr-FR","potentialAction":[{"@type":"ReadAction","target":["https:\/\/www.amstelprinting.nl\/fr\/boutique\/tout-les-drapeaux\/drapeaux-de-facade\/drapeau-de-kiosque\/"]}]},{"@type":"ImageObject","inLanguage":"fr-FR","@id":"https:\/\/www.amstelprinting.nl\/fr\/boutique\/tout-les-drapeaux\/drapeaux-de-facade\/drapeau-de-kiosque\/#primaryimage","url":"https:\/\/www.amstelprinting.nl\/wp-content\/uploads\/kioskvlag-bedrukken-2.png","contentUrl":"https:\/\/www.amstelprinting.nl\/wp-content\/uploads\/kioskvlag-bedrukken-2.png","width":900,"height":900},{"@type":"BreadcrumbList","@id":"https:\/\/www.amstelprinting.nl\/fr\/boutique\/tout-les-drapeaux\/drapeaux-de-facade\/drapeau-de-kiosque\/#breadcrumb","itemListElement":[{"@type":"ListItem","position":1,"name":"","item":"https:\/\/www.amstelprinting.nl\/fr\/"},{"@type":"ListItem","position":2,"name":"Amstel Printing","item":"https:\/\/www.amstelprinting.nl\/fr\/boutique\/"},{"@type":"ListItem","position":3,"name":"Publicit\u00e9 ext\u00e9rieure","item":"https:\/\/www.amstelprinting.nl\/fr\/categorie\/publicite-exterieure\/"},{"@type":"ListItem","position":4,"name":"Publicit\u00e9 de fa\u00e7ade","item":"https:\/\/www.amstelprinting.nl\/fr\/categorie\/publicite-exterieure\/publicite-de-facade\/"},{"@type":"ListItem","position":5,"name":"Drapeau de kiosque"}]},{"@type":"WebSite","@id":"https:\/\/www.amstelprinting.nl\/fr\/#website","url":"https:\/\/www.amstelprinting.nl\/fr\/","name":"Amstel Printing","description":"Creating Exposure","publisher":{"@id":"https:\/\/www.amstelprinting.nl\/fr\/#organization"},"potentialAction":[{"@type":"SearchAction","target":{"@type":"EntryPoint","urlTemplate":"https:\/\/www.amstelprinting.nl\/fr\/?s={search_term_string}"},"query-input":{"@type":"PropertyValueSpecification","valueRequired":true,"valueName":"search_term_string"}}],"inLanguage":"fr-FR"},{"@type":"Organization","@id":"https:\/\/www.amstelprinting.nl\/fr\/#organization","name":"Amstel Printing","url":"https:\/\/www.amstelprinting.nl\/fr\/","logo":{"@type":"ImageObject","inLanguage":"fr-FR","@id":"https:\/\/www.amstelprinting.nl\/fr\/#\/schema\/logo\/image\/","url":"https:\/\/www.amstelprinting.nl\/wp-content\/uploads\/amstel_printing_logo_clean.png","contentUrl":"https:\/\/www.amstelprinting.nl\/wp-content\/uploads\/amstel_printing_logo_clean.png","width":324,"height":73,"caption":"Amstel Printing"},"image":{"@id":"https:\/\/www.amstelprinting.nl\/fr\/#\/schema\/logo\/image\/"}}]}},"_links":{"self":[{"href":"https:\/\/www.amstelprinting.nl\/fr\/wp-json\/wp\/v2\/product\/13742","targetHints":{"allow":["GET"]}}],"collection":[{"href":"https:\/\/www.amstelprinting.nl\/fr\/wp-json\/wp\/v2\/product"}],"about":[{"href":"https:\/\/www.amstelprinting.nl\/fr\/wp-json\/wp\/v2\/types\/product"}],"wp:featuredmedia":[{"embeddable":true,"href":"https:\/\/www.amstelprinting.nl\/fr\/wp-json\/wp\/v2\/media\/13743"}],"wp:attachment":[{"href":"https:\/\/www.amstelprinting.nl\/fr\/wp-json\/wp\/v2\/media?parent=13742"}],"wp:term":[{"taxonomy":"product_brand","embeddable":true,"href":"https:\/\/www.amstelprinting.nl\/fr\/wp-json\/wp\/v2\/product_brand?post=13742"},{"taxonomy":"product_cat","embeddable":true,"href":"https:\/\/www.amstelprinting.nl\/fr\/wp-json\/wp\/v2\/product_cat?post=13742"},{"taxonomy":"product_tag","embeddable":true,"href":"https:\/\/www.amstelprinting.nl\/fr\/wp-json\/wp\/v2\/product_tag?post=13742"}],"curies":[{"name":"wp","href":"https:\/\/api.w.org\/{rel}","templated":true}]}}