{"id":13752,"date":"2025-01-24T11:34:26","date_gmt":"2025-01-24T10:34:26","guid":{"rendered":"https:\/\/www.amstelprinting.nl\/winkel\/non%20class\u00e9\/banier\/"},"modified":"2026-02-18T12:50:48","modified_gmt":"2026-02-18T11:50:48","slug":"banniere","status":"publish","type":"product","link":"https:\/\/www.amstelprinting.nl\/fr\/boutique\/tout-les-drapeaux\/drapeaux-de-facade\/banniere\/","title":{"rendered":"Banni\u00e8re"},"content":{"rendered":"<h3>Qu&rsquo;est-ce qu&rsquo;une banni\u00e8re ?<\/h3>\n<p>Une banni\u00e8re est une toile allong\u00e9e, imprim\u00e9e avec un design, un logo ou un message de votre choix. Amstel Printing propose 3 types de banni\u00e8res diff\u00e9rents :<\/p>\n<ol>\n<li>Banni\u00e8res int\u00e9rieures (impression recto)<\/li>\n<li>Banni\u00e8res de fa\u00e7ade (impression recto-verso)<\/li>\n<li>Drapeaux banni\u00e8res (pour m\u00e2t de drapeau)<\/li>\n<\/ol>\n<p>&nbsp;<\/p>\n<h3><strong>Banni\u00e8res int\u00e9rieures<\/strong> &#8211; pour usage int\u00e9rieur<\/h3>\n<p>Une banni\u00e8re int\u00e9rieure recto est parfaite pour les magasins et les showrooms. Ces banni\u00e8res sont disponibles en deux types de tissu :<\/p>\n<ul>\n<li><strong>Flag transparent<\/strong> : Id\u00e9al pour un aspect l\u00e9ger et transparent.<\/li>\n<li><strong>Tissu d\u00e9co opaque<\/strong> : Pour un rendu robuste et non transparent.<\/li>\n<\/ul>\n<p>Les banni\u00e8res int\u00e9rieures sont disponibles en largeurs de 60, 80 et 100 cm, avec une longueur illimit\u00e9e, afin qu&rsquo;elles s&rsquo;adaptent parfaitement \u00e0 votre espace et \u00e0 vos besoins. De plus, vous pouvez choisir d&rsquo;ajouter un syst\u00e8me de suspension pour accrocher directement la banni\u00e8re int\u00e9rieure.<\/p>\n<h3><strong>Banni\u00e8res de fa\u00e7ade<\/strong> &#8211; pour fixation en fa\u00e7ade<\/h3>\n<p>Les banni\u00e8res de fa\u00e7ade sont fabriqu\u00e9es en mat\u00e9riau durable Banner 610. Il s&rsquo;agit d&rsquo;un mat\u00e9riau avec une fonction blockout, de sorte que l&rsquo;impression ne soit pas visible de l&rsquo;autre c\u00f4t\u00e9. Veuillez noter qu&rsquo;avec ce type d&rsquo;impression, il arrive que les deux c\u00f4t\u00e9s ne soient pas parfaitement identiques.<\/p>\n<p>Elles sont disponibles en largeurs de 60 cm ou 80 cm, avec une hauteur maximale de 2,5 m ou 3 m. Compl\u00e9tez votre choix avec le support de banni\u00e8re perpendiculaire, un syst\u00e8me de suspension robuste en acier inoxydable de grade 304 pour une durabilit\u00e9 accrue. Tendez simplement la toile \u00e0 l&rsquo;aide des vis des deux c\u00f4t\u00e9s pour une pr\u00e9sentation soign\u00e9e et professionnelle.<\/p>\n<h3><strong>Drapeaux banni\u00e8res<\/strong> &#8211; pour le m\u00e2t de drapeau<\/h3>\n<p>Une troisi\u00e8me variante de la banni\u00e8re imprim\u00e9e est le drapeau banni\u00e8re. Le drapeau banni\u00e8re convient aux m\u00e2ts de drapeaux permanents avec une potence de banni\u00e8re au sommet. Un drapeau banni\u00e8re est \u00e9galement appel\u00e9 drapeau format portrait, banni\u00e8re verticale ou drapeau sur pied. Le grand avantage par rapport \u00e0 un drapeau droit standard est qu&rsquo;un drapeau banni\u00e8re reste toujours bien visible m\u00eame par vent faible. La potence situ\u00e9e en haut du m\u00e2t emp\u00eache en effet le drapeau banni\u00e8re de pendre mollement contre le m\u00e2t. Vous pouvez configurer le drapeau banni\u00e8re ici.<\/p>\n<p>Que vous choisissiez une banni\u00e8re int\u00e9rieure, une banni\u00e8re de fa\u00e7ade ou un drapeau banni\u00e8re, nos produits offrent une mani\u00e8re attrayante et \u00e9l\u00e9gante de pr\u00e9senter votre message ou votre marque.<\/p>\n","protected":false},"excerpt":{"rendered":"<p>Les banni\u00e8res sont des toiles allong\u00e9es imprim\u00e9es avec le visuel de votre choix. Choisissez entre une banni\u00e8re int\u00e9rieure (impression recto) ou une banni\u00e8re de fa\u00e7ade (impression recto-verso). Souvent livr\u00e9es sous 1 jour ouvr\u00e9. Configurez votre banni\u00e8re en quelques \u00e9tapes ci-dessous !<\/p>\n","protected":false},"featured_media":13753,"template":"","meta":{"_et_pb_use_builder":"","_et_pb_old_content":"","_et_gb_content_width":""},"product_brand":[],"product_cat":[872,882,458,448,380,437],"product_tag":[],"class_list":{"0":"post-13752","1":"product","2":"type-product","3":"status-publish","4":"has-post-thumbnail","6":"product_cat-tout-les-drapeaux","7":"product_cat-drapeaux-de-facade","8":"product_cat-publicite-de-facade","9":"product_cat-publicite-exterieure","10":"product_cat-publicite-interieure","11":"product_cat-vente-au-detail","13":"first","14":"instock","15":"taxable","16":"shipping-taxable","17":"purchasable","18":"product-type-simple"},"yoast_head":"<!-- This site is optimized with the Yoast SEO plugin v27.3 - https:\/\/yoast.com\/product\/yoast-seo-wordpress\/ -->\n<title>Livraison rapide de banni\u00e8res - banni\u00e8res int\u00e9rieures et de fa\u00e7ade sur mesure<\/title>\n<meta name=\"description\" content=\"Commandez une banni\u00e8re avec livraison rapide sous 1 jour ouvr\u00e9. Choisissez parmi les banni\u00e8res int\u00e9rieures, les banni\u00e8res de fa\u00e7ade ou les drapeaux banni\u00e8res. Personnalisez maintenant &amp; rendez votre marque visible !\" \/>\n<meta name=\"robots\" content=\"index, follow, max-snippet:-1, max-image-preview:large, max-video-preview:-1\" \/>\n<link rel=\"canonical\" href=\"https:\/\/www.amstelprinting.nl\/fr\/boutique\/tout-les-drapeaux\/drapeaux-de-facade\/banniere\/\" \/>\n<meta property=\"og:locale\" content=\"fr_FR\" \/>\n<meta property=\"og:type\" content=\"article\" \/>\n<meta property=\"og:title\" content=\"Livraison rapide de banni\u00e8res - banni\u00e8res int\u00e9rieures et de fa\u00e7ade sur mesure\" \/>\n<meta property=\"og:description\" content=\"Commandez une banni\u00e8re avec livraison rapide sous 1 jour ouvr\u00e9. Choisissez parmi les banni\u00e8res int\u00e9rieures, les banni\u00e8res de fa\u00e7ade ou les drapeaux banni\u00e8res. Personnalisez maintenant &amp; rendez votre marque visible !\" \/>\n<meta property=\"og:url\" content=\"https:\/\/www.amstelprinting.nl\/fr\/boutique\/tout-les-drapeaux\/drapeaux-de-facade\/banniere\/\" \/>\n<meta property=\"og:site_name\" content=\"Amstel Printing\" \/>\n<meta property=\"article:modified_time\" content=\"2026-02-18T11:50:48+00:00\" \/>\n<meta property=\"og:image\" content=\"https:\/\/www.amstelprinting.nl\/wp-content\/uploads\/banier-bedrukken.png\" \/>\n\t<meta property=\"og:image:width\" content=\"900\" \/>\n\t<meta property=\"og:image:height\" content=\"900\" \/>\n\t<meta property=\"og:image:type\" content=\"image\/png\" \/>\n<meta name=\"twitter:card\" content=\"summary_large_image\" \/>\n<meta name=\"twitter:label1\" content=\"Dur\u00e9e de lecture estim\u00e9e\" \/>\n\t<meta name=\"twitter:data1\" content=\"2 minutes\" \/>\n<script type=\"application\/ld+json\" class=\"yoast-schema-graph\">{\"@context\":\"https:\\\/\\\/schema.org\",\"@graph\":[{\"@type\":\"WebPage\",\"@id\":\"https:\\\/\\\/www.amstelprinting.nl\\\/fr\\\/boutique\\\/tout-les-drapeaux\\\/drapeaux-de-facade\\\/banniere\\\/\",\"url\":\"https:\\\/\\\/www.amstelprinting.nl\\\/fr\\\/boutique\\\/tout-les-drapeaux\\\/drapeaux-de-facade\\\/banniere\\\/\",\"name\":\"Livraison rapide de banni\u00e8res - banni\u00e8res int\u00e9rieures et de fa\u00e7ade sur mesure\",\"isPartOf\":{\"@id\":\"https:\\\/\\\/www.amstelprinting.nl\\\/fr\\\/#website\"},\"primaryImageOfPage\":{\"@id\":\"https:\\\/\\\/www.amstelprinting.nl\\\/fr\\\/boutique\\\/tout-les-drapeaux\\\/drapeaux-de-facade\\\/banniere\\\/#primaryimage\"},\"image\":{\"@id\":\"https:\\\/\\\/www.amstelprinting.nl\\\/fr\\\/boutique\\\/tout-les-drapeaux\\\/drapeaux-de-facade\\\/banniere\\\/#primaryimage\"},\"thumbnailUrl\":\"https:\\\/\\\/www.amstelprinting.nl\\\/wp-content\\\/uploads\\\/banier-bedrukken.png\",\"datePublished\":\"2025-01-24T10:34:26+00:00\",\"dateModified\":\"2026-02-18T11:50:48+00:00\",\"description\":\"Commandez une banni\u00e8re avec livraison rapide sous 1 jour ouvr\u00e9. Choisissez parmi les banni\u00e8res int\u00e9rieures, les banni\u00e8res de fa\u00e7ade ou les drapeaux banni\u00e8res. Personnalisez maintenant & rendez votre marque visible !\",\"breadcrumb\":{\"@id\":\"https:\\\/\\\/www.amstelprinting.nl\\\/fr\\\/boutique\\\/tout-les-drapeaux\\\/drapeaux-de-facade\\\/banniere\\\/#breadcrumb\"},\"inLanguage\":\"fr-FR\",\"potentialAction\":[{\"@type\":\"ReadAction\",\"target\":[\"https:\\\/\\\/www.amstelprinting.nl\\\/fr\\\/boutique\\\/tout-les-drapeaux\\\/drapeaux-de-facade\\\/banniere\\\/\"]}]},{\"@type\":\"ImageObject\",\"inLanguage\":\"fr-FR\",\"@id\":\"https:\\\/\\\/www.amstelprinting.nl\\\/fr\\\/boutique\\\/tout-les-drapeaux\\\/drapeaux-de-facade\\\/banniere\\\/#primaryimage\",\"url\":\"https:\\\/\\\/www.amstelprinting.nl\\\/wp-content\\\/uploads\\\/banier-bedrukken.png\",\"contentUrl\":\"https:\\\/\\\/www.amstelprinting.nl\\\/wp-content\\\/uploads\\\/banier-bedrukken.png\",\"width\":900,\"height\":900},{\"@type\":\"BreadcrumbList\",\"@id\":\"https:\\\/\\\/www.amstelprinting.nl\\\/fr\\\/boutique\\\/tout-les-drapeaux\\\/drapeaux-de-facade\\\/banniere\\\/#breadcrumb\",\"itemListElement\":[{\"@type\":\"ListItem\",\"position\":1,\"name\":\"\",\"item\":\"https:\\\/\\\/www.amstelprinting.nl\\\/fr\\\/\"},{\"@type\":\"ListItem\",\"position\":2,\"name\":\"Amstel Printing\",\"item\":\"https:\\\/\\\/www.amstelprinting.nl\\\/fr\\\/boutique\\\/\"},{\"@type\":\"ListItem\",\"position\":3,\"name\":\"Publicit\u00e9 int\u00e9rieure\",\"item\":\"https:\\\/\\\/www.amstelprinting.nl\\\/fr\\\/categorie\\\/publicite-interieure\\\/\"},{\"@type\":\"ListItem\",\"position\":4,\"name\":\"Vente au d\u00e9tail\",\"item\":\"https:\\\/\\\/www.amstelprinting.nl\\\/fr\\\/categorie\\\/publicite-interieure\\\/vente-au-detail\\\/\"},{\"@type\":\"ListItem\",\"position\":5,\"name\":\"Banni\u00e8re\"}]},{\"@type\":\"WebSite\",\"@id\":\"https:\\\/\\\/www.amstelprinting.nl\\\/fr\\\/#website\",\"url\":\"https:\\\/\\\/www.amstelprinting.nl\\\/fr\\\/\",\"name\":\"Amstel Printing\",\"description\":\"Creating Exposure\",\"publisher\":{\"@id\":\"https:\\\/\\\/www.amstelprinting.nl\\\/fr\\\/#organization\"},\"potentialAction\":[{\"@type\":\"SearchAction\",\"target\":{\"@type\":\"EntryPoint\",\"urlTemplate\":\"https:\\\/\\\/www.amstelprinting.nl\\\/fr\\\/?s={search_term_string}\"},\"query-input\":{\"@type\":\"PropertyValueSpecification\",\"valueRequired\":true,\"valueName\":\"search_term_string\"}}],\"inLanguage\":\"fr-FR\"},{\"@type\":\"Organization\",\"@id\":\"https:\\\/\\\/www.amstelprinting.nl\\\/fr\\\/#organization\",\"name\":\"Amstel Printing\",\"url\":\"https:\\\/\\\/www.amstelprinting.nl\\\/fr\\\/\",\"logo\":{\"@type\":\"ImageObject\",\"inLanguage\":\"fr-FR\",\"@id\":\"https:\\\/\\\/www.amstelprinting.nl\\\/fr\\\/#\\\/schema\\\/logo\\\/image\\\/\",\"url\":\"https:\\\/\\\/www.amstelprinting.nl\\\/wp-content\\\/uploads\\\/amstel_printing_logo_clean.png\",\"contentUrl\":\"https:\\\/\\\/www.amstelprinting.nl\\\/wp-content\\\/uploads\\\/amstel_printing_logo_clean.png\",\"width\":324,\"height\":73,\"caption\":\"Amstel Printing\"},\"image\":{\"@id\":\"https:\\\/\\\/www.amstelprinting.nl\\\/fr\\\/#\\\/schema\\\/logo\\\/image\\\/\"}}]}<\/script>\n<!-- \/ Yoast SEO plugin. -->","yoast_head_json":{"title":"Livraison rapide de banni\u00e8res - banni\u00e8res int\u00e9rieures et de fa\u00e7ade sur mesure","description":"Commandez une banni\u00e8re avec livraison rapide sous 1 jour ouvr\u00e9. Choisissez parmi les banni\u00e8res int\u00e9rieures, les banni\u00e8res de fa\u00e7ade ou les drapeaux banni\u00e8res. Personnalisez maintenant & rendez votre marque visible !","robots":{"index":"index","follow":"follow","max-snippet":"max-snippet:-1","max-image-preview":"max-image-preview:large","max-video-preview":"max-video-preview:-1"},"canonical":"https:\/\/www.amstelprinting.nl\/fr\/boutique\/tout-les-drapeaux\/drapeaux-de-facade\/banniere\/","og_locale":"fr_FR","og_type":"article","og_title":"Livraison rapide de banni\u00e8res - banni\u00e8res int\u00e9rieures et de fa\u00e7ade sur mesure","og_description":"Commandez une banni\u00e8re avec livraison rapide sous 1 jour ouvr\u00e9. Choisissez parmi les banni\u00e8res int\u00e9rieures, les banni\u00e8res de fa\u00e7ade ou les drapeaux banni\u00e8res. Personnalisez maintenant & rendez votre marque visible !","og_url":"https:\/\/www.amstelprinting.nl\/fr\/boutique\/tout-les-drapeaux\/drapeaux-de-facade\/banniere\/","og_site_name":"Amstel Printing","article_modified_time":"2026-02-18T11:50:48+00:00","og_image":[{"width":900,"height":900,"url":"https:\/\/www.amstelprinting.nl\/wp-content\/uploads\/banier-bedrukken.png","type":"image\/png"}],"twitter_card":"summary_large_image","twitter_misc":{"Dur\u00e9e de lecture estim\u00e9e":"2 minutes"},"schema":{"@context":"https:\/\/schema.org","@graph":[{"@type":"WebPage","@id":"https:\/\/www.amstelprinting.nl\/fr\/boutique\/tout-les-drapeaux\/drapeaux-de-facade\/banniere\/","url":"https:\/\/www.amstelprinting.nl\/fr\/boutique\/tout-les-drapeaux\/drapeaux-de-facade\/banniere\/","name":"Livraison rapide de banni\u00e8res - banni\u00e8res int\u00e9rieures et de fa\u00e7ade sur mesure","isPartOf":{"@id":"https:\/\/www.amstelprinting.nl\/fr\/#website"},"primaryImageOfPage":{"@id":"https:\/\/www.amstelprinting.nl\/fr\/boutique\/tout-les-drapeaux\/drapeaux-de-facade\/banniere\/#primaryimage"},"image":{"@id":"https:\/\/www.amstelprinting.nl\/fr\/boutique\/tout-les-drapeaux\/drapeaux-de-facade\/banniere\/#primaryimage"},"thumbnailUrl":"https:\/\/www.amstelprinting.nl\/wp-content\/uploads\/banier-bedrukken.png","datePublished":"2025-01-24T10:34:26+00:00","dateModified":"2026-02-18T11:50:48+00:00","description":"Commandez une banni\u00e8re avec livraison rapide sous 1 jour ouvr\u00e9. Choisissez parmi les banni\u00e8res int\u00e9rieures, les banni\u00e8res de fa\u00e7ade ou les drapeaux banni\u00e8res. Personnalisez maintenant & rendez votre marque visible !","breadcrumb":{"@id":"https:\/\/www.amstelprinting.nl\/fr\/boutique\/tout-les-drapeaux\/drapeaux-de-facade\/banniere\/#breadcrumb"},"inLanguage":"fr-FR","potentialAction":[{"@type":"ReadAction","target":["https:\/\/www.amstelprinting.nl\/fr\/boutique\/tout-les-drapeaux\/drapeaux-de-facade\/banniere\/"]}]},{"@type":"ImageObject","inLanguage":"fr-FR","@id":"https:\/\/www.amstelprinting.nl\/fr\/boutique\/tout-les-drapeaux\/drapeaux-de-facade\/banniere\/#primaryimage","url":"https:\/\/www.amstelprinting.nl\/wp-content\/uploads\/banier-bedrukken.png","contentUrl":"https:\/\/www.amstelprinting.nl\/wp-content\/uploads\/banier-bedrukken.png","width":900,"height":900},{"@type":"BreadcrumbList","@id":"https:\/\/www.amstelprinting.nl\/fr\/boutique\/tout-les-drapeaux\/drapeaux-de-facade\/banniere\/#breadcrumb","itemListElement":[{"@type":"ListItem","position":1,"name":"","item":"https:\/\/www.amstelprinting.nl\/fr\/"},{"@type":"ListItem","position":2,"name":"Amstel Printing","item":"https:\/\/www.amstelprinting.nl\/fr\/boutique\/"},{"@type":"ListItem","position":3,"name":"Publicit\u00e9 int\u00e9rieure","item":"https:\/\/www.amstelprinting.nl\/fr\/categorie\/publicite-interieure\/"},{"@type":"ListItem","position":4,"name":"Vente au d\u00e9tail","item":"https:\/\/www.amstelprinting.nl\/fr\/categorie\/publicite-interieure\/vente-au-detail\/"},{"@type":"ListItem","position":5,"name":"Banni\u00e8re"}]},{"@type":"WebSite","@id":"https:\/\/www.amstelprinting.nl\/fr\/#website","url":"https:\/\/www.amstelprinting.nl\/fr\/","name":"Amstel Printing","description":"Creating Exposure","publisher":{"@id":"https:\/\/www.amstelprinting.nl\/fr\/#organization"},"potentialAction":[{"@type":"SearchAction","target":{"@type":"EntryPoint","urlTemplate":"https:\/\/www.amstelprinting.nl\/fr\/?s={search_term_string}"},"query-input":{"@type":"PropertyValueSpecification","valueRequired":true,"valueName":"search_term_string"}}],"inLanguage":"fr-FR"},{"@type":"Organization","@id":"https:\/\/www.amstelprinting.nl\/fr\/#organization","name":"Amstel Printing","url":"https:\/\/www.amstelprinting.nl\/fr\/","logo":{"@type":"ImageObject","inLanguage":"fr-FR","@id":"https:\/\/www.amstelprinting.nl\/fr\/#\/schema\/logo\/image\/","url":"https:\/\/www.amstelprinting.nl\/wp-content\/uploads\/amstel_printing_logo_clean.png","contentUrl":"https:\/\/www.amstelprinting.nl\/wp-content\/uploads\/amstel_printing_logo_clean.png","width":324,"height":73,"caption":"Amstel Printing"},"image":{"@id":"https:\/\/www.amstelprinting.nl\/fr\/#\/schema\/logo\/image\/"}}]}},"_links":{"self":[{"href":"https:\/\/www.amstelprinting.nl\/fr\/wp-json\/wp\/v2\/product\/13752","targetHints":{"allow":["GET"]}}],"collection":[{"href":"https:\/\/www.amstelprinting.nl\/fr\/wp-json\/wp\/v2\/product"}],"about":[{"href":"https:\/\/www.amstelprinting.nl\/fr\/wp-json\/wp\/v2\/types\/product"}],"wp:featuredmedia":[{"embeddable":true,"href":"https:\/\/www.amstelprinting.nl\/fr\/wp-json\/wp\/v2\/media\/13753"}],"wp:attachment":[{"href":"https:\/\/www.amstelprinting.nl\/fr\/wp-json\/wp\/v2\/media?parent=13752"}],"wp:term":[{"taxonomy":"product_brand","embeddable":true,"href":"https:\/\/www.amstelprinting.nl\/fr\/wp-json\/wp\/v2\/product_brand?post=13752"},{"taxonomy":"product_cat","embeddable":true,"href":"https:\/\/www.amstelprinting.nl\/fr\/wp-json\/wp\/v2\/product_cat?post=13752"},{"taxonomy":"product_tag","embeddable":true,"href":"https:\/\/www.amstelprinting.nl\/fr\/wp-json\/wp\/v2\/product_tag?post=13752"}],"curies":[{"name":"wp","href":"https:\/\/api.w.org\/{rel}","templated":true}]}}