{"id":13762,"date":"2025-01-24T11:34:20","date_gmt":"2025-01-24T10:34:20","guid":{"rendered":"https:\/\/www.amstelprinting.nl\/winkel\/non%20class\u00e9\/raamvlag\/"},"modified":"2026-02-18T12:50:49","modified_gmt":"2026-02-18T11:50:49","slug":"drapeau-pour-fenetre","status":"publish","type":"product","link":"https:\/\/www.amstelprinting.nl\/fr\/boutique\/tout-les-drapeaux\/drapeaux-de-facade\/drapeau-pour-fenetre\/","title":{"rendered":"Drapeau pour fen\u00eatre"},"content":{"rendered":"<h3>Format et mat\u00e9riau<\/h3>\n<p>Nos drapeaux pour fen\u00eatres ont un format de 55 x 80 x 59,5 cm et sont imprim\u00e9s en recto-verso, ce qui rend votre message bien visible des deux c\u00f4t\u00e9s. Les drapeaux sont fabriqu\u00e9s en Banner 610, un type de b\u00e2che PVC robuste et de haute qualit\u00e9 qui est opaque. Cela garantit que votre message ou logo reste toujours net et clair, quelles que soient les conditions de luminosit\u00e9. Vous pouvez commander soit le drapeau seul, soit avec un m\u00e2t de drapeau et un syst\u00e8me de suspension avec ventouse. De plus, pour la finition du drapeau, vous avez le choix entre du fil blanc ou noir.<\/p>\n<h3>Fixation<\/h3>\n<p>Gr\u00e2ce aux m\u00e2ts de drapeau et ventouses pratiques, le drapeau pour fen\u00eatre reste solidement en place. La ventouse se fixe sur toute surface vitr\u00e9e, ce qui facilite le montage et le d\u00e9montage. Ainsi, les trous dans le mur pour un support de m\u00e2t ne sont plus n\u00e9cessaires, et vous pouvez facilement d\u00e9placer ou retirer le drapeau de fen\u00eatre quand vous le souhaitez. Commandez d\u00e8s aujourd&rsquo;hui votre drapeau pour fen\u00eatre et rendez votre message visible sur n&rsquo;importe quelle surface vitr\u00e9e !<\/p>\n","protected":false},"excerpt":{"rendered":"<p><span style=\"font-weight: 400;\">Les drapeaux pour fen\u00eatres sont la solution id\u00e9ale pour une pr\u00e9sentation frappante et solide sur toute surface vitr\u00e9e. Avec la ventouse disponible s\u00e9par\u00e9ment, vous fixez facilement le drapeau de fen\u00eatre sans avoir \u00e0 percer de trous dans le mur. Impression double face incluse ! Livr\u00e9 sous 4 jours ouvr\u00e9s.<\/span><\/p>\n","protected":false},"featured_media":13763,"template":"","meta":{"_et_pb_use_builder":"","_et_pb_old_content":"","_et_gb_content_width":""},"product_brand":[],"product_cat":[872,882,458,448],"product_tag":[],"class_list":{"0":"post-13762","1":"product","2":"type-product","3":"status-publish","4":"has-post-thumbnail","6":"product_cat-tout-les-drapeaux","7":"product_cat-drapeaux-de-facade","8":"product_cat-publicite-de-facade","9":"product_cat-publicite-exterieure","11":"first","12":"instock","13":"taxable","14":"shipping-taxable","15":"purchasable","16":"product-type-simple"},"yoast_head":"<!-- This site is optimized with the Yoast SEO plugin v27.3 - https:\/\/yoast.com\/product\/yoast-seo-wordpress\/ -->\n<title>Drapeau pour fen\u00eatre \u2013 Visibilit\u00e9 double face &amp; Fixation facile<\/title>\n<meta name=\"description\" content=\"Attirez imm\u00e9diatement l&#039;attention avec un drapeau pour fen\u00eatre durable en toile de banni\u00e8re de haute qualit\u00e9. Livraison sous 4 jours ouvr\u00e9s. Livraison dans toute l&#039;Europe\" \/>\n<meta name=\"robots\" content=\"index, follow, max-snippet:-1, max-image-preview:large, max-video-preview:-1\" \/>\n<link rel=\"canonical\" href=\"https:\/\/www.amstelprinting.nl\/fr\/boutique\/tout-les-drapeaux\/drapeaux-de-facade\/drapeau-pour-fenetre\/\" \/>\n<meta property=\"og:locale\" content=\"fr_FR\" \/>\n<meta property=\"og:type\" content=\"article\" \/>\n<meta property=\"og:title\" content=\"Drapeau pour fen\u00eatre \u2013 Visibilit\u00e9 double face &amp; Fixation facile\" \/>\n<meta property=\"og:description\" content=\"Attirez imm\u00e9diatement l&#039;attention avec un drapeau pour fen\u00eatre durable en toile de banni\u00e8re de haute qualit\u00e9. Livraison sous 4 jours ouvr\u00e9s. Livraison dans toute l&#039;Europe\" \/>\n<meta property=\"og:url\" content=\"https:\/\/www.amstelprinting.nl\/fr\/boutique\/tout-les-drapeaux\/drapeaux-de-facade\/drapeau-pour-fenetre\/\" \/>\n<meta property=\"og:site_name\" content=\"Amstel Printing\" \/>\n<meta property=\"article:modified_time\" content=\"2026-02-18T11:50:49+00:00\" \/>\n<meta property=\"og:image\" content=\"https:\/\/www.amstelprinting.nl\/wp-content\/uploads\/raamvlag-bedrukken.png\" \/>\n\t<meta property=\"og:image:width\" content=\"900\" \/>\n\t<meta property=\"og:image:height\" content=\"900\" \/>\n\t<meta property=\"og:image:type\" content=\"image\/png\" \/>\n<meta name=\"twitter:card\" content=\"summary_large_image\" \/>\n<meta name=\"twitter:label1\" content=\"Dur\u00e9e de lecture estim\u00e9e\" \/>\n\t<meta name=\"twitter:data1\" content=\"1 minute\" \/>\n<script type=\"application\/ld+json\" class=\"yoast-schema-graph\">{\"@context\":\"https:\\\/\\\/schema.org\",\"@graph\":[{\"@type\":\"WebPage\",\"@id\":\"https:\\\/\\\/www.amstelprinting.nl\\\/fr\\\/boutique\\\/tout-les-drapeaux\\\/drapeaux-de-facade\\\/drapeau-pour-fenetre\\\/\",\"url\":\"https:\\\/\\\/www.amstelprinting.nl\\\/fr\\\/boutique\\\/tout-les-drapeaux\\\/drapeaux-de-facade\\\/drapeau-pour-fenetre\\\/\",\"name\":\"Drapeau pour fen\u00eatre \u2013 Visibilit\u00e9 double face & Fixation facile\",\"isPartOf\":{\"@id\":\"https:\\\/\\\/www.amstelprinting.nl\\\/fr\\\/#website\"},\"primaryImageOfPage\":{\"@id\":\"https:\\\/\\\/www.amstelprinting.nl\\\/fr\\\/boutique\\\/tout-les-drapeaux\\\/drapeaux-de-facade\\\/drapeau-pour-fenetre\\\/#primaryimage\"},\"image\":{\"@id\":\"https:\\\/\\\/www.amstelprinting.nl\\\/fr\\\/boutique\\\/tout-les-drapeaux\\\/drapeaux-de-facade\\\/drapeau-pour-fenetre\\\/#primaryimage\"},\"thumbnailUrl\":\"https:\\\/\\\/www.amstelprinting.nl\\\/wp-content\\\/uploads\\\/raamvlag-bedrukken.png\",\"datePublished\":\"2025-01-24T10:34:20+00:00\",\"dateModified\":\"2026-02-18T11:50:49+00:00\",\"description\":\"Attirez imm\u00e9diatement l'attention avec un drapeau pour fen\u00eatre durable en toile de banni\u00e8re de haute qualit\u00e9. Livraison sous 4 jours ouvr\u00e9s. Livraison dans toute l'Europe\",\"breadcrumb\":{\"@id\":\"https:\\\/\\\/www.amstelprinting.nl\\\/fr\\\/boutique\\\/tout-les-drapeaux\\\/drapeaux-de-facade\\\/drapeau-pour-fenetre\\\/#breadcrumb\"},\"inLanguage\":\"fr-FR\",\"potentialAction\":[{\"@type\":\"ReadAction\",\"target\":[\"https:\\\/\\\/www.amstelprinting.nl\\\/fr\\\/boutique\\\/tout-les-drapeaux\\\/drapeaux-de-facade\\\/drapeau-pour-fenetre\\\/\"]}]},{\"@type\":\"ImageObject\",\"inLanguage\":\"fr-FR\",\"@id\":\"https:\\\/\\\/www.amstelprinting.nl\\\/fr\\\/boutique\\\/tout-les-drapeaux\\\/drapeaux-de-facade\\\/drapeau-pour-fenetre\\\/#primaryimage\",\"url\":\"https:\\\/\\\/www.amstelprinting.nl\\\/wp-content\\\/uploads\\\/raamvlag-bedrukken.png\",\"contentUrl\":\"https:\\\/\\\/www.amstelprinting.nl\\\/wp-content\\\/uploads\\\/raamvlag-bedrukken.png\",\"width\":900,\"height\":900},{\"@type\":\"BreadcrumbList\",\"@id\":\"https:\\\/\\\/www.amstelprinting.nl\\\/fr\\\/boutique\\\/tout-les-drapeaux\\\/drapeaux-de-facade\\\/drapeau-pour-fenetre\\\/#breadcrumb\",\"itemListElement\":[{\"@type\":\"ListItem\",\"position\":1,\"name\":\"\",\"item\":\"https:\\\/\\\/www.amstelprinting.nl\\\/fr\\\/\"},{\"@type\":\"ListItem\",\"position\":2,\"name\":\"Amstel Printing\",\"item\":\"https:\\\/\\\/www.amstelprinting.nl\\\/fr\\\/boutique\\\/\"},{\"@type\":\"ListItem\",\"position\":3,\"name\":\"Drapeaux\",\"item\":\"https:\\\/\\\/www.amstelprinting.nl\\\/fr\\\/categorie\\\/tout-les-drapeaux\\\/\"},{\"@type\":\"ListItem\",\"position\":4,\"name\":\"Drapeaux de fa\u00e7ade\",\"item\":\"https:\\\/\\\/www.amstelprinting.nl\\\/fr\\\/categorie\\\/tout-les-drapeaux\\\/drapeaux-de-facade\\\/\"},{\"@type\":\"ListItem\",\"position\":5,\"name\":\"Drapeau pour fen\u00eatre\"}]},{\"@type\":\"WebSite\",\"@id\":\"https:\\\/\\\/www.amstelprinting.nl\\\/fr\\\/#website\",\"url\":\"https:\\\/\\\/www.amstelprinting.nl\\\/fr\\\/\",\"name\":\"Amstel Printing\",\"description\":\"Creating Exposure\",\"publisher\":{\"@id\":\"https:\\\/\\\/www.amstelprinting.nl\\\/fr\\\/#organization\"},\"potentialAction\":[{\"@type\":\"SearchAction\",\"target\":{\"@type\":\"EntryPoint\",\"urlTemplate\":\"https:\\\/\\\/www.amstelprinting.nl\\\/fr\\\/?s={search_term_string}\"},\"query-input\":{\"@type\":\"PropertyValueSpecification\",\"valueRequired\":true,\"valueName\":\"search_term_string\"}}],\"inLanguage\":\"fr-FR\"},{\"@type\":\"Organization\",\"@id\":\"https:\\\/\\\/www.amstelprinting.nl\\\/fr\\\/#organization\",\"name\":\"Amstel Printing\",\"url\":\"https:\\\/\\\/www.amstelprinting.nl\\\/fr\\\/\",\"logo\":{\"@type\":\"ImageObject\",\"inLanguage\":\"fr-FR\",\"@id\":\"https:\\\/\\\/www.amstelprinting.nl\\\/fr\\\/#\\\/schema\\\/logo\\\/image\\\/\",\"url\":\"https:\\\/\\\/www.amstelprinting.nl\\\/wp-content\\\/uploads\\\/amstel_printing_logo_clean.png\",\"contentUrl\":\"https:\\\/\\\/www.amstelprinting.nl\\\/wp-content\\\/uploads\\\/amstel_printing_logo_clean.png\",\"width\":324,\"height\":73,\"caption\":\"Amstel Printing\"},\"image\":{\"@id\":\"https:\\\/\\\/www.amstelprinting.nl\\\/fr\\\/#\\\/schema\\\/logo\\\/image\\\/\"}}]}<\/script>\n<!-- \/ Yoast SEO plugin. -->","yoast_head_json":{"title":"Drapeau pour fen\u00eatre \u2013 Visibilit\u00e9 double face & Fixation facile","description":"Attirez imm\u00e9diatement l'attention avec un drapeau pour fen\u00eatre durable en toile de banni\u00e8re de haute qualit\u00e9. Livraison sous 4 jours ouvr\u00e9s. Livraison dans toute l'Europe","robots":{"index":"index","follow":"follow","max-snippet":"max-snippet:-1","max-image-preview":"max-image-preview:large","max-video-preview":"max-video-preview:-1"},"canonical":"https:\/\/www.amstelprinting.nl\/fr\/boutique\/tout-les-drapeaux\/drapeaux-de-facade\/drapeau-pour-fenetre\/","og_locale":"fr_FR","og_type":"article","og_title":"Drapeau pour fen\u00eatre \u2013 Visibilit\u00e9 double face & Fixation facile","og_description":"Attirez imm\u00e9diatement l'attention avec un drapeau pour fen\u00eatre durable en toile de banni\u00e8re de haute qualit\u00e9. Livraison sous 4 jours ouvr\u00e9s. Livraison dans toute l'Europe","og_url":"https:\/\/www.amstelprinting.nl\/fr\/boutique\/tout-les-drapeaux\/drapeaux-de-facade\/drapeau-pour-fenetre\/","og_site_name":"Amstel Printing","article_modified_time":"2026-02-18T11:50:49+00:00","og_image":[{"width":900,"height":900,"url":"https:\/\/www.amstelprinting.nl\/wp-content\/uploads\/raamvlag-bedrukken.png","type":"image\/png"}],"twitter_card":"summary_large_image","twitter_misc":{"Dur\u00e9e de lecture estim\u00e9e":"1 minute"},"schema":{"@context":"https:\/\/schema.org","@graph":[{"@type":"WebPage","@id":"https:\/\/www.amstelprinting.nl\/fr\/boutique\/tout-les-drapeaux\/drapeaux-de-facade\/drapeau-pour-fenetre\/","url":"https:\/\/www.amstelprinting.nl\/fr\/boutique\/tout-les-drapeaux\/drapeaux-de-facade\/drapeau-pour-fenetre\/","name":"Drapeau pour fen\u00eatre \u2013 Visibilit\u00e9 double face & Fixation facile","isPartOf":{"@id":"https:\/\/www.amstelprinting.nl\/fr\/#website"},"primaryImageOfPage":{"@id":"https:\/\/www.amstelprinting.nl\/fr\/boutique\/tout-les-drapeaux\/drapeaux-de-facade\/drapeau-pour-fenetre\/#primaryimage"},"image":{"@id":"https:\/\/www.amstelprinting.nl\/fr\/boutique\/tout-les-drapeaux\/drapeaux-de-facade\/drapeau-pour-fenetre\/#primaryimage"},"thumbnailUrl":"https:\/\/www.amstelprinting.nl\/wp-content\/uploads\/raamvlag-bedrukken.png","datePublished":"2025-01-24T10:34:20+00:00","dateModified":"2026-02-18T11:50:49+00:00","description":"Attirez imm\u00e9diatement l'attention avec un drapeau pour fen\u00eatre durable en toile de banni\u00e8re de haute qualit\u00e9. Livraison sous 4 jours ouvr\u00e9s. Livraison dans toute l'Europe","breadcrumb":{"@id":"https:\/\/www.amstelprinting.nl\/fr\/boutique\/tout-les-drapeaux\/drapeaux-de-facade\/drapeau-pour-fenetre\/#breadcrumb"},"inLanguage":"fr-FR","potentialAction":[{"@type":"ReadAction","target":["https:\/\/www.amstelprinting.nl\/fr\/boutique\/tout-les-drapeaux\/drapeaux-de-facade\/drapeau-pour-fenetre\/"]}]},{"@type":"ImageObject","inLanguage":"fr-FR","@id":"https:\/\/www.amstelprinting.nl\/fr\/boutique\/tout-les-drapeaux\/drapeaux-de-facade\/drapeau-pour-fenetre\/#primaryimage","url":"https:\/\/www.amstelprinting.nl\/wp-content\/uploads\/raamvlag-bedrukken.png","contentUrl":"https:\/\/www.amstelprinting.nl\/wp-content\/uploads\/raamvlag-bedrukken.png","width":900,"height":900},{"@type":"BreadcrumbList","@id":"https:\/\/www.amstelprinting.nl\/fr\/boutique\/tout-les-drapeaux\/drapeaux-de-facade\/drapeau-pour-fenetre\/#breadcrumb","itemListElement":[{"@type":"ListItem","position":1,"name":"","item":"https:\/\/www.amstelprinting.nl\/fr\/"},{"@type":"ListItem","position":2,"name":"Amstel Printing","item":"https:\/\/www.amstelprinting.nl\/fr\/boutique\/"},{"@type":"ListItem","position":3,"name":"Drapeaux","item":"https:\/\/www.amstelprinting.nl\/fr\/categorie\/tout-les-drapeaux\/"},{"@type":"ListItem","position":4,"name":"Drapeaux de fa\u00e7ade","item":"https:\/\/www.amstelprinting.nl\/fr\/categorie\/tout-les-drapeaux\/drapeaux-de-facade\/"},{"@type":"ListItem","position":5,"name":"Drapeau pour fen\u00eatre"}]},{"@type":"WebSite","@id":"https:\/\/www.amstelprinting.nl\/fr\/#website","url":"https:\/\/www.amstelprinting.nl\/fr\/","name":"Amstel Printing","description":"Creating Exposure","publisher":{"@id":"https:\/\/www.amstelprinting.nl\/fr\/#organization"},"potentialAction":[{"@type":"SearchAction","target":{"@type":"EntryPoint","urlTemplate":"https:\/\/www.amstelprinting.nl\/fr\/?s={search_term_string}"},"query-input":{"@type":"PropertyValueSpecification","valueRequired":true,"valueName":"search_term_string"}}],"inLanguage":"fr-FR"},{"@type":"Organization","@id":"https:\/\/www.amstelprinting.nl\/fr\/#organization","name":"Amstel Printing","url":"https:\/\/www.amstelprinting.nl\/fr\/","logo":{"@type":"ImageObject","inLanguage":"fr-FR","@id":"https:\/\/www.amstelprinting.nl\/fr\/#\/schema\/logo\/image\/","url":"https:\/\/www.amstelprinting.nl\/wp-content\/uploads\/amstel_printing_logo_clean.png","contentUrl":"https:\/\/www.amstelprinting.nl\/wp-content\/uploads\/amstel_printing_logo_clean.png","width":324,"height":73,"caption":"Amstel Printing"},"image":{"@id":"https:\/\/www.amstelprinting.nl\/fr\/#\/schema\/logo\/image\/"}}]}},"_links":{"self":[{"href":"https:\/\/www.amstelprinting.nl\/fr\/wp-json\/wp\/v2\/product\/13762","targetHints":{"allow":["GET"]}}],"collection":[{"href":"https:\/\/www.amstelprinting.nl\/fr\/wp-json\/wp\/v2\/product"}],"about":[{"href":"https:\/\/www.amstelprinting.nl\/fr\/wp-json\/wp\/v2\/types\/product"}],"wp:featuredmedia":[{"embeddable":true,"href":"https:\/\/www.amstelprinting.nl\/fr\/wp-json\/wp\/v2\/media\/13763"}],"wp:attachment":[{"href":"https:\/\/www.amstelprinting.nl\/fr\/wp-json\/wp\/v2\/media?parent=13762"}],"wp:term":[{"taxonomy":"product_brand","embeddable":true,"href":"https:\/\/www.amstelprinting.nl\/fr\/wp-json\/wp\/v2\/product_brand?post=13762"},{"taxonomy":"product_cat","embeddable":true,"href":"https:\/\/www.amstelprinting.nl\/fr\/wp-json\/wp\/v2\/product_cat?post=13762"},{"taxonomy":"product_tag","embeddable":true,"href":"https:\/\/www.amstelprinting.nl\/fr\/wp-json\/wp\/v2\/product_tag?post=13762"}],"curies":[{"name":"wp","href":"https:\/\/api.w.org\/{rel}","templated":true}]}}