{"id":13772,"date":"2025-01-24T11:34:12","date_gmt":"2025-01-24T10:34:12","guid":{"rendered":"https:\/\/www.amstelprinting.nl\/winkel\/non%20class\u00e9\/lichtbak\/"},"modified":"2026-02-18T12:50:50","modified_gmt":"2026-02-18T11:50:50","slug":"enseigne-lumineuse","status":"publish","type":"product","link":"https:\/\/www.amstelprinting.nl\/fr\/boutique\/publicite-exterieure\/publicite-au-neon\/enseigne-lumineuse\/","title":{"rendered":"Enseigne lumineuse"},"content":{"rendered":"<h3>Mat\u00e9riau et finitions<\/h3>\n<p>Le cadre de l&rsquo;enseigne lumineuse est fabriqu\u00e9 en aluminium avec une finition argent\u00e9e. Le raccordement du c\u00e2ble peut \u00eatre plac\u00e9 sur le c\u00f4t\u00e9 gauche, central ou droit du cadre. L&rsquo;ouverture du cadre est personnalisable et peut se situer sur le c\u00f4t\u00e9 gauche, droit, sup\u00e9rieur ou inf\u00e9rieur.<\/p>\n<p>La plaque de l&rsquo;enseigne lumineuse est produite sur du Plexiglas opale, ce qui assure une diffusion uniforme de la lumi\u00e8re. De plus, l&rsquo;impression est r\u00e9alis\u00e9e en 200% pleines couleurs (quadrichromie), ce qui donne des couleurs vives lors du r\u00e9tro\u00e9clairage. Gr\u00e2ce \u00e0 la double couche d&rsquo;encre, les couleurs restent bien visibles m\u00eame lorsque l&rsquo;\u00e9clairage LED est \u00e9teint. La plaque peut \u00eatre fabriqu\u00e9e dans des dimensions allant jusqu&rsquo;\u00e0 3 x 2 m\u00e8tres maximum (en une seule pi\u00e8ce).<\/p>\n<p>Le cadre est int\u00e9gr\u00e9 \u00e0 une plaque arri\u00e8re en Dibond\u00ae. Les bandes LED sont mont\u00e9es sur cette plaque, permettant une diffusion uniforme de la lumi\u00e8re par l&rsquo;arri\u00e8re. Cela se traduit par un affichage puissant et accrocheur de l&rsquo;impression.<\/p>\n<p>Cette enseigne lumineuse est con\u00e7ue pour des applications ext\u00e9rieures et est enti\u00e8rement \u00e9tanche. Pour plus de s\u00e9curit\u00e9, de petits trous sont pr\u00e9vus au bas pour permettre l&rsquo;\u00e9vacuation de toute infiltration d&rsquo;eau.<\/p>\n<h3>Montage<\/h3>\n<p>Lors du montage, il convient de tenir compte du syst\u00e8me d&rsquo;ouverture simple du cadre. La plaque est gliss\u00e9e dans le cadre par cette ouverture. Lors de la commande, vous pouvez indiquer de quel c\u00f4t\u00e9 vous souhaitez cette ouverture.<\/p>\n<p>Le profil\u00e9 du cadre est combin\u00e9 \u00e0 une plaque arri\u00e8re en Dibond\u00ae pour garantir la stabilit\u00e9. Pour s&rsquo;assurer que la plaque reste bien en place par conditions m\u00e9t\u00e9orologiques difficiles, un profil\u00e9 de suspension en plexiglas est fourni en standard. Ce profil\u00e9 doit \u00eatre mont\u00e9 par vos soins sur le dessus de la plaque \u00e0 l&rsquo;aide de la colle fournie.<\/p>\n","protected":false},"excerpt":{"rendered":"<p>Une fa\u00e7on remarquable de faire briller votre message de jour comme de nuit. Nos enseignes lumineuses allient un design \u00e9l\u00e9gant \u00e0 un \u00e9clairage LED avanc\u00e9, parfaites pour l&rsquo;int\u00e9rieur comme pour l&rsquo;ext\u00e9rieur. Avec un cadre en aluminium \u00e9pur\u00e9 et une plaque en Plexiglas opale imprim\u00e9e sur mesure, nos enseignes lumineuses offrent une visibilit\u00e9 et un impact maximaux, quelle que soit l&rsquo;heure du jour. Dot\u00e9es d&rsquo;une garantie de deux ans sur le cadre et l&rsquo;\u00e9clairage LED. Composez votre enseigne lumineuse en quelques \u00e9tapes !<\/p>\n","protected":false},"featured_media":13773,"template":"","meta":{"_et_pb_use_builder":"","_et_pb_old_content":"","_et_gb_content_width":""},"product_brand":[],"product_cat":[463,448],"product_tag":[],"class_list":{"0":"post-13772","1":"product","2":"type-product","3":"status-publish","4":"has-post-thumbnail","6":"product_cat-publicite-au-neon","7":"product_cat-publicite-exterieure","9":"first","10":"instock","11":"taxable","12":"shipping-taxable","13":"purchasable","14":"product-type-simple"},"yoast_head":"<!-- This site is optimized with the Yoast SEO plugin v27.3 - https:\/\/yoast.com\/product\/yoast-seo-wordpress\/ -->\n<title>Enseigne lumineuse avec \u00e9clairage LED - Publicit\u00e9 ext\u00e9rieure durable et lumineuse<\/title>\n<meta name=\"description\" content=\"Enseigne lumineuse avec \u00e9clairage LED et plaque en Plexiglas opale claire. Personnalisez-la d\u00e8s maintenant et mettez votre message en valeur, de jour comme de nuit.\" \/>\n<meta name=\"robots\" content=\"index, follow, max-snippet:-1, max-image-preview:large, max-video-preview:-1\" \/>\n<link rel=\"canonical\" href=\"https:\/\/www.amstelprinting.nl\/fr\/boutique\/publicite-exterieure\/publicite-au-neon\/enseigne-lumineuse\/\" \/>\n<meta property=\"og:locale\" content=\"fr_FR\" \/>\n<meta property=\"og:type\" content=\"article\" \/>\n<meta property=\"og:title\" content=\"Enseigne lumineuse avec \u00e9clairage LED - Publicit\u00e9 ext\u00e9rieure durable et lumineuse\" \/>\n<meta property=\"og:description\" content=\"Enseigne lumineuse avec \u00e9clairage LED et plaque en Plexiglas opale claire. Personnalisez-la d\u00e8s maintenant et mettez votre message en valeur, de jour comme de nuit.\" \/>\n<meta property=\"og:url\" content=\"https:\/\/www.amstelprinting.nl\/fr\/boutique\/publicite-exterieure\/publicite-au-neon\/enseigne-lumineuse\/\" \/>\n<meta property=\"og:site_name\" content=\"Amstel Printing\" \/>\n<meta property=\"article:modified_time\" content=\"2026-02-18T11:50:50+00:00\" \/>\n<meta property=\"og:image\" content=\"https:\/\/www.amstelprinting.nl\/wp-content\/uploads\/Lichtbak-bedrukken1.png\" \/>\n\t<meta property=\"og:image:width\" content=\"700\" \/>\n\t<meta property=\"og:image:height\" content=\"700\" \/>\n\t<meta property=\"og:image:type\" content=\"image\/png\" \/>\n<meta name=\"twitter:card\" content=\"summary_large_image\" \/>\n<meta name=\"twitter:label1\" content=\"Dur\u00e9e de lecture estim\u00e9e\" \/>\n\t<meta name=\"twitter:data1\" content=\"2 minutes\" \/>\n<script type=\"application\/ld+json\" class=\"yoast-schema-graph\">{\"@context\":\"https:\\\/\\\/schema.org\",\"@graph\":[{\"@type\":\"WebPage\",\"@id\":\"https:\\\/\\\/www.amstelprinting.nl\\\/fr\\\/boutique\\\/publicite-exterieure\\\/publicite-au-neon\\\/enseigne-lumineuse\\\/\",\"url\":\"https:\\\/\\\/www.amstelprinting.nl\\\/fr\\\/boutique\\\/publicite-exterieure\\\/publicite-au-neon\\\/enseigne-lumineuse\\\/\",\"name\":\"Enseigne lumineuse avec \u00e9clairage LED - Publicit\u00e9 ext\u00e9rieure durable et lumineuse\",\"isPartOf\":{\"@id\":\"https:\\\/\\\/www.amstelprinting.nl\\\/fr\\\/#website\"},\"primaryImageOfPage\":{\"@id\":\"https:\\\/\\\/www.amstelprinting.nl\\\/fr\\\/boutique\\\/publicite-exterieure\\\/publicite-au-neon\\\/enseigne-lumineuse\\\/#primaryimage\"},\"image\":{\"@id\":\"https:\\\/\\\/www.amstelprinting.nl\\\/fr\\\/boutique\\\/publicite-exterieure\\\/publicite-au-neon\\\/enseigne-lumineuse\\\/#primaryimage\"},\"thumbnailUrl\":\"https:\\\/\\\/www.amstelprinting.nl\\\/wp-content\\\/uploads\\\/Lichtbak-bedrukken1.png\",\"datePublished\":\"2025-01-24T10:34:12+00:00\",\"dateModified\":\"2026-02-18T11:50:50+00:00\",\"description\":\"Enseigne lumineuse avec \u00e9clairage LED et plaque en Plexiglas opale claire. Personnalisez-la d\u00e8s maintenant et mettez votre message en valeur, de jour comme de nuit.\",\"breadcrumb\":{\"@id\":\"https:\\\/\\\/www.amstelprinting.nl\\\/fr\\\/boutique\\\/publicite-exterieure\\\/publicite-au-neon\\\/enseigne-lumineuse\\\/#breadcrumb\"},\"inLanguage\":\"fr-FR\",\"potentialAction\":[{\"@type\":\"ReadAction\",\"target\":[\"https:\\\/\\\/www.amstelprinting.nl\\\/fr\\\/boutique\\\/publicite-exterieure\\\/publicite-au-neon\\\/enseigne-lumineuse\\\/\"]}]},{\"@type\":\"ImageObject\",\"inLanguage\":\"fr-FR\",\"@id\":\"https:\\\/\\\/www.amstelprinting.nl\\\/fr\\\/boutique\\\/publicite-exterieure\\\/publicite-au-neon\\\/enseigne-lumineuse\\\/#primaryimage\",\"url\":\"https:\\\/\\\/www.amstelprinting.nl\\\/wp-content\\\/uploads\\\/Lichtbak-bedrukken1.png\",\"contentUrl\":\"https:\\\/\\\/www.amstelprinting.nl\\\/wp-content\\\/uploads\\\/Lichtbak-bedrukken1.png\",\"width\":700,\"height\":700},{\"@type\":\"BreadcrumbList\",\"@id\":\"https:\\\/\\\/www.amstelprinting.nl\\\/fr\\\/boutique\\\/publicite-exterieure\\\/publicite-au-neon\\\/enseigne-lumineuse\\\/#breadcrumb\",\"itemListElement\":[{\"@type\":\"ListItem\",\"position\":1,\"name\":\"\",\"item\":\"https:\\\/\\\/www.amstelprinting.nl\\\/fr\\\/\"},{\"@type\":\"ListItem\",\"position\":2,\"name\":\"Amstel Printing\",\"item\":\"https:\\\/\\\/www.amstelprinting.nl\\\/fr\\\/boutique\\\/\"},{\"@type\":\"ListItem\",\"position\":3,\"name\":\"Publicit\u00e9 ext\u00e9rieure\",\"item\":\"https:\\\/\\\/www.amstelprinting.nl\\\/fr\\\/categorie\\\/publicite-exterieure\\\/\"},{\"@type\":\"ListItem\",\"position\":4,\"name\":\"Publicit\u00e9 au n\u00e9on\",\"item\":\"https:\\\/\\\/www.amstelprinting.nl\\\/fr\\\/categorie\\\/publicite-exterieure\\\/publicite-au-neon\\\/\"},{\"@type\":\"ListItem\",\"position\":5,\"name\":\"Enseigne lumineuse\"}]},{\"@type\":\"WebSite\",\"@id\":\"https:\\\/\\\/www.amstelprinting.nl\\\/fr\\\/#website\",\"url\":\"https:\\\/\\\/www.amstelprinting.nl\\\/fr\\\/\",\"name\":\"Amstel Printing\",\"description\":\"Creating Exposure\",\"publisher\":{\"@id\":\"https:\\\/\\\/www.amstelprinting.nl\\\/fr\\\/#organization\"},\"potentialAction\":[{\"@type\":\"SearchAction\",\"target\":{\"@type\":\"EntryPoint\",\"urlTemplate\":\"https:\\\/\\\/www.amstelprinting.nl\\\/fr\\\/?s={search_term_string}\"},\"query-input\":{\"@type\":\"PropertyValueSpecification\",\"valueRequired\":true,\"valueName\":\"search_term_string\"}}],\"inLanguage\":\"fr-FR\"},{\"@type\":\"Organization\",\"@id\":\"https:\\\/\\\/www.amstelprinting.nl\\\/fr\\\/#organization\",\"name\":\"Amstel Printing\",\"url\":\"https:\\\/\\\/www.amstelprinting.nl\\\/fr\\\/\",\"logo\":{\"@type\":\"ImageObject\",\"inLanguage\":\"fr-FR\",\"@id\":\"https:\\\/\\\/www.amstelprinting.nl\\\/fr\\\/#\\\/schema\\\/logo\\\/image\\\/\",\"url\":\"https:\\\/\\\/www.amstelprinting.nl\\\/wp-content\\\/uploads\\\/amstel_printing_logo_clean.png\",\"contentUrl\":\"https:\\\/\\\/www.amstelprinting.nl\\\/wp-content\\\/uploads\\\/amstel_printing_logo_clean.png\",\"width\":324,\"height\":73,\"caption\":\"Amstel Printing\"},\"image\":{\"@id\":\"https:\\\/\\\/www.amstelprinting.nl\\\/fr\\\/#\\\/schema\\\/logo\\\/image\\\/\"}}]}<\/script>\n<!-- \/ Yoast SEO plugin. -->","yoast_head_json":{"title":"Enseigne lumineuse avec \u00e9clairage LED - Publicit\u00e9 ext\u00e9rieure durable et lumineuse","description":"Enseigne lumineuse avec \u00e9clairage LED et plaque en Plexiglas opale claire. Personnalisez-la d\u00e8s maintenant et mettez votre message en valeur, de jour comme de nuit.","robots":{"index":"index","follow":"follow","max-snippet":"max-snippet:-1","max-image-preview":"max-image-preview:large","max-video-preview":"max-video-preview:-1"},"canonical":"https:\/\/www.amstelprinting.nl\/fr\/boutique\/publicite-exterieure\/publicite-au-neon\/enseigne-lumineuse\/","og_locale":"fr_FR","og_type":"article","og_title":"Enseigne lumineuse avec \u00e9clairage LED - Publicit\u00e9 ext\u00e9rieure durable et lumineuse","og_description":"Enseigne lumineuse avec \u00e9clairage LED et plaque en Plexiglas opale claire. Personnalisez-la d\u00e8s maintenant et mettez votre message en valeur, de jour comme de nuit.","og_url":"https:\/\/www.amstelprinting.nl\/fr\/boutique\/publicite-exterieure\/publicite-au-neon\/enseigne-lumineuse\/","og_site_name":"Amstel Printing","article_modified_time":"2026-02-18T11:50:50+00:00","og_image":[{"width":700,"height":700,"url":"https:\/\/www.amstelprinting.nl\/wp-content\/uploads\/Lichtbak-bedrukken1.png","type":"image\/png"}],"twitter_card":"summary_large_image","twitter_misc":{"Dur\u00e9e de lecture estim\u00e9e":"2 minutes"},"schema":{"@context":"https:\/\/schema.org","@graph":[{"@type":"WebPage","@id":"https:\/\/www.amstelprinting.nl\/fr\/boutique\/publicite-exterieure\/publicite-au-neon\/enseigne-lumineuse\/","url":"https:\/\/www.amstelprinting.nl\/fr\/boutique\/publicite-exterieure\/publicite-au-neon\/enseigne-lumineuse\/","name":"Enseigne lumineuse avec \u00e9clairage LED - Publicit\u00e9 ext\u00e9rieure durable et lumineuse","isPartOf":{"@id":"https:\/\/www.amstelprinting.nl\/fr\/#website"},"primaryImageOfPage":{"@id":"https:\/\/www.amstelprinting.nl\/fr\/boutique\/publicite-exterieure\/publicite-au-neon\/enseigne-lumineuse\/#primaryimage"},"image":{"@id":"https:\/\/www.amstelprinting.nl\/fr\/boutique\/publicite-exterieure\/publicite-au-neon\/enseigne-lumineuse\/#primaryimage"},"thumbnailUrl":"https:\/\/www.amstelprinting.nl\/wp-content\/uploads\/Lichtbak-bedrukken1.png","datePublished":"2025-01-24T10:34:12+00:00","dateModified":"2026-02-18T11:50:50+00:00","description":"Enseigne lumineuse avec \u00e9clairage LED et plaque en Plexiglas opale claire. Personnalisez-la d\u00e8s maintenant et mettez votre message en valeur, de jour comme de nuit.","breadcrumb":{"@id":"https:\/\/www.amstelprinting.nl\/fr\/boutique\/publicite-exterieure\/publicite-au-neon\/enseigne-lumineuse\/#breadcrumb"},"inLanguage":"fr-FR","potentialAction":[{"@type":"ReadAction","target":["https:\/\/www.amstelprinting.nl\/fr\/boutique\/publicite-exterieure\/publicite-au-neon\/enseigne-lumineuse\/"]}]},{"@type":"ImageObject","inLanguage":"fr-FR","@id":"https:\/\/www.amstelprinting.nl\/fr\/boutique\/publicite-exterieure\/publicite-au-neon\/enseigne-lumineuse\/#primaryimage","url":"https:\/\/www.amstelprinting.nl\/wp-content\/uploads\/Lichtbak-bedrukken1.png","contentUrl":"https:\/\/www.amstelprinting.nl\/wp-content\/uploads\/Lichtbak-bedrukken1.png","width":700,"height":700},{"@type":"BreadcrumbList","@id":"https:\/\/www.amstelprinting.nl\/fr\/boutique\/publicite-exterieure\/publicite-au-neon\/enseigne-lumineuse\/#breadcrumb","itemListElement":[{"@type":"ListItem","position":1,"name":"","item":"https:\/\/www.amstelprinting.nl\/fr\/"},{"@type":"ListItem","position":2,"name":"Amstel Printing","item":"https:\/\/www.amstelprinting.nl\/fr\/boutique\/"},{"@type":"ListItem","position":3,"name":"Publicit\u00e9 ext\u00e9rieure","item":"https:\/\/www.amstelprinting.nl\/fr\/categorie\/publicite-exterieure\/"},{"@type":"ListItem","position":4,"name":"Publicit\u00e9 au n\u00e9on","item":"https:\/\/www.amstelprinting.nl\/fr\/categorie\/publicite-exterieure\/publicite-au-neon\/"},{"@type":"ListItem","position":5,"name":"Enseigne lumineuse"}]},{"@type":"WebSite","@id":"https:\/\/www.amstelprinting.nl\/fr\/#website","url":"https:\/\/www.amstelprinting.nl\/fr\/","name":"Amstel Printing","description":"Creating Exposure","publisher":{"@id":"https:\/\/www.amstelprinting.nl\/fr\/#organization"},"potentialAction":[{"@type":"SearchAction","target":{"@type":"EntryPoint","urlTemplate":"https:\/\/www.amstelprinting.nl\/fr\/?s={search_term_string}"},"query-input":{"@type":"PropertyValueSpecification","valueRequired":true,"valueName":"search_term_string"}}],"inLanguage":"fr-FR"},{"@type":"Organization","@id":"https:\/\/www.amstelprinting.nl\/fr\/#organization","name":"Amstel Printing","url":"https:\/\/www.amstelprinting.nl\/fr\/","logo":{"@type":"ImageObject","inLanguage":"fr-FR","@id":"https:\/\/www.amstelprinting.nl\/fr\/#\/schema\/logo\/image\/","url":"https:\/\/www.amstelprinting.nl\/wp-content\/uploads\/amstel_printing_logo_clean.png","contentUrl":"https:\/\/www.amstelprinting.nl\/wp-content\/uploads\/amstel_printing_logo_clean.png","width":324,"height":73,"caption":"Amstel Printing"},"image":{"@id":"https:\/\/www.amstelprinting.nl\/fr\/#\/schema\/logo\/image\/"}}]}},"_links":{"self":[{"href":"https:\/\/www.amstelprinting.nl\/fr\/wp-json\/wp\/v2\/product\/13772","targetHints":{"allow":["GET"]}}],"collection":[{"href":"https:\/\/www.amstelprinting.nl\/fr\/wp-json\/wp\/v2\/product"}],"about":[{"href":"https:\/\/www.amstelprinting.nl\/fr\/wp-json\/wp\/v2\/types\/product"}],"wp:featuredmedia":[{"embeddable":true,"href":"https:\/\/www.amstelprinting.nl\/fr\/wp-json\/wp\/v2\/media\/13773"}],"wp:attachment":[{"href":"https:\/\/www.amstelprinting.nl\/fr\/wp-json\/wp\/v2\/media?parent=13772"}],"wp:term":[{"taxonomy":"product_brand","embeddable":true,"href":"https:\/\/www.amstelprinting.nl\/fr\/wp-json\/wp\/v2\/product_brand?post=13772"},{"taxonomy":"product_cat","embeddable":true,"href":"https:\/\/www.amstelprinting.nl\/fr\/wp-json\/wp\/v2\/product_cat?post=13772"},{"taxonomy":"product_tag","embeddable":true,"href":"https:\/\/www.amstelprinting.nl\/fr\/wp-json\/wp\/v2\/product_tag?post=13772"}],"curies":[{"name":"wp","href":"https:\/\/api.w.org\/{rel}","templated":true}]}}