{"id":13782,"date":"2025-01-24T11:34:08","date_gmt":"2025-01-24T10:34:08","guid":{"rendered":"https:\/\/www.amstelprinting.nl\/winkel\/non%20class\u00e9\/outdoor-led-frame-2\/"},"modified":"2026-02-18T12:50:50","modified_gmt":"2026-02-18T11:50:50","slug":"cadre-led-exterieur","status":"publish","type":"product","link":"https:\/\/www.amstelprinting.nl\/fr\/boutique\/publicite-exterieure\/publicite-au-neon\/cadre-led-exterieur\/","title":{"rendered":"Cadre LED ext\u00e9rieur"},"content":{"rendered":"<h3>Mat\u00e9riaux et finitions<\/h3>\n<p>Le cadre LED ext\u00e9rieur a un aspect moderne gr\u00e2ce \u00e0 son design en aluminium argent\u00e9. Les rainures flexibles offrent de l&rsquo;espace pour le jonc plat de la toile, ce qui permet une adaptation facile dans divers formats. Le cadre est robuste et \u00e9tanche, \u00e9quip\u00e9 de trous de drainage en bas pour \u00e9vacuer l&rsquo;eau exc\u00e9dentaire.<\/p>\n<p><strong>Cordon d&rsquo;alimentation<\/strong> &#8211; Vous pouvez choisir parmi diff\u00e9rentes options de placement pour la connexion \u00e9lectrique : \u00e0 gauche, au centre ou \u00e0 droite, ce qui rend le cadre flexible pour vos besoins sp\u00e9cifiques.<\/p>\n<p><strong>Toile<\/strong> &#8211; Avec une impression 200 % couleur puissante sur toile Backlit hydrofuge, vous \u00eates assur\u00e9 de couleurs vives, m\u00eame pour les applications \u00e9clair\u00e9es. La plaque arri\u00e8re en Dibond\u00ae avec bandes LED mont\u00e9es assure une diffusion uniforme de la lumi\u00e8re, pr\u00e9sentant votre message de mani\u00e8re efficace et frappante.<\/p>\n<h3>Configuration flexible et commande ult\u00e9rieure<\/h3>\n<p>Choisissez un ensemble complet comprenant un cadre mont\u00e9 ou s\u00e9lectionnez des toiles ou des cadres individuels de votre choix.<\/p>\n<h3>Questions fr\u00e9quemment pos\u00e9es<\/h3>\n<p><strong>Quel est le format maximal pour commander ce produit ?<\/strong><br \/>\nVous pouvez commander ce produit jusqu&rsquo;\u00e0 un format impressionnant de pas moins de 300 cm x 1000 cm. Vous avez besoin d&rsquo;un format plus grand ou vous souhaitez une autre couleur ? Demandez simplement un devis pour du sur-mesure.<\/p>\n<p><strong>Quelles sont les autres couleurs de cadre possibles ?<\/strong><br \/>\nLe cadre LED ext\u00e9rieur est disponible par d\u00e9faut en aluminium argent\u00e9. Si vous pr\u00e9f\u00e9rez une autre couleur, vous pouvez simplement nous transmettre le code couleur RAL. Nous veillons \u00e0 ce que le cadre soit thermolaqu\u00e9 dans la couleur de votre choix. Veuillez noter que cela peut prolonger le d\u00e9lai de livraison d&rsquo;environ 2 semaines.<\/p>\n<p><strong>Quelle est la dur\u00e9e de vie pr\u00e9vue du Backlit ?<\/strong><br \/>\nLe Backlit a une longue dur\u00e9e de vie de plusieurs ann\u00e9es en int\u00e9rieur. En ext\u00e9rieur, sa dur\u00e9e de vie est estim\u00e9e \u00e0 environ 1 an. Divers facteurs, tels que la lumi\u00e8re UV et les conditions m\u00e9t\u00e9orologiques, peuvent influencer la dur\u00e9e de vie.<\/p>\n<p><strong>Quelle technique de production est utilis\u00e9e pour ce mat\u00e9riau ?<\/strong><br \/>\nNous utilisons la technologie d&rsquo;impression UV pour l&rsquo;impression de ce mat\u00e9riau. Cette technique garantit une encre r\u00e9sistante aux rayures qui assure la durabilit\u00e9. Veuillez noter que l&rsquo;impression n&rsquo;est pas totalement inodore au d\u00e9but, mais cette odeur dispara\u00eet avec le temps.<\/p>\n","protected":false},"excerpt":{"rendered":"<p>D\u00e9couvrez notre cadre LED ext\u00e9rieur, sp\u00e9cialement con\u00e7u pour faire ressortir efficacement votre message, m\u00eame dans des environnements ext\u00e9rieurs difficiles. Votre impression sera magnifiquement \u00e9clair\u00e9e de mani\u00e8re intense. Dot\u00e9 d&rsquo;une garantie de 2 ans sur le cadre et l&rsquo;\u00e9clairage LED. Configurez ci-dessous votre cadre LED ext\u00e9rieur selon vos souhaits en quelques \u00e9tapes.<\/p>\n","protected":false},"featured_media":13783,"template":"","meta":{"_et_pb_use_builder":"","_et_pb_old_content":"","_et_gb_content_width":""},"product_brand":[],"product_cat":[535,463,448],"product_tag":[],"class_list":{"0":"post-13782","1":"product","2":"type-product","3":"status-publish","4":"has-post-thumbnail","6":"product_cat-cadres-de-banniere","7":"product_cat-publicite-au-neon","8":"product_cat-publicite-exterieure","10":"first","11":"instock","12":"taxable","13":"shipping-taxable","14":"purchasable","15":"product-type-simple"},"yoast_head":"<!-- This site is optimized with the Yoast SEO plugin v27.3 - https:\/\/yoast.com\/product\/yoast-seo-wordpress\/ -->\n<title>Cadre LED ext\u00e9rieur \u2013 \u00c9clairage publicitaire robuste et \u00e9tanche<\/title>\n<meta name=\"description\" content=\"Cadre LED ext\u00e9rieur : \u00e9clairage intens\u00e9ment uniforme, toile Backlit hydrofuge et installation flexible. Parfait pour une publicit\u00e9 ext\u00e9rieure durable avec 2 ans de garantie.\" \/>\n<meta name=\"robots\" content=\"index, follow, max-snippet:-1, max-image-preview:large, max-video-preview:-1\" \/>\n<link rel=\"canonical\" href=\"https:\/\/www.amstelprinting.nl\/fr\/boutique\/publicite-exterieure\/publicite-au-neon\/cadre-led-exterieur\/\" \/>\n<meta property=\"og:locale\" content=\"fr_FR\" \/>\n<meta property=\"og:type\" content=\"article\" \/>\n<meta property=\"og:title\" content=\"Cadre LED ext\u00e9rieur \u2013 \u00c9clairage publicitaire robuste et \u00e9tanche\" \/>\n<meta property=\"og:description\" content=\"Cadre LED ext\u00e9rieur : \u00e9clairage intens\u00e9ment uniforme, toile Backlit hydrofuge et installation flexible. Parfait pour une publicit\u00e9 ext\u00e9rieure durable avec 2 ans de garantie.\" \/>\n<meta property=\"og:url\" content=\"https:\/\/www.amstelprinting.nl\/fr\/boutique\/publicite-exterieure\/publicite-au-neon\/cadre-led-exterieur\/\" \/>\n<meta property=\"og:site_name\" content=\"Amstel Printing\" \/>\n<meta property=\"article:modified_time\" content=\"2026-02-18T11:50:50+00:00\" \/>\n<meta property=\"og:image\" content=\"https:\/\/www.amstelprinting.nl\/wp-content\/uploads\/outdoor-led-frame-bedrukken-1.png\" \/>\n\t<meta property=\"og:image:width\" content=\"700\" \/>\n\t<meta property=\"og:image:height\" content=\"700\" \/>\n\t<meta property=\"og:image:type\" content=\"image\/png\" \/>\n<meta name=\"twitter:card\" content=\"summary_large_image\" \/>\n<meta name=\"twitter:label1\" content=\"Dur\u00e9e de lecture estim\u00e9e\" \/>\n\t<meta name=\"twitter:data1\" content=\"2 minutes\" \/>\n<script type=\"application\/ld+json\" class=\"yoast-schema-graph\">{\"@context\":\"https:\\\/\\\/schema.org\",\"@graph\":[{\"@type\":\"WebPage\",\"@id\":\"https:\\\/\\\/www.amstelprinting.nl\\\/fr\\\/boutique\\\/publicite-exterieure\\\/publicite-au-neon\\\/cadre-led-exterieur\\\/\",\"url\":\"https:\\\/\\\/www.amstelprinting.nl\\\/fr\\\/boutique\\\/publicite-exterieure\\\/publicite-au-neon\\\/cadre-led-exterieur\\\/\",\"name\":\"Cadre LED ext\u00e9rieur \u2013 \u00c9clairage publicitaire robuste et \u00e9tanche\",\"isPartOf\":{\"@id\":\"https:\\\/\\\/www.amstelprinting.nl\\\/fr\\\/#website\"},\"primaryImageOfPage\":{\"@id\":\"https:\\\/\\\/www.amstelprinting.nl\\\/fr\\\/boutique\\\/publicite-exterieure\\\/publicite-au-neon\\\/cadre-led-exterieur\\\/#primaryimage\"},\"image\":{\"@id\":\"https:\\\/\\\/www.amstelprinting.nl\\\/fr\\\/boutique\\\/publicite-exterieure\\\/publicite-au-neon\\\/cadre-led-exterieur\\\/#primaryimage\"},\"thumbnailUrl\":\"https:\\\/\\\/www.amstelprinting.nl\\\/wp-content\\\/uploads\\\/outdoor-led-frame-bedrukken-1.png\",\"datePublished\":\"2025-01-24T10:34:08+00:00\",\"dateModified\":\"2026-02-18T11:50:50+00:00\",\"description\":\"Cadre LED ext\u00e9rieur : \u00e9clairage intens\u00e9ment uniforme, toile Backlit hydrofuge et installation flexible. Parfait pour une publicit\u00e9 ext\u00e9rieure durable avec 2 ans de garantie.\",\"breadcrumb\":{\"@id\":\"https:\\\/\\\/www.amstelprinting.nl\\\/fr\\\/boutique\\\/publicite-exterieure\\\/publicite-au-neon\\\/cadre-led-exterieur\\\/#breadcrumb\"},\"inLanguage\":\"fr-FR\",\"potentialAction\":[{\"@type\":\"ReadAction\",\"target\":[\"https:\\\/\\\/www.amstelprinting.nl\\\/fr\\\/boutique\\\/publicite-exterieure\\\/publicite-au-neon\\\/cadre-led-exterieur\\\/\"]}]},{\"@type\":\"ImageObject\",\"inLanguage\":\"fr-FR\",\"@id\":\"https:\\\/\\\/www.amstelprinting.nl\\\/fr\\\/boutique\\\/publicite-exterieure\\\/publicite-au-neon\\\/cadre-led-exterieur\\\/#primaryimage\",\"url\":\"https:\\\/\\\/www.amstelprinting.nl\\\/wp-content\\\/uploads\\\/outdoor-led-frame-bedrukken-1.png\",\"contentUrl\":\"https:\\\/\\\/www.amstelprinting.nl\\\/wp-content\\\/uploads\\\/outdoor-led-frame-bedrukken-1.png\",\"width\":700,\"height\":700},{\"@type\":\"BreadcrumbList\",\"@id\":\"https:\\\/\\\/www.amstelprinting.nl\\\/fr\\\/boutique\\\/publicite-exterieure\\\/publicite-au-neon\\\/cadre-led-exterieur\\\/#breadcrumb\",\"itemListElement\":[{\"@type\":\"ListItem\",\"position\":1,\"name\":\"\",\"item\":\"https:\\\/\\\/www.amstelprinting.nl\\\/fr\\\/\"},{\"@type\":\"ListItem\",\"position\":2,\"name\":\"Amstel Printing\",\"item\":\"https:\\\/\\\/www.amstelprinting.nl\\\/fr\\\/boutique\\\/\"},{\"@type\":\"ListItem\",\"position\":3,\"name\":\"Publicit\u00e9 ext\u00e9rieure\",\"item\":\"https:\\\/\\\/www.amstelprinting.nl\\\/fr\\\/categorie\\\/publicite-exterieure\\\/\"},{\"@type\":\"ListItem\",\"position\":4,\"name\":\"Publicit\u00e9 au n\u00e9on\",\"item\":\"https:\\\/\\\/www.amstelprinting.nl\\\/fr\\\/categorie\\\/publicite-exterieure\\\/publicite-au-neon\\\/\"},{\"@type\":\"ListItem\",\"position\":5,\"name\":\"Cadre LED ext\u00e9rieur\"}]},{\"@type\":\"WebSite\",\"@id\":\"https:\\\/\\\/www.amstelprinting.nl\\\/fr\\\/#website\",\"url\":\"https:\\\/\\\/www.amstelprinting.nl\\\/fr\\\/\",\"name\":\"Amstel Printing\",\"description\":\"Creating Exposure\",\"publisher\":{\"@id\":\"https:\\\/\\\/www.amstelprinting.nl\\\/fr\\\/#organization\"},\"potentialAction\":[{\"@type\":\"SearchAction\",\"target\":{\"@type\":\"EntryPoint\",\"urlTemplate\":\"https:\\\/\\\/www.amstelprinting.nl\\\/fr\\\/?s={search_term_string}\"},\"query-input\":{\"@type\":\"PropertyValueSpecification\",\"valueRequired\":true,\"valueName\":\"search_term_string\"}}],\"inLanguage\":\"fr-FR\"},{\"@type\":\"Organization\",\"@id\":\"https:\\\/\\\/www.amstelprinting.nl\\\/fr\\\/#organization\",\"name\":\"Amstel Printing\",\"url\":\"https:\\\/\\\/www.amstelprinting.nl\\\/fr\\\/\",\"logo\":{\"@type\":\"ImageObject\",\"inLanguage\":\"fr-FR\",\"@id\":\"https:\\\/\\\/www.amstelprinting.nl\\\/fr\\\/#\\\/schema\\\/logo\\\/image\\\/\",\"url\":\"https:\\\/\\\/www.amstelprinting.nl\\\/wp-content\\\/uploads\\\/amstel_printing_logo_clean.png\",\"contentUrl\":\"https:\\\/\\\/www.amstelprinting.nl\\\/wp-content\\\/uploads\\\/amstel_printing_logo_clean.png\",\"width\":324,\"height\":73,\"caption\":\"Amstel Printing\"},\"image\":{\"@id\":\"https:\\\/\\\/www.amstelprinting.nl\\\/fr\\\/#\\\/schema\\\/logo\\\/image\\\/\"}}]}<\/script>\n<!-- \/ Yoast SEO plugin. -->","yoast_head_json":{"title":"Cadre LED ext\u00e9rieur \u2013 \u00c9clairage publicitaire robuste et \u00e9tanche","description":"Cadre LED ext\u00e9rieur : \u00e9clairage intens\u00e9ment uniforme, toile Backlit hydrofuge et installation flexible. Parfait pour une publicit\u00e9 ext\u00e9rieure durable avec 2 ans de garantie.","robots":{"index":"index","follow":"follow","max-snippet":"max-snippet:-1","max-image-preview":"max-image-preview:large","max-video-preview":"max-video-preview:-1"},"canonical":"https:\/\/www.amstelprinting.nl\/fr\/boutique\/publicite-exterieure\/publicite-au-neon\/cadre-led-exterieur\/","og_locale":"fr_FR","og_type":"article","og_title":"Cadre LED ext\u00e9rieur \u2013 \u00c9clairage publicitaire robuste et \u00e9tanche","og_description":"Cadre LED ext\u00e9rieur : \u00e9clairage intens\u00e9ment uniforme, toile Backlit hydrofuge et installation flexible. Parfait pour une publicit\u00e9 ext\u00e9rieure durable avec 2 ans de garantie.","og_url":"https:\/\/www.amstelprinting.nl\/fr\/boutique\/publicite-exterieure\/publicite-au-neon\/cadre-led-exterieur\/","og_site_name":"Amstel Printing","article_modified_time":"2026-02-18T11:50:50+00:00","og_image":[{"width":700,"height":700,"url":"https:\/\/www.amstelprinting.nl\/wp-content\/uploads\/outdoor-led-frame-bedrukken-1.png","type":"image\/png"}],"twitter_card":"summary_large_image","twitter_misc":{"Dur\u00e9e de lecture estim\u00e9e":"2 minutes"},"schema":{"@context":"https:\/\/schema.org","@graph":[{"@type":"WebPage","@id":"https:\/\/www.amstelprinting.nl\/fr\/boutique\/publicite-exterieure\/publicite-au-neon\/cadre-led-exterieur\/","url":"https:\/\/www.amstelprinting.nl\/fr\/boutique\/publicite-exterieure\/publicite-au-neon\/cadre-led-exterieur\/","name":"Cadre LED ext\u00e9rieur \u2013 \u00c9clairage publicitaire robuste et \u00e9tanche","isPartOf":{"@id":"https:\/\/www.amstelprinting.nl\/fr\/#website"},"primaryImageOfPage":{"@id":"https:\/\/www.amstelprinting.nl\/fr\/boutique\/publicite-exterieure\/publicite-au-neon\/cadre-led-exterieur\/#primaryimage"},"image":{"@id":"https:\/\/www.amstelprinting.nl\/fr\/boutique\/publicite-exterieure\/publicite-au-neon\/cadre-led-exterieur\/#primaryimage"},"thumbnailUrl":"https:\/\/www.amstelprinting.nl\/wp-content\/uploads\/outdoor-led-frame-bedrukken-1.png","datePublished":"2025-01-24T10:34:08+00:00","dateModified":"2026-02-18T11:50:50+00:00","description":"Cadre LED ext\u00e9rieur : \u00e9clairage intens\u00e9ment uniforme, toile Backlit hydrofuge et installation flexible. Parfait pour une publicit\u00e9 ext\u00e9rieure durable avec 2 ans de garantie.","breadcrumb":{"@id":"https:\/\/www.amstelprinting.nl\/fr\/boutique\/publicite-exterieure\/publicite-au-neon\/cadre-led-exterieur\/#breadcrumb"},"inLanguage":"fr-FR","potentialAction":[{"@type":"ReadAction","target":["https:\/\/www.amstelprinting.nl\/fr\/boutique\/publicite-exterieure\/publicite-au-neon\/cadre-led-exterieur\/"]}]},{"@type":"ImageObject","inLanguage":"fr-FR","@id":"https:\/\/www.amstelprinting.nl\/fr\/boutique\/publicite-exterieure\/publicite-au-neon\/cadre-led-exterieur\/#primaryimage","url":"https:\/\/www.amstelprinting.nl\/wp-content\/uploads\/outdoor-led-frame-bedrukken-1.png","contentUrl":"https:\/\/www.amstelprinting.nl\/wp-content\/uploads\/outdoor-led-frame-bedrukken-1.png","width":700,"height":700},{"@type":"BreadcrumbList","@id":"https:\/\/www.amstelprinting.nl\/fr\/boutique\/publicite-exterieure\/publicite-au-neon\/cadre-led-exterieur\/#breadcrumb","itemListElement":[{"@type":"ListItem","position":1,"name":"","item":"https:\/\/www.amstelprinting.nl\/fr\/"},{"@type":"ListItem","position":2,"name":"Amstel Printing","item":"https:\/\/www.amstelprinting.nl\/fr\/boutique\/"},{"@type":"ListItem","position":3,"name":"Publicit\u00e9 ext\u00e9rieure","item":"https:\/\/www.amstelprinting.nl\/fr\/categorie\/publicite-exterieure\/"},{"@type":"ListItem","position":4,"name":"Publicit\u00e9 au n\u00e9on","item":"https:\/\/www.amstelprinting.nl\/fr\/categorie\/publicite-exterieure\/publicite-au-neon\/"},{"@type":"ListItem","position":5,"name":"Cadre LED ext\u00e9rieur"}]},{"@type":"WebSite","@id":"https:\/\/www.amstelprinting.nl\/fr\/#website","url":"https:\/\/www.amstelprinting.nl\/fr\/","name":"Amstel Printing","description":"Creating Exposure","publisher":{"@id":"https:\/\/www.amstelprinting.nl\/fr\/#organization"},"potentialAction":[{"@type":"SearchAction","target":{"@type":"EntryPoint","urlTemplate":"https:\/\/www.amstelprinting.nl\/fr\/?s={search_term_string}"},"query-input":{"@type":"PropertyValueSpecification","valueRequired":true,"valueName":"search_term_string"}}],"inLanguage":"fr-FR"},{"@type":"Organization","@id":"https:\/\/www.amstelprinting.nl\/fr\/#organization","name":"Amstel Printing","url":"https:\/\/www.amstelprinting.nl\/fr\/","logo":{"@type":"ImageObject","inLanguage":"fr-FR","@id":"https:\/\/www.amstelprinting.nl\/fr\/#\/schema\/logo\/image\/","url":"https:\/\/www.amstelprinting.nl\/wp-content\/uploads\/amstel_printing_logo_clean.png","contentUrl":"https:\/\/www.amstelprinting.nl\/wp-content\/uploads\/amstel_printing_logo_clean.png","width":324,"height":73,"caption":"Amstel Printing"},"image":{"@id":"https:\/\/www.amstelprinting.nl\/fr\/#\/schema\/logo\/image\/"}}]}},"_links":{"self":[{"href":"https:\/\/www.amstelprinting.nl\/fr\/wp-json\/wp\/v2\/product\/13782","targetHints":{"allow":["GET"]}}],"collection":[{"href":"https:\/\/www.amstelprinting.nl\/fr\/wp-json\/wp\/v2\/product"}],"about":[{"href":"https:\/\/www.amstelprinting.nl\/fr\/wp-json\/wp\/v2\/types\/product"}],"wp:featuredmedia":[{"embeddable":true,"href":"https:\/\/www.amstelprinting.nl\/fr\/wp-json\/wp\/v2\/media\/13783"}],"wp:attachment":[{"href":"https:\/\/www.amstelprinting.nl\/fr\/wp-json\/wp\/v2\/media?parent=13782"}],"wp:term":[{"taxonomy":"product_brand","embeddable":true,"href":"https:\/\/www.amstelprinting.nl\/fr\/wp-json\/wp\/v2\/product_brand?post=13782"},{"taxonomy":"product_cat","embeddable":true,"href":"https:\/\/www.amstelprinting.nl\/fr\/wp-json\/wp\/v2\/product_cat?post=13782"},{"taxonomy":"product_tag","embeddable":true,"href":"https:\/\/www.amstelprinting.nl\/fr\/wp-json\/wp\/v2\/product_tag?post=13782"}],"curies":[{"name":"wp","href":"https:\/\/api.w.org\/{rel}","templated":true}]}}