{"id":13792,"date":"2025-01-24T11:34:03","date_gmt":"2025-01-24T10:34:03","guid":{"rendered":"https:\/\/www.amstelprinting.nl\/winkel\/non%20class\u00e9\/lichtbakposter\/"},"modified":"2026-02-18T12:50:51","modified_gmt":"2026-02-18T11:50:51","slug":"affiche-retroeclairee","status":"publish","type":"product","link":"https:\/\/www.amstelprinting.nl\/fr\/boutique\/publicite-exterieure\/publicite-au-neon\/affiche-retroeclairee\/","title":{"rendered":"Affiche r\u00e9tro\u00e9clair\u00e9e"},"content":{"rendered":"<h3>Formats<\/h3>\n<p>Nos affiches r\u00e9tro\u00e9clair\u00e9es sont disponibles en neuf formats diff\u00e9rents, allant des petits formats abri aux plus grands formats B2, ce qui les rend id\u00e9ales pour diverses applications. <\/p>\n<h3>Mat\u00e9riaux<\/h3>\n<p>Les affiches r\u00e9tro\u00e9clair\u00e9es sont fabriqu\u00e9es en polyester backlit, un film brillant d&rsquo;une \u00e9paisseur de 0,21 mm. Ce film sp\u00e9cial offre une excellente diffusion de la lumi\u00e8re, ce qui permet un \u00e9clairage clair et uniforme de l&rsquo;impression. Avec un rev\u00eatement r\u00e9sistant \u00e0 l&rsquo;eau de 275 gr\/m\u00b2 sur la face avant, nos affiches r\u00e9tro\u00e9clair\u00e9es sont parfaitement adapt\u00e9es \u00e0 un usage int\u00e9rieur et ext\u00e9rieur.<\/p>\n<p>Optez pour l&rsquo;aspect luxueux et la durabilit\u00e9 du polyester backlit, et comptez sur un produit qui embellit tout environnement d&rsquo;affichage et met en valeur votre message de mani\u00e8re efficace.<\/p>\n","protected":false},"excerpt":{"rendered":"<p><span style=\"font-weight: 400;\">Un v\u00e9ritable accroche-regard pour l&rsquo;abribus (abri) ou le panneau publicitaire rotatif. Avec cette affiche r\u00e9tro\u00e9clair\u00e9e, votre entreprise ou votre message se remarque en un coup d&rsquo;\u0153il ! R\u00e9sistante \u00e0 l&rsquo;eau et donc adapt\u00e9e \u00e0 une utilisation en int\u00e9rieur comme en ext\u00e9rieur. Disponible en 9 formats standard. \u00c9conomique et livr\u00e9e en seulement 4 jours ouvrables.<\/span><\/p>\n","protected":false},"featured_media":13793,"template":"","meta":{"_et_pb_use_builder":"","_et_pb_old_content":"","_et_gb_content_width":""},"product_brand":[],"product_cat":[639,312,463,448],"product_tag":[],"class_list":{"0":"post-13792","1":"product","2":"type-product","3":"status-publish","4":"has-post-thumbnail","6":"product_cat-affiches","7":"product_cat-autocollants-et-impression","8":"product_cat-publicite-au-neon","9":"product_cat-publicite-exterieure","11":"first","12":"instock","13":"taxable","14":"shipping-taxable","15":"purchasable","16":"product-type-simple"},"yoast_head":"<!-- This site is optimized with the Yoast SEO plugin v27.3 - https:\/\/yoast.com\/product\/yoast-seo-wordpress\/ -->\n<title>Acheter une affiche r\u00e9tro\u00e9clair\u00e9e - Durable, r\u00e9sistante \u00e0 l&#039;eau et livr\u00e9e rapidement<\/title>\n<meta name=\"description\" content=\"Faites briller votre message avec notre affiche r\u00e9tro\u00e9clair\u00e9e, id\u00e9ale pour l&#039;int\u00e9rieur et l&#039;ext\u00e9rieur. Livr\u00e9e sous 4 jours ouvrables pour un impact maximal.\" \/>\n<meta name=\"robots\" content=\"index, follow, max-snippet:-1, max-image-preview:large, max-video-preview:-1\" \/>\n<link rel=\"canonical\" href=\"https:\/\/www.amstelprinting.nl\/fr\/boutique\/publicite-exterieure\/publicite-au-neon\/affiche-retroeclairee\/\" \/>\n<meta property=\"og:locale\" content=\"fr_FR\" \/>\n<meta property=\"og:type\" content=\"article\" \/>\n<meta property=\"og:title\" content=\"Acheter une affiche r\u00e9tro\u00e9clair\u00e9e - Durable, r\u00e9sistante \u00e0 l&#039;eau et livr\u00e9e rapidement\" \/>\n<meta property=\"og:description\" content=\"Faites briller votre message avec notre affiche r\u00e9tro\u00e9clair\u00e9e, id\u00e9ale pour l&#039;int\u00e9rieur et l&#039;ext\u00e9rieur. Livr\u00e9e sous 4 jours ouvrables pour un impact maximal.\" \/>\n<meta property=\"og:url\" content=\"https:\/\/www.amstelprinting.nl\/fr\/boutique\/publicite-exterieure\/publicite-au-neon\/affiche-retroeclairee\/\" \/>\n<meta property=\"og:site_name\" content=\"Amstel Printing\" \/>\n<meta property=\"article:modified_time\" content=\"2026-02-18T11:50:51+00:00\" \/>\n<meta property=\"og:image\" content=\"https:\/\/www.amstelprinting.nl\/wp-content\/uploads\/lichtbakposter-bedrukken-2.png\" \/>\n\t<meta property=\"og:image:width\" content=\"900\" \/>\n\t<meta property=\"og:image:height\" content=\"900\" \/>\n\t<meta property=\"og:image:type\" content=\"image\/png\" \/>\n<meta name=\"twitter:card\" content=\"summary_large_image\" \/>\n<meta name=\"twitter:label1\" content=\"Dur\u00e9e de lecture estim\u00e9e\" \/>\n\t<meta name=\"twitter:data1\" content=\"1 minute\" \/>\n<script type=\"application\/ld+json\" class=\"yoast-schema-graph\">{\"@context\":\"https:\\\/\\\/schema.org\",\"@graph\":[{\"@type\":\"WebPage\",\"@id\":\"https:\\\/\\\/www.amstelprinting.nl\\\/fr\\\/boutique\\\/publicite-exterieure\\\/publicite-au-neon\\\/affiche-retroeclairee\\\/\",\"url\":\"https:\\\/\\\/www.amstelprinting.nl\\\/fr\\\/boutique\\\/publicite-exterieure\\\/publicite-au-neon\\\/affiche-retroeclairee\\\/\",\"name\":\"Acheter une affiche r\u00e9tro\u00e9clair\u00e9e - Durable, r\u00e9sistante \u00e0 l'eau et livr\u00e9e rapidement\",\"isPartOf\":{\"@id\":\"https:\\\/\\\/www.amstelprinting.nl\\\/fr\\\/#website\"},\"primaryImageOfPage\":{\"@id\":\"https:\\\/\\\/www.amstelprinting.nl\\\/fr\\\/boutique\\\/publicite-exterieure\\\/publicite-au-neon\\\/affiche-retroeclairee\\\/#primaryimage\"},\"image\":{\"@id\":\"https:\\\/\\\/www.amstelprinting.nl\\\/fr\\\/boutique\\\/publicite-exterieure\\\/publicite-au-neon\\\/affiche-retroeclairee\\\/#primaryimage\"},\"thumbnailUrl\":\"https:\\\/\\\/www.amstelprinting.nl\\\/wp-content\\\/uploads\\\/lichtbakposter-bedrukken-2.png\",\"datePublished\":\"2025-01-24T10:34:03+00:00\",\"dateModified\":\"2026-02-18T11:50:51+00:00\",\"description\":\"Faites briller votre message avec notre affiche r\u00e9tro\u00e9clair\u00e9e, id\u00e9ale pour l'int\u00e9rieur et l'ext\u00e9rieur. Livr\u00e9e sous 4 jours ouvrables pour un impact maximal.\",\"breadcrumb\":{\"@id\":\"https:\\\/\\\/www.amstelprinting.nl\\\/fr\\\/boutique\\\/publicite-exterieure\\\/publicite-au-neon\\\/affiche-retroeclairee\\\/#breadcrumb\"},\"inLanguage\":\"fr-FR\",\"potentialAction\":[{\"@type\":\"ReadAction\",\"target\":[\"https:\\\/\\\/www.amstelprinting.nl\\\/fr\\\/boutique\\\/publicite-exterieure\\\/publicite-au-neon\\\/affiche-retroeclairee\\\/\"]}]},{\"@type\":\"ImageObject\",\"inLanguage\":\"fr-FR\",\"@id\":\"https:\\\/\\\/www.amstelprinting.nl\\\/fr\\\/boutique\\\/publicite-exterieure\\\/publicite-au-neon\\\/affiche-retroeclairee\\\/#primaryimage\",\"url\":\"https:\\\/\\\/www.amstelprinting.nl\\\/wp-content\\\/uploads\\\/lichtbakposter-bedrukken-2.png\",\"contentUrl\":\"https:\\\/\\\/www.amstelprinting.nl\\\/wp-content\\\/uploads\\\/lichtbakposter-bedrukken-2.png\",\"width\":900,\"height\":900},{\"@type\":\"BreadcrumbList\",\"@id\":\"https:\\\/\\\/www.amstelprinting.nl\\\/fr\\\/boutique\\\/publicite-exterieure\\\/publicite-au-neon\\\/affiche-retroeclairee\\\/#breadcrumb\",\"itemListElement\":[{\"@type\":\"ListItem\",\"position\":1,\"name\":\"\",\"item\":\"https:\\\/\\\/www.amstelprinting.nl\\\/fr\\\/\"},{\"@type\":\"ListItem\",\"position\":2,\"name\":\"Amstel Printing\",\"item\":\"https:\\\/\\\/www.amstelprinting.nl\\\/fr\\\/boutique\\\/\"},{\"@type\":\"ListItem\",\"position\":3,\"name\":\"Publicit\u00e9 ext\u00e9rieure\",\"item\":\"https:\\\/\\\/www.amstelprinting.nl\\\/fr\\\/categorie\\\/publicite-exterieure\\\/\"},{\"@type\":\"ListItem\",\"position\":4,\"name\":\"Publicit\u00e9 au n\u00e9on\",\"item\":\"https:\\\/\\\/www.amstelprinting.nl\\\/fr\\\/categorie\\\/publicite-exterieure\\\/publicite-au-neon\\\/\"},{\"@type\":\"ListItem\",\"position\":5,\"name\":\"Affiche r\u00e9tro\u00e9clair\u00e9e\"}]},{\"@type\":\"WebSite\",\"@id\":\"https:\\\/\\\/www.amstelprinting.nl\\\/fr\\\/#website\",\"url\":\"https:\\\/\\\/www.amstelprinting.nl\\\/fr\\\/\",\"name\":\"Amstel Printing\",\"description\":\"Creating Exposure\",\"publisher\":{\"@id\":\"https:\\\/\\\/www.amstelprinting.nl\\\/fr\\\/#organization\"},\"potentialAction\":[{\"@type\":\"SearchAction\",\"target\":{\"@type\":\"EntryPoint\",\"urlTemplate\":\"https:\\\/\\\/www.amstelprinting.nl\\\/fr\\\/?s={search_term_string}\"},\"query-input\":{\"@type\":\"PropertyValueSpecification\",\"valueRequired\":true,\"valueName\":\"search_term_string\"}}],\"inLanguage\":\"fr-FR\"},{\"@type\":\"Organization\",\"@id\":\"https:\\\/\\\/www.amstelprinting.nl\\\/fr\\\/#organization\",\"name\":\"Amstel Printing\",\"url\":\"https:\\\/\\\/www.amstelprinting.nl\\\/fr\\\/\",\"logo\":{\"@type\":\"ImageObject\",\"inLanguage\":\"fr-FR\",\"@id\":\"https:\\\/\\\/www.amstelprinting.nl\\\/fr\\\/#\\\/schema\\\/logo\\\/image\\\/\",\"url\":\"https:\\\/\\\/www.amstelprinting.nl\\\/wp-content\\\/uploads\\\/amstel_printing_logo_clean.png\",\"contentUrl\":\"https:\\\/\\\/www.amstelprinting.nl\\\/wp-content\\\/uploads\\\/amstel_printing_logo_clean.png\",\"width\":324,\"height\":73,\"caption\":\"Amstel Printing\"},\"image\":{\"@id\":\"https:\\\/\\\/www.amstelprinting.nl\\\/fr\\\/#\\\/schema\\\/logo\\\/image\\\/\"}}]}<\/script>\n<!-- \/ Yoast SEO plugin. -->","yoast_head_json":{"title":"Acheter une affiche r\u00e9tro\u00e9clair\u00e9e - Durable, r\u00e9sistante \u00e0 l'eau et livr\u00e9e rapidement","description":"Faites briller votre message avec notre affiche r\u00e9tro\u00e9clair\u00e9e, id\u00e9ale pour l'int\u00e9rieur et l'ext\u00e9rieur. Livr\u00e9e sous 4 jours ouvrables pour un impact maximal.","robots":{"index":"index","follow":"follow","max-snippet":"max-snippet:-1","max-image-preview":"max-image-preview:large","max-video-preview":"max-video-preview:-1"},"canonical":"https:\/\/www.amstelprinting.nl\/fr\/boutique\/publicite-exterieure\/publicite-au-neon\/affiche-retroeclairee\/","og_locale":"fr_FR","og_type":"article","og_title":"Acheter une affiche r\u00e9tro\u00e9clair\u00e9e - Durable, r\u00e9sistante \u00e0 l'eau et livr\u00e9e rapidement","og_description":"Faites briller votre message avec notre affiche r\u00e9tro\u00e9clair\u00e9e, id\u00e9ale pour l'int\u00e9rieur et l'ext\u00e9rieur. Livr\u00e9e sous 4 jours ouvrables pour un impact maximal.","og_url":"https:\/\/www.amstelprinting.nl\/fr\/boutique\/publicite-exterieure\/publicite-au-neon\/affiche-retroeclairee\/","og_site_name":"Amstel Printing","article_modified_time":"2026-02-18T11:50:51+00:00","og_image":[{"width":900,"height":900,"url":"https:\/\/www.amstelprinting.nl\/wp-content\/uploads\/lichtbakposter-bedrukken-2.png","type":"image\/png"}],"twitter_card":"summary_large_image","twitter_misc":{"Dur\u00e9e de lecture estim\u00e9e":"1 minute"},"schema":{"@context":"https:\/\/schema.org","@graph":[{"@type":"WebPage","@id":"https:\/\/www.amstelprinting.nl\/fr\/boutique\/publicite-exterieure\/publicite-au-neon\/affiche-retroeclairee\/","url":"https:\/\/www.amstelprinting.nl\/fr\/boutique\/publicite-exterieure\/publicite-au-neon\/affiche-retroeclairee\/","name":"Acheter une affiche r\u00e9tro\u00e9clair\u00e9e - Durable, r\u00e9sistante \u00e0 l'eau et livr\u00e9e rapidement","isPartOf":{"@id":"https:\/\/www.amstelprinting.nl\/fr\/#website"},"primaryImageOfPage":{"@id":"https:\/\/www.amstelprinting.nl\/fr\/boutique\/publicite-exterieure\/publicite-au-neon\/affiche-retroeclairee\/#primaryimage"},"image":{"@id":"https:\/\/www.amstelprinting.nl\/fr\/boutique\/publicite-exterieure\/publicite-au-neon\/affiche-retroeclairee\/#primaryimage"},"thumbnailUrl":"https:\/\/www.amstelprinting.nl\/wp-content\/uploads\/lichtbakposter-bedrukken-2.png","datePublished":"2025-01-24T10:34:03+00:00","dateModified":"2026-02-18T11:50:51+00:00","description":"Faites briller votre message avec notre affiche r\u00e9tro\u00e9clair\u00e9e, id\u00e9ale pour l'int\u00e9rieur et l'ext\u00e9rieur. Livr\u00e9e sous 4 jours ouvrables pour un impact maximal.","breadcrumb":{"@id":"https:\/\/www.amstelprinting.nl\/fr\/boutique\/publicite-exterieure\/publicite-au-neon\/affiche-retroeclairee\/#breadcrumb"},"inLanguage":"fr-FR","potentialAction":[{"@type":"ReadAction","target":["https:\/\/www.amstelprinting.nl\/fr\/boutique\/publicite-exterieure\/publicite-au-neon\/affiche-retroeclairee\/"]}]},{"@type":"ImageObject","inLanguage":"fr-FR","@id":"https:\/\/www.amstelprinting.nl\/fr\/boutique\/publicite-exterieure\/publicite-au-neon\/affiche-retroeclairee\/#primaryimage","url":"https:\/\/www.amstelprinting.nl\/wp-content\/uploads\/lichtbakposter-bedrukken-2.png","contentUrl":"https:\/\/www.amstelprinting.nl\/wp-content\/uploads\/lichtbakposter-bedrukken-2.png","width":900,"height":900},{"@type":"BreadcrumbList","@id":"https:\/\/www.amstelprinting.nl\/fr\/boutique\/publicite-exterieure\/publicite-au-neon\/affiche-retroeclairee\/#breadcrumb","itemListElement":[{"@type":"ListItem","position":1,"name":"","item":"https:\/\/www.amstelprinting.nl\/fr\/"},{"@type":"ListItem","position":2,"name":"Amstel Printing","item":"https:\/\/www.amstelprinting.nl\/fr\/boutique\/"},{"@type":"ListItem","position":3,"name":"Publicit\u00e9 ext\u00e9rieure","item":"https:\/\/www.amstelprinting.nl\/fr\/categorie\/publicite-exterieure\/"},{"@type":"ListItem","position":4,"name":"Publicit\u00e9 au n\u00e9on","item":"https:\/\/www.amstelprinting.nl\/fr\/categorie\/publicite-exterieure\/publicite-au-neon\/"},{"@type":"ListItem","position":5,"name":"Affiche r\u00e9tro\u00e9clair\u00e9e"}]},{"@type":"WebSite","@id":"https:\/\/www.amstelprinting.nl\/fr\/#website","url":"https:\/\/www.amstelprinting.nl\/fr\/","name":"Amstel Printing","description":"Creating Exposure","publisher":{"@id":"https:\/\/www.amstelprinting.nl\/fr\/#organization"},"potentialAction":[{"@type":"SearchAction","target":{"@type":"EntryPoint","urlTemplate":"https:\/\/www.amstelprinting.nl\/fr\/?s={search_term_string}"},"query-input":{"@type":"PropertyValueSpecification","valueRequired":true,"valueName":"search_term_string"}}],"inLanguage":"fr-FR"},{"@type":"Organization","@id":"https:\/\/www.amstelprinting.nl\/fr\/#organization","name":"Amstel Printing","url":"https:\/\/www.amstelprinting.nl\/fr\/","logo":{"@type":"ImageObject","inLanguage":"fr-FR","@id":"https:\/\/www.amstelprinting.nl\/fr\/#\/schema\/logo\/image\/","url":"https:\/\/www.amstelprinting.nl\/wp-content\/uploads\/amstel_printing_logo_clean.png","contentUrl":"https:\/\/www.amstelprinting.nl\/wp-content\/uploads\/amstel_printing_logo_clean.png","width":324,"height":73,"caption":"Amstel Printing"},"image":{"@id":"https:\/\/www.amstelprinting.nl\/fr\/#\/schema\/logo\/image\/"}}]}},"_links":{"self":[{"href":"https:\/\/www.amstelprinting.nl\/fr\/wp-json\/wp\/v2\/product\/13792","targetHints":{"allow":["GET"]}}],"collection":[{"href":"https:\/\/www.amstelprinting.nl\/fr\/wp-json\/wp\/v2\/product"}],"about":[{"href":"https:\/\/www.amstelprinting.nl\/fr\/wp-json\/wp\/v2\/types\/product"}],"wp:featuredmedia":[{"embeddable":true,"href":"https:\/\/www.amstelprinting.nl\/fr\/wp-json\/wp\/v2\/media\/13793"}],"wp:attachment":[{"href":"https:\/\/www.amstelprinting.nl\/fr\/wp-json\/wp\/v2\/media?parent=13792"}],"wp:term":[{"taxonomy":"product_brand","embeddable":true,"href":"https:\/\/www.amstelprinting.nl\/fr\/wp-json\/wp\/v2\/product_brand?post=13792"},{"taxonomy":"product_cat","embeddable":true,"href":"https:\/\/www.amstelprinting.nl\/fr\/wp-json\/wp\/v2\/product_cat?post=13792"},{"taxonomy":"product_tag","embeddable":true,"href":"https:\/\/www.amstelprinting.nl\/fr\/wp-json\/wp\/v2\/product_tag?post=13792"}],"curies":[{"name":"wp","href":"https:\/\/api.w.org\/{rel}","templated":true}]}}