{"id":13802,"date":"2025-01-24T11:33:58","date_gmt":"2025-01-24T10:33:58","guid":{"rendered":"https:\/\/www.amstelprinting.nl\/winkel\/non%20class\u00e9\/spandoek-vast-formaat\/"},"modified":"2026-02-18T12:50:51","modified_gmt":"2026-02-18T11:50:51","slug":"banderole-format-fixe","status":"publish","type":"product","link":"https:\/\/www.amstelprinting.nl\/fr\/boutique\/publicite-exterieure\/bannieres\/banderole-format-fixe\/","title":{"rendered":"Banderole &#8211; format fixe"},"content":{"rendered":"<h3>Mat\u00e9riaux<\/h3>\n<p>Nos banderoles sont disponibles en Banner 510 et en b\u00e2che Mesh. La Banner 510 est une b\u00e2che PVC avec une finition brillante, id\u00e9ale pour des impressions \u00e9clatantes et adapt\u00e9e \u00e0 un usage ext\u00e9rieur gr\u00e2ce \u00e0 ses propri\u00e9t\u00e9s hydrofuges. La b\u00e2che Mesh est une toile PVC perm\u00e9able \u00e0 l&rsquo;air avec une structure en maille, parfaite pour les endroits tr\u00e8s expos\u00e9s au vent.<\/p>\n<h3>Finitions<\/h3>\n<p>Les banderoles standards peuvent \u00eatre finies avec des ourlets ou avec des ourlets et des \u0153illets pour une fixation facile. Choisissez des ourlets le long des bords pour plus de robustesse et de durabilit\u00e9, tandis que les \u0153illets simplifient la suspension. Que vous souhaitiez transmettre un message promotionnel ou annoncer un \u00e9v\u00e9nement, nos banderoles offrent la combinaison parfaite de qualit\u00e9, de fonctionnalit\u00e9 et de polyvalence.<\/p>\n<h3>Questions fr\u00e9quemment pos\u00e9es<\/h3>\n<p><strong>Comment une banderole est-elle emball\u00e9e ?<\/strong><br \/>\nLes banderoles sont emball\u00e9es en rouleau. Pour prot\u00e9ger le mat\u00e9riau, la toile est enroul\u00e9e dans du papier bulle et du papier kraft.<\/p>\n<p><strong>Quand une toile est-elle divis\u00e9e ?<\/strong><br \/>\nCela est d\u00e9termin\u00e9 par la largeur d&rsquo;impression maximale. Celle-ci varie selon le mat\u00e9riau. Vous trouverez la largeur d&rsquo;impression maximale pour chaque mat\u00e9riau dans les sp\u00e9cifications. Important \u00e0 savoir : vous pouvez facilement fournir la surface totale dans un seul fichier. Nous diviserons le fichier selon vos souhaits.<\/p>\n<p><strong>Y a-t-il un format maximal ?<\/strong><br \/>\nN&rsquo;ayez aucune crainte concernant le format : gr\u00e2ce \u00e0 une technique de soudure sp\u00e9ciale, nous pouvons assembler les plus grandes toiles pour vous. Vous pouvez facilement commander et fournir la surface totale dans un seul fichier. Nous veillerons ensuite \u00e0 ce que le fichier soit divis\u00e9 comme vous le souhaitez.<\/p>\n<p><strong>Ce produit r\u00e9siste-t-il au vent ?<\/strong><br \/>\nLes mat\u00e9riaux sont con\u00e7us pour r\u00e9sister aux rafales de vent. Si vous avez besoin d&rsquo;un mat\u00e9riau qui r\u00e9siste bien au vent, nous vous recommandons la b\u00e2che Mesh. Il s&rsquo;agit d&rsquo;un mat\u00e9riau perfor\u00e9 qui laisse passer le vent facilement.<\/p>\n<p><strong>Quelle est la meilleure fa\u00e7on de nettoyer une banderole ?<\/strong><br \/>\nLa meilleure fa\u00e7on de nettoyer la banderole est d&rsquo;utiliser de l&rsquo;eau ti\u00e8de et un chiffon en microfibre. L&rsquo;utilisation de produits de nettoyage est d\u00e9conseill\u00e9e, car cela peut endommager l&rsquo;encre.<\/p>\n","protected":false},"excerpt":{"rendered":"<p>Faites briller votre message de mani\u00e8re \u00e9clatante avec nos banderoles polyvalentes. Les banderoles imprim\u00e9es sont parfaites pour chaque occasion et chaque environnement. Les banderoles de cette page produit sont particuli\u00e8rement \u00e9conomiques gr\u00e2ce aux formats fixes. Composez ci-dessous votre banderole imprim\u00e9e selon vos souhaits. Vous pouvez compter sur une impression et un prix ultra-nets !<\/p>\n","protected":false},"featured_media":25282,"template":"","meta":{"_et_pb_use_builder":"","_et_pb_old_content":"","_et_gb_content_width":""},"product_brand":[],"product_cat":[472,448],"product_tag":[],"class_list":{"0":"post-13802","1":"product","2":"type-product","3":"status-publish","4":"has-post-thumbnail","6":"product_cat-bannieres","7":"product_cat-publicite-exterieure","9":"first","10":"instock","11":"featured","12":"taxable","13":"shipping-taxable","14":"purchasable","15":"product-type-simple"},"yoast_head":"<!-- This site is optimized with the Yoast SEO plugin v27.3 - https:\/\/yoast.com\/product\/yoast-seo-wordpress\/ -->\n<title>Banderole - format fixe | Amstel Printing<\/title>\n<meta name=\"robots\" content=\"index, follow, max-snippet:-1, max-image-preview:large, max-video-preview:-1\" \/>\n<link rel=\"canonical\" href=\"https:\/\/www.amstelprinting.nl\/fr\/boutique\/publicite-exterieure\/bannieres\/banderole-format-fixe\/\" \/>\n<meta property=\"og:locale\" content=\"fr_FR\" \/>\n<meta property=\"og:type\" content=\"article\" \/>\n<meta property=\"og:title\" content=\"Banderole - format fixe | Amstel Printing\" \/>\n<meta property=\"og:description\" content=\"Faites briller votre message de mani\u00e8re \u00e9clatante avec nos banderoles polyvalentes. Les banderoles imprim\u00e9es sont parfaites pour chaque occasion et chaque environnement. Les banderoles de cette page produit sont particuli\u00e8rement \u00e9conomiques gr\u00e2ce aux formats fixes. Composez ci-dessous votre banderole imprim\u00e9e selon vos souhaits. Vous pouvez compter sur une impression et un prix ultra-nets !\" \/>\n<meta property=\"og:url\" content=\"https:\/\/www.amstelprinting.nl\/fr\/boutique\/publicite-exterieure\/bannieres\/banderole-format-fixe\/\" \/>\n<meta property=\"og:site_name\" content=\"Amstel Printing\" \/>\n<meta property=\"article:modified_time\" content=\"2026-02-18T11:50:51+00:00\" \/>\n<meta property=\"og:image\" content=\"https:\/\/www.amstelprinting.nl\/wp-content\/uploads\/spandoek-bedrukken-4.webp\" \/>\n\t<meta property=\"og:image:width\" content=\"900\" \/>\n\t<meta property=\"og:image:height\" content=\"900\" \/>\n\t<meta property=\"og:image:type\" content=\"image\/webp\" \/>\n<meta name=\"twitter:card\" content=\"summary_large_image\" \/>\n<meta name=\"twitter:label1\" content=\"Dur\u00e9e de lecture estim\u00e9e\" \/>\n\t<meta name=\"twitter:data1\" content=\"2 minutes\" \/>\n<script type=\"application\/ld+json\" class=\"yoast-schema-graph\">{\"@context\":\"https:\\\/\\\/schema.org\",\"@graph\":[{\"@type\":\"WebPage\",\"@id\":\"https:\\\/\\\/www.amstelprinting.nl\\\/fr\\\/boutique\\\/publicite-exterieure\\\/bannieres\\\/banderole-format-fixe\\\/\",\"url\":\"https:\\\/\\\/www.amstelprinting.nl\\\/fr\\\/boutique\\\/publicite-exterieure\\\/bannieres\\\/banderole-format-fixe\\\/\",\"name\":\"Banderole - format fixe | Amstel Printing\",\"isPartOf\":{\"@id\":\"https:\\\/\\\/www.amstelprinting.nl\\\/fr\\\/#website\"},\"primaryImageOfPage\":{\"@id\":\"https:\\\/\\\/www.amstelprinting.nl\\\/fr\\\/boutique\\\/publicite-exterieure\\\/bannieres\\\/banderole-format-fixe\\\/#primaryimage\"},\"image\":{\"@id\":\"https:\\\/\\\/www.amstelprinting.nl\\\/fr\\\/boutique\\\/publicite-exterieure\\\/bannieres\\\/banderole-format-fixe\\\/#primaryimage\"},\"thumbnailUrl\":\"https:\\\/\\\/www.amstelprinting.nl\\\/wp-content\\\/uploads\\\/spandoek-bedrukken-4.webp\",\"datePublished\":\"2025-01-24T10:33:58+00:00\",\"dateModified\":\"2026-02-18T11:50:51+00:00\",\"breadcrumb\":{\"@id\":\"https:\\\/\\\/www.amstelprinting.nl\\\/fr\\\/boutique\\\/publicite-exterieure\\\/bannieres\\\/banderole-format-fixe\\\/#breadcrumb\"},\"inLanguage\":\"fr-FR\",\"potentialAction\":[{\"@type\":\"ReadAction\",\"target\":[\"https:\\\/\\\/www.amstelprinting.nl\\\/fr\\\/boutique\\\/publicite-exterieure\\\/bannieres\\\/banderole-format-fixe\\\/\"]}]},{\"@type\":\"ImageObject\",\"inLanguage\":\"fr-FR\",\"@id\":\"https:\\\/\\\/www.amstelprinting.nl\\\/fr\\\/boutique\\\/publicite-exterieure\\\/bannieres\\\/banderole-format-fixe\\\/#primaryimage\",\"url\":\"https:\\\/\\\/www.amstelprinting.nl\\\/wp-content\\\/uploads\\\/spandoek-bedrukken-4.webp\",\"contentUrl\":\"https:\\\/\\\/www.amstelprinting.nl\\\/wp-content\\\/uploads\\\/spandoek-bedrukken-4.webp\",\"width\":900,\"height\":900},{\"@type\":\"BreadcrumbList\",\"@id\":\"https:\\\/\\\/www.amstelprinting.nl\\\/fr\\\/boutique\\\/publicite-exterieure\\\/bannieres\\\/banderole-format-fixe\\\/#breadcrumb\",\"itemListElement\":[{\"@type\":\"ListItem\",\"position\":1,\"name\":\"\",\"item\":\"https:\\\/\\\/www.amstelprinting.nl\\\/fr\\\/\"},{\"@type\":\"ListItem\",\"position\":2,\"name\":\"Amstel Printing\",\"item\":\"https:\\\/\\\/www.amstelprinting.nl\\\/fr\\\/boutique\\\/\"},{\"@type\":\"ListItem\",\"position\":3,\"name\":\"Publicit\u00e9 ext\u00e9rieure\",\"item\":\"https:\\\/\\\/www.amstelprinting.nl\\\/fr\\\/categorie\\\/publicite-exterieure\\\/\"},{\"@type\":\"ListItem\",\"position\":4,\"name\":\"Banni\u00e8res\",\"item\":\"https:\\\/\\\/www.amstelprinting.nl\\\/fr\\\/categorie\\\/publicite-exterieure\\\/bannieres\\\/\"},{\"@type\":\"ListItem\",\"position\":5,\"name\":\"Banderole &#8211; format fixe\"}]},{\"@type\":\"WebSite\",\"@id\":\"https:\\\/\\\/www.amstelprinting.nl\\\/fr\\\/#website\",\"url\":\"https:\\\/\\\/www.amstelprinting.nl\\\/fr\\\/\",\"name\":\"Amstel Printing\",\"description\":\"Creating Exposure\",\"publisher\":{\"@id\":\"https:\\\/\\\/www.amstelprinting.nl\\\/fr\\\/#organization\"},\"potentialAction\":[{\"@type\":\"SearchAction\",\"target\":{\"@type\":\"EntryPoint\",\"urlTemplate\":\"https:\\\/\\\/www.amstelprinting.nl\\\/fr\\\/?s={search_term_string}\"},\"query-input\":{\"@type\":\"PropertyValueSpecification\",\"valueRequired\":true,\"valueName\":\"search_term_string\"}}],\"inLanguage\":\"fr-FR\"},{\"@type\":\"Organization\",\"@id\":\"https:\\\/\\\/www.amstelprinting.nl\\\/fr\\\/#organization\",\"name\":\"Amstel Printing\",\"url\":\"https:\\\/\\\/www.amstelprinting.nl\\\/fr\\\/\",\"logo\":{\"@type\":\"ImageObject\",\"inLanguage\":\"fr-FR\",\"@id\":\"https:\\\/\\\/www.amstelprinting.nl\\\/fr\\\/#\\\/schema\\\/logo\\\/image\\\/\",\"url\":\"https:\\\/\\\/www.amstelprinting.nl\\\/wp-content\\\/uploads\\\/amstel_printing_logo_clean.png\",\"contentUrl\":\"https:\\\/\\\/www.amstelprinting.nl\\\/wp-content\\\/uploads\\\/amstel_printing_logo_clean.png\",\"width\":324,\"height\":73,\"caption\":\"Amstel Printing\"},\"image\":{\"@id\":\"https:\\\/\\\/www.amstelprinting.nl\\\/fr\\\/#\\\/schema\\\/logo\\\/image\\\/\"}}]}<\/script>\n<!-- \/ Yoast SEO plugin. -->","yoast_head_json":{"title":"Banderole - format fixe | Amstel Printing","robots":{"index":"index","follow":"follow","max-snippet":"max-snippet:-1","max-image-preview":"max-image-preview:large","max-video-preview":"max-video-preview:-1"},"canonical":"https:\/\/www.amstelprinting.nl\/fr\/boutique\/publicite-exterieure\/bannieres\/banderole-format-fixe\/","og_locale":"fr_FR","og_type":"article","og_title":"Banderole - format fixe | Amstel Printing","og_description":"Faites briller votre message de mani\u00e8re \u00e9clatante avec nos banderoles polyvalentes. Les banderoles imprim\u00e9es sont parfaites pour chaque occasion et chaque environnement. Les banderoles de cette page produit sont particuli\u00e8rement \u00e9conomiques gr\u00e2ce aux formats fixes. Composez ci-dessous votre banderole imprim\u00e9e selon vos souhaits. Vous pouvez compter sur une impression et un prix ultra-nets !","og_url":"https:\/\/www.amstelprinting.nl\/fr\/boutique\/publicite-exterieure\/bannieres\/banderole-format-fixe\/","og_site_name":"Amstel Printing","article_modified_time":"2026-02-18T11:50:51+00:00","og_image":[{"width":900,"height":900,"url":"https:\/\/www.amstelprinting.nl\/wp-content\/uploads\/spandoek-bedrukken-4.webp","type":"image\/webp"}],"twitter_card":"summary_large_image","twitter_misc":{"Dur\u00e9e de lecture estim\u00e9e":"2 minutes"},"schema":{"@context":"https:\/\/schema.org","@graph":[{"@type":"WebPage","@id":"https:\/\/www.amstelprinting.nl\/fr\/boutique\/publicite-exterieure\/bannieres\/banderole-format-fixe\/","url":"https:\/\/www.amstelprinting.nl\/fr\/boutique\/publicite-exterieure\/bannieres\/banderole-format-fixe\/","name":"Banderole - format fixe | Amstel Printing","isPartOf":{"@id":"https:\/\/www.amstelprinting.nl\/fr\/#website"},"primaryImageOfPage":{"@id":"https:\/\/www.amstelprinting.nl\/fr\/boutique\/publicite-exterieure\/bannieres\/banderole-format-fixe\/#primaryimage"},"image":{"@id":"https:\/\/www.amstelprinting.nl\/fr\/boutique\/publicite-exterieure\/bannieres\/banderole-format-fixe\/#primaryimage"},"thumbnailUrl":"https:\/\/www.amstelprinting.nl\/wp-content\/uploads\/spandoek-bedrukken-4.webp","datePublished":"2025-01-24T10:33:58+00:00","dateModified":"2026-02-18T11:50:51+00:00","breadcrumb":{"@id":"https:\/\/www.amstelprinting.nl\/fr\/boutique\/publicite-exterieure\/bannieres\/banderole-format-fixe\/#breadcrumb"},"inLanguage":"fr-FR","potentialAction":[{"@type":"ReadAction","target":["https:\/\/www.amstelprinting.nl\/fr\/boutique\/publicite-exterieure\/bannieres\/banderole-format-fixe\/"]}]},{"@type":"ImageObject","inLanguage":"fr-FR","@id":"https:\/\/www.amstelprinting.nl\/fr\/boutique\/publicite-exterieure\/bannieres\/banderole-format-fixe\/#primaryimage","url":"https:\/\/www.amstelprinting.nl\/wp-content\/uploads\/spandoek-bedrukken-4.webp","contentUrl":"https:\/\/www.amstelprinting.nl\/wp-content\/uploads\/spandoek-bedrukken-4.webp","width":900,"height":900},{"@type":"BreadcrumbList","@id":"https:\/\/www.amstelprinting.nl\/fr\/boutique\/publicite-exterieure\/bannieres\/banderole-format-fixe\/#breadcrumb","itemListElement":[{"@type":"ListItem","position":1,"name":"","item":"https:\/\/www.amstelprinting.nl\/fr\/"},{"@type":"ListItem","position":2,"name":"Amstel Printing","item":"https:\/\/www.amstelprinting.nl\/fr\/boutique\/"},{"@type":"ListItem","position":3,"name":"Publicit\u00e9 ext\u00e9rieure","item":"https:\/\/www.amstelprinting.nl\/fr\/categorie\/publicite-exterieure\/"},{"@type":"ListItem","position":4,"name":"Banni\u00e8res","item":"https:\/\/www.amstelprinting.nl\/fr\/categorie\/publicite-exterieure\/bannieres\/"},{"@type":"ListItem","position":5,"name":"Banderole &#8211; format fixe"}]},{"@type":"WebSite","@id":"https:\/\/www.amstelprinting.nl\/fr\/#website","url":"https:\/\/www.amstelprinting.nl\/fr\/","name":"Amstel Printing","description":"Creating Exposure","publisher":{"@id":"https:\/\/www.amstelprinting.nl\/fr\/#organization"},"potentialAction":[{"@type":"SearchAction","target":{"@type":"EntryPoint","urlTemplate":"https:\/\/www.amstelprinting.nl\/fr\/?s={search_term_string}"},"query-input":{"@type":"PropertyValueSpecification","valueRequired":true,"valueName":"search_term_string"}}],"inLanguage":"fr-FR"},{"@type":"Organization","@id":"https:\/\/www.amstelprinting.nl\/fr\/#organization","name":"Amstel Printing","url":"https:\/\/www.amstelprinting.nl\/fr\/","logo":{"@type":"ImageObject","inLanguage":"fr-FR","@id":"https:\/\/www.amstelprinting.nl\/fr\/#\/schema\/logo\/image\/","url":"https:\/\/www.amstelprinting.nl\/wp-content\/uploads\/amstel_printing_logo_clean.png","contentUrl":"https:\/\/www.amstelprinting.nl\/wp-content\/uploads\/amstel_printing_logo_clean.png","width":324,"height":73,"caption":"Amstel Printing"},"image":{"@id":"https:\/\/www.amstelprinting.nl\/fr\/#\/schema\/logo\/image\/"}}]}},"_links":{"self":[{"href":"https:\/\/www.amstelprinting.nl\/fr\/wp-json\/wp\/v2\/product\/13802","targetHints":{"allow":["GET"]}}],"collection":[{"href":"https:\/\/www.amstelprinting.nl\/fr\/wp-json\/wp\/v2\/product"}],"about":[{"href":"https:\/\/www.amstelprinting.nl\/fr\/wp-json\/wp\/v2\/types\/product"}],"wp:featuredmedia":[{"embeddable":true,"href":"https:\/\/www.amstelprinting.nl\/fr\/wp-json\/wp\/v2\/media\/25282"}],"wp:attachment":[{"href":"https:\/\/www.amstelprinting.nl\/fr\/wp-json\/wp\/v2\/media?parent=13802"}],"wp:term":[{"taxonomy":"product_brand","embeddable":true,"href":"https:\/\/www.amstelprinting.nl\/fr\/wp-json\/wp\/v2\/product_brand?post=13802"},{"taxonomy":"product_cat","embeddable":true,"href":"https:\/\/www.amstelprinting.nl\/fr\/wp-json\/wp\/v2\/product_cat?post=13802"},{"taxonomy":"product_tag","embeddable":true,"href":"https:\/\/www.amstelprinting.nl\/fr\/wp-json\/wp\/v2\/product_tag?post=13802"}],"curies":[{"name":"wp","href":"https:\/\/api.w.org\/{rel}","templated":true}]}}