{"id":13812,"date":"2025-01-24T11:33:53","date_gmt":"2025-01-24T10:33:53","guid":{"rendered":"https:\/\/www.amstelprinting.nl\/winkel\/non%20class\u00e9\/spandoekframe\/"},"modified":"2026-02-18T12:50:52","modified_gmt":"2026-02-18T11:50:52","slug":"cadre-de-bache","status":"publish","type":"product","link":"https:\/\/www.amstelprinting.nl\/fr\/boutique\/publicite-exterieure\/bannieres\/cadre-de-bache\/","title":{"rendered":"Cadre de b\u00e2che"},"content":{"rendered":"<h3>Commander des cadres de b\u00e2che<\/h3>\n<p>Chez nous, vous d\u00e9terminez vous-m\u00eame le format de votre cadre de b\u00e2che. Jusqu&rsquo;\u00e0 500 cm, nous produisons en une seule pi\u00e8ce, ce qui vous offre une pr\u00e9sentation sans couture. Lors de la saisie du format du cadre, tenez compte du fait que la toile est 10 cm plus petite de chaque c\u00f4t\u00e9. Un cadre de b\u00e2che de 200 cm sur 200 cm poss\u00e8de une toile de 180 cm sur 180 cm. Vous avez la possibilit\u00e9 de commander un kit complet ou de choisir s\u00e9par\u00e9ment la toile ou le cadre.<\/p>\n<h3>Mat\u00e9riaux<\/h3>\n<p>Vous pouvez choisir parmi diff\u00e9rents mat\u00e9riaux tels que le ProPES Outdoor pour la durabilit\u00e9, le Banner 510 pour une finition brillante, le Banner 610 pour un usage recto-verso, et la toile Mesh pour la perm\u00e9abilit\u00e9 \u00e0 l&rsquo;air.<\/p>\n<p>Nos cadres de b\u00e2che sont fabriqu\u00e9s en aluminium, ce qui garantit robustesse et durabilit\u00e9. En plus de la durabilit\u00e9 et de la solidit\u00e9, le cadre en aluminium offre \u00e9galement un aspect professionnel gr\u00e2ce \u00e0 sa finition moderne et \u00e9pur\u00e9e. Le mat\u00e9riau est l\u00e9ger, ce qui le rend facile \u00e0 installer et \u00e0 d\u00e9placer si n\u00e9cessaire.<\/p>\n<h3>Fixation<\/h3>\n<p>Vous pouvez facilement monter le cadre sur un panneau de palplanches ou un mur en pierre, selon votre emplacement et votre pr\u00e9f\u00e9rence.<\/p>\n<h3>Accessoires<\/h3>\n<p>Choisissez entre des tendeurs avec crochets araign\u00e9e pour une fixation solide ou des stormfix pour une stabilit\u00e9 suppl\u00e9mentaire, afin que votre b\u00e2che reste toujours bien tendue et s\u00e9curis\u00e9e.<\/p>\n<h3>Produits alternatifs<\/h3>\n<p>D&rsquo;autres alternatives li\u00e9es au cadre de b\u00e2che sur cette page produit sont : le cadre de b\u00e2che rond, le cadre textile ext\u00e9rieur et le cadre de b\u00e2che invisible.<\/p>\n<h3>Questions fr\u00e9quemment pos\u00e9es<\/h3>\n<p><strong>Quelle est la meilleure fa\u00e7on de monter le cadre de b\u00e2che ?<\/strong><br \/>\nDans les t\u00e9l\u00e9chargements sur cette page, vous trouverez un manuel de montage. Nous vous y expliquons tout avec plaisir.<\/p>\n<p><strong>Qu&rsquo;est-ce qui est livr\u00e9 avec un cadre de b\u00e2che ?<\/strong><br \/>\nVous avez le choix entre un kit complet, seulement un cadre ou une toile. Pour un kit complet, le cadre et la toile sont livr\u00e9s. Attention : les tendeurs ne sont pas inclus.<\/p>\n","protected":false},"excerpt":{"rendered":"<p><span style=\"font-weight: 400;\">Un cadre de b\u00e2che qui n&rsquo;est pas seulement fonctionnel, mais qui transmet aussi puissamment votre message, tant \u00e0 l&rsquo;int\u00e9rieur qu&rsquo;\u00e0 l&rsquo;ext\u00e9rieur. D\u00e9couvrez nos cadres robustes et polyvalents, con\u00e7us pour renforcer vos visuels et faire une impression durable.<\/span><\/p>\n","protected":false},"featured_media":13813,"template":"","meta":{"_et_pb_use_builder":"","_et_pb_old_content":"","_et_gb_content_width":""},"product_brand":[],"product_cat":[472,535,448],"product_tag":[],"class_list":{"0":"post-13812","1":"product","2":"type-product","3":"status-publish","4":"has-post-thumbnail","6":"product_cat-bannieres","7":"product_cat-cadres-de-banniere","8":"product_cat-publicite-exterieure","10":"first","11":"instock","12":"taxable","13":"shipping-taxable","14":"purchasable","15":"product-type-simple"},"yoast_head":"<!-- This site is optimized with the Yoast SEO plugin v27.3 - https:\/\/yoast.com\/product\/yoast-seo-wordpress\/ -->\n<title>Cadre de b\u00e2che | Amstel Printing<\/title>\n<meta name=\"robots\" content=\"index, follow, max-snippet:-1, max-image-preview:large, max-video-preview:-1\" \/>\n<link rel=\"canonical\" href=\"https:\/\/www.amstelprinting.nl\/fr\/boutique\/publicite-exterieure\/bannieres\/cadre-de-bache\/\" \/>\n<meta property=\"og:locale\" content=\"fr_FR\" \/>\n<meta property=\"og:type\" content=\"article\" \/>\n<meta property=\"og:title\" content=\"Cadre de b\u00e2che | Amstel Printing\" \/>\n<meta property=\"og:description\" content=\"Un cadre de b\u00e2che qui n&#039;est pas seulement fonctionnel, mais qui transmet aussi puissamment votre message, tant \u00e0 l&#039;int\u00e9rieur qu&#039;\u00e0 l&#039;ext\u00e9rieur. D\u00e9couvrez nos cadres robustes et polyvalents, con\u00e7us pour renforcer vos visuels et faire une impression durable.\" \/>\n<meta property=\"og:url\" content=\"https:\/\/www.amstelprinting.nl\/fr\/boutique\/publicite-exterieure\/bannieres\/cadre-de-bache\/\" \/>\n<meta property=\"og:site_name\" content=\"Amstel Printing\" \/>\n<meta property=\"article:modified_time\" content=\"2026-02-18T11:50:52+00:00\" \/>\n<meta property=\"og:image\" content=\"https:\/\/www.amstelprinting.nl\/wp-content\/uploads\/spandoekframe-bedrukken-3.png\" \/>\n\t<meta property=\"og:image:width\" content=\"900\" \/>\n\t<meta property=\"og:image:height\" content=\"900\" \/>\n\t<meta property=\"og:image:type\" content=\"image\/png\" \/>\n<meta name=\"twitter:card\" content=\"summary_large_image\" \/>\n<meta name=\"twitter:label1\" content=\"Dur\u00e9e de lecture estim\u00e9e\" \/>\n\t<meta name=\"twitter:data1\" content=\"2 minutes\" \/>\n<script type=\"application\/ld+json\" class=\"yoast-schema-graph\">{\"@context\":\"https:\\\/\\\/schema.org\",\"@graph\":[{\"@type\":\"WebPage\",\"@id\":\"https:\\\/\\\/www.amstelprinting.nl\\\/fr\\\/boutique\\\/publicite-exterieure\\\/bannieres\\\/cadre-de-bache\\\/\",\"url\":\"https:\\\/\\\/www.amstelprinting.nl\\\/fr\\\/boutique\\\/publicite-exterieure\\\/bannieres\\\/cadre-de-bache\\\/\",\"name\":\"Cadre de b\u00e2che | Amstel Printing\",\"isPartOf\":{\"@id\":\"https:\\\/\\\/www.amstelprinting.nl\\\/fr\\\/#website\"},\"primaryImageOfPage\":{\"@id\":\"https:\\\/\\\/www.amstelprinting.nl\\\/fr\\\/boutique\\\/publicite-exterieure\\\/bannieres\\\/cadre-de-bache\\\/#primaryimage\"},\"image\":{\"@id\":\"https:\\\/\\\/www.amstelprinting.nl\\\/fr\\\/boutique\\\/publicite-exterieure\\\/bannieres\\\/cadre-de-bache\\\/#primaryimage\"},\"thumbnailUrl\":\"https:\\\/\\\/www.amstelprinting.nl\\\/wp-content\\\/uploads\\\/spandoekframe-bedrukken-3.png\",\"datePublished\":\"2025-01-24T10:33:53+00:00\",\"dateModified\":\"2026-02-18T11:50:52+00:00\",\"breadcrumb\":{\"@id\":\"https:\\\/\\\/www.amstelprinting.nl\\\/fr\\\/boutique\\\/publicite-exterieure\\\/bannieres\\\/cadre-de-bache\\\/#breadcrumb\"},\"inLanguage\":\"fr-FR\",\"potentialAction\":[{\"@type\":\"ReadAction\",\"target\":[\"https:\\\/\\\/www.amstelprinting.nl\\\/fr\\\/boutique\\\/publicite-exterieure\\\/bannieres\\\/cadre-de-bache\\\/\"]}]},{\"@type\":\"ImageObject\",\"inLanguage\":\"fr-FR\",\"@id\":\"https:\\\/\\\/www.amstelprinting.nl\\\/fr\\\/boutique\\\/publicite-exterieure\\\/bannieres\\\/cadre-de-bache\\\/#primaryimage\",\"url\":\"https:\\\/\\\/www.amstelprinting.nl\\\/wp-content\\\/uploads\\\/spandoekframe-bedrukken-3.png\",\"contentUrl\":\"https:\\\/\\\/www.amstelprinting.nl\\\/wp-content\\\/uploads\\\/spandoekframe-bedrukken-3.png\",\"width\":900,\"height\":900},{\"@type\":\"BreadcrumbList\",\"@id\":\"https:\\\/\\\/www.amstelprinting.nl\\\/fr\\\/boutique\\\/publicite-exterieure\\\/bannieres\\\/cadre-de-bache\\\/#breadcrumb\",\"itemListElement\":[{\"@type\":\"ListItem\",\"position\":1,\"name\":\"\",\"item\":\"https:\\\/\\\/www.amstelprinting.nl\\\/fr\\\/\"},{\"@type\":\"ListItem\",\"position\":2,\"name\":\"Amstel Printing\",\"item\":\"https:\\\/\\\/www.amstelprinting.nl\\\/fr\\\/boutique\\\/\"},{\"@type\":\"ListItem\",\"position\":3,\"name\":\"Publicit\u00e9 ext\u00e9rieure\",\"item\":\"https:\\\/\\\/www.amstelprinting.nl\\\/fr\\\/categorie\\\/publicite-exterieure\\\/\"},{\"@type\":\"ListItem\",\"position\":4,\"name\":\"Banni\u00e8res\",\"item\":\"https:\\\/\\\/www.amstelprinting.nl\\\/fr\\\/categorie\\\/publicite-exterieure\\\/bannieres\\\/\"},{\"@type\":\"ListItem\",\"position\":5,\"name\":\"Cadre de b\u00e2che\"}]},{\"@type\":\"WebSite\",\"@id\":\"https:\\\/\\\/www.amstelprinting.nl\\\/fr\\\/#website\",\"url\":\"https:\\\/\\\/www.amstelprinting.nl\\\/fr\\\/\",\"name\":\"Amstel Printing\",\"description\":\"Creating Exposure\",\"publisher\":{\"@id\":\"https:\\\/\\\/www.amstelprinting.nl\\\/fr\\\/#organization\"},\"potentialAction\":[{\"@type\":\"SearchAction\",\"target\":{\"@type\":\"EntryPoint\",\"urlTemplate\":\"https:\\\/\\\/www.amstelprinting.nl\\\/fr\\\/?s={search_term_string}\"},\"query-input\":{\"@type\":\"PropertyValueSpecification\",\"valueRequired\":true,\"valueName\":\"search_term_string\"}}],\"inLanguage\":\"fr-FR\"},{\"@type\":\"Organization\",\"@id\":\"https:\\\/\\\/www.amstelprinting.nl\\\/fr\\\/#organization\",\"name\":\"Amstel Printing\",\"url\":\"https:\\\/\\\/www.amstelprinting.nl\\\/fr\\\/\",\"logo\":{\"@type\":\"ImageObject\",\"inLanguage\":\"fr-FR\",\"@id\":\"https:\\\/\\\/www.amstelprinting.nl\\\/fr\\\/#\\\/schema\\\/logo\\\/image\\\/\",\"url\":\"https:\\\/\\\/www.amstelprinting.nl\\\/wp-content\\\/uploads\\\/amstel_printing_logo_clean.png\",\"contentUrl\":\"https:\\\/\\\/www.amstelprinting.nl\\\/wp-content\\\/uploads\\\/amstel_printing_logo_clean.png\",\"width\":324,\"height\":73,\"caption\":\"Amstel Printing\"},\"image\":{\"@id\":\"https:\\\/\\\/www.amstelprinting.nl\\\/fr\\\/#\\\/schema\\\/logo\\\/image\\\/\"}}]}<\/script>\n<!-- \/ Yoast SEO plugin. -->","yoast_head_json":{"title":"Cadre de b\u00e2che | Amstel Printing","robots":{"index":"index","follow":"follow","max-snippet":"max-snippet:-1","max-image-preview":"max-image-preview:large","max-video-preview":"max-video-preview:-1"},"canonical":"https:\/\/www.amstelprinting.nl\/fr\/boutique\/publicite-exterieure\/bannieres\/cadre-de-bache\/","og_locale":"fr_FR","og_type":"article","og_title":"Cadre de b\u00e2che | Amstel Printing","og_description":"Un cadre de b\u00e2che qui n'est pas seulement fonctionnel, mais qui transmet aussi puissamment votre message, tant \u00e0 l'int\u00e9rieur qu'\u00e0 l'ext\u00e9rieur. D\u00e9couvrez nos cadres robustes et polyvalents, con\u00e7us pour renforcer vos visuels et faire une impression durable.","og_url":"https:\/\/www.amstelprinting.nl\/fr\/boutique\/publicite-exterieure\/bannieres\/cadre-de-bache\/","og_site_name":"Amstel Printing","article_modified_time":"2026-02-18T11:50:52+00:00","og_image":[{"width":900,"height":900,"url":"https:\/\/www.amstelprinting.nl\/wp-content\/uploads\/spandoekframe-bedrukken-3.png","type":"image\/png"}],"twitter_card":"summary_large_image","twitter_misc":{"Dur\u00e9e de lecture estim\u00e9e":"2 minutes"},"schema":{"@context":"https:\/\/schema.org","@graph":[{"@type":"WebPage","@id":"https:\/\/www.amstelprinting.nl\/fr\/boutique\/publicite-exterieure\/bannieres\/cadre-de-bache\/","url":"https:\/\/www.amstelprinting.nl\/fr\/boutique\/publicite-exterieure\/bannieres\/cadre-de-bache\/","name":"Cadre de b\u00e2che | Amstel Printing","isPartOf":{"@id":"https:\/\/www.amstelprinting.nl\/fr\/#website"},"primaryImageOfPage":{"@id":"https:\/\/www.amstelprinting.nl\/fr\/boutique\/publicite-exterieure\/bannieres\/cadre-de-bache\/#primaryimage"},"image":{"@id":"https:\/\/www.amstelprinting.nl\/fr\/boutique\/publicite-exterieure\/bannieres\/cadre-de-bache\/#primaryimage"},"thumbnailUrl":"https:\/\/www.amstelprinting.nl\/wp-content\/uploads\/spandoekframe-bedrukken-3.png","datePublished":"2025-01-24T10:33:53+00:00","dateModified":"2026-02-18T11:50:52+00:00","breadcrumb":{"@id":"https:\/\/www.amstelprinting.nl\/fr\/boutique\/publicite-exterieure\/bannieres\/cadre-de-bache\/#breadcrumb"},"inLanguage":"fr-FR","potentialAction":[{"@type":"ReadAction","target":["https:\/\/www.amstelprinting.nl\/fr\/boutique\/publicite-exterieure\/bannieres\/cadre-de-bache\/"]}]},{"@type":"ImageObject","inLanguage":"fr-FR","@id":"https:\/\/www.amstelprinting.nl\/fr\/boutique\/publicite-exterieure\/bannieres\/cadre-de-bache\/#primaryimage","url":"https:\/\/www.amstelprinting.nl\/wp-content\/uploads\/spandoekframe-bedrukken-3.png","contentUrl":"https:\/\/www.amstelprinting.nl\/wp-content\/uploads\/spandoekframe-bedrukken-3.png","width":900,"height":900},{"@type":"BreadcrumbList","@id":"https:\/\/www.amstelprinting.nl\/fr\/boutique\/publicite-exterieure\/bannieres\/cadre-de-bache\/#breadcrumb","itemListElement":[{"@type":"ListItem","position":1,"name":"","item":"https:\/\/www.amstelprinting.nl\/fr\/"},{"@type":"ListItem","position":2,"name":"Amstel Printing","item":"https:\/\/www.amstelprinting.nl\/fr\/boutique\/"},{"@type":"ListItem","position":3,"name":"Publicit\u00e9 ext\u00e9rieure","item":"https:\/\/www.amstelprinting.nl\/fr\/categorie\/publicite-exterieure\/"},{"@type":"ListItem","position":4,"name":"Banni\u00e8res","item":"https:\/\/www.amstelprinting.nl\/fr\/categorie\/publicite-exterieure\/bannieres\/"},{"@type":"ListItem","position":5,"name":"Cadre de b\u00e2che"}]},{"@type":"WebSite","@id":"https:\/\/www.amstelprinting.nl\/fr\/#website","url":"https:\/\/www.amstelprinting.nl\/fr\/","name":"Amstel Printing","description":"Creating Exposure","publisher":{"@id":"https:\/\/www.amstelprinting.nl\/fr\/#organization"},"potentialAction":[{"@type":"SearchAction","target":{"@type":"EntryPoint","urlTemplate":"https:\/\/www.amstelprinting.nl\/fr\/?s={search_term_string}"},"query-input":{"@type":"PropertyValueSpecification","valueRequired":true,"valueName":"search_term_string"}}],"inLanguage":"fr-FR"},{"@type":"Organization","@id":"https:\/\/www.amstelprinting.nl\/fr\/#organization","name":"Amstel Printing","url":"https:\/\/www.amstelprinting.nl\/fr\/","logo":{"@type":"ImageObject","inLanguage":"fr-FR","@id":"https:\/\/www.amstelprinting.nl\/fr\/#\/schema\/logo\/image\/","url":"https:\/\/www.amstelprinting.nl\/wp-content\/uploads\/amstel_printing_logo_clean.png","contentUrl":"https:\/\/www.amstelprinting.nl\/wp-content\/uploads\/amstel_printing_logo_clean.png","width":324,"height":73,"caption":"Amstel Printing"},"image":{"@id":"https:\/\/www.amstelprinting.nl\/fr\/#\/schema\/logo\/image\/"}}]}},"_links":{"self":[{"href":"https:\/\/www.amstelprinting.nl\/fr\/wp-json\/wp\/v2\/product\/13812","targetHints":{"allow":["GET"]}}],"collection":[{"href":"https:\/\/www.amstelprinting.nl\/fr\/wp-json\/wp\/v2\/product"}],"about":[{"href":"https:\/\/www.amstelprinting.nl\/fr\/wp-json\/wp\/v2\/types\/product"}],"wp:featuredmedia":[{"embeddable":true,"href":"https:\/\/www.amstelprinting.nl\/fr\/wp-json\/wp\/v2\/media\/13813"}],"wp:attachment":[{"href":"https:\/\/www.amstelprinting.nl\/fr\/wp-json\/wp\/v2\/media?parent=13812"}],"wp:term":[{"taxonomy":"product_brand","embeddable":true,"href":"https:\/\/www.amstelprinting.nl\/fr\/wp-json\/wp\/v2\/product_brand?post=13812"},{"taxonomy":"product_cat","embeddable":true,"href":"https:\/\/www.amstelprinting.nl\/fr\/wp-json\/wp\/v2\/product_cat?post=13812"},{"taxonomy":"product_tag","embeddable":true,"href":"https:\/\/www.amstelprinting.nl\/fr\/wp-json\/wp\/v2\/product_tag?post=13812"}],"curies":[{"name":"wp","href":"https:\/\/api.w.org\/{rel}","templated":true}]}}