{"id":13822,"date":"2025-01-24T11:33:37","date_gmt":"2025-01-24T10:33:37","guid":{"rendered":"https:\/\/www.amstelprinting.nl\/winkel\/non%20class\u00e9\/spandoek\/"},"modified":"2026-02-18T12:50:53","modified_gmt":"2026-02-18T11:50:53","slug":"bache","status":"publish","type":"product","link":"https:\/\/www.amstelprinting.nl\/fr\/boutique\/publicite-exterieure\/bannieres\/bache\/","title":{"rendered":"B\u00e2che"},"content":{"rendered":"<h3>Mat\u00e9riaux de b\u00e2che<\/h3>\n<p>Nos b\u00e2ches sont disponibles en sept mat\u00e9riaux diff\u00e9rents.<\/p>\n<ul>\n<li><strong>Banner 510<\/strong> : toile PVC d&rsquo;aspect brillant, adapt\u00e9e \u00e0 un usage int\u00e9rieur et ext\u00e9rieur.<\/li>\n<li><strong>Banner 610 (\u00e9galement recto-verso)<\/strong> : toile PVC block-out adapt\u00e9e \u00e0 l&rsquo;int\u00e9rieur et \u00e0 l&rsquo;ext\u00e9rieur.<\/li>\n<li><strong>B\u00e2che Mesh<\/strong> : toile PVC perm\u00e9able \u00e0 l&rsquo;air avec une structure maill\u00e9e, id\u00e9ale pour les endroits venteux.<\/li>\n<li><strong>ProPES Outdoor<\/strong> : toile textile unique et l\u00e9g\u00e8re en polyester avec rev\u00eatement hydrofuge.<\/li>\n<li><strong>Banderole Budget<\/strong> : toile \u00e9conomique en PVC et polyester, parfaite pour des applications de courte dur\u00e9e.<\/li>\n<li><strong>ProPES FR<\/strong> : toile textile l\u00e9g\u00e8re en polyester avec rev\u00eatement ignifuge.<\/li>\n<li><strong>Banderole noir et blanc<\/strong> : toile blockout en PVC avec dos noir, adapt\u00e9e \u00e0 l&rsquo;int\u00e9rieur et \u00e0 l&rsquo;ext\u00e9rieur.<\/li>\n<li><strong>Soundmesh<\/strong> : toile PVC perm\u00e9able \u00e0 l&rsquo;air et au son d&rsquo;un poids de 180 gr.\/m\u00b2, id\u00e9ale pour les environnements sensibles au bruit.<\/li>\n<\/ul>\n<p>&nbsp;<\/p>\n<h3>Finitions<\/h3>\n<p>Choisissez l&rsquo;uniformit\u00e9 ou la variation dans la finition des c\u00f4t\u00e9s tout autour. Pour la finition de votre b\u00e2che, vous avez le choix entre plusieurs styles : d\u00e9coupe, \u0153illets, ourlets, ourlets et \u0153illets, fourreau, jonc rond ou velcro.<\/p>\n<p>Voyez grand avec notre m\u00e9thode unique de soudage des plus grandes b\u00e2ches entre elles. Commandez le format souhait\u00e9 et fournissez-le sous forme d&rsquo;un seul fichier. Nous nous chargeons de la r\u00e9partition pr\u00e9cise selon vos souhaits. Avec nos b\u00e2ches, vous pouvez compter sur un produit qui non seulement communique clairement votre message, mais qui r\u00e9siste \u00e9galement aux \u00e9l\u00e9ments gr\u00e2ce au large choix de mat\u00e9riaux.<\/p>\n<h3>Questions fr\u00e9quemment pos\u00e9es<\/h3>\n<p><strong>Comment ce produit est-il emball\u00e9 ?<\/strong><br \/>\nLes b\u00e2ches sont emball\u00e9es sur rouleau. Pour prot\u00e9ger le mat\u00e9riau, la toile est enroul\u00e9e dans du papier bulle et du papier kraft.<\/p>\n<p><strong>Quand une b\u00e2che est-elle divis\u00e9e ?<\/strong><br \/>\nCela est d\u00e9termin\u00e9 par la largeur d&rsquo;impression maximale. Celle-ci varie selon le mat\u00e9riau. Vous trouverez la largeur d&rsquo;impression maximale pour chaque mat\u00e9riau dans les sp\u00e9cifications. Important \u00e0 savoir : vous pouvez facilement fournir la surface totale en un seul fichier. Nous diviserons le fichier selon vos souhaits.<\/p>\n<p><strong>Is er een maximaal formaat?<\/strong><br \/>\nN&rsquo;h\u00e9sitez pas concernant le format : gr\u00e2ce \u00e0 une technique de soudage sp\u00e9ciale, nous pouvons assembler les plus grandes b\u00e2ches pour vous. Vous pouvez facilement commander et fournir la surface totale en un seul fichier. Nous veillerons ensuite \u00e0 ce que le fichier soit divis\u00e9 comme vous le souhaitez.<\/p>\n<p><strong>Ce produit r\u00e9siste-t-il au vent ?<\/strong><br \/>\nTous nos mat\u00e9riaux sont con\u00e7us pour r\u00e9sister \u00e0 une rafale de vent. Si vous avez besoin d&rsquo;un mat\u00e9riau qui r\u00e9siste bien au vent, nous vous conseillons la b\u00e2che Mesh. C&rsquo;est un mat\u00e9riau perfor\u00e9 sur lequel le vent a moins d&#8217;emprise.<\/p>\n<p><strong>Comment nettoyer au mieux une b\u00e2che ?<\/strong><br \/>\nLa b\u00e2che se nettoie de pr\u00e9f\u00e9rence avec de l&rsquo;eau ti\u00e8de et un chiffon en microfibres. L&rsquo;utilisation de produits de nettoyage est d\u00e9conseill\u00e9e, car cela pourrait endommager l&rsquo;encre.<\/p>\n","protected":false},"excerpt":{"rendered":"<p>D\u00e9couvrez les vastes possibilit\u00e9s des b\u00e2ches. Enti\u00e8rement personnalisables avec une impression ultra-nette dans la finition de votre choix. Parfaites pour les \u00e9v\u00e9nements, les promotions et les pr\u00e9sentations. Nos b\u00e2ches imprim\u00e9es attireront \u00e0 coup s\u00fbr l&rsquo;attention sur votre entreprise ou votre message. Avec des couleurs vives et des mat\u00e9riaux durables, nous veillons \u00e0 ce que votre message soit clairement visible partout et \u00e0 tout moment, \u00e0 l&rsquo;int\u00e9rieur comme \u00e0 l&rsquo;ext\u00e9rieur.<\/p>\n","protected":false},"featured_media":13823,"template":"","meta":{"_et_pb_use_builder":"","_et_pb_old_content":"","_et_gb_content_width":""},"product_brand":[],"product_cat":[472,448],"product_tag":[],"class_list":{"0":"post-13822","1":"product","2":"type-product","3":"status-publish","4":"has-post-thumbnail","6":"product_cat-bannieres","7":"product_cat-publicite-exterieure","9":"first","10":"instock","11":"taxable","12":"shipping-taxable","13":"purchasable","14":"product-type-simple"},"yoast_head":"<!-- This site is optimized with the Yoast SEO plugin v27.3 - https:\/\/yoast.com\/product\/yoast-seo-wordpress\/ -->\n<title>B\u00e2che | Amstel Printing<\/title>\n<meta name=\"robots\" content=\"index, follow, max-snippet:-1, max-image-preview:large, max-video-preview:-1\" \/>\n<link rel=\"canonical\" href=\"https:\/\/www.amstelprinting.nl\/fr\/boutique\/publicite-exterieure\/bannieres\/bache\/\" \/>\n<meta property=\"og:locale\" content=\"fr_FR\" \/>\n<meta property=\"og:type\" content=\"article\" \/>\n<meta property=\"og:title\" content=\"B\u00e2che | Amstel Printing\" \/>\n<meta property=\"og:description\" content=\"D\u00e9couvrez les vastes possibilit\u00e9s des b\u00e2ches. Enti\u00e8rement personnalisables avec une impression ultra-nette dans la finition de votre choix. Parfaites pour les \u00e9v\u00e9nements, les promotions et les pr\u00e9sentations. Nos b\u00e2ches imprim\u00e9es attireront \u00e0 coup s\u00fbr l&#039;attention sur votre entreprise ou votre message. Avec des couleurs vives et des mat\u00e9riaux durables, nous veillons \u00e0 ce que votre message soit clairement visible partout et \u00e0 tout moment, \u00e0 l&#039;int\u00e9rieur comme \u00e0 l&#039;ext\u00e9rieur.\" \/>\n<meta property=\"og:url\" content=\"https:\/\/www.amstelprinting.nl\/fr\/boutique\/publicite-exterieure\/bannieres\/bache\/\" \/>\n<meta property=\"og:site_name\" content=\"Amstel Printing\" \/>\n<meta property=\"article:modified_time\" content=\"2026-02-18T11:50:53+00:00\" \/>\n<meta property=\"og:image\" content=\"https:\/\/www.amstelprinting.nl\/wp-content\/uploads\/spandoek-bedrukken-3.png\" \/>\n\t<meta property=\"og:image:width\" content=\"900\" \/>\n\t<meta property=\"og:image:height\" content=\"900\" \/>\n\t<meta property=\"og:image:type\" content=\"image\/png\" \/>\n<meta name=\"twitter:card\" content=\"summary_large_image\" \/>\n<meta name=\"twitter:label1\" content=\"Dur\u00e9e de lecture estim\u00e9e\" \/>\n\t<meta name=\"twitter:data1\" content=\"3 minutes\" \/>\n<script type=\"application\/ld+json\" class=\"yoast-schema-graph\">{\"@context\":\"https:\\\/\\\/schema.org\",\"@graph\":[{\"@type\":\"WebPage\",\"@id\":\"https:\\\/\\\/www.amstelprinting.nl\\\/fr\\\/boutique\\\/publicite-exterieure\\\/bannieres\\\/bache\\\/\",\"url\":\"https:\\\/\\\/www.amstelprinting.nl\\\/fr\\\/boutique\\\/publicite-exterieure\\\/bannieres\\\/bache\\\/\",\"name\":\"B\u00e2che | Amstel Printing\",\"isPartOf\":{\"@id\":\"https:\\\/\\\/www.amstelprinting.nl\\\/fr\\\/#website\"},\"primaryImageOfPage\":{\"@id\":\"https:\\\/\\\/www.amstelprinting.nl\\\/fr\\\/boutique\\\/publicite-exterieure\\\/bannieres\\\/bache\\\/#primaryimage\"},\"image\":{\"@id\":\"https:\\\/\\\/www.amstelprinting.nl\\\/fr\\\/boutique\\\/publicite-exterieure\\\/bannieres\\\/bache\\\/#primaryimage\"},\"thumbnailUrl\":\"https:\\\/\\\/www.amstelprinting.nl\\\/wp-content\\\/uploads\\\/spandoek-bedrukken-3.png\",\"datePublished\":\"2025-01-24T10:33:37+00:00\",\"dateModified\":\"2026-02-18T11:50:53+00:00\",\"breadcrumb\":{\"@id\":\"https:\\\/\\\/www.amstelprinting.nl\\\/fr\\\/boutique\\\/publicite-exterieure\\\/bannieres\\\/bache\\\/#breadcrumb\"},\"inLanguage\":\"fr-FR\",\"potentialAction\":[{\"@type\":\"ReadAction\",\"target\":[\"https:\\\/\\\/www.amstelprinting.nl\\\/fr\\\/boutique\\\/publicite-exterieure\\\/bannieres\\\/bache\\\/\"]}]},{\"@type\":\"ImageObject\",\"inLanguage\":\"fr-FR\",\"@id\":\"https:\\\/\\\/www.amstelprinting.nl\\\/fr\\\/boutique\\\/publicite-exterieure\\\/bannieres\\\/bache\\\/#primaryimage\",\"url\":\"https:\\\/\\\/www.amstelprinting.nl\\\/wp-content\\\/uploads\\\/spandoek-bedrukken-3.png\",\"contentUrl\":\"https:\\\/\\\/www.amstelprinting.nl\\\/wp-content\\\/uploads\\\/spandoek-bedrukken-3.png\",\"width\":900,\"height\":900},{\"@type\":\"BreadcrumbList\",\"@id\":\"https:\\\/\\\/www.amstelprinting.nl\\\/fr\\\/boutique\\\/publicite-exterieure\\\/bannieres\\\/bache\\\/#breadcrumb\",\"itemListElement\":[{\"@type\":\"ListItem\",\"position\":1,\"name\":\"\",\"item\":\"https:\\\/\\\/www.amstelprinting.nl\\\/fr\\\/\"},{\"@type\":\"ListItem\",\"position\":2,\"name\":\"Amstel Printing\",\"item\":\"https:\\\/\\\/www.amstelprinting.nl\\\/fr\\\/boutique\\\/\"},{\"@type\":\"ListItem\",\"position\":3,\"name\":\"Publicit\u00e9 ext\u00e9rieure\",\"item\":\"https:\\\/\\\/www.amstelprinting.nl\\\/fr\\\/categorie\\\/publicite-exterieure\\\/\"},{\"@type\":\"ListItem\",\"position\":4,\"name\":\"Banni\u00e8res\",\"item\":\"https:\\\/\\\/www.amstelprinting.nl\\\/fr\\\/categorie\\\/publicite-exterieure\\\/bannieres\\\/\"},{\"@type\":\"ListItem\",\"position\":5,\"name\":\"B\u00e2che\"}]},{\"@type\":\"WebSite\",\"@id\":\"https:\\\/\\\/www.amstelprinting.nl\\\/fr\\\/#website\",\"url\":\"https:\\\/\\\/www.amstelprinting.nl\\\/fr\\\/\",\"name\":\"Amstel Printing\",\"description\":\"Creating Exposure\",\"publisher\":{\"@id\":\"https:\\\/\\\/www.amstelprinting.nl\\\/fr\\\/#organization\"},\"potentialAction\":[{\"@type\":\"SearchAction\",\"target\":{\"@type\":\"EntryPoint\",\"urlTemplate\":\"https:\\\/\\\/www.amstelprinting.nl\\\/fr\\\/?s={search_term_string}\"},\"query-input\":{\"@type\":\"PropertyValueSpecification\",\"valueRequired\":true,\"valueName\":\"search_term_string\"}}],\"inLanguage\":\"fr-FR\"},{\"@type\":\"Organization\",\"@id\":\"https:\\\/\\\/www.amstelprinting.nl\\\/fr\\\/#organization\",\"name\":\"Amstel Printing\",\"url\":\"https:\\\/\\\/www.amstelprinting.nl\\\/fr\\\/\",\"logo\":{\"@type\":\"ImageObject\",\"inLanguage\":\"fr-FR\",\"@id\":\"https:\\\/\\\/www.amstelprinting.nl\\\/fr\\\/#\\\/schema\\\/logo\\\/image\\\/\",\"url\":\"https:\\\/\\\/www.amstelprinting.nl\\\/wp-content\\\/uploads\\\/amstel_printing_logo_clean.png\",\"contentUrl\":\"https:\\\/\\\/www.amstelprinting.nl\\\/wp-content\\\/uploads\\\/amstel_printing_logo_clean.png\",\"width\":324,\"height\":73,\"caption\":\"Amstel Printing\"},\"image\":{\"@id\":\"https:\\\/\\\/www.amstelprinting.nl\\\/fr\\\/#\\\/schema\\\/logo\\\/image\\\/\"}}]}<\/script>\n<!-- \/ Yoast SEO plugin. -->","yoast_head_json":{"title":"B\u00e2che | Amstel Printing","robots":{"index":"index","follow":"follow","max-snippet":"max-snippet:-1","max-image-preview":"max-image-preview:large","max-video-preview":"max-video-preview:-1"},"canonical":"https:\/\/www.amstelprinting.nl\/fr\/boutique\/publicite-exterieure\/bannieres\/bache\/","og_locale":"fr_FR","og_type":"article","og_title":"B\u00e2che | Amstel Printing","og_description":"D\u00e9couvrez les vastes possibilit\u00e9s des b\u00e2ches. Enti\u00e8rement personnalisables avec une impression ultra-nette dans la finition de votre choix. Parfaites pour les \u00e9v\u00e9nements, les promotions et les pr\u00e9sentations. Nos b\u00e2ches imprim\u00e9es attireront \u00e0 coup s\u00fbr l'attention sur votre entreprise ou votre message. Avec des couleurs vives et des mat\u00e9riaux durables, nous veillons \u00e0 ce que votre message soit clairement visible partout et \u00e0 tout moment, \u00e0 l'int\u00e9rieur comme \u00e0 l'ext\u00e9rieur.","og_url":"https:\/\/www.amstelprinting.nl\/fr\/boutique\/publicite-exterieure\/bannieres\/bache\/","og_site_name":"Amstel Printing","article_modified_time":"2026-02-18T11:50:53+00:00","og_image":[{"width":900,"height":900,"url":"https:\/\/www.amstelprinting.nl\/wp-content\/uploads\/spandoek-bedrukken-3.png","type":"image\/png"}],"twitter_card":"summary_large_image","twitter_misc":{"Dur\u00e9e de lecture estim\u00e9e":"3 minutes"},"schema":{"@context":"https:\/\/schema.org","@graph":[{"@type":"WebPage","@id":"https:\/\/www.amstelprinting.nl\/fr\/boutique\/publicite-exterieure\/bannieres\/bache\/","url":"https:\/\/www.amstelprinting.nl\/fr\/boutique\/publicite-exterieure\/bannieres\/bache\/","name":"B\u00e2che | Amstel Printing","isPartOf":{"@id":"https:\/\/www.amstelprinting.nl\/fr\/#website"},"primaryImageOfPage":{"@id":"https:\/\/www.amstelprinting.nl\/fr\/boutique\/publicite-exterieure\/bannieres\/bache\/#primaryimage"},"image":{"@id":"https:\/\/www.amstelprinting.nl\/fr\/boutique\/publicite-exterieure\/bannieres\/bache\/#primaryimage"},"thumbnailUrl":"https:\/\/www.amstelprinting.nl\/wp-content\/uploads\/spandoek-bedrukken-3.png","datePublished":"2025-01-24T10:33:37+00:00","dateModified":"2026-02-18T11:50:53+00:00","breadcrumb":{"@id":"https:\/\/www.amstelprinting.nl\/fr\/boutique\/publicite-exterieure\/bannieres\/bache\/#breadcrumb"},"inLanguage":"fr-FR","potentialAction":[{"@type":"ReadAction","target":["https:\/\/www.amstelprinting.nl\/fr\/boutique\/publicite-exterieure\/bannieres\/bache\/"]}]},{"@type":"ImageObject","inLanguage":"fr-FR","@id":"https:\/\/www.amstelprinting.nl\/fr\/boutique\/publicite-exterieure\/bannieres\/bache\/#primaryimage","url":"https:\/\/www.amstelprinting.nl\/wp-content\/uploads\/spandoek-bedrukken-3.png","contentUrl":"https:\/\/www.amstelprinting.nl\/wp-content\/uploads\/spandoek-bedrukken-3.png","width":900,"height":900},{"@type":"BreadcrumbList","@id":"https:\/\/www.amstelprinting.nl\/fr\/boutique\/publicite-exterieure\/bannieres\/bache\/#breadcrumb","itemListElement":[{"@type":"ListItem","position":1,"name":"","item":"https:\/\/www.amstelprinting.nl\/fr\/"},{"@type":"ListItem","position":2,"name":"Amstel Printing","item":"https:\/\/www.amstelprinting.nl\/fr\/boutique\/"},{"@type":"ListItem","position":3,"name":"Publicit\u00e9 ext\u00e9rieure","item":"https:\/\/www.amstelprinting.nl\/fr\/categorie\/publicite-exterieure\/"},{"@type":"ListItem","position":4,"name":"Banni\u00e8res","item":"https:\/\/www.amstelprinting.nl\/fr\/categorie\/publicite-exterieure\/bannieres\/"},{"@type":"ListItem","position":5,"name":"B\u00e2che"}]},{"@type":"WebSite","@id":"https:\/\/www.amstelprinting.nl\/fr\/#website","url":"https:\/\/www.amstelprinting.nl\/fr\/","name":"Amstel Printing","description":"Creating Exposure","publisher":{"@id":"https:\/\/www.amstelprinting.nl\/fr\/#organization"},"potentialAction":[{"@type":"SearchAction","target":{"@type":"EntryPoint","urlTemplate":"https:\/\/www.amstelprinting.nl\/fr\/?s={search_term_string}"},"query-input":{"@type":"PropertyValueSpecification","valueRequired":true,"valueName":"search_term_string"}}],"inLanguage":"fr-FR"},{"@type":"Organization","@id":"https:\/\/www.amstelprinting.nl\/fr\/#organization","name":"Amstel Printing","url":"https:\/\/www.amstelprinting.nl\/fr\/","logo":{"@type":"ImageObject","inLanguage":"fr-FR","@id":"https:\/\/www.amstelprinting.nl\/fr\/#\/schema\/logo\/image\/","url":"https:\/\/www.amstelprinting.nl\/wp-content\/uploads\/amstel_printing_logo_clean.png","contentUrl":"https:\/\/www.amstelprinting.nl\/wp-content\/uploads\/amstel_printing_logo_clean.png","width":324,"height":73,"caption":"Amstel Printing"},"image":{"@id":"https:\/\/www.amstelprinting.nl\/fr\/#\/schema\/logo\/image\/"}}]}},"_links":{"self":[{"href":"https:\/\/www.amstelprinting.nl\/fr\/wp-json\/wp\/v2\/product\/13822","targetHints":{"allow":["GET"]}}],"collection":[{"href":"https:\/\/www.amstelprinting.nl\/fr\/wp-json\/wp\/v2\/product"}],"about":[{"href":"https:\/\/www.amstelprinting.nl\/fr\/wp-json\/wp\/v2\/types\/product"}],"wp:featuredmedia":[{"embeddable":true,"href":"https:\/\/www.amstelprinting.nl\/fr\/wp-json\/wp\/v2\/media\/13823"}],"wp:attachment":[{"href":"https:\/\/www.amstelprinting.nl\/fr\/wp-json\/wp\/v2\/media?parent=13822"}],"wp:term":[{"taxonomy":"product_brand","embeddable":true,"href":"https:\/\/www.amstelprinting.nl\/fr\/wp-json\/wp\/v2\/product_brand?post=13822"},{"taxonomy":"product_cat","embeddable":true,"href":"https:\/\/www.amstelprinting.nl\/fr\/wp-json\/wp\/v2\/product_cat?post=13822"},{"taxonomy":"product_tag","embeddable":true,"href":"https:\/\/www.amstelprinting.nl\/fr\/wp-json\/wp\/v2\/product_tag?post=13822"}],"curies":[{"name":"wp","href":"https:\/\/api.w.org\/{rel}","templated":true}]}}