{"id":13832,"date":"2025-01-24T11:33:28","date_gmt":"2025-01-24T10:33:28","guid":{"rendered":"https:\/\/www.amstelprinting.nl\/winkel\/non%20class\u00e9\/xl-doek\/"},"modified":"2026-02-18T12:50:53","modified_gmt":"2026-02-18T11:50:53","slug":"toile-xl","status":"publish","type":"product","link":"https:\/\/www.amstelprinting.nl\/fr\/boutique\/publicite-exterieure\/bannieres\/toile-xl\/","title":{"rendered":"Toile XL"},"content":{"rendered":"<h3>Impression de toiles extra larges<\/h3>\n<p>Une toile XL est la solution id\u00e9ale pour les dimensions importantes (extr\u00eamement grandes). Qu&rsquo;il s&rsquo;agisse d&rsquo;habillage de fa\u00e7ade, d&rsquo;\u00e9v\u00e9nements ou de sites sportifs de grande envergure : ces toiles gigantesques attirent \u00e0 coup s\u00fbr l&rsquo;attention avec des impressions ultra-nettes et des couleurs vives. La toile XL peut \u00eatre produite dans plus de 8 types de toiles diff\u00e9rents dans la finition de votre choix. La particularit\u00e9 de la toile XL est que vous n&rsquo;\u00eates pas li\u00e9 \u00e0 des formats fixes. Les toiles de plus de 500 cm sont assembl\u00e9es pendant la production.<\/p>\n<h3>Mat\u00e9riaux : des toiles XL pour chaque occasion<\/h3>\n<p>Chez nous, vous d\u00e9terminez vous-m\u00eame le format qui convient le mieux \u00e0 votre projet, soutenu par un choix de huit mat\u00e9riaux diff\u00e9rents.<\/p>\n<ul>\n<li><strong>Banner 510<\/strong> : Toile PVC au rendu brillant, adapt\u00e9e \u00e0 un usage int\u00e9rieur et ext\u00e9rieur.<\/li>\n<li><strong>Banner 610 (\u00e9galement recto-verso)<\/strong> : Toile PVC block-out adapt\u00e9e \u00e0 l&rsquo;int\u00e9rieur et \u00e0 l&rsquo;ext\u00e9rieur.<\/li>\n<li><strong>Toile Mesh<\/strong> : Toile PVC perm\u00e9able \u00e0 l&rsquo;air avec une structure en maille, id\u00e9ale pour les endroits tr\u00e8s vent\u00e9s.<\/li>\n<li><strong>ProPES Outdoor<\/strong> : Toile textile en polyester l\u00e9ger avec rev\u00eatement hydrofuge, parfaite pour une utilisation ext\u00e9rieure de longue dur\u00e9e.<\/li>\n<li><strong>ProPES FR<\/strong> : Toile textile en polyester avec rev\u00eatement ignifuge, assurant la s\u00e9curit\u00e9 dans toutes les situations.<\/li>\n<li><strong>Flag<\/strong> : Toile en polyester \u00e0 haute transparence, id\u00e9ale pour des applications temporaires avec une dur\u00e9e de vie allant jusqu&rsquo;\u00e0 quatre mois.<\/li>\n<li><strong>Tissu D\u00e9co<\/strong> : Pour un rendu robuste et non transparent.<\/li>\n<li><strong>Banner Noir et Blanc<\/strong> : Toile PVC block-out avec dos noir, adapt\u00e9e \u00e0 l&rsquo;int\u00e9rieur et \u00e0 l&rsquo;ext\u00e9rieur.<\/li>\n<\/ul>\n<p>&nbsp;<\/p>\n<h3>Choisissez la bonne finition<\/h3>\n<p>Nous proposons une large gamme d&rsquo;options de finition pour votre toile XL telles que les ourlets, les \u0153illets et les fourreaux. Cela vous garantit un produit qui r\u00e9pond parfaitement \u00e0 vos exigences et applications sp\u00e9cifiques.<\/p>\n<h3>Exp\u00e9dition<\/h3>\n<p>Votre toile XL est soigneusement emball\u00e9e et livr\u00e9e, pr\u00eate \u00e0 pr\u00e9senter votre message de mani\u00e8re claire et percutante. Pour des dimensions sup\u00e9rieures \u00e0 5 x 5 m\u00e8tres, les toiles sont produites en plusieurs parties. Pendant le processus de production, celles-ci sont r\u00e9assembl\u00e9es et exp\u00e9di\u00e9es pli\u00e9es. Pour ProPES Outdoor et ProPES FR, pour les dimensions sup\u00e9rieures \u00e0 304 x 304 cm, les parties sont \u00e9galement assembl\u00e9es. La largeur maximale (en une seule partie) ou la hauteur est alors de 600 cm.<\/p>\n<h3>Questions fr\u00e9quemment pos\u00e9es sur l&rsquo;impression de toiles XL<\/h3>\n<p><strong>Comment ce produit est-il emball\u00e9 ?<\/strong><br \/>\nNous emballons ce produit sur rouleau jusqu&rsquo;\u00e0 500 cm. Pour prot\u00e9ger le mat\u00e9riau, nous l&rsquo;enroulons dans du papier bulle et du papier kraft.<\/p>\n<p><strong>Comment les diff\u00e9rentes parties sont-elles fix\u00e9es entre elles ?<\/strong><br \/>\nNos imprimantes peuvent imprimer jusqu&rsquo;\u00e0 cinq m\u00e8tres de large. Vous avez besoin d&rsquo;une toile plus grande ? Aucun probl\u00e8me ! Les parties individuelles sont soud\u00e9es entre elles par la chaleur. Bon \u00e0 savoir : vous commandez simplement la surface totale et fournissez un seul fichier. Nous divisons ensuite le fichier.<\/p>\n","protected":false},"excerpt":{"rendered":"<p>Pour les impressions extr\u00eamement grandes : diffusez votre message de mani\u00e8re grandiose avec nos toiles XL. Qu&rsquo;il s&rsquo;agisse de promouvoir votre entreprise, de promouvoir un \u00e9v\u00e9nement ou de d\u00e9limiter une zone sp\u00e9ciale, nos toiles XL offrent la solution parfaite pour une communication visuelle impressionnante. \u00c0 commander enti\u00e8rement sur mesure. Dot\u00e9es d&rsquo;impressions ultra-nettes dans la finition de votre choix. Livr\u00e9es en seulement 1 jour ouvrable. Composez votre toile XL ci-dessous.<\/p>\n","protected":false},"featured_media":13833,"template":"","meta":{"_et_pb_use_builder":"","_et_pb_old_content":"","_et_gb_content_width":""},"product_brand":[],"product_cat":[472,448,428,407],"product_tag":[],"class_list":{"0":"post-13832","1":"product","2":"type-product","3":"status-publish","4":"has-post-thumbnail","6":"product_cat-bannieres","7":"product_cat-publicite-exterieure","8":"product_cat-salon-et-evenement","9":"product_cat-tissus-de-fete","11":"first","12":"instock","13":"taxable","14":"shipping-taxable","15":"purchasable","16":"product-type-simple"},"yoast_head":"<!-- This site is optimized with the Yoast SEO plugin v27.3 - https:\/\/yoast.com\/product\/yoast-seo-wordpress\/ -->\n<title>Toile XL pour festivals &amp; \u00e9v\u00e9nements - Amstel Printing<\/title>\n<meta name=\"description\" content=\"Impressions ultra-nettes et couleurs vives sur une toile XL d&#039;Amstel Printing. | Plus de 8 types de toiles pour \u00e9v\u00e9nements, habillage de fa\u00e7ade et sites sportifs. Commandez maintenant !\" \/>\n<meta name=\"robots\" content=\"index, follow, max-snippet:-1, max-image-preview:large, max-video-preview:-1\" \/>\n<link rel=\"canonical\" href=\"https:\/\/www.amstelprinting.nl\/fr\/boutique\/publicite-exterieure\/bannieres\/toile-xl\/\" \/>\n<meta property=\"og:locale\" content=\"fr_FR\" \/>\n<meta property=\"og:type\" content=\"article\" \/>\n<meta property=\"og:title\" content=\"Toile XL pour festivals &amp; \u00e9v\u00e9nements - Amstel Printing\" \/>\n<meta property=\"og:description\" content=\"Impressions ultra-nettes et couleurs vives sur une toile XL d&#039;Amstel Printing. | Plus de 8 types de toiles pour \u00e9v\u00e9nements, habillage de fa\u00e7ade et sites sportifs. Commandez maintenant !\" \/>\n<meta property=\"og:url\" content=\"https:\/\/www.amstelprinting.nl\/fr\/boutique\/publicite-exterieure\/bannieres\/toile-xl\/\" \/>\n<meta property=\"og:site_name\" content=\"Amstel Printing\" \/>\n<meta property=\"article:modified_time\" content=\"2026-02-18T11:50:53+00:00\" \/>\n<meta property=\"og:image\" content=\"https:\/\/www.amstelprinting.nl\/wp-content\/uploads\/xl-doek-bedrukken-1.png\" \/>\n\t<meta property=\"og:image:width\" content=\"900\" \/>\n\t<meta property=\"og:image:height\" content=\"900\" \/>\n\t<meta property=\"og:image:type\" content=\"image\/png\" \/>\n<meta name=\"twitter:card\" content=\"summary_large_image\" \/>\n<meta name=\"twitter:label1\" content=\"Dur\u00e9e de lecture estim\u00e9e\" \/>\n\t<meta name=\"twitter:data1\" content=\"2 minutes\" \/>\n<script type=\"application\/ld+json\" class=\"yoast-schema-graph\">{\"@context\":\"https:\\\/\\\/schema.org\",\"@graph\":[{\"@type\":\"WebPage\",\"@id\":\"https:\\\/\\\/www.amstelprinting.nl\\\/fr\\\/boutique\\\/publicite-exterieure\\\/bannieres\\\/toile-xl\\\/\",\"url\":\"https:\\\/\\\/www.amstelprinting.nl\\\/fr\\\/boutique\\\/publicite-exterieure\\\/bannieres\\\/toile-xl\\\/\",\"name\":\"Toile XL pour festivals & \u00e9v\u00e9nements - Amstel Printing\",\"isPartOf\":{\"@id\":\"https:\\\/\\\/www.amstelprinting.nl\\\/fr\\\/#website\"},\"primaryImageOfPage\":{\"@id\":\"https:\\\/\\\/www.amstelprinting.nl\\\/fr\\\/boutique\\\/publicite-exterieure\\\/bannieres\\\/toile-xl\\\/#primaryimage\"},\"image\":{\"@id\":\"https:\\\/\\\/www.amstelprinting.nl\\\/fr\\\/boutique\\\/publicite-exterieure\\\/bannieres\\\/toile-xl\\\/#primaryimage\"},\"thumbnailUrl\":\"https:\\\/\\\/www.amstelprinting.nl\\\/wp-content\\\/uploads\\\/xl-doek-bedrukken-1.png\",\"datePublished\":\"2025-01-24T10:33:28+00:00\",\"dateModified\":\"2026-02-18T11:50:53+00:00\",\"description\":\"Impressions ultra-nettes et couleurs vives sur une toile XL d'Amstel Printing. | Plus de 8 types de toiles pour \u00e9v\u00e9nements, habillage de fa\u00e7ade et sites sportifs. Commandez maintenant !\",\"breadcrumb\":{\"@id\":\"https:\\\/\\\/www.amstelprinting.nl\\\/fr\\\/boutique\\\/publicite-exterieure\\\/bannieres\\\/toile-xl\\\/#breadcrumb\"},\"inLanguage\":\"fr-FR\",\"potentialAction\":[{\"@type\":\"ReadAction\",\"target\":[\"https:\\\/\\\/www.amstelprinting.nl\\\/fr\\\/boutique\\\/publicite-exterieure\\\/bannieres\\\/toile-xl\\\/\"]}]},{\"@type\":\"ImageObject\",\"inLanguage\":\"fr-FR\",\"@id\":\"https:\\\/\\\/www.amstelprinting.nl\\\/fr\\\/boutique\\\/publicite-exterieure\\\/bannieres\\\/toile-xl\\\/#primaryimage\",\"url\":\"https:\\\/\\\/www.amstelprinting.nl\\\/wp-content\\\/uploads\\\/xl-doek-bedrukken-1.png\",\"contentUrl\":\"https:\\\/\\\/www.amstelprinting.nl\\\/wp-content\\\/uploads\\\/xl-doek-bedrukken-1.png\",\"width\":900,\"height\":900},{\"@type\":\"BreadcrumbList\",\"@id\":\"https:\\\/\\\/www.amstelprinting.nl\\\/fr\\\/boutique\\\/publicite-exterieure\\\/bannieres\\\/toile-xl\\\/#breadcrumb\",\"itemListElement\":[{\"@type\":\"ListItem\",\"position\":1,\"name\":\"\",\"item\":\"https:\\\/\\\/www.amstelprinting.nl\\\/fr\\\/\"},{\"@type\":\"ListItem\",\"position\":2,\"name\":\"Amstel Printing\",\"item\":\"https:\\\/\\\/www.amstelprinting.nl\\\/fr\\\/boutique\\\/\"},{\"@type\":\"ListItem\",\"position\":3,\"name\":\"Publicit\u00e9 ext\u00e9rieure\",\"item\":\"https:\\\/\\\/www.amstelprinting.nl\\\/fr\\\/categorie\\\/publicite-exterieure\\\/\"},{\"@type\":\"ListItem\",\"position\":4,\"name\":\"Banni\u00e8res\",\"item\":\"https:\\\/\\\/www.amstelprinting.nl\\\/fr\\\/categorie\\\/publicite-exterieure\\\/bannieres\\\/\"},{\"@type\":\"ListItem\",\"position\":5,\"name\":\"Toile XL\"}]},{\"@type\":\"WebSite\",\"@id\":\"https:\\\/\\\/www.amstelprinting.nl\\\/fr\\\/#website\",\"url\":\"https:\\\/\\\/www.amstelprinting.nl\\\/fr\\\/\",\"name\":\"Amstel Printing\",\"description\":\"Creating Exposure\",\"publisher\":{\"@id\":\"https:\\\/\\\/www.amstelprinting.nl\\\/fr\\\/#organization\"},\"potentialAction\":[{\"@type\":\"SearchAction\",\"target\":{\"@type\":\"EntryPoint\",\"urlTemplate\":\"https:\\\/\\\/www.amstelprinting.nl\\\/fr\\\/?s={search_term_string}\"},\"query-input\":{\"@type\":\"PropertyValueSpecification\",\"valueRequired\":true,\"valueName\":\"search_term_string\"}}],\"inLanguage\":\"fr-FR\"},{\"@type\":\"Organization\",\"@id\":\"https:\\\/\\\/www.amstelprinting.nl\\\/fr\\\/#organization\",\"name\":\"Amstel Printing\",\"url\":\"https:\\\/\\\/www.amstelprinting.nl\\\/fr\\\/\",\"logo\":{\"@type\":\"ImageObject\",\"inLanguage\":\"fr-FR\",\"@id\":\"https:\\\/\\\/www.amstelprinting.nl\\\/fr\\\/#\\\/schema\\\/logo\\\/image\\\/\",\"url\":\"https:\\\/\\\/www.amstelprinting.nl\\\/wp-content\\\/uploads\\\/amstel_printing_logo_clean.png\",\"contentUrl\":\"https:\\\/\\\/www.amstelprinting.nl\\\/wp-content\\\/uploads\\\/amstel_printing_logo_clean.png\",\"width\":324,\"height\":73,\"caption\":\"Amstel Printing\"},\"image\":{\"@id\":\"https:\\\/\\\/www.amstelprinting.nl\\\/fr\\\/#\\\/schema\\\/logo\\\/image\\\/\"}}]}<\/script>\n<!-- \/ Yoast SEO plugin. -->","yoast_head_json":{"title":"Toile XL pour festivals & \u00e9v\u00e9nements - Amstel Printing","description":"Impressions ultra-nettes et couleurs vives sur une toile XL d'Amstel Printing. | Plus de 8 types de toiles pour \u00e9v\u00e9nements, habillage de fa\u00e7ade et sites sportifs. Commandez maintenant !","robots":{"index":"index","follow":"follow","max-snippet":"max-snippet:-1","max-image-preview":"max-image-preview:large","max-video-preview":"max-video-preview:-1"},"canonical":"https:\/\/www.amstelprinting.nl\/fr\/boutique\/publicite-exterieure\/bannieres\/toile-xl\/","og_locale":"fr_FR","og_type":"article","og_title":"Toile XL pour festivals & \u00e9v\u00e9nements - Amstel Printing","og_description":"Impressions ultra-nettes et couleurs vives sur une toile XL d'Amstel Printing. | Plus de 8 types de toiles pour \u00e9v\u00e9nements, habillage de fa\u00e7ade et sites sportifs. Commandez maintenant !","og_url":"https:\/\/www.amstelprinting.nl\/fr\/boutique\/publicite-exterieure\/bannieres\/toile-xl\/","og_site_name":"Amstel Printing","article_modified_time":"2026-02-18T11:50:53+00:00","og_image":[{"width":900,"height":900,"url":"https:\/\/www.amstelprinting.nl\/wp-content\/uploads\/xl-doek-bedrukken-1.png","type":"image\/png"}],"twitter_card":"summary_large_image","twitter_misc":{"Dur\u00e9e de lecture estim\u00e9e":"2 minutes"},"schema":{"@context":"https:\/\/schema.org","@graph":[{"@type":"WebPage","@id":"https:\/\/www.amstelprinting.nl\/fr\/boutique\/publicite-exterieure\/bannieres\/toile-xl\/","url":"https:\/\/www.amstelprinting.nl\/fr\/boutique\/publicite-exterieure\/bannieres\/toile-xl\/","name":"Toile XL pour festivals & \u00e9v\u00e9nements - Amstel Printing","isPartOf":{"@id":"https:\/\/www.amstelprinting.nl\/fr\/#website"},"primaryImageOfPage":{"@id":"https:\/\/www.amstelprinting.nl\/fr\/boutique\/publicite-exterieure\/bannieres\/toile-xl\/#primaryimage"},"image":{"@id":"https:\/\/www.amstelprinting.nl\/fr\/boutique\/publicite-exterieure\/bannieres\/toile-xl\/#primaryimage"},"thumbnailUrl":"https:\/\/www.amstelprinting.nl\/wp-content\/uploads\/xl-doek-bedrukken-1.png","datePublished":"2025-01-24T10:33:28+00:00","dateModified":"2026-02-18T11:50:53+00:00","description":"Impressions ultra-nettes et couleurs vives sur une toile XL d'Amstel Printing. | Plus de 8 types de toiles pour \u00e9v\u00e9nements, habillage de fa\u00e7ade et sites sportifs. Commandez maintenant !","breadcrumb":{"@id":"https:\/\/www.amstelprinting.nl\/fr\/boutique\/publicite-exterieure\/bannieres\/toile-xl\/#breadcrumb"},"inLanguage":"fr-FR","potentialAction":[{"@type":"ReadAction","target":["https:\/\/www.amstelprinting.nl\/fr\/boutique\/publicite-exterieure\/bannieres\/toile-xl\/"]}]},{"@type":"ImageObject","inLanguage":"fr-FR","@id":"https:\/\/www.amstelprinting.nl\/fr\/boutique\/publicite-exterieure\/bannieres\/toile-xl\/#primaryimage","url":"https:\/\/www.amstelprinting.nl\/wp-content\/uploads\/xl-doek-bedrukken-1.png","contentUrl":"https:\/\/www.amstelprinting.nl\/wp-content\/uploads\/xl-doek-bedrukken-1.png","width":900,"height":900},{"@type":"BreadcrumbList","@id":"https:\/\/www.amstelprinting.nl\/fr\/boutique\/publicite-exterieure\/bannieres\/toile-xl\/#breadcrumb","itemListElement":[{"@type":"ListItem","position":1,"name":"","item":"https:\/\/www.amstelprinting.nl\/fr\/"},{"@type":"ListItem","position":2,"name":"Amstel Printing","item":"https:\/\/www.amstelprinting.nl\/fr\/boutique\/"},{"@type":"ListItem","position":3,"name":"Publicit\u00e9 ext\u00e9rieure","item":"https:\/\/www.amstelprinting.nl\/fr\/categorie\/publicite-exterieure\/"},{"@type":"ListItem","position":4,"name":"Banni\u00e8res","item":"https:\/\/www.amstelprinting.nl\/fr\/categorie\/publicite-exterieure\/bannieres\/"},{"@type":"ListItem","position":5,"name":"Toile XL"}]},{"@type":"WebSite","@id":"https:\/\/www.amstelprinting.nl\/fr\/#website","url":"https:\/\/www.amstelprinting.nl\/fr\/","name":"Amstel Printing","description":"Creating Exposure","publisher":{"@id":"https:\/\/www.amstelprinting.nl\/fr\/#organization"},"potentialAction":[{"@type":"SearchAction","target":{"@type":"EntryPoint","urlTemplate":"https:\/\/www.amstelprinting.nl\/fr\/?s={search_term_string}"},"query-input":{"@type":"PropertyValueSpecification","valueRequired":true,"valueName":"search_term_string"}}],"inLanguage":"fr-FR"},{"@type":"Organization","@id":"https:\/\/www.amstelprinting.nl\/fr\/#organization","name":"Amstel Printing","url":"https:\/\/www.amstelprinting.nl\/fr\/","logo":{"@type":"ImageObject","inLanguage":"fr-FR","@id":"https:\/\/www.amstelprinting.nl\/fr\/#\/schema\/logo\/image\/","url":"https:\/\/www.amstelprinting.nl\/wp-content\/uploads\/amstel_printing_logo_clean.png","contentUrl":"https:\/\/www.amstelprinting.nl\/wp-content\/uploads\/amstel_printing_logo_clean.png","width":324,"height":73,"caption":"Amstel Printing"},"image":{"@id":"https:\/\/www.amstelprinting.nl\/fr\/#\/schema\/logo\/image\/"}}]}},"_links":{"self":[{"href":"https:\/\/www.amstelprinting.nl\/fr\/wp-json\/wp\/v2\/product\/13832","targetHints":{"allow":["GET"]}}],"collection":[{"href":"https:\/\/www.amstelprinting.nl\/fr\/wp-json\/wp\/v2\/product"}],"about":[{"href":"https:\/\/www.amstelprinting.nl\/fr\/wp-json\/wp\/v2\/types\/product"}],"wp:featuredmedia":[{"embeddable":true,"href":"https:\/\/www.amstelprinting.nl\/fr\/wp-json\/wp\/v2\/media\/13833"}],"wp:attachment":[{"href":"https:\/\/www.amstelprinting.nl\/fr\/wp-json\/wp\/v2\/media?parent=13832"}],"wp:term":[{"taxonomy":"product_brand","embeddable":true,"href":"https:\/\/www.amstelprinting.nl\/fr\/wp-json\/wp\/v2\/product_brand?post=13832"},{"taxonomy":"product_cat","embeddable":true,"href":"https:\/\/www.amstelprinting.nl\/fr\/wp-json\/wp\/v2\/product_cat?post=13832"},{"taxonomy":"product_tag","embeddable":true,"href":"https:\/\/www.amstelprinting.nl\/fr\/wp-json\/wp\/v2\/product_tag?post=13832"}],"curies":[{"name":"wp","href":"https:\/\/api.w.org\/{rel}","templated":true}]}}