{"id":13842,"date":"2025-01-24T11:33:24","date_gmt":"2025-01-24T10:33:24","guid":{"rendered":"https:\/\/www.amstelprinting.nl\/winkel\/non%20class\u00e9\/speakerdoek\/"},"modified":"2026-02-18T12:50:54","modified_gmt":"2026-02-18T11:50:54","slug":"toile-acoustique","status":"publish","type":"product","link":"https:\/\/www.amstelprinting.nl\/fr\/boutique\/publicite-exterieure\/bannieres\/toile-acoustique\/","title":{"rendered":"Toile acoustique"},"content":{"rendered":"<h3>Acheter de la toile acoustique<\/h3>\n<p>Pas de festival sans enceintes. Et celles-ci peuvent \u00e9galement \u00eatre enti\u00e8rement recouvertes d&rsquo;une toile imprim\u00e9e. Mais il s&rsquo;agit d&rsquo;une toile acoustique sp\u00e9ciale (Soundmesh) qui n&rsquo;entrave pas le son. Cette toile acoustique sp\u00e9cialement con\u00e7ue recouvre les installations sonores et l&rsquo;\u00e9quipement sans bloquer le son. Parfait pour les concerts, les \u00e9v\u00e9nements et les salons.<\/p>\n<h3>Avantages de la toile acoustique<\/h3>\n<ul>\n<li>Peut \u00eatre command\u00e9 dans n&rsquo;importe quel format<\/li>\n<li>Disponible jusqu&rsquo;\u00e0 une largeur de 5 m\u00e8tres<\/li>\n<li>Pr\u00e9servation maximale de la qualit\u00e9 sonore<\/li>\n<li>S\u00e9curis\u00e9 : dot\u00e9 de la certification de s\u00e9curit\u00e9 incendie B1<\/li>\n<\/ul>\n<p>&nbsp;<\/p>\n<h3>Mat\u00e9riaux et propri\u00e9t\u00e9s<\/h3>\n<p>La toile acoustique (Soundmesh) est une toile PVC perm\u00e9able \u00e0 l&rsquo;air et au son avec un poids de 180 gr.\/m\u00b2. Ce mat\u00e9riau est non seulement efficace pour laisser passer le son, mais il est \u00e9galement hydrofuge, ce qui le rend id\u00e9al pour une utilisation en ext\u00e9rieur. La toile Polymesh est faite de polyester et p\u00e8se 110 gr.\/m\u00b2. Ce mat\u00e9riau l\u00e9ger, perm\u00e9able \u00e0 l&rsquo;air et au son offre d&rsquo;excellentes performances et une grande flexibilit\u00e9 pour diverses applications.<\/p>\n<h3>Choisissez la finition appropri\u00e9e<\/h3>\n<p>Pour r\u00e9pondre \u00e0 toutes vos exigences sp\u00e9cifiques, nous proposons une vari\u00e9t\u00e9 de finitions. La toile acoustique Polymesh peut \u00eatre finie avec une sangle et des \u0153illets, une sangle et des crochets, une sangle et des anneaux en D, une sangle et une corde, des fourreaux, et du velcro. Ces options vous permettent de fixer la toile acoustique facilement et solidement \u00e0 diff\u00e9rentes structures. La toile Soundmesh peut \u00eatre finie avec des ourlets, des \u0153illets ou des fourreaux, offrant ainsi diverses options de fixation.<\/p>\n<h3>Fixer la toile acoustique avec les accessoires appropri\u00e9s<\/h3>\n<p>En plus des diverses finitions, nous proposons \u00e9galement diff\u00e9rents accessoires pour optimiser l&rsquo;installation et l&rsquo;utilisation de nos toiles acoustiques. Ces accessoires sont con\u00e7us pour accro\u00eetre la fonctionnalit\u00e9 et la polyvalence de la toile acoustique, afin que vous ayez toujours une solution adapt\u00e9e \u00e0 vos besoins.<\/p>\n","protected":false},"excerpt":{"rendered":"<h4><span style=\"font-weight: 400;\">La toile perm\u00e9able au vent et au son avec une impression int\u00e9grale.<\/span><\/h4>\n<p><span style=\"font-weight: 400;\">Notre toile acoustique offre la combinaison parfaite de fonctionnalit\u00e9 et de flexibilit\u00e9. La conception perm\u00e9able \u00e0 l&rsquo;air et au son garantit que la qualit\u00e9 sonore reste intacte, tandis que le mat\u00e9riau robuste r\u00e9siste aux \u00e9l\u00e9ments. Nous proposons une large gamme d&rsquo;options de finition et d&rsquo;accessoires. Cela vous permet de personnaliser enti\u00e8rement la toile acoustique selon vos souhaits sp\u00e9cifiques. Le certificat B1 garantit un produit ignifuge, r\u00e9pondant aux normes les plus \u00e9lev\u00e9es. Livr\u00e9 sous 3 jours ouvrables. Configurez votre toile acoustique selon vos souhaits ci-dessous.<\/span><\/p>\n","protected":false},"featured_media":13843,"template":"","meta":{"_et_pb_use_builder":"","_et_pb_old_content":"","_et_gb_content_width":""},"product_brand":[],"product_cat":[472,448,428,407],"product_tag":[],"class_list":{"0":"post-13842","1":"product","2":"type-product","3":"status-publish","4":"has-post-thumbnail","6":"product_cat-bannieres","7":"product_cat-publicite-exterieure","8":"product_cat-salon-et-evenement","9":"product_cat-tissus-de-fete","11":"first","12":"instock","13":"taxable","14":"shipping-taxable","15":"purchasable","16":"product-type-simple"},"yoast_head":"<!-- This site is optimized with the Yoast SEO plugin v27.3 - https:\/\/yoast.com\/product\/yoast-seo-wordpress\/ -->\n<title>Toile acoustique pour festivals et \u00e9v\u00e9nements | Amstel Printing<\/title>\n<meta name=\"description\" content=\"D\u00e9couvrez les avantages d&#039;une toile acoustique Polymesh et Soundmesh l\u00e9g\u00e8re et perm\u00e9able \u00e0 l&#039;air. Pour une utilisation int\u00e9rieure et ext\u00e9rieure avec diverses options de finition.\" \/>\n<meta name=\"robots\" content=\"index, follow, max-snippet:-1, max-image-preview:large, max-video-preview:-1\" \/>\n<link rel=\"canonical\" href=\"https:\/\/www.amstelprinting.nl\/fr\/boutique\/publicite-exterieure\/bannieres\/toile-acoustique\/\" \/>\n<meta property=\"og:locale\" content=\"fr_FR\" \/>\n<meta property=\"og:type\" content=\"article\" \/>\n<meta property=\"og:title\" content=\"Toile acoustique pour festivals et \u00e9v\u00e9nements | Amstel Printing\" \/>\n<meta property=\"og:description\" content=\"D\u00e9couvrez les avantages d&#039;une toile acoustique Polymesh et Soundmesh l\u00e9g\u00e8re et perm\u00e9able \u00e0 l&#039;air. Pour une utilisation int\u00e9rieure et ext\u00e9rieure avec diverses options de finition.\" \/>\n<meta property=\"og:url\" content=\"https:\/\/www.amstelprinting.nl\/fr\/boutique\/publicite-exterieure\/bannieres\/toile-acoustique\/\" \/>\n<meta property=\"og:site_name\" content=\"Amstel Printing\" \/>\n<meta property=\"article:modified_time\" content=\"2026-02-18T11:50:54+00:00\" \/>\n<meta property=\"og:image\" content=\"https:\/\/www.amstelprinting.nl\/wp-content\/uploads\/speakerdoek-bedrukken-1.png\" \/>\n\t<meta property=\"og:image:width\" content=\"900\" \/>\n\t<meta property=\"og:image:height\" content=\"900\" \/>\n\t<meta property=\"og:image:type\" content=\"image\/png\" \/>\n<meta name=\"twitter:card\" content=\"summary_large_image\" \/>\n<meta name=\"twitter:label1\" content=\"Dur\u00e9e de lecture estim\u00e9e\" \/>\n\t<meta name=\"twitter:data1\" content=\"2 minutes\" \/>\n<script type=\"application\/ld+json\" class=\"yoast-schema-graph\">{\"@context\":\"https:\\\/\\\/schema.org\",\"@graph\":[{\"@type\":\"WebPage\",\"@id\":\"https:\\\/\\\/www.amstelprinting.nl\\\/fr\\\/boutique\\\/publicite-exterieure\\\/bannieres\\\/toile-acoustique\\\/\",\"url\":\"https:\\\/\\\/www.amstelprinting.nl\\\/fr\\\/boutique\\\/publicite-exterieure\\\/bannieres\\\/toile-acoustique\\\/\",\"name\":\"Toile acoustique pour festivals et \u00e9v\u00e9nements | Amstel Printing\",\"isPartOf\":{\"@id\":\"https:\\\/\\\/www.amstelprinting.nl\\\/fr\\\/#website\"},\"primaryImageOfPage\":{\"@id\":\"https:\\\/\\\/www.amstelprinting.nl\\\/fr\\\/boutique\\\/publicite-exterieure\\\/bannieres\\\/toile-acoustique\\\/#primaryimage\"},\"image\":{\"@id\":\"https:\\\/\\\/www.amstelprinting.nl\\\/fr\\\/boutique\\\/publicite-exterieure\\\/bannieres\\\/toile-acoustique\\\/#primaryimage\"},\"thumbnailUrl\":\"https:\\\/\\\/www.amstelprinting.nl\\\/wp-content\\\/uploads\\\/speakerdoek-bedrukken-1.png\",\"datePublished\":\"2025-01-24T10:33:24+00:00\",\"dateModified\":\"2026-02-18T11:50:54+00:00\",\"description\":\"D\u00e9couvrez les avantages d'une toile acoustique Polymesh et Soundmesh l\u00e9g\u00e8re et perm\u00e9able \u00e0 l'air. Pour une utilisation int\u00e9rieure et ext\u00e9rieure avec diverses options de finition.\",\"breadcrumb\":{\"@id\":\"https:\\\/\\\/www.amstelprinting.nl\\\/fr\\\/boutique\\\/publicite-exterieure\\\/bannieres\\\/toile-acoustique\\\/#breadcrumb\"},\"inLanguage\":\"fr-FR\",\"potentialAction\":[{\"@type\":\"ReadAction\",\"target\":[\"https:\\\/\\\/www.amstelprinting.nl\\\/fr\\\/boutique\\\/publicite-exterieure\\\/bannieres\\\/toile-acoustique\\\/\"]}]},{\"@type\":\"ImageObject\",\"inLanguage\":\"fr-FR\",\"@id\":\"https:\\\/\\\/www.amstelprinting.nl\\\/fr\\\/boutique\\\/publicite-exterieure\\\/bannieres\\\/toile-acoustique\\\/#primaryimage\",\"url\":\"https:\\\/\\\/www.amstelprinting.nl\\\/wp-content\\\/uploads\\\/speakerdoek-bedrukken-1.png\",\"contentUrl\":\"https:\\\/\\\/www.amstelprinting.nl\\\/wp-content\\\/uploads\\\/speakerdoek-bedrukken-1.png\",\"width\":900,\"height\":900},{\"@type\":\"BreadcrumbList\",\"@id\":\"https:\\\/\\\/www.amstelprinting.nl\\\/fr\\\/boutique\\\/publicite-exterieure\\\/bannieres\\\/toile-acoustique\\\/#breadcrumb\",\"itemListElement\":[{\"@type\":\"ListItem\",\"position\":1,\"name\":\"\",\"item\":\"https:\\\/\\\/www.amstelprinting.nl\\\/fr\\\/\"},{\"@type\":\"ListItem\",\"position\":2,\"name\":\"Amstel Printing\",\"item\":\"https:\\\/\\\/www.amstelprinting.nl\\\/fr\\\/boutique\\\/\"},{\"@type\":\"ListItem\",\"position\":3,\"name\":\"Publicit\u00e9 ext\u00e9rieure\",\"item\":\"https:\\\/\\\/www.amstelprinting.nl\\\/fr\\\/categorie\\\/publicite-exterieure\\\/\"},{\"@type\":\"ListItem\",\"position\":4,\"name\":\"Banni\u00e8res\",\"item\":\"https:\\\/\\\/www.amstelprinting.nl\\\/fr\\\/categorie\\\/publicite-exterieure\\\/bannieres\\\/\"},{\"@type\":\"ListItem\",\"position\":5,\"name\":\"Toile acoustique\"}]},{\"@type\":\"WebSite\",\"@id\":\"https:\\\/\\\/www.amstelprinting.nl\\\/fr\\\/#website\",\"url\":\"https:\\\/\\\/www.amstelprinting.nl\\\/fr\\\/\",\"name\":\"Amstel Printing\",\"description\":\"Creating Exposure\",\"publisher\":{\"@id\":\"https:\\\/\\\/www.amstelprinting.nl\\\/fr\\\/#organization\"},\"potentialAction\":[{\"@type\":\"SearchAction\",\"target\":{\"@type\":\"EntryPoint\",\"urlTemplate\":\"https:\\\/\\\/www.amstelprinting.nl\\\/fr\\\/?s={search_term_string}\"},\"query-input\":{\"@type\":\"PropertyValueSpecification\",\"valueRequired\":true,\"valueName\":\"search_term_string\"}}],\"inLanguage\":\"fr-FR\"},{\"@type\":\"Organization\",\"@id\":\"https:\\\/\\\/www.amstelprinting.nl\\\/fr\\\/#organization\",\"name\":\"Amstel Printing\",\"url\":\"https:\\\/\\\/www.amstelprinting.nl\\\/fr\\\/\",\"logo\":{\"@type\":\"ImageObject\",\"inLanguage\":\"fr-FR\",\"@id\":\"https:\\\/\\\/www.amstelprinting.nl\\\/fr\\\/#\\\/schema\\\/logo\\\/image\\\/\",\"url\":\"https:\\\/\\\/www.amstelprinting.nl\\\/wp-content\\\/uploads\\\/amstel_printing_logo_clean.png\",\"contentUrl\":\"https:\\\/\\\/www.amstelprinting.nl\\\/wp-content\\\/uploads\\\/amstel_printing_logo_clean.png\",\"width\":324,\"height\":73,\"caption\":\"Amstel Printing\"},\"image\":{\"@id\":\"https:\\\/\\\/www.amstelprinting.nl\\\/fr\\\/#\\\/schema\\\/logo\\\/image\\\/\"}}]}<\/script>\n<!-- \/ Yoast SEO plugin. -->","yoast_head_json":{"title":"Toile acoustique pour festivals et \u00e9v\u00e9nements | Amstel Printing","description":"D\u00e9couvrez les avantages d'une toile acoustique Polymesh et Soundmesh l\u00e9g\u00e8re et perm\u00e9able \u00e0 l'air. Pour une utilisation int\u00e9rieure et ext\u00e9rieure avec diverses options de finition.","robots":{"index":"index","follow":"follow","max-snippet":"max-snippet:-1","max-image-preview":"max-image-preview:large","max-video-preview":"max-video-preview:-1"},"canonical":"https:\/\/www.amstelprinting.nl\/fr\/boutique\/publicite-exterieure\/bannieres\/toile-acoustique\/","og_locale":"fr_FR","og_type":"article","og_title":"Toile acoustique pour festivals et \u00e9v\u00e9nements | Amstel Printing","og_description":"D\u00e9couvrez les avantages d'une toile acoustique Polymesh et Soundmesh l\u00e9g\u00e8re et perm\u00e9able \u00e0 l'air. Pour une utilisation int\u00e9rieure et ext\u00e9rieure avec diverses options de finition.","og_url":"https:\/\/www.amstelprinting.nl\/fr\/boutique\/publicite-exterieure\/bannieres\/toile-acoustique\/","og_site_name":"Amstel Printing","article_modified_time":"2026-02-18T11:50:54+00:00","og_image":[{"width":900,"height":900,"url":"https:\/\/www.amstelprinting.nl\/wp-content\/uploads\/speakerdoek-bedrukken-1.png","type":"image\/png"}],"twitter_card":"summary_large_image","twitter_misc":{"Dur\u00e9e de lecture estim\u00e9e":"2 minutes"},"schema":{"@context":"https:\/\/schema.org","@graph":[{"@type":"WebPage","@id":"https:\/\/www.amstelprinting.nl\/fr\/boutique\/publicite-exterieure\/bannieres\/toile-acoustique\/","url":"https:\/\/www.amstelprinting.nl\/fr\/boutique\/publicite-exterieure\/bannieres\/toile-acoustique\/","name":"Toile acoustique pour festivals et \u00e9v\u00e9nements | Amstel Printing","isPartOf":{"@id":"https:\/\/www.amstelprinting.nl\/fr\/#website"},"primaryImageOfPage":{"@id":"https:\/\/www.amstelprinting.nl\/fr\/boutique\/publicite-exterieure\/bannieres\/toile-acoustique\/#primaryimage"},"image":{"@id":"https:\/\/www.amstelprinting.nl\/fr\/boutique\/publicite-exterieure\/bannieres\/toile-acoustique\/#primaryimage"},"thumbnailUrl":"https:\/\/www.amstelprinting.nl\/wp-content\/uploads\/speakerdoek-bedrukken-1.png","datePublished":"2025-01-24T10:33:24+00:00","dateModified":"2026-02-18T11:50:54+00:00","description":"D\u00e9couvrez les avantages d'une toile acoustique Polymesh et Soundmesh l\u00e9g\u00e8re et perm\u00e9able \u00e0 l'air. Pour une utilisation int\u00e9rieure et ext\u00e9rieure avec diverses options de finition.","breadcrumb":{"@id":"https:\/\/www.amstelprinting.nl\/fr\/boutique\/publicite-exterieure\/bannieres\/toile-acoustique\/#breadcrumb"},"inLanguage":"fr-FR","potentialAction":[{"@type":"ReadAction","target":["https:\/\/www.amstelprinting.nl\/fr\/boutique\/publicite-exterieure\/bannieres\/toile-acoustique\/"]}]},{"@type":"ImageObject","inLanguage":"fr-FR","@id":"https:\/\/www.amstelprinting.nl\/fr\/boutique\/publicite-exterieure\/bannieres\/toile-acoustique\/#primaryimage","url":"https:\/\/www.amstelprinting.nl\/wp-content\/uploads\/speakerdoek-bedrukken-1.png","contentUrl":"https:\/\/www.amstelprinting.nl\/wp-content\/uploads\/speakerdoek-bedrukken-1.png","width":900,"height":900},{"@type":"BreadcrumbList","@id":"https:\/\/www.amstelprinting.nl\/fr\/boutique\/publicite-exterieure\/bannieres\/toile-acoustique\/#breadcrumb","itemListElement":[{"@type":"ListItem","position":1,"name":"","item":"https:\/\/www.amstelprinting.nl\/fr\/"},{"@type":"ListItem","position":2,"name":"Amstel Printing","item":"https:\/\/www.amstelprinting.nl\/fr\/boutique\/"},{"@type":"ListItem","position":3,"name":"Publicit\u00e9 ext\u00e9rieure","item":"https:\/\/www.amstelprinting.nl\/fr\/categorie\/publicite-exterieure\/"},{"@type":"ListItem","position":4,"name":"Banni\u00e8res","item":"https:\/\/www.amstelprinting.nl\/fr\/categorie\/publicite-exterieure\/bannieres\/"},{"@type":"ListItem","position":5,"name":"Toile acoustique"}]},{"@type":"WebSite","@id":"https:\/\/www.amstelprinting.nl\/fr\/#website","url":"https:\/\/www.amstelprinting.nl\/fr\/","name":"Amstel Printing","description":"Creating Exposure","publisher":{"@id":"https:\/\/www.amstelprinting.nl\/fr\/#organization"},"potentialAction":[{"@type":"SearchAction","target":{"@type":"EntryPoint","urlTemplate":"https:\/\/www.amstelprinting.nl\/fr\/?s={search_term_string}"},"query-input":{"@type":"PropertyValueSpecification","valueRequired":true,"valueName":"search_term_string"}}],"inLanguage":"fr-FR"},{"@type":"Organization","@id":"https:\/\/www.amstelprinting.nl\/fr\/#organization","name":"Amstel Printing","url":"https:\/\/www.amstelprinting.nl\/fr\/","logo":{"@type":"ImageObject","inLanguage":"fr-FR","@id":"https:\/\/www.amstelprinting.nl\/fr\/#\/schema\/logo\/image\/","url":"https:\/\/www.amstelprinting.nl\/wp-content\/uploads\/amstel_printing_logo_clean.png","contentUrl":"https:\/\/www.amstelprinting.nl\/wp-content\/uploads\/amstel_printing_logo_clean.png","width":324,"height":73,"caption":"Amstel Printing"},"image":{"@id":"https:\/\/www.amstelprinting.nl\/fr\/#\/schema\/logo\/image\/"}}]}},"_links":{"self":[{"href":"https:\/\/www.amstelprinting.nl\/fr\/wp-json\/wp\/v2\/product\/13842","targetHints":{"allow":["GET"]}}],"collection":[{"href":"https:\/\/www.amstelprinting.nl\/fr\/wp-json\/wp\/v2\/product"}],"about":[{"href":"https:\/\/www.amstelprinting.nl\/fr\/wp-json\/wp\/v2\/types\/product"}],"wp:featuredmedia":[{"embeddable":true,"href":"https:\/\/www.amstelprinting.nl\/fr\/wp-json\/wp\/v2\/media\/13843"}],"wp:attachment":[{"href":"https:\/\/www.amstelprinting.nl\/fr\/wp-json\/wp\/v2\/media?parent=13842"}],"wp:term":[{"taxonomy":"product_brand","embeddable":true,"href":"https:\/\/www.amstelprinting.nl\/fr\/wp-json\/wp\/v2\/product_brand?post=13842"},{"taxonomy":"product_cat","embeddable":true,"href":"https:\/\/www.amstelprinting.nl\/fr\/wp-json\/wp\/v2\/product_cat?post=13842"},{"taxonomy":"product_tag","embeddable":true,"href":"https:\/\/www.amstelprinting.nl\/fr\/wp-json\/wp\/v2\/product_tag?post=13842"}],"curies":[{"name":"wp","href":"https:\/\/api.w.org\/{rel}","templated":true}]}}