{"id":13852,"date":"2025-01-24T11:33:16","date_gmt":"2025-01-24T10:33:16","guid":{"rendered":"https:\/\/www.amstelprinting.nl\/winkel\/non%20class\u00e9\/steigerdoeken\/"},"modified":"2026-02-18T12:50:54","modified_gmt":"2026-02-18T11:50:54","slug":"baches-dechafaudage","status":"publish","type":"product","link":"https:\/\/www.amstelprinting.nl\/fr\/boutique\/publicite-exterieure\/construction-et-amp-propriete\/baches-dechafaudage\/","title":{"rendered":"B\u00e2ches d&rsquo;\u00e9chafaudage"},"content":{"rendered":"<h3>Impression de b\u00e2ches d&rsquo;\u00e9chafaudage : choisir le bon mat\u00e9riau<\/h3>\n<p>Vous avez le choix entre quatre mat\u00e9riaux diff\u00e9rents :<\/p>\n<ul>\n<li><strong>Flag<\/strong> : Ce mat\u00e9riau l\u00e9ger et polyvalent est parfait pour les applications int\u00e9rieures et ext\u00e9rieures, avec un excellent \u00e9quilibre entre r\u00e9sistance et poids.<\/li>\n<li><strong>Mesh<\/strong> : Id\u00e9al pour les situations o\u00f9 la perm\u00e9abilit\u00e9 \u00e0 l&rsquo;air et au son est essentielle, sans compromis sur la durabilit\u00e9.<\/li>\n<li><strong>Soundmesh<\/strong> : Sp\u00e9cialement d\u00e9velopp\u00e9 pour une reproduction sonore optimale, avec des propri\u00e9t\u00e9s hydrofuges qui le rendent id\u00e9al pour les environnements ext\u00e9rieurs.<\/li>\n<li><strong>Polymesh<\/strong> : Une b\u00e2che en polyester robuste, perm\u00e9able \u00e0 l&rsquo;air et au son, qui allie durabilit\u00e9 et fonctionnalit\u00e9 \u00e9lev\u00e9e.<\/li>\n<\/ul>\n<p>&nbsp;<\/p>\n<h3>Options de finition des b\u00e2ches d&rsquo;\u00e9chafaudage<\/h3>\n<p>Nos b\u00e2ches d&rsquo;\u00e9chafaudage peuvent \u00eatre finies de diff\u00e9rentes mani\u00e8res pour r\u00e9pondre \u00e0 vos exigences d&rsquo;installation sp\u00e9cifiques :<\/p>\n<ul>\n<li><strong>Flag et Polymesh<\/strong> : Ces b\u00e2ches sont finies avec une sangle et des \u0153illets tous les 50 cm, ce qui assure une fixation facile et robuste.<\/li>\n<li><strong>Mesh et Soundmesh<\/strong> : Ces b\u00e2ches sont finies avec des ourlets et des \u0153illets tous les 50 cm, garantissant une finition soign\u00e9e et durable.<\/li>\n<\/ul>\n<p>&nbsp;<\/p>\n<h3>Fixation des b\u00e2ches d&rsquo;\u00e9chafaudage<\/h3>\n<p>Pour compl\u00e9ter votre b\u00e2che d&rsquo;\u00e9chafaudage, nous vous proposons une large gamme d&rsquo;accessoires. Ceux-ci sont con\u00e7us pour accro\u00eetre la fonctionnalit\u00e9 et la polyvalence de nos b\u00e2ches d&rsquo;\u00e9chafaudage, afin que vous disposiez toujours d&rsquo;une solution qui r\u00e9ponde parfaitement \u00e0 vos besoins sp\u00e9cifiques. D\u00e9couvrez la diff\u00e9rence avec notre b\u00e2che d&rsquo;\u00e9chafaudage de haute qualit\u00e9 et voyez comment ce produit allie parfaitement s\u00e9curit\u00e9 et performance. Parfait pour chaque chantier et chaque \u00e9v\u00e9nement.<\/p>\n","protected":false},"excerpt":{"rendered":"<h3>La banderole XL pour \u00e9chafaudages de construction<\/h3>\n<p>Notre b\u00e2che d&rsquo;\u00e9chafaudage offre la combinaison parfaite de s\u00e9curit\u00e9, de durabilit\u00e9 et de flexibilit\u00e9. Le certificat de protection contre l&rsquo;incendie B1 garantit les normes de s\u00e9curit\u00e9 incendie les plus \u00e9lev\u00e9es, tandis que la conception assure une excellente protection contre les chutes de d\u00e9bris. Que vous choisissiez le Flag, le Mesh, le Soundmesh ou le Polymesh, vous pouvez compter sur des mat\u00e9riaux de la plus haute qualit\u00e9 et sur diverses options de finition qui rendent votre installation simple et fiable.<\/p>\n","protected":false},"featured_media":13853,"template":"","meta":{"_et_pb_use_builder":"","_et_pb_old_content":"","_et_gb_content_width":""},"product_brand":[],"product_cat":[472,454,448,428,407],"product_tag":[],"class_list":{"0":"post-13852","1":"product","2":"type-product","3":"status-publish","4":"has-post-thumbnail","6":"product_cat-bannieres","7":"product_cat-construction-et-amp-propriete","8":"product_cat-publicite-exterieure","9":"product_cat-salon-et-evenement","10":"product_cat-tissus-de-fete","12":"first","13":"instock","14":"taxable","15":"shipping-taxable","16":"purchasable","17":"product-type-simple"},"yoast_head":"<!-- This site is optimized with the Yoast SEO plugin v27.3 - https:\/\/yoast.com\/product\/yoast-seo-wordpress\/ -->\n<title>B\u00e2ches d&#039;\u00e9chafaudage : haute qualit\u00e9 et sur mesure pour tous les \u00e9v\u00e9nements<\/title>\n<meta name=\"description\" content=\"B\u00e2ches d&#039;\u00e9chafaudage avec diverses options de finition pour la d\u00e9limitation et la promotion sur les festivals et les chantiers. Commandez maintenant pour une livraison rapide !\" \/>\n<meta name=\"robots\" content=\"index, follow, max-snippet:-1, max-image-preview:large, max-video-preview:-1\" \/>\n<link rel=\"canonical\" href=\"https:\/\/www.amstelprinting.nl\/fr\/boutique\/publicite-exterieure\/construction-et-amp-propriete\/baches-dechafaudage\/\" \/>\n<meta property=\"og:locale\" content=\"fr_FR\" \/>\n<meta property=\"og:type\" content=\"article\" \/>\n<meta property=\"og:title\" content=\"B\u00e2ches d&#039;\u00e9chafaudage : haute qualit\u00e9 et sur mesure pour tous les \u00e9v\u00e9nements\" \/>\n<meta property=\"og:description\" content=\"B\u00e2ches d&#039;\u00e9chafaudage avec diverses options de finition pour la d\u00e9limitation et la promotion sur les festivals et les chantiers. Commandez maintenant pour une livraison rapide !\" \/>\n<meta property=\"og:url\" content=\"https:\/\/www.amstelprinting.nl\/fr\/boutique\/publicite-exterieure\/construction-et-amp-propriete\/baches-dechafaudage\/\" \/>\n<meta property=\"og:site_name\" content=\"Amstel Printing\" \/>\n<meta property=\"article:modified_time\" content=\"2026-02-18T11:50:54+00:00\" \/>\n<meta property=\"og:image\" content=\"https:\/\/www.amstelprinting.nl\/wp-content\/uploads\/steigerdoek-bedrukken-2.png\" \/>\n\t<meta property=\"og:image:width\" content=\"900\" \/>\n\t<meta property=\"og:image:height\" content=\"900\" \/>\n\t<meta property=\"og:image:type\" content=\"image\/png\" \/>\n<meta name=\"twitter:card\" content=\"summary_large_image\" \/>\n<meta name=\"twitter:label1\" content=\"Dur\u00e9e de lecture estim\u00e9e\" \/>\n\t<meta name=\"twitter:data1\" content=\"1 minute\" \/>\n<script type=\"application\/ld+json\" class=\"yoast-schema-graph\">{\"@context\":\"https:\\\/\\\/schema.org\",\"@graph\":[{\"@type\":\"WebPage\",\"@id\":\"https:\\\/\\\/www.amstelprinting.nl\\\/fr\\\/boutique\\\/publicite-exterieure\\\/construction-et-amp-propriete\\\/baches-dechafaudage\\\/\",\"url\":\"https:\\\/\\\/www.amstelprinting.nl\\\/fr\\\/boutique\\\/publicite-exterieure\\\/construction-et-amp-propriete\\\/baches-dechafaudage\\\/\",\"name\":\"B\u00e2ches d'\u00e9chafaudage : haute qualit\u00e9 et sur mesure pour tous les \u00e9v\u00e9nements\",\"isPartOf\":{\"@id\":\"https:\\\/\\\/www.amstelprinting.nl\\\/fr\\\/#website\"},\"primaryImageOfPage\":{\"@id\":\"https:\\\/\\\/www.amstelprinting.nl\\\/fr\\\/boutique\\\/publicite-exterieure\\\/construction-et-amp-propriete\\\/baches-dechafaudage\\\/#primaryimage\"},\"image\":{\"@id\":\"https:\\\/\\\/www.amstelprinting.nl\\\/fr\\\/boutique\\\/publicite-exterieure\\\/construction-et-amp-propriete\\\/baches-dechafaudage\\\/#primaryimage\"},\"thumbnailUrl\":\"https:\\\/\\\/www.amstelprinting.nl\\\/wp-content\\\/uploads\\\/steigerdoek-bedrukken-2.png\",\"datePublished\":\"2025-01-24T10:33:16+00:00\",\"dateModified\":\"2026-02-18T11:50:54+00:00\",\"description\":\"B\u00e2ches d'\u00e9chafaudage avec diverses options de finition pour la d\u00e9limitation et la promotion sur les festivals et les chantiers. Commandez maintenant pour une livraison rapide !\",\"breadcrumb\":{\"@id\":\"https:\\\/\\\/www.amstelprinting.nl\\\/fr\\\/boutique\\\/publicite-exterieure\\\/construction-et-amp-propriete\\\/baches-dechafaudage\\\/#breadcrumb\"},\"inLanguage\":\"fr-FR\",\"potentialAction\":[{\"@type\":\"ReadAction\",\"target\":[\"https:\\\/\\\/www.amstelprinting.nl\\\/fr\\\/boutique\\\/publicite-exterieure\\\/construction-et-amp-propriete\\\/baches-dechafaudage\\\/\"]}]},{\"@type\":\"ImageObject\",\"inLanguage\":\"fr-FR\",\"@id\":\"https:\\\/\\\/www.amstelprinting.nl\\\/fr\\\/boutique\\\/publicite-exterieure\\\/construction-et-amp-propriete\\\/baches-dechafaudage\\\/#primaryimage\",\"url\":\"https:\\\/\\\/www.amstelprinting.nl\\\/wp-content\\\/uploads\\\/steigerdoek-bedrukken-2.png\",\"contentUrl\":\"https:\\\/\\\/www.amstelprinting.nl\\\/wp-content\\\/uploads\\\/steigerdoek-bedrukken-2.png\",\"width\":900,\"height\":900},{\"@type\":\"BreadcrumbList\",\"@id\":\"https:\\\/\\\/www.amstelprinting.nl\\\/fr\\\/boutique\\\/publicite-exterieure\\\/construction-et-amp-propriete\\\/baches-dechafaudage\\\/#breadcrumb\",\"itemListElement\":[{\"@type\":\"ListItem\",\"position\":1,\"name\":\"\",\"item\":\"https:\\\/\\\/www.amstelprinting.nl\\\/fr\\\/\"},{\"@type\":\"ListItem\",\"position\":2,\"name\":\"Amstel Printing\",\"item\":\"https:\\\/\\\/www.amstelprinting.nl\\\/fr\\\/boutique\\\/\"},{\"@type\":\"ListItem\",\"position\":3,\"name\":\"Publicit\u00e9 ext\u00e9rieure\",\"item\":\"https:\\\/\\\/www.amstelprinting.nl\\\/fr\\\/categorie\\\/publicite-exterieure\\\/\"},{\"@type\":\"ListItem\",\"position\":4,\"name\":\"Construction et amp; propri\u00e9t\u00e9\",\"item\":\"https:\\\/\\\/www.amstelprinting.nl\\\/fr\\\/categorie\\\/publicite-exterieure\\\/construction-et-amp-propriete\\\/\"},{\"@type\":\"ListItem\",\"position\":5,\"name\":\"B\u00e2ches d&rsquo;\u00e9chafaudage\"}]},{\"@type\":\"WebSite\",\"@id\":\"https:\\\/\\\/www.amstelprinting.nl\\\/fr\\\/#website\",\"url\":\"https:\\\/\\\/www.amstelprinting.nl\\\/fr\\\/\",\"name\":\"Amstel Printing\",\"description\":\"Creating Exposure\",\"publisher\":{\"@id\":\"https:\\\/\\\/www.amstelprinting.nl\\\/fr\\\/#organization\"},\"potentialAction\":[{\"@type\":\"SearchAction\",\"target\":{\"@type\":\"EntryPoint\",\"urlTemplate\":\"https:\\\/\\\/www.amstelprinting.nl\\\/fr\\\/?s={search_term_string}\"},\"query-input\":{\"@type\":\"PropertyValueSpecification\",\"valueRequired\":true,\"valueName\":\"search_term_string\"}}],\"inLanguage\":\"fr-FR\"},{\"@type\":\"Organization\",\"@id\":\"https:\\\/\\\/www.amstelprinting.nl\\\/fr\\\/#organization\",\"name\":\"Amstel Printing\",\"url\":\"https:\\\/\\\/www.amstelprinting.nl\\\/fr\\\/\",\"logo\":{\"@type\":\"ImageObject\",\"inLanguage\":\"fr-FR\",\"@id\":\"https:\\\/\\\/www.amstelprinting.nl\\\/fr\\\/#\\\/schema\\\/logo\\\/image\\\/\",\"url\":\"https:\\\/\\\/www.amstelprinting.nl\\\/wp-content\\\/uploads\\\/amstel_printing_logo_clean.png\",\"contentUrl\":\"https:\\\/\\\/www.amstelprinting.nl\\\/wp-content\\\/uploads\\\/amstel_printing_logo_clean.png\",\"width\":324,\"height\":73,\"caption\":\"Amstel Printing\"},\"image\":{\"@id\":\"https:\\\/\\\/www.amstelprinting.nl\\\/fr\\\/#\\\/schema\\\/logo\\\/image\\\/\"}}]}<\/script>\n<!-- \/ Yoast SEO plugin. -->","yoast_head_json":{"title":"B\u00e2ches d'\u00e9chafaudage : haute qualit\u00e9 et sur mesure pour tous les \u00e9v\u00e9nements","description":"B\u00e2ches d'\u00e9chafaudage avec diverses options de finition pour la d\u00e9limitation et la promotion sur les festivals et les chantiers. Commandez maintenant pour une livraison rapide !","robots":{"index":"index","follow":"follow","max-snippet":"max-snippet:-1","max-image-preview":"max-image-preview:large","max-video-preview":"max-video-preview:-1"},"canonical":"https:\/\/www.amstelprinting.nl\/fr\/boutique\/publicite-exterieure\/construction-et-amp-propriete\/baches-dechafaudage\/","og_locale":"fr_FR","og_type":"article","og_title":"B\u00e2ches d'\u00e9chafaudage : haute qualit\u00e9 et sur mesure pour tous les \u00e9v\u00e9nements","og_description":"B\u00e2ches d'\u00e9chafaudage avec diverses options de finition pour la d\u00e9limitation et la promotion sur les festivals et les chantiers. Commandez maintenant pour une livraison rapide !","og_url":"https:\/\/www.amstelprinting.nl\/fr\/boutique\/publicite-exterieure\/construction-et-amp-propriete\/baches-dechafaudage\/","og_site_name":"Amstel Printing","article_modified_time":"2026-02-18T11:50:54+00:00","og_image":[{"width":900,"height":900,"url":"https:\/\/www.amstelprinting.nl\/wp-content\/uploads\/steigerdoek-bedrukken-2.png","type":"image\/png"}],"twitter_card":"summary_large_image","twitter_misc":{"Dur\u00e9e de lecture estim\u00e9e":"1 minute"},"schema":{"@context":"https:\/\/schema.org","@graph":[{"@type":"WebPage","@id":"https:\/\/www.amstelprinting.nl\/fr\/boutique\/publicite-exterieure\/construction-et-amp-propriete\/baches-dechafaudage\/","url":"https:\/\/www.amstelprinting.nl\/fr\/boutique\/publicite-exterieure\/construction-et-amp-propriete\/baches-dechafaudage\/","name":"B\u00e2ches d'\u00e9chafaudage : haute qualit\u00e9 et sur mesure pour tous les \u00e9v\u00e9nements","isPartOf":{"@id":"https:\/\/www.amstelprinting.nl\/fr\/#website"},"primaryImageOfPage":{"@id":"https:\/\/www.amstelprinting.nl\/fr\/boutique\/publicite-exterieure\/construction-et-amp-propriete\/baches-dechafaudage\/#primaryimage"},"image":{"@id":"https:\/\/www.amstelprinting.nl\/fr\/boutique\/publicite-exterieure\/construction-et-amp-propriete\/baches-dechafaudage\/#primaryimage"},"thumbnailUrl":"https:\/\/www.amstelprinting.nl\/wp-content\/uploads\/steigerdoek-bedrukken-2.png","datePublished":"2025-01-24T10:33:16+00:00","dateModified":"2026-02-18T11:50:54+00:00","description":"B\u00e2ches d'\u00e9chafaudage avec diverses options de finition pour la d\u00e9limitation et la promotion sur les festivals et les chantiers. Commandez maintenant pour une livraison rapide !","breadcrumb":{"@id":"https:\/\/www.amstelprinting.nl\/fr\/boutique\/publicite-exterieure\/construction-et-amp-propriete\/baches-dechafaudage\/#breadcrumb"},"inLanguage":"fr-FR","potentialAction":[{"@type":"ReadAction","target":["https:\/\/www.amstelprinting.nl\/fr\/boutique\/publicite-exterieure\/construction-et-amp-propriete\/baches-dechafaudage\/"]}]},{"@type":"ImageObject","inLanguage":"fr-FR","@id":"https:\/\/www.amstelprinting.nl\/fr\/boutique\/publicite-exterieure\/construction-et-amp-propriete\/baches-dechafaudage\/#primaryimage","url":"https:\/\/www.amstelprinting.nl\/wp-content\/uploads\/steigerdoek-bedrukken-2.png","contentUrl":"https:\/\/www.amstelprinting.nl\/wp-content\/uploads\/steigerdoek-bedrukken-2.png","width":900,"height":900},{"@type":"BreadcrumbList","@id":"https:\/\/www.amstelprinting.nl\/fr\/boutique\/publicite-exterieure\/construction-et-amp-propriete\/baches-dechafaudage\/#breadcrumb","itemListElement":[{"@type":"ListItem","position":1,"name":"","item":"https:\/\/www.amstelprinting.nl\/fr\/"},{"@type":"ListItem","position":2,"name":"Amstel Printing","item":"https:\/\/www.amstelprinting.nl\/fr\/boutique\/"},{"@type":"ListItem","position":3,"name":"Publicit\u00e9 ext\u00e9rieure","item":"https:\/\/www.amstelprinting.nl\/fr\/categorie\/publicite-exterieure\/"},{"@type":"ListItem","position":4,"name":"Construction et amp; propri\u00e9t\u00e9","item":"https:\/\/www.amstelprinting.nl\/fr\/categorie\/publicite-exterieure\/construction-et-amp-propriete\/"},{"@type":"ListItem","position":5,"name":"B\u00e2ches d&rsquo;\u00e9chafaudage"}]},{"@type":"WebSite","@id":"https:\/\/www.amstelprinting.nl\/fr\/#website","url":"https:\/\/www.amstelprinting.nl\/fr\/","name":"Amstel Printing","description":"Creating Exposure","publisher":{"@id":"https:\/\/www.amstelprinting.nl\/fr\/#organization"},"potentialAction":[{"@type":"SearchAction","target":{"@type":"EntryPoint","urlTemplate":"https:\/\/www.amstelprinting.nl\/fr\/?s={search_term_string}"},"query-input":{"@type":"PropertyValueSpecification","valueRequired":true,"valueName":"search_term_string"}}],"inLanguage":"fr-FR"},{"@type":"Organization","@id":"https:\/\/www.amstelprinting.nl\/fr\/#organization","name":"Amstel Printing","url":"https:\/\/www.amstelprinting.nl\/fr\/","logo":{"@type":"ImageObject","inLanguage":"fr-FR","@id":"https:\/\/www.amstelprinting.nl\/fr\/#\/schema\/logo\/image\/","url":"https:\/\/www.amstelprinting.nl\/wp-content\/uploads\/amstel_printing_logo_clean.png","contentUrl":"https:\/\/www.amstelprinting.nl\/wp-content\/uploads\/amstel_printing_logo_clean.png","width":324,"height":73,"caption":"Amstel Printing"},"image":{"@id":"https:\/\/www.amstelprinting.nl\/fr\/#\/schema\/logo\/image\/"}}]}},"_links":{"self":[{"href":"https:\/\/www.amstelprinting.nl\/fr\/wp-json\/wp\/v2\/product\/13852","targetHints":{"allow":["GET"]}}],"collection":[{"href":"https:\/\/www.amstelprinting.nl\/fr\/wp-json\/wp\/v2\/product"}],"about":[{"href":"https:\/\/www.amstelprinting.nl\/fr\/wp-json\/wp\/v2\/types\/product"}],"wp:featuredmedia":[{"embeddable":true,"href":"https:\/\/www.amstelprinting.nl\/fr\/wp-json\/wp\/v2\/media\/13853"}],"wp:attachment":[{"href":"https:\/\/www.amstelprinting.nl\/fr\/wp-json\/wp\/v2\/media?parent=13852"}],"wp:term":[{"taxonomy":"product_brand","embeddable":true,"href":"https:\/\/www.amstelprinting.nl\/fr\/wp-json\/wp\/v2\/product_brand?post=13852"},{"taxonomy":"product_cat","embeddable":true,"href":"https:\/\/www.amstelprinting.nl\/fr\/wp-json\/wp\/v2\/product_cat?post=13852"},{"taxonomy":"product_tag","embeddable":true,"href":"https:\/\/www.amstelprinting.nl\/fr\/wp-json\/wp\/v2\/product_tag?post=13852"}],"curies":[{"name":"wp","href":"https:\/\/api.w.org\/{rel}","templated":true}]}}