{"id":13862,"date":"2025-01-24T11:32:53","date_gmt":"2025-01-24T10:32:53","guid":{"rendered":"https:\/\/www.amstelprinting.nl\/winkel\/non%20class\u00e9\/outdoor-textielframe\/"},"modified":"2026-02-18T12:50:55","modified_gmt":"2026-02-18T11:50:55","slug":"cadre-textile-dexterieur","status":"publish","type":"product","link":"https:\/\/www.amstelprinting.nl\/fr\/boutique\/publicite-exterieure\/cadres-de-banniere\/cadre-textile-dexterieur\/","title":{"rendered":"Cadre textile d&rsquo;ext\u00e9rieur"},"content":{"rendered":"<h3>Commander un Cadre Textile d&rsquo;Ext\u00e9rieur : Comment \u00e7a marche ?<\/h3>\n<p>De face, le cadre n&rsquo;est pas visible. La b\u00e2che est fix\u00e9e tout autour du cadre \u00e0 l&rsquo;aide d&rsquo;un jonc. Ce cadre textile convient pour l&rsquo;ext\u00e9rieur. Enti\u00e8rement disponible dans le format de votre choix. Vous pouvez facilement r\u00e9aliser le montage vous-m\u00eame \u00e0 l&rsquo;aide de notre manuel (voir t\u00e9l\u00e9chargements).<\/p>\n<h3>Mat\u00e9riaux<\/h3>\n<p>Notre cadre textile d&rsquo;ext\u00e9rieur est fabriqu\u00e9 en ProPES outdoor, une toile textile en polyester l\u00e9ger dot\u00e9e d&rsquo;un rev\u00eatement hydrofuge. Ce mat\u00e9riau est sp\u00e9cialement con\u00e7u pour une utilisation en ext\u00e9rieur, ce qui vous garantit une solution durable et r\u00e9sistante aux intemp\u00e9ries. La toile reste belle et fonctionnelle pendant longtemps, quelles que soient les conditions m\u00e9t\u00e9orologiques, de sorte que votre message reste toujours clair et percutant.<\/p>\n<h3>Accessoires<\/h3>\n<p>Pour faciliter au maximum l&rsquo;installation de votre cadre textile d&rsquo;ext\u00e9rieur, nous proposons divers accessoires, notamment du ruban adh\u00e9sif double face et des clous \u00e0 pression. Ces accessoires garantissent que la toile reste fermement et proprement en place dans le cadre. M\u00eame dans des conditions m\u00e9t\u00e9orologiques difficiles (vents forts).<\/p>\n<h3>Questions fr\u00e9quemment pos\u00e9es<\/h3>\n<p><strong>Quelle est la dur\u00e9e de vie pr\u00e9vue du ProPES Outdoor ?<\/strong><br \/>\nEn cas d&rsquo;utilisation \u00e0 l&rsquo;int\u00e9rieur, vous pouvez compter sur une durabilit\u00e9 de plusieurs ann\u00e9es du mat\u00e9riau. En revanche, pour une utilisation \u00e0 l&rsquo;ext\u00e9rieur, l&rsquo;impression peut commencer \u00e0 se d\u00e9colorer apr\u00e8s environ 6 mois. Bien que le mat\u00e9riau lui-m\u00eame soit r\u00e9sistant \u00e0 l&rsquo;usure, les encres peuvent s&rsquo;estomper sous l&rsquo;effet des intemp\u00e9ries.<\/p>\n<p><strong>Comment enlever les plis de la toile ?<\/strong><br \/>\nC&rsquo;est simple ! Vous pouvez repasser le mat\u00e9riau sur la position laine. Placez toutefois un torchon sur l&rsquo;impression pour offrir une protection suppl\u00e9mentaire pendant le repassage.<\/p>\n<p><strong>Comment nettoyer au mieux la toile ?<\/strong><br \/>\nUtilisez de l&rsquo;eau ti\u00e8de et un chiffon en microfibre pour nettoyer la toile. Le ProPES Outdoor peut \u00e9galement \u00eatre lav\u00e9 \u00e0 30 degr\u00e9s en machine.<\/p>\n<p><strong>Quelle est la diff\u00e9rence entre hydrofuge et imperm\u00e9able ?<\/strong><br \/>\nLes tissus hydrofuges permettent \u00e0 l&rsquo;eau de s&rsquo;\u00e9couler de la surface sans l&rsquo;absorber. Les tissus imperm\u00e9ables emp\u00eachent l&rsquo;eau de p\u00e9n\u00e9trer dans le produit, ce qui permet de garder au sec les garnissages de coussins, par exemple.<\/p>\n<p><strong>Quelle technique de production est utilis\u00e9e pour ce mat\u00e9riau ?<\/strong><br \/>\nPour le ProPES Outdoor, une encre pigment\u00e9e est utilis\u00e9e. Cette technique d&rsquo;impression utilise des encres \u00e0 base d&rsquo;eau qui sont inodores. Les encres sont s\u00e9ch\u00e9es et durcies dans un four. Contrairement \u00e0 la sublimation, o\u00f9 l&rsquo;encre p\u00e9n\u00e8tre dans les fibres du mat\u00e9riau, l&rsquo;encre pigment\u00e9e reste en surface.<\/p>\n","protected":false},"excerpt":{"rendered":"<h3>Le cadre de b\u00e2che \u00e9pur\u00e9 et invisible<\/h3>\n<p>Vous recherchez un cadre de b\u00e2che \u00e9pur\u00e9 et invisible adapt\u00e9 \u00e0 l&rsquo;ext\u00e9rieur ? Choisissez alors notre cadre textile d&rsquo;ext\u00e9rieur et faites une impression durable. La toile d&rsquo;ext\u00e9rieur l\u00e9g\u00e8re mais robuste assure un affichage clair et net de votre message, tandis que le rev\u00eatement hydrofuge prot\u00e8ge la toile. Composez votre cadre textile d&rsquo;ext\u00e9rieur ci-dessous selon vos souhaits !<\/p>\n","protected":false},"featured_media":13863,"template":"","meta":{"_et_pb_use_builder":"","_et_pb_old_content":"","_et_gb_content_width":""},"product_brand":[],"product_cat":[535,448],"product_tag":[],"class_list":{"0":"post-13862","1":"product","2":"type-product","3":"status-publish","4":"has-post-thumbnail","6":"product_cat-cadres-de-banniere","7":"product_cat-publicite-exterieure","9":"first","10":"instock","11":"taxable","12":"shipping-taxable","13":"purchasable","14":"product-type-simple"},"yoast_head":"<!-- This site is optimized with the Yoast SEO plugin v27.3 - https:\/\/yoast.com\/product\/yoast-seo-wordpress\/ -->\n<title>Cadre textile d&#039;ext\u00e9rieur | Amstel Printing<\/title>\n<meta name=\"robots\" content=\"index, follow, max-snippet:-1, max-image-preview:large, max-video-preview:-1\" \/>\n<link rel=\"canonical\" href=\"https:\/\/www.amstelprinting.nl\/fr\/boutique\/publicite-exterieure\/cadres-de-banniere\/cadre-textile-dexterieur\/\" \/>\n<meta property=\"og:locale\" content=\"fr_FR\" \/>\n<meta property=\"og:type\" content=\"article\" \/>\n<meta property=\"og:title\" content=\"Cadre textile d&#039;ext\u00e9rieur | Amstel Printing\" \/>\n<meta property=\"og:description\" content=\"Le cadre de b\u00e2che \u00e9pur\u00e9 et invisible Vous recherchez un cadre de b\u00e2che \u00e9pur\u00e9 et invisible adapt\u00e9 \u00e0 l&#039;ext\u00e9rieur ? Choisissez alors notre cadre textile d&#039;ext\u00e9rieur et faites une impression durable. La toile d&#039;ext\u00e9rieur l\u00e9g\u00e8re mais robuste assure un affichage clair et net de votre message, tandis que le rev\u00eatement hydrofuge prot\u00e8ge la toile. Composez votre cadre textile d&#039;ext\u00e9rieur ci-dessous selon vos souhaits !\" \/>\n<meta property=\"og:url\" content=\"https:\/\/www.amstelprinting.nl\/fr\/boutique\/publicite-exterieure\/cadres-de-banniere\/cadre-textile-dexterieur\/\" \/>\n<meta property=\"og:site_name\" content=\"Amstel Printing\" \/>\n<meta property=\"article:modified_time\" content=\"2026-02-18T11:50:55+00:00\" \/>\n<meta property=\"og:image\" content=\"https:\/\/www.amstelprinting.nl\/wp-content\/uploads\/outdoor-textielframe-bedrukken.png\" \/>\n\t<meta property=\"og:image:width\" content=\"700\" \/>\n\t<meta property=\"og:image:height\" content=\"700\" \/>\n\t<meta property=\"og:image:type\" content=\"image\/png\" \/>\n<meta name=\"twitter:card\" content=\"summary_large_image\" \/>\n<meta name=\"twitter:label1\" content=\"Dur\u00e9e de lecture estim\u00e9e\" \/>\n\t<meta name=\"twitter:data1\" content=\"2 minutes\" \/>\n<script type=\"application\/ld+json\" class=\"yoast-schema-graph\">{\"@context\":\"https:\\\/\\\/schema.org\",\"@graph\":[{\"@type\":\"WebPage\",\"@id\":\"https:\\\/\\\/www.amstelprinting.nl\\\/fr\\\/boutique\\\/publicite-exterieure\\\/cadres-de-banniere\\\/cadre-textile-dexterieur\\\/\",\"url\":\"https:\\\/\\\/www.amstelprinting.nl\\\/fr\\\/boutique\\\/publicite-exterieure\\\/cadres-de-banniere\\\/cadre-textile-dexterieur\\\/\",\"name\":\"Cadre textile d'ext\u00e9rieur | Amstel Printing\",\"isPartOf\":{\"@id\":\"https:\\\/\\\/www.amstelprinting.nl\\\/fr\\\/#website\"},\"primaryImageOfPage\":{\"@id\":\"https:\\\/\\\/www.amstelprinting.nl\\\/fr\\\/boutique\\\/publicite-exterieure\\\/cadres-de-banniere\\\/cadre-textile-dexterieur\\\/#primaryimage\"},\"image\":{\"@id\":\"https:\\\/\\\/www.amstelprinting.nl\\\/fr\\\/boutique\\\/publicite-exterieure\\\/cadres-de-banniere\\\/cadre-textile-dexterieur\\\/#primaryimage\"},\"thumbnailUrl\":\"https:\\\/\\\/www.amstelprinting.nl\\\/wp-content\\\/uploads\\\/outdoor-textielframe-bedrukken.png\",\"datePublished\":\"2025-01-24T10:32:53+00:00\",\"dateModified\":\"2026-02-18T11:50:55+00:00\",\"breadcrumb\":{\"@id\":\"https:\\\/\\\/www.amstelprinting.nl\\\/fr\\\/boutique\\\/publicite-exterieure\\\/cadres-de-banniere\\\/cadre-textile-dexterieur\\\/#breadcrumb\"},\"inLanguage\":\"fr-FR\",\"potentialAction\":[{\"@type\":\"ReadAction\",\"target\":[\"https:\\\/\\\/www.amstelprinting.nl\\\/fr\\\/boutique\\\/publicite-exterieure\\\/cadres-de-banniere\\\/cadre-textile-dexterieur\\\/\"]}]},{\"@type\":\"ImageObject\",\"inLanguage\":\"fr-FR\",\"@id\":\"https:\\\/\\\/www.amstelprinting.nl\\\/fr\\\/boutique\\\/publicite-exterieure\\\/cadres-de-banniere\\\/cadre-textile-dexterieur\\\/#primaryimage\",\"url\":\"https:\\\/\\\/www.amstelprinting.nl\\\/wp-content\\\/uploads\\\/outdoor-textielframe-bedrukken.png\",\"contentUrl\":\"https:\\\/\\\/www.amstelprinting.nl\\\/wp-content\\\/uploads\\\/outdoor-textielframe-bedrukken.png\",\"width\":700,\"height\":700},{\"@type\":\"BreadcrumbList\",\"@id\":\"https:\\\/\\\/www.amstelprinting.nl\\\/fr\\\/boutique\\\/publicite-exterieure\\\/cadres-de-banniere\\\/cadre-textile-dexterieur\\\/#breadcrumb\",\"itemListElement\":[{\"@type\":\"ListItem\",\"position\":1,\"name\":\"\",\"item\":\"https:\\\/\\\/www.amstelprinting.nl\\\/fr\\\/\"},{\"@type\":\"ListItem\",\"position\":2,\"name\":\"Amstel Printing\",\"item\":\"https:\\\/\\\/www.amstelprinting.nl\\\/fr\\\/boutique\\\/\"},{\"@type\":\"ListItem\",\"position\":3,\"name\":\"Publicit\u00e9 ext\u00e9rieure\",\"item\":\"https:\\\/\\\/www.amstelprinting.nl\\\/fr\\\/categorie\\\/publicite-exterieure\\\/\"},{\"@type\":\"ListItem\",\"position\":4,\"name\":\"Cadres de banni\u00e8re\",\"item\":\"https:\\\/\\\/www.amstelprinting.nl\\\/fr\\\/categorie\\\/publicite-exterieure\\\/cadres-de-banniere\\\/\"},{\"@type\":\"ListItem\",\"position\":5,\"name\":\"Cadre textile d&rsquo;ext\u00e9rieur\"}]},{\"@type\":\"WebSite\",\"@id\":\"https:\\\/\\\/www.amstelprinting.nl\\\/fr\\\/#website\",\"url\":\"https:\\\/\\\/www.amstelprinting.nl\\\/fr\\\/\",\"name\":\"Amstel Printing\",\"description\":\"Creating Exposure\",\"publisher\":{\"@id\":\"https:\\\/\\\/www.amstelprinting.nl\\\/fr\\\/#organization\"},\"potentialAction\":[{\"@type\":\"SearchAction\",\"target\":{\"@type\":\"EntryPoint\",\"urlTemplate\":\"https:\\\/\\\/www.amstelprinting.nl\\\/fr\\\/?s={search_term_string}\"},\"query-input\":{\"@type\":\"PropertyValueSpecification\",\"valueRequired\":true,\"valueName\":\"search_term_string\"}}],\"inLanguage\":\"fr-FR\"},{\"@type\":\"Organization\",\"@id\":\"https:\\\/\\\/www.amstelprinting.nl\\\/fr\\\/#organization\",\"name\":\"Amstel Printing\",\"url\":\"https:\\\/\\\/www.amstelprinting.nl\\\/fr\\\/\",\"logo\":{\"@type\":\"ImageObject\",\"inLanguage\":\"fr-FR\",\"@id\":\"https:\\\/\\\/www.amstelprinting.nl\\\/fr\\\/#\\\/schema\\\/logo\\\/image\\\/\",\"url\":\"https:\\\/\\\/www.amstelprinting.nl\\\/wp-content\\\/uploads\\\/amstel_printing_logo_clean.png\",\"contentUrl\":\"https:\\\/\\\/www.amstelprinting.nl\\\/wp-content\\\/uploads\\\/amstel_printing_logo_clean.png\",\"width\":324,\"height\":73,\"caption\":\"Amstel Printing\"},\"image\":{\"@id\":\"https:\\\/\\\/www.amstelprinting.nl\\\/fr\\\/#\\\/schema\\\/logo\\\/image\\\/\"}}]}<\/script>\n<!-- \/ Yoast SEO plugin. -->","yoast_head_json":{"title":"Cadre textile d'ext\u00e9rieur | Amstel Printing","robots":{"index":"index","follow":"follow","max-snippet":"max-snippet:-1","max-image-preview":"max-image-preview:large","max-video-preview":"max-video-preview:-1"},"canonical":"https:\/\/www.amstelprinting.nl\/fr\/boutique\/publicite-exterieure\/cadres-de-banniere\/cadre-textile-dexterieur\/","og_locale":"fr_FR","og_type":"article","og_title":"Cadre textile d'ext\u00e9rieur | Amstel Printing","og_description":"Le cadre de b\u00e2che \u00e9pur\u00e9 et invisible Vous recherchez un cadre de b\u00e2che \u00e9pur\u00e9 et invisible adapt\u00e9 \u00e0 l'ext\u00e9rieur ? Choisissez alors notre cadre textile d'ext\u00e9rieur et faites une impression durable. La toile d'ext\u00e9rieur l\u00e9g\u00e8re mais robuste assure un affichage clair et net de votre message, tandis que le rev\u00eatement hydrofuge prot\u00e8ge la toile. Composez votre cadre textile d'ext\u00e9rieur ci-dessous selon vos souhaits !","og_url":"https:\/\/www.amstelprinting.nl\/fr\/boutique\/publicite-exterieure\/cadres-de-banniere\/cadre-textile-dexterieur\/","og_site_name":"Amstel Printing","article_modified_time":"2026-02-18T11:50:55+00:00","og_image":[{"width":700,"height":700,"url":"https:\/\/www.amstelprinting.nl\/wp-content\/uploads\/outdoor-textielframe-bedrukken.png","type":"image\/png"}],"twitter_card":"summary_large_image","twitter_misc":{"Dur\u00e9e de lecture estim\u00e9e":"2 minutes"},"schema":{"@context":"https:\/\/schema.org","@graph":[{"@type":"WebPage","@id":"https:\/\/www.amstelprinting.nl\/fr\/boutique\/publicite-exterieure\/cadres-de-banniere\/cadre-textile-dexterieur\/","url":"https:\/\/www.amstelprinting.nl\/fr\/boutique\/publicite-exterieure\/cadres-de-banniere\/cadre-textile-dexterieur\/","name":"Cadre textile d'ext\u00e9rieur | Amstel Printing","isPartOf":{"@id":"https:\/\/www.amstelprinting.nl\/fr\/#website"},"primaryImageOfPage":{"@id":"https:\/\/www.amstelprinting.nl\/fr\/boutique\/publicite-exterieure\/cadres-de-banniere\/cadre-textile-dexterieur\/#primaryimage"},"image":{"@id":"https:\/\/www.amstelprinting.nl\/fr\/boutique\/publicite-exterieure\/cadres-de-banniere\/cadre-textile-dexterieur\/#primaryimage"},"thumbnailUrl":"https:\/\/www.amstelprinting.nl\/wp-content\/uploads\/outdoor-textielframe-bedrukken.png","datePublished":"2025-01-24T10:32:53+00:00","dateModified":"2026-02-18T11:50:55+00:00","breadcrumb":{"@id":"https:\/\/www.amstelprinting.nl\/fr\/boutique\/publicite-exterieure\/cadres-de-banniere\/cadre-textile-dexterieur\/#breadcrumb"},"inLanguage":"fr-FR","potentialAction":[{"@type":"ReadAction","target":["https:\/\/www.amstelprinting.nl\/fr\/boutique\/publicite-exterieure\/cadres-de-banniere\/cadre-textile-dexterieur\/"]}]},{"@type":"ImageObject","inLanguage":"fr-FR","@id":"https:\/\/www.amstelprinting.nl\/fr\/boutique\/publicite-exterieure\/cadres-de-banniere\/cadre-textile-dexterieur\/#primaryimage","url":"https:\/\/www.amstelprinting.nl\/wp-content\/uploads\/outdoor-textielframe-bedrukken.png","contentUrl":"https:\/\/www.amstelprinting.nl\/wp-content\/uploads\/outdoor-textielframe-bedrukken.png","width":700,"height":700},{"@type":"BreadcrumbList","@id":"https:\/\/www.amstelprinting.nl\/fr\/boutique\/publicite-exterieure\/cadres-de-banniere\/cadre-textile-dexterieur\/#breadcrumb","itemListElement":[{"@type":"ListItem","position":1,"name":"","item":"https:\/\/www.amstelprinting.nl\/fr\/"},{"@type":"ListItem","position":2,"name":"Amstel Printing","item":"https:\/\/www.amstelprinting.nl\/fr\/boutique\/"},{"@type":"ListItem","position":3,"name":"Publicit\u00e9 ext\u00e9rieure","item":"https:\/\/www.amstelprinting.nl\/fr\/categorie\/publicite-exterieure\/"},{"@type":"ListItem","position":4,"name":"Cadres de banni\u00e8re","item":"https:\/\/www.amstelprinting.nl\/fr\/categorie\/publicite-exterieure\/cadres-de-banniere\/"},{"@type":"ListItem","position":5,"name":"Cadre textile d&rsquo;ext\u00e9rieur"}]},{"@type":"WebSite","@id":"https:\/\/www.amstelprinting.nl\/fr\/#website","url":"https:\/\/www.amstelprinting.nl\/fr\/","name":"Amstel Printing","description":"Creating Exposure","publisher":{"@id":"https:\/\/www.amstelprinting.nl\/fr\/#organization"},"potentialAction":[{"@type":"SearchAction","target":{"@type":"EntryPoint","urlTemplate":"https:\/\/www.amstelprinting.nl\/fr\/?s={search_term_string}"},"query-input":{"@type":"PropertyValueSpecification","valueRequired":true,"valueName":"search_term_string"}}],"inLanguage":"fr-FR"},{"@type":"Organization","@id":"https:\/\/www.amstelprinting.nl\/fr\/#organization","name":"Amstel Printing","url":"https:\/\/www.amstelprinting.nl\/fr\/","logo":{"@type":"ImageObject","inLanguage":"fr-FR","@id":"https:\/\/www.amstelprinting.nl\/fr\/#\/schema\/logo\/image\/","url":"https:\/\/www.amstelprinting.nl\/wp-content\/uploads\/amstel_printing_logo_clean.png","contentUrl":"https:\/\/www.amstelprinting.nl\/wp-content\/uploads\/amstel_printing_logo_clean.png","width":324,"height":73,"caption":"Amstel Printing"},"image":{"@id":"https:\/\/www.amstelprinting.nl\/fr\/#\/schema\/logo\/image\/"}}]}},"_links":{"self":[{"href":"https:\/\/www.amstelprinting.nl\/fr\/wp-json\/wp\/v2\/product\/13862","targetHints":{"allow":["GET"]}}],"collection":[{"href":"https:\/\/www.amstelprinting.nl\/fr\/wp-json\/wp\/v2\/product"}],"about":[{"href":"https:\/\/www.amstelprinting.nl\/fr\/wp-json\/wp\/v2\/types\/product"}],"wp:featuredmedia":[{"embeddable":true,"href":"https:\/\/www.amstelprinting.nl\/fr\/wp-json\/wp\/v2\/media\/13863"}],"wp:attachment":[{"href":"https:\/\/www.amstelprinting.nl\/fr\/wp-json\/wp\/v2\/media?parent=13862"}],"wp:term":[{"taxonomy":"product_brand","embeddable":true,"href":"https:\/\/www.amstelprinting.nl\/fr\/wp-json\/wp\/v2\/product_brand?post=13862"},{"taxonomy":"product_cat","embeddable":true,"href":"https:\/\/www.amstelprinting.nl\/fr\/wp-json\/wp\/v2\/product_cat?post=13862"},{"taxonomy":"product_tag","embeddable":true,"href":"https:\/\/www.amstelprinting.nl\/fr\/wp-json\/wp\/v2\/product_tag?post=13862"}],"curies":[{"name":"wp","href":"https:\/\/api.w.org\/{rel}","templated":true}]}}