{"id":13872,"date":"2025-01-24T11:32:46","date_gmt":"2025-01-24T10:32:46","guid":{"rendered":"https:\/\/www.amstelprinting.nl\/winkel\/non%20class\u00e9\/outdoor-klopframe\/"},"modified":"2026-02-18T12:50:56","modified_gmt":"2026-02-18T11:50:56","slug":"cadre-de-tension-exterieur","status":"publish","type":"product","link":"https:\/\/www.amstelprinting.nl\/fr\/boutique\/publicite-exterieure\/cadres-de-banniere\/cadre-de-tension-exterieur\/","title":{"rendered":"Cadre de tension ext\u00e9rieur"},"content":{"rendered":"<h3>Avantages du Cadre de tension ext\u00e9rieur<\/h3>\n<ul>\n<li>Installation simple et rapide<\/li>\n<li>Disponible dans tous les formats<\/li>\n<li>Cadre en aluminium durable, id\u00e9al pour une utilisation en ext\u00e9rieur<\/li>\n<li>\u00c9quip\u00e9 d&rsquo;une b\u00e2che premium de 510 grammes<\/li>\n<li>Design \u00e9l\u00e9gant et moderne gr\u00e2ce \u00e0 son profil intelligent<\/li>\n<li>Disponible en kit complet, toile seule ou cadre seul<\/li>\n<li>Choix entre deux couleurs \u00e9l\u00e9gantes (aluminium argent\u00e9 ou noir)<\/li>\n<\/ul>\n<p>&nbsp;<\/p>\n<h3>Acheter un Cadre de tension ext\u00e9rieur<\/h3>\n<p>Le Cadre de tension ext\u00e9rieur offre la combinaison parfaite entre facilit\u00e9 d&rsquo;utilisation, durabilit\u00e9 et aspect professionnel pour toute votre publicit\u00e9 ext\u00e9rieure. Que vous choisissiez un pack complet, un cadre seul ou une toile seule, vous avez l&rsquo;assurance d&rsquo;un produit robuste qui conserve toujours un aspect tendu. Avec nos cadres en aluminium \u00e9l\u00e9gants et nos b\u00e2ches Banner 510 de haute qualit\u00e9, vous ferez impression \u00e0 coup s\u00fbr.<\/p>\n<h3>Mat\u00e9riau<\/h3>\n<p>Le cadre est fabriqu\u00e9 en aluminium de haute qualit\u00e9, disponible en version noire ou argent\u00e9e (aluminium). Cela garantit non seulement un aspect soign\u00e9, maar aussi durabilit\u00e9 et r\u00e9sistance aux intemp\u00e9ries. La toile elle-m\u00eame est fabriqu\u00e9e en Banner 510, un mat\u00e9riau r\u00e9put\u00e9 pour sa solidit\u00e9 et sa long\u00e9vit\u00e9, lui permettant de r\u00e9sister \u00e0 diverses conditions m\u00e9t\u00e9orologiques.<\/p>\n<h3>Finition<\/h3>\n<p>Pour s&rsquo;assurer que votre toile s&rsquo;adapte toujours parfaitement au cadre, elle est livr\u00e9e avec un d\u00e9bord de 7,5 cm tout autour par rapport au format command\u00e9. Ce surplus de mat\u00e9riau vous permet de tendre la toile sans difficult\u00e9. Avec le Cadre de tension ext\u00e9rieur, vous tendez facilement la toile dans le cadre gr\u00e2ce aux bandes pratiques. Ainsi, en quelques minutes, vous obtenez une toile parfaitement tendue, pr\u00eate \u00e0 attirer l&rsquo;attention des passants.<\/p>\n","protected":false},"excerpt":{"rendered":"<h4><span style=\"font-weight: 400;\">Le cadre en aluminium r\u00e9sistant aux intemp\u00e9ries pour une utilisation en ext\u00e9rieur.<\/span><\/h4>\n<p><span style=\"font-weight: 400;\">Disponible en argent (aluminium) ou en noir. Peut \u00eatre command\u00e9 en kit complet, toile seule ou cadre seul. Le cadre de tension ext\u00e9rieur offre une finition tr\u00e8s soign\u00e9e. Configurez votre cadre de tension ext\u00e9rieur ci-dessous dans le format et la couleur de votre choix !<\/span><\/p>\n","protected":false},"featured_media":13873,"template":"","meta":{"_et_pb_use_builder":"on","_et_pb_old_content":"<h3>Avantages du Cadre de tension ext\u00e9rieur<\/h3>\n<ul>\n  <li>Installation simple et rapide<\/li>\n  <li>Disponible dans tous les formats<\/li>\n  <li>Cadre en aluminium durable, id\u00e9al pour une utilisation en ext\u00e9rieur<\/li>\n  <li>\u00c9quip\u00e9 d'une b\u00e2che premium de 510 grammes<\/li>\n  <li>Design \u00e9l\u00e9gant et moderne gr\u00e2ce \u00e0 son profil intelligent<\/li>\n  <li>Disponible en kit complet, toile seule ou cadre seul<\/li>\n  <li>Choix entre deux couleurs \u00e9l\u00e9gantes (aluminium argent\u00e9 ou noir)<\/li>\n<\/ul>\n\u00a0\n<h3>Acheter un Cadre de tension ext\u00e9rieur<\/h3>\nLe Cadre de tension ext\u00e9rieur offre la combinaison parfaite entre facilit\u00e9 d'utilisation, durabilit\u00e9 et aspect professionnel pour toute votre publicit\u00e9 ext\u00e9rieure. Que vous choisissiez un pack complet, un cadre seul ou une toile seule, vous avez l'assurance d'un produit robuste qui conserve toujours un aspect tendu. Avec nos cadres en aluminium \u00e9l\u00e9gants et nos b\u00e2ches Banner 510 de haute qualit\u00e9, vous ferez impression \u00e0 coup s\u00fbr.\n<h3>Mat\u00e9riau<\/h3>\nLe cadre est fabriqu\u00e9 en aluminium de haute qualit\u00e9, disponible en version noire ou argent\u00e9e (aluminium). Cela garantit non seulement un aspect soign\u00e9, mais aussi durabilit\u00e9 et r\u00e9sistance aux intemp\u00e9ries. La toile elle-m\u00eame est fabriqu\u00e9e en Banner 510, un mat\u00e9riau r\u00e9put\u00e9 pour sa solidit\u00e9 et sa long\u00e9vit\u00e9, lui permettant de r\u00e9sister \u00e0 diverses conditions m\u00e9t\u00e9orologiques.\n<h3>Finition<\/h3>\nPour s'assurer que votre toile s'adapte toujours parfaitement au cadre, elle est livr\u00e9e avec un d\u00e9bord de 7,5 cm tout autour par rapport au format command\u00e9. Ce surplus de mat\u00e9riau vous permet de tendre la toile sans difficult\u00e9. Avec le Cadre de tension ext\u00e9rieur, vous tendez facilement la toile dans le cadre gr\u00e2ce aux bandes pratiques. Ainsi, en quelques minutes, vous obtenez une toile parfaitement tendue, pr\u00eate \u00e0 attirer l'attention des passants.","_et_gb_content_width":""},"product_brand":[],"product_cat":[535,448],"product_tag":[],"class_list":{"0":"post-13872","1":"product","2":"type-product","3":"status-publish","4":"has-post-thumbnail","6":"product_cat-cadres-de-banniere","7":"product_cat-publicite-exterieure","9":"first","10":"instock","11":"taxable","12":"shipping-taxable","13":"purchasable","14":"product-type-simple"},"yoast_head":"<!-- This site is optimized with the Yoast SEO plugin v27.3 - https:\/\/yoast.com\/product\/yoast-seo-wordpress\/ -->\n<title>Cadre de tension ext\u00e9rieur | Amstel Printing<\/title>\n<meta name=\"robots\" content=\"index, follow, max-snippet:-1, max-image-preview:large, max-video-preview:-1\" \/>\n<link rel=\"canonical\" href=\"https:\/\/www.amstelprinting.nl\/fr\/boutique\/publicite-exterieure\/cadres-de-banniere\/cadre-de-tension-exterieur\/\" \/>\n<meta property=\"og:locale\" content=\"fr_FR\" \/>\n<meta property=\"og:type\" content=\"article\" \/>\n<meta property=\"og:title\" content=\"Cadre de tension ext\u00e9rieur | Amstel Printing\" \/>\n<meta property=\"og:description\" content=\"Le cadre en aluminium r\u00e9sistant aux intemp\u00e9ries pour une utilisation en ext\u00e9rieur. Disponible en argent (aluminium) ou en noir. Peut \u00eatre command\u00e9 en kit complet, toile seule ou cadre seul. Le cadre de tension ext\u00e9rieur offre une finition tr\u00e8s soign\u00e9e. Configurez votre cadre de tension ext\u00e9rieur ci-dessous dans le format et la couleur de votre choix !\" \/>\n<meta property=\"og:url\" content=\"https:\/\/www.amstelprinting.nl\/fr\/boutique\/publicite-exterieure\/cadres-de-banniere\/cadre-de-tension-exterieur\/\" \/>\n<meta property=\"og:site_name\" content=\"Amstel Printing\" \/>\n<meta property=\"article:modified_time\" content=\"2026-02-18T11:50:56+00:00\" \/>\n<meta property=\"og:image\" content=\"https:\/\/www.amstelprinting.nl\/wp-content\/uploads\/0utdoor-klopframe-bedrukken.png\" \/>\n\t<meta property=\"og:image:width\" content=\"700\" \/>\n\t<meta property=\"og:image:height\" content=\"700\" \/>\n\t<meta property=\"og:image:type\" content=\"image\/png\" \/>\n<meta name=\"twitter:card\" content=\"summary_large_image\" \/>\n<meta name=\"twitter:label1\" content=\"Dur\u00e9e de lecture estim\u00e9e\" \/>\n\t<meta name=\"twitter:data1\" content=\"1 minute\" \/>\n<script type=\"application\/ld+json\" class=\"yoast-schema-graph\">{\"@context\":\"https:\\\/\\\/schema.org\",\"@graph\":[{\"@type\":\"WebPage\",\"@id\":\"https:\\\/\\\/www.amstelprinting.nl\\\/fr\\\/boutique\\\/publicite-exterieure\\\/cadres-de-banniere\\\/cadre-de-tension-exterieur\\\/\",\"url\":\"https:\\\/\\\/www.amstelprinting.nl\\\/fr\\\/boutique\\\/publicite-exterieure\\\/cadres-de-banniere\\\/cadre-de-tension-exterieur\\\/\",\"name\":\"Cadre de tension ext\u00e9rieur | Amstel Printing\",\"isPartOf\":{\"@id\":\"https:\\\/\\\/www.amstelprinting.nl\\\/fr\\\/#website\"},\"primaryImageOfPage\":{\"@id\":\"https:\\\/\\\/www.amstelprinting.nl\\\/fr\\\/boutique\\\/publicite-exterieure\\\/cadres-de-banniere\\\/cadre-de-tension-exterieur\\\/#primaryimage\"},\"image\":{\"@id\":\"https:\\\/\\\/www.amstelprinting.nl\\\/fr\\\/boutique\\\/publicite-exterieure\\\/cadres-de-banniere\\\/cadre-de-tension-exterieur\\\/#primaryimage\"},\"thumbnailUrl\":\"https:\\\/\\\/www.amstelprinting.nl\\\/wp-content\\\/uploads\\\/0utdoor-klopframe-bedrukken.png\",\"datePublished\":\"2025-01-24T10:32:46+00:00\",\"dateModified\":\"2026-02-18T11:50:56+00:00\",\"breadcrumb\":{\"@id\":\"https:\\\/\\\/www.amstelprinting.nl\\\/fr\\\/boutique\\\/publicite-exterieure\\\/cadres-de-banniere\\\/cadre-de-tension-exterieur\\\/#breadcrumb\"},\"inLanguage\":\"fr-FR\",\"potentialAction\":[{\"@type\":\"ReadAction\",\"target\":[\"https:\\\/\\\/www.amstelprinting.nl\\\/fr\\\/boutique\\\/publicite-exterieure\\\/cadres-de-banniere\\\/cadre-de-tension-exterieur\\\/\"]}]},{\"@type\":\"ImageObject\",\"inLanguage\":\"fr-FR\",\"@id\":\"https:\\\/\\\/www.amstelprinting.nl\\\/fr\\\/boutique\\\/publicite-exterieure\\\/cadres-de-banniere\\\/cadre-de-tension-exterieur\\\/#primaryimage\",\"url\":\"https:\\\/\\\/www.amstelprinting.nl\\\/wp-content\\\/uploads\\\/0utdoor-klopframe-bedrukken.png\",\"contentUrl\":\"https:\\\/\\\/www.amstelprinting.nl\\\/wp-content\\\/uploads\\\/0utdoor-klopframe-bedrukken.png\",\"width\":700,\"height\":700},{\"@type\":\"BreadcrumbList\",\"@id\":\"https:\\\/\\\/www.amstelprinting.nl\\\/fr\\\/boutique\\\/publicite-exterieure\\\/cadres-de-banniere\\\/cadre-de-tension-exterieur\\\/#breadcrumb\",\"itemListElement\":[{\"@type\":\"ListItem\",\"position\":1,\"name\":\"\",\"item\":\"https:\\\/\\\/www.amstelprinting.nl\\\/fr\\\/\"},{\"@type\":\"ListItem\",\"position\":2,\"name\":\"Amstel Printing\",\"item\":\"https:\\\/\\\/www.amstelprinting.nl\\\/fr\\\/boutique\\\/\"},{\"@type\":\"ListItem\",\"position\":3,\"name\":\"Publicit\u00e9 ext\u00e9rieure\",\"item\":\"https:\\\/\\\/www.amstelprinting.nl\\\/fr\\\/categorie\\\/publicite-exterieure\\\/\"},{\"@type\":\"ListItem\",\"position\":4,\"name\":\"Cadres de banni\u00e8re\",\"item\":\"https:\\\/\\\/www.amstelprinting.nl\\\/fr\\\/categorie\\\/publicite-exterieure\\\/cadres-de-banniere\\\/\"},{\"@type\":\"ListItem\",\"position\":5,\"name\":\"Cadre de tension ext\u00e9rieur\"}]},{\"@type\":\"WebSite\",\"@id\":\"https:\\\/\\\/www.amstelprinting.nl\\\/fr\\\/#website\",\"url\":\"https:\\\/\\\/www.amstelprinting.nl\\\/fr\\\/\",\"name\":\"Amstel Printing\",\"description\":\"Creating Exposure\",\"publisher\":{\"@id\":\"https:\\\/\\\/www.amstelprinting.nl\\\/fr\\\/#organization\"},\"potentialAction\":[{\"@type\":\"SearchAction\",\"target\":{\"@type\":\"EntryPoint\",\"urlTemplate\":\"https:\\\/\\\/www.amstelprinting.nl\\\/fr\\\/?s={search_term_string}\"},\"query-input\":{\"@type\":\"PropertyValueSpecification\",\"valueRequired\":true,\"valueName\":\"search_term_string\"}}],\"inLanguage\":\"fr-FR\"},{\"@type\":\"Organization\",\"@id\":\"https:\\\/\\\/www.amstelprinting.nl\\\/fr\\\/#organization\",\"name\":\"Amstel Printing\",\"url\":\"https:\\\/\\\/www.amstelprinting.nl\\\/fr\\\/\",\"logo\":{\"@type\":\"ImageObject\",\"inLanguage\":\"fr-FR\",\"@id\":\"https:\\\/\\\/www.amstelprinting.nl\\\/fr\\\/#\\\/schema\\\/logo\\\/image\\\/\",\"url\":\"https:\\\/\\\/www.amstelprinting.nl\\\/wp-content\\\/uploads\\\/amstel_printing_logo_clean.png\",\"contentUrl\":\"https:\\\/\\\/www.amstelprinting.nl\\\/wp-content\\\/uploads\\\/amstel_printing_logo_clean.png\",\"width\":324,\"height\":73,\"caption\":\"Amstel Printing\"},\"image\":{\"@id\":\"https:\\\/\\\/www.amstelprinting.nl\\\/fr\\\/#\\\/schema\\\/logo\\\/image\\\/\"}}]}<\/script>\n<!-- \/ Yoast SEO plugin. -->","yoast_head_json":{"title":"Cadre de tension ext\u00e9rieur | Amstel Printing","robots":{"index":"index","follow":"follow","max-snippet":"max-snippet:-1","max-image-preview":"max-image-preview:large","max-video-preview":"max-video-preview:-1"},"canonical":"https:\/\/www.amstelprinting.nl\/fr\/boutique\/publicite-exterieure\/cadres-de-banniere\/cadre-de-tension-exterieur\/","og_locale":"fr_FR","og_type":"article","og_title":"Cadre de tension ext\u00e9rieur | Amstel Printing","og_description":"Le cadre en aluminium r\u00e9sistant aux intemp\u00e9ries pour une utilisation en ext\u00e9rieur. Disponible en argent (aluminium) ou en noir. Peut \u00eatre command\u00e9 en kit complet, toile seule ou cadre seul. Le cadre de tension ext\u00e9rieur offre une finition tr\u00e8s soign\u00e9e. Configurez votre cadre de tension ext\u00e9rieur ci-dessous dans le format et la couleur de votre choix !","og_url":"https:\/\/www.amstelprinting.nl\/fr\/boutique\/publicite-exterieure\/cadres-de-banniere\/cadre-de-tension-exterieur\/","og_site_name":"Amstel Printing","article_modified_time":"2026-02-18T11:50:56+00:00","og_image":[{"width":700,"height":700,"url":"https:\/\/www.amstelprinting.nl\/wp-content\/uploads\/0utdoor-klopframe-bedrukken.png","type":"image\/png"}],"twitter_card":"summary_large_image","twitter_misc":{"Dur\u00e9e de lecture estim\u00e9e":"1 minute"},"schema":{"@context":"https:\/\/schema.org","@graph":[{"@type":"WebPage","@id":"https:\/\/www.amstelprinting.nl\/fr\/boutique\/publicite-exterieure\/cadres-de-banniere\/cadre-de-tension-exterieur\/","url":"https:\/\/www.amstelprinting.nl\/fr\/boutique\/publicite-exterieure\/cadres-de-banniere\/cadre-de-tension-exterieur\/","name":"Cadre de tension ext\u00e9rieur | Amstel Printing","isPartOf":{"@id":"https:\/\/www.amstelprinting.nl\/fr\/#website"},"primaryImageOfPage":{"@id":"https:\/\/www.amstelprinting.nl\/fr\/boutique\/publicite-exterieure\/cadres-de-banniere\/cadre-de-tension-exterieur\/#primaryimage"},"image":{"@id":"https:\/\/www.amstelprinting.nl\/fr\/boutique\/publicite-exterieure\/cadres-de-banniere\/cadre-de-tension-exterieur\/#primaryimage"},"thumbnailUrl":"https:\/\/www.amstelprinting.nl\/wp-content\/uploads\/0utdoor-klopframe-bedrukken.png","datePublished":"2025-01-24T10:32:46+00:00","dateModified":"2026-02-18T11:50:56+00:00","breadcrumb":{"@id":"https:\/\/www.amstelprinting.nl\/fr\/boutique\/publicite-exterieure\/cadres-de-banniere\/cadre-de-tension-exterieur\/#breadcrumb"},"inLanguage":"fr-FR","potentialAction":[{"@type":"ReadAction","target":["https:\/\/www.amstelprinting.nl\/fr\/boutique\/publicite-exterieure\/cadres-de-banniere\/cadre-de-tension-exterieur\/"]}]},{"@type":"ImageObject","inLanguage":"fr-FR","@id":"https:\/\/www.amstelprinting.nl\/fr\/boutique\/publicite-exterieure\/cadres-de-banniere\/cadre-de-tension-exterieur\/#primaryimage","url":"https:\/\/www.amstelprinting.nl\/wp-content\/uploads\/0utdoor-klopframe-bedrukken.png","contentUrl":"https:\/\/www.amstelprinting.nl\/wp-content\/uploads\/0utdoor-klopframe-bedrukken.png","width":700,"height":700},{"@type":"BreadcrumbList","@id":"https:\/\/www.amstelprinting.nl\/fr\/boutique\/publicite-exterieure\/cadres-de-banniere\/cadre-de-tension-exterieur\/#breadcrumb","itemListElement":[{"@type":"ListItem","position":1,"name":"","item":"https:\/\/www.amstelprinting.nl\/fr\/"},{"@type":"ListItem","position":2,"name":"Amstel Printing","item":"https:\/\/www.amstelprinting.nl\/fr\/boutique\/"},{"@type":"ListItem","position":3,"name":"Publicit\u00e9 ext\u00e9rieure","item":"https:\/\/www.amstelprinting.nl\/fr\/categorie\/publicite-exterieure\/"},{"@type":"ListItem","position":4,"name":"Cadres de banni\u00e8re","item":"https:\/\/www.amstelprinting.nl\/fr\/categorie\/publicite-exterieure\/cadres-de-banniere\/"},{"@type":"ListItem","position":5,"name":"Cadre de tension ext\u00e9rieur"}]},{"@type":"WebSite","@id":"https:\/\/www.amstelprinting.nl\/fr\/#website","url":"https:\/\/www.amstelprinting.nl\/fr\/","name":"Amstel Printing","description":"Creating Exposure","publisher":{"@id":"https:\/\/www.amstelprinting.nl\/fr\/#organization"},"potentialAction":[{"@type":"SearchAction","target":{"@type":"EntryPoint","urlTemplate":"https:\/\/www.amstelprinting.nl\/fr\/?s={search_term_string}"},"query-input":{"@type":"PropertyValueSpecification","valueRequired":true,"valueName":"search_term_string"}}],"inLanguage":"fr-FR"},{"@type":"Organization","@id":"https:\/\/www.amstelprinting.nl\/fr\/#organization","name":"Amstel Printing","url":"https:\/\/www.amstelprinting.nl\/fr\/","logo":{"@type":"ImageObject","inLanguage":"fr-FR","@id":"https:\/\/www.amstelprinting.nl\/fr\/#\/schema\/logo\/image\/","url":"https:\/\/www.amstelprinting.nl\/wp-content\/uploads\/amstel_printing_logo_clean.png","contentUrl":"https:\/\/www.amstelprinting.nl\/wp-content\/uploads\/amstel_printing_logo_clean.png","width":324,"height":73,"caption":"Amstel Printing"},"image":{"@id":"https:\/\/www.amstelprinting.nl\/fr\/#\/schema\/logo\/image\/"}}]}},"_links":{"self":[{"href":"https:\/\/www.amstelprinting.nl\/fr\/wp-json\/wp\/v2\/product\/13872","targetHints":{"allow":["GET"]}}],"collection":[{"href":"https:\/\/www.amstelprinting.nl\/fr\/wp-json\/wp\/v2\/product"}],"about":[{"href":"https:\/\/www.amstelprinting.nl\/fr\/wp-json\/wp\/v2\/types\/product"}],"wp:featuredmedia":[{"embeddable":true,"href":"https:\/\/www.amstelprinting.nl\/fr\/wp-json\/wp\/v2\/media\/13873"}],"wp:attachment":[{"href":"https:\/\/www.amstelprinting.nl\/fr\/wp-json\/wp\/v2\/media?parent=13872"}],"wp:term":[{"taxonomy":"product_brand","embeddable":true,"href":"https:\/\/www.amstelprinting.nl\/fr\/wp-json\/wp\/v2\/product_brand?post=13872"},{"taxonomy":"product_cat","embeddable":true,"href":"https:\/\/www.amstelprinting.nl\/fr\/wp-json\/wp\/v2\/product_cat?post=13872"},{"taxonomy":"product_tag","embeddable":true,"href":"https:\/\/www.amstelprinting.nl\/fr\/wp-json\/wp\/v2\/product_tag?post=13872"}],"curies":[{"name":"wp","href":"https:\/\/api.w.org\/{rel}","templated":true}]}}