{"id":13882,"date":"2025-01-24T11:32:40","date_gmt":"2025-01-24T10:32:40","guid":{"rendered":"https:\/\/www.amstelprinting.nl\/winkel\/non%20class\u00e9\/blind-spandoekframe\/"},"modified":"2026-02-18T12:50:56","modified_gmt":"2026-02-18T11:50:56","slug":"cadre-pour-bache-a-fixations-invisibles","status":"publish","type":"product","link":"https:\/\/www.amstelprinting.nl\/fr\/boutique\/publicite-exterieure\/cadres-de-banniere\/cadre-pour-bache-a-fixations-invisibles\/","title":{"rendered":"Cadre pour b\u00e2che \u00e0 fixations invisibles"},"content":{"rendered":"<h3>Choisissez le bon mat\u00e9riau<\/h3>\n<p>La b\u00e2che pour ce cadre invisible est disponible en ProPES outdoor et Banner 510. ProPES outdoor est un mat\u00e9riau r\u00e9sistant aux intemp\u00e9ries, durable et l\u00e9ger qui supporte toutes les conditions m\u00e9t\u00e9orologiques. Banner 510 est une b\u00e2che en PVC avec une finition brillante, id\u00e9ale pour des impressions \u00e9clatantes et adapt\u00e9e \u00e0 un usage ext\u00e9rieur gr\u00e2ce \u00e0 ses propri\u00e9t\u00e9s hydrofuges.<\/p>\n<h3>Fixation<\/h3>\n<p>Fixez facilement votre cadre pour b\u00e2che invisible sur des murs en pierre ou des t\u00f4les de bardage. Gr\u00e2ce \u00e0 des options de fixation fiables, votre b\u00e2che reste bien en place, quelles que soient les conditions m\u00e9t\u00e9orologiques.<\/p>\n<h3>Accessoires<\/h3>\n<p>Nos tendeurs avec crochet araign\u00e9e garantissent que votre b\u00e2che reste toujours parfaitement tendue. Pas de plis, pas de froissements, seulement une impression parfaitement pr\u00e9sent\u00e9e.<\/p>\n<p>Le cadre pour b\u00e2che invisible offre la solution id\u00e9ale pour une pr\u00e9sentation \u00e9pur\u00e9e, professionnelle et sans couture de votre message publicitaire. Que ce soit \u00e0 l&rsquo;int\u00e9rieur ou \u00e0 l&rsquo;ext\u00e9rieur, le cadre pour b\u00e2che invisible garantit que votre message soit toujours parfaitement visible.<\/p>\n","protected":false},"excerpt":{"rendered":"<h3>Finition \u00e9pur\u00e9e : le cadre et les \u00e9lastiques ne sont pas visibles<\/h3>\n<p>Notre cadre pour b\u00e2che invisible est la solution ultime pour une pr\u00e9sentation \u00e9pur\u00e9e et professionnelle de votre message publicitaire. Avec ce cadre, seule votre impression reste visible, tandis que le cadre lui-m\u00eame est subtilement dissimul\u00e9. Id\u00e9al pour un usage tant int\u00e9rieur qu&rsquo;ext\u00e9rieur, le cadre pour b\u00e2che invisible offre un look fluide et \u00e9l\u00e9gant qui attire l&rsquo;attention sur ce qui compte vraiment : votre design !<\/p>\n","protected":false},"featured_media":13883,"template":"","meta":{"_et_pb_use_builder":"","_et_pb_old_content":"","_et_gb_content_width":""},"product_brand":[],"product_cat":[535,448],"product_tag":[],"class_list":{"0":"post-13882","1":"product","2":"type-product","3":"status-publish","4":"has-post-thumbnail","6":"product_cat-cadres-de-banniere","7":"product_cat-publicite-exterieure","9":"first","10":"instock","11":"taxable","12":"shipping-taxable","13":"purchasable","14":"product-type-simple"},"yoast_head":"<!-- This site is optimized with the Yoast SEO plugin v27.3 - https:\/\/yoast.com\/product\/yoast-seo-wordpress\/ -->\n<title>Cadre pour b\u00e2che \u00e0 fixations invisibles | Amstel Printing<\/title>\n<meta name=\"robots\" content=\"index, follow, max-snippet:-1, max-image-preview:large, max-video-preview:-1\" \/>\n<link rel=\"canonical\" href=\"https:\/\/www.amstelprinting.nl\/fr\/boutique\/publicite-exterieure\/cadres-de-banniere\/cadre-pour-bache-a-fixations-invisibles\/\" \/>\n<meta property=\"og:locale\" content=\"fr_FR\" \/>\n<meta property=\"og:type\" content=\"article\" \/>\n<meta property=\"og:title\" content=\"Cadre pour b\u00e2che \u00e0 fixations invisibles | Amstel Printing\" \/>\n<meta property=\"og:description\" content=\"Finition \u00e9pur\u00e9e : le cadre et les \u00e9lastiques ne sont pas visibles Notre cadre pour b\u00e2che invisible est la solution ultime pour une pr\u00e9sentation \u00e9pur\u00e9e et professionnelle de votre message publicitaire. Avec ce cadre, seule votre impression reste visible, tandis que le cadre lui-m\u00eame est subtilement dissimul\u00e9. Id\u00e9al pour un usage tant int\u00e9rieur qu&#039;ext\u00e9rieur, le cadre pour b\u00e2che invisible offre un look fluide et \u00e9l\u00e9gant qui attire l&#039;attention sur ce qui compte vraiment : votre design !\" \/>\n<meta property=\"og:url\" content=\"https:\/\/www.amstelprinting.nl\/fr\/boutique\/publicite-exterieure\/cadres-de-banniere\/cadre-pour-bache-a-fixations-invisibles\/\" \/>\n<meta property=\"og:site_name\" content=\"Amstel Printing\" \/>\n<meta property=\"article:modified_time\" content=\"2026-02-18T11:50:56+00:00\" \/>\n<meta property=\"og:image\" content=\"https:\/\/www.amstelprinting.nl\/wp-content\/uploads\/blind-spandoekframe-bedrukken-.png\" \/>\n\t<meta property=\"og:image:width\" content=\"700\" \/>\n\t<meta property=\"og:image:height\" content=\"700\" \/>\n\t<meta property=\"og:image:type\" content=\"image\/png\" \/>\n<meta name=\"twitter:card\" content=\"summary_large_image\" \/>\n<meta name=\"twitter:label1\" content=\"Dur\u00e9e de lecture estim\u00e9e\" \/>\n\t<meta name=\"twitter:data1\" content=\"1 minute\" \/>\n<script type=\"application\/ld+json\" class=\"yoast-schema-graph\">{\"@context\":\"https:\\\/\\\/schema.org\",\"@graph\":[{\"@type\":\"WebPage\",\"@id\":\"https:\\\/\\\/www.amstelprinting.nl\\\/fr\\\/boutique\\\/publicite-exterieure\\\/cadres-de-banniere\\\/cadre-pour-bache-a-fixations-invisibles\\\/\",\"url\":\"https:\\\/\\\/www.amstelprinting.nl\\\/fr\\\/boutique\\\/publicite-exterieure\\\/cadres-de-banniere\\\/cadre-pour-bache-a-fixations-invisibles\\\/\",\"name\":\"Cadre pour b\u00e2che \u00e0 fixations invisibles | Amstel Printing\",\"isPartOf\":{\"@id\":\"https:\\\/\\\/www.amstelprinting.nl\\\/fr\\\/#website\"},\"primaryImageOfPage\":{\"@id\":\"https:\\\/\\\/www.amstelprinting.nl\\\/fr\\\/boutique\\\/publicite-exterieure\\\/cadres-de-banniere\\\/cadre-pour-bache-a-fixations-invisibles\\\/#primaryimage\"},\"image\":{\"@id\":\"https:\\\/\\\/www.amstelprinting.nl\\\/fr\\\/boutique\\\/publicite-exterieure\\\/cadres-de-banniere\\\/cadre-pour-bache-a-fixations-invisibles\\\/#primaryimage\"},\"thumbnailUrl\":\"https:\\\/\\\/www.amstelprinting.nl\\\/wp-content\\\/uploads\\\/blind-spandoekframe-bedrukken-.png\",\"datePublished\":\"2025-01-24T10:32:40+00:00\",\"dateModified\":\"2026-02-18T11:50:56+00:00\",\"breadcrumb\":{\"@id\":\"https:\\\/\\\/www.amstelprinting.nl\\\/fr\\\/boutique\\\/publicite-exterieure\\\/cadres-de-banniere\\\/cadre-pour-bache-a-fixations-invisibles\\\/#breadcrumb\"},\"inLanguage\":\"fr-FR\",\"potentialAction\":[{\"@type\":\"ReadAction\",\"target\":[\"https:\\\/\\\/www.amstelprinting.nl\\\/fr\\\/boutique\\\/publicite-exterieure\\\/cadres-de-banniere\\\/cadre-pour-bache-a-fixations-invisibles\\\/\"]}]},{\"@type\":\"ImageObject\",\"inLanguage\":\"fr-FR\",\"@id\":\"https:\\\/\\\/www.amstelprinting.nl\\\/fr\\\/boutique\\\/publicite-exterieure\\\/cadres-de-banniere\\\/cadre-pour-bache-a-fixations-invisibles\\\/#primaryimage\",\"url\":\"https:\\\/\\\/www.amstelprinting.nl\\\/wp-content\\\/uploads\\\/blind-spandoekframe-bedrukken-.png\",\"contentUrl\":\"https:\\\/\\\/www.amstelprinting.nl\\\/wp-content\\\/uploads\\\/blind-spandoekframe-bedrukken-.png\",\"width\":700,\"height\":700},{\"@type\":\"BreadcrumbList\",\"@id\":\"https:\\\/\\\/www.amstelprinting.nl\\\/fr\\\/boutique\\\/publicite-exterieure\\\/cadres-de-banniere\\\/cadre-pour-bache-a-fixations-invisibles\\\/#breadcrumb\",\"itemListElement\":[{\"@type\":\"ListItem\",\"position\":1,\"name\":\"\",\"item\":\"https:\\\/\\\/www.amstelprinting.nl\\\/fr\\\/\"},{\"@type\":\"ListItem\",\"position\":2,\"name\":\"Amstel Printing\",\"item\":\"https:\\\/\\\/www.amstelprinting.nl\\\/fr\\\/boutique\\\/\"},{\"@type\":\"ListItem\",\"position\":3,\"name\":\"Publicit\u00e9 ext\u00e9rieure\",\"item\":\"https:\\\/\\\/www.amstelprinting.nl\\\/fr\\\/categorie\\\/publicite-exterieure\\\/\"},{\"@type\":\"ListItem\",\"position\":4,\"name\":\"Cadres de banni\u00e8re\",\"item\":\"https:\\\/\\\/www.amstelprinting.nl\\\/fr\\\/categorie\\\/publicite-exterieure\\\/cadres-de-banniere\\\/\"},{\"@type\":\"ListItem\",\"position\":5,\"name\":\"Cadre pour b\u00e2che \u00e0 fixations invisibles\"}]},{\"@type\":\"WebSite\",\"@id\":\"https:\\\/\\\/www.amstelprinting.nl\\\/fr\\\/#website\",\"url\":\"https:\\\/\\\/www.amstelprinting.nl\\\/fr\\\/\",\"name\":\"Amstel Printing\",\"description\":\"Creating Exposure\",\"publisher\":{\"@id\":\"https:\\\/\\\/www.amstelprinting.nl\\\/fr\\\/#organization\"},\"potentialAction\":[{\"@type\":\"SearchAction\",\"target\":{\"@type\":\"EntryPoint\",\"urlTemplate\":\"https:\\\/\\\/www.amstelprinting.nl\\\/fr\\\/?s={search_term_string}\"},\"query-input\":{\"@type\":\"PropertyValueSpecification\",\"valueRequired\":true,\"valueName\":\"search_term_string\"}}],\"inLanguage\":\"fr-FR\"},{\"@type\":\"Organization\",\"@id\":\"https:\\\/\\\/www.amstelprinting.nl\\\/fr\\\/#organization\",\"name\":\"Amstel Printing\",\"url\":\"https:\\\/\\\/www.amstelprinting.nl\\\/fr\\\/\",\"logo\":{\"@type\":\"ImageObject\",\"inLanguage\":\"fr-FR\",\"@id\":\"https:\\\/\\\/www.amstelprinting.nl\\\/fr\\\/#\\\/schema\\\/logo\\\/image\\\/\",\"url\":\"https:\\\/\\\/www.amstelprinting.nl\\\/wp-content\\\/uploads\\\/amstel_printing_logo_clean.png\",\"contentUrl\":\"https:\\\/\\\/www.amstelprinting.nl\\\/wp-content\\\/uploads\\\/amstel_printing_logo_clean.png\",\"width\":324,\"height\":73,\"caption\":\"Amstel Printing\"},\"image\":{\"@id\":\"https:\\\/\\\/www.amstelprinting.nl\\\/fr\\\/#\\\/schema\\\/logo\\\/image\\\/\"}}]}<\/script>\n<!-- \/ Yoast SEO plugin. -->","yoast_head_json":{"title":"Cadre pour b\u00e2che \u00e0 fixations invisibles | Amstel Printing","robots":{"index":"index","follow":"follow","max-snippet":"max-snippet:-1","max-image-preview":"max-image-preview:large","max-video-preview":"max-video-preview:-1"},"canonical":"https:\/\/www.amstelprinting.nl\/fr\/boutique\/publicite-exterieure\/cadres-de-banniere\/cadre-pour-bache-a-fixations-invisibles\/","og_locale":"fr_FR","og_type":"article","og_title":"Cadre pour b\u00e2che \u00e0 fixations invisibles | Amstel Printing","og_description":"Finition \u00e9pur\u00e9e : le cadre et les \u00e9lastiques ne sont pas visibles Notre cadre pour b\u00e2che invisible est la solution ultime pour une pr\u00e9sentation \u00e9pur\u00e9e et professionnelle de votre message publicitaire. Avec ce cadre, seule votre impression reste visible, tandis que le cadre lui-m\u00eame est subtilement dissimul\u00e9. Id\u00e9al pour un usage tant int\u00e9rieur qu'ext\u00e9rieur, le cadre pour b\u00e2che invisible offre un look fluide et \u00e9l\u00e9gant qui attire l'attention sur ce qui compte vraiment : votre design !","og_url":"https:\/\/www.amstelprinting.nl\/fr\/boutique\/publicite-exterieure\/cadres-de-banniere\/cadre-pour-bache-a-fixations-invisibles\/","og_site_name":"Amstel Printing","article_modified_time":"2026-02-18T11:50:56+00:00","og_image":[{"width":700,"height":700,"url":"https:\/\/www.amstelprinting.nl\/wp-content\/uploads\/blind-spandoekframe-bedrukken-.png","type":"image\/png"}],"twitter_card":"summary_large_image","twitter_misc":{"Dur\u00e9e de lecture estim\u00e9e":"1 minute"},"schema":{"@context":"https:\/\/schema.org","@graph":[{"@type":"WebPage","@id":"https:\/\/www.amstelprinting.nl\/fr\/boutique\/publicite-exterieure\/cadres-de-banniere\/cadre-pour-bache-a-fixations-invisibles\/","url":"https:\/\/www.amstelprinting.nl\/fr\/boutique\/publicite-exterieure\/cadres-de-banniere\/cadre-pour-bache-a-fixations-invisibles\/","name":"Cadre pour b\u00e2che \u00e0 fixations invisibles | Amstel Printing","isPartOf":{"@id":"https:\/\/www.amstelprinting.nl\/fr\/#website"},"primaryImageOfPage":{"@id":"https:\/\/www.amstelprinting.nl\/fr\/boutique\/publicite-exterieure\/cadres-de-banniere\/cadre-pour-bache-a-fixations-invisibles\/#primaryimage"},"image":{"@id":"https:\/\/www.amstelprinting.nl\/fr\/boutique\/publicite-exterieure\/cadres-de-banniere\/cadre-pour-bache-a-fixations-invisibles\/#primaryimage"},"thumbnailUrl":"https:\/\/www.amstelprinting.nl\/wp-content\/uploads\/blind-spandoekframe-bedrukken-.png","datePublished":"2025-01-24T10:32:40+00:00","dateModified":"2026-02-18T11:50:56+00:00","breadcrumb":{"@id":"https:\/\/www.amstelprinting.nl\/fr\/boutique\/publicite-exterieure\/cadres-de-banniere\/cadre-pour-bache-a-fixations-invisibles\/#breadcrumb"},"inLanguage":"fr-FR","potentialAction":[{"@type":"ReadAction","target":["https:\/\/www.amstelprinting.nl\/fr\/boutique\/publicite-exterieure\/cadres-de-banniere\/cadre-pour-bache-a-fixations-invisibles\/"]}]},{"@type":"ImageObject","inLanguage":"fr-FR","@id":"https:\/\/www.amstelprinting.nl\/fr\/boutique\/publicite-exterieure\/cadres-de-banniere\/cadre-pour-bache-a-fixations-invisibles\/#primaryimage","url":"https:\/\/www.amstelprinting.nl\/wp-content\/uploads\/blind-spandoekframe-bedrukken-.png","contentUrl":"https:\/\/www.amstelprinting.nl\/wp-content\/uploads\/blind-spandoekframe-bedrukken-.png","width":700,"height":700},{"@type":"BreadcrumbList","@id":"https:\/\/www.amstelprinting.nl\/fr\/boutique\/publicite-exterieure\/cadres-de-banniere\/cadre-pour-bache-a-fixations-invisibles\/#breadcrumb","itemListElement":[{"@type":"ListItem","position":1,"name":"","item":"https:\/\/www.amstelprinting.nl\/fr\/"},{"@type":"ListItem","position":2,"name":"Amstel Printing","item":"https:\/\/www.amstelprinting.nl\/fr\/boutique\/"},{"@type":"ListItem","position":3,"name":"Publicit\u00e9 ext\u00e9rieure","item":"https:\/\/www.amstelprinting.nl\/fr\/categorie\/publicite-exterieure\/"},{"@type":"ListItem","position":4,"name":"Cadres de banni\u00e8re","item":"https:\/\/www.amstelprinting.nl\/fr\/categorie\/publicite-exterieure\/cadres-de-banniere\/"},{"@type":"ListItem","position":5,"name":"Cadre pour b\u00e2che \u00e0 fixations invisibles"}]},{"@type":"WebSite","@id":"https:\/\/www.amstelprinting.nl\/fr\/#website","url":"https:\/\/www.amstelprinting.nl\/fr\/","name":"Amstel Printing","description":"Creating Exposure","publisher":{"@id":"https:\/\/www.amstelprinting.nl\/fr\/#organization"},"potentialAction":[{"@type":"SearchAction","target":{"@type":"EntryPoint","urlTemplate":"https:\/\/www.amstelprinting.nl\/fr\/?s={search_term_string}"},"query-input":{"@type":"PropertyValueSpecification","valueRequired":true,"valueName":"search_term_string"}}],"inLanguage":"fr-FR"},{"@type":"Organization","@id":"https:\/\/www.amstelprinting.nl\/fr\/#organization","name":"Amstel Printing","url":"https:\/\/www.amstelprinting.nl\/fr\/","logo":{"@type":"ImageObject","inLanguage":"fr-FR","@id":"https:\/\/www.amstelprinting.nl\/fr\/#\/schema\/logo\/image\/","url":"https:\/\/www.amstelprinting.nl\/wp-content\/uploads\/amstel_printing_logo_clean.png","contentUrl":"https:\/\/www.amstelprinting.nl\/wp-content\/uploads\/amstel_printing_logo_clean.png","width":324,"height":73,"caption":"Amstel Printing"},"image":{"@id":"https:\/\/www.amstelprinting.nl\/fr\/#\/schema\/logo\/image\/"}}]}},"_links":{"self":[{"href":"https:\/\/www.amstelprinting.nl\/fr\/wp-json\/wp\/v2\/product\/13882","targetHints":{"allow":["GET"]}}],"collection":[{"href":"https:\/\/www.amstelprinting.nl\/fr\/wp-json\/wp\/v2\/product"}],"about":[{"href":"https:\/\/www.amstelprinting.nl\/fr\/wp-json\/wp\/v2\/types\/product"}],"wp:featuredmedia":[{"embeddable":true,"href":"https:\/\/www.amstelprinting.nl\/fr\/wp-json\/wp\/v2\/media\/13883"}],"wp:attachment":[{"href":"https:\/\/www.amstelprinting.nl\/fr\/wp-json\/wp\/v2\/media?parent=13882"}],"wp:term":[{"taxonomy":"product_brand","embeddable":true,"href":"https:\/\/www.amstelprinting.nl\/fr\/wp-json\/wp\/v2\/product_brand?post=13882"},{"taxonomy":"product_cat","embeddable":true,"href":"https:\/\/www.amstelprinting.nl\/fr\/wp-json\/wp\/v2\/product_cat?post=13882"},{"taxonomy":"product_tag","embeddable":true,"href":"https:\/\/www.amstelprinting.nl\/fr\/wp-json\/wp\/v2\/product_tag?post=13882"}],"curies":[{"name":"wp","href":"https:\/\/api.w.org\/{rel}","templated":true}]}}