{"id":13892,"date":"2025-01-24T11:32:27","date_gmt":"2025-01-24T10:32:27","guid":{"rendered":"https:\/\/www.amstelprinting.nl\/winkel\/non%20class\u00e9\/rond-spandoekframe\/"},"modified":"2026-02-18T12:50:57","modified_gmt":"2026-02-18T11:50:57","slug":"cadre-de-banderole-rond","status":"publish","type":"product","link":"https:\/\/www.amstelprinting.nl\/fr\/boutique\/publicite-exterieure\/cadres-de-banniere\/cadre-de-banderole-rond\/","title":{"rendered":"Cadre de banderole rond"},"content":{"rendered":"<h3>Commander un cadre de banderole rond<\/h3>\n<p>Le cadre de banderole rond est un moyen unique et accrocheur de pr\u00e9senter votre message publicitaire. Avec son design rond \u00e9l\u00e9gant, ce cadre attire imm\u00e9diatement l&rsquo;attention et assure un aspect moderne et dynamique. Parfait pour une utilisation en int\u00e9rieur comme en ext\u00e9rieur, le cadre de banderole rond offre une mani\u00e8re \u00e9l\u00e9gante et frappante de transmettre votre message. Que vous souhaitiez diffuser un message compact ou faire une d\u00e9claration visuelle de grande envergure, nous avons la taille qu&rsquo;il vous faut.<\/p>\n<h3>Avantages<\/h3>\n<ul>\n<li>Disponible en quatre formats<\/li>\n<li>Remarquable par sa forme ronde<\/li>\n<li>Robuste : \u00e9quip\u00e9 d&rsquo;une structure en tubes d&rsquo;aluminium<\/li>\n<li>Impression de haute qualit\u00e9 sur une b\u00e2che Banner 510<\/li>\n<\/ul>\n<p>&nbsp;<\/p>\n<h3>Formats et mat\u00e9riaux<\/h3>\n<p>Choisissez la taille parfaite pour votre projet avec des diam\u00e8tres disponibles de 100, 200, 300 ou 400 cm. Le cadre est fabriqu\u00e9 en aluminium de haute qualit\u00e9 (structure tubulaire). Cela garantit une construction solide et r\u00e9sistante aux intemp\u00e9ries. Cela rend le cadre non seulement durable, mais aussi l\u00e9ger et facile \u00e0 manipuler (et \u00e0 monter). La b\u00e2che est fabriqu\u00e9e en Banner 510, un mat\u00e9riau robuste id\u00e9al pour des impressions vives et durables. \u00c9quip\u00e9e d&rsquo;\u0153illets, elle vous permet de fixer facilement la b\u00e2che et de la tendre parfaitement pour un r\u00e9sultat impeccable.<\/p>\n<h3>Accessoires<\/h3>\n<p>Commandez les tendeurs \u00e9lastiques en option pour que votre b\u00e2che reste toujours bien tendue. Ces tendeurs assurent un montage simple et efficace, afin que votre publicit\u00e9 soit toujours parfaite. Transformez vos supports publicitaires avec un cadre de banderole rond et profitez d&rsquo;une pr\u00e9sentation moderne et attrayante qui ne manquera pas d&rsquo;impressionner. Commandez d\u00e8s aujourd&rsquo;hui et faites de votre message un spectacle visuel sans angles !<\/p>\n","protected":false},"excerpt":{"rendered":"<h3>Cadre en aluminium rond unique pour b\u00e2che<\/h3>\n<p>\u00c0 la recherche d&rsquo;une publicit\u00e9 ext\u00e9rieure originale ? Optez pour le cadre de banderole rond. Avec son design rond \u00e9l\u00e9gant, ce cadre attire imm\u00e9diatement l&rsquo;attention, offrant un aspect moderne et dynamique. Parfait pour une utilisation int\u00e9rieure et ext\u00e9rieure. Configurez facilement votre cadre de banderole circulaire (avec ou sans b\u00e2che) ci-dessous.<\/p>\n","protected":false},"featured_media":13893,"template":"","meta":{"_et_pb_use_builder":"","_et_pb_old_content":"","_et_gb_content_width":""},"product_brand":[],"product_cat":[535,448],"product_tag":[],"class_list":{"0":"post-13892","1":"product","2":"type-product","3":"status-publish","4":"has-post-thumbnail","6":"product_cat-cadres-de-banniere","7":"product_cat-publicite-exterieure","9":"first","10":"instock","11":"taxable","12":"shipping-taxable","13":"purchasable","14":"product-type-simple"},"yoast_head":"<!-- This site is optimized with the Yoast SEO plugin v27.3 - https:\/\/yoast.com\/product\/yoast-seo-wordpress\/ -->\n<title>Cadre de banderole rond | Amstel Printing<\/title>\n<meta name=\"robots\" content=\"index, follow, max-snippet:-1, max-image-preview:large, max-video-preview:-1\" \/>\n<link rel=\"canonical\" href=\"https:\/\/www.amstelprinting.nl\/fr\/boutique\/publicite-exterieure\/cadres-de-banniere\/cadre-de-banderole-rond\/\" \/>\n<meta property=\"og:locale\" content=\"fr_FR\" \/>\n<meta property=\"og:type\" content=\"article\" \/>\n<meta property=\"og:title\" content=\"Cadre de banderole rond | Amstel Printing\" \/>\n<meta property=\"og:description\" content=\"Cadre en aluminium rond unique pour b\u00e2che \u00c0 la recherche d&#039;une publicit\u00e9 ext\u00e9rieure originale ? Optez pour le cadre de banderole rond. Avec son design rond \u00e9l\u00e9gant, ce cadre attire imm\u00e9diatement l&#039;attention, offrant un aspect moderne et dynamique. Parfait pour une utilisation int\u00e9rieure et ext\u00e9rieure. Configurez facilement votre cadre de banderole circulaire (avec ou sans b\u00e2che) ci-dessous.\" \/>\n<meta property=\"og:url\" content=\"https:\/\/www.amstelprinting.nl\/fr\/boutique\/publicite-exterieure\/cadres-de-banniere\/cadre-de-banderole-rond\/\" \/>\n<meta property=\"og:site_name\" content=\"Amstel Printing\" \/>\n<meta property=\"article:modified_time\" content=\"2026-02-18T11:50:57+00:00\" \/>\n<meta property=\"og:image\" content=\"https:\/\/www.amstelprinting.nl\/wp-content\/uploads\/rond-spandoekframebedrukken.png\" \/>\n\t<meta property=\"og:image:width\" content=\"700\" \/>\n\t<meta property=\"og:image:height\" content=\"700\" \/>\n\t<meta property=\"og:image:type\" content=\"image\/png\" \/>\n<meta name=\"twitter:card\" content=\"summary_large_image\" \/>\n<meta name=\"twitter:label1\" content=\"Dur\u00e9e de lecture estim\u00e9e\" \/>\n\t<meta name=\"twitter:data1\" content=\"1 minute\" \/>\n<script type=\"application\/ld+json\" class=\"yoast-schema-graph\">{\"@context\":\"https:\\\/\\\/schema.org\",\"@graph\":[{\"@type\":\"WebPage\",\"@id\":\"https:\\\/\\\/www.amstelprinting.nl\\\/fr\\\/boutique\\\/publicite-exterieure\\\/cadres-de-banniere\\\/cadre-de-banderole-rond\\\/\",\"url\":\"https:\\\/\\\/www.amstelprinting.nl\\\/fr\\\/boutique\\\/publicite-exterieure\\\/cadres-de-banniere\\\/cadre-de-banderole-rond\\\/\",\"name\":\"Cadre de banderole rond | Amstel Printing\",\"isPartOf\":{\"@id\":\"https:\\\/\\\/www.amstelprinting.nl\\\/fr\\\/#website\"},\"primaryImageOfPage\":{\"@id\":\"https:\\\/\\\/www.amstelprinting.nl\\\/fr\\\/boutique\\\/publicite-exterieure\\\/cadres-de-banniere\\\/cadre-de-banderole-rond\\\/#primaryimage\"},\"image\":{\"@id\":\"https:\\\/\\\/www.amstelprinting.nl\\\/fr\\\/boutique\\\/publicite-exterieure\\\/cadres-de-banniere\\\/cadre-de-banderole-rond\\\/#primaryimage\"},\"thumbnailUrl\":\"https:\\\/\\\/www.amstelprinting.nl\\\/wp-content\\\/uploads\\\/rond-spandoekframebedrukken.png\",\"datePublished\":\"2025-01-24T10:32:27+00:00\",\"dateModified\":\"2026-02-18T11:50:57+00:00\",\"breadcrumb\":{\"@id\":\"https:\\\/\\\/www.amstelprinting.nl\\\/fr\\\/boutique\\\/publicite-exterieure\\\/cadres-de-banniere\\\/cadre-de-banderole-rond\\\/#breadcrumb\"},\"inLanguage\":\"fr-FR\",\"potentialAction\":[{\"@type\":\"ReadAction\",\"target\":[\"https:\\\/\\\/www.amstelprinting.nl\\\/fr\\\/boutique\\\/publicite-exterieure\\\/cadres-de-banniere\\\/cadre-de-banderole-rond\\\/\"]}]},{\"@type\":\"ImageObject\",\"inLanguage\":\"fr-FR\",\"@id\":\"https:\\\/\\\/www.amstelprinting.nl\\\/fr\\\/boutique\\\/publicite-exterieure\\\/cadres-de-banniere\\\/cadre-de-banderole-rond\\\/#primaryimage\",\"url\":\"https:\\\/\\\/www.amstelprinting.nl\\\/wp-content\\\/uploads\\\/rond-spandoekframebedrukken.png\",\"contentUrl\":\"https:\\\/\\\/www.amstelprinting.nl\\\/wp-content\\\/uploads\\\/rond-spandoekframebedrukken.png\",\"width\":700,\"height\":700},{\"@type\":\"BreadcrumbList\",\"@id\":\"https:\\\/\\\/www.amstelprinting.nl\\\/fr\\\/boutique\\\/publicite-exterieure\\\/cadres-de-banniere\\\/cadre-de-banderole-rond\\\/#breadcrumb\",\"itemListElement\":[{\"@type\":\"ListItem\",\"position\":1,\"name\":\"\",\"item\":\"https:\\\/\\\/www.amstelprinting.nl\\\/fr\\\/\"},{\"@type\":\"ListItem\",\"position\":2,\"name\":\"Amstel Printing\",\"item\":\"https:\\\/\\\/www.amstelprinting.nl\\\/fr\\\/boutique\\\/\"},{\"@type\":\"ListItem\",\"position\":3,\"name\":\"Publicit\u00e9 ext\u00e9rieure\",\"item\":\"https:\\\/\\\/www.amstelprinting.nl\\\/fr\\\/categorie\\\/publicite-exterieure\\\/\"},{\"@type\":\"ListItem\",\"position\":4,\"name\":\"Cadres de banni\u00e8re\",\"item\":\"https:\\\/\\\/www.amstelprinting.nl\\\/fr\\\/categorie\\\/publicite-exterieure\\\/cadres-de-banniere\\\/\"},{\"@type\":\"ListItem\",\"position\":5,\"name\":\"Cadre de banderole rond\"}]},{\"@type\":\"WebSite\",\"@id\":\"https:\\\/\\\/www.amstelprinting.nl\\\/fr\\\/#website\",\"url\":\"https:\\\/\\\/www.amstelprinting.nl\\\/fr\\\/\",\"name\":\"Amstel Printing\",\"description\":\"Creating Exposure\",\"publisher\":{\"@id\":\"https:\\\/\\\/www.amstelprinting.nl\\\/fr\\\/#organization\"},\"potentialAction\":[{\"@type\":\"SearchAction\",\"target\":{\"@type\":\"EntryPoint\",\"urlTemplate\":\"https:\\\/\\\/www.amstelprinting.nl\\\/fr\\\/?s={search_term_string}\"},\"query-input\":{\"@type\":\"PropertyValueSpecification\",\"valueRequired\":true,\"valueName\":\"search_term_string\"}}],\"inLanguage\":\"fr-FR\"},{\"@type\":\"Organization\",\"@id\":\"https:\\\/\\\/www.amstelprinting.nl\\\/fr\\\/#organization\",\"name\":\"Amstel Printing\",\"url\":\"https:\\\/\\\/www.amstelprinting.nl\\\/fr\\\/\",\"logo\":{\"@type\":\"ImageObject\",\"inLanguage\":\"fr-FR\",\"@id\":\"https:\\\/\\\/www.amstelprinting.nl\\\/fr\\\/#\\\/schema\\\/logo\\\/image\\\/\",\"url\":\"https:\\\/\\\/www.amstelprinting.nl\\\/wp-content\\\/uploads\\\/amstel_printing_logo_clean.png\",\"contentUrl\":\"https:\\\/\\\/www.amstelprinting.nl\\\/wp-content\\\/uploads\\\/amstel_printing_logo_clean.png\",\"width\":324,\"height\":73,\"caption\":\"Amstel Printing\"},\"image\":{\"@id\":\"https:\\\/\\\/www.amstelprinting.nl\\\/fr\\\/#\\\/schema\\\/logo\\\/image\\\/\"}}]}<\/script>\n<!-- \/ Yoast SEO plugin. -->","yoast_head_json":{"title":"Cadre de banderole rond | Amstel Printing","robots":{"index":"index","follow":"follow","max-snippet":"max-snippet:-1","max-image-preview":"max-image-preview:large","max-video-preview":"max-video-preview:-1"},"canonical":"https:\/\/www.amstelprinting.nl\/fr\/boutique\/publicite-exterieure\/cadres-de-banniere\/cadre-de-banderole-rond\/","og_locale":"fr_FR","og_type":"article","og_title":"Cadre de banderole rond | Amstel Printing","og_description":"Cadre en aluminium rond unique pour b\u00e2che \u00c0 la recherche d'une publicit\u00e9 ext\u00e9rieure originale ? Optez pour le cadre de banderole rond. Avec son design rond \u00e9l\u00e9gant, ce cadre attire imm\u00e9diatement l'attention, offrant un aspect moderne et dynamique. Parfait pour une utilisation int\u00e9rieure et ext\u00e9rieure. Configurez facilement votre cadre de banderole circulaire (avec ou sans b\u00e2che) ci-dessous.","og_url":"https:\/\/www.amstelprinting.nl\/fr\/boutique\/publicite-exterieure\/cadres-de-banniere\/cadre-de-banderole-rond\/","og_site_name":"Amstel Printing","article_modified_time":"2026-02-18T11:50:57+00:00","og_image":[{"width":700,"height":700,"url":"https:\/\/www.amstelprinting.nl\/wp-content\/uploads\/rond-spandoekframebedrukken.png","type":"image\/png"}],"twitter_card":"summary_large_image","twitter_misc":{"Dur\u00e9e de lecture estim\u00e9e":"1 minute"},"schema":{"@context":"https:\/\/schema.org","@graph":[{"@type":"WebPage","@id":"https:\/\/www.amstelprinting.nl\/fr\/boutique\/publicite-exterieure\/cadres-de-banniere\/cadre-de-banderole-rond\/","url":"https:\/\/www.amstelprinting.nl\/fr\/boutique\/publicite-exterieure\/cadres-de-banniere\/cadre-de-banderole-rond\/","name":"Cadre de banderole rond | Amstel Printing","isPartOf":{"@id":"https:\/\/www.amstelprinting.nl\/fr\/#website"},"primaryImageOfPage":{"@id":"https:\/\/www.amstelprinting.nl\/fr\/boutique\/publicite-exterieure\/cadres-de-banniere\/cadre-de-banderole-rond\/#primaryimage"},"image":{"@id":"https:\/\/www.amstelprinting.nl\/fr\/boutique\/publicite-exterieure\/cadres-de-banniere\/cadre-de-banderole-rond\/#primaryimage"},"thumbnailUrl":"https:\/\/www.amstelprinting.nl\/wp-content\/uploads\/rond-spandoekframebedrukken.png","datePublished":"2025-01-24T10:32:27+00:00","dateModified":"2026-02-18T11:50:57+00:00","breadcrumb":{"@id":"https:\/\/www.amstelprinting.nl\/fr\/boutique\/publicite-exterieure\/cadres-de-banniere\/cadre-de-banderole-rond\/#breadcrumb"},"inLanguage":"fr-FR","potentialAction":[{"@type":"ReadAction","target":["https:\/\/www.amstelprinting.nl\/fr\/boutique\/publicite-exterieure\/cadres-de-banniere\/cadre-de-banderole-rond\/"]}]},{"@type":"ImageObject","inLanguage":"fr-FR","@id":"https:\/\/www.amstelprinting.nl\/fr\/boutique\/publicite-exterieure\/cadres-de-banniere\/cadre-de-banderole-rond\/#primaryimage","url":"https:\/\/www.amstelprinting.nl\/wp-content\/uploads\/rond-spandoekframebedrukken.png","contentUrl":"https:\/\/www.amstelprinting.nl\/wp-content\/uploads\/rond-spandoekframebedrukken.png","width":700,"height":700},{"@type":"BreadcrumbList","@id":"https:\/\/www.amstelprinting.nl\/fr\/boutique\/publicite-exterieure\/cadres-de-banniere\/cadre-de-banderole-rond\/#breadcrumb","itemListElement":[{"@type":"ListItem","position":1,"name":"","item":"https:\/\/www.amstelprinting.nl\/fr\/"},{"@type":"ListItem","position":2,"name":"Amstel Printing","item":"https:\/\/www.amstelprinting.nl\/fr\/boutique\/"},{"@type":"ListItem","position":3,"name":"Publicit\u00e9 ext\u00e9rieure","item":"https:\/\/www.amstelprinting.nl\/fr\/categorie\/publicite-exterieure\/"},{"@type":"ListItem","position":4,"name":"Cadres de banni\u00e8re","item":"https:\/\/www.amstelprinting.nl\/fr\/categorie\/publicite-exterieure\/cadres-de-banniere\/"},{"@type":"ListItem","position":5,"name":"Cadre de banderole rond"}]},{"@type":"WebSite","@id":"https:\/\/www.amstelprinting.nl\/fr\/#website","url":"https:\/\/www.amstelprinting.nl\/fr\/","name":"Amstel Printing","description":"Creating Exposure","publisher":{"@id":"https:\/\/www.amstelprinting.nl\/fr\/#organization"},"potentialAction":[{"@type":"SearchAction","target":{"@type":"EntryPoint","urlTemplate":"https:\/\/www.amstelprinting.nl\/fr\/?s={search_term_string}"},"query-input":{"@type":"PropertyValueSpecification","valueRequired":true,"valueName":"search_term_string"}}],"inLanguage":"fr-FR"},{"@type":"Organization","@id":"https:\/\/www.amstelprinting.nl\/fr\/#organization","name":"Amstel Printing","url":"https:\/\/www.amstelprinting.nl\/fr\/","logo":{"@type":"ImageObject","inLanguage":"fr-FR","@id":"https:\/\/www.amstelprinting.nl\/fr\/#\/schema\/logo\/image\/","url":"https:\/\/www.amstelprinting.nl\/wp-content\/uploads\/amstel_printing_logo_clean.png","contentUrl":"https:\/\/www.amstelprinting.nl\/wp-content\/uploads\/amstel_printing_logo_clean.png","width":324,"height":73,"caption":"Amstel Printing"},"image":{"@id":"https:\/\/www.amstelprinting.nl\/fr\/#\/schema\/logo\/image\/"}}]}},"_links":{"self":[{"href":"https:\/\/www.amstelprinting.nl\/fr\/wp-json\/wp\/v2\/product\/13892","targetHints":{"allow":["GET"]}}],"collection":[{"href":"https:\/\/www.amstelprinting.nl\/fr\/wp-json\/wp\/v2\/product"}],"about":[{"href":"https:\/\/www.amstelprinting.nl\/fr\/wp-json\/wp\/v2\/types\/product"}],"wp:featuredmedia":[{"embeddable":true,"href":"https:\/\/www.amstelprinting.nl\/fr\/wp-json\/wp\/v2\/media\/13893"}],"wp:attachment":[{"href":"https:\/\/www.amstelprinting.nl\/fr\/wp-json\/wp\/v2\/media?parent=13892"}],"wp:term":[{"taxonomy":"product_brand","embeddable":true,"href":"https:\/\/www.amstelprinting.nl\/fr\/wp-json\/wp\/v2\/product_brand?post=13892"},{"taxonomy":"product_cat","embeddable":true,"href":"https:\/\/www.amstelprinting.nl\/fr\/wp-json\/wp\/v2\/product_cat?post=13892"},{"taxonomy":"product_tag","embeddable":true,"href":"https:\/\/www.amstelprinting.nl\/fr\/wp-json\/wp\/v2\/product_tag?post=13892"}],"curies":[{"name":"wp","href":"https:\/\/api.w.org\/{rel}","templated":true}]}}