{"id":13902,"date":"2025-01-24T11:32:23","date_gmt":"2025-01-24T10:32:23","guid":{"rendered":"https:\/\/www.amstelprinting.nl\/winkel\/non%20class\u00e9\/vrijstaand-spandoekframe\/"},"modified":"2026-02-18T12:50:57","modified_gmt":"2026-02-18T11:50:57","slug":"cadre-de-banniere-autoportant","status":"publish","type":"product","link":"https:\/\/www.amstelprinting.nl\/fr\/boutique\/publicite-exterieure\/cadres-de-banniere\/cadre-de-banniere-autoportant\/","title":{"rendered":"Cadre de banni\u00e8re autoportant"},"content":{"rendered":"<h3>Acheter un cadre de banni\u00e8re autoportant<\/h3>\n<p>Renforcez votre publicit\u00e9 ext\u00e9rieure avec notre cadre de banni\u00e8re autoportant, con\u00e7u pour un impact et une durabilit\u00e9 maximum. Choisissez un ensemble complet ou commandez le cadre tubulaire s\u00e9par\u00e9ment.<\/p>\n<h3>Formats<\/h3>\n<p>Disponible en huit formats diff\u00e9rents (sous forme rectangulaire ou carr\u00e9e). Vous recherchez un autre format ? N&rsquo;h\u00e9sitez pas \u00e0 demander un devis sur mesure.<\/p>\n<h3>Mat\u00e9riaux<\/h3>\n<p>Notre cadre de banni\u00e8re autoportant est disponible en quatre mat\u00e9riaux de banni\u00e8re.<\/p>\n<ul>\n<li><strong>ProPES Outdoor<\/strong> : Durable, l\u00e9ger et 100 % recyclable, id\u00e9al pour des applications polyvalentes.<\/li>\n<li><strong>Banner 510<\/strong> : Le type de banni\u00e8re le plus command\u00e9. Une b\u00e2che PVC avec une finition brillante pour des impressions claires et \u00e9clatantes.<\/li>\n<li><strong>B\u00e2che Mesh<\/strong> : Parfaite pour les endroits venteux gr\u00e2ce \u00e0 sa structure micro-perfor\u00e9e laissant passer le vent. Moins adapt\u00e9e aux motifs d\u00e9taill\u00e9s.<\/li>\n<li><strong>Banner 610<\/strong> : B\u00e2che PVC robuste pour les conditions m\u00e9t\u00e9orologiques extr\u00eames et une utilisation prolong\u00e9e.<\/li>\n<\/ul>\n<p>&nbsp;<\/p>\n<h3>Finitions<\/h3>\n<p>Choisissez entre ourlets et \u0153illets, ou ourlets et \u0153illets pour Stormfix, pour une finition solide et professionnelle qui maintient votre banni\u00e8re en s\u00e9curit\u00e9 et bien tendue.<\/p>\n<h3>Alternatives<\/h3>\n<p>En plus du cadre de banni\u00e8re autoportant, de nombreuses alternatives sont disponibles (pour une fixation au mur int\u00e9rieur ou ext\u00e9rieur), \u00e9clair\u00e9es ou non \u00e9clair\u00e9es. Nous expliquons bri\u00e8vement les caract\u00e9ristiques par produit ci-dessous.<\/p>\n<ul>\n<li><strong>Cadre de banni\u00e8re<\/strong> : cadre de banni\u00e8re standard pour le mur.<\/li>\n<li><strong>Cadre textile ext\u00e9rieur<\/strong> : Sp\u00e9cialement con\u00e7u pour une utilisation en ext\u00e9rieur.<\/li>\n<li><strong>Cadre \u00e0 frapper ext\u00e9rieur<\/strong> : Pour un montage simple et rapide en plein air.<\/li>\n<li><strong>Cadre de banni\u00e8re invisible<\/strong> : Pour un look minimaliste : le cadre et les \u00e9lastiques ne sont pas visibles.<\/li>\n<li><strong>Cadre LED ext\u00e9rieur<\/strong> : Votre design \u00e9clair\u00e9 pour plus d&rsquo;attention, m\u00eame dans l&rsquo;obscurit\u00e9.<\/li>\n<li><strong>Cadre de banni\u00e8re rond<\/strong> : Banni\u00e8re de forme ronde : une alternative originale !<\/li>\n<\/ul>\n<p>&nbsp;<\/p>\n<h3>Accessoires<\/h3>\n<p>Compl\u00e9tez votre cadre de banni\u00e8re autoportant avec des accessoires tels que des tendeurs avec crochet araign\u00e9e ou des sandows \u00e0 col de cygne, vous permettant de fixer votre banni\u00e8re facilement et efficacement dans le cadre autoportant. Une pr\u00e9sentation parfaite est ainsi garantie.<\/p>\n","protected":false},"excerpt":{"rendered":"<h3>Cadre tubulaire autoportant pour banni\u00e8res<\/h3>\n<p>Un cadre de banni\u00e8re autoportant est un syst\u00e8me flexible et robuste qui vous permet de pr\u00e9senter votre message n&rsquo;importe o\u00f9. Aucun mur ou plafond n&rsquo;est n\u00e9cessaire pour l&rsquo;installation, car le cadre tubulaire solide peut tenir debout tout seul. Id\u00e9al pour une utilisation int\u00e9rieure et ext\u00e9rieure. Parfait pour les salons professionnels, les \u00e9v\u00e9nements ou les chantiers de construction o\u00f9 aucune structure fixe n&rsquo;est possible.<\/p>\n","protected":false},"featured_media":13903,"template":"","meta":{"_et_pb_use_builder":"","_et_pb_old_content":"","_et_gb_content_width":""},"product_brand":[],"product_cat":[535,448,428,407],"product_tag":[],"class_list":{"0":"post-13902","1":"product","2":"type-product","3":"status-publish","4":"has-post-thumbnail","6":"product_cat-cadres-de-banniere","7":"product_cat-publicite-exterieure","8":"product_cat-salon-et-evenement","9":"product_cat-tissus-de-fete","11":"first","12":"instock","13":"taxable","14":"shipping-taxable","15":"purchasable","16":"product-type-simple"},"yoast_head":"<!-- This site is optimized with the Yoast SEO plugin v27.3 - https:\/\/yoast.com\/product\/yoast-seo-wordpress\/ -->\n<title>Cadre de banni\u00e8re autoportant : aluminium de haute qualit\u00e9 pour \u00e9v\u00e9nements<\/title>\n<meta name=\"description\" content=\"Commandez un cadre de banni\u00e8re en aluminium robuste et flexible, id\u00e9al pour les \u00e9v\u00e9nements et les festivals. Livraison dans toute l&#039;Europe\" \/>\n<meta name=\"robots\" content=\"index, follow, max-snippet:-1, max-image-preview:large, max-video-preview:-1\" \/>\n<link rel=\"canonical\" href=\"https:\/\/www.amstelprinting.nl\/fr\/boutique\/publicite-exterieure\/cadres-de-banniere\/cadre-de-banniere-autoportant\/\" \/>\n<meta property=\"og:locale\" content=\"fr_FR\" \/>\n<meta property=\"og:type\" content=\"article\" \/>\n<meta property=\"og:title\" content=\"Cadre de banni\u00e8re autoportant : aluminium de haute qualit\u00e9 pour \u00e9v\u00e9nements\" \/>\n<meta property=\"og:description\" content=\"Commandez un cadre de banni\u00e8re en aluminium robuste et flexible, id\u00e9al pour les \u00e9v\u00e9nements et les festivals. Livraison dans toute l&#039;Europe\" \/>\n<meta property=\"og:url\" content=\"https:\/\/www.amstelprinting.nl\/fr\/boutique\/publicite-exterieure\/cadres-de-banniere\/cadre-de-banniere-autoportant\/\" \/>\n<meta property=\"og:site_name\" content=\"Amstel Printing\" \/>\n<meta property=\"article:modified_time\" content=\"2026-02-18T11:50:57+00:00\" \/>\n<meta property=\"og:image\" content=\"https:\/\/www.amstelprinting.nl\/wp-content\/uploads\/vrijstaand-spandoekframe-bedrukken.png\" \/>\n\t<meta property=\"og:image:width\" content=\"700\" \/>\n\t<meta property=\"og:image:height\" content=\"700\" \/>\n\t<meta property=\"og:image:type\" content=\"image\/png\" \/>\n<meta name=\"twitter:card\" content=\"summary_large_image\" \/>\n<meta name=\"twitter:label1\" content=\"Dur\u00e9e de lecture estim\u00e9e\" \/>\n\t<meta name=\"twitter:data1\" content=\"2 minutes\" \/>\n<script type=\"application\/ld+json\" class=\"yoast-schema-graph\">{\"@context\":\"https:\\\/\\\/schema.org\",\"@graph\":[{\"@type\":\"WebPage\",\"@id\":\"https:\\\/\\\/www.amstelprinting.nl\\\/fr\\\/boutique\\\/publicite-exterieure\\\/cadres-de-banniere\\\/cadre-de-banniere-autoportant\\\/\",\"url\":\"https:\\\/\\\/www.amstelprinting.nl\\\/fr\\\/boutique\\\/publicite-exterieure\\\/cadres-de-banniere\\\/cadre-de-banniere-autoportant\\\/\",\"name\":\"Cadre de banni\u00e8re autoportant : aluminium de haute qualit\u00e9 pour \u00e9v\u00e9nements\",\"isPartOf\":{\"@id\":\"https:\\\/\\\/www.amstelprinting.nl\\\/fr\\\/#website\"},\"primaryImageOfPage\":{\"@id\":\"https:\\\/\\\/www.amstelprinting.nl\\\/fr\\\/boutique\\\/publicite-exterieure\\\/cadres-de-banniere\\\/cadre-de-banniere-autoportant\\\/#primaryimage\"},\"image\":{\"@id\":\"https:\\\/\\\/www.amstelprinting.nl\\\/fr\\\/boutique\\\/publicite-exterieure\\\/cadres-de-banniere\\\/cadre-de-banniere-autoportant\\\/#primaryimage\"},\"thumbnailUrl\":\"https:\\\/\\\/www.amstelprinting.nl\\\/wp-content\\\/uploads\\\/vrijstaand-spandoekframe-bedrukken.png\",\"datePublished\":\"2025-01-24T10:32:23+00:00\",\"dateModified\":\"2026-02-18T11:50:57+00:00\",\"description\":\"Commandez un cadre de banni\u00e8re en aluminium robuste et flexible, id\u00e9al pour les \u00e9v\u00e9nements et les festivals. Livraison dans toute l'Europe\",\"breadcrumb\":{\"@id\":\"https:\\\/\\\/www.amstelprinting.nl\\\/fr\\\/boutique\\\/publicite-exterieure\\\/cadres-de-banniere\\\/cadre-de-banniere-autoportant\\\/#breadcrumb\"},\"inLanguage\":\"fr-FR\",\"potentialAction\":[{\"@type\":\"ReadAction\",\"target\":[\"https:\\\/\\\/www.amstelprinting.nl\\\/fr\\\/boutique\\\/publicite-exterieure\\\/cadres-de-banniere\\\/cadre-de-banniere-autoportant\\\/\"]}]},{\"@type\":\"ImageObject\",\"inLanguage\":\"fr-FR\",\"@id\":\"https:\\\/\\\/www.amstelprinting.nl\\\/fr\\\/boutique\\\/publicite-exterieure\\\/cadres-de-banniere\\\/cadre-de-banniere-autoportant\\\/#primaryimage\",\"url\":\"https:\\\/\\\/www.amstelprinting.nl\\\/wp-content\\\/uploads\\\/vrijstaand-spandoekframe-bedrukken.png\",\"contentUrl\":\"https:\\\/\\\/www.amstelprinting.nl\\\/wp-content\\\/uploads\\\/vrijstaand-spandoekframe-bedrukken.png\",\"width\":700,\"height\":700},{\"@type\":\"BreadcrumbList\",\"@id\":\"https:\\\/\\\/www.amstelprinting.nl\\\/fr\\\/boutique\\\/publicite-exterieure\\\/cadres-de-banniere\\\/cadre-de-banniere-autoportant\\\/#breadcrumb\",\"itemListElement\":[{\"@type\":\"ListItem\",\"position\":1,\"name\":\"\",\"item\":\"https:\\\/\\\/www.amstelprinting.nl\\\/fr\\\/\"},{\"@type\":\"ListItem\",\"position\":2,\"name\":\"Amstel Printing\",\"item\":\"https:\\\/\\\/www.amstelprinting.nl\\\/fr\\\/boutique\\\/\"},{\"@type\":\"ListItem\",\"position\":3,\"name\":\"Publicit\u00e9 ext\u00e9rieure\",\"item\":\"https:\\\/\\\/www.amstelprinting.nl\\\/fr\\\/categorie\\\/publicite-exterieure\\\/\"},{\"@type\":\"ListItem\",\"position\":4,\"name\":\"Cadres de banni\u00e8re\",\"item\":\"https:\\\/\\\/www.amstelprinting.nl\\\/fr\\\/categorie\\\/publicite-exterieure\\\/cadres-de-banniere\\\/\"},{\"@type\":\"ListItem\",\"position\":5,\"name\":\"Cadre de banni\u00e8re autoportant\"}]},{\"@type\":\"WebSite\",\"@id\":\"https:\\\/\\\/www.amstelprinting.nl\\\/fr\\\/#website\",\"url\":\"https:\\\/\\\/www.amstelprinting.nl\\\/fr\\\/\",\"name\":\"Amstel Printing\",\"description\":\"Creating Exposure\",\"publisher\":{\"@id\":\"https:\\\/\\\/www.amstelprinting.nl\\\/fr\\\/#organization\"},\"potentialAction\":[{\"@type\":\"SearchAction\",\"target\":{\"@type\":\"EntryPoint\",\"urlTemplate\":\"https:\\\/\\\/www.amstelprinting.nl\\\/fr\\\/?s={search_term_string}\"},\"query-input\":{\"@type\":\"PropertyValueSpecification\",\"valueRequired\":true,\"valueName\":\"search_term_string\"}}],\"inLanguage\":\"fr-FR\"},{\"@type\":\"Organization\",\"@id\":\"https:\\\/\\\/www.amstelprinting.nl\\\/fr\\\/#organization\",\"name\":\"Amstel Printing\",\"url\":\"https:\\\/\\\/www.amstelprinting.nl\\\/fr\\\/\",\"logo\":{\"@type\":\"ImageObject\",\"inLanguage\":\"fr-FR\",\"@id\":\"https:\\\/\\\/www.amstelprinting.nl\\\/fr\\\/#\\\/schema\\\/logo\\\/image\\\/\",\"url\":\"https:\\\/\\\/www.amstelprinting.nl\\\/wp-content\\\/uploads\\\/amstel_printing_logo_clean.png\",\"contentUrl\":\"https:\\\/\\\/www.amstelprinting.nl\\\/wp-content\\\/uploads\\\/amstel_printing_logo_clean.png\",\"width\":324,\"height\":73,\"caption\":\"Amstel Printing\"},\"image\":{\"@id\":\"https:\\\/\\\/www.amstelprinting.nl\\\/fr\\\/#\\\/schema\\\/logo\\\/image\\\/\"}}]}<\/script>\n<!-- \/ Yoast SEO plugin. -->","yoast_head_json":{"title":"Cadre de banni\u00e8re autoportant : aluminium de haute qualit\u00e9 pour \u00e9v\u00e9nements","description":"Commandez un cadre de banni\u00e8re en aluminium robuste et flexible, id\u00e9al pour les \u00e9v\u00e9nements et les festivals. Livraison dans toute l'Europe","robots":{"index":"index","follow":"follow","max-snippet":"max-snippet:-1","max-image-preview":"max-image-preview:large","max-video-preview":"max-video-preview:-1"},"canonical":"https:\/\/www.amstelprinting.nl\/fr\/boutique\/publicite-exterieure\/cadres-de-banniere\/cadre-de-banniere-autoportant\/","og_locale":"fr_FR","og_type":"article","og_title":"Cadre de banni\u00e8re autoportant : aluminium de haute qualit\u00e9 pour \u00e9v\u00e9nements","og_description":"Commandez un cadre de banni\u00e8re en aluminium robuste et flexible, id\u00e9al pour les \u00e9v\u00e9nements et les festivals. Livraison dans toute l'Europe","og_url":"https:\/\/www.amstelprinting.nl\/fr\/boutique\/publicite-exterieure\/cadres-de-banniere\/cadre-de-banniere-autoportant\/","og_site_name":"Amstel Printing","article_modified_time":"2026-02-18T11:50:57+00:00","og_image":[{"width":700,"height":700,"url":"https:\/\/www.amstelprinting.nl\/wp-content\/uploads\/vrijstaand-spandoekframe-bedrukken.png","type":"image\/png"}],"twitter_card":"summary_large_image","twitter_misc":{"Dur\u00e9e de lecture estim\u00e9e":"2 minutes"},"schema":{"@context":"https:\/\/schema.org","@graph":[{"@type":"WebPage","@id":"https:\/\/www.amstelprinting.nl\/fr\/boutique\/publicite-exterieure\/cadres-de-banniere\/cadre-de-banniere-autoportant\/","url":"https:\/\/www.amstelprinting.nl\/fr\/boutique\/publicite-exterieure\/cadres-de-banniere\/cadre-de-banniere-autoportant\/","name":"Cadre de banni\u00e8re autoportant : aluminium de haute qualit\u00e9 pour \u00e9v\u00e9nements","isPartOf":{"@id":"https:\/\/www.amstelprinting.nl\/fr\/#website"},"primaryImageOfPage":{"@id":"https:\/\/www.amstelprinting.nl\/fr\/boutique\/publicite-exterieure\/cadres-de-banniere\/cadre-de-banniere-autoportant\/#primaryimage"},"image":{"@id":"https:\/\/www.amstelprinting.nl\/fr\/boutique\/publicite-exterieure\/cadres-de-banniere\/cadre-de-banniere-autoportant\/#primaryimage"},"thumbnailUrl":"https:\/\/www.amstelprinting.nl\/wp-content\/uploads\/vrijstaand-spandoekframe-bedrukken.png","datePublished":"2025-01-24T10:32:23+00:00","dateModified":"2026-02-18T11:50:57+00:00","description":"Commandez un cadre de banni\u00e8re en aluminium robuste et flexible, id\u00e9al pour les \u00e9v\u00e9nements et les festivals. Livraison dans toute l'Europe","breadcrumb":{"@id":"https:\/\/www.amstelprinting.nl\/fr\/boutique\/publicite-exterieure\/cadres-de-banniere\/cadre-de-banniere-autoportant\/#breadcrumb"},"inLanguage":"fr-FR","potentialAction":[{"@type":"ReadAction","target":["https:\/\/www.amstelprinting.nl\/fr\/boutique\/publicite-exterieure\/cadres-de-banniere\/cadre-de-banniere-autoportant\/"]}]},{"@type":"ImageObject","inLanguage":"fr-FR","@id":"https:\/\/www.amstelprinting.nl\/fr\/boutique\/publicite-exterieure\/cadres-de-banniere\/cadre-de-banniere-autoportant\/#primaryimage","url":"https:\/\/www.amstelprinting.nl\/wp-content\/uploads\/vrijstaand-spandoekframe-bedrukken.png","contentUrl":"https:\/\/www.amstelprinting.nl\/wp-content\/uploads\/vrijstaand-spandoekframe-bedrukken.png","width":700,"height":700},{"@type":"BreadcrumbList","@id":"https:\/\/www.amstelprinting.nl\/fr\/boutique\/publicite-exterieure\/cadres-de-banniere\/cadre-de-banniere-autoportant\/#breadcrumb","itemListElement":[{"@type":"ListItem","position":1,"name":"","item":"https:\/\/www.amstelprinting.nl\/fr\/"},{"@type":"ListItem","position":2,"name":"Amstel Printing","item":"https:\/\/www.amstelprinting.nl\/fr\/boutique\/"},{"@type":"ListItem","position":3,"name":"Publicit\u00e9 ext\u00e9rieure","item":"https:\/\/www.amstelprinting.nl\/fr\/categorie\/publicite-exterieure\/"},{"@type":"ListItem","position":4,"name":"Cadres de banni\u00e8re","item":"https:\/\/www.amstelprinting.nl\/fr\/categorie\/publicite-exterieure\/cadres-de-banniere\/"},{"@type":"ListItem","position":5,"name":"Cadre de banni\u00e8re autoportant"}]},{"@type":"WebSite","@id":"https:\/\/www.amstelprinting.nl\/fr\/#website","url":"https:\/\/www.amstelprinting.nl\/fr\/","name":"Amstel Printing","description":"Creating Exposure","publisher":{"@id":"https:\/\/www.amstelprinting.nl\/fr\/#organization"},"potentialAction":[{"@type":"SearchAction","target":{"@type":"EntryPoint","urlTemplate":"https:\/\/www.amstelprinting.nl\/fr\/?s={search_term_string}"},"query-input":{"@type":"PropertyValueSpecification","valueRequired":true,"valueName":"search_term_string"}}],"inLanguage":"fr-FR"},{"@type":"Organization","@id":"https:\/\/www.amstelprinting.nl\/fr\/#organization","name":"Amstel Printing","url":"https:\/\/www.amstelprinting.nl\/fr\/","logo":{"@type":"ImageObject","inLanguage":"fr-FR","@id":"https:\/\/www.amstelprinting.nl\/fr\/#\/schema\/logo\/image\/","url":"https:\/\/www.amstelprinting.nl\/wp-content\/uploads\/amstel_printing_logo_clean.png","contentUrl":"https:\/\/www.amstelprinting.nl\/wp-content\/uploads\/amstel_printing_logo_clean.png","width":324,"height":73,"caption":"Amstel Printing"},"image":{"@id":"https:\/\/www.amstelprinting.nl\/fr\/#\/schema\/logo\/image\/"}}]}},"_links":{"self":[{"href":"https:\/\/www.amstelprinting.nl\/fr\/wp-json\/wp\/v2\/product\/13902","targetHints":{"allow":["GET"]}}],"collection":[{"href":"https:\/\/www.amstelprinting.nl\/fr\/wp-json\/wp\/v2\/product"}],"about":[{"href":"https:\/\/www.amstelprinting.nl\/fr\/wp-json\/wp\/v2\/types\/product"}],"wp:featuredmedia":[{"embeddable":true,"href":"https:\/\/www.amstelprinting.nl\/fr\/wp-json\/wp\/v2\/media\/13903"}],"wp:attachment":[{"href":"https:\/\/www.amstelprinting.nl\/fr\/wp-json\/wp\/v2\/media?parent=13902"}],"wp:term":[{"taxonomy":"product_brand","embeddable":true,"href":"https:\/\/www.amstelprinting.nl\/fr\/wp-json\/wp\/v2\/product_brand?post=13902"},{"taxonomy":"product_cat","embeddable":true,"href":"https:\/\/www.amstelprinting.nl\/fr\/wp-json\/wp\/v2\/product_cat?post=13902"},{"taxonomy":"product_tag","embeddable":true,"href":"https:\/\/www.amstelprinting.nl\/fr\/wp-json\/wp\/v2\/product_tag?post=13902"}],"curies":[{"name":"wp","href":"https:\/\/api.w.org\/{rel}","templated":true}]}}