{"id":13913,"date":"2025-01-24T11:32:14","date_gmt":"2025-01-24T10:32:14","guid":{"rendered":"https:\/\/www.amstelprinting.nl\/winkel\/non%20class\u00e9\/carwrap\/"},"modified":"2026-02-10T13:09:25","modified_gmt":"2026-02-10T12:09:25","slug":"carwrap","status":"publish","type":"product","link":"https:\/\/www.amstelprinting.nl\/fr\/boutique\/publicite-exterieure\/publicite-automobile\/carwrap\/","title":{"rendered":"Carwrap"},"content":{"rendered":"<h3>Avantages<\/h3>\n<ul>\n<li>Choisissez parmi trois mat\u00e9riaux de marques de renom<\/li>\n<li>Films flexibles : id\u00e9aux pour les surfaces complexes et incurv\u00e9es<\/li>\n<li>Application sans bulles d&rsquo;air, gr\u00e2ce \u00e0 une technologie adh\u00e9sive innovante<\/li>\n<li>Divisez facilement de grands designs via notre outil de t\u00e9l\u00e9chargement<\/li>\n<li>Profitez d&rsquo;impressions nettes et durables avec la technologie \u00c9co-Solvant<\/li>\n<li>Garantie d&rsquo;une longue dur\u00e9e de vie d&rsquo;au moins 5 ans<\/li>\n<\/ul>\n<p>&nbsp;<\/p>\n<h3>Imprimante Carwrap<\/h3>\n<p>Nous proposons nos films de carwrap en deux qualit\u00e9s diff\u00e9rentes. Le carwrap de qualit\u00e9 standard est imprim\u00e9 avec une imprimante latex. En outre, nous proposons \u00e9galement une variante premium. Ce carwrap b\u00e9n\u00e9ficie d&rsquo;une tr\u00e8s haute qualit\u00e9 d&rsquo;impression gr\u00e2ce \u00e0 notre imprimante \u00c9co-solvant. Le grand avantage de cette imprimante est sa capacit\u00e9 \u00e0 traiter neuf couleurs d&rsquo;encre diff\u00e9rentes. Il en r\u00e9sulte une gamme de couleurs beaucoup plus \u00e9tendue, rendant les impressions de carwrap encore plus vives et impressionnantes.<\/p>\n<h3>Films de Carwrap<\/h3>\n<p>Nos films de covering sont fabriqu\u00e9s en vinyle de qualit\u00e9 premium r\u00e9sistant aux diverses conditions m\u00e9t\u00e9orologiques et aux rayons UV, garantissant que les couleurs restent \u00e9clatantes et que le film dure longtemps. Amstel Printing propose des films de carwrap de deux marques diff\u00e9rentes : 3M\u2122 et Avery Dennison. Ci-dessous, nous expliquons les propri\u00e9t\u00e9s de chaque film de carwrap.<\/p>\n<p><strong>3M\u2122 Print Wrap Film IJ280 Blanc<\/strong><br \/>\nFilm de qualit\u00e9 avec 7 ans de garantie, si vous optez pour le laminat.<br \/>\nCouche adh\u00e9sive Comply\u2122 v4 Air Release et Controltac pour un (re)positionnement facile et une application sans bulles d&rsquo;air du carwrap.<\/p>\n<p><strong>Avery 1104<\/strong><br \/>\nFilm avec face arri\u00e8re blanche. Dur\u00e9e de vie pr\u00e9vue de 5 ans en usage ext\u00e9rieur.<br \/>\nLe film de carwrap Avery 1104 est le choix le plus \u00e9conomique.<\/p>\n<p><strong>Avery 1105<\/strong><br \/>\nFilm coul\u00e9 avec une extensibilit\u00e9 allant jusqu&rsquo;\u00e0 150%.<br \/>\nLe film dispose d&rsquo;une couche adh\u00e9sive Easy Apply\u2122 Repositionable pour un (re)positionnement facile et une application sans bulles d&rsquo;air du carwrap.<\/p>\n<h3>Application facile<\/h3>\n<p>Les films de covering sont faciles \u00e0 installer gr\u00e2ce aux canaux d&rsquo;air dans la couche adh\u00e9sive, ce qui \u00e9vite les bulles d&rsquo;air et assure une finition lisse et sans raccords.<\/p>\n<h3>Fonction durable<\/h3>\n<p>Les films de carwrap ont non seulement une fonction promotionnelle, mais aussi une fonction protectrice contre les impacts de gravillons et les rayures.<\/p>\n<h3>Retrait facile<\/h3>\n<p>Nos films de carwrap se retirent \u00e9galement facilement. En effet, ils ne laissent pas de r\u00e9sidus de colle. Cela vous permet de restaurer le v\u00e9hicule dans son \u00e9tat d&rsquo;origine.<\/p>\n","protected":false},"excerpt":{"rendered":"<p><span style=\"font-weight: 400;\">Transformez votre v\u00e9hicule (de soci\u00e9t\u00e9) avec nos films de covering de haute qualit\u00e9.<\/span><\/p>\n","protected":false},"featured_media":13915,"template":"","meta":{"_et_pb_use_builder":"","_et_pb_old_content":"","_et_gb_content_width":""},"product_brand":[],"product_cat":[312,574,519,448],"product_tag":[],"class_list":{"0":"post-13913","1":"product","2":"type-product","3":"status-publish","4":"has-post-thumbnail","6":"product_cat-autocollants-et-impression","7":"product_cat-grands-autocollants","8":"product_cat-publicite-automobile","9":"product_cat-publicite-exterieure","11":"first","12":"instock","13":"taxable","14":"shipping-taxable","15":"purchasable","16":"product-type-simple"},"yoast_head":"<!-- This site is optimized with the Yoast SEO plugin v27.3 - https:\/\/yoast.com\/product\/yoast-seo-wordpress\/ -->\n<title>Carwrap | Amstel Printing<\/title>\n<meta name=\"robots\" content=\"index, follow, max-snippet:-1, max-image-preview:large, max-video-preview:-1\" \/>\n<link rel=\"canonical\" href=\"https:\/\/www.amstelprinting.nl\/fr\/boutique\/publicite-exterieure\/publicite-automobile\/carwrap\/\" \/>\n<meta property=\"og:locale\" content=\"fr_FR\" \/>\n<meta property=\"og:type\" content=\"article\" \/>\n<meta property=\"og:title\" content=\"Carwrap | Amstel Printing\" \/>\n<meta property=\"og:description\" content=\"Transformez votre v\u00e9hicule (de soci\u00e9t\u00e9) avec nos films de covering de haute qualit\u00e9.\" \/>\n<meta property=\"og:url\" content=\"https:\/\/www.amstelprinting.nl\/fr\/boutique\/publicite-exterieure\/publicite-automobile\/carwrap\/\" \/>\n<meta property=\"og:site_name\" content=\"Amstel Printing\" \/>\n<meta property=\"article:modified_time\" content=\"2026-02-10T12:09:25+00:00\" \/>\n<meta property=\"og:image\" content=\"https:\/\/www.amstelprinting.nl\/wp-content\/uploads\/autosticker-bedrukken.png\" \/>\n\t<meta property=\"og:image:width\" content=\"900\" \/>\n\t<meta property=\"og:image:height\" content=\"900\" \/>\n\t<meta property=\"og:image:type\" content=\"image\/png\" \/>\n<meta name=\"twitter:card\" content=\"summary_large_image\" \/>\n<meta name=\"twitter:label1\" content=\"Dur\u00e9e de lecture estim\u00e9e\" \/>\n\t<meta name=\"twitter:data1\" content=\"2 minutes\" \/>\n<script type=\"application\/ld+json\" class=\"yoast-schema-graph\">{\"@context\":\"https:\\\/\\\/schema.org\",\"@graph\":[{\"@type\":\"WebPage\",\"@id\":\"https:\\\/\\\/www.amstelprinting.nl\\\/fr\\\/boutique\\\/publicite-exterieure\\\/publicite-automobile\\\/carwrap\\\/\",\"url\":\"https:\\\/\\\/www.amstelprinting.nl\\\/fr\\\/boutique\\\/publicite-exterieure\\\/publicite-automobile\\\/carwrap\\\/\",\"name\":\"Carwrap | Amstel Printing\",\"isPartOf\":{\"@id\":\"https:\\\/\\\/www.amstelprinting.nl\\\/fr\\\/#website\"},\"primaryImageOfPage\":{\"@id\":\"https:\\\/\\\/www.amstelprinting.nl\\\/fr\\\/boutique\\\/publicite-exterieure\\\/publicite-automobile\\\/carwrap\\\/#primaryimage\"},\"image\":{\"@id\":\"https:\\\/\\\/www.amstelprinting.nl\\\/fr\\\/boutique\\\/publicite-exterieure\\\/publicite-automobile\\\/carwrap\\\/#primaryimage\"},\"thumbnailUrl\":\"https:\\\/\\\/www.amstelprinting.nl\\\/wp-content\\\/uploads\\\/autosticker-bedrukken.png\",\"datePublished\":\"2025-01-24T10:32:14+00:00\",\"dateModified\":\"2026-02-10T12:09:25+00:00\",\"breadcrumb\":{\"@id\":\"https:\\\/\\\/www.amstelprinting.nl\\\/fr\\\/boutique\\\/publicite-exterieure\\\/publicite-automobile\\\/carwrap\\\/#breadcrumb\"},\"inLanguage\":\"fr-FR\",\"potentialAction\":[{\"@type\":\"ReadAction\",\"target\":[\"https:\\\/\\\/www.amstelprinting.nl\\\/fr\\\/boutique\\\/publicite-exterieure\\\/publicite-automobile\\\/carwrap\\\/\"]}]},{\"@type\":\"ImageObject\",\"inLanguage\":\"fr-FR\",\"@id\":\"https:\\\/\\\/www.amstelprinting.nl\\\/fr\\\/boutique\\\/publicite-exterieure\\\/publicite-automobile\\\/carwrap\\\/#primaryimage\",\"url\":\"https:\\\/\\\/www.amstelprinting.nl\\\/wp-content\\\/uploads\\\/autosticker-bedrukken.png\",\"contentUrl\":\"https:\\\/\\\/www.amstelprinting.nl\\\/wp-content\\\/uploads\\\/autosticker-bedrukken.png\",\"width\":900,\"height\":900},{\"@type\":\"BreadcrumbList\",\"@id\":\"https:\\\/\\\/www.amstelprinting.nl\\\/fr\\\/boutique\\\/publicite-exterieure\\\/publicite-automobile\\\/carwrap\\\/#breadcrumb\",\"itemListElement\":[{\"@type\":\"ListItem\",\"position\":1,\"name\":\"\",\"item\":\"https:\\\/\\\/www.amstelprinting.nl\\\/fr\\\/\"},{\"@type\":\"ListItem\",\"position\":2,\"name\":\"Amstel Printing\",\"item\":\"https:\\\/\\\/www.amstelprinting.nl\\\/fr\\\/boutique\\\/\"},{\"@type\":\"ListItem\",\"position\":3,\"name\":\"Publicit\u00e9 ext\u00e9rieure\",\"item\":\"https:\\\/\\\/www.amstelprinting.nl\\\/fr\\\/categorie\\\/publicite-exterieure\\\/\"},{\"@type\":\"ListItem\",\"position\":4,\"name\":\"Publicit\u00e9 automobile\",\"item\":\"https:\\\/\\\/www.amstelprinting.nl\\\/fr\\\/categorie\\\/publicite-exterieure\\\/publicite-automobile\\\/\"},{\"@type\":\"ListItem\",\"position\":5,\"name\":\"Carwrap\"}]},{\"@type\":\"WebSite\",\"@id\":\"https:\\\/\\\/www.amstelprinting.nl\\\/fr\\\/#website\",\"url\":\"https:\\\/\\\/www.amstelprinting.nl\\\/fr\\\/\",\"name\":\"Amstel Printing\",\"description\":\"Creating Exposure\",\"publisher\":{\"@id\":\"https:\\\/\\\/www.amstelprinting.nl\\\/fr\\\/#organization\"},\"potentialAction\":[{\"@type\":\"SearchAction\",\"target\":{\"@type\":\"EntryPoint\",\"urlTemplate\":\"https:\\\/\\\/www.amstelprinting.nl\\\/fr\\\/?s={search_term_string}\"},\"query-input\":{\"@type\":\"PropertyValueSpecification\",\"valueRequired\":true,\"valueName\":\"search_term_string\"}}],\"inLanguage\":\"fr-FR\"},{\"@type\":\"Organization\",\"@id\":\"https:\\\/\\\/www.amstelprinting.nl\\\/fr\\\/#organization\",\"name\":\"Amstel Printing\",\"url\":\"https:\\\/\\\/www.amstelprinting.nl\\\/fr\\\/\",\"logo\":{\"@type\":\"ImageObject\",\"inLanguage\":\"fr-FR\",\"@id\":\"https:\\\/\\\/www.amstelprinting.nl\\\/fr\\\/#\\\/schema\\\/logo\\\/image\\\/\",\"url\":\"https:\\\/\\\/www.amstelprinting.nl\\\/wp-content\\\/uploads\\\/amstel_printing_logo_clean.png\",\"contentUrl\":\"https:\\\/\\\/www.amstelprinting.nl\\\/wp-content\\\/uploads\\\/amstel_printing_logo_clean.png\",\"width\":324,\"height\":73,\"caption\":\"Amstel Printing\"},\"image\":{\"@id\":\"https:\\\/\\\/www.amstelprinting.nl\\\/fr\\\/#\\\/schema\\\/logo\\\/image\\\/\"}}]}<\/script>\n<!-- \/ Yoast SEO plugin. -->","yoast_head_json":{"title":"Carwrap | Amstel Printing","robots":{"index":"index","follow":"follow","max-snippet":"max-snippet:-1","max-image-preview":"max-image-preview:large","max-video-preview":"max-video-preview:-1"},"canonical":"https:\/\/www.amstelprinting.nl\/fr\/boutique\/publicite-exterieure\/publicite-automobile\/carwrap\/","og_locale":"fr_FR","og_type":"article","og_title":"Carwrap | Amstel Printing","og_description":"Transformez votre v\u00e9hicule (de soci\u00e9t\u00e9) avec nos films de covering de haute qualit\u00e9.","og_url":"https:\/\/www.amstelprinting.nl\/fr\/boutique\/publicite-exterieure\/publicite-automobile\/carwrap\/","og_site_name":"Amstel Printing","article_modified_time":"2026-02-10T12:09:25+00:00","og_image":[{"width":900,"height":900,"url":"https:\/\/www.amstelprinting.nl\/wp-content\/uploads\/autosticker-bedrukken.png","type":"image\/png"}],"twitter_card":"summary_large_image","twitter_misc":{"Dur\u00e9e de lecture estim\u00e9e":"2 minutes"},"schema":{"@context":"https:\/\/schema.org","@graph":[{"@type":"WebPage","@id":"https:\/\/www.amstelprinting.nl\/fr\/boutique\/publicite-exterieure\/publicite-automobile\/carwrap\/","url":"https:\/\/www.amstelprinting.nl\/fr\/boutique\/publicite-exterieure\/publicite-automobile\/carwrap\/","name":"Carwrap | Amstel Printing","isPartOf":{"@id":"https:\/\/www.amstelprinting.nl\/fr\/#website"},"primaryImageOfPage":{"@id":"https:\/\/www.amstelprinting.nl\/fr\/boutique\/publicite-exterieure\/publicite-automobile\/carwrap\/#primaryimage"},"image":{"@id":"https:\/\/www.amstelprinting.nl\/fr\/boutique\/publicite-exterieure\/publicite-automobile\/carwrap\/#primaryimage"},"thumbnailUrl":"https:\/\/www.amstelprinting.nl\/wp-content\/uploads\/autosticker-bedrukken.png","datePublished":"2025-01-24T10:32:14+00:00","dateModified":"2026-02-10T12:09:25+00:00","breadcrumb":{"@id":"https:\/\/www.amstelprinting.nl\/fr\/boutique\/publicite-exterieure\/publicite-automobile\/carwrap\/#breadcrumb"},"inLanguage":"fr-FR","potentialAction":[{"@type":"ReadAction","target":["https:\/\/www.amstelprinting.nl\/fr\/boutique\/publicite-exterieure\/publicite-automobile\/carwrap\/"]}]},{"@type":"ImageObject","inLanguage":"fr-FR","@id":"https:\/\/www.amstelprinting.nl\/fr\/boutique\/publicite-exterieure\/publicite-automobile\/carwrap\/#primaryimage","url":"https:\/\/www.amstelprinting.nl\/wp-content\/uploads\/autosticker-bedrukken.png","contentUrl":"https:\/\/www.amstelprinting.nl\/wp-content\/uploads\/autosticker-bedrukken.png","width":900,"height":900},{"@type":"BreadcrumbList","@id":"https:\/\/www.amstelprinting.nl\/fr\/boutique\/publicite-exterieure\/publicite-automobile\/carwrap\/#breadcrumb","itemListElement":[{"@type":"ListItem","position":1,"name":"","item":"https:\/\/www.amstelprinting.nl\/fr\/"},{"@type":"ListItem","position":2,"name":"Amstel Printing","item":"https:\/\/www.amstelprinting.nl\/fr\/boutique\/"},{"@type":"ListItem","position":3,"name":"Publicit\u00e9 ext\u00e9rieure","item":"https:\/\/www.amstelprinting.nl\/fr\/categorie\/publicite-exterieure\/"},{"@type":"ListItem","position":4,"name":"Publicit\u00e9 automobile","item":"https:\/\/www.amstelprinting.nl\/fr\/categorie\/publicite-exterieure\/publicite-automobile\/"},{"@type":"ListItem","position":5,"name":"Carwrap"}]},{"@type":"WebSite","@id":"https:\/\/www.amstelprinting.nl\/fr\/#website","url":"https:\/\/www.amstelprinting.nl\/fr\/","name":"Amstel Printing","description":"Creating Exposure","publisher":{"@id":"https:\/\/www.amstelprinting.nl\/fr\/#organization"},"potentialAction":[{"@type":"SearchAction","target":{"@type":"EntryPoint","urlTemplate":"https:\/\/www.amstelprinting.nl\/fr\/?s={search_term_string}"},"query-input":{"@type":"PropertyValueSpecification","valueRequired":true,"valueName":"search_term_string"}}],"inLanguage":"fr-FR"},{"@type":"Organization","@id":"https:\/\/www.amstelprinting.nl\/fr\/#organization","name":"Amstel Printing","url":"https:\/\/www.amstelprinting.nl\/fr\/","logo":{"@type":"ImageObject","inLanguage":"fr-FR","@id":"https:\/\/www.amstelprinting.nl\/fr\/#\/schema\/logo\/image\/","url":"https:\/\/www.amstelprinting.nl\/wp-content\/uploads\/amstel_printing_logo_clean.png","contentUrl":"https:\/\/www.amstelprinting.nl\/wp-content\/uploads\/amstel_printing_logo_clean.png","width":324,"height":73,"caption":"Amstel Printing"},"image":{"@id":"https:\/\/www.amstelprinting.nl\/fr\/#\/schema\/logo\/image\/"}}]}},"_links":{"self":[{"href":"https:\/\/www.amstelprinting.nl\/fr\/wp-json\/wp\/v2\/product\/13913","targetHints":{"allow":["GET"]}}],"collection":[{"href":"https:\/\/www.amstelprinting.nl\/fr\/wp-json\/wp\/v2\/product"}],"about":[{"href":"https:\/\/www.amstelprinting.nl\/fr\/wp-json\/wp\/v2\/types\/product"}],"wp:featuredmedia":[{"embeddable":true,"href":"https:\/\/www.amstelprinting.nl\/fr\/wp-json\/wp\/v2\/media\/13915"}],"wp:attachment":[{"href":"https:\/\/www.amstelprinting.nl\/fr\/wp-json\/wp\/v2\/media?parent=13913"}],"wp:term":[{"taxonomy":"product_brand","embeddable":true,"href":"https:\/\/www.amstelprinting.nl\/fr\/wp-json\/wp\/v2\/product_brand?post=13913"},{"taxonomy":"product_cat","embeddable":true,"href":"https:\/\/www.amstelprinting.nl\/fr\/wp-json\/wp\/v2\/product_cat?post=13913"},{"taxonomy":"product_tag","embeddable":true,"href":"https:\/\/www.amstelprinting.nl\/fr\/wp-json\/wp\/v2\/product_tag?post=13913"}],"curies":[{"name":"wp","href":"https:\/\/api.w.org\/{rel}","templated":true}]}}