{"id":13928,"date":"2025-01-24T11:32:06","date_gmt":"2025-01-24T10:32:06","guid":{"rendered":"https:\/\/www.amstelprinting.nl\/winkel\/non%20class\u00e9\/autosticker\/"},"modified":"2026-02-18T12:50:58","modified_gmt":"2026-02-18T11:50:58","slug":"autocollant-pour-voiture","status":"publish","type":"product","link":"https:\/\/www.amstelprinting.nl\/fr\/boutique\/publicite-exterieure\/publicite-automobile\/autocollant-pour-voiture\/","title":{"rendered":"Autocollant pour voiture"},"content":{"rendered":"<h3>Autocollants pour voiture de qualit\u00e9 premium<\/h3>\n<p>Donnez \u00e0 votre v\u00e9hicule (d&rsquo;entreprise) un look unique et transformez-le en support publicitaire mobile. Donnez une fonction suppl\u00e9mentaire \u00e0 votre v\u00e9hicule utilitaire et transformez-le en support publicitaire mobile. Nos autocollants pour voiture offrent la solution parfaite pour le marquage de v\u00e9hicules avec des surfaces plates ou l\u00e9g\u00e8rement courb\u00e9es.<\/p>\n<h3>Autocollants pour voiture : nos avantages<\/h3>\n<ul>\n<li>Grand format possible jusqu&rsquo;\u00e0 148 x 750 cm<\/li>\n<li>Disponible en 14 mat\u00e9riaux diff\u00e9rents<\/li>\n<li>Pour supports plats ou courb\u00e9s<\/li>\n<li>Finition mate ou brillante au choix<\/li>\n<li>\u00c9galement disponible en d\u00e9coupe \u00e0 la forme<\/li>\n<li>Certifi\u00e9 QuaPro (ignifuge)<\/li>\n<\/ul>\n<p>&nbsp;<\/p>\n<h3>Une large s\u00e9lection de mat\u00e9riaux<\/h3>\n<p>Choisissez des autocollants pour voiture transparents ou blancs de grandes marques comme QuaPro, 3M\u2122, Orajet\u00ae ou le film Avery. Selon que la surface est plate ou courb\u00e9e, nous proposons diverses garanties et dur\u00e9es de vie.<\/p>\n<h3>Sticker voiture \u00e0 la forme personnalis\u00e9e<\/h3>\n<p>En plus de l&rsquo;autocollant de voiture de forme rectangulaire standard, vous avez \u00e9galement la possibilit\u00e9 de commander des autocollants d\u00e9coup\u00e9s \u00e0 la forme (forme propre). Il existe deux types de techniques de d\u00e9coupe des contours : le through cut ou le kisscut. Avec le through cut, le film de l&rsquo;autocollant est enti\u00e8rement d\u00e9coup\u00e9 selon le contour (chaque couche). Avec la m\u00e9thode kisscut, seul le film est d\u00e9coup\u00e9 jusqu&rsquo;au support. Choisissez cette derni\u00e8re option si vous pr\u00e9voyez d&rsquo;\u00e9cheniller et d&rsquo;appliquer l&rsquo;autocollant.<\/p>\n<h3>Conseils de pose &#8211; assurez les bonnes conditions<\/h3>\n<p>Veillez \u00e0 ce que la surface soit propre et exempte de graisse. La temp\u00e9rature de pose appropri\u00e9e lors de l&rsquo;application (collage) des autocollants est cruciale pour obtenir le r\u00e9sultat souhait\u00e9. Veillez \u00e0 appliquer les autocollants \u00e0 une temp\u00e9rature ambiante comprise entre 10 et 32 degr\u00e9s Celsius. En effet, \u00e0 des temp\u00e9ratures plus \u00e9lev\u00e9es, la couche adh\u00e9sive peut devenir collante. \u00c0 une temp\u00e9rature de pose trop basse, la couche adh\u00e9sive peut devenir granuleuse. Outre la temp\u00e9rature ambiante, il est conseill\u00e9 de rentrer le v\u00e9hicule \u00e0 l&rsquo;int\u00e9rieur \u00e0 l&rsquo;avance. Cela permet \u00e0 la surface de s&rsquo;acclimater (se d\u00e9sembuer). Pour un r\u00e9sultat optimal, la surface \u00e0 coller doit \u00e9galement \u00eatre s\u00e8che et \u00e0 la bonne temp\u00e9rature.<\/p>\n","protected":false},"excerpt":{"rendered":"<p>Transformez votre v\u00e9hicule en support publicitaire mobile. Les autocollants pour voiture sont disponibles \u00e0 partir d&rsquo;une seule pi\u00e8ce.<\/p>\n","protected":false},"featured_media":13930,"template":"","meta":{"_et_pb_use_builder":"","_et_pb_old_content":"","_et_gb_content_width":""},"product_brand":[],"product_cat":[519,448],"product_tag":[],"class_list":{"0":"post-13928","1":"product","2":"type-product","3":"status-publish","4":"has-post-thumbnail","6":"product_cat-publicite-automobile","7":"product_cat-publicite-exterieure","9":"first","10":"instock","11":"taxable","12":"shipping-taxable","13":"purchasable","14":"product-type-simple"},"yoast_head":"<!-- This site is optimized with the Yoast SEO plugin v27.3 - https:\/\/yoast.com\/product\/yoast-seo-wordpress\/ -->\n<title>Autocollant pour voiture | Amstel Printing<\/title>\n<meta name=\"robots\" content=\"index, follow, max-snippet:-1, max-image-preview:large, max-video-preview:-1\" \/>\n<link rel=\"canonical\" href=\"https:\/\/www.amstelprinting.nl\/fr\/boutique\/publicite-exterieure\/publicite-automobile\/autocollant-pour-voiture\/\" \/>\n<meta property=\"og:locale\" content=\"fr_FR\" \/>\n<meta property=\"og:type\" content=\"article\" \/>\n<meta property=\"og:title\" content=\"Autocollant pour voiture | Amstel Printing\" \/>\n<meta property=\"og:description\" content=\"Transformez votre v\u00e9hicule en support publicitaire mobile. Les autocollants pour voiture sont disponibles \u00e0 partir d&#039;une seule pi\u00e8ce.\" \/>\n<meta property=\"og:url\" content=\"https:\/\/www.amstelprinting.nl\/fr\/boutique\/publicite-exterieure\/publicite-automobile\/autocollant-pour-voiture\/\" \/>\n<meta property=\"og:site_name\" content=\"Amstel Printing\" \/>\n<meta property=\"article:modified_time\" content=\"2026-02-18T11:50:58+00:00\" \/>\n<meta property=\"og:image\" content=\"https:\/\/www.amstelprinting.nl\/wp-content\/uploads\/Autosticker.jpg\" \/>\n\t<meta property=\"og:image:width\" content=\"700\" \/>\n\t<meta property=\"og:image:height\" content=\"700\" \/>\n\t<meta property=\"og:image:type\" content=\"image\/jpeg\" \/>\n<meta name=\"twitter:card\" content=\"summary_large_image\" \/>\n<meta name=\"twitter:label1\" content=\"Dur\u00e9e de lecture estim\u00e9e\" \/>\n\t<meta name=\"twitter:data1\" content=\"2 minutes\" \/>\n<script type=\"application\/ld+json\" class=\"yoast-schema-graph\">{\"@context\":\"https:\\\/\\\/schema.org\",\"@graph\":[{\"@type\":\"WebPage\",\"@id\":\"https:\\\/\\\/www.amstelprinting.nl\\\/fr\\\/boutique\\\/publicite-exterieure\\\/publicite-automobile\\\/autocollant-pour-voiture\\\/\",\"url\":\"https:\\\/\\\/www.amstelprinting.nl\\\/fr\\\/boutique\\\/publicite-exterieure\\\/publicite-automobile\\\/autocollant-pour-voiture\\\/\",\"name\":\"Autocollant pour voiture | Amstel Printing\",\"isPartOf\":{\"@id\":\"https:\\\/\\\/www.amstelprinting.nl\\\/fr\\\/#website\"},\"primaryImageOfPage\":{\"@id\":\"https:\\\/\\\/www.amstelprinting.nl\\\/fr\\\/boutique\\\/publicite-exterieure\\\/publicite-automobile\\\/autocollant-pour-voiture\\\/#primaryimage\"},\"image\":{\"@id\":\"https:\\\/\\\/www.amstelprinting.nl\\\/fr\\\/boutique\\\/publicite-exterieure\\\/publicite-automobile\\\/autocollant-pour-voiture\\\/#primaryimage\"},\"thumbnailUrl\":\"https:\\\/\\\/www.amstelprinting.nl\\\/wp-content\\\/uploads\\\/Autosticker.jpg\",\"datePublished\":\"2025-01-24T10:32:06+00:00\",\"dateModified\":\"2026-02-18T11:50:58+00:00\",\"breadcrumb\":{\"@id\":\"https:\\\/\\\/www.amstelprinting.nl\\\/fr\\\/boutique\\\/publicite-exterieure\\\/publicite-automobile\\\/autocollant-pour-voiture\\\/#breadcrumb\"},\"inLanguage\":\"fr-FR\",\"potentialAction\":[{\"@type\":\"ReadAction\",\"target\":[\"https:\\\/\\\/www.amstelprinting.nl\\\/fr\\\/boutique\\\/publicite-exterieure\\\/publicite-automobile\\\/autocollant-pour-voiture\\\/\"]}]},{\"@type\":\"ImageObject\",\"inLanguage\":\"fr-FR\",\"@id\":\"https:\\\/\\\/www.amstelprinting.nl\\\/fr\\\/boutique\\\/publicite-exterieure\\\/publicite-automobile\\\/autocollant-pour-voiture\\\/#primaryimage\",\"url\":\"https:\\\/\\\/www.amstelprinting.nl\\\/wp-content\\\/uploads\\\/Autosticker.jpg\",\"contentUrl\":\"https:\\\/\\\/www.amstelprinting.nl\\\/wp-content\\\/uploads\\\/Autosticker.jpg\",\"width\":700,\"height\":700},{\"@type\":\"BreadcrumbList\",\"@id\":\"https:\\\/\\\/www.amstelprinting.nl\\\/fr\\\/boutique\\\/publicite-exterieure\\\/publicite-automobile\\\/autocollant-pour-voiture\\\/#breadcrumb\",\"itemListElement\":[{\"@type\":\"ListItem\",\"position\":1,\"name\":\"\",\"item\":\"https:\\\/\\\/www.amstelprinting.nl\\\/fr\\\/\"},{\"@type\":\"ListItem\",\"position\":2,\"name\":\"Amstel Printing\",\"item\":\"https:\\\/\\\/www.amstelprinting.nl\\\/fr\\\/boutique\\\/\"},{\"@type\":\"ListItem\",\"position\":3,\"name\":\"Publicit\u00e9 ext\u00e9rieure\",\"item\":\"https:\\\/\\\/www.amstelprinting.nl\\\/fr\\\/categorie\\\/publicite-exterieure\\\/\"},{\"@type\":\"ListItem\",\"position\":4,\"name\":\"Publicit\u00e9 automobile\",\"item\":\"https:\\\/\\\/www.amstelprinting.nl\\\/fr\\\/categorie\\\/publicite-exterieure\\\/publicite-automobile\\\/\"},{\"@type\":\"ListItem\",\"position\":5,\"name\":\"Autocollant pour voiture\"}]},{\"@type\":\"WebSite\",\"@id\":\"https:\\\/\\\/www.amstelprinting.nl\\\/fr\\\/#website\",\"url\":\"https:\\\/\\\/www.amstelprinting.nl\\\/fr\\\/\",\"name\":\"Amstel Printing\",\"description\":\"Creating Exposure\",\"publisher\":{\"@id\":\"https:\\\/\\\/www.amstelprinting.nl\\\/fr\\\/#organization\"},\"potentialAction\":[{\"@type\":\"SearchAction\",\"target\":{\"@type\":\"EntryPoint\",\"urlTemplate\":\"https:\\\/\\\/www.amstelprinting.nl\\\/fr\\\/?s={search_term_string}\"},\"query-input\":{\"@type\":\"PropertyValueSpecification\",\"valueRequired\":true,\"valueName\":\"search_term_string\"}}],\"inLanguage\":\"fr-FR\"},{\"@type\":\"Organization\",\"@id\":\"https:\\\/\\\/www.amstelprinting.nl\\\/fr\\\/#organization\",\"name\":\"Amstel Printing\",\"url\":\"https:\\\/\\\/www.amstelprinting.nl\\\/fr\\\/\",\"logo\":{\"@type\":\"ImageObject\",\"inLanguage\":\"fr-FR\",\"@id\":\"https:\\\/\\\/www.amstelprinting.nl\\\/fr\\\/#\\\/schema\\\/logo\\\/image\\\/\",\"url\":\"https:\\\/\\\/www.amstelprinting.nl\\\/wp-content\\\/uploads\\\/amstel_printing_logo_clean.png\",\"contentUrl\":\"https:\\\/\\\/www.amstelprinting.nl\\\/wp-content\\\/uploads\\\/amstel_printing_logo_clean.png\",\"width\":324,\"height\":73,\"caption\":\"Amstel Printing\"},\"image\":{\"@id\":\"https:\\\/\\\/www.amstelprinting.nl\\\/fr\\\/#\\\/schema\\\/logo\\\/image\\\/\"}}]}<\/script>\n<!-- \/ Yoast SEO plugin. -->","yoast_head_json":{"title":"Autocollant pour voiture | Amstel Printing","robots":{"index":"index","follow":"follow","max-snippet":"max-snippet:-1","max-image-preview":"max-image-preview:large","max-video-preview":"max-video-preview:-1"},"canonical":"https:\/\/www.amstelprinting.nl\/fr\/boutique\/publicite-exterieure\/publicite-automobile\/autocollant-pour-voiture\/","og_locale":"fr_FR","og_type":"article","og_title":"Autocollant pour voiture | Amstel Printing","og_description":"Transformez votre v\u00e9hicule en support publicitaire mobile. Les autocollants pour voiture sont disponibles \u00e0 partir d'une seule pi\u00e8ce.","og_url":"https:\/\/www.amstelprinting.nl\/fr\/boutique\/publicite-exterieure\/publicite-automobile\/autocollant-pour-voiture\/","og_site_name":"Amstel Printing","article_modified_time":"2026-02-18T11:50:58+00:00","og_image":[{"width":700,"height":700,"url":"https:\/\/www.amstelprinting.nl\/wp-content\/uploads\/Autosticker.jpg","type":"image\/jpeg"}],"twitter_card":"summary_large_image","twitter_misc":{"Dur\u00e9e de lecture estim\u00e9e":"2 minutes"},"schema":{"@context":"https:\/\/schema.org","@graph":[{"@type":"WebPage","@id":"https:\/\/www.amstelprinting.nl\/fr\/boutique\/publicite-exterieure\/publicite-automobile\/autocollant-pour-voiture\/","url":"https:\/\/www.amstelprinting.nl\/fr\/boutique\/publicite-exterieure\/publicite-automobile\/autocollant-pour-voiture\/","name":"Autocollant pour voiture | Amstel Printing","isPartOf":{"@id":"https:\/\/www.amstelprinting.nl\/fr\/#website"},"primaryImageOfPage":{"@id":"https:\/\/www.amstelprinting.nl\/fr\/boutique\/publicite-exterieure\/publicite-automobile\/autocollant-pour-voiture\/#primaryimage"},"image":{"@id":"https:\/\/www.amstelprinting.nl\/fr\/boutique\/publicite-exterieure\/publicite-automobile\/autocollant-pour-voiture\/#primaryimage"},"thumbnailUrl":"https:\/\/www.amstelprinting.nl\/wp-content\/uploads\/Autosticker.jpg","datePublished":"2025-01-24T10:32:06+00:00","dateModified":"2026-02-18T11:50:58+00:00","breadcrumb":{"@id":"https:\/\/www.amstelprinting.nl\/fr\/boutique\/publicite-exterieure\/publicite-automobile\/autocollant-pour-voiture\/#breadcrumb"},"inLanguage":"fr-FR","potentialAction":[{"@type":"ReadAction","target":["https:\/\/www.amstelprinting.nl\/fr\/boutique\/publicite-exterieure\/publicite-automobile\/autocollant-pour-voiture\/"]}]},{"@type":"ImageObject","inLanguage":"fr-FR","@id":"https:\/\/www.amstelprinting.nl\/fr\/boutique\/publicite-exterieure\/publicite-automobile\/autocollant-pour-voiture\/#primaryimage","url":"https:\/\/www.amstelprinting.nl\/wp-content\/uploads\/Autosticker.jpg","contentUrl":"https:\/\/www.amstelprinting.nl\/wp-content\/uploads\/Autosticker.jpg","width":700,"height":700},{"@type":"BreadcrumbList","@id":"https:\/\/www.amstelprinting.nl\/fr\/boutique\/publicite-exterieure\/publicite-automobile\/autocollant-pour-voiture\/#breadcrumb","itemListElement":[{"@type":"ListItem","position":1,"name":"","item":"https:\/\/www.amstelprinting.nl\/fr\/"},{"@type":"ListItem","position":2,"name":"Amstel Printing","item":"https:\/\/www.amstelprinting.nl\/fr\/boutique\/"},{"@type":"ListItem","position":3,"name":"Publicit\u00e9 ext\u00e9rieure","item":"https:\/\/www.amstelprinting.nl\/fr\/categorie\/publicite-exterieure\/"},{"@type":"ListItem","position":4,"name":"Publicit\u00e9 automobile","item":"https:\/\/www.amstelprinting.nl\/fr\/categorie\/publicite-exterieure\/publicite-automobile\/"},{"@type":"ListItem","position":5,"name":"Autocollant pour voiture"}]},{"@type":"WebSite","@id":"https:\/\/www.amstelprinting.nl\/fr\/#website","url":"https:\/\/www.amstelprinting.nl\/fr\/","name":"Amstel Printing","description":"Creating Exposure","publisher":{"@id":"https:\/\/www.amstelprinting.nl\/fr\/#organization"},"potentialAction":[{"@type":"SearchAction","target":{"@type":"EntryPoint","urlTemplate":"https:\/\/www.amstelprinting.nl\/fr\/?s={search_term_string}"},"query-input":{"@type":"PropertyValueSpecification","valueRequired":true,"valueName":"search_term_string"}}],"inLanguage":"fr-FR"},{"@type":"Organization","@id":"https:\/\/www.amstelprinting.nl\/fr\/#organization","name":"Amstel Printing","url":"https:\/\/www.amstelprinting.nl\/fr\/","logo":{"@type":"ImageObject","inLanguage":"fr-FR","@id":"https:\/\/www.amstelprinting.nl\/fr\/#\/schema\/logo\/image\/","url":"https:\/\/www.amstelprinting.nl\/wp-content\/uploads\/amstel_printing_logo_clean.png","contentUrl":"https:\/\/www.amstelprinting.nl\/wp-content\/uploads\/amstel_printing_logo_clean.png","width":324,"height":73,"caption":"Amstel Printing"},"image":{"@id":"https:\/\/www.amstelprinting.nl\/fr\/#\/schema\/logo\/image\/"}}]}},"_links":{"self":[{"href":"https:\/\/www.amstelprinting.nl\/fr\/wp-json\/wp\/v2\/product\/13928","targetHints":{"allow":["GET"]}}],"collection":[{"href":"https:\/\/www.amstelprinting.nl\/fr\/wp-json\/wp\/v2\/product"}],"about":[{"href":"https:\/\/www.amstelprinting.nl\/fr\/wp-json\/wp\/v2\/types\/product"}],"wp:featuredmedia":[{"embeddable":true,"href":"https:\/\/www.amstelprinting.nl\/fr\/wp-json\/wp\/v2\/media\/13930"}],"wp:attachment":[{"href":"https:\/\/www.amstelprinting.nl\/fr\/wp-json\/wp\/v2\/media?parent=13928"}],"wp:term":[{"taxonomy":"product_brand","embeddable":true,"href":"https:\/\/www.amstelprinting.nl\/fr\/wp-json\/wp\/v2\/product_brand?post=13928"},{"taxonomy":"product_cat","embeddable":true,"href":"https:\/\/www.amstelprinting.nl\/fr\/wp-json\/wp\/v2\/product_cat?post=13928"},{"taxonomy":"product_tag","embeddable":true,"href":"https:\/\/www.amstelprinting.nl\/fr\/wp-json\/wp\/v2\/product_tag?post=13928"}],"curies":[{"name":"wp","href":"https:\/\/api.w.org\/{rel}","templated":true}]}}