{"id":13962,"date":"2025-01-24T11:31:48","date_gmt":"2025-01-24T10:31:48","guid":{"rendered":"https:\/\/www.amstelprinting.nl\/winkel\/non%20class\u00e9\/zitzak\/"},"modified":"2026-02-18T12:51:00","modified_gmt":"2026-02-18T11:51:00","slug":"pouf","status":"publish","type":"product","link":"https:\/\/www.amstelprinting.nl\/fr\/boutique\/interieur-2\/exterieur\/pouf\/","title":{"rendered":"Pouf"},"content":{"rendered":"<h3>Format et mat\u00e9riau<\/h3>\n<p>Le pouf est disponible en trois formats : 100 cm x 140 cm, 135 cm x 135 cm et 135 cm x 175 cm. De plus, vous avez le choix entre les mat\u00e9riaux ProPES outdoor, velours et kendal.<\/p>\n<ul>\n<li><strong>ProPES outdoor<\/strong> : Ce tissu est sp\u00e9cialement con\u00e7u pour un usage ext\u00e9rieur, ce qui rend le pouf r\u00e9sistant \u00e0 diverses conditions m\u00e9t\u00e9orologiques. Il offre une excellente r\u00e9sistance aux UV et une grande solidit\u00e9 des couleurs, de sorte que le pouf conserve un aspect frais et \u00e9clatant pendant longtemps, m\u00eame en cas d&rsquo;exposition au soleil.<\/li>\n<li><strong>Velours<\/strong> : Ce tissu doux et luxueux apporte une touche d&rsquo;\u00e9l\u00e9gance \u00e0 votre int\u00e9rieur. Il est soyeux au toucher et offre une assise confortable, parfaite pour les espaces int\u00e9rieurs o\u00f9 confort et esth\u00e9tique se rencontrent.<\/li>\n<li><strong>Kendal<\/strong> : Ce tissu est r\u00e9put\u00e9 pour sa durabilit\u00e9 et sa polyvalence. Il r\u00e9siste \u00e0 un usage quotidien et conserve sa forme et sa couleur sur le long terme. Id\u00e9al pour les poufs utilis\u00e9s de mani\u00e8re intensive dans des environnements familiaux anim\u00e9s ou des espaces commerciaux.<\/li>\n<\/ul>\n<p>Les poufs sont dot\u00e9s d&rsquo;une housse int\u00e9rieure en polyester de haute qualit\u00e9, facile \u00e0 nettoyer et munie d&rsquo;un rembourrage en billes d&rsquo;EPS recycl\u00e9es. Ce rembourrage s&rsquo;adapte confortablement \u00e0 votre corps pour une exp\u00e9rience d&rsquo;assise ergonomique et offrant un bon maintien.<\/p>\n<h3>Finition<\/h3>\n<p>Personnalisez votre pouf en choisissant entre des fils et des fermetures \u00e9clair noirs ou blancs, vous permettant ainsi de cr\u00e9er le look parfait qui correspond \u00e0 votre style personnel et \u00e0 votre int\u00e9rieur.<\/p>\n<p>Transformez votre espace avec confort et style gr\u00e2ce \u00e0 nos poufs polyvalents. Choisissez votre mat\u00e9riau, format et couleur pr\u00e9f\u00e9r\u00e9s et profitez d&rsquo;une assise offrant \u00e0 la fois luxe et durabilit\u00e9. D\u00e9couvrez d\u00e8s aujourd&rsquo;hui comment nos poufs enrichissent vos moments de d\u00e9tente quotidiens !<\/p>\n<h3>Questions fr\u00e9quemment pos\u00e9es<\/h3>\n<p><strong>Quel est le volume en litres du pouf ?<\/strong><br \/>\nLe nombre de litres de rembourrage du pouf varie selon le format choisi :<\/p>\n<ul>\n<li>Pour la taille 100 x 140 cm, la contenance est de 225 litres.<\/li>\n<li>Pour la taille 135 x 135 cm, la contenance est de 300 litres.<\/li>\n<li>Pour la taille 135 x 175 cm, la contenance est de 390 litres.<\/li>\n<\/ul>\n<p>&nbsp;<br \/>\n<strong>Pourquoi les frais de port pour ce produit sont-ils si \u00e9lev\u00e9s ?<\/strong><br \/>\nLes frais de port pour un pouf sont plus \u00e9lev\u00e9s en raison de la taille du produit, ce qui entra\u00eene des co\u00fbts d&rsquo;exp\u00e9dition plus importants par rapport \u00e0 des produits plus petits.<\/p>\n<p><strong>Comment dois-je laver et s\u00e9cher ce produit ?<\/strong><br \/>\nVous pouvez laver la housse \u00e0 30 degr\u00e9s et la repasser \u00e0 110 degr\u00e9s maximum. Vous ne pouvez pas blanchir la housse et elle ne convient pas au s\u00e8che-linge ; un s\u00e9chage \u00e0 l&rsquo;air libre est recommand\u00e9. Conseil : Lavez \u00e0 l&rsquo;envers ou dans un sac de lavage pour prot\u00e9ger l&rsquo;impression.<\/p>\n","protected":false},"excerpt":{"rendered":"<h3>Coussin d&rsquo;assise pour applications int\u00e9rieures et ext\u00e9rieures<\/h3>\n<p>Cr\u00e9ez le confort ultime dans votre maison, jardin ou bureau avec nos poufs de haute qualit\u00e9. Chaque pouf peut \u00eatre livr\u00e9 sous forme de kit complet, mais vous pouvez \u00e9galement commander la housse de pouf ou le rembourrage de pouf s\u00e9par\u00e9ment.<\/p>\n","protected":false},"featured_media":13963,"template":"","meta":{"_et_pb_use_builder":"","_et_pb_old_content":"","_et_gb_content_width":""},"product_brand":[],"product_cat":[629,424,553,542,448,428,526],"product_tag":[],"class_list":{"0":"post-13962","1":"product","2":"type-product","3":"status-publish","4":"has-post-thumbnail","6":"product_cat-bureau","7":"product_cat-decoration","8":"product_cat-exterieur","9":"product_cat-interieur-2","10":"product_cat-publicite-exterieure","11":"product_cat-salon-et-evenement","12":"product_cat-terrasse-jardin","14":"first","15":"instock","16":"taxable","17":"shipping-taxable","18":"purchasable","19":"product-type-simple"},"yoast_head":"<!-- This site is optimized with the Yoast SEO plugin v27.3 - https:\/\/yoast.com\/product\/yoast-seo-wordpress\/ -->\n<title>Pouf | Amstel Printing<\/title>\n<meta name=\"robots\" content=\"index, follow, max-snippet:-1, max-image-preview:large, max-video-preview:-1\" \/>\n<link rel=\"canonical\" href=\"https:\/\/www.amstelprinting.nl\/fr\/boutique\/interieur-2\/exterieur\/pouf\/\" \/>\n<meta property=\"og:locale\" content=\"fr_FR\" \/>\n<meta property=\"og:type\" content=\"article\" \/>\n<meta property=\"og:title\" content=\"Pouf | Amstel Printing\" \/>\n<meta property=\"og:description\" content=\"Coussin d&#039;assise pour applications int\u00e9rieures et ext\u00e9rieures Cr\u00e9ez le confort ultime dans votre maison, jardin ou bureau avec nos poufs de haute qualit\u00e9. Chaque pouf peut \u00eatre livr\u00e9 sous forme de kit complet, mais vous pouvez \u00e9galement commander la housse de pouf ou le rembourrage de pouf s\u00e9par\u00e9ment.\" \/>\n<meta property=\"og:url\" content=\"https:\/\/www.amstelprinting.nl\/fr\/boutique\/interieur-2\/exterieur\/pouf\/\" \/>\n<meta property=\"og:site_name\" content=\"Amstel Printing\" \/>\n<meta property=\"article:modified_time\" content=\"2026-02-18T11:51:00+00:00\" \/>\n<meta property=\"og:image\" content=\"https:\/\/www.amstelprinting.nl\/wp-content\/uploads\/zitzak-bedrukken.png\" \/>\n\t<meta property=\"og:image:width\" content=\"1200\" \/>\n\t<meta property=\"og:image:height\" content=\"1200\" \/>\n\t<meta property=\"og:image:type\" content=\"image\/png\" \/>\n<meta name=\"twitter:card\" content=\"summary_large_image\" \/>\n<meta name=\"twitter:label1\" content=\"Dur\u00e9e de lecture estim\u00e9e\" \/>\n\t<meta name=\"twitter:data1\" content=\"2 minutes\" \/>\n<script type=\"application\/ld+json\" class=\"yoast-schema-graph\">{\"@context\":\"https:\\\/\\\/schema.org\",\"@graph\":[{\"@type\":\"WebPage\",\"@id\":\"https:\\\/\\\/www.amstelprinting.nl\\\/fr\\\/boutique\\\/interieur-2\\\/exterieur\\\/pouf\\\/\",\"url\":\"https:\\\/\\\/www.amstelprinting.nl\\\/fr\\\/boutique\\\/interieur-2\\\/exterieur\\\/pouf\\\/\",\"name\":\"Pouf | Amstel Printing\",\"isPartOf\":{\"@id\":\"https:\\\/\\\/www.amstelprinting.nl\\\/fr\\\/#website\"},\"primaryImageOfPage\":{\"@id\":\"https:\\\/\\\/www.amstelprinting.nl\\\/fr\\\/boutique\\\/interieur-2\\\/exterieur\\\/pouf\\\/#primaryimage\"},\"image\":{\"@id\":\"https:\\\/\\\/www.amstelprinting.nl\\\/fr\\\/boutique\\\/interieur-2\\\/exterieur\\\/pouf\\\/#primaryimage\"},\"thumbnailUrl\":\"https:\\\/\\\/www.amstelprinting.nl\\\/wp-content\\\/uploads\\\/zitzak-bedrukken.png\",\"datePublished\":\"2025-01-24T10:31:48+00:00\",\"dateModified\":\"2026-02-18T11:51:00+00:00\",\"breadcrumb\":{\"@id\":\"https:\\\/\\\/www.amstelprinting.nl\\\/fr\\\/boutique\\\/interieur-2\\\/exterieur\\\/pouf\\\/#breadcrumb\"},\"inLanguage\":\"fr-FR\",\"potentialAction\":[{\"@type\":\"ReadAction\",\"target\":[\"https:\\\/\\\/www.amstelprinting.nl\\\/fr\\\/boutique\\\/interieur-2\\\/exterieur\\\/pouf\\\/\"]}]},{\"@type\":\"ImageObject\",\"inLanguage\":\"fr-FR\",\"@id\":\"https:\\\/\\\/www.amstelprinting.nl\\\/fr\\\/boutique\\\/interieur-2\\\/exterieur\\\/pouf\\\/#primaryimage\",\"url\":\"https:\\\/\\\/www.amstelprinting.nl\\\/wp-content\\\/uploads\\\/zitzak-bedrukken.png\",\"contentUrl\":\"https:\\\/\\\/www.amstelprinting.nl\\\/wp-content\\\/uploads\\\/zitzak-bedrukken.png\",\"width\":1200,\"height\":1200},{\"@type\":\"BreadcrumbList\",\"@id\":\"https:\\\/\\\/www.amstelprinting.nl\\\/fr\\\/boutique\\\/interieur-2\\\/exterieur\\\/pouf\\\/#breadcrumb\",\"itemListElement\":[{\"@type\":\"ListItem\",\"position\":1,\"name\":\"\",\"item\":\"https:\\\/\\\/www.amstelprinting.nl\\\/fr\\\/\"},{\"@type\":\"ListItem\",\"position\":2,\"name\":\"Amstel Printing\",\"item\":\"https:\\\/\\\/www.amstelprinting.nl\\\/fr\\\/boutique\\\/\"},{\"@type\":\"ListItem\",\"position\":3,\"name\":\"Publicit\u00e9 ext\u00e9rieure\",\"item\":\"https:\\\/\\\/www.amstelprinting.nl\\\/fr\\\/categorie\\\/publicite-exterieure\\\/\"},{\"@type\":\"ListItem\",\"position\":4,\"name\":\"Terrasse &amp; jardin\",\"item\":\"https:\\\/\\\/www.amstelprinting.nl\\\/fr\\\/categorie\\\/publicite-exterieure\\\/terrasse-jardin\\\/\"},{\"@type\":\"ListItem\",\"position\":5,\"name\":\"Pouf\"}]},{\"@type\":\"WebSite\",\"@id\":\"https:\\\/\\\/www.amstelprinting.nl\\\/fr\\\/#website\",\"url\":\"https:\\\/\\\/www.amstelprinting.nl\\\/fr\\\/\",\"name\":\"Amstel Printing\",\"description\":\"Creating Exposure\",\"publisher\":{\"@id\":\"https:\\\/\\\/www.amstelprinting.nl\\\/fr\\\/#organization\"},\"potentialAction\":[{\"@type\":\"SearchAction\",\"target\":{\"@type\":\"EntryPoint\",\"urlTemplate\":\"https:\\\/\\\/www.amstelprinting.nl\\\/fr\\\/?s={search_term_string}\"},\"query-input\":{\"@type\":\"PropertyValueSpecification\",\"valueRequired\":true,\"valueName\":\"search_term_string\"}}],\"inLanguage\":\"fr-FR\"},{\"@type\":\"Organization\",\"@id\":\"https:\\\/\\\/www.amstelprinting.nl\\\/fr\\\/#organization\",\"name\":\"Amstel Printing\",\"url\":\"https:\\\/\\\/www.amstelprinting.nl\\\/fr\\\/\",\"logo\":{\"@type\":\"ImageObject\",\"inLanguage\":\"fr-FR\",\"@id\":\"https:\\\/\\\/www.amstelprinting.nl\\\/fr\\\/#\\\/schema\\\/logo\\\/image\\\/\",\"url\":\"https:\\\/\\\/www.amstelprinting.nl\\\/wp-content\\\/uploads\\\/amstel_printing_logo_clean.png\",\"contentUrl\":\"https:\\\/\\\/www.amstelprinting.nl\\\/wp-content\\\/uploads\\\/amstel_printing_logo_clean.png\",\"width\":324,\"height\":73,\"caption\":\"Amstel Printing\"},\"image\":{\"@id\":\"https:\\\/\\\/www.amstelprinting.nl\\\/fr\\\/#\\\/schema\\\/logo\\\/image\\\/\"}}]}<\/script>\n<!-- \/ Yoast SEO plugin. -->","yoast_head_json":{"title":"Pouf | Amstel Printing","robots":{"index":"index","follow":"follow","max-snippet":"max-snippet:-1","max-image-preview":"max-image-preview:large","max-video-preview":"max-video-preview:-1"},"canonical":"https:\/\/www.amstelprinting.nl\/fr\/boutique\/interieur-2\/exterieur\/pouf\/","og_locale":"fr_FR","og_type":"article","og_title":"Pouf | Amstel Printing","og_description":"Coussin d'assise pour applications int\u00e9rieures et ext\u00e9rieures Cr\u00e9ez le confort ultime dans votre maison, jardin ou bureau avec nos poufs de haute qualit\u00e9. Chaque pouf peut \u00eatre livr\u00e9 sous forme de kit complet, mais vous pouvez \u00e9galement commander la housse de pouf ou le rembourrage de pouf s\u00e9par\u00e9ment.","og_url":"https:\/\/www.amstelprinting.nl\/fr\/boutique\/interieur-2\/exterieur\/pouf\/","og_site_name":"Amstel Printing","article_modified_time":"2026-02-18T11:51:00+00:00","og_image":[{"width":1200,"height":1200,"url":"https:\/\/www.amstelprinting.nl\/wp-content\/uploads\/zitzak-bedrukken.png","type":"image\/png"}],"twitter_card":"summary_large_image","twitter_misc":{"Dur\u00e9e de lecture estim\u00e9e":"2 minutes"},"schema":{"@context":"https:\/\/schema.org","@graph":[{"@type":"WebPage","@id":"https:\/\/www.amstelprinting.nl\/fr\/boutique\/interieur-2\/exterieur\/pouf\/","url":"https:\/\/www.amstelprinting.nl\/fr\/boutique\/interieur-2\/exterieur\/pouf\/","name":"Pouf | Amstel Printing","isPartOf":{"@id":"https:\/\/www.amstelprinting.nl\/fr\/#website"},"primaryImageOfPage":{"@id":"https:\/\/www.amstelprinting.nl\/fr\/boutique\/interieur-2\/exterieur\/pouf\/#primaryimage"},"image":{"@id":"https:\/\/www.amstelprinting.nl\/fr\/boutique\/interieur-2\/exterieur\/pouf\/#primaryimage"},"thumbnailUrl":"https:\/\/www.amstelprinting.nl\/wp-content\/uploads\/zitzak-bedrukken.png","datePublished":"2025-01-24T10:31:48+00:00","dateModified":"2026-02-18T11:51:00+00:00","breadcrumb":{"@id":"https:\/\/www.amstelprinting.nl\/fr\/boutique\/interieur-2\/exterieur\/pouf\/#breadcrumb"},"inLanguage":"fr-FR","potentialAction":[{"@type":"ReadAction","target":["https:\/\/www.amstelprinting.nl\/fr\/boutique\/interieur-2\/exterieur\/pouf\/"]}]},{"@type":"ImageObject","inLanguage":"fr-FR","@id":"https:\/\/www.amstelprinting.nl\/fr\/boutique\/interieur-2\/exterieur\/pouf\/#primaryimage","url":"https:\/\/www.amstelprinting.nl\/wp-content\/uploads\/zitzak-bedrukken.png","contentUrl":"https:\/\/www.amstelprinting.nl\/wp-content\/uploads\/zitzak-bedrukken.png","width":1200,"height":1200},{"@type":"BreadcrumbList","@id":"https:\/\/www.amstelprinting.nl\/fr\/boutique\/interieur-2\/exterieur\/pouf\/#breadcrumb","itemListElement":[{"@type":"ListItem","position":1,"name":"","item":"https:\/\/www.amstelprinting.nl\/fr\/"},{"@type":"ListItem","position":2,"name":"Amstel Printing","item":"https:\/\/www.amstelprinting.nl\/fr\/boutique\/"},{"@type":"ListItem","position":3,"name":"Publicit\u00e9 ext\u00e9rieure","item":"https:\/\/www.amstelprinting.nl\/fr\/categorie\/publicite-exterieure\/"},{"@type":"ListItem","position":4,"name":"Terrasse &amp; jardin","item":"https:\/\/www.amstelprinting.nl\/fr\/categorie\/publicite-exterieure\/terrasse-jardin\/"},{"@type":"ListItem","position":5,"name":"Pouf"}]},{"@type":"WebSite","@id":"https:\/\/www.amstelprinting.nl\/fr\/#website","url":"https:\/\/www.amstelprinting.nl\/fr\/","name":"Amstel Printing","description":"Creating Exposure","publisher":{"@id":"https:\/\/www.amstelprinting.nl\/fr\/#organization"},"potentialAction":[{"@type":"SearchAction","target":{"@type":"EntryPoint","urlTemplate":"https:\/\/www.amstelprinting.nl\/fr\/?s={search_term_string}"},"query-input":{"@type":"PropertyValueSpecification","valueRequired":true,"valueName":"search_term_string"}}],"inLanguage":"fr-FR"},{"@type":"Organization","@id":"https:\/\/www.amstelprinting.nl\/fr\/#organization","name":"Amstel Printing","url":"https:\/\/www.amstelprinting.nl\/fr\/","logo":{"@type":"ImageObject","inLanguage":"fr-FR","@id":"https:\/\/www.amstelprinting.nl\/fr\/#\/schema\/logo\/image\/","url":"https:\/\/www.amstelprinting.nl\/wp-content\/uploads\/amstel_printing_logo_clean.png","contentUrl":"https:\/\/www.amstelprinting.nl\/wp-content\/uploads\/amstel_printing_logo_clean.png","width":324,"height":73,"caption":"Amstel Printing"},"image":{"@id":"https:\/\/www.amstelprinting.nl\/fr\/#\/schema\/logo\/image\/"}}]}},"_links":{"self":[{"href":"https:\/\/www.amstelprinting.nl\/fr\/wp-json\/wp\/v2\/product\/13962","targetHints":{"allow":["GET"]}}],"collection":[{"href":"https:\/\/www.amstelprinting.nl\/fr\/wp-json\/wp\/v2\/product"}],"about":[{"href":"https:\/\/www.amstelprinting.nl\/fr\/wp-json\/wp\/v2\/types\/product"}],"wp:featuredmedia":[{"embeddable":true,"href":"https:\/\/www.amstelprinting.nl\/fr\/wp-json\/wp\/v2\/media\/13963"}],"wp:attachment":[{"href":"https:\/\/www.amstelprinting.nl\/fr\/wp-json\/wp\/v2\/media?parent=13962"}],"wp:term":[{"taxonomy":"product_brand","embeddable":true,"href":"https:\/\/www.amstelprinting.nl\/fr\/wp-json\/wp\/v2\/product_brand?post=13962"},{"taxonomy":"product_cat","embeddable":true,"href":"https:\/\/www.amstelprinting.nl\/fr\/wp-json\/wp\/v2\/product_cat?post=13962"},{"taxonomy":"product_tag","embeddable":true,"href":"https:\/\/www.amstelprinting.nl\/fr\/wp-json\/wp\/v2\/product_tag?post=13962"}],"curies":[{"name":"wp","href":"https:\/\/api.w.org\/{rel}","templated":true}]}}