{"id":13973,"date":"2025-01-24T11:31:40","date_gmt":"2025-01-24T10:31:40","guid":{"rendered":"https:\/\/www.amstelprinting.nl\/winkel\/non%20class\u00e9\/buitenkussen\/"},"modified":"2026-02-18T12:51:00","modified_gmt":"2026-02-18T11:51:00","slug":"coussin-dexterieur","status":"publish","type":"product","link":"https:\/\/www.amstelprinting.nl\/fr\/boutique\/interieur-2\/exterieur\/coussin-dexterieur\/","title":{"rendered":"Coussin d&rsquo;ext\u00e9rieur"},"content":{"rendered":"<h2>Impression de coussin d&rsquo;ext\u00e9rieur<\/h2>\n<h3>Format et mat\u00e9riau<\/h3>\n<p>Choisissez parmi six formats diff\u00e9rents pour s&rsquo;adapter parfaitement \u00e0 votre mobilier de jardin et \u00e0 vos pr\u00e9f\u00e9rences personnelles. La housse est fabriqu\u00e9e en ProPES outdoor, un mat\u00e9riau qui convient aussi bien \u00e0 un usage int\u00e9rieur qu&rsquo;ext\u00e9rieur. Il offre une excellente r\u00e9sistance aux intemp\u00e9ries et une grande solidit\u00e9 des couleurs, de sorte que vos coussins restent beaux saison apr\u00e8s saison.<\/p>\n<h3>Finition<\/h3>\n<p>Vous pouvez finir votre coussin d&rsquo;ext\u00e9rieur avec ou sans \u00e9tiquette. Dans la section des t\u00e9l\u00e9chargements, vous trouverez le gabarit pour le coussin d&rsquo;ext\u00e9rieur avec et sans \u00e9tiquette. De plus, vous avez le choix entre du fil noir ou blanc et vous pouvez choisir une fermeture \u00e9clair blanche, noire ou dor\u00e9e pour assortir le tout \u00e0 votre environnement ext\u00e9rieur. Cr\u00e9ez une atmosph\u00e8re d\u00e9tendue et accueillante o\u00f9 vous pourrez profiter de l&rsquo;ext\u00e9rieur, saison apr\u00e8s saison. Compl\u00e9tez votre espace ext\u00e9rieur d\u00e8s aujourd&rsquo;hui avec nos coussins d&rsquo;ext\u00e9rieur !<\/p>\n<h3>Questions fr\u00e9quemment pos\u00e9es sur le coussin d&rsquo;ext\u00e9rieur<\/h3>\n<p><strong>Le coussin d&rsquo;ext\u00e9rieur peut-il \u00eatre muni d&rsquo;une \u00e9tiquette ?<\/strong><br \/>\nOui, vous pouvez \u00e9galement munir un coussin d&rsquo;ext\u00e9rieur d&rsquo;une \u00e9tiquette. Lors du processus de commande, vous avez la possibilit\u00e9 de choisir un coussin d\u00e9coratif avec \u00e9tiquette pour certains mat\u00e9riaux. Pour votre commodit\u00e9, nous avons cr\u00e9\u00e9 des gabarits sp\u00e9ciaux que vous trouverez dans la section des t\u00e9l\u00e9chargements.<\/p>\n<p><strong>Le coussin est-il emball\u00e9 sous vide ?<\/strong><br \/>\nPour \u00e9viter les plis, les coussins ne sont pas emball\u00e9s sous vide.<\/p>\n<p><strong>Comment le coussin peut-il \u00eatre lav\u00e9 ?<\/strong><br \/>\nLes coussins peuvent \u00eatre lav\u00e9s \u00e0 30 degr\u00e9s. Vous pouvez laver le rembourrage en m\u00eame temps.<\/p>\n","protected":false},"excerpt":{"rendered":"<h3>Coussins d&rsquo;ext\u00e9rieur hydrofuges et recyclables<\/h3>\n<p>Alliez confort et style dans votre jardin, terrasse ou balcon gr\u00e2ce \u00e0 nos coussins d&rsquo;ext\u00e9rieur imprim\u00e9s de haute qualit\u00e9. Chaque coussin d&rsquo;ext\u00e9rieur peut \u00eatre livr\u00e9 sous forme d&rsquo;ensemble complet avec une housse et un rembourrage, ou vous pouvez choisir de commander uniquement la housse (avec impression) ou le rembourrage s\u00e9par\u00e9ment.<\/p>\n","protected":false},"featured_media":13975,"template":"","meta":{"_et_pb_use_builder":"","_et_pb_old_content":"","_et_gb_content_width":""},"product_brand":[],"product_cat":[553,542,448,526],"product_tag":[],"class_list":{"0":"post-13973","1":"product","2":"type-product","3":"status-publish","4":"has-post-thumbnail","6":"product_cat-exterieur","7":"product_cat-interieur-2","8":"product_cat-publicite-exterieure","9":"product_cat-terrasse-jardin","11":"first","12":"instock","13":"taxable","14":"shipping-taxable","15":"purchasable","16":"product-type-simple"},"yoast_head":"<!-- This site is optimized with the Yoast SEO plugin v27.3 - https:\/\/yoast.com\/product\/yoast-seo-wordpress\/ -->\n<title>Coussin d&#039;ext\u00e9rieur | Amstel Printing<\/title>\n<meta name=\"robots\" content=\"index, follow, max-snippet:-1, max-image-preview:large, max-video-preview:-1\" \/>\n<link rel=\"canonical\" href=\"https:\/\/www.amstelprinting.nl\/fr\/boutique\/interieur-2\/exterieur\/coussin-dexterieur\/\" \/>\n<meta property=\"og:locale\" content=\"fr_FR\" \/>\n<meta property=\"og:type\" content=\"article\" \/>\n<meta property=\"og:title\" content=\"Coussin d&#039;ext\u00e9rieur | Amstel Printing\" \/>\n<meta property=\"og:description\" content=\"Coussins d&#039;ext\u00e9rieur hydrofuges et recyclables Alliez confort et style dans votre jardin, terrasse ou balcon gr\u00e2ce \u00e0 nos coussins d&#039;ext\u00e9rieur imprim\u00e9s de haute qualit\u00e9. Chaque coussin d&#039;ext\u00e9rieur peut \u00eatre livr\u00e9 sous forme d&#039;ensemble complet avec une housse et un rembourrage, ou vous pouvez choisir de commander uniquement la housse (avec impression) ou le rembourrage s\u00e9par\u00e9ment.\" \/>\n<meta property=\"og:url\" content=\"https:\/\/www.amstelprinting.nl\/fr\/boutique\/interieur-2\/exterieur\/coussin-dexterieur\/\" \/>\n<meta property=\"og:site_name\" content=\"Amstel Printing\" \/>\n<meta property=\"article:modified_time\" content=\"2026-02-18T11:51:00+00:00\" \/>\n<meta property=\"og:image\" content=\"https:\/\/www.amstelprinting.nl\/wp-content\/uploads\/Buitenkussen7.jpg\" \/>\n\t<meta property=\"og:image:width\" content=\"700\" \/>\n\t<meta property=\"og:image:height\" content=\"700\" \/>\n\t<meta property=\"og:image:type\" content=\"image\/jpeg\" \/>\n<meta name=\"twitter:card\" content=\"summary_large_image\" \/>\n<meta name=\"twitter:label1\" content=\"Dur\u00e9e de lecture estim\u00e9e\" \/>\n\t<meta name=\"twitter:data1\" content=\"1 minute\" \/>\n<script type=\"application\/ld+json\" class=\"yoast-schema-graph\">{\"@context\":\"https:\\\/\\\/schema.org\",\"@graph\":[{\"@type\":\"WebPage\",\"@id\":\"https:\\\/\\\/www.amstelprinting.nl\\\/fr\\\/boutique\\\/interieur-2\\\/exterieur\\\/coussin-dexterieur\\\/\",\"url\":\"https:\\\/\\\/www.amstelprinting.nl\\\/fr\\\/boutique\\\/interieur-2\\\/exterieur\\\/coussin-dexterieur\\\/\",\"name\":\"Coussin d'ext\u00e9rieur | Amstel Printing\",\"isPartOf\":{\"@id\":\"https:\\\/\\\/www.amstelprinting.nl\\\/fr\\\/#website\"},\"primaryImageOfPage\":{\"@id\":\"https:\\\/\\\/www.amstelprinting.nl\\\/fr\\\/boutique\\\/interieur-2\\\/exterieur\\\/coussin-dexterieur\\\/#primaryimage\"},\"image\":{\"@id\":\"https:\\\/\\\/www.amstelprinting.nl\\\/fr\\\/boutique\\\/interieur-2\\\/exterieur\\\/coussin-dexterieur\\\/#primaryimage\"},\"thumbnailUrl\":\"https:\\\/\\\/www.amstelprinting.nl\\\/wp-content\\\/uploads\\\/Buitenkussen7.jpg\",\"datePublished\":\"2025-01-24T10:31:40+00:00\",\"dateModified\":\"2026-02-18T11:51:00+00:00\",\"breadcrumb\":{\"@id\":\"https:\\\/\\\/www.amstelprinting.nl\\\/fr\\\/boutique\\\/interieur-2\\\/exterieur\\\/coussin-dexterieur\\\/#breadcrumb\"},\"inLanguage\":\"fr-FR\",\"potentialAction\":[{\"@type\":\"ReadAction\",\"target\":[\"https:\\\/\\\/www.amstelprinting.nl\\\/fr\\\/boutique\\\/interieur-2\\\/exterieur\\\/coussin-dexterieur\\\/\"]}]},{\"@type\":\"ImageObject\",\"inLanguage\":\"fr-FR\",\"@id\":\"https:\\\/\\\/www.amstelprinting.nl\\\/fr\\\/boutique\\\/interieur-2\\\/exterieur\\\/coussin-dexterieur\\\/#primaryimage\",\"url\":\"https:\\\/\\\/www.amstelprinting.nl\\\/wp-content\\\/uploads\\\/Buitenkussen7.jpg\",\"contentUrl\":\"https:\\\/\\\/www.amstelprinting.nl\\\/wp-content\\\/uploads\\\/Buitenkussen7.jpg\",\"width\":700,\"height\":700},{\"@type\":\"BreadcrumbList\",\"@id\":\"https:\\\/\\\/www.amstelprinting.nl\\\/fr\\\/boutique\\\/interieur-2\\\/exterieur\\\/coussin-dexterieur\\\/#breadcrumb\",\"itemListElement\":[{\"@type\":\"ListItem\",\"position\":1,\"name\":\"\",\"item\":\"https:\\\/\\\/www.amstelprinting.nl\\\/fr\\\/\"},{\"@type\":\"ListItem\",\"position\":2,\"name\":\"Amstel Printing\",\"item\":\"https:\\\/\\\/www.amstelprinting.nl\\\/fr\\\/boutique\\\/\"},{\"@type\":\"ListItem\",\"position\":3,\"name\":\"Publicit\u00e9 ext\u00e9rieure\",\"item\":\"https:\\\/\\\/www.amstelprinting.nl\\\/fr\\\/categorie\\\/publicite-exterieure\\\/\"},{\"@type\":\"ListItem\",\"position\":4,\"name\":\"Terrasse &amp; jardin\",\"item\":\"https:\\\/\\\/www.amstelprinting.nl\\\/fr\\\/categorie\\\/publicite-exterieure\\\/terrasse-jardin\\\/\"},{\"@type\":\"ListItem\",\"position\":5,\"name\":\"Coussin d&rsquo;ext\u00e9rieur\"}]},{\"@type\":\"WebSite\",\"@id\":\"https:\\\/\\\/www.amstelprinting.nl\\\/fr\\\/#website\",\"url\":\"https:\\\/\\\/www.amstelprinting.nl\\\/fr\\\/\",\"name\":\"Amstel Printing\",\"description\":\"Creating Exposure\",\"publisher\":{\"@id\":\"https:\\\/\\\/www.amstelprinting.nl\\\/fr\\\/#organization\"},\"potentialAction\":[{\"@type\":\"SearchAction\",\"target\":{\"@type\":\"EntryPoint\",\"urlTemplate\":\"https:\\\/\\\/www.amstelprinting.nl\\\/fr\\\/?s={search_term_string}\"},\"query-input\":{\"@type\":\"PropertyValueSpecification\",\"valueRequired\":true,\"valueName\":\"search_term_string\"}}],\"inLanguage\":\"fr-FR\"},{\"@type\":\"Organization\",\"@id\":\"https:\\\/\\\/www.amstelprinting.nl\\\/fr\\\/#organization\",\"name\":\"Amstel Printing\",\"url\":\"https:\\\/\\\/www.amstelprinting.nl\\\/fr\\\/\",\"logo\":{\"@type\":\"ImageObject\",\"inLanguage\":\"fr-FR\",\"@id\":\"https:\\\/\\\/www.amstelprinting.nl\\\/fr\\\/#\\\/schema\\\/logo\\\/image\\\/\",\"url\":\"https:\\\/\\\/www.amstelprinting.nl\\\/wp-content\\\/uploads\\\/amstel_printing_logo_clean.png\",\"contentUrl\":\"https:\\\/\\\/www.amstelprinting.nl\\\/wp-content\\\/uploads\\\/amstel_printing_logo_clean.png\",\"width\":324,\"height\":73,\"caption\":\"Amstel Printing\"},\"image\":{\"@id\":\"https:\\\/\\\/www.amstelprinting.nl\\\/fr\\\/#\\\/schema\\\/logo\\\/image\\\/\"}}]}<\/script>\n<!-- \/ Yoast SEO plugin. -->","yoast_head_json":{"title":"Coussin d'ext\u00e9rieur | Amstel Printing","robots":{"index":"index","follow":"follow","max-snippet":"max-snippet:-1","max-image-preview":"max-image-preview:large","max-video-preview":"max-video-preview:-1"},"canonical":"https:\/\/www.amstelprinting.nl\/fr\/boutique\/interieur-2\/exterieur\/coussin-dexterieur\/","og_locale":"fr_FR","og_type":"article","og_title":"Coussin d'ext\u00e9rieur | Amstel Printing","og_description":"Coussins d'ext\u00e9rieur hydrofuges et recyclables Alliez confort et style dans votre jardin, terrasse ou balcon gr\u00e2ce \u00e0 nos coussins d'ext\u00e9rieur imprim\u00e9s de haute qualit\u00e9. Chaque coussin d'ext\u00e9rieur peut \u00eatre livr\u00e9 sous forme d'ensemble complet avec une housse et un rembourrage, ou vous pouvez choisir de commander uniquement la housse (avec impression) ou le rembourrage s\u00e9par\u00e9ment.","og_url":"https:\/\/www.amstelprinting.nl\/fr\/boutique\/interieur-2\/exterieur\/coussin-dexterieur\/","og_site_name":"Amstel Printing","article_modified_time":"2026-02-18T11:51:00+00:00","og_image":[{"width":700,"height":700,"url":"https:\/\/www.amstelprinting.nl\/wp-content\/uploads\/Buitenkussen7.jpg","type":"image\/jpeg"}],"twitter_card":"summary_large_image","twitter_misc":{"Dur\u00e9e de lecture estim\u00e9e":"1 minute"},"schema":{"@context":"https:\/\/schema.org","@graph":[{"@type":"WebPage","@id":"https:\/\/www.amstelprinting.nl\/fr\/boutique\/interieur-2\/exterieur\/coussin-dexterieur\/","url":"https:\/\/www.amstelprinting.nl\/fr\/boutique\/interieur-2\/exterieur\/coussin-dexterieur\/","name":"Coussin d'ext\u00e9rieur | Amstel Printing","isPartOf":{"@id":"https:\/\/www.amstelprinting.nl\/fr\/#website"},"primaryImageOfPage":{"@id":"https:\/\/www.amstelprinting.nl\/fr\/boutique\/interieur-2\/exterieur\/coussin-dexterieur\/#primaryimage"},"image":{"@id":"https:\/\/www.amstelprinting.nl\/fr\/boutique\/interieur-2\/exterieur\/coussin-dexterieur\/#primaryimage"},"thumbnailUrl":"https:\/\/www.amstelprinting.nl\/wp-content\/uploads\/Buitenkussen7.jpg","datePublished":"2025-01-24T10:31:40+00:00","dateModified":"2026-02-18T11:51:00+00:00","breadcrumb":{"@id":"https:\/\/www.amstelprinting.nl\/fr\/boutique\/interieur-2\/exterieur\/coussin-dexterieur\/#breadcrumb"},"inLanguage":"fr-FR","potentialAction":[{"@type":"ReadAction","target":["https:\/\/www.amstelprinting.nl\/fr\/boutique\/interieur-2\/exterieur\/coussin-dexterieur\/"]}]},{"@type":"ImageObject","inLanguage":"fr-FR","@id":"https:\/\/www.amstelprinting.nl\/fr\/boutique\/interieur-2\/exterieur\/coussin-dexterieur\/#primaryimage","url":"https:\/\/www.amstelprinting.nl\/wp-content\/uploads\/Buitenkussen7.jpg","contentUrl":"https:\/\/www.amstelprinting.nl\/wp-content\/uploads\/Buitenkussen7.jpg","width":700,"height":700},{"@type":"BreadcrumbList","@id":"https:\/\/www.amstelprinting.nl\/fr\/boutique\/interieur-2\/exterieur\/coussin-dexterieur\/#breadcrumb","itemListElement":[{"@type":"ListItem","position":1,"name":"","item":"https:\/\/www.amstelprinting.nl\/fr\/"},{"@type":"ListItem","position":2,"name":"Amstel Printing","item":"https:\/\/www.amstelprinting.nl\/fr\/boutique\/"},{"@type":"ListItem","position":3,"name":"Publicit\u00e9 ext\u00e9rieure","item":"https:\/\/www.amstelprinting.nl\/fr\/categorie\/publicite-exterieure\/"},{"@type":"ListItem","position":4,"name":"Terrasse &amp; jardin","item":"https:\/\/www.amstelprinting.nl\/fr\/categorie\/publicite-exterieure\/terrasse-jardin\/"},{"@type":"ListItem","position":5,"name":"Coussin d&rsquo;ext\u00e9rieur"}]},{"@type":"WebSite","@id":"https:\/\/www.amstelprinting.nl\/fr\/#website","url":"https:\/\/www.amstelprinting.nl\/fr\/","name":"Amstel Printing","description":"Creating Exposure","publisher":{"@id":"https:\/\/www.amstelprinting.nl\/fr\/#organization"},"potentialAction":[{"@type":"SearchAction","target":{"@type":"EntryPoint","urlTemplate":"https:\/\/www.amstelprinting.nl\/fr\/?s={search_term_string}"},"query-input":{"@type":"PropertyValueSpecification","valueRequired":true,"valueName":"search_term_string"}}],"inLanguage":"fr-FR"},{"@type":"Organization","@id":"https:\/\/www.amstelprinting.nl\/fr\/#organization","name":"Amstel Printing","url":"https:\/\/www.amstelprinting.nl\/fr\/","logo":{"@type":"ImageObject","inLanguage":"fr-FR","@id":"https:\/\/www.amstelprinting.nl\/fr\/#\/schema\/logo\/image\/","url":"https:\/\/www.amstelprinting.nl\/wp-content\/uploads\/amstel_printing_logo_clean.png","contentUrl":"https:\/\/www.amstelprinting.nl\/wp-content\/uploads\/amstel_printing_logo_clean.png","width":324,"height":73,"caption":"Amstel Printing"},"image":{"@id":"https:\/\/www.amstelprinting.nl\/fr\/#\/schema\/logo\/image\/"}}]}},"_links":{"self":[{"href":"https:\/\/www.amstelprinting.nl\/fr\/wp-json\/wp\/v2\/product\/13973","targetHints":{"allow":["GET"]}}],"collection":[{"href":"https:\/\/www.amstelprinting.nl\/fr\/wp-json\/wp\/v2\/product"}],"about":[{"href":"https:\/\/www.amstelprinting.nl\/fr\/wp-json\/wp\/v2\/types\/product"}],"wp:featuredmedia":[{"embeddable":true,"href":"https:\/\/www.amstelprinting.nl\/fr\/wp-json\/wp\/v2\/media\/13975"}],"wp:attachment":[{"href":"https:\/\/www.amstelprinting.nl\/fr\/wp-json\/wp\/v2\/media?parent=13973"}],"wp:term":[{"taxonomy":"product_brand","embeddable":true,"href":"https:\/\/www.amstelprinting.nl\/fr\/wp-json\/wp\/v2\/product_brand?post=13973"},{"taxonomy":"product_cat","embeddable":true,"href":"https:\/\/www.amstelprinting.nl\/fr\/wp-json\/wp\/v2\/product_cat?post=13973"},{"taxonomy":"product_tag","embeddable":true,"href":"https:\/\/www.amstelprinting.nl\/fr\/wp-json\/wp\/v2\/product_tag?post=13973"}],"curies":[{"name":"wp","href":"https:\/\/api.w.org\/{rel}","templated":true}]}}