{"id":13987,"date":"2025-01-24T11:31:36","date_gmt":"2025-01-24T10:31:36","guid":{"rendered":"https:\/\/www.amstelprinting.nl\/winkel\/non%20class\u00e9\/tuinposter\/"},"modified":"2026-02-18T12:51:01","modified_gmt":"2026-02-18T11:51:01","slug":"poster-de-jardin","status":"publish","type":"product","link":"https:\/\/www.amstelprinting.nl\/fr\/boutique\/interieur-2\/exterieur\/poster-de-jardin\/","title":{"rendered":"Poster de jardin"},"content":{"rendered":"<h3>Impression de poster de jardin : choisissez le bon mat\u00e9riau<\/h3>\n<p>Choisissez parmi deux mat\u00e9riaux :<\/p>\n<ul>\n<li><strong>Banner 510<\/strong> : Cette toile en PVC offre un aspect brillant et convient \u00e0 une utilisation int\u00e9rieure et ext\u00e9rieure. Elle est r\u00e9sistante aux UV et \u00e0 l&rsquo;eau, ce qui la rend parfaite pour toutes les conditions m\u00e9t\u00e9orologiques. De plus, elle est certifi\u00e9e B1 pour la s\u00e9curit\u00e9 incendie.<\/li>\n<li><strong>ProPES outdoor<\/strong> : Tissu textile en polyester l\u00e9ger dot\u00e9 d&rsquo;un rev\u00eatement d\u00e9perlant, id\u00e9al pour une utilisation en ext\u00e9rieur. Ce mat\u00e9riau offre une impression nette et est r\u00e9sistant aux UV. C&rsquo;est un excellent choix pour ceux qui recherchent une solution durable avec un aspect moderne.<\/li>\n<\/ul>\n<p>&nbsp;<\/p>\n<h3>Finition<\/h3>\n<p>Pour la finition de votre poster de jardin, vous avez le choix entre la d\u00e9coupe ou les \u0153illets. Si vous souhaitez suspendre le poster de jardin avec des clous, choisissez l&rsquo;option de d\u00e9coupe. Si vous souhaitez fixer le poster \u00e0 une cl\u00f4ture ou \u00e0 un mur, il est pr\u00e9f\u00e9rable de choisir des \u0153illets. Transformez votre espace ext\u00e9rieur ou votre int\u00e9rieur avec nos magnifiques posters de jardin. Choisissez le mat\u00e9riau et la finition qui conviennent le mieux \u00e0 vos besoins et profitez d&rsquo;un environnement plein d&rsquo;ambiance, saison apr\u00e8s saison !<\/p>\n","protected":false},"excerpt":{"rendered":"<h3>Poster de jardin r\u00e9sistant aux UV et \u00e0 l&rsquo;eau<\/h3>\n<p>Enrichissez votre jardin, votre terrasse ou votre espace int\u00e9rieur avec nos posters de jardin de haute qualit\u00e9. Les posters de jardin sont sp\u00e9cialement con\u00e7us pour \u00eatre utilis\u00e9s dans toutes les conditions m\u00e9t\u00e9orologiques. Que vous choisissiez le Banner 510 avec son aspect brillant et sa certification de s\u00e9curit\u00e9 incendie, ou le ProPES outdoor avec sa l\u00e9g\u00e8ret\u00e9 et ses propri\u00e9t\u00e9s d\u00e9perlantes. Nos posters de jardin offrent durabilit\u00e9 et esth\u00e9tique pour tout environnement. Laissez libre cours \u00e0 votre cr\u00e9ativit\u00e9 en apportant la beaut\u00e9 de la nature dans votre espace de vie avec nos posters de jardin polyvalents !<\/p>\n","protected":false},"featured_media":13988,"template":"","meta":{"_et_pb_use_builder":"","_et_pb_old_content":"","_et_gb_content_width":""},"product_brand":[],"product_cat":[553,542,448,526],"product_tag":[],"class_list":{"0":"post-13987","1":"product","2":"type-product","3":"status-publish","4":"has-post-thumbnail","6":"product_cat-exterieur","7":"product_cat-interieur-2","8":"product_cat-publicite-exterieure","9":"product_cat-terrasse-jardin","11":"first","12":"instock","13":"taxable","14":"shipping-taxable","15":"purchasable","16":"product-type-simple"},"yoast_head":"<!-- This site is optimized with the Yoast SEO plugin v27.3 - https:\/\/yoast.com\/product\/yoast-seo-wordpress\/ -->\n<title>Poster de jardin | Amstel Printing<\/title>\n<meta name=\"robots\" content=\"index, follow, max-snippet:-1, max-image-preview:large, max-video-preview:-1\" \/>\n<link rel=\"canonical\" href=\"https:\/\/www.amstelprinting.nl\/fr\/boutique\/interieur-2\/exterieur\/poster-de-jardin\/\" \/>\n<meta property=\"og:locale\" content=\"fr_FR\" \/>\n<meta property=\"og:type\" content=\"article\" \/>\n<meta property=\"og:title\" content=\"Poster de jardin | Amstel Printing\" \/>\n<meta property=\"og:description\" content=\"Poster de jardin r\u00e9sistant aux UV et \u00e0 l&#039;eau Enrichissez votre jardin, votre terrasse ou votre espace int\u00e9rieur avec nos posters de jardin de haute qualit\u00e9. Les posters de jardin sont sp\u00e9cialement con\u00e7us pour \u00eatre utilis\u00e9s dans toutes les conditions m\u00e9t\u00e9orologiques. Que vous choisissiez le Banner 510 avec son aspect brillant et sa certification de s\u00e9curit\u00e9 incendie, ou le ProPES outdoor avec sa l\u00e9g\u00e8ret\u00e9 et ses propri\u00e9t\u00e9s d\u00e9perlantes. Nos posters de jardin offrent durabilit\u00e9 et esth\u00e9tique pour tout environnement. Laissez libre cours \u00e0 votre cr\u00e9ativit\u00e9 en apportant la beaut\u00e9 de la nature dans votre espace de vie avec nos posters de jardin polyvalents !\" \/>\n<meta property=\"og:url\" content=\"https:\/\/www.amstelprinting.nl\/fr\/boutique\/interieur-2\/exterieur\/poster-de-jardin\/\" \/>\n<meta property=\"og:site_name\" content=\"Amstel Printing\" \/>\n<meta property=\"article:modified_time\" content=\"2026-02-18T11:51:01+00:00\" \/>\n<meta property=\"og:image\" content=\"https:\/\/www.amstelprinting.nl\/wp-content\/uploads\/Tuinposter.jpg\" \/>\n\t<meta property=\"og:image:width\" content=\"700\" \/>\n\t<meta property=\"og:image:height\" content=\"700\" \/>\n\t<meta property=\"og:image:type\" content=\"image\/jpeg\" \/>\n<meta name=\"twitter:card\" content=\"summary_large_image\" \/>\n<meta name=\"twitter:label1\" content=\"Dur\u00e9e de lecture estim\u00e9e\" \/>\n\t<meta name=\"twitter:data1\" content=\"1 minute\" \/>\n<script type=\"application\/ld+json\" class=\"yoast-schema-graph\">{\"@context\":\"https:\\\/\\\/schema.org\",\"@graph\":[{\"@type\":\"WebPage\",\"@id\":\"https:\\\/\\\/www.amstelprinting.nl\\\/fr\\\/boutique\\\/interieur-2\\\/exterieur\\\/poster-de-jardin\\\/\",\"url\":\"https:\\\/\\\/www.amstelprinting.nl\\\/fr\\\/boutique\\\/interieur-2\\\/exterieur\\\/poster-de-jardin\\\/\",\"name\":\"Poster de jardin | Amstel Printing\",\"isPartOf\":{\"@id\":\"https:\\\/\\\/www.amstelprinting.nl\\\/fr\\\/#website\"},\"primaryImageOfPage\":{\"@id\":\"https:\\\/\\\/www.amstelprinting.nl\\\/fr\\\/boutique\\\/interieur-2\\\/exterieur\\\/poster-de-jardin\\\/#primaryimage\"},\"image\":{\"@id\":\"https:\\\/\\\/www.amstelprinting.nl\\\/fr\\\/boutique\\\/interieur-2\\\/exterieur\\\/poster-de-jardin\\\/#primaryimage\"},\"thumbnailUrl\":\"https:\\\/\\\/www.amstelprinting.nl\\\/wp-content\\\/uploads\\\/Tuinposter.jpg\",\"datePublished\":\"2025-01-24T10:31:36+00:00\",\"dateModified\":\"2026-02-18T11:51:01+00:00\",\"breadcrumb\":{\"@id\":\"https:\\\/\\\/www.amstelprinting.nl\\\/fr\\\/boutique\\\/interieur-2\\\/exterieur\\\/poster-de-jardin\\\/#breadcrumb\"},\"inLanguage\":\"fr-FR\",\"potentialAction\":[{\"@type\":\"ReadAction\",\"target\":[\"https:\\\/\\\/www.amstelprinting.nl\\\/fr\\\/boutique\\\/interieur-2\\\/exterieur\\\/poster-de-jardin\\\/\"]}]},{\"@type\":\"ImageObject\",\"inLanguage\":\"fr-FR\",\"@id\":\"https:\\\/\\\/www.amstelprinting.nl\\\/fr\\\/boutique\\\/interieur-2\\\/exterieur\\\/poster-de-jardin\\\/#primaryimage\",\"url\":\"https:\\\/\\\/www.amstelprinting.nl\\\/wp-content\\\/uploads\\\/Tuinposter.jpg\",\"contentUrl\":\"https:\\\/\\\/www.amstelprinting.nl\\\/wp-content\\\/uploads\\\/Tuinposter.jpg\",\"width\":700,\"height\":700},{\"@type\":\"BreadcrumbList\",\"@id\":\"https:\\\/\\\/www.amstelprinting.nl\\\/fr\\\/boutique\\\/interieur-2\\\/exterieur\\\/poster-de-jardin\\\/#breadcrumb\",\"itemListElement\":[{\"@type\":\"ListItem\",\"position\":1,\"name\":\"\",\"item\":\"https:\\\/\\\/www.amstelprinting.nl\\\/fr\\\/\"},{\"@type\":\"ListItem\",\"position\":2,\"name\":\"Amstel Printing\",\"item\":\"https:\\\/\\\/www.amstelprinting.nl\\\/fr\\\/boutique\\\/\"},{\"@type\":\"ListItem\",\"position\":3,\"name\":\"Publicit\u00e9 ext\u00e9rieure\",\"item\":\"https:\\\/\\\/www.amstelprinting.nl\\\/fr\\\/categorie\\\/publicite-exterieure\\\/\"},{\"@type\":\"ListItem\",\"position\":4,\"name\":\"Terrasse &amp; jardin\",\"item\":\"https:\\\/\\\/www.amstelprinting.nl\\\/fr\\\/categorie\\\/publicite-exterieure\\\/terrasse-jardin\\\/\"},{\"@type\":\"ListItem\",\"position\":5,\"name\":\"Poster de jardin\"}]},{\"@type\":\"WebSite\",\"@id\":\"https:\\\/\\\/www.amstelprinting.nl\\\/fr\\\/#website\",\"url\":\"https:\\\/\\\/www.amstelprinting.nl\\\/fr\\\/\",\"name\":\"Amstel Printing\",\"description\":\"Creating Exposure\",\"publisher\":{\"@id\":\"https:\\\/\\\/www.amstelprinting.nl\\\/fr\\\/#organization\"},\"potentialAction\":[{\"@type\":\"SearchAction\",\"target\":{\"@type\":\"EntryPoint\",\"urlTemplate\":\"https:\\\/\\\/www.amstelprinting.nl\\\/fr\\\/?s={search_term_string}\"},\"query-input\":{\"@type\":\"PropertyValueSpecification\",\"valueRequired\":true,\"valueName\":\"search_term_string\"}}],\"inLanguage\":\"fr-FR\"},{\"@type\":\"Organization\",\"@id\":\"https:\\\/\\\/www.amstelprinting.nl\\\/fr\\\/#organization\",\"name\":\"Amstel Printing\",\"url\":\"https:\\\/\\\/www.amstelprinting.nl\\\/fr\\\/\",\"logo\":{\"@type\":\"ImageObject\",\"inLanguage\":\"fr-FR\",\"@id\":\"https:\\\/\\\/www.amstelprinting.nl\\\/fr\\\/#\\\/schema\\\/logo\\\/image\\\/\",\"url\":\"https:\\\/\\\/www.amstelprinting.nl\\\/wp-content\\\/uploads\\\/amstel_printing_logo_clean.png\",\"contentUrl\":\"https:\\\/\\\/www.amstelprinting.nl\\\/wp-content\\\/uploads\\\/amstel_printing_logo_clean.png\",\"width\":324,\"height\":73,\"caption\":\"Amstel Printing\"},\"image\":{\"@id\":\"https:\\\/\\\/www.amstelprinting.nl\\\/fr\\\/#\\\/schema\\\/logo\\\/image\\\/\"}}]}<\/script>\n<!-- \/ Yoast SEO plugin. -->","yoast_head_json":{"title":"Poster de jardin | Amstel Printing","robots":{"index":"index","follow":"follow","max-snippet":"max-snippet:-1","max-image-preview":"max-image-preview:large","max-video-preview":"max-video-preview:-1"},"canonical":"https:\/\/www.amstelprinting.nl\/fr\/boutique\/interieur-2\/exterieur\/poster-de-jardin\/","og_locale":"fr_FR","og_type":"article","og_title":"Poster de jardin | Amstel Printing","og_description":"Poster de jardin r\u00e9sistant aux UV et \u00e0 l'eau Enrichissez votre jardin, votre terrasse ou votre espace int\u00e9rieur avec nos posters de jardin de haute qualit\u00e9. Les posters de jardin sont sp\u00e9cialement con\u00e7us pour \u00eatre utilis\u00e9s dans toutes les conditions m\u00e9t\u00e9orologiques. Que vous choisissiez le Banner 510 avec son aspect brillant et sa certification de s\u00e9curit\u00e9 incendie, ou le ProPES outdoor avec sa l\u00e9g\u00e8ret\u00e9 et ses propri\u00e9t\u00e9s d\u00e9perlantes. Nos posters de jardin offrent durabilit\u00e9 et esth\u00e9tique pour tout environnement. Laissez libre cours \u00e0 votre cr\u00e9ativit\u00e9 en apportant la beaut\u00e9 de la nature dans votre espace de vie avec nos posters de jardin polyvalents !","og_url":"https:\/\/www.amstelprinting.nl\/fr\/boutique\/interieur-2\/exterieur\/poster-de-jardin\/","og_site_name":"Amstel Printing","article_modified_time":"2026-02-18T11:51:01+00:00","og_image":[{"width":700,"height":700,"url":"https:\/\/www.amstelprinting.nl\/wp-content\/uploads\/Tuinposter.jpg","type":"image\/jpeg"}],"twitter_card":"summary_large_image","twitter_misc":{"Dur\u00e9e de lecture estim\u00e9e":"1 minute"},"schema":{"@context":"https:\/\/schema.org","@graph":[{"@type":"WebPage","@id":"https:\/\/www.amstelprinting.nl\/fr\/boutique\/interieur-2\/exterieur\/poster-de-jardin\/","url":"https:\/\/www.amstelprinting.nl\/fr\/boutique\/interieur-2\/exterieur\/poster-de-jardin\/","name":"Poster de jardin | Amstel Printing","isPartOf":{"@id":"https:\/\/www.amstelprinting.nl\/fr\/#website"},"primaryImageOfPage":{"@id":"https:\/\/www.amstelprinting.nl\/fr\/boutique\/interieur-2\/exterieur\/poster-de-jardin\/#primaryimage"},"image":{"@id":"https:\/\/www.amstelprinting.nl\/fr\/boutique\/interieur-2\/exterieur\/poster-de-jardin\/#primaryimage"},"thumbnailUrl":"https:\/\/www.amstelprinting.nl\/wp-content\/uploads\/Tuinposter.jpg","datePublished":"2025-01-24T10:31:36+00:00","dateModified":"2026-02-18T11:51:01+00:00","breadcrumb":{"@id":"https:\/\/www.amstelprinting.nl\/fr\/boutique\/interieur-2\/exterieur\/poster-de-jardin\/#breadcrumb"},"inLanguage":"fr-FR","potentialAction":[{"@type":"ReadAction","target":["https:\/\/www.amstelprinting.nl\/fr\/boutique\/interieur-2\/exterieur\/poster-de-jardin\/"]}]},{"@type":"ImageObject","inLanguage":"fr-FR","@id":"https:\/\/www.amstelprinting.nl\/fr\/boutique\/interieur-2\/exterieur\/poster-de-jardin\/#primaryimage","url":"https:\/\/www.amstelprinting.nl\/wp-content\/uploads\/Tuinposter.jpg","contentUrl":"https:\/\/www.amstelprinting.nl\/wp-content\/uploads\/Tuinposter.jpg","width":700,"height":700},{"@type":"BreadcrumbList","@id":"https:\/\/www.amstelprinting.nl\/fr\/boutique\/interieur-2\/exterieur\/poster-de-jardin\/#breadcrumb","itemListElement":[{"@type":"ListItem","position":1,"name":"","item":"https:\/\/www.amstelprinting.nl\/fr\/"},{"@type":"ListItem","position":2,"name":"Amstel Printing","item":"https:\/\/www.amstelprinting.nl\/fr\/boutique\/"},{"@type":"ListItem","position":3,"name":"Publicit\u00e9 ext\u00e9rieure","item":"https:\/\/www.amstelprinting.nl\/fr\/categorie\/publicite-exterieure\/"},{"@type":"ListItem","position":4,"name":"Terrasse &amp; jardin","item":"https:\/\/www.amstelprinting.nl\/fr\/categorie\/publicite-exterieure\/terrasse-jardin\/"},{"@type":"ListItem","position":5,"name":"Poster de jardin"}]},{"@type":"WebSite","@id":"https:\/\/www.amstelprinting.nl\/fr\/#website","url":"https:\/\/www.amstelprinting.nl\/fr\/","name":"Amstel Printing","description":"Creating Exposure","publisher":{"@id":"https:\/\/www.amstelprinting.nl\/fr\/#organization"},"potentialAction":[{"@type":"SearchAction","target":{"@type":"EntryPoint","urlTemplate":"https:\/\/www.amstelprinting.nl\/fr\/?s={search_term_string}"},"query-input":{"@type":"PropertyValueSpecification","valueRequired":true,"valueName":"search_term_string"}}],"inLanguage":"fr-FR"},{"@type":"Organization","@id":"https:\/\/www.amstelprinting.nl\/fr\/#organization","name":"Amstel Printing","url":"https:\/\/www.amstelprinting.nl\/fr\/","logo":{"@type":"ImageObject","inLanguage":"fr-FR","@id":"https:\/\/www.amstelprinting.nl\/fr\/#\/schema\/logo\/image\/","url":"https:\/\/www.amstelprinting.nl\/wp-content\/uploads\/amstel_printing_logo_clean.png","contentUrl":"https:\/\/www.amstelprinting.nl\/wp-content\/uploads\/amstel_printing_logo_clean.png","width":324,"height":73,"caption":"Amstel Printing"},"image":{"@id":"https:\/\/www.amstelprinting.nl\/fr\/#\/schema\/logo\/image\/"}}]}},"_links":{"self":[{"href":"https:\/\/www.amstelprinting.nl\/fr\/wp-json\/wp\/v2\/product\/13987","targetHints":{"allow":["GET"]}}],"collection":[{"href":"https:\/\/www.amstelprinting.nl\/fr\/wp-json\/wp\/v2\/product"}],"about":[{"href":"https:\/\/www.amstelprinting.nl\/fr\/wp-json\/wp\/v2\/types\/product"}],"wp:featuredmedia":[{"embeddable":true,"href":"https:\/\/www.amstelprinting.nl\/fr\/wp-json\/wp\/v2\/media\/13988"}],"wp:attachment":[{"href":"https:\/\/www.amstelprinting.nl\/fr\/wp-json\/wp\/v2\/media?parent=13987"}],"wp:term":[{"taxonomy":"product_brand","embeddable":true,"href":"https:\/\/www.amstelprinting.nl\/fr\/wp-json\/wp\/v2\/product_brand?post=13987"},{"taxonomy":"product_cat","embeddable":true,"href":"https:\/\/www.amstelprinting.nl\/fr\/wp-json\/wp\/v2\/product_cat?post=13987"},{"taxonomy":"product_tag","embeddable":true,"href":"https:\/\/www.amstelprinting.nl\/fr\/wp-json\/wp\/v2\/product_tag?post=13987"}],"curies":[{"name":"wp","href":"https:\/\/api.w.org\/{rel}","templated":true}]}}