{"id":13997,"date":"2025-01-24T11:31:31","date_gmt":"2025-01-24T10:31:31","guid":{"rendered":"https:\/\/www.amstelprinting.nl\/winkel\/non%20class\u00e9\/parasol\/"},"modified":"2026-02-10T13:09:29","modified_gmt":"2026-02-10T12:09:29","slug":"parasol","status":"publish","type":"product","link":"https:\/\/www.amstelprinting.nl\/fr\/boutique\/interieur-2\/exterieur\/parasol\/","title":{"rendered":"Parasol"},"content":{"rendered":"<h3>Impression de parasol : choisissez le bon mat\u00e9riau<\/h3>\n<p>La toile du parasol est fabriqu\u00e9e \u00e0 partir du mat\u00e9riau ProPES. La toile en polyester outdoor ProPES assure non seulement des couleurs vives et \u00e9clatantes, mais elle est aussi d\u00e9perlante et r\u00e9sistante aux rayons UV, ce qui permet \u00e0 la toile du parasol de rester belle longtemps sous toutes les conditions m\u00e9t\u00e9orologiques. Le cadre du parasol, fabriqu\u00e9 en acier, offre robustesse et stabilit\u00e9, m\u00eame par temps venteux.<\/p>\n<h3>Finitions<\/h3>\n<p>Le parasol est dot\u00e9 d&rsquo;un liser\u00e9 blanc et de coins renforc\u00e9s, permettant au cadre d&rsquo;\u00eatre positionn\u00e9 solidement pour une durabilit\u00e9 maximale. La possibilit\u00e9 de changer facilement de toile vous permet de renouveler r\u00e9guli\u00e8rement votre espace ext\u00e9rieur, afin que vous puissiez toujours profiter d&rsquo;un look frais. De plus, vous avez le choix de finir votre parasol avec des fils blancs ou noirs.<\/p>\n<h3>Accessoires<\/h3>\n<p>Pour compl\u00e9ter votre parasol, vous pouvez opter pour notre pied de parasol. Celui-ci est disponible en blanc et en noir.<br \/>\nEmbellissez votre jardin, terrasse ou patio avec nos parasols et cr\u00e9ez un espace ext\u00e9rieur confortable et attrayant.<\/p>\n<h3>Questions fr\u00e9quemment pos\u00e9es sur l&rsquo;impression de parasols<\/h3>\n<p><strong>Quelle technique d&rsquo;impression est utilis\u00e9e ?<\/strong><br \/>\nNous utilisons la technique d&rsquo;impression par sublimation ! Les encres sont d&rsquo;abord bien s\u00e9ch\u00e9es, puis chauff\u00e9es \u00e0 une temp\u00e9rature \u00e9lev\u00e9e de 180 \u00e0 200 degr\u00e9s Celsius. De cette mani\u00e8re, les encres sont tiss\u00e9es dans les fibres du tissu, ce qui donne des couleurs \u00e9clatantes.<\/p>\n<p><strong>Comment puis-je enlever les plis de la toile ?<\/strong><br \/>\nVous pouvez repasser la toile du parasol sur le programme laine. Veillez \u00e0 placer un torchon sur l&rsquo;impression pour une protection suppl\u00e9mentaire.<\/p>\n<p><strong>Comment nettoyer au mieux la toile ?<br \/>\n<\/strong>Vous pouvez nettoyer la toile avec de l&rsquo;eau ti\u00e8de et un chiffon en microfibres. La toile peut \u00e9galement \u00eatre lav\u00e9e \u00e0 30 degr\u00e9s.<\/p>\n","protected":false},"excerpt":{"rendered":"<h3>Parasol r\u00e9sistant aux intemp\u00e9ries et d\u00e9perlant<\/h3>\n<p>Embellissez l&rsquo;espace ext\u00e9rieur avec des parasols imprim\u00e9s. Sp\u00e9cialement con\u00e7us pour r\u00e9sister \u00e0 toutes les conditions m\u00e9t\u00e9orologiques. Que vous choisissiez un ensemble complet avec toile et cadre ou que vous souhaitiez uniquement remplacer la toile, nos parasols sont tr\u00e8s flexibles d&rsquo;utilisation. Dot\u00e9s d&rsquo;une impression ultra-nette de votre choix.<\/p>\n","protected":false},"featured_media":13998,"template":"","meta":{"_et_pb_use_builder":"","_et_pb_old_content":"","_et_gb_content_width":""},"product_brand":[],"product_cat":[424,553,542,448,428,526],"product_tag":[],"class_list":{"0":"post-13997","1":"product","2":"type-product","3":"status-publish","4":"has-post-thumbnail","6":"product_cat-decoration","7":"product_cat-exterieur","8":"product_cat-interieur-2","9":"product_cat-publicite-exterieure","10":"product_cat-salon-et-evenement","11":"product_cat-terrasse-jardin","13":"first","14":"instock","15":"taxable","16":"shipping-taxable","17":"purchasable","18":"product-type-simple"},"yoast_head":"<!-- This site is optimized with the Yoast SEO plugin v27.3 - https:\/\/yoast.com\/product\/yoast-seo-wordpress\/ -->\n<title>Parasol | Amstel Printing<\/title>\n<meta name=\"robots\" content=\"index, follow, max-snippet:-1, max-image-preview:large, max-video-preview:-1\" \/>\n<link rel=\"canonical\" href=\"https:\/\/www.amstelprinting.nl\/fr\/boutique\/interieur-2\/exterieur\/parasol\/\" \/>\n<meta property=\"og:locale\" content=\"fr_FR\" \/>\n<meta property=\"og:type\" content=\"article\" \/>\n<meta property=\"og:title\" content=\"Parasol | Amstel Printing\" \/>\n<meta property=\"og:description\" content=\"Parasol r\u00e9sistant aux intemp\u00e9ries et d\u00e9perlant Embellissez l&#039;espace ext\u00e9rieur avec des parasols imprim\u00e9s. Sp\u00e9cialement con\u00e7us pour r\u00e9sister \u00e0 toutes les conditions m\u00e9t\u00e9orologiques. Que vous choisissiez un ensemble complet avec toile et cadre ou que vous souhaitiez uniquement remplacer la toile, nos parasols sont tr\u00e8s flexibles d&#039;utilisation. Dot\u00e9s d&#039;une impression ultra-nette de votre choix.\" \/>\n<meta property=\"og:url\" content=\"https:\/\/www.amstelprinting.nl\/fr\/boutique\/interieur-2\/exterieur\/parasol\/\" \/>\n<meta property=\"og:site_name\" content=\"Amstel Printing\" \/>\n<meta property=\"article:modified_time\" content=\"2026-02-10T12:09:29+00:00\" \/>\n<meta property=\"og:image\" content=\"https:\/\/www.amstelprinting.nl\/wp-content\/uploads\/Parasol.jpg\" \/>\n\t<meta property=\"og:image:width\" content=\"700\" \/>\n\t<meta property=\"og:image:height\" content=\"700\" \/>\n\t<meta property=\"og:image:type\" content=\"image\/jpeg\" \/>\n<meta name=\"twitter:card\" content=\"summary_large_image\" \/>\n<meta name=\"twitter:label1\" content=\"Dur\u00e9e de lecture estim\u00e9e\" \/>\n\t<meta name=\"twitter:data1\" content=\"2 minutes\" \/>\n<script type=\"application\/ld+json\" class=\"yoast-schema-graph\">{\"@context\":\"https:\\\/\\\/schema.org\",\"@graph\":[{\"@type\":\"WebPage\",\"@id\":\"https:\\\/\\\/www.amstelprinting.nl\\\/fr\\\/boutique\\\/interieur-2\\\/exterieur\\\/parasol\\\/\",\"url\":\"https:\\\/\\\/www.amstelprinting.nl\\\/fr\\\/boutique\\\/interieur-2\\\/exterieur\\\/parasol\\\/\",\"name\":\"Parasol | Amstel Printing\",\"isPartOf\":{\"@id\":\"https:\\\/\\\/www.amstelprinting.nl\\\/fr\\\/#website\"},\"primaryImageOfPage\":{\"@id\":\"https:\\\/\\\/www.amstelprinting.nl\\\/fr\\\/boutique\\\/interieur-2\\\/exterieur\\\/parasol\\\/#primaryimage\"},\"image\":{\"@id\":\"https:\\\/\\\/www.amstelprinting.nl\\\/fr\\\/boutique\\\/interieur-2\\\/exterieur\\\/parasol\\\/#primaryimage\"},\"thumbnailUrl\":\"https:\\\/\\\/www.amstelprinting.nl\\\/wp-content\\\/uploads\\\/Parasol.jpg\",\"datePublished\":\"2025-01-24T10:31:31+00:00\",\"dateModified\":\"2026-02-10T12:09:29+00:00\",\"breadcrumb\":{\"@id\":\"https:\\\/\\\/www.amstelprinting.nl\\\/fr\\\/boutique\\\/interieur-2\\\/exterieur\\\/parasol\\\/#breadcrumb\"},\"inLanguage\":\"fr-FR\",\"potentialAction\":[{\"@type\":\"ReadAction\",\"target\":[\"https:\\\/\\\/www.amstelprinting.nl\\\/fr\\\/boutique\\\/interieur-2\\\/exterieur\\\/parasol\\\/\"]}]},{\"@type\":\"ImageObject\",\"inLanguage\":\"fr-FR\",\"@id\":\"https:\\\/\\\/www.amstelprinting.nl\\\/fr\\\/boutique\\\/interieur-2\\\/exterieur\\\/parasol\\\/#primaryimage\",\"url\":\"https:\\\/\\\/www.amstelprinting.nl\\\/wp-content\\\/uploads\\\/Parasol.jpg\",\"contentUrl\":\"https:\\\/\\\/www.amstelprinting.nl\\\/wp-content\\\/uploads\\\/Parasol.jpg\",\"width\":700,\"height\":700},{\"@type\":\"BreadcrumbList\",\"@id\":\"https:\\\/\\\/www.amstelprinting.nl\\\/fr\\\/boutique\\\/interieur-2\\\/exterieur\\\/parasol\\\/#breadcrumb\",\"itemListElement\":[{\"@type\":\"ListItem\",\"position\":1,\"name\":\"\",\"item\":\"https:\\\/\\\/www.amstelprinting.nl\\\/fr\\\/\"},{\"@type\":\"ListItem\",\"position\":2,\"name\":\"Amstel Printing\",\"item\":\"https:\\\/\\\/www.amstelprinting.nl\\\/fr\\\/boutique\\\/\"},{\"@type\":\"ListItem\",\"position\":3,\"name\":\"Publicit\u00e9 ext\u00e9rieure\",\"item\":\"https:\\\/\\\/www.amstelprinting.nl\\\/fr\\\/categorie\\\/publicite-exterieure\\\/\"},{\"@type\":\"ListItem\",\"position\":4,\"name\":\"Terrasse &amp; jardin\",\"item\":\"https:\\\/\\\/www.amstelprinting.nl\\\/fr\\\/categorie\\\/publicite-exterieure\\\/terrasse-jardin\\\/\"},{\"@type\":\"ListItem\",\"position\":5,\"name\":\"Parasol\"}]},{\"@type\":\"WebSite\",\"@id\":\"https:\\\/\\\/www.amstelprinting.nl\\\/fr\\\/#website\",\"url\":\"https:\\\/\\\/www.amstelprinting.nl\\\/fr\\\/\",\"name\":\"Amstel Printing\",\"description\":\"Creating Exposure\",\"publisher\":{\"@id\":\"https:\\\/\\\/www.amstelprinting.nl\\\/fr\\\/#organization\"},\"potentialAction\":[{\"@type\":\"SearchAction\",\"target\":{\"@type\":\"EntryPoint\",\"urlTemplate\":\"https:\\\/\\\/www.amstelprinting.nl\\\/fr\\\/?s={search_term_string}\"},\"query-input\":{\"@type\":\"PropertyValueSpecification\",\"valueRequired\":true,\"valueName\":\"search_term_string\"}}],\"inLanguage\":\"fr-FR\"},{\"@type\":\"Organization\",\"@id\":\"https:\\\/\\\/www.amstelprinting.nl\\\/fr\\\/#organization\",\"name\":\"Amstel Printing\",\"url\":\"https:\\\/\\\/www.amstelprinting.nl\\\/fr\\\/\",\"logo\":{\"@type\":\"ImageObject\",\"inLanguage\":\"fr-FR\",\"@id\":\"https:\\\/\\\/www.amstelprinting.nl\\\/fr\\\/#\\\/schema\\\/logo\\\/image\\\/\",\"url\":\"https:\\\/\\\/www.amstelprinting.nl\\\/wp-content\\\/uploads\\\/amstel_printing_logo_clean.png\",\"contentUrl\":\"https:\\\/\\\/www.amstelprinting.nl\\\/wp-content\\\/uploads\\\/amstel_printing_logo_clean.png\",\"width\":324,\"height\":73,\"caption\":\"Amstel Printing\"},\"image\":{\"@id\":\"https:\\\/\\\/www.amstelprinting.nl\\\/fr\\\/#\\\/schema\\\/logo\\\/image\\\/\"}}]}<\/script>\n<!-- \/ Yoast SEO plugin. -->","yoast_head_json":{"title":"Parasol | Amstel Printing","robots":{"index":"index","follow":"follow","max-snippet":"max-snippet:-1","max-image-preview":"max-image-preview:large","max-video-preview":"max-video-preview:-1"},"canonical":"https:\/\/www.amstelprinting.nl\/fr\/boutique\/interieur-2\/exterieur\/parasol\/","og_locale":"fr_FR","og_type":"article","og_title":"Parasol | Amstel Printing","og_description":"Parasol r\u00e9sistant aux intemp\u00e9ries et d\u00e9perlant Embellissez l'espace ext\u00e9rieur avec des parasols imprim\u00e9s. Sp\u00e9cialement con\u00e7us pour r\u00e9sister \u00e0 toutes les conditions m\u00e9t\u00e9orologiques. Que vous choisissiez un ensemble complet avec toile et cadre ou que vous souhaitiez uniquement remplacer la toile, nos parasols sont tr\u00e8s flexibles d'utilisation. Dot\u00e9s d'une impression ultra-nette de votre choix.","og_url":"https:\/\/www.amstelprinting.nl\/fr\/boutique\/interieur-2\/exterieur\/parasol\/","og_site_name":"Amstel Printing","article_modified_time":"2026-02-10T12:09:29+00:00","og_image":[{"width":700,"height":700,"url":"https:\/\/www.amstelprinting.nl\/wp-content\/uploads\/Parasol.jpg","type":"image\/jpeg"}],"twitter_card":"summary_large_image","twitter_misc":{"Dur\u00e9e de lecture estim\u00e9e":"2 minutes"},"schema":{"@context":"https:\/\/schema.org","@graph":[{"@type":"WebPage","@id":"https:\/\/www.amstelprinting.nl\/fr\/boutique\/interieur-2\/exterieur\/parasol\/","url":"https:\/\/www.amstelprinting.nl\/fr\/boutique\/interieur-2\/exterieur\/parasol\/","name":"Parasol | Amstel Printing","isPartOf":{"@id":"https:\/\/www.amstelprinting.nl\/fr\/#website"},"primaryImageOfPage":{"@id":"https:\/\/www.amstelprinting.nl\/fr\/boutique\/interieur-2\/exterieur\/parasol\/#primaryimage"},"image":{"@id":"https:\/\/www.amstelprinting.nl\/fr\/boutique\/interieur-2\/exterieur\/parasol\/#primaryimage"},"thumbnailUrl":"https:\/\/www.amstelprinting.nl\/wp-content\/uploads\/Parasol.jpg","datePublished":"2025-01-24T10:31:31+00:00","dateModified":"2026-02-10T12:09:29+00:00","breadcrumb":{"@id":"https:\/\/www.amstelprinting.nl\/fr\/boutique\/interieur-2\/exterieur\/parasol\/#breadcrumb"},"inLanguage":"fr-FR","potentialAction":[{"@type":"ReadAction","target":["https:\/\/www.amstelprinting.nl\/fr\/boutique\/interieur-2\/exterieur\/parasol\/"]}]},{"@type":"ImageObject","inLanguage":"fr-FR","@id":"https:\/\/www.amstelprinting.nl\/fr\/boutique\/interieur-2\/exterieur\/parasol\/#primaryimage","url":"https:\/\/www.amstelprinting.nl\/wp-content\/uploads\/Parasol.jpg","contentUrl":"https:\/\/www.amstelprinting.nl\/wp-content\/uploads\/Parasol.jpg","width":700,"height":700},{"@type":"BreadcrumbList","@id":"https:\/\/www.amstelprinting.nl\/fr\/boutique\/interieur-2\/exterieur\/parasol\/#breadcrumb","itemListElement":[{"@type":"ListItem","position":1,"name":"","item":"https:\/\/www.amstelprinting.nl\/fr\/"},{"@type":"ListItem","position":2,"name":"Amstel Printing","item":"https:\/\/www.amstelprinting.nl\/fr\/boutique\/"},{"@type":"ListItem","position":3,"name":"Publicit\u00e9 ext\u00e9rieure","item":"https:\/\/www.amstelprinting.nl\/fr\/categorie\/publicite-exterieure\/"},{"@type":"ListItem","position":4,"name":"Terrasse &amp; jardin","item":"https:\/\/www.amstelprinting.nl\/fr\/categorie\/publicite-exterieure\/terrasse-jardin\/"},{"@type":"ListItem","position":5,"name":"Parasol"}]},{"@type":"WebSite","@id":"https:\/\/www.amstelprinting.nl\/fr\/#website","url":"https:\/\/www.amstelprinting.nl\/fr\/","name":"Amstel Printing","description":"Creating Exposure","publisher":{"@id":"https:\/\/www.amstelprinting.nl\/fr\/#organization"},"potentialAction":[{"@type":"SearchAction","target":{"@type":"EntryPoint","urlTemplate":"https:\/\/www.amstelprinting.nl\/fr\/?s={search_term_string}"},"query-input":{"@type":"PropertyValueSpecification","valueRequired":true,"valueName":"search_term_string"}}],"inLanguage":"fr-FR"},{"@type":"Organization","@id":"https:\/\/www.amstelprinting.nl\/fr\/#organization","name":"Amstel Printing","url":"https:\/\/www.amstelprinting.nl\/fr\/","logo":{"@type":"ImageObject","inLanguage":"fr-FR","@id":"https:\/\/www.amstelprinting.nl\/fr\/#\/schema\/logo\/image\/","url":"https:\/\/www.amstelprinting.nl\/wp-content\/uploads\/amstel_printing_logo_clean.png","contentUrl":"https:\/\/www.amstelprinting.nl\/wp-content\/uploads\/amstel_printing_logo_clean.png","width":324,"height":73,"caption":"Amstel Printing"},"image":{"@id":"https:\/\/www.amstelprinting.nl\/fr\/#\/schema\/logo\/image\/"}}]}},"_links":{"self":[{"href":"https:\/\/www.amstelprinting.nl\/fr\/wp-json\/wp\/v2\/product\/13997","targetHints":{"allow":["GET"]}}],"collection":[{"href":"https:\/\/www.amstelprinting.nl\/fr\/wp-json\/wp\/v2\/product"}],"about":[{"href":"https:\/\/www.amstelprinting.nl\/fr\/wp-json\/wp\/v2\/types\/product"}],"wp:featuredmedia":[{"embeddable":true,"href":"https:\/\/www.amstelprinting.nl\/fr\/wp-json\/wp\/v2\/media\/13998"}],"wp:attachment":[{"href":"https:\/\/www.amstelprinting.nl\/fr\/wp-json\/wp\/v2\/media?parent=13997"}],"wp:term":[{"taxonomy":"product_brand","embeddable":true,"href":"https:\/\/www.amstelprinting.nl\/fr\/wp-json\/wp\/v2\/product_brand?post=13997"},{"taxonomy":"product_cat","embeddable":true,"href":"https:\/\/www.amstelprinting.nl\/fr\/wp-json\/wp\/v2\/product_cat?post=13997"},{"taxonomy":"product_tag","embeddable":true,"href":"https:\/\/www.amstelprinting.nl\/fr\/wp-json\/wp\/v2\/product_tag?post=13997"}],"curies":[{"name":"wp","href":"https:\/\/api.w.org\/{rel}","templated":true}]}}