{"id":14007,"date":"2025-01-24T11:31:26","date_gmt":"2025-01-24T10:31:26","guid":{"rendered":"https:\/\/www.amstelprinting.nl\/winkel\/non%20class\u00e9\/tarp\/"},"modified":"2026-02-10T13:09:29","modified_gmt":"2026-02-10T12:09:29","slug":"tarp","status":"publish","type":"product","link":"https:\/\/www.amstelprinting.nl\/fr\/boutique\/interieur-2\/exterieur\/tarp\/","title":{"rendered":"Tarp"},"content":{"rendered":"<h3>Impression de tarp : mat\u00e9riau<\/h3>\n<p>\\nNotre tarp est fabriqu\u00e9 en polyester de haute qualit\u00e9 et \u00e0 s\u00e9chage rapide. De plus, il est r\u00e9sistant aux UV et hydrofuge, ce qui rend le tarp id\u00e9al pour une utilisation dans diverses conditions m\u00e9t\u00e9orologiques. Vous pouvez choisir entre une version triangulaire ou carr\u00e9e. Utilisez le mod\u00e8le de conception pour cr\u00e9er facilement votre visuel. Pour l&rsquo;impression, l&rsquo;imprimante textile Durst Alpha est utilis\u00e9e. Les encres pigment\u00e9es \u00e0 base d&rsquo;eau garantissent des impressions d&rsquo;une nettet\u00e9 exceptionnelle.\\n\\n<\/p>\n<h3>Finition<\/h3>\n<p>\\nLe tarp est fini avec des \u0153illets en plastique et poss\u00e8de une sangle de drapeau sur tout le pourtour, ainsi votre tarp reste solidement en place (m\u00eame par vent fort). De plus, vous avez le choix entre du fil blanc ou noir. Que vous vous d\u00e9tendiez dans votre jardin, campiez en pleine nature ou organisiez un \u00e9v\u00e9nement, notre tarp offre une protection fiable contre le soleil et les autres conditions m\u00e9t\u00e9orologiques. Optez pour la durabilit\u00e9 et le style avec notre voile d&rsquo;ombrage r\u00e9sistant aux UV et hydrofuge, con\u00e7u pour une utilisation durable.<\/p>\n","protected":false},"excerpt":{"rendered":"<h3>Voile d&rsquo;ombrage pour festival ou terrasse<\/h3>\n<p>\\nProfitez pleinement de votre exp\u00e9rience en plein air avec notre tarp polyvalent ! Que vous recherchiez une protection contre le soleil ou une solution r\u00e9sistante aux intemp\u00e9ries pour votre espace ext\u00e9rieur (festival ou terrasse), notre tarp, \u00e9galement connu sous le nom de voile d&rsquo;ombrage, offre la combinaison parfaite entre fonctionnalit\u00e9 et style.<\/p>\n","protected":false},"featured_media":14008,"template":"","meta":{"_et_pb_use_builder":"","_et_pb_old_content":"","_et_gb_content_width":""},"product_brand":[],"product_cat":[424,553,542,448,428,526],"product_tag":[],"class_list":{"0":"post-14007","1":"product","2":"type-product","3":"status-publish","4":"has-post-thumbnail","6":"product_cat-decoration","7":"product_cat-exterieur","8":"product_cat-interieur-2","9":"product_cat-publicite-exterieure","10":"product_cat-salon-et-evenement","11":"product_cat-terrasse-jardin","13":"first","14":"instock","15":"taxable","16":"shipping-taxable","17":"purchasable","18":"product-type-simple"},"yoast_head":"<!-- This site is optimized with the Yoast SEO plugin v27.3 - https:\/\/yoast.com\/product\/yoast-seo-wordpress\/ -->\n<title>Tarp | Amstel Printing<\/title>\n<meta name=\"robots\" content=\"index, follow, max-snippet:-1, max-image-preview:large, max-video-preview:-1\" \/>\n<link rel=\"canonical\" href=\"https:\/\/www.amstelprinting.nl\/fr\/boutique\/interieur-2\/exterieur\/tarp\/\" \/>\n<meta property=\"og:locale\" content=\"fr_FR\" \/>\n<meta property=\"og:type\" content=\"article\" \/>\n<meta property=\"og:title\" content=\"Tarp | Amstel Printing\" \/>\n<meta property=\"og:description\" content=\"Voile d&#039;ombrage pour festival ou terrassenProfitez pleinement de votre exp\u00e9rience en plein air avec notre tarp polyvalent ! Que vous recherchiez une protection contre le soleil ou une solution r\u00e9sistante aux intemp\u00e9ries pour votre espace ext\u00e9rieur (festival ou terrasse), notre tarp, \u00e9galement connu sous le nom de voile d&#039;ombrage, offre la combinaison parfaite entre fonctionnalit\u00e9 et style.\" \/>\n<meta property=\"og:url\" content=\"https:\/\/www.amstelprinting.nl\/fr\/boutique\/interieur-2\/exterieur\/tarp\/\" \/>\n<meta property=\"og:site_name\" content=\"Amstel Printing\" \/>\n<meta property=\"article:modified_time\" content=\"2026-02-10T12:09:29+00:00\" \/>\n<meta property=\"og:image\" content=\"https:\/\/www.amstelprinting.nl\/wp-content\/uploads\/Tarp.jpg\" \/>\n\t<meta property=\"og:image:width\" content=\"700\" \/>\n\t<meta property=\"og:image:height\" content=\"700\" \/>\n\t<meta property=\"og:image:type\" content=\"image\/jpeg\" \/>\n<meta name=\"twitter:card\" content=\"summary_large_image\" \/>\n<meta name=\"twitter:label1\" content=\"Dur\u00e9e de lecture estim\u00e9e\" \/>\n\t<meta name=\"twitter:data1\" content=\"1 minute\" \/>\n<script type=\"application\/ld+json\" class=\"yoast-schema-graph\">{\"@context\":\"https:\\\/\\\/schema.org\",\"@graph\":[{\"@type\":\"WebPage\",\"@id\":\"https:\\\/\\\/www.amstelprinting.nl\\\/fr\\\/boutique\\\/interieur-2\\\/exterieur\\\/tarp\\\/\",\"url\":\"https:\\\/\\\/www.amstelprinting.nl\\\/fr\\\/boutique\\\/interieur-2\\\/exterieur\\\/tarp\\\/\",\"name\":\"Tarp | Amstel Printing\",\"isPartOf\":{\"@id\":\"https:\\\/\\\/www.amstelprinting.nl\\\/fr\\\/#website\"},\"primaryImageOfPage\":{\"@id\":\"https:\\\/\\\/www.amstelprinting.nl\\\/fr\\\/boutique\\\/interieur-2\\\/exterieur\\\/tarp\\\/#primaryimage\"},\"image\":{\"@id\":\"https:\\\/\\\/www.amstelprinting.nl\\\/fr\\\/boutique\\\/interieur-2\\\/exterieur\\\/tarp\\\/#primaryimage\"},\"thumbnailUrl\":\"https:\\\/\\\/www.amstelprinting.nl\\\/wp-content\\\/uploads\\\/Tarp.jpg\",\"datePublished\":\"2025-01-24T10:31:26+00:00\",\"dateModified\":\"2026-02-10T12:09:29+00:00\",\"breadcrumb\":{\"@id\":\"https:\\\/\\\/www.amstelprinting.nl\\\/fr\\\/boutique\\\/interieur-2\\\/exterieur\\\/tarp\\\/#breadcrumb\"},\"inLanguage\":\"fr-FR\",\"potentialAction\":[{\"@type\":\"ReadAction\",\"target\":[\"https:\\\/\\\/www.amstelprinting.nl\\\/fr\\\/boutique\\\/interieur-2\\\/exterieur\\\/tarp\\\/\"]}]},{\"@type\":\"ImageObject\",\"inLanguage\":\"fr-FR\",\"@id\":\"https:\\\/\\\/www.amstelprinting.nl\\\/fr\\\/boutique\\\/interieur-2\\\/exterieur\\\/tarp\\\/#primaryimage\",\"url\":\"https:\\\/\\\/www.amstelprinting.nl\\\/wp-content\\\/uploads\\\/Tarp.jpg\",\"contentUrl\":\"https:\\\/\\\/www.amstelprinting.nl\\\/wp-content\\\/uploads\\\/Tarp.jpg\",\"width\":700,\"height\":700},{\"@type\":\"BreadcrumbList\",\"@id\":\"https:\\\/\\\/www.amstelprinting.nl\\\/fr\\\/boutique\\\/interieur-2\\\/exterieur\\\/tarp\\\/#breadcrumb\",\"itemListElement\":[{\"@type\":\"ListItem\",\"position\":1,\"name\":\"\",\"item\":\"https:\\\/\\\/www.amstelprinting.nl\\\/fr\\\/\"},{\"@type\":\"ListItem\",\"position\":2,\"name\":\"Amstel Printing\",\"item\":\"https:\\\/\\\/www.amstelprinting.nl\\\/fr\\\/boutique\\\/\"},{\"@type\":\"ListItem\",\"position\":3,\"name\":\"Publicit\u00e9 ext\u00e9rieure\",\"item\":\"https:\\\/\\\/www.amstelprinting.nl\\\/fr\\\/categorie\\\/publicite-exterieure\\\/\"},{\"@type\":\"ListItem\",\"position\":4,\"name\":\"Terrasse &amp; jardin\",\"item\":\"https:\\\/\\\/www.amstelprinting.nl\\\/fr\\\/categorie\\\/publicite-exterieure\\\/terrasse-jardin\\\/\"},{\"@type\":\"ListItem\",\"position\":5,\"name\":\"Tarp\"}]},{\"@type\":\"WebSite\",\"@id\":\"https:\\\/\\\/www.amstelprinting.nl\\\/fr\\\/#website\",\"url\":\"https:\\\/\\\/www.amstelprinting.nl\\\/fr\\\/\",\"name\":\"Amstel Printing\",\"description\":\"Creating Exposure\",\"publisher\":{\"@id\":\"https:\\\/\\\/www.amstelprinting.nl\\\/fr\\\/#organization\"},\"potentialAction\":[{\"@type\":\"SearchAction\",\"target\":{\"@type\":\"EntryPoint\",\"urlTemplate\":\"https:\\\/\\\/www.amstelprinting.nl\\\/fr\\\/?s={search_term_string}\"},\"query-input\":{\"@type\":\"PropertyValueSpecification\",\"valueRequired\":true,\"valueName\":\"search_term_string\"}}],\"inLanguage\":\"fr-FR\"},{\"@type\":\"Organization\",\"@id\":\"https:\\\/\\\/www.amstelprinting.nl\\\/fr\\\/#organization\",\"name\":\"Amstel Printing\",\"url\":\"https:\\\/\\\/www.amstelprinting.nl\\\/fr\\\/\",\"logo\":{\"@type\":\"ImageObject\",\"inLanguage\":\"fr-FR\",\"@id\":\"https:\\\/\\\/www.amstelprinting.nl\\\/fr\\\/#\\\/schema\\\/logo\\\/image\\\/\",\"url\":\"https:\\\/\\\/www.amstelprinting.nl\\\/wp-content\\\/uploads\\\/amstel_printing_logo_clean.png\",\"contentUrl\":\"https:\\\/\\\/www.amstelprinting.nl\\\/wp-content\\\/uploads\\\/amstel_printing_logo_clean.png\",\"width\":324,\"height\":73,\"caption\":\"Amstel Printing\"},\"image\":{\"@id\":\"https:\\\/\\\/www.amstelprinting.nl\\\/fr\\\/#\\\/schema\\\/logo\\\/image\\\/\"}}]}<\/script>\n<!-- \/ Yoast SEO plugin. -->","yoast_head_json":{"title":"Tarp | Amstel Printing","robots":{"index":"index","follow":"follow","max-snippet":"max-snippet:-1","max-image-preview":"max-image-preview:large","max-video-preview":"max-video-preview:-1"},"canonical":"https:\/\/www.amstelprinting.nl\/fr\/boutique\/interieur-2\/exterieur\/tarp\/","og_locale":"fr_FR","og_type":"article","og_title":"Tarp | Amstel Printing","og_description":"Voile d'ombrage pour festival ou terrassenProfitez pleinement de votre exp\u00e9rience en plein air avec notre tarp polyvalent ! Que vous recherchiez une protection contre le soleil ou une solution r\u00e9sistante aux intemp\u00e9ries pour votre espace ext\u00e9rieur (festival ou terrasse), notre tarp, \u00e9galement connu sous le nom de voile d'ombrage, offre la combinaison parfaite entre fonctionnalit\u00e9 et style.","og_url":"https:\/\/www.amstelprinting.nl\/fr\/boutique\/interieur-2\/exterieur\/tarp\/","og_site_name":"Amstel Printing","article_modified_time":"2026-02-10T12:09:29+00:00","og_image":[{"width":700,"height":700,"url":"https:\/\/www.amstelprinting.nl\/wp-content\/uploads\/Tarp.jpg","type":"image\/jpeg"}],"twitter_card":"summary_large_image","twitter_misc":{"Dur\u00e9e de lecture estim\u00e9e":"1 minute"},"schema":{"@context":"https:\/\/schema.org","@graph":[{"@type":"WebPage","@id":"https:\/\/www.amstelprinting.nl\/fr\/boutique\/interieur-2\/exterieur\/tarp\/","url":"https:\/\/www.amstelprinting.nl\/fr\/boutique\/interieur-2\/exterieur\/tarp\/","name":"Tarp | Amstel Printing","isPartOf":{"@id":"https:\/\/www.amstelprinting.nl\/fr\/#website"},"primaryImageOfPage":{"@id":"https:\/\/www.amstelprinting.nl\/fr\/boutique\/interieur-2\/exterieur\/tarp\/#primaryimage"},"image":{"@id":"https:\/\/www.amstelprinting.nl\/fr\/boutique\/interieur-2\/exterieur\/tarp\/#primaryimage"},"thumbnailUrl":"https:\/\/www.amstelprinting.nl\/wp-content\/uploads\/Tarp.jpg","datePublished":"2025-01-24T10:31:26+00:00","dateModified":"2026-02-10T12:09:29+00:00","breadcrumb":{"@id":"https:\/\/www.amstelprinting.nl\/fr\/boutique\/interieur-2\/exterieur\/tarp\/#breadcrumb"},"inLanguage":"fr-FR","potentialAction":[{"@type":"ReadAction","target":["https:\/\/www.amstelprinting.nl\/fr\/boutique\/interieur-2\/exterieur\/tarp\/"]}]},{"@type":"ImageObject","inLanguage":"fr-FR","@id":"https:\/\/www.amstelprinting.nl\/fr\/boutique\/interieur-2\/exterieur\/tarp\/#primaryimage","url":"https:\/\/www.amstelprinting.nl\/wp-content\/uploads\/Tarp.jpg","contentUrl":"https:\/\/www.amstelprinting.nl\/wp-content\/uploads\/Tarp.jpg","width":700,"height":700},{"@type":"BreadcrumbList","@id":"https:\/\/www.amstelprinting.nl\/fr\/boutique\/interieur-2\/exterieur\/tarp\/#breadcrumb","itemListElement":[{"@type":"ListItem","position":1,"name":"","item":"https:\/\/www.amstelprinting.nl\/fr\/"},{"@type":"ListItem","position":2,"name":"Amstel Printing","item":"https:\/\/www.amstelprinting.nl\/fr\/boutique\/"},{"@type":"ListItem","position":3,"name":"Publicit\u00e9 ext\u00e9rieure","item":"https:\/\/www.amstelprinting.nl\/fr\/categorie\/publicite-exterieure\/"},{"@type":"ListItem","position":4,"name":"Terrasse &amp; jardin","item":"https:\/\/www.amstelprinting.nl\/fr\/categorie\/publicite-exterieure\/terrasse-jardin\/"},{"@type":"ListItem","position":5,"name":"Tarp"}]},{"@type":"WebSite","@id":"https:\/\/www.amstelprinting.nl\/fr\/#website","url":"https:\/\/www.amstelprinting.nl\/fr\/","name":"Amstel Printing","description":"Creating Exposure","publisher":{"@id":"https:\/\/www.amstelprinting.nl\/fr\/#organization"},"potentialAction":[{"@type":"SearchAction","target":{"@type":"EntryPoint","urlTemplate":"https:\/\/www.amstelprinting.nl\/fr\/?s={search_term_string}"},"query-input":{"@type":"PropertyValueSpecification","valueRequired":true,"valueName":"search_term_string"}}],"inLanguage":"fr-FR"},{"@type":"Organization","@id":"https:\/\/www.amstelprinting.nl\/fr\/#organization","name":"Amstel Printing","url":"https:\/\/www.amstelprinting.nl\/fr\/","logo":{"@type":"ImageObject","inLanguage":"fr-FR","@id":"https:\/\/www.amstelprinting.nl\/fr\/#\/schema\/logo\/image\/","url":"https:\/\/www.amstelprinting.nl\/wp-content\/uploads\/amstel_printing_logo_clean.png","contentUrl":"https:\/\/www.amstelprinting.nl\/wp-content\/uploads\/amstel_printing_logo_clean.png","width":324,"height":73,"caption":"Amstel Printing"},"image":{"@id":"https:\/\/www.amstelprinting.nl\/fr\/#\/schema\/logo\/image\/"}}]}},"_links":{"self":[{"href":"https:\/\/www.amstelprinting.nl\/fr\/wp-json\/wp\/v2\/product\/14007","targetHints":{"allow":["GET"]}}],"collection":[{"href":"https:\/\/www.amstelprinting.nl\/fr\/wp-json\/wp\/v2\/product"}],"about":[{"href":"https:\/\/www.amstelprinting.nl\/fr\/wp-json\/wp\/v2\/types\/product"}],"wp:featuredmedia":[{"embeddable":true,"href":"https:\/\/www.amstelprinting.nl\/fr\/wp-json\/wp\/v2\/media\/14008"}],"wp:attachment":[{"href":"https:\/\/www.amstelprinting.nl\/fr\/wp-json\/wp\/v2\/media?parent=14007"}],"wp:term":[{"taxonomy":"product_brand","embeddable":true,"href":"https:\/\/www.amstelprinting.nl\/fr\/wp-json\/wp\/v2\/product_brand?post=14007"},{"taxonomy":"product_cat","embeddable":true,"href":"https:\/\/www.amstelprinting.nl\/fr\/wp-json\/wp\/v2\/product_cat?post=14007"},{"taxonomy":"product_tag","embeddable":true,"href":"https:\/\/www.amstelprinting.nl\/fr\/wp-json\/wp\/v2\/product_tag?post=14007"}],"curies":[{"name":"wp","href":"https:\/\/api.w.org\/{rel}","templated":true}]}}