{"id":14027,"date":"2025-01-24T11:31:19","date_gmt":"2025-01-24T10:31:19","guid":{"rendered":"https:\/\/www.amstelprinting.nl\/winkel\/non%20class\u00e9\/buitenkleed\/"},"modified":"2026-02-18T12:51:02","modified_gmt":"2026-02-18T11:51:02","slug":"tapis-dexterieur","status":"publish","type":"product","link":"https:\/\/www.amstelprinting.nl\/fr\/boutique\/interieur-2\/exterieur\/tapis-dexterieur\/","title":{"rendered":"Tapis d&rsquo;ext\u00e9rieur"},"content":{"rendered":"<h3>Mat\u00e9riau<\/h3>\n<p>Le tapis d&rsquo;ext\u00e9rieur est fabriqu\u00e9 \u00e0 partir du mat\u00e9riau ProPES outdoor. ProPES outdoor est une toile textile en polyester hydrofuge et r\u00e9sistante aux rayons UV. Ce qui lui permet de conserver sa qualit\u00e9 dans toutes les conditions m\u00e9t\u00e9orologiques. Notre tapis d&rsquo;ext\u00e9rieur est imprim\u00e9 avec des encres pigment\u00e9es \u00e0 base d&rsquo;eau, ce qui garantit des couleurs vives et intenses. Comme la toile absorbe la lumi\u00e8re, elle a un aspect mat.<\/p>\n<h3>Finitions<\/h3>\n<p>Pour la finition de votre tapis d&rsquo;ext\u00e9rieur, vous avez le choix entre du fil blanc ou noir. De plus, le tapis est dot\u00e9 d&rsquo;un double ourlet qui non seulement augmente la durabilit\u00e9, mais offre \u00e9galement une finition soign\u00e9e. Vous pouvez fournir votre propre design ou choisir l&rsquo;un des motifs existants.<\/p>\n<h3>Questions fr\u00e9quemment pos\u00e9es<\/h3>\n<p><strong>Le tapis d&rsquo;ext\u00e9rieur peut-il \u00eatre lav\u00e9 ?<\/strong><br \/>\nOui, notre tapis d&rsquo;ext\u00e9rieur peut \u00eatre lav\u00e9 \u00e0 30 degr\u00e9s. Nous vous conseillons de le laver \u00e0 l&rsquo;envers ou de le placer dans un filet de lavage, afin que l&rsquo;impression reste prot\u00e9g\u00e9e et ne soit pas en contact direct avec le tambour de la machine \u00e0 laver. Cela aide \u00e0 pr\u00e9server la qualit\u00e9 du tapis, m\u00eame apr\u00e8s des lavages r\u00e9p\u00e9t\u00e9s.<\/p>\n","protected":false},"excerpt":{"rendered":"<h3>Tapis d&rsquo;ext\u00e9rieur l\u00e9ger et 100 % recyclable<\/h3>\n<p>\u00c0 la recherche d&rsquo;un \u00e9l\u00e9ment accrocheur pour votre jardin, terrasse ou espace ext\u00e9rieur ? Notre tapis d&rsquo;ext\u00e9rieur vous aide \u00e0 cr\u00e9er un environnement enchanteur. dot\u00e9 d&rsquo;une impression ultra-nette de votre photo ou de votre design. Vous choisissez vous-m\u00eame le format !<\/p>\n","protected":false},"featured_media":14028,"template":"","meta":{"_et_pb_use_builder":"","_et_pb_old_content":"","_et_gb_content_width":""},"product_brand":[],"product_cat":[553,542,448,526],"product_tag":[],"class_list":{"0":"post-14027","1":"product","2":"type-product","3":"status-publish","4":"has-post-thumbnail","6":"product_cat-exterieur","7":"product_cat-interieur-2","8":"product_cat-publicite-exterieure","9":"product_cat-terrasse-jardin","11":"first","12":"instock","13":"taxable","14":"shipping-taxable","15":"purchasable","16":"product-type-simple"},"yoast_head":"<!-- This site is optimized with the Yoast SEO plugin v27.3 - https:\/\/yoast.com\/product\/yoast-seo-wordpress\/ -->\n<title>Tapis d&#039;ext\u00e9rieur | Amstel Printing<\/title>\n<meta name=\"robots\" content=\"index, follow, max-snippet:-1, max-image-preview:large, max-video-preview:-1\" \/>\n<link rel=\"canonical\" href=\"https:\/\/www.amstelprinting.nl\/fr\/boutique\/interieur-2\/exterieur\/tapis-dexterieur\/\" \/>\n<meta property=\"og:locale\" content=\"fr_FR\" \/>\n<meta property=\"og:type\" content=\"article\" \/>\n<meta property=\"og:title\" content=\"Tapis d&#039;ext\u00e9rieur | Amstel Printing\" \/>\n<meta property=\"og:description\" content=\"Tapis d&#039;ext\u00e9rieur l\u00e9ger et 100 % recyclable \u00c0 la recherche d&#039;un \u00e9l\u00e9ment accrocheur pour votre jardin, terrasse ou espace ext\u00e9rieur ? Notre tapis d&#039;ext\u00e9rieur vous aide \u00e0 cr\u00e9er un environnement enchanteur. dot\u00e9 d&#039;une impression ultra-nette de votre photo ou de votre design. Vous choisissez vous-m\u00eame le format !\" \/>\n<meta property=\"og:url\" content=\"https:\/\/www.amstelprinting.nl\/fr\/boutique\/interieur-2\/exterieur\/tapis-dexterieur\/\" \/>\n<meta property=\"og:site_name\" content=\"Amstel Printing\" \/>\n<meta property=\"article:modified_time\" content=\"2026-02-18T11:51:02+00:00\" \/>\n<meta property=\"og:image\" content=\"https:\/\/www.amstelprinting.nl\/wp-content\/uploads\/Buitenkleed.jpg\" \/>\n\t<meta property=\"og:image:width\" content=\"700\" \/>\n\t<meta property=\"og:image:height\" content=\"700\" \/>\n\t<meta property=\"og:image:type\" content=\"image\/jpeg\" \/>\n<meta name=\"twitter:card\" content=\"summary_large_image\" \/>\n<meta name=\"twitter:label1\" content=\"Dur\u00e9e de lecture estim\u00e9e\" \/>\n\t<meta name=\"twitter:data1\" content=\"1 minute\" \/>\n<script type=\"application\/ld+json\" class=\"yoast-schema-graph\">{\"@context\":\"https:\\\/\\\/schema.org\",\"@graph\":[{\"@type\":\"WebPage\",\"@id\":\"https:\\\/\\\/www.amstelprinting.nl\\\/fr\\\/boutique\\\/interieur-2\\\/exterieur\\\/tapis-dexterieur\\\/\",\"url\":\"https:\\\/\\\/www.amstelprinting.nl\\\/fr\\\/boutique\\\/interieur-2\\\/exterieur\\\/tapis-dexterieur\\\/\",\"name\":\"Tapis d'ext\u00e9rieur | Amstel Printing\",\"isPartOf\":{\"@id\":\"https:\\\/\\\/www.amstelprinting.nl\\\/fr\\\/#website\"},\"primaryImageOfPage\":{\"@id\":\"https:\\\/\\\/www.amstelprinting.nl\\\/fr\\\/boutique\\\/interieur-2\\\/exterieur\\\/tapis-dexterieur\\\/#primaryimage\"},\"image\":{\"@id\":\"https:\\\/\\\/www.amstelprinting.nl\\\/fr\\\/boutique\\\/interieur-2\\\/exterieur\\\/tapis-dexterieur\\\/#primaryimage\"},\"thumbnailUrl\":\"https:\\\/\\\/www.amstelprinting.nl\\\/wp-content\\\/uploads\\\/Buitenkleed.jpg\",\"datePublished\":\"2025-01-24T10:31:19+00:00\",\"dateModified\":\"2026-02-18T11:51:02+00:00\",\"breadcrumb\":{\"@id\":\"https:\\\/\\\/www.amstelprinting.nl\\\/fr\\\/boutique\\\/interieur-2\\\/exterieur\\\/tapis-dexterieur\\\/#breadcrumb\"},\"inLanguage\":\"fr-FR\",\"potentialAction\":[{\"@type\":\"ReadAction\",\"target\":[\"https:\\\/\\\/www.amstelprinting.nl\\\/fr\\\/boutique\\\/interieur-2\\\/exterieur\\\/tapis-dexterieur\\\/\"]}]},{\"@type\":\"ImageObject\",\"inLanguage\":\"fr-FR\",\"@id\":\"https:\\\/\\\/www.amstelprinting.nl\\\/fr\\\/boutique\\\/interieur-2\\\/exterieur\\\/tapis-dexterieur\\\/#primaryimage\",\"url\":\"https:\\\/\\\/www.amstelprinting.nl\\\/wp-content\\\/uploads\\\/Buitenkleed.jpg\",\"contentUrl\":\"https:\\\/\\\/www.amstelprinting.nl\\\/wp-content\\\/uploads\\\/Buitenkleed.jpg\",\"width\":700,\"height\":700},{\"@type\":\"BreadcrumbList\",\"@id\":\"https:\\\/\\\/www.amstelprinting.nl\\\/fr\\\/boutique\\\/interieur-2\\\/exterieur\\\/tapis-dexterieur\\\/#breadcrumb\",\"itemListElement\":[{\"@type\":\"ListItem\",\"position\":1,\"name\":\"\",\"item\":\"https:\\\/\\\/www.amstelprinting.nl\\\/fr\\\/\"},{\"@type\":\"ListItem\",\"position\":2,\"name\":\"Amstel Printing\",\"item\":\"https:\\\/\\\/www.amstelprinting.nl\\\/fr\\\/boutique\\\/\"},{\"@type\":\"ListItem\",\"position\":3,\"name\":\"Publicit\u00e9 ext\u00e9rieure\",\"item\":\"https:\\\/\\\/www.amstelprinting.nl\\\/fr\\\/categorie\\\/publicite-exterieure\\\/\"},{\"@type\":\"ListItem\",\"position\":4,\"name\":\"Terrasse &amp; jardin\",\"item\":\"https:\\\/\\\/www.amstelprinting.nl\\\/fr\\\/categorie\\\/publicite-exterieure\\\/terrasse-jardin\\\/\"},{\"@type\":\"ListItem\",\"position\":5,\"name\":\"Tapis d&rsquo;ext\u00e9rieur\"}]},{\"@type\":\"WebSite\",\"@id\":\"https:\\\/\\\/www.amstelprinting.nl\\\/fr\\\/#website\",\"url\":\"https:\\\/\\\/www.amstelprinting.nl\\\/fr\\\/\",\"name\":\"Amstel Printing\",\"description\":\"Creating Exposure\",\"publisher\":{\"@id\":\"https:\\\/\\\/www.amstelprinting.nl\\\/fr\\\/#organization\"},\"potentialAction\":[{\"@type\":\"SearchAction\",\"target\":{\"@type\":\"EntryPoint\",\"urlTemplate\":\"https:\\\/\\\/www.amstelprinting.nl\\\/fr\\\/?s={search_term_string}\"},\"query-input\":{\"@type\":\"PropertyValueSpecification\",\"valueRequired\":true,\"valueName\":\"search_term_string\"}}],\"inLanguage\":\"fr-FR\"},{\"@type\":\"Organization\",\"@id\":\"https:\\\/\\\/www.amstelprinting.nl\\\/fr\\\/#organization\",\"name\":\"Amstel Printing\",\"url\":\"https:\\\/\\\/www.amstelprinting.nl\\\/fr\\\/\",\"logo\":{\"@type\":\"ImageObject\",\"inLanguage\":\"fr-FR\",\"@id\":\"https:\\\/\\\/www.amstelprinting.nl\\\/fr\\\/#\\\/schema\\\/logo\\\/image\\\/\",\"url\":\"https:\\\/\\\/www.amstelprinting.nl\\\/wp-content\\\/uploads\\\/amstel_printing_logo_clean.png\",\"contentUrl\":\"https:\\\/\\\/www.amstelprinting.nl\\\/wp-content\\\/uploads\\\/amstel_printing_logo_clean.png\",\"width\":324,\"height\":73,\"caption\":\"Amstel Printing\"},\"image\":{\"@id\":\"https:\\\/\\\/www.amstelprinting.nl\\\/fr\\\/#\\\/schema\\\/logo\\\/image\\\/\"}}]}<\/script>\n<!-- \/ Yoast SEO plugin. -->","yoast_head_json":{"title":"Tapis d'ext\u00e9rieur | Amstel Printing","robots":{"index":"index","follow":"follow","max-snippet":"max-snippet:-1","max-image-preview":"max-image-preview:large","max-video-preview":"max-video-preview:-1"},"canonical":"https:\/\/www.amstelprinting.nl\/fr\/boutique\/interieur-2\/exterieur\/tapis-dexterieur\/","og_locale":"fr_FR","og_type":"article","og_title":"Tapis d'ext\u00e9rieur | Amstel Printing","og_description":"Tapis d'ext\u00e9rieur l\u00e9ger et 100 % recyclable \u00c0 la recherche d'un \u00e9l\u00e9ment accrocheur pour votre jardin, terrasse ou espace ext\u00e9rieur ? Notre tapis d'ext\u00e9rieur vous aide \u00e0 cr\u00e9er un environnement enchanteur. dot\u00e9 d'une impression ultra-nette de votre photo ou de votre design. Vous choisissez vous-m\u00eame le format !","og_url":"https:\/\/www.amstelprinting.nl\/fr\/boutique\/interieur-2\/exterieur\/tapis-dexterieur\/","og_site_name":"Amstel Printing","article_modified_time":"2026-02-18T11:51:02+00:00","og_image":[{"width":700,"height":700,"url":"https:\/\/www.amstelprinting.nl\/wp-content\/uploads\/Buitenkleed.jpg","type":"image\/jpeg"}],"twitter_card":"summary_large_image","twitter_misc":{"Dur\u00e9e de lecture estim\u00e9e":"1 minute"},"schema":{"@context":"https:\/\/schema.org","@graph":[{"@type":"WebPage","@id":"https:\/\/www.amstelprinting.nl\/fr\/boutique\/interieur-2\/exterieur\/tapis-dexterieur\/","url":"https:\/\/www.amstelprinting.nl\/fr\/boutique\/interieur-2\/exterieur\/tapis-dexterieur\/","name":"Tapis d'ext\u00e9rieur | Amstel Printing","isPartOf":{"@id":"https:\/\/www.amstelprinting.nl\/fr\/#website"},"primaryImageOfPage":{"@id":"https:\/\/www.amstelprinting.nl\/fr\/boutique\/interieur-2\/exterieur\/tapis-dexterieur\/#primaryimage"},"image":{"@id":"https:\/\/www.amstelprinting.nl\/fr\/boutique\/interieur-2\/exterieur\/tapis-dexterieur\/#primaryimage"},"thumbnailUrl":"https:\/\/www.amstelprinting.nl\/wp-content\/uploads\/Buitenkleed.jpg","datePublished":"2025-01-24T10:31:19+00:00","dateModified":"2026-02-18T11:51:02+00:00","breadcrumb":{"@id":"https:\/\/www.amstelprinting.nl\/fr\/boutique\/interieur-2\/exterieur\/tapis-dexterieur\/#breadcrumb"},"inLanguage":"fr-FR","potentialAction":[{"@type":"ReadAction","target":["https:\/\/www.amstelprinting.nl\/fr\/boutique\/interieur-2\/exterieur\/tapis-dexterieur\/"]}]},{"@type":"ImageObject","inLanguage":"fr-FR","@id":"https:\/\/www.amstelprinting.nl\/fr\/boutique\/interieur-2\/exterieur\/tapis-dexterieur\/#primaryimage","url":"https:\/\/www.amstelprinting.nl\/wp-content\/uploads\/Buitenkleed.jpg","contentUrl":"https:\/\/www.amstelprinting.nl\/wp-content\/uploads\/Buitenkleed.jpg","width":700,"height":700},{"@type":"BreadcrumbList","@id":"https:\/\/www.amstelprinting.nl\/fr\/boutique\/interieur-2\/exterieur\/tapis-dexterieur\/#breadcrumb","itemListElement":[{"@type":"ListItem","position":1,"name":"","item":"https:\/\/www.amstelprinting.nl\/fr\/"},{"@type":"ListItem","position":2,"name":"Amstel Printing","item":"https:\/\/www.amstelprinting.nl\/fr\/boutique\/"},{"@type":"ListItem","position":3,"name":"Publicit\u00e9 ext\u00e9rieure","item":"https:\/\/www.amstelprinting.nl\/fr\/categorie\/publicite-exterieure\/"},{"@type":"ListItem","position":4,"name":"Terrasse &amp; jardin","item":"https:\/\/www.amstelprinting.nl\/fr\/categorie\/publicite-exterieure\/terrasse-jardin\/"},{"@type":"ListItem","position":5,"name":"Tapis d&rsquo;ext\u00e9rieur"}]},{"@type":"WebSite","@id":"https:\/\/www.amstelprinting.nl\/fr\/#website","url":"https:\/\/www.amstelprinting.nl\/fr\/","name":"Amstel Printing","description":"Creating Exposure","publisher":{"@id":"https:\/\/www.amstelprinting.nl\/fr\/#organization"},"potentialAction":[{"@type":"SearchAction","target":{"@type":"EntryPoint","urlTemplate":"https:\/\/www.amstelprinting.nl\/fr\/?s={search_term_string}"},"query-input":{"@type":"PropertyValueSpecification","valueRequired":true,"valueName":"search_term_string"}}],"inLanguage":"fr-FR"},{"@type":"Organization","@id":"https:\/\/www.amstelprinting.nl\/fr\/#organization","name":"Amstel Printing","url":"https:\/\/www.amstelprinting.nl\/fr\/","logo":{"@type":"ImageObject","inLanguage":"fr-FR","@id":"https:\/\/www.amstelprinting.nl\/fr\/#\/schema\/logo\/image\/","url":"https:\/\/www.amstelprinting.nl\/wp-content\/uploads\/amstel_printing_logo_clean.png","contentUrl":"https:\/\/www.amstelprinting.nl\/wp-content\/uploads\/amstel_printing_logo_clean.png","width":324,"height":73,"caption":"Amstel Printing"},"image":{"@id":"https:\/\/www.amstelprinting.nl\/fr\/#\/schema\/logo\/image\/"}}]}},"_links":{"self":[{"href":"https:\/\/www.amstelprinting.nl\/fr\/wp-json\/wp\/v2\/product\/14027","targetHints":{"allow":["GET"]}}],"collection":[{"href":"https:\/\/www.amstelprinting.nl\/fr\/wp-json\/wp\/v2\/product"}],"about":[{"href":"https:\/\/www.amstelprinting.nl\/fr\/wp-json\/wp\/v2\/types\/product"}],"wp:featuredmedia":[{"embeddable":true,"href":"https:\/\/www.amstelprinting.nl\/fr\/wp-json\/wp\/v2\/media\/14028"}],"wp:attachment":[{"href":"https:\/\/www.amstelprinting.nl\/fr\/wp-json\/wp\/v2\/media?parent=14027"}],"wp:term":[{"taxonomy":"product_brand","embeddable":true,"href":"https:\/\/www.amstelprinting.nl\/fr\/wp-json\/wp\/v2\/product_brand?post=14027"},{"taxonomy":"product_cat","embeddable":true,"href":"https:\/\/www.amstelprinting.nl\/fr\/wp-json\/wp\/v2\/product_cat?post=14027"},{"taxonomy":"product_tag","embeddable":true,"href":"https:\/\/www.amstelprinting.nl\/fr\/wp-json\/wp\/v2\/product_tag?post=14027"}],"curies":[{"name":"wp","href":"https:\/\/api.w.org\/{rel}","templated":true}]}}