{"id":14047,"date":"2025-01-24T11:31:10","date_gmt":"2025-01-24T10:31:10","guid":{"rendered":"https:\/\/www.amstelprinting.nl\/winkel\/non%20class\u00e9\/landenvlag\/"},"modified":"2026-02-18T12:51:04","modified_gmt":"2026-02-18T11:51:04","slug":"drapeau-national","status":"publish","type":"product","link":"https:\/\/www.amstelprinting.nl\/fr\/boutique\/tout-les-drapeaux\/drapeaux\/drapeau-national\/","title":{"rendered":"Drapeau national"},"content":{"rendered":"<h3>Avantages des drapeaux nationaux<\/h3>\n<ul>\n<li>Disponible en trois formats<\/li>\n<li>Choisissez parmi diff\u00e9rents motifs ; Belgique, Pays-Bas, Frise et Allemagne (autres drapeaux nationaux sur demande)<\/li>\n<li>Fabriqu\u00e9 en spunpolyester durable et dot\u00e9 d&rsquo;un ourlet pr\u00e9cis pour une utilisation prolong\u00e9e<\/li>\n<li>Gamme compl\u00e8te d&rsquo;accessoires pour fixer votre drapeau facilement et avec style.<\/li>\n<\/ul>\n<p>&nbsp;<\/p>\n<h3>Format et mat\u00e9riau<\/h3>\n<p>Nos drapeaux nationaux sont disponibles en trois formats : 150 cm x 100 cm, 225 cm x 150 cm et 300 cm x 250 cm. Les drapeaux nationaux sont fabriqu\u00e9s en spunpolyester de 155 gr.\/m\u00b2, un mat\u00e9riau r\u00e9put\u00e9 pour sa durabilit\u00e9 et sa r\u00e9sistance aux intemp\u00e9ries. Cela garantit que votre drapeau national soit toujours sous son meilleur jour, m\u00eame dans les conditions m\u00e9t\u00e9orologiques les plus difficiles. Le drapeau national est dot\u00e9 d&rsquo;un ourlet \u00e0 double aiguille sur tout le pourtour. Cette finition robuste garantit que le drapeau ne s&rsquo;effilochera pas facilement et durera longtemps.<\/p>\n<h3>Grand teint garanti<\/h3>\n<p>Les couleurs de nos drapeaux nationaux respectent les valeurs chromatiques \u00e9tablies par le minist\u00e8re des Affaires g\u00e9n\u00e9rales, \u00e0 savoir la norme NEN 3055. Cela signifie que les drapeaux nationaux ont les teintes correctes et un aspect authentique, repr\u00e9sentant votre fiert\u00e9 nationale de mani\u00e8re respectueuse.<\/p>\n<h3>Accessoires<\/h3>\n<p>Nous proposons une gamme d&rsquo;accessoires pour compl\u00e9ter votre drapeau national. Choisissez parmi diff\u00e9rents types de m\u00e2ts de fa\u00e7ade ou un m\u00e2t portatif (handystick) pour suspendre facilement le drapeau national. Laissez flotter fi\u00e8rement votre drapeau et affirmez votre position avec nos drapeaux nationaux durables et authentiques.<\/p>\n<h3>Questions fr\u00e9quemment pos\u00e9es sur les drapeaux nationaux<\/h3>\n<p><strong>Comment le drapeau national est-il imprim\u00e9 ?<\/strong><br \/>\nNos drapeaux nationaux sont imprim\u00e9s \u00e0 l&rsquo;aide de la technologie de la s\u00e9rigraphie. Cela garantit des couleurs vives et durables qui r\u00e9sistent \u00e0 la d\u00e9coloration.<\/p>\n<p><strong>Le drapeau national est-il r\u00e9sistant aux UV ?<\/strong><br \/>\nOui, gr\u00e2ce \u00e0 la technologie de la s\u00e9rigraphie, le drapeau national est r\u00e9sistant aux UV, ce qui permet aux couleurs de rester vives m\u00eame en cas d&rsquo;exposition prolong\u00e9e au soleil.<\/p>\n<p><strong>Puis-je laver le drapeau national ?<\/strong><br \/>\nAbsolument, le drapeau national est lavable \u00e0 40 degr\u00e9s, ce qui vous permet de le garder propre et beau facilement.<\/p>\n","protected":false},"excerpt":{"rendered":"<p>Que vous organisiez un \u00e9v\u00e9nement, c\u00e9l\u00e9briez une occasion festive ou souhaitiez simplement exprimer votre amour pour votre pays, nos drapeaux nationaux de haute qualit\u00e9 sont le choix parfait. Avec des drapeaux pour la Belgique, les Pays-Bas, la Frise, l&rsquo;Allemagne et de nombreux autres pays sur demande, nous proposons des drapeaux nationaux qui r\u00e9pondent aux exigences de qualit\u00e9 les plus \u00e9lev\u00e9es et aux normes de couleur officielles.<\/p>\n","protected":false},"featured_media":14048,"template":"","meta":{"_et_pb_use_builder":"","_et_pb_old_content":"","_et_gb_content_width":""},"product_brand":[],"product_cat":[872,890],"product_tag":[],"class_list":{"0":"post-14047","1":"product","2":"type-product","3":"status-publish","4":"has-post-thumbnail","6":"product_cat-tout-les-drapeaux","7":"product_cat-drapeaux","9":"first","10":"instock","11":"taxable","12":"shipping-taxable","13":"purchasable","14":"product-type-simple"},"yoast_head":"<!-- This site is optimized with the Yoast SEO plugin v27.3 - https:\/\/yoast.com\/product\/yoast-seo-wordpress\/ -->\n<title>Drapeau national | Haute qualit\u00e9 | Durable &amp; Couleurs officielles grand teint<\/title>\n<meta name=\"description\" content=\"Commandez d\u00e8s maintenant un drapeau national durable dans des formats parfaits et des couleurs officielles. R\u00e9sistant aux UV et aux intemp\u00e9ries, id\u00e9al pour tout \u00e9v\u00e9nement ou usage quotidien.\" \/>\n<meta name=\"robots\" content=\"index, follow, max-snippet:-1, max-image-preview:large, max-video-preview:-1\" \/>\n<link rel=\"canonical\" href=\"https:\/\/www.amstelprinting.nl\/fr\/boutique\/tout-les-drapeaux\/drapeaux\/drapeau-national\/\" \/>\n<meta property=\"og:locale\" content=\"fr_FR\" \/>\n<meta property=\"og:type\" content=\"article\" \/>\n<meta property=\"og:title\" content=\"Drapeau national | Haute qualit\u00e9 | Durable &amp; Couleurs officielles grand teint\" \/>\n<meta property=\"og:description\" content=\"Commandez d\u00e8s maintenant un drapeau national durable dans des formats parfaits et des couleurs officielles. R\u00e9sistant aux UV et aux intemp\u00e9ries, id\u00e9al pour tout \u00e9v\u00e9nement ou usage quotidien.\" \/>\n<meta property=\"og:url\" content=\"https:\/\/www.amstelprinting.nl\/fr\/boutique\/tout-les-drapeaux\/drapeaux\/drapeau-national\/\" \/>\n<meta property=\"og:site_name\" content=\"Amstel Printing\" \/>\n<meta property=\"article:modified_time\" content=\"2026-02-18T11:51:04+00:00\" \/>\n<meta property=\"og:image\" content=\"https:\/\/www.amstelprinting.nl\/wp-content\/uploads\/Landenvlag.jpg\" \/>\n\t<meta property=\"og:image:width\" content=\"700\" \/>\n\t<meta property=\"og:image:height\" content=\"700\" \/>\n\t<meta property=\"og:image:type\" content=\"image\/jpeg\" \/>\n<meta name=\"twitter:card\" content=\"summary_large_image\" \/>\n<meta name=\"twitter:label1\" content=\"Dur\u00e9e de lecture estim\u00e9e\" \/>\n\t<meta name=\"twitter:data1\" content=\"2 minutes\" \/>\n<script type=\"application\/ld+json\" class=\"yoast-schema-graph\">{\"@context\":\"https:\\\/\\\/schema.org\",\"@graph\":[{\"@type\":\"WebPage\",\"@id\":\"https:\\\/\\\/www.amstelprinting.nl\\\/fr\\\/boutique\\\/tout-les-drapeaux\\\/drapeaux\\\/drapeau-national\\\/\",\"url\":\"https:\\\/\\\/www.amstelprinting.nl\\\/fr\\\/boutique\\\/tout-les-drapeaux\\\/drapeaux\\\/drapeau-national\\\/\",\"name\":\"Drapeau national | Haute qualit\u00e9 | Durable & Couleurs officielles grand teint\",\"isPartOf\":{\"@id\":\"https:\\\/\\\/www.amstelprinting.nl\\\/fr\\\/#website\"},\"primaryImageOfPage\":{\"@id\":\"https:\\\/\\\/www.amstelprinting.nl\\\/fr\\\/boutique\\\/tout-les-drapeaux\\\/drapeaux\\\/drapeau-national\\\/#primaryimage\"},\"image\":{\"@id\":\"https:\\\/\\\/www.amstelprinting.nl\\\/fr\\\/boutique\\\/tout-les-drapeaux\\\/drapeaux\\\/drapeau-national\\\/#primaryimage\"},\"thumbnailUrl\":\"https:\\\/\\\/www.amstelprinting.nl\\\/wp-content\\\/uploads\\\/Landenvlag.jpg\",\"datePublished\":\"2025-01-24T10:31:10+00:00\",\"dateModified\":\"2026-02-18T11:51:04+00:00\",\"description\":\"Commandez d\u00e8s maintenant un drapeau national durable dans des formats parfaits et des couleurs officielles. R\u00e9sistant aux UV et aux intemp\u00e9ries, id\u00e9al pour tout \u00e9v\u00e9nement ou usage quotidien.\",\"breadcrumb\":{\"@id\":\"https:\\\/\\\/www.amstelprinting.nl\\\/fr\\\/boutique\\\/tout-les-drapeaux\\\/drapeaux\\\/drapeau-national\\\/#breadcrumb\"},\"inLanguage\":\"fr-FR\",\"potentialAction\":[{\"@type\":\"ReadAction\",\"target\":[\"https:\\\/\\\/www.amstelprinting.nl\\\/fr\\\/boutique\\\/tout-les-drapeaux\\\/drapeaux\\\/drapeau-national\\\/\"]}]},{\"@type\":\"ImageObject\",\"inLanguage\":\"fr-FR\",\"@id\":\"https:\\\/\\\/www.amstelprinting.nl\\\/fr\\\/boutique\\\/tout-les-drapeaux\\\/drapeaux\\\/drapeau-national\\\/#primaryimage\",\"url\":\"https:\\\/\\\/www.amstelprinting.nl\\\/wp-content\\\/uploads\\\/Landenvlag.jpg\",\"contentUrl\":\"https:\\\/\\\/www.amstelprinting.nl\\\/wp-content\\\/uploads\\\/Landenvlag.jpg\",\"width\":700,\"height\":700},{\"@type\":\"BreadcrumbList\",\"@id\":\"https:\\\/\\\/www.amstelprinting.nl\\\/fr\\\/boutique\\\/tout-les-drapeaux\\\/drapeaux\\\/drapeau-national\\\/#breadcrumb\",\"itemListElement\":[{\"@type\":\"ListItem\",\"position\":1,\"name\":\"\",\"item\":\"https:\\\/\\\/www.amstelprinting.nl\\\/fr\\\/\"},{\"@type\":\"ListItem\",\"position\":2,\"name\":\"Amstel Printing\",\"item\":\"https:\\\/\\\/www.amstelprinting.nl\\\/fr\\\/boutique\\\/\"},{\"@type\":\"ListItem\",\"position\":3,\"name\":\"Drapeaux\",\"item\":\"https:\\\/\\\/www.amstelprinting.nl\\\/fr\\\/categorie\\\/tout-les-drapeaux\\\/\"},{\"@type\":\"ListItem\",\"position\":4,\"name\":\"Drapeaux\",\"item\":\"https:\\\/\\\/www.amstelprinting.nl\\\/fr\\\/categorie\\\/tout-les-drapeaux\\\/drapeaux\\\/\"},{\"@type\":\"ListItem\",\"position\":5,\"name\":\"Drapeau national\"}]},{\"@type\":\"WebSite\",\"@id\":\"https:\\\/\\\/www.amstelprinting.nl\\\/fr\\\/#website\",\"url\":\"https:\\\/\\\/www.amstelprinting.nl\\\/fr\\\/\",\"name\":\"Amstel Printing\",\"description\":\"Creating Exposure\",\"publisher\":{\"@id\":\"https:\\\/\\\/www.amstelprinting.nl\\\/fr\\\/#organization\"},\"potentialAction\":[{\"@type\":\"SearchAction\",\"target\":{\"@type\":\"EntryPoint\",\"urlTemplate\":\"https:\\\/\\\/www.amstelprinting.nl\\\/fr\\\/?s={search_term_string}\"},\"query-input\":{\"@type\":\"PropertyValueSpecification\",\"valueRequired\":true,\"valueName\":\"search_term_string\"}}],\"inLanguage\":\"fr-FR\"},{\"@type\":\"Organization\",\"@id\":\"https:\\\/\\\/www.amstelprinting.nl\\\/fr\\\/#organization\",\"name\":\"Amstel Printing\",\"url\":\"https:\\\/\\\/www.amstelprinting.nl\\\/fr\\\/\",\"logo\":{\"@type\":\"ImageObject\",\"inLanguage\":\"fr-FR\",\"@id\":\"https:\\\/\\\/www.amstelprinting.nl\\\/fr\\\/#\\\/schema\\\/logo\\\/image\\\/\",\"url\":\"https:\\\/\\\/www.amstelprinting.nl\\\/wp-content\\\/uploads\\\/amstel_printing_logo_clean.png\",\"contentUrl\":\"https:\\\/\\\/www.amstelprinting.nl\\\/wp-content\\\/uploads\\\/amstel_printing_logo_clean.png\",\"width\":324,\"height\":73,\"caption\":\"Amstel Printing\"},\"image\":{\"@id\":\"https:\\\/\\\/www.amstelprinting.nl\\\/fr\\\/#\\\/schema\\\/logo\\\/image\\\/\"}}]}<\/script>\n<!-- \/ Yoast SEO plugin. -->","yoast_head_json":{"title":"Drapeau national | Haute qualit\u00e9 | Durable & Couleurs officielles grand teint","description":"Commandez d\u00e8s maintenant un drapeau national durable dans des formats parfaits et des couleurs officielles. R\u00e9sistant aux UV et aux intemp\u00e9ries, id\u00e9al pour tout \u00e9v\u00e9nement ou usage quotidien.","robots":{"index":"index","follow":"follow","max-snippet":"max-snippet:-1","max-image-preview":"max-image-preview:large","max-video-preview":"max-video-preview:-1"},"canonical":"https:\/\/www.amstelprinting.nl\/fr\/boutique\/tout-les-drapeaux\/drapeaux\/drapeau-national\/","og_locale":"fr_FR","og_type":"article","og_title":"Drapeau national | Haute qualit\u00e9 | Durable & Couleurs officielles grand teint","og_description":"Commandez d\u00e8s maintenant un drapeau national durable dans des formats parfaits et des couleurs officielles. R\u00e9sistant aux UV et aux intemp\u00e9ries, id\u00e9al pour tout \u00e9v\u00e9nement ou usage quotidien.","og_url":"https:\/\/www.amstelprinting.nl\/fr\/boutique\/tout-les-drapeaux\/drapeaux\/drapeau-national\/","og_site_name":"Amstel Printing","article_modified_time":"2026-02-18T11:51:04+00:00","og_image":[{"width":700,"height":700,"url":"https:\/\/www.amstelprinting.nl\/wp-content\/uploads\/Landenvlag.jpg","type":"image\/jpeg"}],"twitter_card":"summary_large_image","twitter_misc":{"Dur\u00e9e de lecture estim\u00e9e":"2 minutes"},"schema":{"@context":"https:\/\/schema.org","@graph":[{"@type":"WebPage","@id":"https:\/\/www.amstelprinting.nl\/fr\/boutique\/tout-les-drapeaux\/drapeaux\/drapeau-national\/","url":"https:\/\/www.amstelprinting.nl\/fr\/boutique\/tout-les-drapeaux\/drapeaux\/drapeau-national\/","name":"Drapeau national | Haute qualit\u00e9 | Durable & Couleurs officielles grand teint","isPartOf":{"@id":"https:\/\/www.amstelprinting.nl\/fr\/#website"},"primaryImageOfPage":{"@id":"https:\/\/www.amstelprinting.nl\/fr\/boutique\/tout-les-drapeaux\/drapeaux\/drapeau-national\/#primaryimage"},"image":{"@id":"https:\/\/www.amstelprinting.nl\/fr\/boutique\/tout-les-drapeaux\/drapeaux\/drapeau-national\/#primaryimage"},"thumbnailUrl":"https:\/\/www.amstelprinting.nl\/wp-content\/uploads\/Landenvlag.jpg","datePublished":"2025-01-24T10:31:10+00:00","dateModified":"2026-02-18T11:51:04+00:00","description":"Commandez d\u00e8s maintenant un drapeau national durable dans des formats parfaits et des couleurs officielles. R\u00e9sistant aux UV et aux intemp\u00e9ries, id\u00e9al pour tout \u00e9v\u00e9nement ou usage quotidien.","breadcrumb":{"@id":"https:\/\/www.amstelprinting.nl\/fr\/boutique\/tout-les-drapeaux\/drapeaux\/drapeau-national\/#breadcrumb"},"inLanguage":"fr-FR","potentialAction":[{"@type":"ReadAction","target":["https:\/\/www.amstelprinting.nl\/fr\/boutique\/tout-les-drapeaux\/drapeaux\/drapeau-national\/"]}]},{"@type":"ImageObject","inLanguage":"fr-FR","@id":"https:\/\/www.amstelprinting.nl\/fr\/boutique\/tout-les-drapeaux\/drapeaux\/drapeau-national\/#primaryimage","url":"https:\/\/www.amstelprinting.nl\/wp-content\/uploads\/Landenvlag.jpg","contentUrl":"https:\/\/www.amstelprinting.nl\/wp-content\/uploads\/Landenvlag.jpg","width":700,"height":700},{"@type":"BreadcrumbList","@id":"https:\/\/www.amstelprinting.nl\/fr\/boutique\/tout-les-drapeaux\/drapeaux\/drapeau-national\/#breadcrumb","itemListElement":[{"@type":"ListItem","position":1,"name":"","item":"https:\/\/www.amstelprinting.nl\/fr\/"},{"@type":"ListItem","position":2,"name":"Amstel Printing","item":"https:\/\/www.amstelprinting.nl\/fr\/boutique\/"},{"@type":"ListItem","position":3,"name":"Drapeaux","item":"https:\/\/www.amstelprinting.nl\/fr\/categorie\/tout-les-drapeaux\/"},{"@type":"ListItem","position":4,"name":"Drapeaux","item":"https:\/\/www.amstelprinting.nl\/fr\/categorie\/tout-les-drapeaux\/drapeaux\/"},{"@type":"ListItem","position":5,"name":"Drapeau national"}]},{"@type":"WebSite","@id":"https:\/\/www.amstelprinting.nl\/fr\/#website","url":"https:\/\/www.amstelprinting.nl\/fr\/","name":"Amstel Printing","description":"Creating Exposure","publisher":{"@id":"https:\/\/www.amstelprinting.nl\/fr\/#organization"},"potentialAction":[{"@type":"SearchAction","target":{"@type":"EntryPoint","urlTemplate":"https:\/\/www.amstelprinting.nl\/fr\/?s={search_term_string}"},"query-input":{"@type":"PropertyValueSpecification","valueRequired":true,"valueName":"search_term_string"}}],"inLanguage":"fr-FR"},{"@type":"Organization","@id":"https:\/\/www.amstelprinting.nl\/fr\/#organization","name":"Amstel Printing","url":"https:\/\/www.amstelprinting.nl\/fr\/","logo":{"@type":"ImageObject","inLanguage":"fr-FR","@id":"https:\/\/www.amstelprinting.nl\/fr\/#\/schema\/logo\/image\/","url":"https:\/\/www.amstelprinting.nl\/wp-content\/uploads\/amstel_printing_logo_clean.png","contentUrl":"https:\/\/www.amstelprinting.nl\/wp-content\/uploads\/amstel_printing_logo_clean.png","width":324,"height":73,"caption":"Amstel Printing"},"image":{"@id":"https:\/\/www.amstelprinting.nl\/fr\/#\/schema\/logo\/image\/"}}]}},"_links":{"self":[{"href":"https:\/\/www.amstelprinting.nl\/fr\/wp-json\/wp\/v2\/product\/14047","targetHints":{"allow":["GET"]}}],"collection":[{"href":"https:\/\/www.amstelprinting.nl\/fr\/wp-json\/wp\/v2\/product"}],"about":[{"href":"https:\/\/www.amstelprinting.nl\/fr\/wp-json\/wp\/v2\/types\/product"}],"wp:featuredmedia":[{"embeddable":true,"href":"https:\/\/www.amstelprinting.nl\/fr\/wp-json\/wp\/v2\/media\/14048"}],"wp:attachment":[{"href":"https:\/\/www.amstelprinting.nl\/fr\/wp-json\/wp\/v2\/media?parent=14047"}],"wp:term":[{"taxonomy":"product_brand","embeddable":true,"href":"https:\/\/www.amstelprinting.nl\/fr\/wp-json\/wp\/v2\/product_brand?post=14047"},{"taxonomy":"product_cat","embeddable":true,"href":"https:\/\/www.amstelprinting.nl\/fr\/wp-json\/wp\/v2\/product_cat?post=14047"},{"taxonomy":"product_tag","embeddable":true,"href":"https:\/\/www.amstelprinting.nl\/fr\/wp-json\/wp\/v2\/product_tag?post=14047"}],"curies":[{"name":"wp","href":"https:\/\/api.w.org\/{rel}","templated":true}]}}