{"id":14057,"date":"2025-01-24T11:31:07","date_gmt":"2025-01-24T10:31:07","guid":{"rendered":"https:\/\/www.amstelprinting.nl\/winkel\/non%20class\u00e9\/vlag-eigen-formaat\/"},"modified":"2026-02-18T12:51:04","modified_gmt":"2026-02-18T11:51:04","slug":"drapeau-format-personnalise","status":"publish","type":"product","link":"https:\/\/www.amstelprinting.nl\/fr\/boutique\/tout-les-drapeaux\/drapeaux-de-facade\/drapeau-format-personnalise\/","title":{"rendered":"Drapeau &#8211; format personnalis\u00e9"},"content":{"rendered":"<h3>Impression de drapeaux<\/h3>\n<p>Avec un drapeau imprim\u00e9, vous attirez l&rsquo;attention sur votre entreprise. Nous imprimons votre logo ou votre design en haute d\u00e9finition en couleur sur du tissu de drapeau dans le format de votre choix. Tous nos drapeaux sont livr\u00e9s pr\u00eats \u00e0 l&#8217;emploi pour \u00eatre fix\u00e9s sur votre m\u00e2t.<\/p>\n<h3>Drapeaux horizontaux ou verticaux<\/h3>\n<p>Le drapeau est disponible en deux mod\u00e8les : horizontal ou vertical. Ci-dessous, nous expliquons bri\u00e8vement les diff\u00e9rences.<\/p>\n<p><span style=\"text-decoration: underline;\">Drapeau horizontal<\/span><br \/>\nLe drapeau horizontal est une forme classique de drapeau (comme un drapeau national). Le drapeau horizontal convient pour une hampe (finition avec boucle et corde) ou un m\u00e2t de drapeau (finition avec sangle et crochets).<\/p>\n<p><span style=\"text-decoration: underline;\">Drapeau vertical<\/span><br \/>\nLe drapeau vertical est \u00e9galement appel\u00e9 banni\u00e8re, drapeau de format portrait ou drapeau vertical. Le drapeau vertical est un drapeau haut et \u00e9troit, fini avec un fourreau dans la partie sup\u00e9rieure. Vous pouvez fixer le drapeau vertical dans un m\u00e2t de banni\u00e8re pr\u00e9vu \u00e0 cet effet. Ce m\u00e2t poss\u00e8de une potence en haut, qui se glisse dans le fourreau du drapeau vertical. De cette fa\u00e7on, m\u00eame par vent faible (contrairement au drapeau horizontal), votre drapeau sera bien visible.<\/p>\n<h3>Choisissez le bon mat\u00e9riau de drapeau<\/h3>\n<p>Choisissez parmi trois types de tissus de drapeau diff\u00e9rents. Chaque type de tissu poss\u00e8de ses propres caract\u00e9ristiques uniques. La durabilit\u00e9 est-elle importante pour vous ? Ou pr\u00e9voyez-vous d&rsquo;utiliser les drapeaux dans un endroit avec g\u00e9n\u00e9ralement beaucoup de vent (fort) ? Ci-dessous, nous expliquons bri\u00e8vement les diff\u00e9rentes propri\u00e9t\u00e9s des tissus de drapeau afin que vous puissiez faire le bon choix rapidement.<\/p>\n<ul>\n<li><strong>Flag<\/strong> : Le tissu standard pour les drapeaux imprim\u00e9s (le plus command\u00e9).<\/li>\n<li><strong>Flag PET<\/strong> : Un choix respectueux de l&rsquo;environnement, fabriqu\u00e9 \u00e0 partir de bouteilles en PET 100 % recycl\u00e9es.<\/li>\n<li><strong>Longlife<\/strong> : Ce tissu extra r\u00e9sistant poss\u00e8de une structure sp\u00e9ciale qui r\u00e9duit l&rsquo;effilochage. Vous pouvez ainsi compter sur une dur\u00e9e de vie extra longue.<\/li>\n<\/ul>\n<p>&nbsp;<\/p>\n<h3>La finition de votre drapeau<\/h3>\n<p>Apr\u00e8s l&rsquo;impression du tissu de drapeau, la finition peut avoir lieu. Le drapeau peut \u00eatre fini de diff\u00e9rentes mani\u00e8res. En fonction de l&rsquo;utilisation et de vos pr\u00e9f\u00e9rences personnelles, vous pouvez configurer votre drapeau enti\u00e8rement selon vos souhaits chez nous.<\/p>\n<p>Le drapeau peut \u00eatre fini avec une sangle blanche avec crochets ou une sangle noire avec crochets. Vous pouvez donc assortir cette finition claire ou fonc\u00e9e au design de votre drapeau imprim\u00e9.<br \/>\nCette finition peut \u00eatre r\u00e9alis\u00e9e sur le c\u00f4t\u00e9 gauche ou droit de votre drapeau. Vous pouvez \u00e9galement choisir un fourreau pour la potence de banni\u00e8re ou aucun fourreau. De plus, divers accessoires sont disponibles pour votre drapeau.<\/p>\n<h3>Quelle taille de drapeau convient ?<\/h3>\n<p>Pour obtenir le meilleur r\u00e9sultat, vous devez commander le format de drapeau appropri\u00e9. \u00c9vitez un rapport incorrect entre le drapeau imprim\u00e9 et la hauteur de votre m\u00e2t. Utilisez l&rsquo;aper\u00e7u ci-dessous pour commander le format de drapeau correct.<\/p>\n<h3>Format du drapeau et hauteur du m\u00e2t<\/h3>\n<ul>\n<li>50 x 75 cm &#8211; hampe de 1 \u00e0 1,5 m\u00e8tre<\/li>\n<li>100 x 70 cm &#8211; hampe de 1 \u00e0 2 m\u00e8tres<\/li>\n<li>100 x 150 cm &#8211; hampe de 2 \u00e0 3 m\u00e8tres<\/li>\n<li>120 x 180 cm &#8211; hampe de 3 \u00e0 4 m\u00e8tres<\/li>\n<li>150 x 225 cm &#8211; m\u00e2t de 6 et 7 m\u00e8tres<\/li>\n<li>200 x 300 cm &#8211; m\u00e2t de 8 m\u00e8tres<\/li>\n<\/ul>\n<p>&nbsp;<\/p>\n<h3>Format de la banni\u00e8re et hauteur du m\u00e2t<\/h3>\n<ul>\n<li>300 x 100 cm &#8211; m\u00e2t de 6 et 7 m\u00e8tres<\/li>\n<li>400 x 100 cm &#8211; m\u00e2t de 8 m\u00e8tres<\/li>\n<li>350 x 120 cm &#8211; m\u00e2t de 7 m\u00e8tres<\/li>\n<li>400 x 120 cm &#8211; m\u00e2t de 8 et 9 m\u00e8tres<\/li>\n<li>450 x 150 cm &#8211; m\u00e2t de 9 m\u00e8tres minimum<\/li>\n<li>500 x 120 cm &#8211; m\u00e2t de 9 m\u00e8tres minimum<\/li>\n<\/ul>\n<p>&nbsp;<\/p>\n<h3>Quelle est la dur\u00e9e de vie des drapeaux ?<\/h3>\n<p>Les drapeaux sont sujets \u00e0 l&rsquo;usure et, en fonction de plusieurs facteurs, devront \u00eatre remplac\u00e9s \u00e0 terme. Les conditions m\u00e9t\u00e9orologiques ont la plus grande influence sur la dur\u00e9e de vie du drapeau. Le vent fort permet naturellement \u00e0 votre drapeau de flotter joliment. Mais la combinaison de vent fort et de pluie abondante raccourcit la dur\u00e9e de vie. Le vent fort donne au drapeau le caract\u00e8re d&rsquo;un fouet. L&rsquo;inconv\u00e9nient de ces chocs violents est que les extr\u00e9mit\u00e9s absorbent toute l&rsquo;\u00e9nergie. De plus, la pluie alourdit les drapeaux, ce qui renforce encore cet effet. Nous confectionnons les drapeaux avec des fils de haute qualit\u00e9 et dotons tous les drapeaux d&rsquo;un double ourlet. Cela permet d&rsquo;\u00e9viter autant que possible une usure pr\u00e9matur\u00e9e. N\u00e9anmoins, l&rsquo;usure et le remplacement des drapeaux sont in\u00e9vitables \u00e0 terme.<\/p>\n<h3>Facteurs influen\u00e7ant l&rsquo;usure<\/h3>\n<ul>\n<li>Les conditions m\u00e9t\u00e9orologiques<\/li>\n<li>L&#8217;emplacement du drapeau<\/li>\n<li>La taille du drapeau<\/li>\n<li>L&rsquo;utilisation et l&rsquo;entretien du drapeau<\/li>\n<\/ul>\n<p>&nbsp;<\/p>\n<h3>5 conseils pour pr\u00e9venir l&rsquo;usure des drapeaux<\/h3>\n<p>Pour prolonger au maximum la dur\u00e9e de vie du drapeau, nous vous donnons les conseils suivants.<\/p>\n<ol>\n<li>Rentrez le drapeau en cas de mauvais temps (certainement \u00e0 partir d&rsquo;un vent de force 6)<\/li>\n<li>V\u00e9rifiez r\u00e9guli\u00e8rement les coutures tout autour et r\u00e9parez les points de suture l\u00e2ches<\/li>\n<li>Lavez r\u00e9guli\u00e8rement le drapeau \u00e0 30\u00b0 avec une lessive d\u00e9licate pour \u00e9viter l&rsquo;incrustation de la salet\u00e9.<\/li>\n<li>Lorsque votre drapeau reste dehors jour et nuit dans de mauvaises conditions m\u00e9t\u00e9orologiques, sa dur\u00e9e de vie peut \u00eatre r\u00e9duite \u00e0 trois mois ou moins.<\/li>\n<li>Utilisez des anneaux de m\u00e2t flexibles (flagfix) pour fixer votre drapeau. Avec ce mat\u00e9riel de fixation \u00e9lastique, il y a moins de tension sur le tissu du drapeau.<\/li>\n<\/ol>\n<p>&nbsp;<\/p>\n<h3>Comment pr\u00e9server au mieux la qualit\u00e9 du drapeau ?<\/h3>\n<p>Pour une utilisation optimale des drapeaux, il est conseill\u00e9 de les rentrer \u00e0 temps, surtout \u00e0 partir d&rsquo;un vent de force 6. Cela r\u00e9duit le risque de dommages et prolonge la dur\u00e9e de vie du drapeau.<\/p>\n<p>Wist u dat u de vlaggen ook in de wasmachine kunt doen? Il est possible de laver les drapeaux \u00e0 30 degr\u00e9s Celsius maximum. Utilisez exclusivement une lessive pour linge d\u00e9licat.<\/p>\n<h3>Quelle est la diff\u00e9rence entre Flag, Flag PET et Flag Longlife ?<\/h3>\n<p>Le Flag est le drapeau standard avec un ourlet classique tout autour. Flag PET est notre variante durable fabriqu\u00e9e \u00e0 partir de bouteilles en PET 100 % recycl\u00e9es.<\/p>\n","protected":false},"excerpt":{"rendered":"<h3>Impression de drapeaux dans n&rsquo;importe quel format<\/h3>\n<p>Impression de drapeaux pas ch\u00e8re dans le format de votre choix ? Nos drapeaux sont fournis par d\u00e9faut avec une impression haute d\u00e9finition. Une urgence ? La livraison en 1 jour ouvr\u00e9 est possible. Configurez votre drapeau imprim\u00e9 en quelques \u00e9tapes ci-dessous !<\/p>\n","protected":false},"featured_media":14058,"template":"","meta":{"_et_pb_use_builder":"","_et_pb_old_content":"","_et_gb_content_width":""},"product_brand":[],"product_cat":[872,882],"product_tag":[],"class_list":{"0":"post-14057","1":"product","2":"type-product","3":"status-publish","4":"has-post-thumbnail","6":"product_cat-tout-les-drapeaux","7":"product_cat-drapeaux-de-facade","9":"first","10":"instock","11":"taxable","12":"shipping-taxable","13":"purchasable","14":"product-type-simple"},"yoast_head":"<!-- This site is optimized with the Yoast SEO plugin v27.3 - https:\/\/yoast.com\/product\/yoast-seo-wordpress\/ -->\n<title>Drapeau sur mesure - Drapeaux en couleur haute d\u00e9finition, livraison rapide<\/title>\n<meta name=\"description\" content=\"Votre propre drapeau sur mesure dans n&#039;importe quel format avec des impressions haute d\u00e9finition. Choisissez parmi des mat\u00e9riaux durables. Parfait pour les entreprises et les \u00e9v\u00e9nements.\" \/>\n<meta name=\"robots\" content=\"index, follow, max-snippet:-1, max-image-preview:large, max-video-preview:-1\" \/>\n<link rel=\"canonical\" href=\"https:\/\/www.amstelprinting.nl\/fr\/boutique\/tout-les-drapeaux\/drapeaux-de-facade\/drapeau-format-personnalise\/\" \/>\n<meta property=\"og:locale\" content=\"fr_FR\" \/>\n<meta property=\"og:type\" content=\"article\" \/>\n<meta property=\"og:title\" content=\"Drapeau sur mesure - Drapeaux en couleur haute d\u00e9finition, livraison rapide\" \/>\n<meta property=\"og:description\" content=\"Votre propre drapeau sur mesure dans n&#039;importe quel format avec des impressions haute d\u00e9finition. Choisissez parmi des mat\u00e9riaux durables. Parfait pour les entreprises et les \u00e9v\u00e9nements.\" \/>\n<meta property=\"og:url\" content=\"https:\/\/www.amstelprinting.nl\/fr\/boutique\/tout-les-drapeaux\/drapeaux-de-facade\/drapeau-format-personnalise\/\" \/>\n<meta property=\"og:site_name\" content=\"Amstel Printing\" \/>\n<meta property=\"article:modified_time\" content=\"2026-02-18T11:51:04+00:00\" \/>\n<meta property=\"og:image\" content=\"https:\/\/www.amstelprinting.nl\/wp-content\/uploads\/vlag-eigen-formaat-bedrukken.png\" \/>\n\t<meta property=\"og:image:width\" content=\"900\" \/>\n\t<meta property=\"og:image:height\" content=\"900\" \/>\n\t<meta property=\"og:image:type\" content=\"image\/png\" \/>\n<meta name=\"twitter:card\" content=\"summary_large_image\" \/>\n<meta name=\"twitter:label1\" content=\"Dur\u00e9e de lecture estim\u00e9e\" \/>\n\t<meta name=\"twitter:data1\" content=\"5 minutes\" \/>\n<script type=\"application\/ld+json\" class=\"yoast-schema-graph\">{\"@context\":\"https:\\\/\\\/schema.org\",\"@graph\":[{\"@type\":\"WebPage\",\"@id\":\"https:\\\/\\\/www.amstelprinting.nl\\\/fr\\\/boutique\\\/tout-les-drapeaux\\\/drapeaux-de-facade\\\/drapeau-format-personnalise\\\/\",\"url\":\"https:\\\/\\\/www.amstelprinting.nl\\\/fr\\\/boutique\\\/tout-les-drapeaux\\\/drapeaux-de-facade\\\/drapeau-format-personnalise\\\/\",\"name\":\"Drapeau sur mesure - Drapeaux en couleur haute d\u00e9finition, livraison rapide\",\"isPartOf\":{\"@id\":\"https:\\\/\\\/www.amstelprinting.nl\\\/fr\\\/#website\"},\"primaryImageOfPage\":{\"@id\":\"https:\\\/\\\/www.amstelprinting.nl\\\/fr\\\/boutique\\\/tout-les-drapeaux\\\/drapeaux-de-facade\\\/drapeau-format-personnalise\\\/#primaryimage\"},\"image\":{\"@id\":\"https:\\\/\\\/www.amstelprinting.nl\\\/fr\\\/boutique\\\/tout-les-drapeaux\\\/drapeaux-de-facade\\\/drapeau-format-personnalise\\\/#primaryimage\"},\"thumbnailUrl\":\"https:\\\/\\\/www.amstelprinting.nl\\\/wp-content\\\/uploads\\\/vlag-eigen-formaat-bedrukken.png\",\"datePublished\":\"2025-01-24T10:31:07+00:00\",\"dateModified\":\"2026-02-18T11:51:04+00:00\",\"description\":\"Votre propre drapeau sur mesure dans n'importe quel format avec des impressions haute d\u00e9finition. Choisissez parmi des mat\u00e9riaux durables. Parfait pour les entreprises et les \u00e9v\u00e9nements.\",\"breadcrumb\":{\"@id\":\"https:\\\/\\\/www.amstelprinting.nl\\\/fr\\\/boutique\\\/tout-les-drapeaux\\\/drapeaux-de-facade\\\/drapeau-format-personnalise\\\/#breadcrumb\"},\"inLanguage\":\"fr-FR\",\"potentialAction\":[{\"@type\":\"ReadAction\",\"target\":[\"https:\\\/\\\/www.amstelprinting.nl\\\/fr\\\/boutique\\\/tout-les-drapeaux\\\/drapeaux-de-facade\\\/drapeau-format-personnalise\\\/\"]}]},{\"@type\":\"ImageObject\",\"inLanguage\":\"fr-FR\",\"@id\":\"https:\\\/\\\/www.amstelprinting.nl\\\/fr\\\/boutique\\\/tout-les-drapeaux\\\/drapeaux-de-facade\\\/drapeau-format-personnalise\\\/#primaryimage\",\"url\":\"https:\\\/\\\/www.amstelprinting.nl\\\/wp-content\\\/uploads\\\/vlag-eigen-formaat-bedrukken.png\",\"contentUrl\":\"https:\\\/\\\/www.amstelprinting.nl\\\/wp-content\\\/uploads\\\/vlag-eigen-formaat-bedrukken.png\",\"width\":900,\"height\":900},{\"@type\":\"BreadcrumbList\",\"@id\":\"https:\\\/\\\/www.amstelprinting.nl\\\/fr\\\/boutique\\\/tout-les-drapeaux\\\/drapeaux-de-facade\\\/drapeau-format-personnalise\\\/#breadcrumb\",\"itemListElement\":[{\"@type\":\"ListItem\",\"position\":1,\"name\":\"\",\"item\":\"https:\\\/\\\/www.amstelprinting.nl\\\/fr\\\/\"},{\"@type\":\"ListItem\",\"position\":2,\"name\":\"Amstel Printing\",\"item\":\"https:\\\/\\\/www.amstelprinting.nl\\\/fr\\\/boutique\\\/\"},{\"@type\":\"ListItem\",\"position\":3,\"name\":\"Drapeaux\",\"item\":\"https:\\\/\\\/www.amstelprinting.nl\\\/fr\\\/categorie\\\/tout-les-drapeaux\\\/\"},{\"@type\":\"ListItem\",\"position\":4,\"name\":\"Drapeaux de fa\u00e7ade\",\"item\":\"https:\\\/\\\/www.amstelprinting.nl\\\/fr\\\/categorie\\\/tout-les-drapeaux\\\/drapeaux-de-facade\\\/\"},{\"@type\":\"ListItem\",\"position\":5,\"name\":\"Drapeau &#8211; format personnalis\u00e9\"}]},{\"@type\":\"WebSite\",\"@id\":\"https:\\\/\\\/www.amstelprinting.nl\\\/fr\\\/#website\",\"url\":\"https:\\\/\\\/www.amstelprinting.nl\\\/fr\\\/\",\"name\":\"Amstel Printing\",\"description\":\"Creating Exposure\",\"publisher\":{\"@id\":\"https:\\\/\\\/www.amstelprinting.nl\\\/fr\\\/#organization\"},\"potentialAction\":[{\"@type\":\"SearchAction\",\"target\":{\"@type\":\"EntryPoint\",\"urlTemplate\":\"https:\\\/\\\/www.amstelprinting.nl\\\/fr\\\/?s={search_term_string}\"},\"query-input\":{\"@type\":\"PropertyValueSpecification\",\"valueRequired\":true,\"valueName\":\"search_term_string\"}}],\"inLanguage\":\"fr-FR\"},{\"@type\":\"Organization\",\"@id\":\"https:\\\/\\\/www.amstelprinting.nl\\\/fr\\\/#organization\",\"name\":\"Amstel Printing\",\"url\":\"https:\\\/\\\/www.amstelprinting.nl\\\/fr\\\/\",\"logo\":{\"@type\":\"ImageObject\",\"inLanguage\":\"fr-FR\",\"@id\":\"https:\\\/\\\/www.amstelprinting.nl\\\/fr\\\/#\\\/schema\\\/logo\\\/image\\\/\",\"url\":\"https:\\\/\\\/www.amstelprinting.nl\\\/wp-content\\\/uploads\\\/amstel_printing_logo_clean.png\",\"contentUrl\":\"https:\\\/\\\/www.amstelprinting.nl\\\/wp-content\\\/uploads\\\/amstel_printing_logo_clean.png\",\"width\":324,\"height\":73,\"caption\":\"Amstel Printing\"},\"image\":{\"@id\":\"https:\\\/\\\/www.amstelprinting.nl\\\/fr\\\/#\\\/schema\\\/logo\\\/image\\\/\"}}]}<\/script>\n<!-- \/ Yoast SEO plugin. -->","yoast_head_json":{"title":"Drapeau sur mesure - Drapeaux en couleur haute d\u00e9finition, livraison rapide","description":"Votre propre drapeau sur mesure dans n'importe quel format avec des impressions haute d\u00e9finition. Choisissez parmi des mat\u00e9riaux durables. Parfait pour les entreprises et les \u00e9v\u00e9nements.","robots":{"index":"index","follow":"follow","max-snippet":"max-snippet:-1","max-image-preview":"max-image-preview:large","max-video-preview":"max-video-preview:-1"},"canonical":"https:\/\/www.amstelprinting.nl\/fr\/boutique\/tout-les-drapeaux\/drapeaux-de-facade\/drapeau-format-personnalise\/","og_locale":"fr_FR","og_type":"article","og_title":"Drapeau sur mesure - Drapeaux en couleur haute d\u00e9finition, livraison rapide","og_description":"Votre propre drapeau sur mesure dans n'importe quel format avec des impressions haute d\u00e9finition. Choisissez parmi des mat\u00e9riaux durables. Parfait pour les entreprises et les \u00e9v\u00e9nements.","og_url":"https:\/\/www.amstelprinting.nl\/fr\/boutique\/tout-les-drapeaux\/drapeaux-de-facade\/drapeau-format-personnalise\/","og_site_name":"Amstel Printing","article_modified_time":"2026-02-18T11:51:04+00:00","og_image":[{"width":900,"height":900,"url":"https:\/\/www.amstelprinting.nl\/wp-content\/uploads\/vlag-eigen-formaat-bedrukken.png","type":"image\/png"}],"twitter_card":"summary_large_image","twitter_misc":{"Dur\u00e9e de lecture estim\u00e9e":"5 minutes"},"schema":{"@context":"https:\/\/schema.org","@graph":[{"@type":"WebPage","@id":"https:\/\/www.amstelprinting.nl\/fr\/boutique\/tout-les-drapeaux\/drapeaux-de-facade\/drapeau-format-personnalise\/","url":"https:\/\/www.amstelprinting.nl\/fr\/boutique\/tout-les-drapeaux\/drapeaux-de-facade\/drapeau-format-personnalise\/","name":"Drapeau sur mesure - Drapeaux en couleur haute d\u00e9finition, livraison rapide","isPartOf":{"@id":"https:\/\/www.amstelprinting.nl\/fr\/#website"},"primaryImageOfPage":{"@id":"https:\/\/www.amstelprinting.nl\/fr\/boutique\/tout-les-drapeaux\/drapeaux-de-facade\/drapeau-format-personnalise\/#primaryimage"},"image":{"@id":"https:\/\/www.amstelprinting.nl\/fr\/boutique\/tout-les-drapeaux\/drapeaux-de-facade\/drapeau-format-personnalise\/#primaryimage"},"thumbnailUrl":"https:\/\/www.amstelprinting.nl\/wp-content\/uploads\/vlag-eigen-formaat-bedrukken.png","datePublished":"2025-01-24T10:31:07+00:00","dateModified":"2026-02-18T11:51:04+00:00","description":"Votre propre drapeau sur mesure dans n'importe quel format avec des impressions haute d\u00e9finition. Choisissez parmi des mat\u00e9riaux durables. Parfait pour les entreprises et les \u00e9v\u00e9nements.","breadcrumb":{"@id":"https:\/\/www.amstelprinting.nl\/fr\/boutique\/tout-les-drapeaux\/drapeaux-de-facade\/drapeau-format-personnalise\/#breadcrumb"},"inLanguage":"fr-FR","potentialAction":[{"@type":"ReadAction","target":["https:\/\/www.amstelprinting.nl\/fr\/boutique\/tout-les-drapeaux\/drapeaux-de-facade\/drapeau-format-personnalise\/"]}]},{"@type":"ImageObject","inLanguage":"fr-FR","@id":"https:\/\/www.amstelprinting.nl\/fr\/boutique\/tout-les-drapeaux\/drapeaux-de-facade\/drapeau-format-personnalise\/#primaryimage","url":"https:\/\/www.amstelprinting.nl\/wp-content\/uploads\/vlag-eigen-formaat-bedrukken.png","contentUrl":"https:\/\/www.amstelprinting.nl\/wp-content\/uploads\/vlag-eigen-formaat-bedrukken.png","width":900,"height":900},{"@type":"BreadcrumbList","@id":"https:\/\/www.amstelprinting.nl\/fr\/boutique\/tout-les-drapeaux\/drapeaux-de-facade\/drapeau-format-personnalise\/#breadcrumb","itemListElement":[{"@type":"ListItem","position":1,"name":"","item":"https:\/\/www.amstelprinting.nl\/fr\/"},{"@type":"ListItem","position":2,"name":"Amstel Printing","item":"https:\/\/www.amstelprinting.nl\/fr\/boutique\/"},{"@type":"ListItem","position":3,"name":"Drapeaux","item":"https:\/\/www.amstelprinting.nl\/fr\/categorie\/tout-les-drapeaux\/"},{"@type":"ListItem","position":4,"name":"Drapeaux de fa\u00e7ade","item":"https:\/\/www.amstelprinting.nl\/fr\/categorie\/tout-les-drapeaux\/drapeaux-de-facade\/"},{"@type":"ListItem","position":5,"name":"Drapeau &#8211; format personnalis\u00e9"}]},{"@type":"WebSite","@id":"https:\/\/www.amstelprinting.nl\/fr\/#website","url":"https:\/\/www.amstelprinting.nl\/fr\/","name":"Amstel Printing","description":"Creating Exposure","publisher":{"@id":"https:\/\/www.amstelprinting.nl\/fr\/#organization"},"potentialAction":[{"@type":"SearchAction","target":{"@type":"EntryPoint","urlTemplate":"https:\/\/www.amstelprinting.nl\/fr\/?s={search_term_string}"},"query-input":{"@type":"PropertyValueSpecification","valueRequired":true,"valueName":"search_term_string"}}],"inLanguage":"fr-FR"},{"@type":"Organization","@id":"https:\/\/www.amstelprinting.nl\/fr\/#organization","name":"Amstel Printing","url":"https:\/\/www.amstelprinting.nl\/fr\/","logo":{"@type":"ImageObject","inLanguage":"fr-FR","@id":"https:\/\/www.amstelprinting.nl\/fr\/#\/schema\/logo\/image\/","url":"https:\/\/www.amstelprinting.nl\/wp-content\/uploads\/amstel_printing_logo_clean.png","contentUrl":"https:\/\/www.amstelprinting.nl\/wp-content\/uploads\/amstel_printing_logo_clean.png","width":324,"height":73,"caption":"Amstel Printing"},"image":{"@id":"https:\/\/www.amstelprinting.nl\/fr\/#\/schema\/logo\/image\/"}}]}},"_links":{"self":[{"href":"https:\/\/www.amstelprinting.nl\/fr\/wp-json\/wp\/v2\/product\/14057","targetHints":{"allow":["GET"]}}],"collection":[{"href":"https:\/\/www.amstelprinting.nl\/fr\/wp-json\/wp\/v2\/product"}],"about":[{"href":"https:\/\/www.amstelprinting.nl\/fr\/wp-json\/wp\/v2\/types\/product"}],"wp:featuredmedia":[{"embeddable":true,"href":"https:\/\/www.amstelprinting.nl\/fr\/wp-json\/wp\/v2\/media\/14058"}],"wp:attachment":[{"href":"https:\/\/www.amstelprinting.nl\/fr\/wp-json\/wp\/v2\/media?parent=14057"}],"wp:term":[{"taxonomy":"product_brand","embeddable":true,"href":"https:\/\/www.amstelprinting.nl\/fr\/wp-json\/wp\/v2\/product_brand?post=14057"},{"taxonomy":"product_cat","embeddable":true,"href":"https:\/\/www.amstelprinting.nl\/fr\/wp-json\/wp\/v2\/product_cat?post=14057"},{"taxonomy":"product_tag","embeddable":true,"href":"https:\/\/www.amstelprinting.nl\/fr\/wp-json\/wp\/v2\/product_tag?post=14057"}],"curies":[{"name":"wp","href":"https:\/\/api.w.org\/{rel}","templated":true}]}}