{"id":14632,"date":"2025-01-24T11:31:05","date_gmt":"2025-01-24T10:31:05","guid":{"rendered":"https:\/\/www.amstelprinting.nl\/winkel\/non%20class\u00e9\/baniervlag\/"},"modified":"2026-02-18T12:51:05","modified_gmt":"2026-02-18T11:51:05","slug":"drapeau-banniere","status":"publish","type":"product","link":"https:\/\/www.amstelprinting.nl\/fr\/boutique\/tout-les-drapeaux\/drapeaux-de-facade\/drapeau-banniere\/","title":{"rendered":"Drapeau banni\u00e8re"},"content":{"rendered":"<h3>Drapeaux banni\u00e8res : remarquables, polyvalents et efficaces<\/h3>\n<p>Les drapeaux banni\u00e8res sont le moyen id\u00e9al pour faire remarquer votre message ou votre marque. Gr\u00e2ce \u00e0 leur immense format vertical, ils sont toujours bien visibles, m\u00eame par vent faible ! Qu&rsquo;il s&rsquo;agisse de promotion d&rsquo;entreprise ou d&rsquo;\u00e9v\u00e9nements, les drapeaux banni\u00e8res garantissent un aspect professionnel. Ils sont durables et faciles \u00e0 personnaliser (avec une impression nette de votre design). En bref : l&rsquo;accroche id\u00e9ale pour toute occasion !<\/p>\n<h3>Pourquoi imprimer des banni\u00e8res ?<\/h3>\n<p>Elles ne pendent jamais mollement contre le m\u00e2t, ce qui rend votre design toujours bien visible (m\u00eame par vent faible)<\/p>\n<ul>\n<li>\u00c9conomique : gr\u00e2ce \u00e0 5 formats standards<\/li>\n<li>Dimensions diff\u00e9rentes ? Choisissez alors le format de drapeau personnalis\u00e9<\/li>\n<li>L&rsquo;impression est visible en miroir au verso<\/li>\n<li>Choisissez parmi 3 mat\u00e9riaux de toile<\/li>\n<li>Large choix d&rsquo;options de finition<\/li>\n<li>S\u00e9curit\u00e9 : pourvu d&rsquo;un certificat d&rsquo;ignifugation<\/li>\n<li>Livraison rapide : possible d\u00e8s 1 jour ouvr\u00e9 !<\/li>\n<\/ul>\n<p>&nbsp;<\/p>\n<h3>Mat\u00e9riaux (3 toiles diff\u00e9rentes)<\/h3>\n<ul>\n<li><strong>Flag<\/strong> : Le tissu standard pour les banni\u00e8res imprim\u00e9es.<\/li>\n<li><strong>Flag PET<\/strong> : Un choix \u00e9cologique, fabriqu\u00e9 \u00e0 partir de bouteilles PET 100 % recycl\u00e9es.<\/li>\n<li><strong>Longlife<\/strong> : Ce tissu extra r\u00e9sistant poss\u00e8de une structure sp\u00e9ciale qui r\u00e9duit l&rsquo;effilochage, garantissant une plus longue dur\u00e9e de vie.<\/li>\n<\/ul>\n<p>&nbsp;<\/p>\n<h3>Finition de votre banni\u00e8re<\/h3>\n<p>Apr\u00e8s l&rsquo;impression du tissu du drapeau vient la finition. En fonction de l&rsquo;utilisation pr\u00e9vue et de vos pr\u00e9f\u00e9rences personnelles, vous choisissez la finition la mieux adapt\u00e9e.<\/p>\n<h3>Couleur de la sangle et des crochets<\/h3>\n<p>Vous pouvez opter pour une finition avec une sangle blanche ou noire avec des crochets, la couleur pouvant \u00eatre adapt\u00e9e au design de votre drapeau.<\/p>\n<h3>Sens du vent : Gauche ou droite ?<\/h3>\n<p>La sangle est fix\u00e9e sur le c\u00f4t\u00e9 gauche ou droit du drapeau. Si le sens du vent est vers la droite, la finition se trouve sur le c\u00f4t\u00e9 gauche (et vice versa).<\/p>\n<p>De plus, nous proposons l&rsquo;option d&rsquo;un fourreau, id\u00e9al pour une utilisation avec un support de banni\u00e8re, ou une finition sans ourlet. Divers accessoires sont \u00e9galement disponibles pour compl\u00e9ter votre drapeau banni\u00e8re.<\/p>\n<h3>Quelle dimension de drapeau convient ?<\/h3>\n<p>Pour un r\u00e9sultat optimal, il est important de choisir la bonne taille de drapeau en fonction de la hauteur du m\u00e2t. Vous trouverez ci-dessous un aper\u00e7u des dimensions recommand\u00e9es.<\/p>\n<h3>Formats de banni\u00e8res et hauteurs de m\u00e2t correspondantes<\/h3>\n<ul>\n<li>300 x 100 cm \u2013 m\u00e2t de 6 \u00e0 7 m\u00e8tres<\/li>\n<li>400 x 100 cm \u2013 m\u00e2t de 8 m\u00e8tres<\/li>\n<li>350 x 120 cm \u2013 m\u00e2t de 7 m\u00e8tres<\/li>\n<li>400 x 120 cm \u2013 m\u00e2t de 8 \u00e0 9 m\u00e8tres<\/li>\n<li>450 x 150 cm \u2013 m\u00e2t de 9 m\u00e8tres minimum<\/li>\n<li>500 x 120 cm \u2013 m\u00e2t de 9 m\u00e8tres minimum<\/li>\n<\/ul>\n<p>&nbsp;<br \/>\nLe drapeau banni\u00e8re est disponible en cinq formats fixes. Si vous souhaitez un autre format que ceux indiqu\u00e9s ici, vous pouvez le commander sur la page drapeau au format personnalis\u00e9.<\/p>\n<h3>Formats de drapeaux et hauteurs de m\u00e2t correspondantes<\/h3>\n<ul>\n<li>50 x 75 cm \u2013 hampe de 1 \u00e0 1,5 m\u00e8tre<\/li>\n<li>100 x 70 cm \u2013 hampe de 1 \u00e0 2 m\u00e8tres<\/li>\n<li>100 x 150 cm \u2013 hampe de 2 \u00e0 3 m\u00e8tres<\/li>\n<li>120 x 180 cm \u2013 hampe de 3 \u00e0 4 m\u00e8tres<\/li>\n<li>150 x 225 cm \u2013 m\u00e2t de 6 \u00e0 7 m\u00e8tres<\/li>\n<li>200 x 300 cm \u2013 m\u00e2t de 8 m\u00e8tres<\/li>\n<\/ul>\n<p>&nbsp;<\/p>\n<h3>Quelle est la dur\u00e9e de vie des drapeaux banni\u00e8res ?<\/h3>\n<p>Les drapeaux banni\u00e8res sont sensibles \u00e0 l&rsquo;usure et devront \u00eatre remplac\u00e9s avec le temps. Le principal facteur influen\u00e7ant la dur\u00e9e de vie d&rsquo;une banni\u00e8re sont les conditions m\u00e9t\u00e9orologiques. Ainsi, un vent fort fait joliment flotter votre banni\u00e8re, mais il en r\u00e9duira \u00e9galement la dur\u00e9e de vie. C&rsquo;est surtout la combinaison de vent fort et de pluie qui provoque une usure plus rapide des banni\u00e8res.<\/p>\n<p>Pour prolonger la dur\u00e9e de vie, nous confectionnons nos drapeaux avec des fils solides et les dotons d&rsquo;un double ourlet. Cela r\u00e9duit les risques d&rsquo;usure pr\u00e9matur\u00e9e. N\u00e9anmoins, le remplacement des banni\u00e8res sera in\u00e9vitable \u00e0 terme.<\/p>\n<h3>Facteurs influen\u00e7ant la dur\u00e9e de vie<\/h3>\n<ul>\n<li><strong>Conditions m\u00e9t\u00e9orologiques<\/strong> \u2013 Le vent et la pluie ont un impact majeur sur la banni\u00e8re.<\/li>\n<li><strong>Emplacement du drapeau<\/strong> \u2013 Les endroits abrit\u00e9s prolongent la dur\u00e9e de vie.<\/li>\n<li><strong>Dimensions du drapeau<\/strong> \u2013 Les banni\u00e8res plus grandes prennent plus le vent, ce qui cause plus de tension sur la toile.<\/li>\n<li><strong>Utilisation et entretien<\/strong> \u2013 Un bon entretien prolonge consid\u00e9rablement la dur\u00e9e de vie du drapeau banni\u00e8re.<\/li>\n<\/ul>\n<p>&nbsp;<\/p>\n<h3>Conseils pour prolonger la dur\u00e9e de vie de votre drapeau<\/h3>\n<ol>\n<li>Rentrez le drapeau banni\u00e8re par mauvais temps, surtout par force de vent 6 ou plus.<\/li>\n<li>V\u00e9rifiez r\u00e9guli\u00e8rement les coutures et r\u00e9parez les points qui se d\u00e9tachent.<\/li>\n<li>Lavez le drapeau \u00e0 30\u00b0C avec une lessive pour linge d\u00e9licat afin d&rsquo;\u00e9viter l&rsquo;accumulation de salet\u00e9.<\/li>\n<li>Lorsque le drapeau banni\u00e8re est continuellement dehors dans de mauvaises conditions m\u00e9t\u00e9orologiques, sa dur\u00e9e de vie peut \u00eatre r\u00e9duite \u00e0 trois mois ou moins.<\/li>\n<li>Utilisez des anneaux de m\u00e2t flexibles (comme Flagfix) pour r\u00e9duire la tension sur la toile de la banni\u00e8re.<\/li>\n<\/ol>\n<p>&nbsp;<\/p>\n<h3>Entretien pour une qualit\u00e9 durable<\/h3>\n<p>Pour pr\u00e9server de mani\u00e8re optimale la qualit\u00e9 de vos banni\u00e8res, il est recommand\u00e9 de rentrer vos drapeaux banni\u00e8res par mauvaises conditions m\u00e9t\u00e9orologiques (par force de vent 6 ou plus). Cela r\u00e9duit le risque de dommages et prolonge la dur\u00e9e de vie.<\/p>\n<h3>Saviez-vous que les banni\u00e8res peuvent \u00eatre lav\u00e9es ?<\/h3>\n<p>Vous pouvez facilement nettoyer votre drapeau banni\u00e8re en machine \u00e0 30\u00b0C maximum avec une lessive pour linge d\u00e9licat. Cela emp\u00eache la salet\u00e9 de s&rsquo;incruster dans la toile et garde votre drapeau banni\u00e8re comme neuf.<\/p>\n","protected":false},"excerpt":{"rendered":"<p>La banni\u00e8re, \u00e9galement appel\u00e9e drapeau allong\u00e9 ou drapeau vertical, se remarque d&rsquo;un coup d&rsquo;\u0153il gr\u00e2ce \u00e0 sa grande surface. La banni\u00e8re est gliss\u00e9e sur une potence, ce qui la rend toujours bien visible, m\u00eame sans vent. Composez ci-dessous votre banni\u00e8re imprim\u00e9e selon vos souhaits. Dot\u00e9e d&rsquo;une impression d&rsquo;une nettet\u00e9 exceptionnelle. Une urgence ? Nous pouvons livrer votre banni\u00e8re d\u00e8s 1 jour ouvr\u00e9.<\/p>\n","protected":false},"featured_media":14633,"template":"","meta":{"_et_pb_use_builder":"","_et_pb_old_content":"","_et_gb_content_width":""},"product_brand":[],"product_cat":[872,882],"product_tag":[],"class_list":{"0":"post-14632","1":"product","2":"type-product","3":"status-publish","4":"has-post-thumbnail","6":"product_cat-tout-les-drapeaux","7":"product_cat-drapeaux-de-facade","9":"first","10":"instock","11":"taxable","12":"shipping-taxable","13":"purchasable","14":"product-type-simple"},"yoast_head":"<!-- This site is optimized with the Yoast SEO plugin v27.3 - https:\/\/yoast.com\/product\/yoast-seo-wordpress\/ -->\n<title>Acheter un drapeau banni\u00e8re - Des drapeaux parfaitement visibles pour votre entreprise<\/title>\n<meta name=\"description\" content=\"Commandez aujourd&#039;hui votre drapeau banni\u00e8re durable avec une impression nette et une livraison rapide. Qualit\u00e9 durable et livraison rapide dans toute l&#039;Europe.\" \/>\n<meta name=\"robots\" content=\"index, follow, max-snippet:-1, max-image-preview:large, max-video-preview:-1\" \/>\n<link rel=\"canonical\" href=\"https:\/\/www.amstelprinting.nl\/fr\/boutique\/tout-les-drapeaux\/drapeaux-de-facade\/drapeau-banniere\/\" \/>\n<meta property=\"og:locale\" content=\"fr_FR\" \/>\n<meta property=\"og:type\" content=\"article\" \/>\n<meta property=\"og:title\" content=\"Acheter un drapeau banni\u00e8re - Des drapeaux parfaitement visibles pour votre entreprise\" \/>\n<meta property=\"og:description\" content=\"Commandez aujourd&#039;hui votre drapeau banni\u00e8re durable avec une impression nette et une livraison rapide. Qualit\u00e9 durable et livraison rapide dans toute l&#039;Europe.\" \/>\n<meta property=\"og:url\" content=\"https:\/\/www.amstelprinting.nl\/fr\/boutique\/tout-les-drapeaux\/drapeaux-de-facade\/drapeau-banniere\/\" \/>\n<meta property=\"og:site_name\" content=\"Amstel Printing\" \/>\n<meta property=\"article:modified_time\" content=\"2026-02-18T11:51:05+00:00\" \/>\n<meta property=\"og:image\" content=\"https:\/\/www.amstelprinting.nl\/wp-content\/uploads\/baniervlag-bedrukken.png\" \/>\n\t<meta property=\"og:image:width\" content=\"700\" \/>\n\t<meta property=\"og:image:height\" content=\"700\" \/>\n\t<meta property=\"og:image:type\" content=\"image\/png\" \/>\n<meta name=\"twitter:card\" content=\"summary_large_image\" \/>\n<meta name=\"twitter:label1\" content=\"Dur\u00e9e de lecture estim\u00e9e\" \/>\n\t<meta name=\"twitter:data1\" content=\"5 minutes\" \/>\n<script type=\"application\/ld+json\" class=\"yoast-schema-graph\">{\"@context\":\"https:\\\/\\\/schema.org\",\"@graph\":[{\"@type\":\"WebPage\",\"@id\":\"https:\\\/\\\/www.amstelprinting.nl\\\/fr\\\/boutique\\\/tout-les-drapeaux\\\/drapeaux-de-facade\\\/drapeau-banniere\\\/\",\"url\":\"https:\\\/\\\/www.amstelprinting.nl\\\/fr\\\/boutique\\\/tout-les-drapeaux\\\/drapeaux-de-facade\\\/drapeau-banniere\\\/\",\"name\":\"Acheter un drapeau banni\u00e8re - Des drapeaux parfaitement visibles pour votre entreprise\",\"isPartOf\":{\"@id\":\"https:\\\/\\\/www.amstelprinting.nl\\\/fr\\\/#website\"},\"primaryImageOfPage\":{\"@id\":\"https:\\\/\\\/www.amstelprinting.nl\\\/fr\\\/boutique\\\/tout-les-drapeaux\\\/drapeaux-de-facade\\\/drapeau-banniere\\\/#primaryimage\"},\"image\":{\"@id\":\"https:\\\/\\\/www.amstelprinting.nl\\\/fr\\\/boutique\\\/tout-les-drapeaux\\\/drapeaux-de-facade\\\/drapeau-banniere\\\/#primaryimage\"},\"thumbnailUrl\":\"https:\\\/\\\/www.amstelprinting.nl\\\/wp-content\\\/uploads\\\/baniervlag-bedrukken.png\",\"datePublished\":\"2025-01-24T10:31:05+00:00\",\"dateModified\":\"2026-02-18T11:51:05+00:00\",\"description\":\"Commandez aujourd'hui votre drapeau banni\u00e8re durable avec une impression nette et une livraison rapide. Qualit\u00e9 durable et livraison rapide dans toute l'Europe.\",\"breadcrumb\":{\"@id\":\"https:\\\/\\\/www.amstelprinting.nl\\\/fr\\\/boutique\\\/tout-les-drapeaux\\\/drapeaux-de-facade\\\/drapeau-banniere\\\/#breadcrumb\"},\"inLanguage\":\"fr-FR\",\"potentialAction\":[{\"@type\":\"ReadAction\",\"target\":[\"https:\\\/\\\/www.amstelprinting.nl\\\/fr\\\/boutique\\\/tout-les-drapeaux\\\/drapeaux-de-facade\\\/drapeau-banniere\\\/\"]}]},{\"@type\":\"ImageObject\",\"inLanguage\":\"fr-FR\",\"@id\":\"https:\\\/\\\/www.amstelprinting.nl\\\/fr\\\/boutique\\\/tout-les-drapeaux\\\/drapeaux-de-facade\\\/drapeau-banniere\\\/#primaryimage\",\"url\":\"https:\\\/\\\/www.amstelprinting.nl\\\/wp-content\\\/uploads\\\/baniervlag-bedrukken.png\",\"contentUrl\":\"https:\\\/\\\/www.amstelprinting.nl\\\/wp-content\\\/uploads\\\/baniervlag-bedrukken.png\",\"width\":700,\"height\":700},{\"@type\":\"BreadcrumbList\",\"@id\":\"https:\\\/\\\/www.amstelprinting.nl\\\/fr\\\/boutique\\\/tout-les-drapeaux\\\/drapeaux-de-facade\\\/drapeau-banniere\\\/#breadcrumb\",\"itemListElement\":[{\"@type\":\"ListItem\",\"position\":1,\"name\":\"\",\"item\":\"https:\\\/\\\/www.amstelprinting.nl\\\/fr\\\/\"},{\"@type\":\"ListItem\",\"position\":2,\"name\":\"Amstel Printing\",\"item\":\"https:\\\/\\\/www.amstelprinting.nl\\\/fr\\\/boutique\\\/\"},{\"@type\":\"ListItem\",\"position\":3,\"name\":\"Drapeaux\",\"item\":\"https:\\\/\\\/www.amstelprinting.nl\\\/fr\\\/categorie\\\/tout-les-drapeaux\\\/\"},{\"@type\":\"ListItem\",\"position\":4,\"name\":\"Drapeaux de fa\u00e7ade\",\"item\":\"https:\\\/\\\/www.amstelprinting.nl\\\/fr\\\/categorie\\\/tout-les-drapeaux\\\/drapeaux-de-facade\\\/\"},{\"@type\":\"ListItem\",\"position\":5,\"name\":\"Drapeau banni\u00e8re\"}]},{\"@type\":\"WebSite\",\"@id\":\"https:\\\/\\\/www.amstelprinting.nl\\\/fr\\\/#website\",\"url\":\"https:\\\/\\\/www.amstelprinting.nl\\\/fr\\\/\",\"name\":\"Amstel Printing\",\"description\":\"Creating Exposure\",\"publisher\":{\"@id\":\"https:\\\/\\\/www.amstelprinting.nl\\\/fr\\\/#organization\"},\"potentialAction\":[{\"@type\":\"SearchAction\",\"target\":{\"@type\":\"EntryPoint\",\"urlTemplate\":\"https:\\\/\\\/www.amstelprinting.nl\\\/fr\\\/?s={search_term_string}\"},\"query-input\":{\"@type\":\"PropertyValueSpecification\",\"valueRequired\":true,\"valueName\":\"search_term_string\"}}],\"inLanguage\":\"fr-FR\"},{\"@type\":\"Organization\",\"@id\":\"https:\\\/\\\/www.amstelprinting.nl\\\/fr\\\/#organization\",\"name\":\"Amstel Printing\",\"url\":\"https:\\\/\\\/www.amstelprinting.nl\\\/fr\\\/\",\"logo\":{\"@type\":\"ImageObject\",\"inLanguage\":\"fr-FR\",\"@id\":\"https:\\\/\\\/www.amstelprinting.nl\\\/fr\\\/#\\\/schema\\\/logo\\\/image\\\/\",\"url\":\"https:\\\/\\\/www.amstelprinting.nl\\\/wp-content\\\/uploads\\\/amstel_printing_logo_clean.png\",\"contentUrl\":\"https:\\\/\\\/www.amstelprinting.nl\\\/wp-content\\\/uploads\\\/amstel_printing_logo_clean.png\",\"width\":324,\"height\":73,\"caption\":\"Amstel Printing\"},\"image\":{\"@id\":\"https:\\\/\\\/www.amstelprinting.nl\\\/fr\\\/#\\\/schema\\\/logo\\\/image\\\/\"}}]}<\/script>\n<!-- \/ Yoast SEO plugin. -->","yoast_head_json":{"title":"Acheter un drapeau banni\u00e8re - Des drapeaux parfaitement visibles pour votre entreprise","description":"Commandez aujourd'hui votre drapeau banni\u00e8re durable avec une impression nette et une livraison rapide. Qualit\u00e9 durable et livraison rapide dans toute l'Europe.","robots":{"index":"index","follow":"follow","max-snippet":"max-snippet:-1","max-image-preview":"max-image-preview:large","max-video-preview":"max-video-preview:-1"},"canonical":"https:\/\/www.amstelprinting.nl\/fr\/boutique\/tout-les-drapeaux\/drapeaux-de-facade\/drapeau-banniere\/","og_locale":"fr_FR","og_type":"article","og_title":"Acheter un drapeau banni\u00e8re - Des drapeaux parfaitement visibles pour votre entreprise","og_description":"Commandez aujourd'hui votre drapeau banni\u00e8re durable avec une impression nette et une livraison rapide. Qualit\u00e9 durable et livraison rapide dans toute l'Europe.","og_url":"https:\/\/www.amstelprinting.nl\/fr\/boutique\/tout-les-drapeaux\/drapeaux-de-facade\/drapeau-banniere\/","og_site_name":"Amstel Printing","article_modified_time":"2026-02-18T11:51:05+00:00","og_image":[{"width":700,"height":700,"url":"https:\/\/www.amstelprinting.nl\/wp-content\/uploads\/baniervlag-bedrukken.png","type":"image\/png"}],"twitter_card":"summary_large_image","twitter_misc":{"Dur\u00e9e de lecture estim\u00e9e":"5 minutes"},"schema":{"@context":"https:\/\/schema.org","@graph":[{"@type":"WebPage","@id":"https:\/\/www.amstelprinting.nl\/fr\/boutique\/tout-les-drapeaux\/drapeaux-de-facade\/drapeau-banniere\/","url":"https:\/\/www.amstelprinting.nl\/fr\/boutique\/tout-les-drapeaux\/drapeaux-de-facade\/drapeau-banniere\/","name":"Acheter un drapeau banni\u00e8re - Des drapeaux parfaitement visibles pour votre entreprise","isPartOf":{"@id":"https:\/\/www.amstelprinting.nl\/fr\/#website"},"primaryImageOfPage":{"@id":"https:\/\/www.amstelprinting.nl\/fr\/boutique\/tout-les-drapeaux\/drapeaux-de-facade\/drapeau-banniere\/#primaryimage"},"image":{"@id":"https:\/\/www.amstelprinting.nl\/fr\/boutique\/tout-les-drapeaux\/drapeaux-de-facade\/drapeau-banniere\/#primaryimage"},"thumbnailUrl":"https:\/\/www.amstelprinting.nl\/wp-content\/uploads\/baniervlag-bedrukken.png","datePublished":"2025-01-24T10:31:05+00:00","dateModified":"2026-02-18T11:51:05+00:00","description":"Commandez aujourd'hui votre drapeau banni\u00e8re durable avec une impression nette et une livraison rapide. Qualit\u00e9 durable et livraison rapide dans toute l'Europe.","breadcrumb":{"@id":"https:\/\/www.amstelprinting.nl\/fr\/boutique\/tout-les-drapeaux\/drapeaux-de-facade\/drapeau-banniere\/#breadcrumb"},"inLanguage":"fr-FR","potentialAction":[{"@type":"ReadAction","target":["https:\/\/www.amstelprinting.nl\/fr\/boutique\/tout-les-drapeaux\/drapeaux-de-facade\/drapeau-banniere\/"]}]},{"@type":"ImageObject","inLanguage":"fr-FR","@id":"https:\/\/www.amstelprinting.nl\/fr\/boutique\/tout-les-drapeaux\/drapeaux-de-facade\/drapeau-banniere\/#primaryimage","url":"https:\/\/www.amstelprinting.nl\/wp-content\/uploads\/baniervlag-bedrukken.png","contentUrl":"https:\/\/www.amstelprinting.nl\/wp-content\/uploads\/baniervlag-bedrukken.png","width":700,"height":700},{"@type":"BreadcrumbList","@id":"https:\/\/www.amstelprinting.nl\/fr\/boutique\/tout-les-drapeaux\/drapeaux-de-facade\/drapeau-banniere\/#breadcrumb","itemListElement":[{"@type":"ListItem","position":1,"name":"","item":"https:\/\/www.amstelprinting.nl\/fr\/"},{"@type":"ListItem","position":2,"name":"Amstel Printing","item":"https:\/\/www.amstelprinting.nl\/fr\/boutique\/"},{"@type":"ListItem","position":3,"name":"Drapeaux","item":"https:\/\/www.amstelprinting.nl\/fr\/categorie\/tout-les-drapeaux\/"},{"@type":"ListItem","position":4,"name":"Drapeaux de fa\u00e7ade","item":"https:\/\/www.amstelprinting.nl\/fr\/categorie\/tout-les-drapeaux\/drapeaux-de-facade\/"},{"@type":"ListItem","position":5,"name":"Drapeau banni\u00e8re"}]},{"@type":"WebSite","@id":"https:\/\/www.amstelprinting.nl\/fr\/#website","url":"https:\/\/www.amstelprinting.nl\/fr\/","name":"Amstel Printing","description":"Creating Exposure","publisher":{"@id":"https:\/\/www.amstelprinting.nl\/fr\/#organization"},"potentialAction":[{"@type":"SearchAction","target":{"@type":"EntryPoint","urlTemplate":"https:\/\/www.amstelprinting.nl\/fr\/?s={search_term_string}"},"query-input":{"@type":"PropertyValueSpecification","valueRequired":true,"valueName":"search_term_string"}}],"inLanguage":"fr-FR"},{"@type":"Organization","@id":"https:\/\/www.amstelprinting.nl\/fr\/#organization","name":"Amstel Printing","url":"https:\/\/www.amstelprinting.nl\/fr\/","logo":{"@type":"ImageObject","inLanguage":"fr-FR","@id":"https:\/\/www.amstelprinting.nl\/fr\/#\/schema\/logo\/image\/","url":"https:\/\/www.amstelprinting.nl\/wp-content\/uploads\/amstel_printing_logo_clean.png","contentUrl":"https:\/\/www.amstelprinting.nl\/wp-content\/uploads\/amstel_printing_logo_clean.png","width":324,"height":73,"caption":"Amstel Printing"},"image":{"@id":"https:\/\/www.amstelprinting.nl\/fr\/#\/schema\/logo\/image\/"}}]}},"_links":{"self":[{"href":"https:\/\/www.amstelprinting.nl\/fr\/wp-json\/wp\/v2\/product\/14632","targetHints":{"allow":["GET"]}}],"collection":[{"href":"https:\/\/www.amstelprinting.nl\/fr\/wp-json\/wp\/v2\/product"}],"about":[{"href":"https:\/\/www.amstelprinting.nl\/fr\/wp-json\/wp\/v2\/types\/product"}],"wp:featuredmedia":[{"embeddable":true,"href":"https:\/\/www.amstelprinting.nl\/fr\/wp-json\/wp\/v2\/media\/14633"}],"wp:attachment":[{"href":"https:\/\/www.amstelprinting.nl\/fr\/wp-json\/wp\/v2\/media?parent=14632"}],"wp:term":[{"taxonomy":"product_brand","embeddable":true,"href":"https:\/\/www.amstelprinting.nl\/fr\/wp-json\/wp\/v2\/product_brand?post=14632"},{"taxonomy":"product_cat","embeddable":true,"href":"https:\/\/www.amstelprinting.nl\/fr\/wp-json\/wp\/v2\/product_cat?post=14632"},{"taxonomy":"product_tag","embeddable":true,"href":"https:\/\/www.amstelprinting.nl\/fr\/wp-json\/wp\/v2\/product_tag?post=14632"}],"curies":[{"name":"wp","href":"https:\/\/api.w.org\/{rel}","templated":true}]}}