{"id":14642,"date":"2025-01-24T11:30:59","date_gmt":"2025-01-24T10:30:59","guid":{"rendered":"https:\/\/www.amstelprinting.nl\/winkel\/non%20class\u00e9\/mastvlag\/"},"modified":"2026-02-18T12:51:06","modified_gmt":"2026-02-18T11:51:06","slug":"drapeau-de-mat","status":"publish","type":"product","link":"https:\/\/www.amstelprinting.nl\/fr\/boutique\/tout-les-drapeaux\/drapeaux-de-facade\/drapeau-de-mat\/","title":{"rendered":"Drapeau de m\u00e2t"},"content":{"rendered":"<h3>Mod\u00e8les et formats<\/h3>\n<p>Le drapeau de m\u00e2t est disponible en deux mod\u00e8les : horizontal ou vertical. Le mod\u00e8le horizontal est disponible en six dimensions diff\u00e9rentes, et les variantes verticales existent en cinq formats.<\/p>\n<h3>Mat\u00e9riaux<\/h3>\n<ul>\n<li><strong>Flag<\/strong> : Le tissu standard pour les drapeaux de m\u00e2t imprim\u00e9s.<\/li>\n<li><strong>Flag PET<\/strong> : Un choix respectueux de l&rsquo;environnement, fabriqu\u00e9 \u00e0 partir de bouteilles PET 100 % recycl\u00e9es.<\/li>\n<li><strong>Longlife<\/strong> : Ce tissu extra r\u00e9sistant poss\u00e8de une structure sp\u00e9ciale qui r\u00e9duit l&rsquo;effilochage, assurant ainsi une dur\u00e9e de vie plus longue.<\/li>\n<\/ul>\n<p>&nbsp;<\/p>\n<h3>Finitions<\/h3>\n<p>Le drapeau de m\u00e2t peut \u00eatre fini avec une sangle blanche avec crochets ou une sangle noire avec crochets. Cette finition peut \u00eatre plac\u00e9e sur le c\u00f4t\u00e9 gauche ou droit de votre drapeau. De plus, divers accessoires sont disponibles pour votre drapeau de m\u00e2t.<\/p>\n<h3>Questions fr\u00e9quemment pos\u00e9es<\/h3>\n<p><strong>Comment pr\u00e9server au mieux la qualit\u00e9 du drapeau ?<br \/>\n<\/strong>Pour une utilisation optimale des drapeaux de m\u00e2t, il est recommand\u00e9 de les rentrer \u00e0 temps, surtout \u00e0 partir d&rsquo;une force de vent de 6. Cela r\u00e9duit les risques de dommages et prolonge la dur\u00e9e de vie du drapeau.<\/p>\n<p><strong>Saviez-vous que vous pouvez aussi mettre les drapeaux de m\u00e2t \u00e0 la machine \u00e0 laver ?<br \/>\n<\/strong>Il est possible de laver les drapeaux de m\u00e2t \u00e0 30 degr\u00e9s Celsius maximum. Utilisez uniquement une lessive pour linge d\u00e9licat.<\/p>\n<p><strong>Quelle est la diff\u00e9rence entre Flag, Flag PET et Flag Longlife ?<br \/>\n<\/strong>Le Flag est le drapeau standard avec un ourlet classique tout autour. Flag PET est notre variante durable fabriqu\u00e9e \u00e0 partir de bouteilles PET 100 % recycl\u00e9es. Flag Longlife s&rsquo;effiloche moins rapidement gr\u00e2ce \u00e0 sa structure grossi\u00e8re. L&rsquo;ourlet n&rsquo;est donc pas n\u00e9cessaire.<\/p>\n","protected":false},"excerpt":{"rendered":"<h3>Impression de drapeaux de m\u00e2t pas chers<\/h3>\n<p>\u00c0 la recherche d&rsquo;un accroche-regard pour que votre entreprise, marque ou \u00e9v\u00e9nement se remarque imm\u00e9diatement ? Avec nos drapeaux de m\u00e2t et votre propre design unique, vous attirerez l&rsquo;attention de loin ! Le drapeau de m\u00e2t est disponible en diff\u00e9rents mod\u00e8les et formats. Dot\u00e9 d&rsquo;une impression ultra-nette de votre design ! Configurez votre drapeau de m\u00e2t en quelques \u00e9tapes ci-dessous.<\/p>\n","protected":false},"featured_media":14643,"template":"","meta":{"_et_pb_use_builder":"","_et_pb_old_content":"","_et_gb_content_width":""},"product_brand":[],"product_cat":[872,882],"product_tag":[],"class_list":{"0":"post-14642","1":"product","2":"type-product","3":"status-publish","4":"has-post-thumbnail","6":"product_cat-tout-les-drapeaux","7":"product_cat-drapeaux-de-facade","9":"first","10":"instock","11":"taxable","12":"shipping-taxable","13":"purchasable","14":"product-type-simple"},"yoast_head":"<!-- This site is optimized with the Yoast SEO plugin v27.3 - https:\/\/yoast.com\/product\/yoast-seo-wordpress\/ -->\n<title>Drapeau de m\u00e2t sur mesure - Durable &amp; Visible | Livraison rapide<\/title>\n<meta name=\"description\" content=\"Drapeau de m\u00e2t personnalis\u00e9 facile et profitez d&#039;une livraison ultra-rapide en 1 jour ouvr\u00e9. Mat\u00e9riaux durables et divers formats disponibles.\" \/>\n<meta name=\"robots\" content=\"index, follow, max-snippet:-1, max-image-preview:large, max-video-preview:-1\" \/>\n<link rel=\"canonical\" href=\"https:\/\/www.amstelprinting.nl\/fr\/boutique\/tout-les-drapeaux\/drapeaux-de-facade\/drapeau-de-mat\/\" \/>\n<meta property=\"og:locale\" content=\"fr_FR\" \/>\n<meta property=\"og:type\" content=\"article\" \/>\n<meta property=\"og:title\" content=\"Drapeau de m\u00e2t sur mesure - Durable &amp; Visible | Livraison rapide\" \/>\n<meta property=\"og:description\" content=\"Drapeau de m\u00e2t personnalis\u00e9 facile et profitez d&#039;une livraison ultra-rapide en 1 jour ouvr\u00e9. Mat\u00e9riaux durables et divers formats disponibles.\" \/>\n<meta property=\"og:url\" content=\"https:\/\/www.amstelprinting.nl\/fr\/boutique\/tout-les-drapeaux\/drapeaux-de-facade\/drapeau-de-mat\/\" \/>\n<meta property=\"og:site_name\" content=\"Amstel Printing\" \/>\n<meta property=\"article:modified_time\" content=\"2026-02-18T11:51:06+00:00\" \/>\n<meta property=\"og:image\" content=\"https:\/\/www.amstelprinting.nl\/wp-content\/uploads\/mastvlag-bedrukken.png\" \/>\n\t<meta property=\"og:image:width\" content=\"900\" \/>\n\t<meta property=\"og:image:height\" content=\"900\" \/>\n\t<meta property=\"og:image:type\" content=\"image\/png\" \/>\n<meta name=\"twitter:card\" content=\"summary_large_image\" \/>\n<meta name=\"twitter:label1\" content=\"Dur\u00e9e de lecture estim\u00e9e\" \/>\n\t<meta name=\"twitter:data1\" content=\"1 minute\" \/>\n<script type=\"application\/ld+json\" class=\"yoast-schema-graph\">{\"@context\":\"https:\\\/\\\/schema.org\",\"@graph\":[{\"@type\":\"WebPage\",\"@id\":\"https:\\\/\\\/www.amstelprinting.nl\\\/fr\\\/boutique\\\/tout-les-drapeaux\\\/drapeaux-de-facade\\\/drapeau-de-mat\\\/\",\"url\":\"https:\\\/\\\/www.amstelprinting.nl\\\/fr\\\/boutique\\\/tout-les-drapeaux\\\/drapeaux-de-facade\\\/drapeau-de-mat\\\/\",\"name\":\"Drapeau de m\u00e2t sur mesure - Durable & Visible | Livraison rapide\",\"isPartOf\":{\"@id\":\"https:\\\/\\\/www.amstelprinting.nl\\\/fr\\\/#website\"},\"primaryImageOfPage\":{\"@id\":\"https:\\\/\\\/www.amstelprinting.nl\\\/fr\\\/boutique\\\/tout-les-drapeaux\\\/drapeaux-de-facade\\\/drapeau-de-mat\\\/#primaryimage\"},\"image\":{\"@id\":\"https:\\\/\\\/www.amstelprinting.nl\\\/fr\\\/boutique\\\/tout-les-drapeaux\\\/drapeaux-de-facade\\\/drapeau-de-mat\\\/#primaryimage\"},\"thumbnailUrl\":\"https:\\\/\\\/www.amstelprinting.nl\\\/wp-content\\\/uploads\\\/mastvlag-bedrukken.png\",\"datePublished\":\"2025-01-24T10:30:59+00:00\",\"dateModified\":\"2026-02-18T11:51:06+00:00\",\"description\":\"Drapeau de m\u00e2t personnalis\u00e9 facile et profitez d'une livraison ultra-rapide en 1 jour ouvr\u00e9. Mat\u00e9riaux durables et divers formats disponibles.\",\"breadcrumb\":{\"@id\":\"https:\\\/\\\/www.amstelprinting.nl\\\/fr\\\/boutique\\\/tout-les-drapeaux\\\/drapeaux-de-facade\\\/drapeau-de-mat\\\/#breadcrumb\"},\"inLanguage\":\"fr-FR\",\"potentialAction\":[{\"@type\":\"ReadAction\",\"target\":[\"https:\\\/\\\/www.amstelprinting.nl\\\/fr\\\/boutique\\\/tout-les-drapeaux\\\/drapeaux-de-facade\\\/drapeau-de-mat\\\/\"]}]},{\"@type\":\"ImageObject\",\"inLanguage\":\"fr-FR\",\"@id\":\"https:\\\/\\\/www.amstelprinting.nl\\\/fr\\\/boutique\\\/tout-les-drapeaux\\\/drapeaux-de-facade\\\/drapeau-de-mat\\\/#primaryimage\",\"url\":\"https:\\\/\\\/www.amstelprinting.nl\\\/wp-content\\\/uploads\\\/mastvlag-bedrukken.png\",\"contentUrl\":\"https:\\\/\\\/www.amstelprinting.nl\\\/wp-content\\\/uploads\\\/mastvlag-bedrukken.png\",\"width\":900,\"height\":900},{\"@type\":\"BreadcrumbList\",\"@id\":\"https:\\\/\\\/www.amstelprinting.nl\\\/fr\\\/boutique\\\/tout-les-drapeaux\\\/drapeaux-de-facade\\\/drapeau-de-mat\\\/#breadcrumb\",\"itemListElement\":[{\"@type\":\"ListItem\",\"position\":1,\"name\":\"\",\"item\":\"https:\\\/\\\/www.amstelprinting.nl\\\/fr\\\/\"},{\"@type\":\"ListItem\",\"position\":2,\"name\":\"Amstel Printing\",\"item\":\"https:\\\/\\\/www.amstelprinting.nl\\\/fr\\\/boutique\\\/\"},{\"@type\":\"ListItem\",\"position\":3,\"name\":\"Drapeaux\",\"item\":\"https:\\\/\\\/www.amstelprinting.nl\\\/fr\\\/categorie\\\/tout-les-drapeaux\\\/\"},{\"@type\":\"ListItem\",\"position\":4,\"name\":\"Drapeaux de fa\u00e7ade\",\"item\":\"https:\\\/\\\/www.amstelprinting.nl\\\/fr\\\/categorie\\\/tout-les-drapeaux\\\/drapeaux-de-facade\\\/\"},{\"@type\":\"ListItem\",\"position\":5,\"name\":\"Drapeau de m\u00e2t\"}]},{\"@type\":\"WebSite\",\"@id\":\"https:\\\/\\\/www.amstelprinting.nl\\\/fr\\\/#website\",\"url\":\"https:\\\/\\\/www.amstelprinting.nl\\\/fr\\\/\",\"name\":\"Amstel Printing\",\"description\":\"Creating Exposure\",\"publisher\":{\"@id\":\"https:\\\/\\\/www.amstelprinting.nl\\\/fr\\\/#organization\"},\"potentialAction\":[{\"@type\":\"SearchAction\",\"target\":{\"@type\":\"EntryPoint\",\"urlTemplate\":\"https:\\\/\\\/www.amstelprinting.nl\\\/fr\\\/?s={search_term_string}\"},\"query-input\":{\"@type\":\"PropertyValueSpecification\",\"valueRequired\":true,\"valueName\":\"search_term_string\"}}],\"inLanguage\":\"fr-FR\"},{\"@type\":\"Organization\",\"@id\":\"https:\\\/\\\/www.amstelprinting.nl\\\/fr\\\/#organization\",\"name\":\"Amstel Printing\",\"url\":\"https:\\\/\\\/www.amstelprinting.nl\\\/fr\\\/\",\"logo\":{\"@type\":\"ImageObject\",\"inLanguage\":\"fr-FR\",\"@id\":\"https:\\\/\\\/www.amstelprinting.nl\\\/fr\\\/#\\\/schema\\\/logo\\\/image\\\/\",\"url\":\"https:\\\/\\\/www.amstelprinting.nl\\\/wp-content\\\/uploads\\\/amstel_printing_logo_clean.png\",\"contentUrl\":\"https:\\\/\\\/www.amstelprinting.nl\\\/wp-content\\\/uploads\\\/amstel_printing_logo_clean.png\",\"width\":324,\"height\":73,\"caption\":\"Amstel Printing\"},\"image\":{\"@id\":\"https:\\\/\\\/www.amstelprinting.nl\\\/fr\\\/#\\\/schema\\\/logo\\\/image\\\/\"}}]}<\/script>\n<!-- \/ Yoast SEO plugin. -->","yoast_head_json":{"title":"Drapeau de m\u00e2t sur mesure - Durable & Visible | Livraison rapide","description":"Drapeau de m\u00e2t personnalis\u00e9 facile et profitez d'une livraison ultra-rapide en 1 jour ouvr\u00e9. Mat\u00e9riaux durables et divers formats disponibles.","robots":{"index":"index","follow":"follow","max-snippet":"max-snippet:-1","max-image-preview":"max-image-preview:large","max-video-preview":"max-video-preview:-1"},"canonical":"https:\/\/www.amstelprinting.nl\/fr\/boutique\/tout-les-drapeaux\/drapeaux-de-facade\/drapeau-de-mat\/","og_locale":"fr_FR","og_type":"article","og_title":"Drapeau de m\u00e2t sur mesure - Durable & Visible | Livraison rapide","og_description":"Drapeau de m\u00e2t personnalis\u00e9 facile et profitez d'une livraison ultra-rapide en 1 jour ouvr\u00e9. Mat\u00e9riaux durables et divers formats disponibles.","og_url":"https:\/\/www.amstelprinting.nl\/fr\/boutique\/tout-les-drapeaux\/drapeaux-de-facade\/drapeau-de-mat\/","og_site_name":"Amstel Printing","article_modified_time":"2026-02-18T11:51:06+00:00","og_image":[{"width":900,"height":900,"url":"https:\/\/www.amstelprinting.nl\/wp-content\/uploads\/mastvlag-bedrukken.png","type":"image\/png"}],"twitter_card":"summary_large_image","twitter_misc":{"Dur\u00e9e de lecture estim\u00e9e":"1 minute"},"schema":{"@context":"https:\/\/schema.org","@graph":[{"@type":"WebPage","@id":"https:\/\/www.amstelprinting.nl\/fr\/boutique\/tout-les-drapeaux\/drapeaux-de-facade\/drapeau-de-mat\/","url":"https:\/\/www.amstelprinting.nl\/fr\/boutique\/tout-les-drapeaux\/drapeaux-de-facade\/drapeau-de-mat\/","name":"Drapeau de m\u00e2t sur mesure - Durable & Visible | Livraison rapide","isPartOf":{"@id":"https:\/\/www.amstelprinting.nl\/fr\/#website"},"primaryImageOfPage":{"@id":"https:\/\/www.amstelprinting.nl\/fr\/boutique\/tout-les-drapeaux\/drapeaux-de-facade\/drapeau-de-mat\/#primaryimage"},"image":{"@id":"https:\/\/www.amstelprinting.nl\/fr\/boutique\/tout-les-drapeaux\/drapeaux-de-facade\/drapeau-de-mat\/#primaryimage"},"thumbnailUrl":"https:\/\/www.amstelprinting.nl\/wp-content\/uploads\/mastvlag-bedrukken.png","datePublished":"2025-01-24T10:30:59+00:00","dateModified":"2026-02-18T11:51:06+00:00","description":"Drapeau de m\u00e2t personnalis\u00e9 facile et profitez d'une livraison ultra-rapide en 1 jour ouvr\u00e9. Mat\u00e9riaux durables et divers formats disponibles.","breadcrumb":{"@id":"https:\/\/www.amstelprinting.nl\/fr\/boutique\/tout-les-drapeaux\/drapeaux-de-facade\/drapeau-de-mat\/#breadcrumb"},"inLanguage":"fr-FR","potentialAction":[{"@type":"ReadAction","target":["https:\/\/www.amstelprinting.nl\/fr\/boutique\/tout-les-drapeaux\/drapeaux-de-facade\/drapeau-de-mat\/"]}]},{"@type":"ImageObject","inLanguage":"fr-FR","@id":"https:\/\/www.amstelprinting.nl\/fr\/boutique\/tout-les-drapeaux\/drapeaux-de-facade\/drapeau-de-mat\/#primaryimage","url":"https:\/\/www.amstelprinting.nl\/wp-content\/uploads\/mastvlag-bedrukken.png","contentUrl":"https:\/\/www.amstelprinting.nl\/wp-content\/uploads\/mastvlag-bedrukken.png","width":900,"height":900},{"@type":"BreadcrumbList","@id":"https:\/\/www.amstelprinting.nl\/fr\/boutique\/tout-les-drapeaux\/drapeaux-de-facade\/drapeau-de-mat\/#breadcrumb","itemListElement":[{"@type":"ListItem","position":1,"name":"","item":"https:\/\/www.amstelprinting.nl\/fr\/"},{"@type":"ListItem","position":2,"name":"Amstel Printing","item":"https:\/\/www.amstelprinting.nl\/fr\/boutique\/"},{"@type":"ListItem","position":3,"name":"Drapeaux","item":"https:\/\/www.amstelprinting.nl\/fr\/categorie\/tout-les-drapeaux\/"},{"@type":"ListItem","position":4,"name":"Drapeaux de fa\u00e7ade","item":"https:\/\/www.amstelprinting.nl\/fr\/categorie\/tout-les-drapeaux\/drapeaux-de-facade\/"},{"@type":"ListItem","position":5,"name":"Drapeau de m\u00e2t"}]},{"@type":"WebSite","@id":"https:\/\/www.amstelprinting.nl\/fr\/#website","url":"https:\/\/www.amstelprinting.nl\/fr\/","name":"Amstel Printing","description":"Creating Exposure","publisher":{"@id":"https:\/\/www.amstelprinting.nl\/fr\/#organization"},"potentialAction":[{"@type":"SearchAction","target":{"@type":"EntryPoint","urlTemplate":"https:\/\/www.amstelprinting.nl\/fr\/?s={search_term_string}"},"query-input":{"@type":"PropertyValueSpecification","valueRequired":true,"valueName":"search_term_string"}}],"inLanguage":"fr-FR"},{"@type":"Organization","@id":"https:\/\/www.amstelprinting.nl\/fr\/#organization","name":"Amstel Printing","url":"https:\/\/www.amstelprinting.nl\/fr\/","logo":{"@type":"ImageObject","inLanguage":"fr-FR","@id":"https:\/\/www.amstelprinting.nl\/fr\/#\/schema\/logo\/image\/","url":"https:\/\/www.amstelprinting.nl\/wp-content\/uploads\/amstel_printing_logo_clean.png","contentUrl":"https:\/\/www.amstelprinting.nl\/wp-content\/uploads\/amstel_printing_logo_clean.png","width":324,"height":73,"caption":"Amstel Printing"},"image":{"@id":"https:\/\/www.amstelprinting.nl\/fr\/#\/schema\/logo\/image\/"}}]}},"_links":{"self":[{"href":"https:\/\/www.amstelprinting.nl\/fr\/wp-json\/wp\/v2\/product\/14642","targetHints":{"allow":["GET"]}}],"collection":[{"href":"https:\/\/www.amstelprinting.nl\/fr\/wp-json\/wp\/v2\/product"}],"about":[{"href":"https:\/\/www.amstelprinting.nl\/fr\/wp-json\/wp\/v2\/types\/product"}],"wp:featuredmedia":[{"embeddable":true,"href":"https:\/\/www.amstelprinting.nl\/fr\/wp-json\/wp\/v2\/media\/14643"}],"wp:attachment":[{"href":"https:\/\/www.amstelprinting.nl\/fr\/wp-json\/wp\/v2\/media?parent=14642"}],"wp:term":[{"taxonomy":"product_brand","embeddable":true,"href":"https:\/\/www.amstelprinting.nl\/fr\/wp-json\/wp\/v2\/product_brand?post=14642"},{"taxonomy":"product_cat","embeddable":true,"href":"https:\/\/www.amstelprinting.nl\/fr\/wp-json\/wp\/v2\/product_cat?post=14642"},{"taxonomy":"product_tag","embeddable":true,"href":"https:\/\/www.amstelprinting.nl\/fr\/wp-json\/wp\/v2\/product_tag?post=14642"}],"curies":[{"name":"wp","href":"https:\/\/api.w.org\/{rel}","templated":true}]}}