{"id":14652,"date":"2025-01-24T11:30:57","date_gmt":"2025-01-24T10:30:57","guid":{"rendered":"https:\/\/www.amstelprinting.nl\/winkel\/non%20class\u00e9\/gevelvlag\/"},"modified":"2026-02-18T12:51:06","modified_gmt":"2026-02-18T11:51:06","slug":"drapeau-de-facade","status":"publish","type":"product","link":"https:\/\/www.amstelprinting.nl\/fr\/boutique\/tout-les-drapeaux\/drapeaux-de-facade\/drapeau-de-facade\/","title":{"rendered":"Drapeau de fa\u00e7ade"},"content":{"rendered":"<h3>Commander des drapeaux de fa\u00e7ade : choisissez le bon format<\/h3>\n<p>Nos drapeaux de fa\u00e7ade sont rectangulaires et disponibles en quatre formats diff\u00e9rents. Optez toujours pour un bon rapport entre la hampe \/ le m\u00e2t et le format du drapeau de fa\u00e7ade. Ci-dessous, nous conseillons pour chaque drapeau de fa\u00e7ade la hampe ou le m\u00e2t qui se combine le mieux.<\/p>\n<ul>\n<li><strong>100 x 70 cm<\/strong> &#8211; pour des hampes de 1 \u00e0 2 m\u00e8tres<\/li>\n<li><strong>150 x 100 cm<\/strong> &#8211; pour des hampes de 2 \u00e0 3 m\u00e8tres<\/li>\n<li><strong>200 x 100 cm<\/strong> &#8211; pour des m\u00e2ts de 6 m\u00e8tres de haut<\/li>\n<li><strong>225 x 150 cm<\/strong> &#8211; pour des m\u00e2ts de 6-7 m\u00e8tres de haut<\/li>\n<\/ul>\n<p>&nbsp;<\/p>\n<h3>Mat\u00e9riaux<\/h3>\n<p>Nous proposons diff\u00e9rentes options de mat\u00e9riaux afin que vous puissiez toujours faire le bon choix :<\/p>\n<ul>\n<li><strong>Flag<\/strong> : Le tissu standard pour les drapeaux imprim\u00e9s, parfait pour un usage g\u00e9n\u00e9ral.<\/li>\n<li><strong>Flag PET<\/strong> : Un choix \u00e9cologique, fabriqu\u00e9 \u00e0 partir de bouteilles PET 100 % recycl\u00e9es. Id\u00e9al pour les entreprises qui accordent une grande importance \u00e0 la durabilit\u00e9.<\/li>\n<li><strong>Longlife<\/strong> : Ce tissu extra r\u00e9sistant poss\u00e8de une structure sp\u00e9ciale qui r\u00e9duit l&rsquo;effilochage, assurant une dur\u00e9e de vie nettement plus longue \u00e0 votre drapeau.<\/li>\n<\/ul>\n<p>&nbsp;<\/p>\n<h3>Finitions<\/h3>\n<p>Vous pouvez faire finir votre drapeau de fa\u00e7ade avec une sangle blanche ou noire, une corde et une boucle sur le c\u00f4t\u00e9 gauche ou droit de votre drapeau. De plus, divers accessoires sont disponibles pour mettre encore mieux votre drapeau en valeur.<\/p>\n<h3>Questions fr\u00e9quemment pos\u00e9es sur les drapeaux de fa\u00e7ade<\/h3>\n<p><strong>Comment pr\u00e9server au mieux la qualit\u00e9 du drapeau de fa\u00e7ade ?<\/strong><br \/>\nPour une utilisation optimale des drapeaux de fa\u00e7ade, il est conseill\u00e9 de les rentrer \u00e0 temps, surtout \u00e0 partir d&rsquo;une force de vent de 6 Beaufort. Cela r\u00e9duit les risques de dommages et prolonge la dur\u00e9e de vie du drapeau.<\/p>\n<p><strong>Saviez-vous que vous pouvez aussi mettre les drapeaux de fa\u00e7ade \u00e0 la machine \u00e0 laver ?<\/strong><br \/>\nIl est possible de laver les drapeaux de fa\u00e7ade \u00e0 30 degr\u00e9s Celsius maximum. Utilisez exclusivement une lessive pour linge d\u00e9licat.<\/p>\n<p><strong>Quelle est la diff\u00e9rence entre Flag, Flag PET et Flag Longlife ?<\/strong><br \/>\nLe Flag est le drapeau standard avec un ourlet classique tout autour. Flag PET est notre variante durable fabriqu\u00e9e \u00e0 partir de bouteilles PET 100 % recycl\u00e9es. Flag Longlife s&rsquo;effiloche moins vite gr\u00e2ce \u00e0 sa structure grossi\u00e8re. L&rsquo;ourlet n&rsquo;est donc pas n\u00e9cessaire.<\/p>\n","protected":false},"excerpt":{"rendered":"<h3>Le drapeau rectangulaire pour la fa\u00e7ade<\/h3>\n<p>Vous souhaitez vous d\u00e9marquer dans une rue commer\u00e7ante anim\u00e9e ou transmettre un message important aux passants ? C&rsquo;est simple et efficace avec un drapeau de fa\u00e7ade ! Les drapeaux de fa\u00e7ade sont id\u00e9aux pour une utilisation lors d&rsquo;\u00e9v\u00e9nements sportifs, de salons ou pour les entreprises qui souhaitent accro\u00eetre leur visibilit\u00e9.<\/p>\n","protected":false},"featured_media":14653,"template":"","meta":{"_et_pb_use_builder":"","_et_pb_old_content":"","_et_gb_content_width":""},"product_brand":[],"product_cat":[312,872,882],"product_tag":[],"class_list":{"0":"post-14652","1":"product","2":"type-product","3":"status-publish","4":"has-post-thumbnail","6":"product_cat-autocollants-et-impression","7":"product_cat-tout-les-drapeaux","8":"product_cat-drapeaux-de-facade","10":"first","11":"instock","12":"taxable","13":"shipping-taxable","14":"purchasable","15":"product-type-simple"},"yoast_head":"<!-- This site is optimized with the Yoast SEO plugin v27.3 - https:\/\/yoast.com\/product\/yoast-seo-wordpress\/ -->\n<title>Acheter un drapeau de fa\u00e7ade - Livraison rapide &amp; qualit\u00e9 durable<\/title>\n<meta name=\"description\" content=\"Commandez votre drapeau de fa\u00e7ade sur mesure avec un choix de toiles et de formats durables. Rendez votre message visible sur chaque fa\u00e7ade. Livraison dans toute l&#039;Europe.\" \/>\n<meta name=\"robots\" content=\"index, follow, max-snippet:-1, max-image-preview:large, max-video-preview:-1\" \/>\n<link rel=\"canonical\" href=\"https:\/\/www.amstelprinting.nl\/fr\/boutique\/tout-les-drapeaux\/drapeaux-de-facade\/drapeau-de-facade\/\" \/>\n<meta property=\"og:locale\" content=\"fr_FR\" \/>\n<meta property=\"og:type\" content=\"article\" \/>\n<meta property=\"og:title\" content=\"Acheter un drapeau de fa\u00e7ade - Livraison rapide &amp; qualit\u00e9 durable\" \/>\n<meta property=\"og:description\" content=\"Commandez votre drapeau de fa\u00e7ade sur mesure avec un choix de toiles et de formats durables. Rendez votre message visible sur chaque fa\u00e7ade. Livraison dans toute l&#039;Europe.\" \/>\n<meta property=\"og:url\" content=\"https:\/\/www.amstelprinting.nl\/fr\/boutique\/tout-les-drapeaux\/drapeaux-de-facade\/drapeau-de-facade\/\" \/>\n<meta property=\"og:site_name\" content=\"Amstel Printing\" \/>\n<meta property=\"article:modified_time\" content=\"2026-02-18T11:51:06+00:00\" \/>\n<meta property=\"og:image\" content=\"https:\/\/www.amstelprinting.nl\/wp-content\/uploads\/gevelvlag-bedrukken-1.png\" \/>\n\t<meta property=\"og:image:width\" content=\"900\" \/>\n\t<meta property=\"og:image:height\" content=\"900\" \/>\n\t<meta property=\"og:image:type\" content=\"image\/png\" \/>\n<meta name=\"twitter:card\" content=\"summary_large_image\" \/>\n<meta name=\"twitter:label1\" content=\"Dur\u00e9e de lecture estim\u00e9e\" \/>\n\t<meta name=\"twitter:data1\" content=\"2 minutes\" \/>\n<script type=\"application\/ld+json\" class=\"yoast-schema-graph\">{\"@context\":\"https:\\\/\\\/schema.org\",\"@graph\":[{\"@type\":\"WebPage\",\"@id\":\"https:\\\/\\\/www.amstelprinting.nl\\\/fr\\\/boutique\\\/tout-les-drapeaux\\\/drapeaux-de-facade\\\/drapeau-de-facade\\\/\",\"url\":\"https:\\\/\\\/www.amstelprinting.nl\\\/fr\\\/boutique\\\/tout-les-drapeaux\\\/drapeaux-de-facade\\\/drapeau-de-facade\\\/\",\"name\":\"Acheter un drapeau de fa\u00e7ade - Livraison rapide & qualit\u00e9 durable\",\"isPartOf\":{\"@id\":\"https:\\\/\\\/www.amstelprinting.nl\\\/fr\\\/#website\"},\"primaryImageOfPage\":{\"@id\":\"https:\\\/\\\/www.amstelprinting.nl\\\/fr\\\/boutique\\\/tout-les-drapeaux\\\/drapeaux-de-facade\\\/drapeau-de-facade\\\/#primaryimage\"},\"image\":{\"@id\":\"https:\\\/\\\/www.amstelprinting.nl\\\/fr\\\/boutique\\\/tout-les-drapeaux\\\/drapeaux-de-facade\\\/drapeau-de-facade\\\/#primaryimage\"},\"thumbnailUrl\":\"https:\\\/\\\/www.amstelprinting.nl\\\/wp-content\\\/uploads\\\/gevelvlag-bedrukken-1.png\",\"datePublished\":\"2025-01-24T10:30:57+00:00\",\"dateModified\":\"2026-02-18T11:51:06+00:00\",\"description\":\"Commandez votre drapeau de fa\u00e7ade sur mesure avec un choix de toiles et de formats durables. Rendez votre message visible sur chaque fa\u00e7ade. Livraison dans toute l'Europe.\",\"breadcrumb\":{\"@id\":\"https:\\\/\\\/www.amstelprinting.nl\\\/fr\\\/boutique\\\/tout-les-drapeaux\\\/drapeaux-de-facade\\\/drapeau-de-facade\\\/#breadcrumb\"},\"inLanguage\":\"fr-FR\",\"potentialAction\":[{\"@type\":\"ReadAction\",\"target\":[\"https:\\\/\\\/www.amstelprinting.nl\\\/fr\\\/boutique\\\/tout-les-drapeaux\\\/drapeaux-de-facade\\\/drapeau-de-facade\\\/\"]}]},{\"@type\":\"ImageObject\",\"inLanguage\":\"fr-FR\",\"@id\":\"https:\\\/\\\/www.amstelprinting.nl\\\/fr\\\/boutique\\\/tout-les-drapeaux\\\/drapeaux-de-facade\\\/drapeau-de-facade\\\/#primaryimage\",\"url\":\"https:\\\/\\\/www.amstelprinting.nl\\\/wp-content\\\/uploads\\\/gevelvlag-bedrukken-1.png\",\"contentUrl\":\"https:\\\/\\\/www.amstelprinting.nl\\\/wp-content\\\/uploads\\\/gevelvlag-bedrukken-1.png\",\"width\":900,\"height\":900},{\"@type\":\"BreadcrumbList\",\"@id\":\"https:\\\/\\\/www.amstelprinting.nl\\\/fr\\\/boutique\\\/tout-les-drapeaux\\\/drapeaux-de-facade\\\/drapeau-de-facade\\\/#breadcrumb\",\"itemListElement\":[{\"@type\":\"ListItem\",\"position\":1,\"name\":\"\",\"item\":\"https:\\\/\\\/www.amstelprinting.nl\\\/fr\\\/\"},{\"@type\":\"ListItem\",\"position\":2,\"name\":\"Amstel Printing\",\"item\":\"https:\\\/\\\/www.amstelprinting.nl\\\/fr\\\/boutique\\\/\"},{\"@type\":\"ListItem\",\"position\":3,\"name\":\"Drapeaux\",\"item\":\"https:\\\/\\\/www.amstelprinting.nl\\\/fr\\\/categorie\\\/tout-les-drapeaux\\\/\"},{\"@type\":\"ListItem\",\"position\":4,\"name\":\"Drapeaux de fa\u00e7ade\",\"item\":\"https:\\\/\\\/www.amstelprinting.nl\\\/fr\\\/categorie\\\/tout-les-drapeaux\\\/drapeaux-de-facade\\\/\"},{\"@type\":\"ListItem\",\"position\":5,\"name\":\"Drapeau de fa\u00e7ade\"}]},{\"@type\":\"WebSite\",\"@id\":\"https:\\\/\\\/www.amstelprinting.nl\\\/fr\\\/#website\",\"url\":\"https:\\\/\\\/www.amstelprinting.nl\\\/fr\\\/\",\"name\":\"Amstel Printing\",\"description\":\"Creating Exposure\",\"publisher\":{\"@id\":\"https:\\\/\\\/www.amstelprinting.nl\\\/fr\\\/#organization\"},\"potentialAction\":[{\"@type\":\"SearchAction\",\"target\":{\"@type\":\"EntryPoint\",\"urlTemplate\":\"https:\\\/\\\/www.amstelprinting.nl\\\/fr\\\/?s={search_term_string}\"},\"query-input\":{\"@type\":\"PropertyValueSpecification\",\"valueRequired\":true,\"valueName\":\"search_term_string\"}}],\"inLanguage\":\"fr-FR\"},{\"@type\":\"Organization\",\"@id\":\"https:\\\/\\\/www.amstelprinting.nl\\\/fr\\\/#organization\",\"name\":\"Amstel Printing\",\"url\":\"https:\\\/\\\/www.amstelprinting.nl\\\/fr\\\/\",\"logo\":{\"@type\":\"ImageObject\",\"inLanguage\":\"fr-FR\",\"@id\":\"https:\\\/\\\/www.amstelprinting.nl\\\/fr\\\/#\\\/schema\\\/logo\\\/image\\\/\",\"url\":\"https:\\\/\\\/www.amstelprinting.nl\\\/wp-content\\\/uploads\\\/amstel_printing_logo_clean.png\",\"contentUrl\":\"https:\\\/\\\/www.amstelprinting.nl\\\/wp-content\\\/uploads\\\/amstel_printing_logo_clean.png\",\"width\":324,\"height\":73,\"caption\":\"Amstel Printing\"},\"image\":{\"@id\":\"https:\\\/\\\/www.amstelprinting.nl\\\/fr\\\/#\\\/schema\\\/logo\\\/image\\\/\"}}]}<\/script>\n<!-- \/ Yoast SEO plugin. -->","yoast_head_json":{"title":"Acheter un drapeau de fa\u00e7ade - Livraison rapide & qualit\u00e9 durable","description":"Commandez votre drapeau de fa\u00e7ade sur mesure avec un choix de toiles et de formats durables. Rendez votre message visible sur chaque fa\u00e7ade. Livraison dans toute l'Europe.","robots":{"index":"index","follow":"follow","max-snippet":"max-snippet:-1","max-image-preview":"max-image-preview:large","max-video-preview":"max-video-preview:-1"},"canonical":"https:\/\/www.amstelprinting.nl\/fr\/boutique\/tout-les-drapeaux\/drapeaux-de-facade\/drapeau-de-facade\/","og_locale":"fr_FR","og_type":"article","og_title":"Acheter un drapeau de fa\u00e7ade - Livraison rapide & qualit\u00e9 durable","og_description":"Commandez votre drapeau de fa\u00e7ade sur mesure avec un choix de toiles et de formats durables. Rendez votre message visible sur chaque fa\u00e7ade. Livraison dans toute l'Europe.","og_url":"https:\/\/www.amstelprinting.nl\/fr\/boutique\/tout-les-drapeaux\/drapeaux-de-facade\/drapeau-de-facade\/","og_site_name":"Amstel Printing","article_modified_time":"2026-02-18T11:51:06+00:00","og_image":[{"width":900,"height":900,"url":"https:\/\/www.amstelprinting.nl\/wp-content\/uploads\/gevelvlag-bedrukken-1.png","type":"image\/png"}],"twitter_card":"summary_large_image","twitter_misc":{"Dur\u00e9e de lecture estim\u00e9e":"2 minutes"},"schema":{"@context":"https:\/\/schema.org","@graph":[{"@type":"WebPage","@id":"https:\/\/www.amstelprinting.nl\/fr\/boutique\/tout-les-drapeaux\/drapeaux-de-facade\/drapeau-de-facade\/","url":"https:\/\/www.amstelprinting.nl\/fr\/boutique\/tout-les-drapeaux\/drapeaux-de-facade\/drapeau-de-facade\/","name":"Acheter un drapeau de fa\u00e7ade - Livraison rapide & qualit\u00e9 durable","isPartOf":{"@id":"https:\/\/www.amstelprinting.nl\/fr\/#website"},"primaryImageOfPage":{"@id":"https:\/\/www.amstelprinting.nl\/fr\/boutique\/tout-les-drapeaux\/drapeaux-de-facade\/drapeau-de-facade\/#primaryimage"},"image":{"@id":"https:\/\/www.amstelprinting.nl\/fr\/boutique\/tout-les-drapeaux\/drapeaux-de-facade\/drapeau-de-facade\/#primaryimage"},"thumbnailUrl":"https:\/\/www.amstelprinting.nl\/wp-content\/uploads\/gevelvlag-bedrukken-1.png","datePublished":"2025-01-24T10:30:57+00:00","dateModified":"2026-02-18T11:51:06+00:00","description":"Commandez votre drapeau de fa\u00e7ade sur mesure avec un choix de toiles et de formats durables. Rendez votre message visible sur chaque fa\u00e7ade. Livraison dans toute l'Europe.","breadcrumb":{"@id":"https:\/\/www.amstelprinting.nl\/fr\/boutique\/tout-les-drapeaux\/drapeaux-de-facade\/drapeau-de-facade\/#breadcrumb"},"inLanguage":"fr-FR","potentialAction":[{"@type":"ReadAction","target":["https:\/\/www.amstelprinting.nl\/fr\/boutique\/tout-les-drapeaux\/drapeaux-de-facade\/drapeau-de-facade\/"]}]},{"@type":"ImageObject","inLanguage":"fr-FR","@id":"https:\/\/www.amstelprinting.nl\/fr\/boutique\/tout-les-drapeaux\/drapeaux-de-facade\/drapeau-de-facade\/#primaryimage","url":"https:\/\/www.amstelprinting.nl\/wp-content\/uploads\/gevelvlag-bedrukken-1.png","contentUrl":"https:\/\/www.amstelprinting.nl\/wp-content\/uploads\/gevelvlag-bedrukken-1.png","width":900,"height":900},{"@type":"BreadcrumbList","@id":"https:\/\/www.amstelprinting.nl\/fr\/boutique\/tout-les-drapeaux\/drapeaux-de-facade\/drapeau-de-facade\/#breadcrumb","itemListElement":[{"@type":"ListItem","position":1,"name":"","item":"https:\/\/www.amstelprinting.nl\/fr\/"},{"@type":"ListItem","position":2,"name":"Amstel Printing","item":"https:\/\/www.amstelprinting.nl\/fr\/boutique\/"},{"@type":"ListItem","position":3,"name":"Drapeaux","item":"https:\/\/www.amstelprinting.nl\/fr\/categorie\/tout-les-drapeaux\/"},{"@type":"ListItem","position":4,"name":"Drapeaux de fa\u00e7ade","item":"https:\/\/www.amstelprinting.nl\/fr\/categorie\/tout-les-drapeaux\/drapeaux-de-facade\/"},{"@type":"ListItem","position":5,"name":"Drapeau de fa\u00e7ade"}]},{"@type":"WebSite","@id":"https:\/\/www.amstelprinting.nl\/fr\/#website","url":"https:\/\/www.amstelprinting.nl\/fr\/","name":"Amstel Printing","description":"Creating Exposure","publisher":{"@id":"https:\/\/www.amstelprinting.nl\/fr\/#organization"},"potentialAction":[{"@type":"SearchAction","target":{"@type":"EntryPoint","urlTemplate":"https:\/\/www.amstelprinting.nl\/fr\/?s={search_term_string}"},"query-input":{"@type":"PropertyValueSpecification","valueRequired":true,"valueName":"search_term_string"}}],"inLanguage":"fr-FR"},{"@type":"Organization","@id":"https:\/\/www.amstelprinting.nl\/fr\/#organization","name":"Amstel Printing","url":"https:\/\/www.amstelprinting.nl\/fr\/","logo":{"@type":"ImageObject","inLanguage":"fr-FR","@id":"https:\/\/www.amstelprinting.nl\/fr\/#\/schema\/logo\/image\/","url":"https:\/\/www.amstelprinting.nl\/wp-content\/uploads\/amstel_printing_logo_clean.png","contentUrl":"https:\/\/www.amstelprinting.nl\/wp-content\/uploads\/amstel_printing_logo_clean.png","width":324,"height":73,"caption":"Amstel Printing"},"image":{"@id":"https:\/\/www.amstelprinting.nl\/fr\/#\/schema\/logo\/image\/"}}]}},"_links":{"self":[{"href":"https:\/\/www.amstelprinting.nl\/fr\/wp-json\/wp\/v2\/product\/14652","targetHints":{"allow":["GET"]}}],"collection":[{"href":"https:\/\/www.amstelprinting.nl\/fr\/wp-json\/wp\/v2\/product"}],"about":[{"href":"https:\/\/www.amstelprinting.nl\/fr\/wp-json\/wp\/v2\/types\/product"}],"wp:featuredmedia":[{"embeddable":true,"href":"https:\/\/www.amstelprinting.nl\/fr\/wp-json\/wp\/v2\/media\/14653"}],"wp:attachment":[{"href":"https:\/\/www.amstelprinting.nl\/fr\/wp-json\/wp\/v2\/media?parent=14652"}],"wp:term":[{"taxonomy":"product_brand","embeddable":true,"href":"https:\/\/www.amstelprinting.nl\/fr\/wp-json\/wp\/v2\/product_brand?post=14652"},{"taxonomy":"product_cat","embeddable":true,"href":"https:\/\/www.amstelprinting.nl\/fr\/wp-json\/wp\/v2\/product_cat?post=14652"},{"taxonomy":"product_tag","embeddable":true,"href":"https:\/\/www.amstelprinting.nl\/fr\/wp-json\/wp\/v2\/product_tag?post=14652"}],"curies":[{"name":"wp","href":"https:\/\/api.w.org\/{rel}","templated":true}]}}