{"id":14662,"date":"2025-01-24T11:30:55","date_gmt":"2025-01-24T10:30:55","guid":{"rendered":"https:\/\/www.amstelprinting.nl\/winkel\/non%20class\u00e9\/beachflag\/"},"modified":"2026-02-10T13:09:36","modified_gmt":"2026-02-10T12:09:36","slug":"beachflag","status":"publish","type":"product","link":"https:\/\/www.amstelprinting.nl\/fr\/boutique\/tout-les-drapeaux\/drapeaux-de-plage\/beachflag\/","title":{"rendered":"Beachflag"},"content":{"rendered":"<h3>Impression et commande de Beachflags<\/h3>\n<p>\\nLes beachflags sont un support promotionnel extr\u00eamement populaire. Cela est principalement d\u00fb aux avantages suivants :\\n<\/p>\n<ul>\\n  <\/p>\n<li>Ils attirent l&rsquo;attention.<\/li>\n<p>\\n  <\/p>\n<li>Multifonctionnel : festival, salon, espace ext\u00e9rieur, magasin, station-service, plage, etc.<\/li>\n<p>\\n  <\/p>\n<li>Aucun permis n&rsquo;est requis pour l&rsquo;utilisation de beachflags.<\/li>\n<p>\\n  <\/p>\n<li>Les beachflags sont bon march\u00e9 et livrables rapidement (d\u00e8s 1 jour ouvr\u00e9 !).<\/li>\n<p>\\n  <\/p>\n<li>Ils peuvent \u00eatre facilement mont\u00e9s et rang\u00e9s. Les \u00e9l\u00e9ments du m\u00e2t du beachflag s&#8217;embo\u00eetent et se rangent dans le sac de transport inclus.<\/li>\n<p>\\n  <\/p>\n<li>Les beachflags conviennent aussi bien \u00e0 un usage int\u00e9rieur qu&rsquo;ext\u00e9rieur.<\/li>\n<p>\\n  <\/p>\n<li>Les voiles sont faciles \u00e0 recommander s\u00e9par\u00e9ment.<\/li>\n<p>\\n<\/ul>\n<p>\\n&nbsp;\\n<\/p>\n<h3>Formes et formats de Beachflags<\/h3>\n<p>\\nLe straightflag est le mod\u00e8le droit populaire. Avec le dropflag (en forme de goutte), vous disposez d&rsquo;une surface plus large pour votre message. Et avec la forme sp\u00e9ciale du waveflag, vous vous d\u00e9marquez davantage. Vous pouvez \u00e9galement opter pour le squareflag, une forme carr\u00e9e droite. Gr\u00e2ce \u00e0 sa grande surface, le squareflag offre plus d&rsquo;espace pour votre cr\u00e9ation.\\n\\nEn plus des diff\u00e9rentes formes, vous pouvez \u00e9galement choisir le format souhait\u00e9. Au total, il n&rsquo;y a pas moins de 13 formats de voiles diff\u00e9rents.\\n<\/p>\n<ul>\\n  <\/p>\n<li><strong>Straightflag<\/strong> : 40 x 235 cm, 80 x 220 cm, 65 x 315 cm, 80 x 315 cm et 90 x 430 cm<\/li>\n<p>\\n  <\/p>\n<li><strong>Squareflag<\/strong> : 75 x 180 cm, 75 x 267 cm et 75 x 375,5 cm<\/li>\n<p>\\n  <\/p>\n<li><strong>Dropflag<\/strong> : 70 x 180 cm et 100 x 250 cm<\/li>\n<p>\\n  <\/p>\n<li><strong>Waveflag<\/strong> : 70 x 210 cm, 76 x 315 cm et 80 x 422 cm<\/li>\n<p>\\n<\/ul>\n<p>\\n&nbsp;\\n<\/p>\n<h3>Qualit\u00e9 de la voile du Beachflag<\/h3>\n<p>\\nLes voiles de beachflags sont fabriqu\u00e9es de s\u00e9rie en maille Flag. Le mat\u00e9riau Flag est le type de tissu le plus choisi pour les drapeaux imprim\u00e9s. De plus, le Flag PET est une alternative durable. Le PET est en effet fabriqu\u00e9 \u00e0 partir de bouteilles en plastique 100 % recycl\u00e9es. Mais le Longlife est \u00e9galement un choix durable : le Longlife est un tissu de drapeau extra r\u00e9sistant. Gr\u00e2ce \u00e0 une structure sp\u00e9ciale, le Longlife s&rsquo;effiloche moins rapidement (et dure donc plus longtemps).\\n<\/p>\n<h3>Finition : Fourreau ou Bande \u00c9lastique ?<\/h3>\n<p>\\nLa voile du beachflag est munie d&rsquo;un espace \u00e0 travers lequel les \u00e9l\u00e9ments du m\u00e2t sont gliss\u00e9s. Cet espace peut \u00eatre cr\u00e9\u00e9 de deux mani\u00e8res diff\u00e9rentes.\\n<\/p>\n<ul>\\n  <\/p>\n<li><strong>Fourreau<\/strong> : Fabriqu\u00e9 dans le m\u00eame mat\u00e9riau que le drapeau lui-m\u00eame, permettant au design de se poursuivre sans interruption pour un ensemble harmonieux.<\/li>\n<p>\\n  <\/p>\n<li><strong>Bande \u00e9lastique<\/strong> : Disponible en noir ou en blanc. Bien que le design ne soit pas continu, la bande offre une solidit\u00e9 accrue, prolonge la dur\u00e9e de vie du beachflag et r\u00e9duit les d\u00e9chets de coupe. De plus, la bande \u00e9lastique est plus \u00e9conomique et plus durable. Avec nos beachflags, vous combinez impact visuel, qualit\u00e9 et durabilit\u00e9 \u2013 parfait pour toutes les occasions !<\/li>\n<p>\\n<\/ul>\n","protected":false},"excerpt":{"rendered":"<p>Les beachflags sont parfaits pour la promotion ext\u00e9rieure et les \u00e9v\u00e9nements. Ils sont l\u00e9gers, faciles \u00e0 d\u00e9placer et disponibles en diff\u00e9rentes dimensions et formes. Configurez votre beachflag selon vos souhaits en quelques \u00e9tapes.<\/p>\n","protected":false},"featured_media":14663,"template":"","meta":{"_et_pb_use_builder":"","_et_pb_old_content":"","_et_gb_content_width":""},"product_brand":[],"product_cat":[312,872,878],"product_tag":[],"class_list":{"0":"post-14662","1":"product","2":"type-product","3":"status-publish","4":"has-post-thumbnail","6":"product_cat-autocollants-et-impression","7":"product_cat-tout-les-drapeaux","8":"product_cat-drapeaux-de-plage","10":"first","11":"instock","12":"taxable","13":"shipping-taxable","14":"purchasable","15":"product-type-simple"},"yoast_head":"<!-- This site is optimized with the Yoast SEO plugin v27.3 - https:\/\/yoast.com\/product\/yoast-seo-wordpress\/ -->\n<title>Commander des Beachflags sur mesure - Visibilit\u00e9 optimale pour votre marque<\/title>\n<meta name=\"description\" content=\"Commandez votre beachflag aujourd&#039;hui pour une livraison demain ! Choisissez parmi 4 formes, 13 formats et des mat\u00e9riaux durables. Parfait pour les \u00e9v\u00e9nements et les locaux d&#039;entreprise.\" \/>\n<meta name=\"robots\" content=\"index, follow, max-snippet:-1, max-image-preview:large, max-video-preview:-1\" \/>\n<link rel=\"canonical\" href=\"https:\/\/www.amstelprinting.nl\/fr\/boutique\/tout-les-drapeaux\/drapeaux-de-plage\/beachflag\/\" \/>\n<meta property=\"og:locale\" content=\"fr_FR\" \/>\n<meta property=\"og:type\" content=\"article\" \/>\n<meta property=\"og:title\" content=\"Commander des Beachflags sur mesure - Visibilit\u00e9 optimale pour votre marque\" \/>\n<meta property=\"og:description\" content=\"Commandez votre beachflag aujourd&#039;hui pour une livraison demain ! Choisissez parmi 4 formes, 13 formats et des mat\u00e9riaux durables. Parfait pour les \u00e9v\u00e9nements et les locaux d&#039;entreprise.\" \/>\n<meta property=\"og:url\" content=\"https:\/\/www.amstelprinting.nl\/fr\/boutique\/tout-les-drapeaux\/drapeaux-de-plage\/beachflag\/\" \/>\n<meta property=\"og:site_name\" content=\"Amstel Printing\" \/>\n<meta property=\"article:modified_time\" content=\"2026-02-10T12:09:36+00:00\" \/>\n<meta property=\"og:image\" content=\"https:\/\/www.amstelprinting.nl\/wp-content\/uploads\/beachflag-straight-bedrukken.png\" \/>\n\t<meta property=\"og:image:width\" content=\"900\" \/>\n\t<meta property=\"og:image:height\" content=\"900\" \/>\n\t<meta property=\"og:image:type\" content=\"image\/png\" \/>\n<meta name=\"twitter:card\" content=\"summary_large_image\" \/>\n<meta name=\"twitter:label1\" content=\"Dur\u00e9e de lecture estim\u00e9e\" \/>\n\t<meta name=\"twitter:data1\" content=\"2 minutes\" \/>\n<script type=\"application\/ld+json\" class=\"yoast-schema-graph\">{\"@context\":\"https:\\\/\\\/schema.org\",\"@graph\":[{\"@type\":\"WebPage\",\"@id\":\"https:\\\/\\\/www.amstelprinting.nl\\\/fr\\\/boutique\\\/tout-les-drapeaux\\\/drapeaux-de-plage\\\/beachflag\\\/\",\"url\":\"https:\\\/\\\/www.amstelprinting.nl\\\/fr\\\/boutique\\\/tout-les-drapeaux\\\/drapeaux-de-plage\\\/beachflag\\\/\",\"name\":\"Commander des Beachflags sur mesure - Visibilit\u00e9 optimale pour votre marque\",\"isPartOf\":{\"@id\":\"https:\\\/\\\/www.amstelprinting.nl\\\/fr\\\/#website\"},\"primaryImageOfPage\":{\"@id\":\"https:\\\/\\\/www.amstelprinting.nl\\\/fr\\\/boutique\\\/tout-les-drapeaux\\\/drapeaux-de-plage\\\/beachflag\\\/#primaryimage\"},\"image\":{\"@id\":\"https:\\\/\\\/www.amstelprinting.nl\\\/fr\\\/boutique\\\/tout-les-drapeaux\\\/drapeaux-de-plage\\\/beachflag\\\/#primaryimage\"},\"thumbnailUrl\":\"https:\\\/\\\/www.amstelprinting.nl\\\/wp-content\\\/uploads\\\/beachflag-straight-bedrukken.png\",\"datePublished\":\"2025-01-24T10:30:55+00:00\",\"dateModified\":\"2026-02-10T12:09:36+00:00\",\"description\":\"Commandez votre beachflag aujourd'hui pour une livraison demain ! Choisissez parmi 4 formes, 13 formats et des mat\u00e9riaux durables. Parfait pour les \u00e9v\u00e9nements et les locaux d'entreprise.\",\"breadcrumb\":{\"@id\":\"https:\\\/\\\/www.amstelprinting.nl\\\/fr\\\/boutique\\\/tout-les-drapeaux\\\/drapeaux-de-plage\\\/beachflag\\\/#breadcrumb\"},\"inLanguage\":\"fr-FR\",\"potentialAction\":[{\"@type\":\"ReadAction\",\"target\":[\"https:\\\/\\\/www.amstelprinting.nl\\\/fr\\\/boutique\\\/tout-les-drapeaux\\\/drapeaux-de-plage\\\/beachflag\\\/\"]}]},{\"@type\":\"ImageObject\",\"inLanguage\":\"fr-FR\",\"@id\":\"https:\\\/\\\/www.amstelprinting.nl\\\/fr\\\/boutique\\\/tout-les-drapeaux\\\/drapeaux-de-plage\\\/beachflag\\\/#primaryimage\",\"url\":\"https:\\\/\\\/www.amstelprinting.nl\\\/wp-content\\\/uploads\\\/beachflag-straight-bedrukken.png\",\"contentUrl\":\"https:\\\/\\\/www.amstelprinting.nl\\\/wp-content\\\/uploads\\\/beachflag-straight-bedrukken.png\",\"width\":900,\"height\":900},{\"@type\":\"BreadcrumbList\",\"@id\":\"https:\\\/\\\/www.amstelprinting.nl\\\/fr\\\/boutique\\\/tout-les-drapeaux\\\/drapeaux-de-plage\\\/beachflag\\\/#breadcrumb\",\"itemListElement\":[{\"@type\":\"ListItem\",\"position\":1,\"name\":\"\",\"item\":\"https:\\\/\\\/www.amstelprinting.nl\\\/fr\\\/\"},{\"@type\":\"ListItem\",\"position\":2,\"name\":\"Amstel Printing\",\"item\":\"https:\\\/\\\/www.amstelprinting.nl\\\/fr\\\/boutique\\\/\"},{\"@type\":\"ListItem\",\"position\":3,\"name\":\"Drapeaux\",\"item\":\"https:\\\/\\\/www.amstelprinting.nl\\\/fr\\\/categorie\\\/tout-les-drapeaux\\\/\"},{\"@type\":\"ListItem\",\"position\":4,\"name\":\"Drapeaux de plage\",\"item\":\"https:\\\/\\\/www.amstelprinting.nl\\\/fr\\\/categorie\\\/tout-les-drapeaux\\\/drapeaux-de-plage\\\/\"},{\"@type\":\"ListItem\",\"position\":5,\"name\":\"Beachflag\"}]},{\"@type\":\"WebSite\",\"@id\":\"https:\\\/\\\/www.amstelprinting.nl\\\/fr\\\/#website\",\"url\":\"https:\\\/\\\/www.amstelprinting.nl\\\/fr\\\/\",\"name\":\"Amstel Printing\",\"description\":\"Creating Exposure\",\"publisher\":{\"@id\":\"https:\\\/\\\/www.amstelprinting.nl\\\/fr\\\/#organization\"},\"potentialAction\":[{\"@type\":\"SearchAction\",\"target\":{\"@type\":\"EntryPoint\",\"urlTemplate\":\"https:\\\/\\\/www.amstelprinting.nl\\\/fr\\\/?s={search_term_string}\"},\"query-input\":{\"@type\":\"PropertyValueSpecification\",\"valueRequired\":true,\"valueName\":\"search_term_string\"}}],\"inLanguage\":\"fr-FR\"},{\"@type\":\"Organization\",\"@id\":\"https:\\\/\\\/www.amstelprinting.nl\\\/fr\\\/#organization\",\"name\":\"Amstel Printing\",\"url\":\"https:\\\/\\\/www.amstelprinting.nl\\\/fr\\\/\",\"logo\":{\"@type\":\"ImageObject\",\"inLanguage\":\"fr-FR\",\"@id\":\"https:\\\/\\\/www.amstelprinting.nl\\\/fr\\\/#\\\/schema\\\/logo\\\/image\\\/\",\"url\":\"https:\\\/\\\/www.amstelprinting.nl\\\/wp-content\\\/uploads\\\/amstel_printing_logo_clean.png\",\"contentUrl\":\"https:\\\/\\\/www.amstelprinting.nl\\\/wp-content\\\/uploads\\\/amstel_printing_logo_clean.png\",\"width\":324,\"height\":73,\"caption\":\"Amstel Printing\"},\"image\":{\"@id\":\"https:\\\/\\\/www.amstelprinting.nl\\\/fr\\\/#\\\/schema\\\/logo\\\/image\\\/\"}}]}<\/script>\n<!-- \/ Yoast SEO plugin. -->","yoast_head_json":{"title":"Commander des Beachflags sur mesure - Visibilit\u00e9 optimale pour votre marque","description":"Commandez votre beachflag aujourd'hui pour une livraison demain ! Choisissez parmi 4 formes, 13 formats et des mat\u00e9riaux durables. Parfait pour les \u00e9v\u00e9nements et les locaux d'entreprise.","robots":{"index":"index","follow":"follow","max-snippet":"max-snippet:-1","max-image-preview":"max-image-preview:large","max-video-preview":"max-video-preview:-1"},"canonical":"https:\/\/www.amstelprinting.nl\/fr\/boutique\/tout-les-drapeaux\/drapeaux-de-plage\/beachflag\/","og_locale":"fr_FR","og_type":"article","og_title":"Commander des Beachflags sur mesure - Visibilit\u00e9 optimale pour votre marque","og_description":"Commandez votre beachflag aujourd'hui pour une livraison demain ! Choisissez parmi 4 formes, 13 formats et des mat\u00e9riaux durables. Parfait pour les \u00e9v\u00e9nements et les locaux d'entreprise.","og_url":"https:\/\/www.amstelprinting.nl\/fr\/boutique\/tout-les-drapeaux\/drapeaux-de-plage\/beachflag\/","og_site_name":"Amstel Printing","article_modified_time":"2026-02-10T12:09:36+00:00","og_image":[{"width":900,"height":900,"url":"https:\/\/www.amstelprinting.nl\/wp-content\/uploads\/beachflag-straight-bedrukken.png","type":"image\/png"}],"twitter_card":"summary_large_image","twitter_misc":{"Dur\u00e9e de lecture estim\u00e9e":"2 minutes"},"schema":{"@context":"https:\/\/schema.org","@graph":[{"@type":"WebPage","@id":"https:\/\/www.amstelprinting.nl\/fr\/boutique\/tout-les-drapeaux\/drapeaux-de-plage\/beachflag\/","url":"https:\/\/www.amstelprinting.nl\/fr\/boutique\/tout-les-drapeaux\/drapeaux-de-plage\/beachflag\/","name":"Commander des Beachflags sur mesure - Visibilit\u00e9 optimale pour votre marque","isPartOf":{"@id":"https:\/\/www.amstelprinting.nl\/fr\/#website"},"primaryImageOfPage":{"@id":"https:\/\/www.amstelprinting.nl\/fr\/boutique\/tout-les-drapeaux\/drapeaux-de-plage\/beachflag\/#primaryimage"},"image":{"@id":"https:\/\/www.amstelprinting.nl\/fr\/boutique\/tout-les-drapeaux\/drapeaux-de-plage\/beachflag\/#primaryimage"},"thumbnailUrl":"https:\/\/www.amstelprinting.nl\/wp-content\/uploads\/beachflag-straight-bedrukken.png","datePublished":"2025-01-24T10:30:55+00:00","dateModified":"2026-02-10T12:09:36+00:00","description":"Commandez votre beachflag aujourd'hui pour une livraison demain ! Choisissez parmi 4 formes, 13 formats et des mat\u00e9riaux durables. Parfait pour les \u00e9v\u00e9nements et les locaux d'entreprise.","breadcrumb":{"@id":"https:\/\/www.amstelprinting.nl\/fr\/boutique\/tout-les-drapeaux\/drapeaux-de-plage\/beachflag\/#breadcrumb"},"inLanguage":"fr-FR","potentialAction":[{"@type":"ReadAction","target":["https:\/\/www.amstelprinting.nl\/fr\/boutique\/tout-les-drapeaux\/drapeaux-de-plage\/beachflag\/"]}]},{"@type":"ImageObject","inLanguage":"fr-FR","@id":"https:\/\/www.amstelprinting.nl\/fr\/boutique\/tout-les-drapeaux\/drapeaux-de-plage\/beachflag\/#primaryimage","url":"https:\/\/www.amstelprinting.nl\/wp-content\/uploads\/beachflag-straight-bedrukken.png","contentUrl":"https:\/\/www.amstelprinting.nl\/wp-content\/uploads\/beachflag-straight-bedrukken.png","width":900,"height":900},{"@type":"BreadcrumbList","@id":"https:\/\/www.amstelprinting.nl\/fr\/boutique\/tout-les-drapeaux\/drapeaux-de-plage\/beachflag\/#breadcrumb","itemListElement":[{"@type":"ListItem","position":1,"name":"","item":"https:\/\/www.amstelprinting.nl\/fr\/"},{"@type":"ListItem","position":2,"name":"Amstel Printing","item":"https:\/\/www.amstelprinting.nl\/fr\/boutique\/"},{"@type":"ListItem","position":3,"name":"Drapeaux","item":"https:\/\/www.amstelprinting.nl\/fr\/categorie\/tout-les-drapeaux\/"},{"@type":"ListItem","position":4,"name":"Drapeaux de plage","item":"https:\/\/www.amstelprinting.nl\/fr\/categorie\/tout-les-drapeaux\/drapeaux-de-plage\/"},{"@type":"ListItem","position":5,"name":"Beachflag"}]},{"@type":"WebSite","@id":"https:\/\/www.amstelprinting.nl\/fr\/#website","url":"https:\/\/www.amstelprinting.nl\/fr\/","name":"Amstel Printing","description":"Creating Exposure","publisher":{"@id":"https:\/\/www.amstelprinting.nl\/fr\/#organization"},"potentialAction":[{"@type":"SearchAction","target":{"@type":"EntryPoint","urlTemplate":"https:\/\/www.amstelprinting.nl\/fr\/?s={search_term_string}"},"query-input":{"@type":"PropertyValueSpecification","valueRequired":true,"valueName":"search_term_string"}}],"inLanguage":"fr-FR"},{"@type":"Organization","@id":"https:\/\/www.amstelprinting.nl\/fr\/#organization","name":"Amstel Printing","url":"https:\/\/www.amstelprinting.nl\/fr\/","logo":{"@type":"ImageObject","inLanguage":"fr-FR","@id":"https:\/\/www.amstelprinting.nl\/fr\/#\/schema\/logo\/image\/","url":"https:\/\/www.amstelprinting.nl\/wp-content\/uploads\/amstel_printing_logo_clean.png","contentUrl":"https:\/\/www.amstelprinting.nl\/wp-content\/uploads\/amstel_printing_logo_clean.png","width":324,"height":73,"caption":"Amstel Printing"},"image":{"@id":"https:\/\/www.amstelprinting.nl\/fr\/#\/schema\/logo\/image\/"}}]}},"_links":{"self":[{"href":"https:\/\/www.amstelprinting.nl\/fr\/wp-json\/wp\/v2\/product\/14662","targetHints":{"allow":["GET"]}}],"collection":[{"href":"https:\/\/www.amstelprinting.nl\/fr\/wp-json\/wp\/v2\/product"}],"about":[{"href":"https:\/\/www.amstelprinting.nl\/fr\/wp-json\/wp\/v2\/types\/product"}],"wp:featuredmedia":[{"embeddable":true,"href":"https:\/\/www.amstelprinting.nl\/fr\/wp-json\/wp\/v2\/media\/14663"}],"wp:attachment":[{"href":"https:\/\/www.amstelprinting.nl\/fr\/wp-json\/wp\/v2\/media?parent=14662"}],"wp:term":[{"taxonomy":"product_brand","embeddable":true,"href":"https:\/\/www.amstelprinting.nl\/fr\/wp-json\/wp\/v2\/product_brand?post=14662"},{"taxonomy":"product_cat","embeddable":true,"href":"https:\/\/www.amstelprinting.nl\/fr\/wp-json\/wp\/v2\/product_cat?post=14662"},{"taxonomy":"product_tag","embeddable":true,"href":"https:\/\/www.amstelprinting.nl\/fr\/wp-json\/wp\/v2\/product_tag?post=14662"}],"curies":[{"name":"wp","href":"https:\/\/api.w.org\/{rel}","templated":true}]}}