{"id":14707,"date":"2025-01-24T11:30:21","date_gmt":"2025-01-24T10:30:21","guid":{"rendered":"https:\/\/www.amstelprinting.nl\/winkel\/non%20class\u00e9\/vlaggenlijn\/"},"modified":"2026-02-18T12:51:09","modified_gmt":"2026-02-18T11:51:09","slug":"guirlande-de-fanions","status":"publish","type":"product","link":"https:\/\/www.amstelprinting.nl\/fr\/boutique\/tout-les-drapeaux\/drapeaux\/guirlande-de-fanions\/","title":{"rendered":"Guirlande de fanions"},"content":{"rendered":"<h3>Impression de guirlande de fanions : Simple et double face<\/h3>\n<p>L&rsquo;option simple face est fabriqu\u00e9e en Flag, un tissu l\u00e9ger et transparent qui laisse passer la lumi\u00e8re \u00e0 98 %. Cela permet \u00e0 la lumi\u00e8re de traverser magnifiquement les drapeaux. La guirlande de fanions simple face est parfaite pour ceux qui recherchent une d\u00e9coration subtile et \u00e9l\u00e9gante.<\/p>\n<p>Pour ceux qui recherchent une option plus robuste et plus visible, la guirlande de fanions double face en Banner 610, une toile PVC durable, est le choix parfait. Ces drapeaux sont r\u00e9sistants aux intemp\u00e9ries et peuvent supporter les chocs, ce qui les rend id\u00e9aux pour une utilisation en ext\u00e9rieur et des d\u00e9corations de longue dur\u00e9e. L&rsquo;impression recto-verso garantit que les couleurs et les motifs des drapeaux sont toujours bien visibles, quel que soit l&rsquo;angle de vue.<\/p>\n<h3>Finition<\/h3>\n<p>Pour que la guirlande de fanions s&rsquo;adapte parfaitement \u00e0 votre style, vous pouvez choisir entre un cordon blanc ou noir. Quelle que soit l&rsquo;option choisie, la guirlande de fanions imprim\u00e9e est un ajout \u00e9l\u00e9gant et remarquable pour tout type d&rsquo;\u00e9v\u00e9nement.<\/p>\n<p>Faites de chaque occasion une f\u00eate avec notre guirlande de fanions polyvalente. Ajoutez une touche de couleur et de joie \u00e0 vos \u00e9v\u00e9nements et cr\u00e9ez des moments m\u00e9morables avec nos guirlandes de fanions imprim\u00e9es \u00e9l\u00e9gantes et durables.<\/p>\n<h3>Quelle est la dur\u00e9e de vie pr\u00e9vue de la toile de la guirlande de fanions ?<\/h3>\n<p>En cas d&rsquo;utilisation \u00e0 l&rsquo;ext\u00e9rieur, le Flag a une dur\u00e9e de vie pr\u00e9vue d&rsquo;environ 3 \u00e0 4 mois. Vous voulez profiter de vos drapeaux le plus longtemps possible ? Rentrez-les \u00e0 temps, surtout en cas de vent de force 6 ou plus. Cela r\u00e9duit les risques de dommages et prolonge consid\u00e9rablement la dur\u00e9e de vie du drapeau.<\/p>\n","protected":false},"excerpt":{"rendered":"<h3>Fanions triangulaires avec l&rsquo;impression de votre design ou logo<\/h3>\n<p>Rendez chaque moment inoubliable avec nos magnifiques guirlandes de fanions imprim\u00e9es. Parfait pour tout \u00e9v\u00e9nement festif. Cette guirlande de fanions mesure 5 m\u00e8tres de long et se compose de pas moins de 13 fanions. Id\u00e9ale pour une utilisation en int\u00e9rieur comme en ext\u00e9rieur.<\/p>\n","protected":false},"featured_media":14708,"template":"","meta":{"_et_pb_use_builder":"","_et_pb_old_content":"","_et_gb_content_width":""},"product_brand":[],"product_cat":[424,872,890,428],"product_tag":[],"class_list":{"0":"post-14707","1":"product","2":"type-product","3":"status-publish","4":"has-post-thumbnail","6":"product_cat-decoration","7":"product_cat-tout-les-drapeaux","8":"product_cat-drapeaux","9":"product_cat-salon-et-evenement","11":"first","12":"instock","13":"taxable","14":"shipping-taxable","15":"purchasable","16":"product-type-simple"},"yoast_head":"<!-- This site is optimized with the Yoast SEO plugin v27.3 - https:\/\/yoast.com\/product\/yoast-seo-wordpress\/ -->\n<title>Guirlande de fanions : De magnifiques lignes personnalis\u00e9es pour vos \u00e9v\u00e9nements<\/title>\n<meta name=\"description\" content=\"Cr\u00e9ez instantan\u00e9ment une ambiance festive avec votre guirlande de fanions personnalis\u00e9e. Mat\u00e9riaux durables, couleurs vives et livraison rapide dans toute l&#039;Europe. Commandez d\u00e8s maintenant !\" \/>\n<meta name=\"robots\" content=\"index, follow, max-snippet:-1, max-image-preview:large, max-video-preview:-1\" \/>\n<link rel=\"canonical\" href=\"https:\/\/www.amstelprinting.nl\/fr\/boutique\/tout-les-drapeaux\/drapeaux\/guirlande-de-fanions\/\" \/>\n<meta property=\"og:locale\" content=\"fr_FR\" \/>\n<meta property=\"og:type\" content=\"article\" \/>\n<meta property=\"og:title\" content=\"Guirlande de fanions : De magnifiques lignes personnalis\u00e9es pour vos \u00e9v\u00e9nements\" \/>\n<meta property=\"og:description\" content=\"Cr\u00e9ez instantan\u00e9ment une ambiance festive avec votre guirlande de fanions personnalis\u00e9e. Mat\u00e9riaux durables, couleurs vives et livraison rapide dans toute l&#039;Europe. Commandez d\u00e8s maintenant !\" \/>\n<meta property=\"og:url\" content=\"https:\/\/www.amstelprinting.nl\/fr\/boutique\/tout-les-drapeaux\/drapeaux\/guirlande-de-fanions\/\" \/>\n<meta property=\"og:site_name\" content=\"Amstel Printing\" \/>\n<meta property=\"article:modified_time\" content=\"2026-02-18T11:51:09+00:00\" \/>\n<meta property=\"og:image\" content=\"https:\/\/www.amstelprinting.nl\/wp-content\/uploads\/vlaggenlijn-bedrukken.png\" \/>\n\t<meta property=\"og:image:width\" content=\"900\" \/>\n\t<meta property=\"og:image:height\" content=\"900\" \/>\n\t<meta property=\"og:image:type\" content=\"image\/png\" \/>\n<meta name=\"twitter:card\" content=\"summary_large_image\" \/>\n<meta name=\"twitter:label1\" content=\"Dur\u00e9e de lecture estim\u00e9e\" \/>\n\t<meta name=\"twitter:data1\" content=\"1 minute\" \/>\n<script type=\"application\/ld+json\" class=\"yoast-schema-graph\">{\"@context\":\"https:\\\/\\\/schema.org\",\"@graph\":[{\"@type\":\"WebPage\",\"@id\":\"https:\\\/\\\/www.amstelprinting.nl\\\/fr\\\/boutique\\\/tout-les-drapeaux\\\/drapeaux\\\/guirlande-de-fanions\\\/\",\"url\":\"https:\\\/\\\/www.amstelprinting.nl\\\/fr\\\/boutique\\\/tout-les-drapeaux\\\/drapeaux\\\/guirlande-de-fanions\\\/\",\"name\":\"Guirlande de fanions : De magnifiques lignes personnalis\u00e9es pour vos \u00e9v\u00e9nements\",\"isPartOf\":{\"@id\":\"https:\\\/\\\/www.amstelprinting.nl\\\/fr\\\/#website\"},\"primaryImageOfPage\":{\"@id\":\"https:\\\/\\\/www.amstelprinting.nl\\\/fr\\\/boutique\\\/tout-les-drapeaux\\\/drapeaux\\\/guirlande-de-fanions\\\/#primaryimage\"},\"image\":{\"@id\":\"https:\\\/\\\/www.amstelprinting.nl\\\/fr\\\/boutique\\\/tout-les-drapeaux\\\/drapeaux\\\/guirlande-de-fanions\\\/#primaryimage\"},\"thumbnailUrl\":\"https:\\\/\\\/www.amstelprinting.nl\\\/wp-content\\\/uploads\\\/vlaggenlijn-bedrukken.png\",\"datePublished\":\"2025-01-24T10:30:21+00:00\",\"dateModified\":\"2026-02-18T11:51:09+00:00\",\"description\":\"Cr\u00e9ez instantan\u00e9ment une ambiance festive avec votre guirlande de fanions personnalis\u00e9e. Mat\u00e9riaux durables, couleurs vives et livraison rapide dans toute l'Europe. Commandez d\u00e8s maintenant !\",\"breadcrumb\":{\"@id\":\"https:\\\/\\\/www.amstelprinting.nl\\\/fr\\\/boutique\\\/tout-les-drapeaux\\\/drapeaux\\\/guirlande-de-fanions\\\/#breadcrumb\"},\"inLanguage\":\"fr-FR\",\"potentialAction\":[{\"@type\":\"ReadAction\",\"target\":[\"https:\\\/\\\/www.amstelprinting.nl\\\/fr\\\/boutique\\\/tout-les-drapeaux\\\/drapeaux\\\/guirlande-de-fanions\\\/\"]}]},{\"@type\":\"ImageObject\",\"inLanguage\":\"fr-FR\",\"@id\":\"https:\\\/\\\/www.amstelprinting.nl\\\/fr\\\/boutique\\\/tout-les-drapeaux\\\/drapeaux\\\/guirlande-de-fanions\\\/#primaryimage\",\"url\":\"https:\\\/\\\/www.amstelprinting.nl\\\/wp-content\\\/uploads\\\/vlaggenlijn-bedrukken.png\",\"contentUrl\":\"https:\\\/\\\/www.amstelprinting.nl\\\/wp-content\\\/uploads\\\/vlaggenlijn-bedrukken.png\",\"width\":900,\"height\":900},{\"@type\":\"BreadcrumbList\",\"@id\":\"https:\\\/\\\/www.amstelprinting.nl\\\/fr\\\/boutique\\\/tout-les-drapeaux\\\/drapeaux\\\/guirlande-de-fanions\\\/#breadcrumb\",\"itemListElement\":[{\"@type\":\"ListItem\",\"position\":1,\"name\":\"\",\"item\":\"https:\\\/\\\/www.amstelprinting.nl\\\/fr\\\/\"},{\"@type\":\"ListItem\",\"position\":2,\"name\":\"Amstel Printing\",\"item\":\"https:\\\/\\\/www.amstelprinting.nl\\\/fr\\\/boutique\\\/\"},{\"@type\":\"ListItem\",\"position\":3,\"name\":\"Salon et \u00e9v\u00e9nement\",\"item\":\"https:\\\/\\\/www.amstelprinting.nl\\\/fr\\\/categorie\\\/salon-et-evenement\\\/\"},{\"@type\":\"ListItem\",\"position\":4,\"name\":\"D\u00e9coration\",\"item\":\"https:\\\/\\\/www.amstelprinting.nl\\\/fr\\\/categorie\\\/salon-et-evenement\\\/decoration\\\/\"},{\"@type\":\"ListItem\",\"position\":5,\"name\":\"Guirlande de fanions\"}]},{\"@type\":\"WebSite\",\"@id\":\"https:\\\/\\\/www.amstelprinting.nl\\\/fr\\\/#website\",\"url\":\"https:\\\/\\\/www.amstelprinting.nl\\\/fr\\\/\",\"name\":\"Amstel Printing\",\"description\":\"Creating Exposure\",\"publisher\":{\"@id\":\"https:\\\/\\\/www.amstelprinting.nl\\\/fr\\\/#organization\"},\"potentialAction\":[{\"@type\":\"SearchAction\",\"target\":{\"@type\":\"EntryPoint\",\"urlTemplate\":\"https:\\\/\\\/www.amstelprinting.nl\\\/fr\\\/?s={search_term_string}\"},\"query-input\":{\"@type\":\"PropertyValueSpecification\",\"valueRequired\":true,\"valueName\":\"search_term_string\"}}],\"inLanguage\":\"fr-FR\"},{\"@type\":\"Organization\",\"@id\":\"https:\\\/\\\/www.amstelprinting.nl\\\/fr\\\/#organization\",\"name\":\"Amstel Printing\",\"url\":\"https:\\\/\\\/www.amstelprinting.nl\\\/fr\\\/\",\"logo\":{\"@type\":\"ImageObject\",\"inLanguage\":\"fr-FR\",\"@id\":\"https:\\\/\\\/www.amstelprinting.nl\\\/fr\\\/#\\\/schema\\\/logo\\\/image\\\/\",\"url\":\"https:\\\/\\\/www.amstelprinting.nl\\\/wp-content\\\/uploads\\\/amstel_printing_logo_clean.png\",\"contentUrl\":\"https:\\\/\\\/www.amstelprinting.nl\\\/wp-content\\\/uploads\\\/amstel_printing_logo_clean.png\",\"width\":324,\"height\":73,\"caption\":\"Amstel Printing\"},\"image\":{\"@id\":\"https:\\\/\\\/www.amstelprinting.nl\\\/fr\\\/#\\\/schema\\\/logo\\\/image\\\/\"}}]}<\/script>\n<!-- \/ Yoast SEO plugin. -->","yoast_head_json":{"title":"Guirlande de fanions : De magnifiques lignes personnalis\u00e9es pour vos \u00e9v\u00e9nements","description":"Cr\u00e9ez instantan\u00e9ment une ambiance festive avec votre guirlande de fanions personnalis\u00e9e. Mat\u00e9riaux durables, couleurs vives et livraison rapide dans toute l'Europe. Commandez d\u00e8s maintenant !","robots":{"index":"index","follow":"follow","max-snippet":"max-snippet:-1","max-image-preview":"max-image-preview:large","max-video-preview":"max-video-preview:-1"},"canonical":"https:\/\/www.amstelprinting.nl\/fr\/boutique\/tout-les-drapeaux\/drapeaux\/guirlande-de-fanions\/","og_locale":"fr_FR","og_type":"article","og_title":"Guirlande de fanions : De magnifiques lignes personnalis\u00e9es pour vos \u00e9v\u00e9nements","og_description":"Cr\u00e9ez instantan\u00e9ment une ambiance festive avec votre guirlande de fanions personnalis\u00e9e. Mat\u00e9riaux durables, couleurs vives et livraison rapide dans toute l'Europe. Commandez d\u00e8s maintenant !","og_url":"https:\/\/www.amstelprinting.nl\/fr\/boutique\/tout-les-drapeaux\/drapeaux\/guirlande-de-fanions\/","og_site_name":"Amstel Printing","article_modified_time":"2026-02-18T11:51:09+00:00","og_image":[{"width":900,"height":900,"url":"https:\/\/www.amstelprinting.nl\/wp-content\/uploads\/vlaggenlijn-bedrukken.png","type":"image\/png"}],"twitter_card":"summary_large_image","twitter_misc":{"Dur\u00e9e de lecture estim\u00e9e":"1 minute"},"schema":{"@context":"https:\/\/schema.org","@graph":[{"@type":"WebPage","@id":"https:\/\/www.amstelprinting.nl\/fr\/boutique\/tout-les-drapeaux\/drapeaux\/guirlande-de-fanions\/","url":"https:\/\/www.amstelprinting.nl\/fr\/boutique\/tout-les-drapeaux\/drapeaux\/guirlande-de-fanions\/","name":"Guirlande de fanions : De magnifiques lignes personnalis\u00e9es pour vos \u00e9v\u00e9nements","isPartOf":{"@id":"https:\/\/www.amstelprinting.nl\/fr\/#website"},"primaryImageOfPage":{"@id":"https:\/\/www.amstelprinting.nl\/fr\/boutique\/tout-les-drapeaux\/drapeaux\/guirlande-de-fanions\/#primaryimage"},"image":{"@id":"https:\/\/www.amstelprinting.nl\/fr\/boutique\/tout-les-drapeaux\/drapeaux\/guirlande-de-fanions\/#primaryimage"},"thumbnailUrl":"https:\/\/www.amstelprinting.nl\/wp-content\/uploads\/vlaggenlijn-bedrukken.png","datePublished":"2025-01-24T10:30:21+00:00","dateModified":"2026-02-18T11:51:09+00:00","description":"Cr\u00e9ez instantan\u00e9ment une ambiance festive avec votre guirlande de fanions personnalis\u00e9e. Mat\u00e9riaux durables, couleurs vives et livraison rapide dans toute l'Europe. Commandez d\u00e8s maintenant !","breadcrumb":{"@id":"https:\/\/www.amstelprinting.nl\/fr\/boutique\/tout-les-drapeaux\/drapeaux\/guirlande-de-fanions\/#breadcrumb"},"inLanguage":"fr-FR","potentialAction":[{"@type":"ReadAction","target":["https:\/\/www.amstelprinting.nl\/fr\/boutique\/tout-les-drapeaux\/drapeaux\/guirlande-de-fanions\/"]}]},{"@type":"ImageObject","inLanguage":"fr-FR","@id":"https:\/\/www.amstelprinting.nl\/fr\/boutique\/tout-les-drapeaux\/drapeaux\/guirlande-de-fanions\/#primaryimage","url":"https:\/\/www.amstelprinting.nl\/wp-content\/uploads\/vlaggenlijn-bedrukken.png","contentUrl":"https:\/\/www.amstelprinting.nl\/wp-content\/uploads\/vlaggenlijn-bedrukken.png","width":900,"height":900},{"@type":"BreadcrumbList","@id":"https:\/\/www.amstelprinting.nl\/fr\/boutique\/tout-les-drapeaux\/drapeaux\/guirlande-de-fanions\/#breadcrumb","itemListElement":[{"@type":"ListItem","position":1,"name":"","item":"https:\/\/www.amstelprinting.nl\/fr\/"},{"@type":"ListItem","position":2,"name":"Amstel Printing","item":"https:\/\/www.amstelprinting.nl\/fr\/boutique\/"},{"@type":"ListItem","position":3,"name":"Salon et \u00e9v\u00e9nement","item":"https:\/\/www.amstelprinting.nl\/fr\/categorie\/salon-et-evenement\/"},{"@type":"ListItem","position":4,"name":"D\u00e9coration","item":"https:\/\/www.amstelprinting.nl\/fr\/categorie\/salon-et-evenement\/decoration\/"},{"@type":"ListItem","position":5,"name":"Guirlande de fanions"}]},{"@type":"WebSite","@id":"https:\/\/www.amstelprinting.nl\/fr\/#website","url":"https:\/\/www.amstelprinting.nl\/fr\/","name":"Amstel Printing","description":"Creating Exposure","publisher":{"@id":"https:\/\/www.amstelprinting.nl\/fr\/#organization"},"potentialAction":[{"@type":"SearchAction","target":{"@type":"EntryPoint","urlTemplate":"https:\/\/www.amstelprinting.nl\/fr\/?s={search_term_string}"},"query-input":{"@type":"PropertyValueSpecification","valueRequired":true,"valueName":"search_term_string"}}],"inLanguage":"fr-FR"},{"@type":"Organization","@id":"https:\/\/www.amstelprinting.nl\/fr\/#organization","name":"Amstel Printing","url":"https:\/\/www.amstelprinting.nl\/fr\/","logo":{"@type":"ImageObject","inLanguage":"fr-FR","@id":"https:\/\/www.amstelprinting.nl\/fr\/#\/schema\/logo\/image\/","url":"https:\/\/www.amstelprinting.nl\/wp-content\/uploads\/amstel_printing_logo_clean.png","contentUrl":"https:\/\/www.amstelprinting.nl\/wp-content\/uploads\/amstel_printing_logo_clean.png","width":324,"height":73,"caption":"Amstel Printing"},"image":{"@id":"https:\/\/www.amstelprinting.nl\/fr\/#\/schema\/logo\/image\/"}}]}},"_links":{"self":[{"href":"https:\/\/www.amstelprinting.nl\/fr\/wp-json\/wp\/v2\/product\/14707","targetHints":{"allow":["GET"]}}],"collection":[{"href":"https:\/\/www.amstelprinting.nl\/fr\/wp-json\/wp\/v2\/product"}],"about":[{"href":"https:\/\/www.amstelprinting.nl\/fr\/wp-json\/wp\/v2\/types\/product"}],"wp:featuredmedia":[{"embeddable":true,"href":"https:\/\/www.amstelprinting.nl\/fr\/wp-json\/wp\/v2\/media\/14708"}],"wp:attachment":[{"href":"https:\/\/www.amstelprinting.nl\/fr\/wp-json\/wp\/v2\/media?parent=14707"}],"wp:term":[{"taxonomy":"product_brand","embeddable":true,"href":"https:\/\/www.amstelprinting.nl\/fr\/wp-json\/wp\/v2\/product_brand?post=14707"},{"taxonomy":"product_cat","embeddable":true,"href":"https:\/\/www.amstelprinting.nl\/fr\/wp-json\/wp\/v2\/product_cat?post=14707"},{"taxonomy":"product_tag","embeddable":true,"href":"https:\/\/www.amstelprinting.nl\/fr\/wp-json\/wp\/v2\/product_tag?post=14707"}],"curies":[{"name":"wp","href":"https:\/\/api.w.org\/{rel}","templated":true}]}}