{"id":14727,"date":"2025-01-24T11:30:02","date_gmt":"2025-01-24T10:30:02","guid":{"rendered":"https:\/\/www.amstelprinting.nl\/winkel\/non%20class\u00e9\/dibond-butler-finish\/"},"modified":"2026-02-10T13:09:41","modified_gmt":"2026-02-10T12:09:41","slug":"dibond-butler-finish","status":"publish","type":"product","link":"https:\/\/www.amstelprinting.nl\/fr\/boutique\/publicite-interieure\/publicite-murale\/dibond-butler-finish\/","title":{"rendered":"Dibond\u00ae Butler Finish"},"content":{"rendered":"<h3>Qu&rsquo;est-ce que le Dibond Butler Finish ?<\/h3>\n<p>Le Dibond Butler Finish est un panneau sandwich de haute qualit\u00e9 dot\u00e9 d&rsquo;une couche sup\u00e9rieure en aluminium bross\u00e9 et d&rsquo;un noyau rigide en plastique noir. Le panneau a une \u00e9paisseur de 3 mm et offre une largeur d&rsquo;impression maximale de 146 cm et une hauteur de 301 cm en une seule pi\u00e8ce. Vous pouvez choisir entre un sens de brossage horizontal ou vertical, ce qui donne un aspect unique \u00e0 votre impression.<\/p>\n<h3>Finition Dibond\u00ae Butler Finish<\/h3>\n<p>Avec le Dibond Butler Finish, le mat\u00e9riau reste visible \u00e0 travers l&rsquo;impression, ce qui offre un aspect dimensionnel suppl\u00e9mentaire et luxueux. Le panneau peut \u00eatre frais\u00e9 au format souhait\u00e9 ou selon les contours de votre motif, et des trous de per\u00e7age peuvent \u00eatre ajout\u00e9s si n\u00e9cessaire pour une fixation facile.<\/p>\n<h3>Pour l&rsquo;int\u00e9rieur &amp; l&rsquo;ext\u00e9rieur<\/h3>\n<p>Ce mat\u00e9riau convient aussi bien aux applications int\u00e9rieures qu&rsquo;ext\u00e9rieures, ce qui accro\u00eet sa polyvalence. Il dispose d&rsquo;un certificat B1, ce qui signifie qu&rsquo;il r\u00e9pond \u00e0 des normes strictes de s\u00e9curit\u00e9 incendie. De plus, vous pouvez choisir une impression recto ou utiliser le panneau sans impression.<\/p>\n<h3>Fixation du panneau Dibond\u00ae Butler Finish<\/h3>\n<p>Pour la fixation et l&rsquo;installation du Dibond Butler Finish, nous proposons divers accessoires, tels que des pinces de bureau et du ruban adh\u00e9sif double face, qui facilitent un montage simple et s\u00fbr. Gr\u00e2ce \u00e0 ses propri\u00e9t\u00e9s robustes et sa finition \u00e9l\u00e9gante, le Dibond Butler Finish est un excellent choix pour une large gamme d&rsquo;applications, allant des panneaux publicitaires et de la d\u00e9coration int\u00e9rieure aux pr\u00e9sentoirs professionnels et \u00e0 la signal\u00e9tique.<\/p>\n<h3>Questions fr\u00e9quemment pos\u00e9es sur le Dibond\u00ae Butler Finish<\/h3>\n<p><strong>Quelles \u00e9paisseurs sont disponibles pour le Dibond\u00ae Butler Finish ?<\/strong><br \/>\nCe mat\u00e9riau est disponible en \u00e9paisseur de 3 mm.<\/p>\n<p><strong>Quelle est la meilleure fa\u00e7on de nettoyer le Dibond\u00ae Butler Finish ?<\/strong><br \/>\nNettoyez le Dibond\u00ae Butler Finish avec un chiffon humide et, si n\u00e9cessaire, un nettoyant tout usage. N&rsquo;exercez pas trop de pression pour \u00e9viter d&rsquo;endommager le mat\u00e9riau. Essuyez la plaque avec un chiffon propre apr\u00e8s le nettoyage.<\/p>\n<p><strong>Quelle technique de production utilisez-vous pour ce mat\u00e9riau ?<\/strong><br \/>\nNous utilisons la technique d&rsquo;impression UV pour le Dibond\u00ae Butler Finish. Dans ce processus, l&rsquo;encre est durcie par une lampe UV, ce qui garantit une impression de haute qualit\u00e9 et r\u00e9sistante aux rayures. Veuillez noter que l&rsquo;impression n&rsquo;est pas totalement inodore, mais cette odeur dispara\u00eet avec le temps.<\/p>\n","protected":false},"excerpt":{"rendered":"<p>Magnifique panneau robuste avec une couche sup\u00e9rieure en aluminium bross\u00e9. Convient pour une utilisation int\u00e9rieure et ext\u00e9rieure. Dot\u00e9 d&rsquo;une impression ultra-nette de votre motif. Composez votre panneau Dibond\u00ae Butler Finish en quelques \u00e9tapes ci-dessous.<\/p>\n","protected":false},"featured_media":14728,"template":"","meta":{"_et_pb_use_builder":"","_et_pb_old_content":"","_et_gb_content_width":""},"product_brand":[],"product_cat":[380,443],"product_tag":[],"class_list":{"0":"post-14727","1":"product","2":"type-product","3":"status-publish","4":"has-post-thumbnail","6":"product_cat-publicite-interieure","7":"product_cat-publicite-murale","9":"first","10":"instock","11":"taxable","12":"shipping-taxable","13":"purchasable","14":"product-type-simple"},"yoast_head":"<!-- This site is optimized with the Yoast SEO plugin v27.3 - https:\/\/yoast.com\/product\/yoast-seo-wordpress\/ -->\n<title>Dibond\u00ae Butler Finish : Panneau en aluminium durable int\u00e9rieur &amp; ext\u00e9rieur<\/title>\n<meta name=\"description\" content=\"Commandez le panneau Dibond\u00ae Butler Finish avec une couche sup\u00e9rieure unique en aluminium bross\u00e9 et un noyau en plastique robuste. Id\u00e9al pour des impressions durables et luxueuses.\" \/>\n<meta name=\"robots\" content=\"index, follow, max-snippet:-1, max-image-preview:large, max-video-preview:-1\" \/>\n<link rel=\"canonical\" href=\"https:\/\/www.amstelprinting.nl\/fr\/boutique\/publicite-interieure\/publicite-murale\/dibond-butler-finish\/\" \/>\n<meta property=\"og:locale\" content=\"fr_FR\" \/>\n<meta property=\"og:type\" content=\"article\" \/>\n<meta property=\"og:title\" content=\"Dibond\u00ae Butler Finish : Panneau en aluminium durable int\u00e9rieur &amp; ext\u00e9rieur\" \/>\n<meta property=\"og:description\" content=\"Commandez le panneau Dibond\u00ae Butler Finish avec une couche sup\u00e9rieure unique en aluminium bross\u00e9 et un noyau en plastique robuste. Id\u00e9al pour des impressions durables et luxueuses.\" \/>\n<meta property=\"og:url\" content=\"https:\/\/www.amstelprinting.nl\/fr\/boutique\/publicite-interieure\/publicite-murale\/dibond-butler-finish\/\" \/>\n<meta property=\"og:site_name\" content=\"Amstel Printing\" \/>\n<meta property=\"article:modified_time\" content=\"2026-02-10T12:09:41+00:00\" \/>\n<meta property=\"og:image\" content=\"https:\/\/www.amstelprinting.nl\/wp-content\/uploads\/Dibond-Butler-Finish-3-mm.jpg\" \/>\n\t<meta property=\"og:image:width\" content=\"700\" \/>\n\t<meta property=\"og:image:height\" content=\"700\" \/>\n\t<meta property=\"og:image:type\" content=\"image\/jpeg\" \/>\n<meta name=\"twitter:card\" content=\"summary_large_image\" \/>\n<meta name=\"twitter:label1\" content=\"Dur\u00e9e de lecture estim\u00e9e\" \/>\n\t<meta name=\"twitter:data1\" content=\"2 minutes\" \/>\n<script type=\"application\/ld+json\" class=\"yoast-schema-graph\">{\"@context\":\"https:\\\/\\\/schema.org\",\"@graph\":[{\"@type\":\"WebPage\",\"@id\":\"https:\\\/\\\/www.amstelprinting.nl\\\/fr\\\/boutique\\\/publicite-interieure\\\/publicite-murale\\\/dibond-butler-finish\\\/\",\"url\":\"https:\\\/\\\/www.amstelprinting.nl\\\/fr\\\/boutique\\\/publicite-interieure\\\/publicite-murale\\\/dibond-butler-finish\\\/\",\"name\":\"Dibond\u00ae Butler Finish : Panneau en aluminium durable int\u00e9rieur & ext\u00e9rieur\",\"isPartOf\":{\"@id\":\"https:\\\/\\\/www.amstelprinting.nl\\\/fr\\\/#website\"},\"primaryImageOfPage\":{\"@id\":\"https:\\\/\\\/www.amstelprinting.nl\\\/fr\\\/boutique\\\/publicite-interieure\\\/publicite-murale\\\/dibond-butler-finish\\\/#primaryimage\"},\"image\":{\"@id\":\"https:\\\/\\\/www.amstelprinting.nl\\\/fr\\\/boutique\\\/publicite-interieure\\\/publicite-murale\\\/dibond-butler-finish\\\/#primaryimage\"},\"thumbnailUrl\":\"https:\\\/\\\/www.amstelprinting.nl\\\/wp-content\\\/uploads\\\/Dibond-Butler-Finish-3-mm.jpg\",\"datePublished\":\"2025-01-24T10:30:02+00:00\",\"dateModified\":\"2026-02-10T12:09:41+00:00\",\"description\":\"Commandez le panneau Dibond\u00ae Butler Finish avec une couche sup\u00e9rieure unique en aluminium bross\u00e9 et un noyau en plastique robuste. Id\u00e9al pour des impressions durables et luxueuses.\",\"breadcrumb\":{\"@id\":\"https:\\\/\\\/www.amstelprinting.nl\\\/fr\\\/boutique\\\/publicite-interieure\\\/publicite-murale\\\/dibond-butler-finish\\\/#breadcrumb\"},\"inLanguage\":\"fr-FR\",\"potentialAction\":[{\"@type\":\"ReadAction\",\"target\":[\"https:\\\/\\\/www.amstelprinting.nl\\\/fr\\\/boutique\\\/publicite-interieure\\\/publicite-murale\\\/dibond-butler-finish\\\/\"]}]},{\"@type\":\"ImageObject\",\"inLanguage\":\"fr-FR\",\"@id\":\"https:\\\/\\\/www.amstelprinting.nl\\\/fr\\\/boutique\\\/publicite-interieure\\\/publicite-murale\\\/dibond-butler-finish\\\/#primaryimage\",\"url\":\"https:\\\/\\\/www.amstelprinting.nl\\\/wp-content\\\/uploads\\\/Dibond-Butler-Finish-3-mm.jpg\",\"contentUrl\":\"https:\\\/\\\/www.amstelprinting.nl\\\/wp-content\\\/uploads\\\/Dibond-Butler-Finish-3-mm.jpg\",\"width\":700,\"height\":700},{\"@type\":\"BreadcrumbList\",\"@id\":\"https:\\\/\\\/www.amstelprinting.nl\\\/fr\\\/boutique\\\/publicite-interieure\\\/publicite-murale\\\/dibond-butler-finish\\\/#breadcrumb\",\"itemListElement\":[{\"@type\":\"ListItem\",\"position\":1,\"name\":\"\",\"item\":\"https:\\\/\\\/www.amstelprinting.nl\\\/fr\\\/\"},{\"@type\":\"ListItem\",\"position\":2,\"name\":\"Amstel Printing\",\"item\":\"https:\\\/\\\/www.amstelprinting.nl\\\/fr\\\/boutique\\\/\"},{\"@type\":\"ListItem\",\"position\":3,\"name\":\"Publicit\u00e9 int\u00e9rieure\",\"item\":\"https:\\\/\\\/www.amstelprinting.nl\\\/fr\\\/categorie\\\/publicite-interieure\\\/\"},{\"@type\":\"ListItem\",\"position\":4,\"name\":\"Publicit\u00e9 murale\",\"item\":\"https:\\\/\\\/www.amstelprinting.nl\\\/fr\\\/categorie\\\/publicite-interieure\\\/publicite-murale\\\/\"},{\"@type\":\"ListItem\",\"position\":5,\"name\":\"Dibond\u00ae Butler Finish\"}]},{\"@type\":\"WebSite\",\"@id\":\"https:\\\/\\\/www.amstelprinting.nl\\\/fr\\\/#website\",\"url\":\"https:\\\/\\\/www.amstelprinting.nl\\\/fr\\\/\",\"name\":\"Amstel Printing\",\"description\":\"Creating Exposure\",\"publisher\":{\"@id\":\"https:\\\/\\\/www.amstelprinting.nl\\\/fr\\\/#organization\"},\"potentialAction\":[{\"@type\":\"SearchAction\",\"target\":{\"@type\":\"EntryPoint\",\"urlTemplate\":\"https:\\\/\\\/www.amstelprinting.nl\\\/fr\\\/?s={search_term_string}\"},\"query-input\":{\"@type\":\"PropertyValueSpecification\",\"valueRequired\":true,\"valueName\":\"search_term_string\"}}],\"inLanguage\":\"fr-FR\"},{\"@type\":\"Organization\",\"@id\":\"https:\\\/\\\/www.amstelprinting.nl\\\/fr\\\/#organization\",\"name\":\"Amstel Printing\",\"url\":\"https:\\\/\\\/www.amstelprinting.nl\\\/fr\\\/\",\"logo\":{\"@type\":\"ImageObject\",\"inLanguage\":\"fr-FR\",\"@id\":\"https:\\\/\\\/www.amstelprinting.nl\\\/fr\\\/#\\\/schema\\\/logo\\\/image\\\/\",\"url\":\"https:\\\/\\\/www.amstelprinting.nl\\\/wp-content\\\/uploads\\\/amstel_printing_logo_clean.png\",\"contentUrl\":\"https:\\\/\\\/www.amstelprinting.nl\\\/wp-content\\\/uploads\\\/amstel_printing_logo_clean.png\",\"width\":324,\"height\":73,\"caption\":\"Amstel Printing\"},\"image\":{\"@id\":\"https:\\\/\\\/www.amstelprinting.nl\\\/fr\\\/#\\\/schema\\\/logo\\\/image\\\/\"}}]}<\/script>\n<!-- \/ Yoast SEO plugin. -->","yoast_head_json":{"title":"Dibond\u00ae Butler Finish : Panneau en aluminium durable int\u00e9rieur & ext\u00e9rieur","description":"Commandez le panneau Dibond\u00ae Butler Finish avec une couche sup\u00e9rieure unique en aluminium bross\u00e9 et un noyau en plastique robuste. Id\u00e9al pour des impressions durables et luxueuses.","robots":{"index":"index","follow":"follow","max-snippet":"max-snippet:-1","max-image-preview":"max-image-preview:large","max-video-preview":"max-video-preview:-1"},"canonical":"https:\/\/www.amstelprinting.nl\/fr\/boutique\/publicite-interieure\/publicite-murale\/dibond-butler-finish\/","og_locale":"fr_FR","og_type":"article","og_title":"Dibond\u00ae Butler Finish : Panneau en aluminium durable int\u00e9rieur & ext\u00e9rieur","og_description":"Commandez le panneau Dibond\u00ae Butler Finish avec une couche sup\u00e9rieure unique en aluminium bross\u00e9 et un noyau en plastique robuste. Id\u00e9al pour des impressions durables et luxueuses.","og_url":"https:\/\/www.amstelprinting.nl\/fr\/boutique\/publicite-interieure\/publicite-murale\/dibond-butler-finish\/","og_site_name":"Amstel Printing","article_modified_time":"2026-02-10T12:09:41+00:00","og_image":[{"width":700,"height":700,"url":"https:\/\/www.amstelprinting.nl\/wp-content\/uploads\/Dibond-Butler-Finish-3-mm.jpg","type":"image\/jpeg"}],"twitter_card":"summary_large_image","twitter_misc":{"Dur\u00e9e de lecture estim\u00e9e":"2 minutes"},"schema":{"@context":"https:\/\/schema.org","@graph":[{"@type":"WebPage","@id":"https:\/\/www.amstelprinting.nl\/fr\/boutique\/publicite-interieure\/publicite-murale\/dibond-butler-finish\/","url":"https:\/\/www.amstelprinting.nl\/fr\/boutique\/publicite-interieure\/publicite-murale\/dibond-butler-finish\/","name":"Dibond\u00ae Butler Finish : Panneau en aluminium durable int\u00e9rieur & ext\u00e9rieur","isPartOf":{"@id":"https:\/\/www.amstelprinting.nl\/fr\/#website"},"primaryImageOfPage":{"@id":"https:\/\/www.amstelprinting.nl\/fr\/boutique\/publicite-interieure\/publicite-murale\/dibond-butler-finish\/#primaryimage"},"image":{"@id":"https:\/\/www.amstelprinting.nl\/fr\/boutique\/publicite-interieure\/publicite-murale\/dibond-butler-finish\/#primaryimage"},"thumbnailUrl":"https:\/\/www.amstelprinting.nl\/wp-content\/uploads\/Dibond-Butler-Finish-3-mm.jpg","datePublished":"2025-01-24T10:30:02+00:00","dateModified":"2026-02-10T12:09:41+00:00","description":"Commandez le panneau Dibond\u00ae Butler Finish avec une couche sup\u00e9rieure unique en aluminium bross\u00e9 et un noyau en plastique robuste. Id\u00e9al pour des impressions durables et luxueuses.","breadcrumb":{"@id":"https:\/\/www.amstelprinting.nl\/fr\/boutique\/publicite-interieure\/publicite-murale\/dibond-butler-finish\/#breadcrumb"},"inLanguage":"fr-FR","potentialAction":[{"@type":"ReadAction","target":["https:\/\/www.amstelprinting.nl\/fr\/boutique\/publicite-interieure\/publicite-murale\/dibond-butler-finish\/"]}]},{"@type":"ImageObject","inLanguage":"fr-FR","@id":"https:\/\/www.amstelprinting.nl\/fr\/boutique\/publicite-interieure\/publicite-murale\/dibond-butler-finish\/#primaryimage","url":"https:\/\/www.amstelprinting.nl\/wp-content\/uploads\/Dibond-Butler-Finish-3-mm.jpg","contentUrl":"https:\/\/www.amstelprinting.nl\/wp-content\/uploads\/Dibond-Butler-Finish-3-mm.jpg","width":700,"height":700},{"@type":"BreadcrumbList","@id":"https:\/\/www.amstelprinting.nl\/fr\/boutique\/publicite-interieure\/publicite-murale\/dibond-butler-finish\/#breadcrumb","itemListElement":[{"@type":"ListItem","position":1,"name":"","item":"https:\/\/www.amstelprinting.nl\/fr\/"},{"@type":"ListItem","position":2,"name":"Amstel Printing","item":"https:\/\/www.amstelprinting.nl\/fr\/boutique\/"},{"@type":"ListItem","position":3,"name":"Publicit\u00e9 int\u00e9rieure","item":"https:\/\/www.amstelprinting.nl\/fr\/categorie\/publicite-interieure\/"},{"@type":"ListItem","position":4,"name":"Publicit\u00e9 murale","item":"https:\/\/www.amstelprinting.nl\/fr\/categorie\/publicite-interieure\/publicite-murale\/"},{"@type":"ListItem","position":5,"name":"Dibond\u00ae Butler Finish"}]},{"@type":"WebSite","@id":"https:\/\/www.amstelprinting.nl\/fr\/#website","url":"https:\/\/www.amstelprinting.nl\/fr\/","name":"Amstel Printing","description":"Creating Exposure","publisher":{"@id":"https:\/\/www.amstelprinting.nl\/fr\/#organization"},"potentialAction":[{"@type":"SearchAction","target":{"@type":"EntryPoint","urlTemplate":"https:\/\/www.amstelprinting.nl\/fr\/?s={search_term_string}"},"query-input":{"@type":"PropertyValueSpecification","valueRequired":true,"valueName":"search_term_string"}}],"inLanguage":"fr-FR"},{"@type":"Organization","@id":"https:\/\/www.amstelprinting.nl\/fr\/#organization","name":"Amstel Printing","url":"https:\/\/www.amstelprinting.nl\/fr\/","logo":{"@type":"ImageObject","inLanguage":"fr-FR","@id":"https:\/\/www.amstelprinting.nl\/fr\/#\/schema\/logo\/image\/","url":"https:\/\/www.amstelprinting.nl\/wp-content\/uploads\/amstel_printing_logo_clean.png","contentUrl":"https:\/\/www.amstelprinting.nl\/wp-content\/uploads\/amstel_printing_logo_clean.png","width":324,"height":73,"caption":"Amstel Printing"},"image":{"@id":"https:\/\/www.amstelprinting.nl\/fr\/#\/schema\/logo\/image\/"}}]}},"_links":{"self":[{"href":"https:\/\/www.amstelprinting.nl\/fr\/wp-json\/wp\/v2\/product\/14727","targetHints":{"allow":["GET"]}}],"collection":[{"href":"https:\/\/www.amstelprinting.nl\/fr\/wp-json\/wp\/v2\/product"}],"about":[{"href":"https:\/\/www.amstelprinting.nl\/fr\/wp-json\/wp\/v2\/types\/product"}],"wp:featuredmedia":[{"embeddable":true,"href":"https:\/\/www.amstelprinting.nl\/fr\/wp-json\/wp\/v2\/media\/14728"}],"wp:attachment":[{"href":"https:\/\/www.amstelprinting.nl\/fr\/wp-json\/wp\/v2\/media?parent=14727"}],"wp:term":[{"taxonomy":"product_brand","embeddable":true,"href":"https:\/\/www.amstelprinting.nl\/fr\/wp-json\/wp\/v2\/product_brand?post=14727"},{"taxonomy":"product_cat","embeddable":true,"href":"https:\/\/www.amstelprinting.nl\/fr\/wp-json\/wp\/v2\/product_cat?post=14727"},{"taxonomy":"product_tag","embeddable":true,"href":"https:\/\/www.amstelprinting.nl\/fr\/wp-json\/wp\/v2\/product_tag?post=14727"}],"curies":[{"name":"wp","href":"https:\/\/api.w.org\/{rel}","templated":true}]}}