{"id":14737,"date":"2025-01-24T11:29:46","date_gmt":"2025-01-24T10:29:46","guid":{"rendered":"https:\/\/www.amstelprinting.nl\/winkel\/non%20class\u00e9\/akoestisch-textielframe\/"},"modified":"2026-02-18T12:51:10","modified_gmt":"2026-02-18T11:51:10","slug":"cadre-textile-acoustique","status":"publish","type":"product","link":"https:\/\/www.amstelprinting.nl\/fr\/boutique\/interieur-2\/decoration-murale\/cadre-textile-acoustique\/","title":{"rendered":"Cadre textile acoustique"},"content":{"rendered":"<h3>Commander un cadre textile acoustique<\/h3>\n<p>Cr\u00e9ez l&rsquo;environnement sonore parfait avec notre cadre textile acoustique. Am\u00e9liorez l&rsquo;acoustique et l&rsquo;apparence de chaque pi\u00e8ce avec notre cadre textile acoustique polyvalent. Que vous souhaitiez optimiser l&rsquo;acoustique et l&rsquo;apparence d&rsquo;un bureau, d&rsquo;un espace public ou d&rsquo;une pi\u00e8ce d&rsquo;habitation ; le cadre textile acoustique est la solution parfaite. Vous d\u00e9terminez vous-m\u00eame le format souhait\u00e9. Un nouveau design ? Pas de probl\u00e8me ! Vous pouvez facilement commander \u00e0 nouveau la toile \u00e0 jonc.<\/p>\n<h3>Avantages<\/h3>\n<ul>\n<li>Impression d&rsquo;une nettet\u00e9 exceptionnelle de votre design ou image incluse<\/li>\n<li>La toile \u00e0 jonc est facilement interchangeable<\/li>\n<li>Choix entre trois couleurs de cadre (aluminium, noir ou blanc)<\/li>\n<li>Disponible en sept mat\u00e9riaux diff\u00e9rents<\/li>\n<li>Livraison possible sous 1 jour ouvr\u00e9 !<\/li>\n<\/ul>\n<p>&nbsp;<\/p>\n<h3>Mat\u00e9riaux<\/h3>\n<p>Nos cadres sont disponibles en argent (aluminium), noir ou blanc, s&rsquo;int\u00e9grant ainsi parfaitement \u00e0 tout int\u00e9rieur. Nous proposons une large gamme de mat\u00e9riaux (toiles \u00e0 jonc) de haute qualit\u00e9. Voici un bref aper\u00e7u des diff\u00e9rentes caract\u00e9ristiques.<\/p>\n<ul>\n<li><strong>Dekostof<\/strong> : Le type de toile le plus command\u00e9. Toile polyester souple avec une structure fine et un aspect puissant.<\/li>\n<li><strong>Dekostof Blockout<\/strong> : Toile polyester occultante avec un dos noir et certificat B1.<\/li>\n<li><strong>Structex<\/strong> : Tissu structur\u00e9 en polyester de haute qualit\u00e9 avec un aspect coton.<\/li>\n<li><strong>Velours<\/strong> : Polyester de haute qualit\u00e9 \u00e0 poils courts, pour un aspect velout\u00e9.<\/li>\n<li><strong>Blackback Soft<\/strong> : Toile polyester block-out avec un dos noir et certificat B1.<\/li>\n<li><strong>Blackback XL<\/strong> : Toile polyester block-out avec un dos noir et certificat B1, id\u00e9ale pour le grand format.<\/li>\n<li><strong>Decotex UV<\/strong> : Toile polyester souple avec une structure fine et un aspect puissant, parfaite pour le grand format.<\/li>\n<\/ul>\n<p>&nbsp;<\/p>\n<h3>Caract\u00e9ristiques<\/h3>\n<p>Le mat\u00e9riau acoustique de 25 mm d&rsquo;\u00e9paisseur (panneau) est invisible et se trouve \u00e0 l&rsquo;int\u00e9rieur du cadre textile. La toile \u00e0 jonc (avec votre impression) est plac\u00e9e par-dessus.<br \/>\nLe panneau acoustique est compos\u00e9 \u00e0 60 % de fibres de polyester recycl\u00e9es et est 100 % recyclable. Avec un coefficient de r\u00e9duction du bruit de 0,45 (classe d&rsquo;absorption D), il contribue efficacement \u00e0 un environnement sonore am\u00e9lior\u00e9. De plus, l&rsquo;ensemble du produit est difficilement inflammable et ignifuge, ce qui permet de l&rsquo;utiliser en toute s\u00e9curit\u00e9 dans les espaces publics. Il est conforme \u00e0 la norme DIN 4102 B1, et vous trouverez le certificat sous l&rsquo;onglet T\u00e9l\u00e9chargements.<\/p>\n<h3>Accessoires<\/h3>\n<p>Vous pouvez choisir de suspendre ou de visser le cadre textile acoustique, selon votre pr\u00e9f\u00e9rence. De plus, nous proposons des accessoires pratiques, tels que l&rsquo;outil E-locktool, pour rendre l&rsquo;installation aussi simple que possible. Choisissez notre cadre textile acoustique et combinez l&rsquo;insonorisation et le style dans chaque pi\u00e8ce. Optimisez votre environnement avec cette solution durable, r\u00e9sistante au feu et sur mesure !<\/p>\n","protected":false},"excerpt":{"rendered":"<h3>Magnifique panneau acoustique avec toile \u00e0 jonc interchangeable<\/h3>\n<p>Le format est d\u00e9termin\u00e9 par vous-m\u00eame. T\u00e9l\u00e9chargez votre photo ou choisissez parmi plus de 20 000 motifs. La particularit\u00e9 de ce cadre textile est qu&rsquo;il contribue \u00e0 une meilleure acoustique. Configurez votre panneau acoustique en quelques \u00e9tapes ci-dessous !<\/p>\n","protected":false},"featured_media":14738,"template":"","meta":{"_et_pb_use_builder":"","_et_pb_old_content":"","_et_gb_content_width":""},"product_brand":[],"product_cat":[629,625,542,380,443],"product_tag":[],"class_list":{"0":"post-14737","1":"product","2":"type-product","3":"status-publish","4":"has-post-thumbnail","6":"product_cat-bureau","7":"product_cat-decoration-murale","8":"product_cat-interieur-2","9":"product_cat-publicite-interieure","10":"product_cat-publicite-murale","12":"first","13":"instock","14":"taxable","15":"shipping-taxable","16":"purchasable","17":"product-type-simple"},"yoast_head":"<!-- This site is optimized with the Yoast SEO plugin v27.3 - https:\/\/yoast.com\/product\/yoast-seo-wordpress\/ -->\n<title>Cadre textile acoustique | Amstel Printing<\/title>\n<meta name=\"robots\" content=\"index, follow, max-snippet:-1, max-image-preview:large, max-video-preview:-1\" \/>\n<link rel=\"canonical\" href=\"https:\/\/www.amstelprinting.nl\/fr\/boutique\/interieur-2\/decoration-murale\/cadre-textile-acoustique\/\" \/>\n<meta property=\"og:locale\" content=\"fr_FR\" \/>\n<meta property=\"og:type\" content=\"article\" \/>\n<meta property=\"og:title\" content=\"Cadre textile acoustique | Amstel Printing\" \/>\n<meta property=\"og:description\" content=\"Magnifique panneau acoustique avec toile \u00e0 jonc interchangeable Le format est d\u00e9termin\u00e9 par vous-m\u00eame. T\u00e9l\u00e9chargez votre photo ou choisissez parmi plus de 20 000 motifs. La particularit\u00e9 de ce cadre textile est qu&#039;il contribue \u00e0 une meilleure acoustique. Configurez votre panneau acoustique en quelques \u00e9tapes ci-dessous !\" \/>\n<meta property=\"og:url\" content=\"https:\/\/www.amstelprinting.nl\/fr\/boutique\/interieur-2\/decoration-murale\/cadre-textile-acoustique\/\" \/>\n<meta property=\"og:site_name\" content=\"Amstel Printing\" \/>\n<meta property=\"article:modified_time\" content=\"2026-02-18T11:51:10+00:00\" \/>\n<meta property=\"og:image\" content=\"https:\/\/www.amstelprinting.nl\/wp-content\/uploads\/Akoestisch-textielframe.jpg\" \/>\n\t<meta property=\"og:image:width\" content=\"700\" \/>\n\t<meta property=\"og:image:height\" content=\"700\" \/>\n\t<meta property=\"og:image:type\" content=\"image\/jpeg\" \/>\n<meta name=\"twitter:card\" content=\"summary_large_image\" \/>\n<meta name=\"twitter:label1\" content=\"Dur\u00e9e de lecture estim\u00e9e\" \/>\n\t<meta name=\"twitter:data1\" content=\"2 minutes\" \/>\n<script type=\"application\/ld+json\" class=\"yoast-schema-graph\">{\"@context\":\"https:\\\/\\\/schema.org\",\"@graph\":[{\"@type\":\"WebPage\",\"@id\":\"https:\\\/\\\/www.amstelprinting.nl\\\/fr\\\/boutique\\\/interieur-2\\\/decoration-murale\\\/cadre-textile-acoustique\\\/\",\"url\":\"https:\\\/\\\/www.amstelprinting.nl\\\/fr\\\/boutique\\\/interieur-2\\\/decoration-murale\\\/cadre-textile-acoustique\\\/\",\"name\":\"Cadre textile acoustique | Amstel Printing\",\"isPartOf\":{\"@id\":\"https:\\\/\\\/www.amstelprinting.nl\\\/fr\\\/#website\"},\"primaryImageOfPage\":{\"@id\":\"https:\\\/\\\/www.amstelprinting.nl\\\/fr\\\/boutique\\\/interieur-2\\\/decoration-murale\\\/cadre-textile-acoustique\\\/#primaryimage\"},\"image\":{\"@id\":\"https:\\\/\\\/www.amstelprinting.nl\\\/fr\\\/boutique\\\/interieur-2\\\/decoration-murale\\\/cadre-textile-acoustique\\\/#primaryimage\"},\"thumbnailUrl\":\"https:\\\/\\\/www.amstelprinting.nl\\\/wp-content\\\/uploads\\\/Akoestisch-textielframe.jpg\",\"datePublished\":\"2025-01-24T10:29:46+00:00\",\"dateModified\":\"2026-02-18T11:51:10+00:00\",\"breadcrumb\":{\"@id\":\"https:\\\/\\\/www.amstelprinting.nl\\\/fr\\\/boutique\\\/interieur-2\\\/decoration-murale\\\/cadre-textile-acoustique\\\/#breadcrumb\"},\"inLanguage\":\"fr-FR\",\"potentialAction\":[{\"@type\":\"ReadAction\",\"target\":[\"https:\\\/\\\/www.amstelprinting.nl\\\/fr\\\/boutique\\\/interieur-2\\\/decoration-murale\\\/cadre-textile-acoustique\\\/\"]}]},{\"@type\":\"ImageObject\",\"inLanguage\":\"fr-FR\",\"@id\":\"https:\\\/\\\/www.amstelprinting.nl\\\/fr\\\/boutique\\\/interieur-2\\\/decoration-murale\\\/cadre-textile-acoustique\\\/#primaryimage\",\"url\":\"https:\\\/\\\/www.amstelprinting.nl\\\/wp-content\\\/uploads\\\/Akoestisch-textielframe.jpg\",\"contentUrl\":\"https:\\\/\\\/www.amstelprinting.nl\\\/wp-content\\\/uploads\\\/Akoestisch-textielframe.jpg\",\"width\":700,\"height\":700},{\"@type\":\"BreadcrumbList\",\"@id\":\"https:\\\/\\\/www.amstelprinting.nl\\\/fr\\\/boutique\\\/interieur-2\\\/decoration-murale\\\/cadre-textile-acoustique\\\/#breadcrumb\",\"itemListElement\":[{\"@type\":\"ListItem\",\"position\":1,\"name\":\"\",\"item\":\"https:\\\/\\\/www.amstelprinting.nl\\\/fr\\\/\"},{\"@type\":\"ListItem\",\"position\":2,\"name\":\"Amstel Printing\",\"item\":\"https:\\\/\\\/www.amstelprinting.nl\\\/fr\\\/boutique\\\/\"},{\"@type\":\"ListItem\",\"position\":3,\"name\":\"Publicit\u00e9 int\u00e9rieure\",\"item\":\"https:\\\/\\\/www.amstelprinting.nl\\\/fr\\\/categorie\\\/publicite-interieure\\\/\"},{\"@type\":\"ListItem\",\"position\":4,\"name\":\"Publicit\u00e9 murale\",\"item\":\"https:\\\/\\\/www.amstelprinting.nl\\\/fr\\\/categorie\\\/publicite-interieure\\\/publicite-murale\\\/\"},{\"@type\":\"ListItem\",\"position\":5,\"name\":\"Cadre textile acoustique\"}]},{\"@type\":\"WebSite\",\"@id\":\"https:\\\/\\\/www.amstelprinting.nl\\\/fr\\\/#website\",\"url\":\"https:\\\/\\\/www.amstelprinting.nl\\\/fr\\\/\",\"name\":\"Amstel Printing\",\"description\":\"Creating Exposure\",\"publisher\":{\"@id\":\"https:\\\/\\\/www.amstelprinting.nl\\\/fr\\\/#organization\"},\"potentialAction\":[{\"@type\":\"SearchAction\",\"target\":{\"@type\":\"EntryPoint\",\"urlTemplate\":\"https:\\\/\\\/www.amstelprinting.nl\\\/fr\\\/?s={search_term_string}\"},\"query-input\":{\"@type\":\"PropertyValueSpecification\",\"valueRequired\":true,\"valueName\":\"search_term_string\"}}],\"inLanguage\":\"fr-FR\"},{\"@type\":\"Organization\",\"@id\":\"https:\\\/\\\/www.amstelprinting.nl\\\/fr\\\/#organization\",\"name\":\"Amstel Printing\",\"url\":\"https:\\\/\\\/www.amstelprinting.nl\\\/fr\\\/\",\"logo\":{\"@type\":\"ImageObject\",\"inLanguage\":\"fr-FR\",\"@id\":\"https:\\\/\\\/www.amstelprinting.nl\\\/fr\\\/#\\\/schema\\\/logo\\\/image\\\/\",\"url\":\"https:\\\/\\\/www.amstelprinting.nl\\\/wp-content\\\/uploads\\\/amstel_printing_logo_clean.png\",\"contentUrl\":\"https:\\\/\\\/www.amstelprinting.nl\\\/wp-content\\\/uploads\\\/amstel_printing_logo_clean.png\",\"width\":324,\"height\":73,\"caption\":\"Amstel Printing\"},\"image\":{\"@id\":\"https:\\\/\\\/www.amstelprinting.nl\\\/fr\\\/#\\\/schema\\\/logo\\\/image\\\/\"}}]}<\/script>\n<!-- \/ Yoast SEO plugin. -->","yoast_head_json":{"title":"Cadre textile acoustique | Amstel Printing","robots":{"index":"index","follow":"follow","max-snippet":"max-snippet:-1","max-image-preview":"max-image-preview:large","max-video-preview":"max-video-preview:-1"},"canonical":"https:\/\/www.amstelprinting.nl\/fr\/boutique\/interieur-2\/decoration-murale\/cadre-textile-acoustique\/","og_locale":"fr_FR","og_type":"article","og_title":"Cadre textile acoustique | Amstel Printing","og_description":"Magnifique panneau acoustique avec toile \u00e0 jonc interchangeable Le format est d\u00e9termin\u00e9 par vous-m\u00eame. T\u00e9l\u00e9chargez votre photo ou choisissez parmi plus de 20 000 motifs. La particularit\u00e9 de ce cadre textile est qu'il contribue \u00e0 une meilleure acoustique. Configurez votre panneau acoustique en quelques \u00e9tapes ci-dessous !","og_url":"https:\/\/www.amstelprinting.nl\/fr\/boutique\/interieur-2\/decoration-murale\/cadre-textile-acoustique\/","og_site_name":"Amstel Printing","article_modified_time":"2026-02-18T11:51:10+00:00","og_image":[{"width":700,"height":700,"url":"https:\/\/www.amstelprinting.nl\/wp-content\/uploads\/Akoestisch-textielframe.jpg","type":"image\/jpeg"}],"twitter_card":"summary_large_image","twitter_misc":{"Dur\u00e9e de lecture estim\u00e9e":"2 minutes"},"schema":{"@context":"https:\/\/schema.org","@graph":[{"@type":"WebPage","@id":"https:\/\/www.amstelprinting.nl\/fr\/boutique\/interieur-2\/decoration-murale\/cadre-textile-acoustique\/","url":"https:\/\/www.amstelprinting.nl\/fr\/boutique\/interieur-2\/decoration-murale\/cadre-textile-acoustique\/","name":"Cadre textile acoustique | Amstel Printing","isPartOf":{"@id":"https:\/\/www.amstelprinting.nl\/fr\/#website"},"primaryImageOfPage":{"@id":"https:\/\/www.amstelprinting.nl\/fr\/boutique\/interieur-2\/decoration-murale\/cadre-textile-acoustique\/#primaryimage"},"image":{"@id":"https:\/\/www.amstelprinting.nl\/fr\/boutique\/interieur-2\/decoration-murale\/cadre-textile-acoustique\/#primaryimage"},"thumbnailUrl":"https:\/\/www.amstelprinting.nl\/wp-content\/uploads\/Akoestisch-textielframe.jpg","datePublished":"2025-01-24T10:29:46+00:00","dateModified":"2026-02-18T11:51:10+00:00","breadcrumb":{"@id":"https:\/\/www.amstelprinting.nl\/fr\/boutique\/interieur-2\/decoration-murale\/cadre-textile-acoustique\/#breadcrumb"},"inLanguage":"fr-FR","potentialAction":[{"@type":"ReadAction","target":["https:\/\/www.amstelprinting.nl\/fr\/boutique\/interieur-2\/decoration-murale\/cadre-textile-acoustique\/"]}]},{"@type":"ImageObject","inLanguage":"fr-FR","@id":"https:\/\/www.amstelprinting.nl\/fr\/boutique\/interieur-2\/decoration-murale\/cadre-textile-acoustique\/#primaryimage","url":"https:\/\/www.amstelprinting.nl\/wp-content\/uploads\/Akoestisch-textielframe.jpg","contentUrl":"https:\/\/www.amstelprinting.nl\/wp-content\/uploads\/Akoestisch-textielframe.jpg","width":700,"height":700},{"@type":"BreadcrumbList","@id":"https:\/\/www.amstelprinting.nl\/fr\/boutique\/interieur-2\/decoration-murale\/cadre-textile-acoustique\/#breadcrumb","itemListElement":[{"@type":"ListItem","position":1,"name":"","item":"https:\/\/www.amstelprinting.nl\/fr\/"},{"@type":"ListItem","position":2,"name":"Amstel Printing","item":"https:\/\/www.amstelprinting.nl\/fr\/boutique\/"},{"@type":"ListItem","position":3,"name":"Publicit\u00e9 int\u00e9rieure","item":"https:\/\/www.amstelprinting.nl\/fr\/categorie\/publicite-interieure\/"},{"@type":"ListItem","position":4,"name":"Publicit\u00e9 murale","item":"https:\/\/www.amstelprinting.nl\/fr\/categorie\/publicite-interieure\/publicite-murale\/"},{"@type":"ListItem","position":5,"name":"Cadre textile acoustique"}]},{"@type":"WebSite","@id":"https:\/\/www.amstelprinting.nl\/fr\/#website","url":"https:\/\/www.amstelprinting.nl\/fr\/","name":"Amstel Printing","description":"Creating Exposure","publisher":{"@id":"https:\/\/www.amstelprinting.nl\/fr\/#organization"},"potentialAction":[{"@type":"SearchAction","target":{"@type":"EntryPoint","urlTemplate":"https:\/\/www.amstelprinting.nl\/fr\/?s={search_term_string}"},"query-input":{"@type":"PropertyValueSpecification","valueRequired":true,"valueName":"search_term_string"}}],"inLanguage":"fr-FR"},{"@type":"Organization","@id":"https:\/\/www.amstelprinting.nl\/fr\/#organization","name":"Amstel Printing","url":"https:\/\/www.amstelprinting.nl\/fr\/","logo":{"@type":"ImageObject","inLanguage":"fr-FR","@id":"https:\/\/www.amstelprinting.nl\/fr\/#\/schema\/logo\/image\/","url":"https:\/\/www.amstelprinting.nl\/wp-content\/uploads\/amstel_printing_logo_clean.png","contentUrl":"https:\/\/www.amstelprinting.nl\/wp-content\/uploads\/amstel_printing_logo_clean.png","width":324,"height":73,"caption":"Amstel Printing"},"image":{"@id":"https:\/\/www.amstelprinting.nl\/fr\/#\/schema\/logo\/image\/"}}]}},"_links":{"self":[{"href":"https:\/\/www.amstelprinting.nl\/fr\/wp-json\/wp\/v2\/product\/14737","targetHints":{"allow":["GET"]}}],"collection":[{"href":"https:\/\/www.amstelprinting.nl\/fr\/wp-json\/wp\/v2\/product"}],"about":[{"href":"https:\/\/www.amstelprinting.nl\/fr\/wp-json\/wp\/v2\/types\/product"}],"wp:featuredmedia":[{"embeddable":true,"href":"https:\/\/www.amstelprinting.nl\/fr\/wp-json\/wp\/v2\/media\/14738"}],"wp:attachment":[{"href":"https:\/\/www.amstelprinting.nl\/fr\/wp-json\/wp\/v2\/media?parent=14737"}],"wp:term":[{"taxonomy":"product_brand","embeddable":true,"href":"https:\/\/www.amstelprinting.nl\/fr\/wp-json\/wp\/v2\/product_brand?post=14737"},{"taxonomy":"product_cat","embeddable":true,"href":"https:\/\/www.amstelprinting.nl\/fr\/wp-json\/wp\/v2\/product_cat?post=14737"},{"taxonomy":"product_tag","embeddable":true,"href":"https:\/\/www.amstelprinting.nl\/fr\/wp-json\/wp\/v2\/product_tag?post=14737"}],"curies":[{"name":"wp","href":"https:\/\/api.w.org\/{rel}","templated":true}]}}