{"id":14747,"date":"2025-01-24T11:29:39","date_gmt":"2025-01-24T10:29:39","guid":{"rendered":"https:\/\/www.amstelprinting.nl\/winkel\/non%20class\u00e9\/golfvlag\/"},"modified":"2026-02-18T12:51:11","modified_gmt":"2026-02-18T11:51:11","slug":"drapeau-de-golf","status":"publish","type":"product","link":"https:\/\/www.amstelprinting.nl\/fr\/boutique\/tout-les-drapeaux\/drapeaux\/drapeau-de-golf\/","title":{"rendered":"Drapeau de golf"},"content":{"rendered":"<h3>Impression de drapeaux de golf : tissu Longlife<\/h3>\n<p>Le drapeau de golf est disponible au format standard 44 cm x 34,5 cm et fabriqu\u00e9 en mat\u00e9riau de tissu de drapeau Longlife. Il s&rsquo;agit d&rsquo;un tissu robuste qui r\u00e9siste aux \u00e9l\u00e9ments et s&rsquo;effiloche moins vite, afin que votre drapeau de golf ait toujours une apparence nette et professionnelle.<\/p>\n<h3>Finition des drapeaux de golf<\/h3>\n<p>Le drapeau de golf est dot\u00e9 d&rsquo;un tube de golf de \u00f8 2 cm qui s&rsquo;adapte parfaitement aux hampes de drapeaux de golf courantes. Le syst\u00e8me tube lock assure une fixation s\u00fbre et permet \u00e0 votre drapeau de golf de flotter facilement au vent. Vous avez le choix entre du fil blanc ou noir pour la finition de votre drapeau de golf. Ainsi, votre drapeau s&rsquo;adapte parfaitement \u00e0 l&rsquo;esth\u00e9tique de votre club ou de votre tournoi.<\/p>\n<h3>Questions fr\u00e9quemment pos\u00e9es sur les drapeaux de golf<\/h3>\n<p>Quelle est la dur\u00e9e de vie pr\u00e9vue du drapeau de golf ?<br \/>\nLe drapeau de golf est fabriqu\u00e9 en mat\u00e9riau Longlife, un tissu r\u00e9sistant qui s&rsquo;effiloche moins vite. Utilis\u00e9 dans des conditions allant jusqu&rsquo;\u00e0 une force de vent de six, le drapeau dure de trois \u00e0 cinq mois.<\/p>\n","protected":false},"excerpt":{"rendered":"<h3>Drapeau de golf imprim\u00e9 livr\u00e9 avec tube de golf<\/h3>\n<p>Vous souhaitez commander un drapeau de golf avec votre propre impression ? Les drapeaux de golf imprim\u00e9s sont parfaits pour un tournoi de golf professionnel ou simplement pour une journ\u00e9e de d\u00e9tente sur le parcours de golf. Le drapeau de golf est fini avec un tube de golf (\u00f8 2 cm) et s&rsquo;adapte ainsi \u00e0 pratiquement toutes les hampes de drapeaux courantes sur le terrain de golf.<\/p>\n","protected":false},"featured_media":14748,"template":"","meta":{"_et_pb_use_builder":"","_et_pb_old_content":"","_et_gb_content_width":""},"product_brand":[],"product_cat":[872,890],"product_tag":[],"class_list":{"0":"post-14747","1":"product","2":"type-product","3":"status-publish","4":"has-post-thumbnail","6":"product_cat-tout-les-drapeaux","7":"product_cat-drapeaux","9":"first","10":"instock","11":"taxable","12":"shipping-taxable","13":"purchasable","14":"product-type-simple"},"yoast_head":"<!-- This site is optimized with the Yoast SEO plugin v27.3 - https:\/\/yoast.com\/product\/yoast-seo-wordpress\/ -->\n<title>Drapeau de golf imprim\u00e9 pour \u00e9v\u00e9nements | Durable &amp; Pr\u00eat \u00e0 l&#039;emploi<\/title>\n<meta name=\"description\" content=\"Commandez votre drapeau de golf durable avec un syst\u00e8me de verrouillage de tube robuste pour une visibilit\u00e9 optimale sur le green. Livraison rapide sous 3 jours ouvrables.\" \/>\n<meta name=\"robots\" content=\"index, follow, max-snippet:-1, max-image-preview:large, max-video-preview:-1\" \/>\n<link rel=\"canonical\" href=\"https:\/\/www.amstelprinting.nl\/fr\/boutique\/tout-les-drapeaux\/drapeaux\/drapeau-de-golf\/\" \/>\n<meta property=\"og:locale\" content=\"fr_FR\" \/>\n<meta property=\"og:type\" content=\"article\" \/>\n<meta property=\"og:title\" content=\"Drapeau de golf imprim\u00e9 pour \u00e9v\u00e9nements | Durable &amp; Pr\u00eat \u00e0 l&#039;emploi\" \/>\n<meta property=\"og:description\" content=\"Commandez votre drapeau de golf durable avec un syst\u00e8me de verrouillage de tube robuste pour une visibilit\u00e9 optimale sur le green. Livraison rapide sous 3 jours ouvrables.\" \/>\n<meta property=\"og:url\" content=\"https:\/\/www.amstelprinting.nl\/fr\/boutique\/tout-les-drapeaux\/drapeaux\/drapeau-de-golf\/\" \/>\n<meta property=\"og:site_name\" content=\"Amstel Printing\" \/>\n<meta property=\"article:modified_time\" content=\"2026-02-18T11:51:11+00:00\" \/>\n<meta property=\"og:image\" content=\"https:\/\/www.amstelprinting.nl\/wp-content\/uploads\/golf-vlag-bedrukken.png\" \/>\n\t<meta property=\"og:image:width\" content=\"900\" \/>\n\t<meta property=\"og:image:height\" content=\"900\" \/>\n\t<meta property=\"og:image:type\" content=\"image\/png\" \/>\n<meta name=\"twitter:card\" content=\"summary_large_image\" \/>\n<meta name=\"twitter:label1\" content=\"Dur\u00e9e de lecture estim\u00e9e\" \/>\n\t<meta name=\"twitter:data1\" content=\"1 minute\" \/>\n<script type=\"application\/ld+json\" class=\"yoast-schema-graph\">{\"@context\":\"https:\\\/\\\/schema.org\",\"@graph\":[{\"@type\":\"WebPage\",\"@id\":\"https:\\\/\\\/www.amstelprinting.nl\\\/fr\\\/boutique\\\/tout-les-drapeaux\\\/drapeaux\\\/drapeau-de-golf\\\/\",\"url\":\"https:\\\/\\\/www.amstelprinting.nl\\\/fr\\\/boutique\\\/tout-les-drapeaux\\\/drapeaux\\\/drapeau-de-golf\\\/\",\"name\":\"Drapeau de golf imprim\u00e9 pour \u00e9v\u00e9nements | Durable & Pr\u00eat \u00e0 l'emploi\",\"isPartOf\":{\"@id\":\"https:\\\/\\\/www.amstelprinting.nl\\\/fr\\\/#website\"},\"primaryImageOfPage\":{\"@id\":\"https:\\\/\\\/www.amstelprinting.nl\\\/fr\\\/boutique\\\/tout-les-drapeaux\\\/drapeaux\\\/drapeau-de-golf\\\/#primaryimage\"},\"image\":{\"@id\":\"https:\\\/\\\/www.amstelprinting.nl\\\/fr\\\/boutique\\\/tout-les-drapeaux\\\/drapeaux\\\/drapeau-de-golf\\\/#primaryimage\"},\"thumbnailUrl\":\"https:\\\/\\\/www.amstelprinting.nl\\\/wp-content\\\/uploads\\\/golf-vlag-bedrukken.png\",\"datePublished\":\"2025-01-24T10:29:39+00:00\",\"dateModified\":\"2026-02-18T11:51:11+00:00\",\"description\":\"Commandez votre drapeau de golf durable avec un syst\u00e8me de verrouillage de tube robuste pour une visibilit\u00e9 optimale sur le green. Livraison rapide sous 3 jours ouvrables.\",\"breadcrumb\":{\"@id\":\"https:\\\/\\\/www.amstelprinting.nl\\\/fr\\\/boutique\\\/tout-les-drapeaux\\\/drapeaux\\\/drapeau-de-golf\\\/#breadcrumb\"},\"inLanguage\":\"fr-FR\",\"potentialAction\":[{\"@type\":\"ReadAction\",\"target\":[\"https:\\\/\\\/www.amstelprinting.nl\\\/fr\\\/boutique\\\/tout-les-drapeaux\\\/drapeaux\\\/drapeau-de-golf\\\/\"]}]},{\"@type\":\"ImageObject\",\"inLanguage\":\"fr-FR\",\"@id\":\"https:\\\/\\\/www.amstelprinting.nl\\\/fr\\\/boutique\\\/tout-les-drapeaux\\\/drapeaux\\\/drapeau-de-golf\\\/#primaryimage\",\"url\":\"https:\\\/\\\/www.amstelprinting.nl\\\/wp-content\\\/uploads\\\/golf-vlag-bedrukken.png\",\"contentUrl\":\"https:\\\/\\\/www.amstelprinting.nl\\\/wp-content\\\/uploads\\\/golf-vlag-bedrukken.png\",\"width\":900,\"height\":900},{\"@type\":\"BreadcrumbList\",\"@id\":\"https:\\\/\\\/www.amstelprinting.nl\\\/fr\\\/boutique\\\/tout-les-drapeaux\\\/drapeaux\\\/drapeau-de-golf\\\/#breadcrumb\",\"itemListElement\":[{\"@type\":\"ListItem\",\"position\":1,\"name\":\"\",\"item\":\"https:\\\/\\\/www.amstelprinting.nl\\\/fr\\\/\"},{\"@type\":\"ListItem\",\"position\":2,\"name\":\"Amstel Printing\",\"item\":\"https:\\\/\\\/www.amstelprinting.nl\\\/fr\\\/boutique\\\/\"},{\"@type\":\"ListItem\",\"position\":3,\"name\":\"Drapeaux\",\"item\":\"https:\\\/\\\/www.amstelprinting.nl\\\/fr\\\/categorie\\\/tout-les-drapeaux\\\/\"},{\"@type\":\"ListItem\",\"position\":4,\"name\":\"Drapeaux\",\"item\":\"https:\\\/\\\/www.amstelprinting.nl\\\/fr\\\/categorie\\\/tout-les-drapeaux\\\/drapeaux\\\/\"},{\"@type\":\"ListItem\",\"position\":5,\"name\":\"Drapeau de golf\"}]},{\"@type\":\"WebSite\",\"@id\":\"https:\\\/\\\/www.amstelprinting.nl\\\/fr\\\/#website\",\"url\":\"https:\\\/\\\/www.amstelprinting.nl\\\/fr\\\/\",\"name\":\"Amstel Printing\",\"description\":\"Creating Exposure\",\"publisher\":{\"@id\":\"https:\\\/\\\/www.amstelprinting.nl\\\/fr\\\/#organization\"},\"potentialAction\":[{\"@type\":\"SearchAction\",\"target\":{\"@type\":\"EntryPoint\",\"urlTemplate\":\"https:\\\/\\\/www.amstelprinting.nl\\\/fr\\\/?s={search_term_string}\"},\"query-input\":{\"@type\":\"PropertyValueSpecification\",\"valueRequired\":true,\"valueName\":\"search_term_string\"}}],\"inLanguage\":\"fr-FR\"},{\"@type\":\"Organization\",\"@id\":\"https:\\\/\\\/www.amstelprinting.nl\\\/fr\\\/#organization\",\"name\":\"Amstel Printing\",\"url\":\"https:\\\/\\\/www.amstelprinting.nl\\\/fr\\\/\",\"logo\":{\"@type\":\"ImageObject\",\"inLanguage\":\"fr-FR\",\"@id\":\"https:\\\/\\\/www.amstelprinting.nl\\\/fr\\\/#\\\/schema\\\/logo\\\/image\\\/\",\"url\":\"https:\\\/\\\/www.amstelprinting.nl\\\/wp-content\\\/uploads\\\/amstel_printing_logo_clean.png\",\"contentUrl\":\"https:\\\/\\\/www.amstelprinting.nl\\\/wp-content\\\/uploads\\\/amstel_printing_logo_clean.png\",\"width\":324,\"height\":73,\"caption\":\"Amstel Printing\"},\"image\":{\"@id\":\"https:\\\/\\\/www.amstelprinting.nl\\\/fr\\\/#\\\/schema\\\/logo\\\/image\\\/\"}}]}<\/script>\n<!-- \/ Yoast SEO plugin. -->","yoast_head_json":{"title":"Drapeau de golf imprim\u00e9 pour \u00e9v\u00e9nements | Durable & Pr\u00eat \u00e0 l'emploi","description":"Commandez votre drapeau de golf durable avec un syst\u00e8me de verrouillage de tube robuste pour une visibilit\u00e9 optimale sur le green. Livraison rapide sous 3 jours ouvrables.","robots":{"index":"index","follow":"follow","max-snippet":"max-snippet:-1","max-image-preview":"max-image-preview:large","max-video-preview":"max-video-preview:-1"},"canonical":"https:\/\/www.amstelprinting.nl\/fr\/boutique\/tout-les-drapeaux\/drapeaux\/drapeau-de-golf\/","og_locale":"fr_FR","og_type":"article","og_title":"Drapeau de golf imprim\u00e9 pour \u00e9v\u00e9nements | Durable & Pr\u00eat \u00e0 l'emploi","og_description":"Commandez votre drapeau de golf durable avec un syst\u00e8me de verrouillage de tube robuste pour une visibilit\u00e9 optimale sur le green. Livraison rapide sous 3 jours ouvrables.","og_url":"https:\/\/www.amstelprinting.nl\/fr\/boutique\/tout-les-drapeaux\/drapeaux\/drapeau-de-golf\/","og_site_name":"Amstel Printing","article_modified_time":"2026-02-18T11:51:11+00:00","og_image":[{"width":900,"height":900,"url":"https:\/\/www.amstelprinting.nl\/wp-content\/uploads\/golf-vlag-bedrukken.png","type":"image\/png"}],"twitter_card":"summary_large_image","twitter_misc":{"Dur\u00e9e de lecture estim\u00e9e":"1 minute"},"schema":{"@context":"https:\/\/schema.org","@graph":[{"@type":"WebPage","@id":"https:\/\/www.amstelprinting.nl\/fr\/boutique\/tout-les-drapeaux\/drapeaux\/drapeau-de-golf\/","url":"https:\/\/www.amstelprinting.nl\/fr\/boutique\/tout-les-drapeaux\/drapeaux\/drapeau-de-golf\/","name":"Drapeau de golf imprim\u00e9 pour \u00e9v\u00e9nements | Durable & Pr\u00eat \u00e0 l'emploi","isPartOf":{"@id":"https:\/\/www.amstelprinting.nl\/fr\/#website"},"primaryImageOfPage":{"@id":"https:\/\/www.amstelprinting.nl\/fr\/boutique\/tout-les-drapeaux\/drapeaux\/drapeau-de-golf\/#primaryimage"},"image":{"@id":"https:\/\/www.amstelprinting.nl\/fr\/boutique\/tout-les-drapeaux\/drapeaux\/drapeau-de-golf\/#primaryimage"},"thumbnailUrl":"https:\/\/www.amstelprinting.nl\/wp-content\/uploads\/golf-vlag-bedrukken.png","datePublished":"2025-01-24T10:29:39+00:00","dateModified":"2026-02-18T11:51:11+00:00","description":"Commandez votre drapeau de golf durable avec un syst\u00e8me de verrouillage de tube robuste pour une visibilit\u00e9 optimale sur le green. Livraison rapide sous 3 jours ouvrables.","breadcrumb":{"@id":"https:\/\/www.amstelprinting.nl\/fr\/boutique\/tout-les-drapeaux\/drapeaux\/drapeau-de-golf\/#breadcrumb"},"inLanguage":"fr-FR","potentialAction":[{"@type":"ReadAction","target":["https:\/\/www.amstelprinting.nl\/fr\/boutique\/tout-les-drapeaux\/drapeaux\/drapeau-de-golf\/"]}]},{"@type":"ImageObject","inLanguage":"fr-FR","@id":"https:\/\/www.amstelprinting.nl\/fr\/boutique\/tout-les-drapeaux\/drapeaux\/drapeau-de-golf\/#primaryimage","url":"https:\/\/www.amstelprinting.nl\/wp-content\/uploads\/golf-vlag-bedrukken.png","contentUrl":"https:\/\/www.amstelprinting.nl\/wp-content\/uploads\/golf-vlag-bedrukken.png","width":900,"height":900},{"@type":"BreadcrumbList","@id":"https:\/\/www.amstelprinting.nl\/fr\/boutique\/tout-les-drapeaux\/drapeaux\/drapeau-de-golf\/#breadcrumb","itemListElement":[{"@type":"ListItem","position":1,"name":"","item":"https:\/\/www.amstelprinting.nl\/fr\/"},{"@type":"ListItem","position":2,"name":"Amstel Printing","item":"https:\/\/www.amstelprinting.nl\/fr\/boutique\/"},{"@type":"ListItem","position":3,"name":"Drapeaux","item":"https:\/\/www.amstelprinting.nl\/fr\/categorie\/tout-les-drapeaux\/"},{"@type":"ListItem","position":4,"name":"Drapeaux","item":"https:\/\/www.amstelprinting.nl\/fr\/categorie\/tout-les-drapeaux\/drapeaux\/"},{"@type":"ListItem","position":5,"name":"Drapeau de golf"}]},{"@type":"WebSite","@id":"https:\/\/www.amstelprinting.nl\/fr\/#website","url":"https:\/\/www.amstelprinting.nl\/fr\/","name":"Amstel Printing","description":"Creating Exposure","publisher":{"@id":"https:\/\/www.amstelprinting.nl\/fr\/#organization"},"potentialAction":[{"@type":"SearchAction","target":{"@type":"EntryPoint","urlTemplate":"https:\/\/www.amstelprinting.nl\/fr\/?s={search_term_string}"},"query-input":{"@type":"PropertyValueSpecification","valueRequired":true,"valueName":"search_term_string"}}],"inLanguage":"fr-FR"},{"@type":"Organization","@id":"https:\/\/www.amstelprinting.nl\/fr\/#organization","name":"Amstel Printing","url":"https:\/\/www.amstelprinting.nl\/fr\/","logo":{"@type":"ImageObject","inLanguage":"fr-FR","@id":"https:\/\/www.amstelprinting.nl\/fr\/#\/schema\/logo\/image\/","url":"https:\/\/www.amstelprinting.nl\/wp-content\/uploads\/amstel_printing_logo_clean.png","contentUrl":"https:\/\/www.amstelprinting.nl\/wp-content\/uploads\/amstel_printing_logo_clean.png","width":324,"height":73,"caption":"Amstel Printing"},"image":{"@id":"https:\/\/www.amstelprinting.nl\/fr\/#\/schema\/logo\/image\/"}}]}},"_links":{"self":[{"href":"https:\/\/www.amstelprinting.nl\/fr\/wp-json\/wp\/v2\/product\/14747","targetHints":{"allow":["GET"]}}],"collection":[{"href":"https:\/\/www.amstelprinting.nl\/fr\/wp-json\/wp\/v2\/product"}],"about":[{"href":"https:\/\/www.amstelprinting.nl\/fr\/wp-json\/wp\/v2\/types\/product"}],"wp:featuredmedia":[{"embeddable":true,"href":"https:\/\/www.amstelprinting.nl\/fr\/wp-json\/wp\/v2\/media\/14748"}],"wp:attachment":[{"href":"https:\/\/www.amstelprinting.nl\/fr\/wp-json\/wp\/v2\/media?parent=14747"}],"wp:term":[{"taxonomy":"product_brand","embeddable":true,"href":"https:\/\/www.amstelprinting.nl\/fr\/wp-json\/wp\/v2\/product_brand?post=14747"},{"taxonomy":"product_cat","embeddable":true,"href":"https:\/\/www.amstelprinting.nl\/fr\/wp-json\/wp\/v2\/product_cat?post=14747"},{"taxonomy":"product_tag","embeddable":true,"href":"https:\/\/www.amstelprinting.nl\/fr\/wp-json\/wp\/v2\/product_tag?post=14747"}],"curies":[{"name":"wp","href":"https:\/\/api.w.org\/{rel}","templated":true}]}}