{"id":14757,"date":"2025-01-24T11:29:30","date_gmt":"2025-01-24T10:29:30","guid":{"rendered":"https:\/\/www.amstelprinting.nl\/winkel\/non%20class\u00e9\/houten-textielframe\/"},"modified":"2026-02-18T12:51:12","modified_gmt":"2026-02-18T11:51:12","slug":"cadre-textile-en-bois","status":"publish","type":"product","link":"https:\/\/www.amstelprinting.nl\/fr\/boutique\/interieur-2\/decoration-murale\/cadre-textile-en-bois\/","title":{"rendered":"Cadre textile en bois"},"content":{"rendered":"<h3>Commander un cadre textile en bois<\/h3>\n<p>Apportez beaut\u00e9 naturelle et polyvalence \u00e0 votre int\u00e9rieur avec notre cadre textile en bois. Ce cadre est sp\u00e9cialement con\u00e7u pour la fixation d&rsquo;une toile \u00e0 jonc. Vous d\u00e9terminez vous-m\u00eame le format. Le cadre textile en bois est parfait pour diverses applications \u00e0 la maison ou au bureau.<\/p>\n<h3>Avantages<\/h3>\n<ul>\n<li>Cr\u00e9ez une d\u00e9coration murale unique et saisissante<\/li>\n<li>Votre design ou image imprim\u00e9 avec une nettet\u00e9 exceptionnelle<\/li>\n<li>Disponible en trois mat\u00e9riaux de toile diff\u00e9rents<\/li>\n<li>Cadre en bois d&rsquo;Ayous (tr\u00e8s durable)<\/li>\n<li>R\u00e9sistant aux variations de temp\u00e9rature ambiante (trait\u00e9 thermiquement)<\/li>\n<li>Le changement d&rsquo;impression est facile<\/li>\n<\/ul>\n<p>&nbsp;<\/p>\n<h3>Mat\u00e9riau<\/h3>\n<p>Nous proposons une s\u00e9lection de mat\u00e9riaux de haute qualit\u00e9 pour votre toile :<\/p>\n<ul>\n<li><strong>Dekostof<\/strong> : Ce tissu en polyester souple poss\u00e8de une structure fine et un aspect puissant. De plus, il dispose d&rsquo;un certificat d&rsquo;ignifugation pour plus de s\u00e9curit\u00e9.<\/li>\n<li><strong>Structex<\/strong> : Un tissu structur\u00e9 en polyester de haute qualit\u00e9 avec un aspect coton, \u00e9galement dot\u00e9 d&rsquo;un certificat d&rsquo;ignifugation.<\/li>\n<li><strong>Velours<\/strong> : Polyester de haute qualit\u00e9 \u00e0 poils ras, pour un aspect velout\u00e9 qui sublime chaque espace.<\/li>\n<\/ul>\n<p>&nbsp;<\/p>\n<h3>Dimensions du cadre<\/h3>\n<p>Chaque cadre mesure 27 mm de profondeur et 68 mm de largeur. Apr\u00e8s la pose de la toile \u00e0 jonc, cette largeur totale n&rsquo;est plus visible (voir \u00e9galement les images du produit).<\/p>\n<h3>Durable<\/h3>\n<p>Le cadre textile en bois est fabriqu\u00e9 \u00e0 partir de bois d&rsquo;Ayous modifi\u00e9, r\u00e9put\u00e9 pour sa durabilit\u00e9 et son aspect attrayant. Ce bois apporte une touche naturelle et chaleureuse \u00e0 votre espace. Le bois r\u00e9siste bien aux variations de temp\u00e9rature et aux conditions m\u00e9t\u00e9orologiques. Il est enti\u00e8rement naturel et respectueux de l&rsquo;environnement, sans ajout de produits chimiques. De plus, 70 % du bois est certifi\u00e9 FSC, ce qui contribue \u00e0 une gestion durable des for\u00eats.<\/p>\n<h3>Fixation<\/h3>\n<p>Il est livr\u00e9 en standard avec un ensemble de kits de verrouillage, que vous fixez avec des vis dans chaque coin pour une construction solide et \u00e0 angle droit. Pour les cadres jusqu&rsquo;\u00e0 150 cm de large, nous fournissons un syst\u00e8me de suspension. Pour les formats plus grands, nous recommandons de visser le cadre au mur tous les 50 cm pour une stabilit\u00e9 optimale.<\/p>\n<h3>Accessoires<\/h3>\n<p>Vous pouvez choisir de suspendre le cadre ou de le visser, selon votre pr\u00e9f\u00e9rence. De plus, nous proposons des accessoires pratiques, tels que l&rsquo;E-locktool, pour rendre l&rsquo;installation aussi simple que possible.<\/p>\n<p>Notre cadre textile en bois vous offre la combinaison parfaite d&rsquo;\u00e9l\u00e9gance naturelle et de qualit\u00e9 durable. Que vous souhaitiez am\u00e9nager un int\u00e9rieur professionnel ou donner une touche de style \u00e0 votre maison, ce cadre est le choix id\u00e9al. Gr\u00e2ce \u00e0 une large gamme de mat\u00e9riaux et de formats, vous pouvez adapter enti\u00e8rement le cadre \u00e0 vos souhaits. Commandez d\u00e8s aujourd&rsquo;hui et transformez votre espace avec ce magnifique cadre textile, fonctionnel et \u00e9cologique.<\/p>\n<h3>Questions fr\u00e9quemment pos\u00e9es<\/h3>\n<p><strong>Que recevez-vous avec le cadre textile en bois ?<\/strong><br \/>\nAvec le cadre textile en bois, vous recevez par d\u00e9faut quatre parties, qui peuvent \u00eatre facilement fix\u00e9es dans les coins avec un kit de verrouillage. Cela garantit une construction solide et des angles droits parfaits, pour que votre cadre textile ait toujours un aspect tendu et professionnel.<\/p>\n<p><strong>Comment le cadre textile en bois est-il emball\u00e9 ?<\/strong><br \/>\nLe cadre textile en bois est soigneusement emball\u00e9 dans une bo\u00eete solide, avec une protection suppl\u00e9mentaire si n\u00e9cessaire. De cette mani\u00e8re, nous nous assurons que vous recevez le cadre textile en bois intact et en parfait \u00e9tat.<\/p>\n<p><strong>Que faire s&rsquo;il y a des plis dans votre toile ?<\/strong><br \/>\nLorsque vous placez la toile \u00e0 jonc dans le cadre en bois, une tension est exerc\u00e9e sur le mat\u00e9riau. En cons\u00e9quence, les plis disparaissent d&rsquo;eux-m\u00eames de la toile, et celle-ci retrouve un aspect tendu et soign\u00e9.<\/p>\n","protected":false},"excerpt":{"rendered":"<h3>Magnifique cadre en bois dot\u00e9 d&rsquo;une impression photo d&rsquo;une nettet\u00e9 exceptionnelle selon vos souhaits<\/h3>\n<p>Vous d\u00e9terminez vous-m\u00eame les dimensions. Composez ci-dessous votre cadre textile en bois selon vos souhaits en quelques \u00e9tapes.<\/p>\n","protected":false},"featured_media":14758,"template":"","meta":{"_et_pb_use_builder":"","_et_pb_old_content":"","_et_gb_content_width":""},"product_brand":[],"product_cat":[629,625,542,380,443],"product_tag":[],"class_list":{"0":"post-14757","1":"product","2":"type-product","3":"status-publish","4":"has-post-thumbnail","6":"product_cat-bureau","7":"product_cat-decoration-murale","8":"product_cat-interieur-2","9":"product_cat-publicite-interieure","10":"product_cat-publicite-murale","12":"first","13":"instock","14":"taxable","15":"shipping-taxable","16":"purchasable","17":"product-type-simple"},"yoast_head":"<!-- This site is optimized with the Yoast SEO plugin v27.3 - https:\/\/yoast.com\/product\/yoast-seo-wordpress\/ -->\n<title>Cadre textile en bois | Amstel Printing<\/title>\n<meta name=\"robots\" content=\"index, follow, max-snippet:-1, max-image-preview:large, max-video-preview:-1\" \/>\n<link rel=\"canonical\" href=\"https:\/\/www.amstelprinting.nl\/fr\/boutique\/interieur-2\/decoration-murale\/cadre-textile-en-bois\/\" \/>\n<meta property=\"og:locale\" content=\"fr_FR\" \/>\n<meta property=\"og:type\" content=\"article\" \/>\n<meta property=\"og:title\" content=\"Cadre textile en bois | Amstel Printing\" \/>\n<meta property=\"og:description\" content=\"Magnifique cadre en bois dot\u00e9 d&#039;une impression photo d&#039;une nettet\u00e9 exceptionnelle selon vos souhaits Vous d\u00e9terminez vous-m\u00eame les dimensions. Composez ci-dessous votre cadre textile en bois selon vos souhaits en quelques \u00e9tapes.\" \/>\n<meta property=\"og:url\" content=\"https:\/\/www.amstelprinting.nl\/fr\/boutique\/interieur-2\/decoration-murale\/cadre-textile-en-bois\/\" \/>\n<meta property=\"og:site_name\" content=\"Amstel Printing\" \/>\n<meta property=\"article:modified_time\" content=\"2026-02-18T11:51:12+00:00\" \/>\n<meta property=\"og:image\" content=\"https:\/\/www.amstelprinting.nl\/wp-content\/uploads\/Houten-textielframe.jpg\" \/>\n\t<meta property=\"og:image:width\" content=\"700\" \/>\n\t<meta property=\"og:image:height\" content=\"700\" \/>\n\t<meta property=\"og:image:type\" content=\"image\/jpeg\" \/>\n<meta name=\"twitter:card\" content=\"summary_large_image\" \/>\n<meta name=\"twitter:label1\" content=\"Dur\u00e9e de lecture estim\u00e9e\" \/>\n\t<meta name=\"twitter:data1\" content=\"3 minutes\" \/>\n<script type=\"application\/ld+json\" class=\"yoast-schema-graph\">{\"@context\":\"https:\\\/\\\/schema.org\",\"@graph\":[{\"@type\":\"WebPage\",\"@id\":\"https:\\\/\\\/www.amstelprinting.nl\\\/fr\\\/boutique\\\/interieur-2\\\/decoration-murale\\\/cadre-textile-en-bois\\\/\",\"url\":\"https:\\\/\\\/www.amstelprinting.nl\\\/fr\\\/boutique\\\/interieur-2\\\/decoration-murale\\\/cadre-textile-en-bois\\\/\",\"name\":\"Cadre textile en bois | Amstel Printing\",\"isPartOf\":{\"@id\":\"https:\\\/\\\/www.amstelprinting.nl\\\/fr\\\/#website\"},\"primaryImageOfPage\":{\"@id\":\"https:\\\/\\\/www.amstelprinting.nl\\\/fr\\\/boutique\\\/interieur-2\\\/decoration-murale\\\/cadre-textile-en-bois\\\/#primaryimage\"},\"image\":{\"@id\":\"https:\\\/\\\/www.amstelprinting.nl\\\/fr\\\/boutique\\\/interieur-2\\\/decoration-murale\\\/cadre-textile-en-bois\\\/#primaryimage\"},\"thumbnailUrl\":\"https:\\\/\\\/www.amstelprinting.nl\\\/wp-content\\\/uploads\\\/Houten-textielframe.jpg\",\"datePublished\":\"2025-01-24T10:29:30+00:00\",\"dateModified\":\"2026-02-18T11:51:12+00:00\",\"breadcrumb\":{\"@id\":\"https:\\\/\\\/www.amstelprinting.nl\\\/fr\\\/boutique\\\/interieur-2\\\/decoration-murale\\\/cadre-textile-en-bois\\\/#breadcrumb\"},\"inLanguage\":\"fr-FR\",\"potentialAction\":[{\"@type\":\"ReadAction\",\"target\":[\"https:\\\/\\\/www.amstelprinting.nl\\\/fr\\\/boutique\\\/interieur-2\\\/decoration-murale\\\/cadre-textile-en-bois\\\/\"]}]},{\"@type\":\"ImageObject\",\"inLanguage\":\"fr-FR\",\"@id\":\"https:\\\/\\\/www.amstelprinting.nl\\\/fr\\\/boutique\\\/interieur-2\\\/decoration-murale\\\/cadre-textile-en-bois\\\/#primaryimage\",\"url\":\"https:\\\/\\\/www.amstelprinting.nl\\\/wp-content\\\/uploads\\\/Houten-textielframe.jpg\",\"contentUrl\":\"https:\\\/\\\/www.amstelprinting.nl\\\/wp-content\\\/uploads\\\/Houten-textielframe.jpg\",\"width\":700,\"height\":700},{\"@type\":\"BreadcrumbList\",\"@id\":\"https:\\\/\\\/www.amstelprinting.nl\\\/fr\\\/boutique\\\/interieur-2\\\/decoration-murale\\\/cadre-textile-en-bois\\\/#breadcrumb\",\"itemListElement\":[{\"@type\":\"ListItem\",\"position\":1,\"name\":\"\",\"item\":\"https:\\\/\\\/www.amstelprinting.nl\\\/fr\\\/\"},{\"@type\":\"ListItem\",\"position\":2,\"name\":\"Amstel Printing\",\"item\":\"https:\\\/\\\/www.amstelprinting.nl\\\/fr\\\/boutique\\\/\"},{\"@type\":\"ListItem\",\"position\":3,\"name\":\"Publicit\u00e9 int\u00e9rieure\",\"item\":\"https:\\\/\\\/www.amstelprinting.nl\\\/fr\\\/categorie\\\/publicite-interieure\\\/\"},{\"@type\":\"ListItem\",\"position\":4,\"name\":\"Publicit\u00e9 murale\",\"item\":\"https:\\\/\\\/www.amstelprinting.nl\\\/fr\\\/categorie\\\/publicite-interieure\\\/publicite-murale\\\/\"},{\"@type\":\"ListItem\",\"position\":5,\"name\":\"Cadre textile en bois\"}]},{\"@type\":\"WebSite\",\"@id\":\"https:\\\/\\\/www.amstelprinting.nl\\\/fr\\\/#website\",\"url\":\"https:\\\/\\\/www.amstelprinting.nl\\\/fr\\\/\",\"name\":\"Amstel Printing\",\"description\":\"Creating Exposure\",\"publisher\":{\"@id\":\"https:\\\/\\\/www.amstelprinting.nl\\\/fr\\\/#organization\"},\"potentialAction\":[{\"@type\":\"SearchAction\",\"target\":{\"@type\":\"EntryPoint\",\"urlTemplate\":\"https:\\\/\\\/www.amstelprinting.nl\\\/fr\\\/?s={search_term_string}\"},\"query-input\":{\"@type\":\"PropertyValueSpecification\",\"valueRequired\":true,\"valueName\":\"search_term_string\"}}],\"inLanguage\":\"fr-FR\"},{\"@type\":\"Organization\",\"@id\":\"https:\\\/\\\/www.amstelprinting.nl\\\/fr\\\/#organization\",\"name\":\"Amstel Printing\",\"url\":\"https:\\\/\\\/www.amstelprinting.nl\\\/fr\\\/\",\"logo\":{\"@type\":\"ImageObject\",\"inLanguage\":\"fr-FR\",\"@id\":\"https:\\\/\\\/www.amstelprinting.nl\\\/fr\\\/#\\\/schema\\\/logo\\\/image\\\/\",\"url\":\"https:\\\/\\\/www.amstelprinting.nl\\\/wp-content\\\/uploads\\\/amstel_printing_logo_clean.png\",\"contentUrl\":\"https:\\\/\\\/www.amstelprinting.nl\\\/wp-content\\\/uploads\\\/amstel_printing_logo_clean.png\",\"width\":324,\"height\":73,\"caption\":\"Amstel Printing\"},\"image\":{\"@id\":\"https:\\\/\\\/www.amstelprinting.nl\\\/fr\\\/#\\\/schema\\\/logo\\\/image\\\/\"}}]}<\/script>\n<!-- \/ Yoast SEO plugin. -->","yoast_head_json":{"title":"Cadre textile en bois | Amstel Printing","robots":{"index":"index","follow":"follow","max-snippet":"max-snippet:-1","max-image-preview":"max-image-preview:large","max-video-preview":"max-video-preview:-1"},"canonical":"https:\/\/www.amstelprinting.nl\/fr\/boutique\/interieur-2\/decoration-murale\/cadre-textile-en-bois\/","og_locale":"fr_FR","og_type":"article","og_title":"Cadre textile en bois | Amstel Printing","og_description":"Magnifique cadre en bois dot\u00e9 d'une impression photo d'une nettet\u00e9 exceptionnelle selon vos souhaits Vous d\u00e9terminez vous-m\u00eame les dimensions. Composez ci-dessous votre cadre textile en bois selon vos souhaits en quelques \u00e9tapes.","og_url":"https:\/\/www.amstelprinting.nl\/fr\/boutique\/interieur-2\/decoration-murale\/cadre-textile-en-bois\/","og_site_name":"Amstel Printing","article_modified_time":"2026-02-18T11:51:12+00:00","og_image":[{"width":700,"height":700,"url":"https:\/\/www.amstelprinting.nl\/wp-content\/uploads\/Houten-textielframe.jpg","type":"image\/jpeg"}],"twitter_card":"summary_large_image","twitter_misc":{"Dur\u00e9e de lecture estim\u00e9e":"3 minutes"},"schema":{"@context":"https:\/\/schema.org","@graph":[{"@type":"WebPage","@id":"https:\/\/www.amstelprinting.nl\/fr\/boutique\/interieur-2\/decoration-murale\/cadre-textile-en-bois\/","url":"https:\/\/www.amstelprinting.nl\/fr\/boutique\/interieur-2\/decoration-murale\/cadre-textile-en-bois\/","name":"Cadre textile en bois | Amstel Printing","isPartOf":{"@id":"https:\/\/www.amstelprinting.nl\/fr\/#website"},"primaryImageOfPage":{"@id":"https:\/\/www.amstelprinting.nl\/fr\/boutique\/interieur-2\/decoration-murale\/cadre-textile-en-bois\/#primaryimage"},"image":{"@id":"https:\/\/www.amstelprinting.nl\/fr\/boutique\/interieur-2\/decoration-murale\/cadre-textile-en-bois\/#primaryimage"},"thumbnailUrl":"https:\/\/www.amstelprinting.nl\/wp-content\/uploads\/Houten-textielframe.jpg","datePublished":"2025-01-24T10:29:30+00:00","dateModified":"2026-02-18T11:51:12+00:00","breadcrumb":{"@id":"https:\/\/www.amstelprinting.nl\/fr\/boutique\/interieur-2\/decoration-murale\/cadre-textile-en-bois\/#breadcrumb"},"inLanguage":"fr-FR","potentialAction":[{"@type":"ReadAction","target":["https:\/\/www.amstelprinting.nl\/fr\/boutique\/interieur-2\/decoration-murale\/cadre-textile-en-bois\/"]}]},{"@type":"ImageObject","inLanguage":"fr-FR","@id":"https:\/\/www.amstelprinting.nl\/fr\/boutique\/interieur-2\/decoration-murale\/cadre-textile-en-bois\/#primaryimage","url":"https:\/\/www.amstelprinting.nl\/wp-content\/uploads\/Houten-textielframe.jpg","contentUrl":"https:\/\/www.amstelprinting.nl\/wp-content\/uploads\/Houten-textielframe.jpg","width":700,"height":700},{"@type":"BreadcrumbList","@id":"https:\/\/www.amstelprinting.nl\/fr\/boutique\/interieur-2\/decoration-murale\/cadre-textile-en-bois\/#breadcrumb","itemListElement":[{"@type":"ListItem","position":1,"name":"","item":"https:\/\/www.amstelprinting.nl\/fr\/"},{"@type":"ListItem","position":2,"name":"Amstel Printing","item":"https:\/\/www.amstelprinting.nl\/fr\/boutique\/"},{"@type":"ListItem","position":3,"name":"Publicit\u00e9 int\u00e9rieure","item":"https:\/\/www.amstelprinting.nl\/fr\/categorie\/publicite-interieure\/"},{"@type":"ListItem","position":4,"name":"Publicit\u00e9 murale","item":"https:\/\/www.amstelprinting.nl\/fr\/categorie\/publicite-interieure\/publicite-murale\/"},{"@type":"ListItem","position":5,"name":"Cadre textile en bois"}]},{"@type":"WebSite","@id":"https:\/\/www.amstelprinting.nl\/fr\/#website","url":"https:\/\/www.amstelprinting.nl\/fr\/","name":"Amstel Printing","description":"Creating Exposure","publisher":{"@id":"https:\/\/www.amstelprinting.nl\/fr\/#organization"},"potentialAction":[{"@type":"SearchAction","target":{"@type":"EntryPoint","urlTemplate":"https:\/\/www.amstelprinting.nl\/fr\/?s={search_term_string}"},"query-input":{"@type":"PropertyValueSpecification","valueRequired":true,"valueName":"search_term_string"}}],"inLanguage":"fr-FR"},{"@type":"Organization","@id":"https:\/\/www.amstelprinting.nl\/fr\/#organization","name":"Amstel Printing","url":"https:\/\/www.amstelprinting.nl\/fr\/","logo":{"@type":"ImageObject","inLanguage":"fr-FR","@id":"https:\/\/www.amstelprinting.nl\/fr\/#\/schema\/logo\/image\/","url":"https:\/\/www.amstelprinting.nl\/wp-content\/uploads\/amstel_printing_logo_clean.png","contentUrl":"https:\/\/www.amstelprinting.nl\/wp-content\/uploads\/amstel_printing_logo_clean.png","width":324,"height":73,"caption":"Amstel Printing"},"image":{"@id":"https:\/\/www.amstelprinting.nl\/fr\/#\/schema\/logo\/image\/"}}]}},"_links":{"self":[{"href":"https:\/\/www.amstelprinting.nl\/fr\/wp-json\/wp\/v2\/product\/14757","targetHints":{"allow":["GET"]}}],"collection":[{"href":"https:\/\/www.amstelprinting.nl\/fr\/wp-json\/wp\/v2\/product"}],"about":[{"href":"https:\/\/www.amstelprinting.nl\/fr\/wp-json\/wp\/v2\/types\/product"}],"wp:featuredmedia":[{"embeddable":true,"href":"https:\/\/www.amstelprinting.nl\/fr\/wp-json\/wp\/v2\/media\/14758"}],"wp:attachment":[{"href":"https:\/\/www.amstelprinting.nl\/fr\/wp-json\/wp\/v2\/media?parent=14757"}],"wp:term":[{"taxonomy":"product_brand","embeddable":true,"href":"https:\/\/www.amstelprinting.nl\/fr\/wp-json\/wp\/v2\/product_brand?post=14757"},{"taxonomy":"product_cat","embeddable":true,"href":"https:\/\/www.amstelprinting.nl\/fr\/wp-json\/wp\/v2\/product_cat?post=14757"},{"taxonomy":"product_tag","embeddable":true,"href":"https:\/\/www.amstelprinting.nl\/fr\/wp-json\/wp\/v2\/product_tag?post=14757"}],"curies":[{"name":"wp","href":"https:\/\/api.w.org\/{rel}","templated":true}]}}