{"id":14767,"date":"2025-01-24T11:29:21","date_gmt":"2025-01-24T10:29:21","guid":{"rendered":"https:\/\/www.amstelprinting.nl\/winkel\/non%20class\u00e9\/muursticker\/"},"modified":"2026-02-18T12:51:13","modified_gmt":"2026-02-18T11:51:13","slug":"sticker-mural","status":"publish","type":"product","link":"https:\/\/www.amstelprinting.nl\/fr\/boutique\/publicite-interieure\/publicite-murale\/sticker-mural\/","title":{"rendered":"Sticker mural"},"content":{"rendered":"<p>Transformez votre espace rapidement et facilement avec un sticker mural imprim\u00e9. Parfait pour la maison, le bureau ou les locaux commerciaux. Nos stickers muraux sont disponibles en diff\u00e9rents mat\u00e9riaux. Dot\u00e9s d&rsquo;une impression couleur haute d\u00e9finition de votre design ou photo.<\/p>\n<h3>Avantages<\/h3>\n<ul>\n<li>Choix entre quatre mat\u00e9riaux<\/li>\n<li>Commandable d\u00e8s 1 exemplaire<\/li>\n<li>Livraison possible sous 3 jours ouvr\u00e9s<\/li>\n<li>Facile \u00e0 fixer sur presque tous les supports<\/li>\n<li>Commandez le sticker mural dans le format de votre choix<\/li>\n<li>Diff\u00e9rents accessoires disponibles<\/li>\n<\/ul>\n<p>&nbsp;<\/p>\n<h3>Mat\u00e9riaux<\/h3>\n<ul>\n<li><strong>DOT blanc<\/strong> : Ce film autocollant avec une structure \u00e0 picots est facile \u00e0 appliquer et \u00e0 retirer, sans former de bulles d&rsquo;air.<\/li>\n<li><strong>Roughmark<\/strong> : Ce film autocollant poss\u00e8de un pouvoir adh\u00e9sif tr\u00e8s \u00e9lev\u00e9, id\u00e9al pour les surfaces rugueuses et les applications \u00e0 long terme.<\/li>\n<li><strong>Gekkotex<\/strong> : Papier peint textile autocollant et infroissable, parfait pour une finition \u00e9l\u00e9gante et sans raccord.<\/li>\n<li><strong>3M\u2122 480 Mc<\/strong> : Option durable. Autocollant et thermoformable. Convient pour la brique, le stuc et le b\u00e9ton. Adapt\u00e9 \u00e0 un usage int\u00e9rieur et ext\u00e9rieur.<\/li>\n<\/ul>\n<p>&nbsp;<\/p>\n<h3>Finition<\/h3>\n<p>Pour la finition de votre sticker mural, vous pouvez choisir la d\u00e9coupe carr\u00e9e ou la d\u00e9coupe \u00e0 la forme (forme personnalis\u00e9e), selon votre pr\u00e9f\u00e9rence et votre design.<\/p>\n<h3>Accessoires<\/h3>\n<p>Nous proposons diff\u00e9rents accessoires, notamment des Monkey Strips, du ruban de masquage et une bo\u00eete \u00e0 outils, pour rendre la fixation encore plus facile.<\/p>\n<h3>Conseils de pose importants<\/h3>\n<p>Murs peints : Laissez s\u00e9cher les murs peints pendant au moins deux semaines avant d&rsquo;appliquer le sticker mural. Si la peinture utilis\u00e9e contient du silicone, il est pr\u00e9f\u00e9rable de choisir le DOT ou le Roughmark pour une adh\u00e9rence optimale.<\/p>\n<p><strong>Temp\u00e9rature<\/strong> : Assurez-vous que la temp\u00e9rature se situe entre 10 et 32\u00b0C lors de l&rsquo;application du sticker.<\/p>\n<p><strong>Surface<\/strong> : Assurez-vous toujours d&rsquo;avoir un support sec, propre et d\u00e9graiss\u00e9 pour une meilleure adh\u00e9rence du sticker mural.<br \/>\nGr\u00e2ce \u00e0 nos outils de pose pratiques (disponibles en option), vous pouvez facilement monter vos stickers muraux. Cr\u00e9ez une ambiance unique et personnelle dans chaque pi\u00e8ce avec nos stickers muraux polyvalents et de haute qualit\u00e9. Commandez d\u00e8s aujourd&rsquo;hui et donnez vie \u00e0 vos murs !<\/p>\n","protected":false},"excerpt":{"rendered":"<p>Stickers autocollants pour diff\u00e9rents supports. Nos stickers muraux sont commandables d\u00e8s 1 exemplaire. Choisissez la dimension et le type de mat\u00e9riau souhait\u00e9s. Vous pouvez commander chez nous le sticker mural adapt\u00e9 \u00e0 chaque application.<\/p>\n","protected":false},"featured_media":14768,"template":"","meta":{"_et_pb_use_builder":"","_et_pb_old_content":"","_et_gb_content_width":""},"product_brand":[],"product_cat":[312,574,380,443],"product_tag":[],"class_list":{"0":"post-14767","1":"product","2":"type-product","3":"status-publish","4":"has-post-thumbnail","6":"product_cat-autocollants-et-impression","7":"product_cat-grands-autocollants","8":"product_cat-publicite-interieure","9":"product_cat-publicite-murale","11":"first","12":"instock","13":"taxable","14":"shipping-taxable","15":"purchasable","16":"product-type-simple"},"yoast_head":"<!-- This site is optimized with the Yoast SEO plugin v27.3 - https:\/\/yoast.com\/product\/yoast-seo-wordpress\/ -->\n<title>Sticker mural sur mesure \u2013 Livraison rapide &amp; Mat\u00e9riaux premium<\/title>\n<meta name=\"description\" content=\"Sticker mural de haute qualit\u00e9 imprim\u00e9 selon votre propre design. Choisissez parmi quatre types de mat\u00e9riaux, une finition professionnelle et recevez-le sous 3 jours ouvr\u00e9s.\" \/>\n<meta name=\"robots\" content=\"index, follow, max-snippet:-1, max-image-preview:large, max-video-preview:-1\" \/>\n<link rel=\"canonical\" href=\"https:\/\/www.amstelprinting.nl\/fr\/boutique\/publicite-interieure\/publicite-murale\/sticker-mural\/\" \/>\n<meta property=\"og:locale\" content=\"fr_FR\" \/>\n<meta property=\"og:type\" content=\"article\" \/>\n<meta property=\"og:title\" content=\"Sticker mural sur mesure \u2013 Livraison rapide &amp; Mat\u00e9riaux premium\" \/>\n<meta property=\"og:description\" content=\"Sticker mural de haute qualit\u00e9 imprim\u00e9 selon votre propre design. Choisissez parmi quatre types de mat\u00e9riaux, une finition professionnelle et recevez-le sous 3 jours ouvr\u00e9s.\" \/>\n<meta property=\"og:url\" content=\"https:\/\/www.amstelprinting.nl\/fr\/boutique\/publicite-interieure\/publicite-murale\/sticker-mural\/\" \/>\n<meta property=\"og:site_name\" content=\"Amstel Printing\" \/>\n<meta property=\"article:modified_time\" content=\"2026-02-18T11:51:13+00:00\" \/>\n<meta property=\"og:image\" content=\"https:\/\/www.amstelprinting.nl\/wp-content\/uploads\/muursticker-bedrukken.png\" \/>\n\t<meta property=\"og:image:width\" content=\"900\" \/>\n\t<meta property=\"og:image:height\" content=\"900\" \/>\n\t<meta property=\"og:image:type\" content=\"image\/png\" \/>\n<meta name=\"twitter:card\" content=\"summary_large_image\" \/>\n<meta name=\"twitter:label1\" content=\"Dur\u00e9e de lecture estim\u00e9e\" \/>\n\t<meta name=\"twitter:data1\" content=\"2 minutes\" \/>\n<script type=\"application\/ld+json\" class=\"yoast-schema-graph\">{\"@context\":\"https:\\\/\\\/schema.org\",\"@graph\":[{\"@type\":\"WebPage\",\"@id\":\"https:\\\/\\\/www.amstelprinting.nl\\\/fr\\\/boutique\\\/publicite-interieure\\\/publicite-murale\\\/sticker-mural\\\/\",\"url\":\"https:\\\/\\\/www.amstelprinting.nl\\\/fr\\\/boutique\\\/publicite-interieure\\\/publicite-murale\\\/sticker-mural\\\/\",\"name\":\"Sticker mural sur mesure \u2013 Livraison rapide & Mat\u00e9riaux premium\",\"isPartOf\":{\"@id\":\"https:\\\/\\\/www.amstelprinting.nl\\\/fr\\\/#website\"},\"primaryImageOfPage\":{\"@id\":\"https:\\\/\\\/www.amstelprinting.nl\\\/fr\\\/boutique\\\/publicite-interieure\\\/publicite-murale\\\/sticker-mural\\\/#primaryimage\"},\"image\":{\"@id\":\"https:\\\/\\\/www.amstelprinting.nl\\\/fr\\\/boutique\\\/publicite-interieure\\\/publicite-murale\\\/sticker-mural\\\/#primaryimage\"},\"thumbnailUrl\":\"https:\\\/\\\/www.amstelprinting.nl\\\/wp-content\\\/uploads\\\/muursticker-bedrukken.png\",\"datePublished\":\"2025-01-24T10:29:21+00:00\",\"dateModified\":\"2026-02-18T11:51:13+00:00\",\"description\":\"Sticker mural de haute qualit\u00e9 imprim\u00e9 selon votre propre design. Choisissez parmi quatre types de mat\u00e9riaux, une finition professionnelle et recevez-le sous 3 jours ouvr\u00e9s.\",\"breadcrumb\":{\"@id\":\"https:\\\/\\\/www.amstelprinting.nl\\\/fr\\\/boutique\\\/publicite-interieure\\\/publicite-murale\\\/sticker-mural\\\/#breadcrumb\"},\"inLanguage\":\"fr-FR\",\"potentialAction\":[{\"@type\":\"ReadAction\",\"target\":[\"https:\\\/\\\/www.amstelprinting.nl\\\/fr\\\/boutique\\\/publicite-interieure\\\/publicite-murale\\\/sticker-mural\\\/\"]}]},{\"@type\":\"ImageObject\",\"inLanguage\":\"fr-FR\",\"@id\":\"https:\\\/\\\/www.amstelprinting.nl\\\/fr\\\/boutique\\\/publicite-interieure\\\/publicite-murale\\\/sticker-mural\\\/#primaryimage\",\"url\":\"https:\\\/\\\/www.amstelprinting.nl\\\/wp-content\\\/uploads\\\/muursticker-bedrukken.png\",\"contentUrl\":\"https:\\\/\\\/www.amstelprinting.nl\\\/wp-content\\\/uploads\\\/muursticker-bedrukken.png\",\"width\":900,\"height\":900},{\"@type\":\"BreadcrumbList\",\"@id\":\"https:\\\/\\\/www.amstelprinting.nl\\\/fr\\\/boutique\\\/publicite-interieure\\\/publicite-murale\\\/sticker-mural\\\/#breadcrumb\",\"itemListElement\":[{\"@type\":\"ListItem\",\"position\":1,\"name\":\"\",\"item\":\"https:\\\/\\\/www.amstelprinting.nl\\\/fr\\\/\"},{\"@type\":\"ListItem\",\"position\":2,\"name\":\"Amstel Printing\",\"item\":\"https:\\\/\\\/www.amstelprinting.nl\\\/fr\\\/boutique\\\/\"},{\"@type\":\"ListItem\",\"position\":3,\"name\":\"Publicit\u00e9 int\u00e9rieure\",\"item\":\"https:\\\/\\\/www.amstelprinting.nl\\\/fr\\\/categorie\\\/publicite-interieure\\\/\"},{\"@type\":\"ListItem\",\"position\":4,\"name\":\"Publicit\u00e9 murale\",\"item\":\"https:\\\/\\\/www.amstelprinting.nl\\\/fr\\\/categorie\\\/publicite-interieure\\\/publicite-murale\\\/\"},{\"@type\":\"ListItem\",\"position\":5,\"name\":\"Sticker mural\"}]},{\"@type\":\"WebSite\",\"@id\":\"https:\\\/\\\/www.amstelprinting.nl\\\/fr\\\/#website\",\"url\":\"https:\\\/\\\/www.amstelprinting.nl\\\/fr\\\/\",\"name\":\"Amstel Printing\",\"description\":\"Creating Exposure\",\"publisher\":{\"@id\":\"https:\\\/\\\/www.amstelprinting.nl\\\/fr\\\/#organization\"},\"potentialAction\":[{\"@type\":\"SearchAction\",\"target\":{\"@type\":\"EntryPoint\",\"urlTemplate\":\"https:\\\/\\\/www.amstelprinting.nl\\\/fr\\\/?s={search_term_string}\"},\"query-input\":{\"@type\":\"PropertyValueSpecification\",\"valueRequired\":true,\"valueName\":\"search_term_string\"}}],\"inLanguage\":\"fr-FR\"},{\"@type\":\"Organization\",\"@id\":\"https:\\\/\\\/www.amstelprinting.nl\\\/fr\\\/#organization\",\"name\":\"Amstel Printing\",\"url\":\"https:\\\/\\\/www.amstelprinting.nl\\\/fr\\\/\",\"logo\":{\"@type\":\"ImageObject\",\"inLanguage\":\"fr-FR\",\"@id\":\"https:\\\/\\\/www.amstelprinting.nl\\\/fr\\\/#\\\/schema\\\/logo\\\/image\\\/\",\"url\":\"https:\\\/\\\/www.amstelprinting.nl\\\/wp-content\\\/uploads\\\/amstel_printing_logo_clean.png\",\"contentUrl\":\"https:\\\/\\\/www.amstelprinting.nl\\\/wp-content\\\/uploads\\\/amstel_printing_logo_clean.png\",\"width\":324,\"height\":73,\"caption\":\"Amstel Printing\"},\"image\":{\"@id\":\"https:\\\/\\\/www.amstelprinting.nl\\\/fr\\\/#\\\/schema\\\/logo\\\/image\\\/\"}}]}<\/script>\n<!-- \/ Yoast SEO plugin. -->","yoast_head_json":{"title":"Sticker mural sur mesure \u2013 Livraison rapide & Mat\u00e9riaux premium","description":"Sticker mural de haute qualit\u00e9 imprim\u00e9 selon votre propre design. Choisissez parmi quatre types de mat\u00e9riaux, une finition professionnelle et recevez-le sous 3 jours ouvr\u00e9s.","robots":{"index":"index","follow":"follow","max-snippet":"max-snippet:-1","max-image-preview":"max-image-preview:large","max-video-preview":"max-video-preview:-1"},"canonical":"https:\/\/www.amstelprinting.nl\/fr\/boutique\/publicite-interieure\/publicite-murale\/sticker-mural\/","og_locale":"fr_FR","og_type":"article","og_title":"Sticker mural sur mesure \u2013 Livraison rapide & Mat\u00e9riaux premium","og_description":"Sticker mural de haute qualit\u00e9 imprim\u00e9 selon votre propre design. Choisissez parmi quatre types de mat\u00e9riaux, une finition professionnelle et recevez-le sous 3 jours ouvr\u00e9s.","og_url":"https:\/\/www.amstelprinting.nl\/fr\/boutique\/publicite-interieure\/publicite-murale\/sticker-mural\/","og_site_name":"Amstel Printing","article_modified_time":"2026-02-18T11:51:13+00:00","og_image":[{"width":900,"height":900,"url":"https:\/\/www.amstelprinting.nl\/wp-content\/uploads\/muursticker-bedrukken.png","type":"image\/png"}],"twitter_card":"summary_large_image","twitter_misc":{"Dur\u00e9e de lecture estim\u00e9e":"2 minutes"},"schema":{"@context":"https:\/\/schema.org","@graph":[{"@type":"WebPage","@id":"https:\/\/www.amstelprinting.nl\/fr\/boutique\/publicite-interieure\/publicite-murale\/sticker-mural\/","url":"https:\/\/www.amstelprinting.nl\/fr\/boutique\/publicite-interieure\/publicite-murale\/sticker-mural\/","name":"Sticker mural sur mesure \u2013 Livraison rapide & Mat\u00e9riaux premium","isPartOf":{"@id":"https:\/\/www.amstelprinting.nl\/fr\/#website"},"primaryImageOfPage":{"@id":"https:\/\/www.amstelprinting.nl\/fr\/boutique\/publicite-interieure\/publicite-murale\/sticker-mural\/#primaryimage"},"image":{"@id":"https:\/\/www.amstelprinting.nl\/fr\/boutique\/publicite-interieure\/publicite-murale\/sticker-mural\/#primaryimage"},"thumbnailUrl":"https:\/\/www.amstelprinting.nl\/wp-content\/uploads\/muursticker-bedrukken.png","datePublished":"2025-01-24T10:29:21+00:00","dateModified":"2026-02-18T11:51:13+00:00","description":"Sticker mural de haute qualit\u00e9 imprim\u00e9 selon votre propre design. Choisissez parmi quatre types de mat\u00e9riaux, une finition professionnelle et recevez-le sous 3 jours ouvr\u00e9s.","breadcrumb":{"@id":"https:\/\/www.amstelprinting.nl\/fr\/boutique\/publicite-interieure\/publicite-murale\/sticker-mural\/#breadcrumb"},"inLanguage":"fr-FR","potentialAction":[{"@type":"ReadAction","target":["https:\/\/www.amstelprinting.nl\/fr\/boutique\/publicite-interieure\/publicite-murale\/sticker-mural\/"]}]},{"@type":"ImageObject","inLanguage":"fr-FR","@id":"https:\/\/www.amstelprinting.nl\/fr\/boutique\/publicite-interieure\/publicite-murale\/sticker-mural\/#primaryimage","url":"https:\/\/www.amstelprinting.nl\/wp-content\/uploads\/muursticker-bedrukken.png","contentUrl":"https:\/\/www.amstelprinting.nl\/wp-content\/uploads\/muursticker-bedrukken.png","width":900,"height":900},{"@type":"BreadcrumbList","@id":"https:\/\/www.amstelprinting.nl\/fr\/boutique\/publicite-interieure\/publicite-murale\/sticker-mural\/#breadcrumb","itemListElement":[{"@type":"ListItem","position":1,"name":"","item":"https:\/\/www.amstelprinting.nl\/fr\/"},{"@type":"ListItem","position":2,"name":"Amstel Printing","item":"https:\/\/www.amstelprinting.nl\/fr\/boutique\/"},{"@type":"ListItem","position":3,"name":"Publicit\u00e9 int\u00e9rieure","item":"https:\/\/www.amstelprinting.nl\/fr\/categorie\/publicite-interieure\/"},{"@type":"ListItem","position":4,"name":"Publicit\u00e9 murale","item":"https:\/\/www.amstelprinting.nl\/fr\/categorie\/publicite-interieure\/publicite-murale\/"},{"@type":"ListItem","position":5,"name":"Sticker mural"}]},{"@type":"WebSite","@id":"https:\/\/www.amstelprinting.nl\/fr\/#website","url":"https:\/\/www.amstelprinting.nl\/fr\/","name":"Amstel Printing","description":"Creating Exposure","publisher":{"@id":"https:\/\/www.amstelprinting.nl\/fr\/#organization"},"potentialAction":[{"@type":"SearchAction","target":{"@type":"EntryPoint","urlTemplate":"https:\/\/www.amstelprinting.nl\/fr\/?s={search_term_string}"},"query-input":{"@type":"PropertyValueSpecification","valueRequired":true,"valueName":"search_term_string"}}],"inLanguage":"fr-FR"},{"@type":"Organization","@id":"https:\/\/www.amstelprinting.nl\/fr\/#organization","name":"Amstel Printing","url":"https:\/\/www.amstelprinting.nl\/fr\/","logo":{"@type":"ImageObject","inLanguage":"fr-FR","@id":"https:\/\/www.amstelprinting.nl\/fr\/#\/schema\/logo\/image\/","url":"https:\/\/www.amstelprinting.nl\/wp-content\/uploads\/amstel_printing_logo_clean.png","contentUrl":"https:\/\/www.amstelprinting.nl\/wp-content\/uploads\/amstel_printing_logo_clean.png","width":324,"height":73,"caption":"Amstel Printing"},"image":{"@id":"https:\/\/www.amstelprinting.nl\/fr\/#\/schema\/logo\/image\/"}}]}},"_links":{"self":[{"href":"https:\/\/www.amstelprinting.nl\/fr\/wp-json\/wp\/v2\/product\/14767","targetHints":{"allow":["GET"]}}],"collection":[{"href":"https:\/\/www.amstelprinting.nl\/fr\/wp-json\/wp\/v2\/product"}],"about":[{"href":"https:\/\/www.amstelprinting.nl\/fr\/wp-json\/wp\/v2\/types\/product"}],"wp:featuredmedia":[{"embeddable":true,"href":"https:\/\/www.amstelprinting.nl\/fr\/wp-json\/wp\/v2\/media\/14768"}],"wp:attachment":[{"href":"https:\/\/www.amstelprinting.nl\/fr\/wp-json\/wp\/v2\/media?parent=14767"}],"wp:term":[{"taxonomy":"product_brand","embeddable":true,"href":"https:\/\/www.amstelprinting.nl\/fr\/wp-json\/wp\/v2\/product_brand?post=14767"},{"taxonomy":"product_cat","embeddable":true,"href":"https:\/\/www.amstelprinting.nl\/fr\/wp-json\/wp\/v2\/product_cat?post=14767"},{"taxonomy":"product_tag","embeddable":true,"href":"https:\/\/www.amstelprinting.nl\/fr\/wp-json\/wp\/v2\/product_tag?post=14767"}],"curies":[{"name":"wp","href":"https:\/\/api.w.org\/{rel}","templated":true}]}}