{"id":14777,"date":"2025-01-24T11:29:14","date_gmt":"2025-01-24T10:29:14","guid":{"rendered":"https:\/\/www.amstelprinting.nl\/winkel\/non%20class\u00e9\/paneel\/"},"modified":"2026-02-18T12:51:13","modified_gmt":"2026-02-18T11:51:13","slug":"panneau","status":"publish","type":"product","link":"https:\/\/www.amstelprinting.nl\/fr\/boutique\/publicite-interieure\/publicite-murale\/panneau\/","title":{"rendered":"Panneau"},"content":{"rendered":"<h3>Impression de panneaux<\/h3>\n<p>D\u00e9couvrez notre collection polyvalente de panneaux, dot\u00e9s d&rsquo;une impression nette de votre choix. Que vous recherchiez une signal\u00e9tique fonctionnelle, des \u00e9l\u00e9ments d\u00e9coratifs ou des pr\u00e9sentations professionnelles, nos panneaux offrent une large s\u00e9lection de mat\u00e9riaux et de possibilit\u00e9s. Personnalisez le panneau avec une impression de votre propre cr\u00e9ation ou choisissez parmi nos motifs existants pour un look unique. Livraison souvent possible d\u00e8s 1 jour ouvrable !<\/p>\n<h3>Avantages<\/h3>\n<ul>\n<li>Disponible dans tous les formats et toutes les formes<\/li>\n<li>Livraison rapide : possible d\u00e8s 1 jour ouvrable<\/li>\n<li>Ignifuge, donc convient \u00e9galement aux espaces publics<\/li>\n<li>Disponible en 12 mat\u00e9riaux diff\u00e9rents dans diff\u00e9rentes \u00e9paisseurs<\/li>\n<li>Choisissez votre propre design ou l&rsquo;un de nos motifs existants<\/li>\n<\/ul>\n<p>&nbsp;<\/p>\n<h3>Mat\u00e9riaux : le bon panneau pour chaque application<\/h3>\n<p>Allez-vous utiliser le panneau \u00e0 l&rsquo;ext\u00e9rieur ? Ou souhaitez-vous une impression recto-verso ? La durabilit\u00e9 est-elle importante ? Ou avez-vous un souhait sp\u00e9cifique concernant la finition ou l&rsquo;aspect du panneau ? Nous expliquons bri\u00e8vement ci-dessous les propri\u00e9t\u00e9s des mat\u00e9riaux. Vous pourrez ainsi commander rapidement le panneau ad\u00e9quat.<\/p>\n<ul>\n<li><strong>Dibond\u00ae<\/strong> : Panneau en aluminium robuste avec une couche sup\u00e9rieure blanche, adapt\u00e9 \u00e0 un usage int\u00e9rieur et ext\u00e9rieur.<\/li>\n<li><strong>Dibond\u00ae Butler Finish<\/strong> : Panneau sandwich en aluminium avec un aspect acier inoxydable bross\u00e9, parfait pour un usage int\u00e9rieur et ext\u00e9rieur.<\/li>\n<li><strong>Forex\u00ae<\/strong> : PVC expans\u00e9 l\u00e9ger, id\u00e9al pour un usage int\u00e9rieur.<\/li>\n<li><strong>Plexiglas<\/strong> : Mat\u00e9riau transparent au look moderne, adapt\u00e9 pour l&rsquo;int\u00e9rieur et l&rsquo;ext\u00e9rieur (sensible aux rayures).<\/li>\n<li><strong>Easyprint<\/strong> : Mat\u00e9riau en plaque de polypropyl\u00e8ne l\u00e9ger pour des r\u00e9sultats d&rsquo;impression de haute qualit\u00e9.<\/li>\n<li><strong>Multiplex<\/strong> : Bois de peuplier respectueux de l&rsquo;environnement avec un aspect naturel, adapt\u00e9 \u00e0 un usage int\u00e9rieur.<\/li>\n<li><strong>Re-board<\/strong> : Construction sandwich en carton rigide et l\u00e9ger avec une couche sup\u00e9rieure blanche, id\u00e9al pour l&rsquo;int\u00e9rieur et respectueux de l&rsquo;environnement.<\/li>\n<li><strong>Sign Again<\/strong> : Mat\u00e9riau circulaire fabriqu\u00e9 \u00e0 partir de banni\u00e8res recycl\u00e9es et de chutes de d\u00e9coupe, adapt\u00e9 pour l&rsquo;int\u00e9rieur et l&rsquo;ext\u00e9rieur.<\/li>\n<li><strong>HLP<\/strong> : Panneau HPL tr\u00e8s r\u00e9sistant avec un noyau brun et une couche sup\u00e9rieure blanche, adapt\u00e9 \u00e0 un usage int\u00e9rieur et ext\u00e9rieur.<\/li>\n<li><strong>Akylite<\/strong> : Panneau sans PVC l\u00e9ger avec un noyau en nid d&rsquo;abeille, adapt\u00e9 pour l&rsquo;int\u00e9rieur et l&rsquo;ext\u00e9rieur.<\/li>\n<li><strong>Carton de pr\u00e9sentation<\/strong> : Carton flexible avec un dos gris plein et une couche sup\u00e9rieure blanche, id\u00e9al pour un usage int\u00e9rieur (ne pas plier).<\/li>\n<li><strong>Dibond\u00ae XL<\/strong> : Panneau en aluminium extra large avec une couche sup\u00e9rieure blanche, adapt\u00e9 \u00e0 un usage int\u00e9rieur et ext\u00e9rieur.<\/li>\n<\/ul>\n<p>&nbsp;<\/p>\n<h3>Finition<\/h3>\n<p>Choisissez entre la coupe droite ou la d\u00e9coupe \u00e0 la forme (contour), et des options de per\u00e7age (pour une fixation du panneau selon vos souhaits).<\/p>\n<h3>Accessoires pour une fixation facile<\/h3>\n<p>Lors du processus de commande, vous avez la possibilit\u00e9 de commander divers accessoires en option. Vous pouvez choisir parmi diff\u00e9rents types de bandes velcro et de plaques de suspension (en diff\u00e9rentes tailles).<\/p>\n<h3>Questions fr\u00e9quemment pos\u00e9es<\/h3>\n<p><strong>Quelle est la meilleure fa\u00e7on de nettoyer le panneau ?<\/strong><br \/>\nPour nettoyer vos panneaux, il est pr\u00e9f\u00e9rable d&rsquo;utiliser un d\u00e9tergent doux m\u00e9lang\u00e9 \u00e0 de l&rsquo;eau. \u00c9tant donn\u00e9 que l&rsquo;encre est d\u00e9pos\u00e9e sur le mat\u00e9riau \u00e0 l&rsquo;aide de la technique d&rsquo;impression UV, la surface est sensible aux dommages en cas de manipulation trop rude. Pour une protection suppl\u00e9mentaire contre les rayures, vous pouvez envisager de munir les panneaux Dibond\u00ae d&rsquo;un rev\u00eatement.<\/p>\n<p><strong>Quel est l&rsquo;avantage d&rsquo;un rev\u00eatement ?<\/strong><br \/>\nLe rev\u00eatement donne au panneau une couleur plus intense et offre une meilleure protection de l&rsquo;impression.<\/p>\n","protected":false},"excerpt":{"rendered":"<p>Imprimer un panneau avec votre dessin, image ou logo ? Choisissez parmi plus de 12 types de mat\u00e9riaux de panneaux diff\u00e9rents. Vous d\u00e9terminez vous-m\u00eame les dimensions. Composez votre panneau imprim\u00e9 en quelques \u00e9tapes ci-dessous.<\/p>\n","protected":false},"featured_media":14778,"template":"","meta":{"_et_pb_use_builder":"","_et_pb_old_content":"","_et_gb_content_width":""},"product_brand":[],"product_cat":[312,380,443],"product_tag":[],"class_list":{"0":"post-14777","1":"product","2":"type-product","3":"status-publish","4":"has-post-thumbnail","6":"product_cat-autocollants-et-impression","7":"product_cat-publicite-interieure","8":"product_cat-publicite-murale","10":"first","11":"instock","12":"taxable","13":"shipping-taxable","14":"purchasable","15":"product-type-simple"},"yoast_head":"<!-- This site is optimized with the Yoast SEO plugin v27.3 - https:\/\/yoast.com\/product\/yoast-seo-wordpress\/ -->\n<title>Panneau imprim\u00e9 sur mesure - Livraison rapide &amp; mat\u00e9riaux divers<\/title>\n<meta name=\"description\" content=\"Concevez et commandez votre panneau personnalis\u00e9 dans n&#039;importe quel format et mat\u00e9riau. Cr\u00e9ez un impact imm\u00e9diat avec des impressions nettes et une finition flexible.\" \/>\n<meta name=\"robots\" content=\"index, follow, max-snippet:-1, max-image-preview:large, max-video-preview:-1\" \/>\n<link rel=\"canonical\" href=\"https:\/\/www.amstelprinting.nl\/fr\/boutique\/publicite-interieure\/publicite-murale\/panneau\/\" \/>\n<meta property=\"og:locale\" content=\"fr_FR\" \/>\n<meta property=\"og:type\" content=\"article\" \/>\n<meta property=\"og:title\" content=\"Panneau imprim\u00e9 sur mesure - Livraison rapide &amp; mat\u00e9riaux divers\" \/>\n<meta property=\"og:description\" content=\"Concevez et commandez votre panneau personnalis\u00e9 dans n&#039;importe quel format et mat\u00e9riau. Cr\u00e9ez un impact imm\u00e9diat avec des impressions nettes et une finition flexible.\" \/>\n<meta property=\"og:url\" content=\"https:\/\/www.amstelprinting.nl\/fr\/boutique\/publicite-interieure\/publicite-murale\/panneau\/\" \/>\n<meta property=\"og:site_name\" content=\"Amstel Printing\" \/>\n<meta property=\"article:modified_time\" content=\"2026-02-18T11:51:13+00:00\" \/>\n<meta property=\"og:image\" content=\"https:\/\/www.amstelprinting.nl\/wp-content\/uploads\/paneel-bedrukken.png\" \/>\n\t<meta property=\"og:image:width\" content=\"900\" \/>\n\t<meta property=\"og:image:height\" content=\"900\" \/>\n\t<meta property=\"og:image:type\" content=\"image\/png\" \/>\n<meta name=\"twitter:card\" content=\"summary_large_image\" \/>\n<meta name=\"twitter:label1\" content=\"Dur\u00e9e de lecture estim\u00e9e\" \/>\n\t<meta name=\"twitter:data1\" content=\"3 minutes\" \/>\n<script type=\"application\/ld+json\" class=\"yoast-schema-graph\">{\"@context\":\"https:\\\/\\\/schema.org\",\"@graph\":[{\"@type\":\"WebPage\",\"@id\":\"https:\\\/\\\/www.amstelprinting.nl\\\/fr\\\/boutique\\\/publicite-interieure\\\/publicite-murale\\\/panneau\\\/\",\"url\":\"https:\\\/\\\/www.amstelprinting.nl\\\/fr\\\/boutique\\\/publicite-interieure\\\/publicite-murale\\\/panneau\\\/\",\"name\":\"Panneau imprim\u00e9 sur mesure - Livraison rapide & mat\u00e9riaux divers\",\"isPartOf\":{\"@id\":\"https:\\\/\\\/www.amstelprinting.nl\\\/fr\\\/#website\"},\"primaryImageOfPage\":{\"@id\":\"https:\\\/\\\/www.amstelprinting.nl\\\/fr\\\/boutique\\\/publicite-interieure\\\/publicite-murale\\\/panneau\\\/#primaryimage\"},\"image\":{\"@id\":\"https:\\\/\\\/www.amstelprinting.nl\\\/fr\\\/boutique\\\/publicite-interieure\\\/publicite-murale\\\/panneau\\\/#primaryimage\"},\"thumbnailUrl\":\"https:\\\/\\\/www.amstelprinting.nl\\\/wp-content\\\/uploads\\\/paneel-bedrukken.png\",\"datePublished\":\"2025-01-24T10:29:14+00:00\",\"dateModified\":\"2026-02-18T11:51:13+00:00\",\"description\":\"Concevez et commandez votre panneau personnalis\u00e9 dans n'importe quel format et mat\u00e9riau. Cr\u00e9ez un impact imm\u00e9diat avec des impressions nettes et une finition flexible.\",\"breadcrumb\":{\"@id\":\"https:\\\/\\\/www.amstelprinting.nl\\\/fr\\\/boutique\\\/publicite-interieure\\\/publicite-murale\\\/panneau\\\/#breadcrumb\"},\"inLanguage\":\"fr-FR\",\"potentialAction\":[{\"@type\":\"ReadAction\",\"target\":[\"https:\\\/\\\/www.amstelprinting.nl\\\/fr\\\/boutique\\\/publicite-interieure\\\/publicite-murale\\\/panneau\\\/\"]}]},{\"@type\":\"ImageObject\",\"inLanguage\":\"fr-FR\",\"@id\":\"https:\\\/\\\/www.amstelprinting.nl\\\/fr\\\/boutique\\\/publicite-interieure\\\/publicite-murale\\\/panneau\\\/#primaryimage\",\"url\":\"https:\\\/\\\/www.amstelprinting.nl\\\/wp-content\\\/uploads\\\/paneel-bedrukken.png\",\"contentUrl\":\"https:\\\/\\\/www.amstelprinting.nl\\\/wp-content\\\/uploads\\\/paneel-bedrukken.png\",\"width\":900,\"height\":900},{\"@type\":\"BreadcrumbList\",\"@id\":\"https:\\\/\\\/www.amstelprinting.nl\\\/fr\\\/boutique\\\/publicite-interieure\\\/publicite-murale\\\/panneau\\\/#breadcrumb\",\"itemListElement\":[{\"@type\":\"ListItem\",\"position\":1,\"name\":\"\",\"item\":\"https:\\\/\\\/www.amstelprinting.nl\\\/fr\\\/\"},{\"@type\":\"ListItem\",\"position\":2,\"name\":\"Amstel Printing\",\"item\":\"https:\\\/\\\/www.amstelprinting.nl\\\/fr\\\/boutique\\\/\"},{\"@type\":\"ListItem\",\"position\":3,\"name\":\"Publicit\u00e9 int\u00e9rieure\",\"item\":\"https:\\\/\\\/www.amstelprinting.nl\\\/fr\\\/categorie\\\/publicite-interieure\\\/\"},{\"@type\":\"ListItem\",\"position\":4,\"name\":\"Publicit\u00e9 murale\",\"item\":\"https:\\\/\\\/www.amstelprinting.nl\\\/fr\\\/categorie\\\/publicite-interieure\\\/publicite-murale\\\/\"},{\"@type\":\"ListItem\",\"position\":5,\"name\":\"Panneau\"}]},{\"@type\":\"WebSite\",\"@id\":\"https:\\\/\\\/www.amstelprinting.nl\\\/fr\\\/#website\",\"url\":\"https:\\\/\\\/www.amstelprinting.nl\\\/fr\\\/\",\"name\":\"Amstel Printing\",\"description\":\"Creating Exposure\",\"publisher\":{\"@id\":\"https:\\\/\\\/www.amstelprinting.nl\\\/fr\\\/#organization\"},\"potentialAction\":[{\"@type\":\"SearchAction\",\"target\":{\"@type\":\"EntryPoint\",\"urlTemplate\":\"https:\\\/\\\/www.amstelprinting.nl\\\/fr\\\/?s={search_term_string}\"},\"query-input\":{\"@type\":\"PropertyValueSpecification\",\"valueRequired\":true,\"valueName\":\"search_term_string\"}}],\"inLanguage\":\"fr-FR\"},{\"@type\":\"Organization\",\"@id\":\"https:\\\/\\\/www.amstelprinting.nl\\\/fr\\\/#organization\",\"name\":\"Amstel Printing\",\"url\":\"https:\\\/\\\/www.amstelprinting.nl\\\/fr\\\/\",\"logo\":{\"@type\":\"ImageObject\",\"inLanguage\":\"fr-FR\",\"@id\":\"https:\\\/\\\/www.amstelprinting.nl\\\/fr\\\/#\\\/schema\\\/logo\\\/image\\\/\",\"url\":\"https:\\\/\\\/www.amstelprinting.nl\\\/wp-content\\\/uploads\\\/amstel_printing_logo_clean.png\",\"contentUrl\":\"https:\\\/\\\/www.amstelprinting.nl\\\/wp-content\\\/uploads\\\/amstel_printing_logo_clean.png\",\"width\":324,\"height\":73,\"caption\":\"Amstel Printing\"},\"image\":{\"@id\":\"https:\\\/\\\/www.amstelprinting.nl\\\/fr\\\/#\\\/schema\\\/logo\\\/image\\\/\"}}]}<\/script>\n<!-- \/ Yoast SEO plugin. -->","yoast_head_json":{"title":"Panneau imprim\u00e9 sur mesure - Livraison rapide & mat\u00e9riaux divers","description":"Concevez et commandez votre panneau personnalis\u00e9 dans n'importe quel format et mat\u00e9riau. Cr\u00e9ez un impact imm\u00e9diat avec des impressions nettes et une finition flexible.","robots":{"index":"index","follow":"follow","max-snippet":"max-snippet:-1","max-image-preview":"max-image-preview:large","max-video-preview":"max-video-preview:-1"},"canonical":"https:\/\/www.amstelprinting.nl\/fr\/boutique\/publicite-interieure\/publicite-murale\/panneau\/","og_locale":"fr_FR","og_type":"article","og_title":"Panneau imprim\u00e9 sur mesure - Livraison rapide & mat\u00e9riaux divers","og_description":"Concevez et commandez votre panneau personnalis\u00e9 dans n'importe quel format et mat\u00e9riau. Cr\u00e9ez un impact imm\u00e9diat avec des impressions nettes et une finition flexible.","og_url":"https:\/\/www.amstelprinting.nl\/fr\/boutique\/publicite-interieure\/publicite-murale\/panneau\/","og_site_name":"Amstel Printing","article_modified_time":"2026-02-18T11:51:13+00:00","og_image":[{"width":900,"height":900,"url":"https:\/\/www.amstelprinting.nl\/wp-content\/uploads\/paneel-bedrukken.png","type":"image\/png"}],"twitter_card":"summary_large_image","twitter_misc":{"Dur\u00e9e de lecture estim\u00e9e":"3 minutes"},"schema":{"@context":"https:\/\/schema.org","@graph":[{"@type":"WebPage","@id":"https:\/\/www.amstelprinting.nl\/fr\/boutique\/publicite-interieure\/publicite-murale\/panneau\/","url":"https:\/\/www.amstelprinting.nl\/fr\/boutique\/publicite-interieure\/publicite-murale\/panneau\/","name":"Panneau imprim\u00e9 sur mesure - Livraison rapide & mat\u00e9riaux divers","isPartOf":{"@id":"https:\/\/www.amstelprinting.nl\/fr\/#website"},"primaryImageOfPage":{"@id":"https:\/\/www.amstelprinting.nl\/fr\/boutique\/publicite-interieure\/publicite-murale\/panneau\/#primaryimage"},"image":{"@id":"https:\/\/www.amstelprinting.nl\/fr\/boutique\/publicite-interieure\/publicite-murale\/panneau\/#primaryimage"},"thumbnailUrl":"https:\/\/www.amstelprinting.nl\/wp-content\/uploads\/paneel-bedrukken.png","datePublished":"2025-01-24T10:29:14+00:00","dateModified":"2026-02-18T11:51:13+00:00","description":"Concevez et commandez votre panneau personnalis\u00e9 dans n'importe quel format et mat\u00e9riau. Cr\u00e9ez un impact imm\u00e9diat avec des impressions nettes et une finition flexible.","breadcrumb":{"@id":"https:\/\/www.amstelprinting.nl\/fr\/boutique\/publicite-interieure\/publicite-murale\/panneau\/#breadcrumb"},"inLanguage":"fr-FR","potentialAction":[{"@type":"ReadAction","target":["https:\/\/www.amstelprinting.nl\/fr\/boutique\/publicite-interieure\/publicite-murale\/panneau\/"]}]},{"@type":"ImageObject","inLanguage":"fr-FR","@id":"https:\/\/www.amstelprinting.nl\/fr\/boutique\/publicite-interieure\/publicite-murale\/panneau\/#primaryimage","url":"https:\/\/www.amstelprinting.nl\/wp-content\/uploads\/paneel-bedrukken.png","contentUrl":"https:\/\/www.amstelprinting.nl\/wp-content\/uploads\/paneel-bedrukken.png","width":900,"height":900},{"@type":"BreadcrumbList","@id":"https:\/\/www.amstelprinting.nl\/fr\/boutique\/publicite-interieure\/publicite-murale\/panneau\/#breadcrumb","itemListElement":[{"@type":"ListItem","position":1,"name":"","item":"https:\/\/www.amstelprinting.nl\/fr\/"},{"@type":"ListItem","position":2,"name":"Amstel Printing","item":"https:\/\/www.amstelprinting.nl\/fr\/boutique\/"},{"@type":"ListItem","position":3,"name":"Publicit\u00e9 int\u00e9rieure","item":"https:\/\/www.amstelprinting.nl\/fr\/categorie\/publicite-interieure\/"},{"@type":"ListItem","position":4,"name":"Publicit\u00e9 murale","item":"https:\/\/www.amstelprinting.nl\/fr\/categorie\/publicite-interieure\/publicite-murale\/"},{"@type":"ListItem","position":5,"name":"Panneau"}]},{"@type":"WebSite","@id":"https:\/\/www.amstelprinting.nl\/fr\/#website","url":"https:\/\/www.amstelprinting.nl\/fr\/","name":"Amstel Printing","description":"Creating Exposure","publisher":{"@id":"https:\/\/www.amstelprinting.nl\/fr\/#organization"},"potentialAction":[{"@type":"SearchAction","target":{"@type":"EntryPoint","urlTemplate":"https:\/\/www.amstelprinting.nl\/fr\/?s={search_term_string}"},"query-input":{"@type":"PropertyValueSpecification","valueRequired":true,"valueName":"search_term_string"}}],"inLanguage":"fr-FR"},{"@type":"Organization","@id":"https:\/\/www.amstelprinting.nl\/fr\/#organization","name":"Amstel Printing","url":"https:\/\/www.amstelprinting.nl\/fr\/","logo":{"@type":"ImageObject","inLanguage":"fr-FR","@id":"https:\/\/www.amstelprinting.nl\/fr\/#\/schema\/logo\/image\/","url":"https:\/\/www.amstelprinting.nl\/wp-content\/uploads\/amstel_printing_logo_clean.png","contentUrl":"https:\/\/www.amstelprinting.nl\/wp-content\/uploads\/amstel_printing_logo_clean.png","width":324,"height":73,"caption":"Amstel Printing"},"image":{"@id":"https:\/\/www.amstelprinting.nl\/fr\/#\/schema\/logo\/image\/"}}]}},"_links":{"self":[{"href":"https:\/\/www.amstelprinting.nl\/fr\/wp-json\/wp\/v2\/product\/14777","targetHints":{"allow":["GET"]}}],"collection":[{"href":"https:\/\/www.amstelprinting.nl\/fr\/wp-json\/wp\/v2\/product"}],"about":[{"href":"https:\/\/www.amstelprinting.nl\/fr\/wp-json\/wp\/v2\/types\/product"}],"wp:featuredmedia":[{"embeddable":true,"href":"https:\/\/www.amstelprinting.nl\/fr\/wp-json\/wp\/v2\/media\/14778"}],"wp:attachment":[{"href":"https:\/\/www.amstelprinting.nl\/fr\/wp-json\/wp\/v2\/media?parent=14777"}],"wp:term":[{"taxonomy":"product_brand","embeddable":true,"href":"https:\/\/www.amstelprinting.nl\/fr\/wp-json\/wp\/v2\/product_brand?post=14777"},{"taxonomy":"product_cat","embeddable":true,"href":"https:\/\/www.amstelprinting.nl\/fr\/wp-json\/wp\/v2\/product_cat?post=14777"},{"taxonomy":"product_tag","embeddable":true,"href":"https:\/\/www.amstelprinting.nl\/fr\/wp-json\/wp\/v2\/product_tag?post=14777"}],"curies":[{"name":"wp","href":"https:\/\/api.w.org\/{rel}","templated":true}]}}