{"id":14797,"date":"2025-01-24T11:28:59","date_gmt":"2025-01-24T10:28:59","guid":{"rendered":"https:\/\/www.amstelprinting.nl\/winkel\/non%20class\u00e9\/acousticpro-panelen\/"},"modified":"2026-02-18T12:51:15","modified_gmt":"2026-02-18T11:51:15","slug":"panneaux-acousticpro","status":"publish","type":"product","link":"https:\/\/www.amstelprinting.nl\/fr\/boutique\/interieur-2\/decoration-murale\/panneaux-acousticpro\/","title":{"rendered":"Panneaux AcousticPro\u00ae"},"content":{"rendered":"<h3>Impression de panneau AcousticPro\u00ae<\/h3>\n<p>Transformez votre espace (de bureau) avec les panneaux innovants AcousticPro\u00ae. Sp\u00e9cialement con\u00e7us pour am\u00e9liorer l&rsquo;acoustique tout en offrant une esth\u00e9tique moderne. Parfait pour tout espace o\u00f9 la qualit\u00e9 sonore et le style se rencontrent. T\u00e9l\u00e9chargez votre propre design ou choisissez parmi l&rsquo;un de nos motifs existants.<\/p>\n<h3>Avantages<\/h3>\n<ul>\n<li>Am\u00e9liore l&rsquo;acoustique de la pi\u00e8ce<\/li>\n<li>Une valeur acoustique allant jusqu&rsquo;\u00e0 0,9<\/li>\n<li>Durable : fabriqu\u00e9 \u00e0 partir de jeans recycl\u00e9s<\/li>\n<li>Facile \u00e0 fixer<\/li>\n<li>Panneau livr\u00e9 enti\u00e8rement assembl\u00e9<\/li>\n<li>Disponible en 2 variantes (basic ou premium)<\/li>\n<li>Choisissez parmi deux couleurs de cadres (noir ou blanc)<\/li>\n<li>Livraison possible sous 4 jours ouvrables<\/li>\n<\/ul>\n<p>&nbsp;<\/p>\n<h3>Mat\u00e9riau<\/h3>\n<p>Vous avez le choix entre deux types de cadres simple face : Basic et Premium. Le cadre Basic a une valeur acoustique de 0,65. Gr\u00e2ce \u00e0 une couche suppl\u00e9mentaire de mat\u00e9riau sur le cadre Premium, celui-ci a une valeur acoustique de 0,9. De plus, la variante Premium offre \u00e9galement plus de robustesse. Les deux cadres acoustiques en aluminium sont disponibles en blanc et en noir.<\/p>\n<p>Le mat\u00e9riau des panneaux AcousticPro est compos\u00e9 \u00e0 90 % de fibres de coton issues de jeans recycl\u00e9s, ce qui permet une excellente absorption des ondes sonores.<\/p>\n<h3>Fixation<\/h3>\n<p>Le montage est simple avec l&rsquo;option de suspendre les panneaux acoustiques. Parfait pour les bureaux, les salles de r\u00e9union, les studios ou les environnements domestiques.<\/p>\n<p>Am\u00e9liorez l&rsquo;acoustique de votre espace d\u00e8s aujourd&rsquo;hui avec nos panneaux \u00e9l\u00e9gants AcousticPro\u00ae. Choisissez votre cadre pr\u00e9f\u00e9r\u00e9 et profitez d&rsquo;une am\u00e9lioration notable de la r\u00e9duction du bruit. D\u00e9couvrez d\u00e8s maintenant comment AcousticPro\u00ae peut optimiser votre environnement !<\/p>\n<h3>Questions fr\u00e9quemment pos\u00e9es<\/h3>\n<p><strong>Le mat\u00e9riau acoustique est-il facilement rempla\u00e7able ?<\/strong><br \/>\nLe remplacement du mat\u00e9riau acoustique n&rsquo;est pas simple. En effet, lors du montage, le mat\u00e9riau est coll\u00e9 afin de garantir que l&rsquo;impression reste bien fix\u00e9e dans le cadre.<\/p>\n<p><strong>Comment le produit est-il livr\u00e9 ?<\/strong><br \/>\n\u00c0 la livraison, vous recevez le cadre enti\u00e8rement assembl\u00e9. Si vous avez choisi \u00ab suspendre \u00bb lors du processus de commande, un syst\u00e8me de suspension sera \u00e9galement inclus.<\/p>\n<p><strong>De combien de panneaux ai-je besoin ?<\/strong><br \/>\nLa directive est que vous remarquez d\u00e9j\u00e0 une diff\u00e9rence avec 20 % de la surface au sol, et que vous obtenez un r\u00e9sultat optimal avec 30 %. Cependant, cela reste une directive, car diff\u00e9rents facteurs tels que la hauteur de la pi\u00e8ce et d&rsquo;autres attributs pr\u00e9sents, comme les rideaux, peuvent \u00e9galement influencer le r\u00e9sultat final.<\/p>\n","protected":false},"excerpt":{"rendered":"<p>Cadre \u00e9l\u00e9gant aux propri\u00e9t\u00e9s d&rsquo;absorption acoustique. Dot\u00e9 d&rsquo;une impression ultra-nette de votre choix. Vous choisissez vous-m\u00eame le format et la couleur du cadre.<\/p>\n","protected":false},"featured_media":14798,"template":"","meta":{"_et_pb_use_builder":"","_et_pb_old_content":"","_et_gb_content_width":""},"product_brand":[],"product_cat":[629,625,542,380,443],"product_tag":[],"class_list":{"0":"post-14797","1":"product","2":"type-product","3":"status-publish","4":"has-post-thumbnail","6":"product_cat-bureau","7":"product_cat-decoration-murale","8":"product_cat-interieur-2","9":"product_cat-publicite-interieure","10":"product_cat-publicite-murale","12":"first","13":"instock","14":"taxable","15":"shipping-taxable","16":"purchasable","17":"product-type-simple"},"yoast_head":"<!-- This site is optimized with the Yoast SEO plugin v27.3 - https:\/\/yoast.com\/product\/yoast-seo-wordpress\/ -->\n<title>Panneaux AcousticPro\u00ae | Amstel Printing<\/title>\n<meta name=\"robots\" content=\"index, follow, max-snippet:-1, max-image-preview:large, max-video-preview:-1\" \/>\n<link rel=\"canonical\" href=\"https:\/\/www.amstelprinting.nl\/fr\/boutique\/interieur-2\/decoration-murale\/panneaux-acousticpro\/\" \/>\n<meta property=\"og:locale\" content=\"fr_FR\" \/>\n<meta property=\"og:type\" content=\"article\" \/>\n<meta property=\"og:title\" content=\"Panneaux AcousticPro\u00ae | Amstel Printing\" \/>\n<meta property=\"og:description\" content=\"Cadre \u00e9l\u00e9gant aux propri\u00e9t\u00e9s d&#039;absorption acoustique. Dot\u00e9 d&#039;une impression ultra-nette de votre choix. Vous choisissez vous-m\u00eame le format et la couleur du cadre.\" \/>\n<meta property=\"og:url\" content=\"https:\/\/www.amstelprinting.nl\/fr\/boutique\/interieur-2\/decoration-murale\/panneaux-acousticpro\/\" \/>\n<meta property=\"og:site_name\" content=\"Amstel Printing\" \/>\n<meta property=\"article:modified_time\" content=\"2026-02-18T11:51:15+00:00\" \/>\n<meta property=\"og:image\" content=\"https:\/\/www.amstelprinting.nl\/wp-content\/uploads\/AcousticPro-paneel-bedrukken.png\" \/>\n\t<meta property=\"og:image:width\" content=\"900\" \/>\n\t<meta property=\"og:image:height\" content=\"900\" \/>\n\t<meta property=\"og:image:type\" content=\"image\/png\" \/>\n<meta name=\"twitter:card\" content=\"summary_large_image\" \/>\n<meta name=\"twitter:label1\" content=\"Dur\u00e9e de lecture estim\u00e9e\" \/>\n\t<meta name=\"twitter:data1\" content=\"2 minutes\" \/>\n<script type=\"application\/ld+json\" class=\"yoast-schema-graph\">{\"@context\":\"https:\\\/\\\/schema.org\",\"@graph\":[{\"@type\":\"WebPage\",\"@id\":\"https:\\\/\\\/www.amstelprinting.nl\\\/fr\\\/boutique\\\/interieur-2\\\/decoration-murale\\\/panneaux-acousticpro\\\/\",\"url\":\"https:\\\/\\\/www.amstelprinting.nl\\\/fr\\\/boutique\\\/interieur-2\\\/decoration-murale\\\/panneaux-acousticpro\\\/\",\"name\":\"Panneaux AcousticPro\u00ae | Amstel Printing\",\"isPartOf\":{\"@id\":\"https:\\\/\\\/www.amstelprinting.nl\\\/fr\\\/#website\"},\"primaryImageOfPage\":{\"@id\":\"https:\\\/\\\/www.amstelprinting.nl\\\/fr\\\/boutique\\\/interieur-2\\\/decoration-murale\\\/panneaux-acousticpro\\\/#primaryimage\"},\"image\":{\"@id\":\"https:\\\/\\\/www.amstelprinting.nl\\\/fr\\\/boutique\\\/interieur-2\\\/decoration-murale\\\/panneaux-acousticpro\\\/#primaryimage\"},\"thumbnailUrl\":\"https:\\\/\\\/www.amstelprinting.nl\\\/wp-content\\\/uploads\\\/AcousticPro-paneel-bedrukken.png\",\"datePublished\":\"2025-01-24T10:28:59+00:00\",\"dateModified\":\"2026-02-18T11:51:15+00:00\",\"breadcrumb\":{\"@id\":\"https:\\\/\\\/www.amstelprinting.nl\\\/fr\\\/boutique\\\/interieur-2\\\/decoration-murale\\\/panneaux-acousticpro\\\/#breadcrumb\"},\"inLanguage\":\"fr-FR\",\"potentialAction\":[{\"@type\":\"ReadAction\",\"target\":[\"https:\\\/\\\/www.amstelprinting.nl\\\/fr\\\/boutique\\\/interieur-2\\\/decoration-murale\\\/panneaux-acousticpro\\\/\"]}]},{\"@type\":\"ImageObject\",\"inLanguage\":\"fr-FR\",\"@id\":\"https:\\\/\\\/www.amstelprinting.nl\\\/fr\\\/boutique\\\/interieur-2\\\/decoration-murale\\\/panneaux-acousticpro\\\/#primaryimage\",\"url\":\"https:\\\/\\\/www.amstelprinting.nl\\\/wp-content\\\/uploads\\\/AcousticPro-paneel-bedrukken.png\",\"contentUrl\":\"https:\\\/\\\/www.amstelprinting.nl\\\/wp-content\\\/uploads\\\/AcousticPro-paneel-bedrukken.png\",\"width\":900,\"height\":900},{\"@type\":\"BreadcrumbList\",\"@id\":\"https:\\\/\\\/www.amstelprinting.nl\\\/fr\\\/boutique\\\/interieur-2\\\/decoration-murale\\\/panneaux-acousticpro\\\/#breadcrumb\",\"itemListElement\":[{\"@type\":\"ListItem\",\"position\":1,\"name\":\"\",\"item\":\"https:\\\/\\\/www.amstelprinting.nl\\\/fr\\\/\"},{\"@type\":\"ListItem\",\"position\":2,\"name\":\"Amstel Printing\",\"item\":\"https:\\\/\\\/www.amstelprinting.nl\\\/fr\\\/boutique\\\/\"},{\"@type\":\"ListItem\",\"position\":3,\"name\":\"Publicit\u00e9 int\u00e9rieure\",\"item\":\"https:\\\/\\\/www.amstelprinting.nl\\\/fr\\\/categorie\\\/publicite-interieure\\\/\"},{\"@type\":\"ListItem\",\"position\":4,\"name\":\"Publicit\u00e9 murale\",\"item\":\"https:\\\/\\\/www.amstelprinting.nl\\\/fr\\\/categorie\\\/publicite-interieure\\\/publicite-murale\\\/\"},{\"@type\":\"ListItem\",\"position\":5,\"name\":\"Panneaux AcousticPro\u00ae\"}]},{\"@type\":\"WebSite\",\"@id\":\"https:\\\/\\\/www.amstelprinting.nl\\\/fr\\\/#website\",\"url\":\"https:\\\/\\\/www.amstelprinting.nl\\\/fr\\\/\",\"name\":\"Amstel Printing\",\"description\":\"Creating Exposure\",\"publisher\":{\"@id\":\"https:\\\/\\\/www.amstelprinting.nl\\\/fr\\\/#organization\"},\"potentialAction\":[{\"@type\":\"SearchAction\",\"target\":{\"@type\":\"EntryPoint\",\"urlTemplate\":\"https:\\\/\\\/www.amstelprinting.nl\\\/fr\\\/?s={search_term_string}\"},\"query-input\":{\"@type\":\"PropertyValueSpecification\",\"valueRequired\":true,\"valueName\":\"search_term_string\"}}],\"inLanguage\":\"fr-FR\"},{\"@type\":\"Organization\",\"@id\":\"https:\\\/\\\/www.amstelprinting.nl\\\/fr\\\/#organization\",\"name\":\"Amstel Printing\",\"url\":\"https:\\\/\\\/www.amstelprinting.nl\\\/fr\\\/\",\"logo\":{\"@type\":\"ImageObject\",\"inLanguage\":\"fr-FR\",\"@id\":\"https:\\\/\\\/www.amstelprinting.nl\\\/fr\\\/#\\\/schema\\\/logo\\\/image\\\/\",\"url\":\"https:\\\/\\\/www.amstelprinting.nl\\\/wp-content\\\/uploads\\\/amstel_printing_logo_clean.png\",\"contentUrl\":\"https:\\\/\\\/www.amstelprinting.nl\\\/wp-content\\\/uploads\\\/amstel_printing_logo_clean.png\",\"width\":324,\"height\":73,\"caption\":\"Amstel Printing\"},\"image\":{\"@id\":\"https:\\\/\\\/www.amstelprinting.nl\\\/fr\\\/#\\\/schema\\\/logo\\\/image\\\/\"}}]}<\/script>\n<!-- \/ Yoast SEO plugin. -->","yoast_head_json":{"title":"Panneaux AcousticPro\u00ae | Amstel Printing","robots":{"index":"index","follow":"follow","max-snippet":"max-snippet:-1","max-image-preview":"max-image-preview:large","max-video-preview":"max-video-preview:-1"},"canonical":"https:\/\/www.amstelprinting.nl\/fr\/boutique\/interieur-2\/decoration-murale\/panneaux-acousticpro\/","og_locale":"fr_FR","og_type":"article","og_title":"Panneaux AcousticPro\u00ae | Amstel Printing","og_description":"Cadre \u00e9l\u00e9gant aux propri\u00e9t\u00e9s d'absorption acoustique. Dot\u00e9 d'une impression ultra-nette de votre choix. Vous choisissez vous-m\u00eame le format et la couleur du cadre.","og_url":"https:\/\/www.amstelprinting.nl\/fr\/boutique\/interieur-2\/decoration-murale\/panneaux-acousticpro\/","og_site_name":"Amstel Printing","article_modified_time":"2026-02-18T11:51:15+00:00","og_image":[{"width":900,"height":900,"url":"https:\/\/www.amstelprinting.nl\/wp-content\/uploads\/AcousticPro-paneel-bedrukken.png","type":"image\/png"}],"twitter_card":"summary_large_image","twitter_misc":{"Dur\u00e9e de lecture estim\u00e9e":"2 minutes"},"schema":{"@context":"https:\/\/schema.org","@graph":[{"@type":"WebPage","@id":"https:\/\/www.amstelprinting.nl\/fr\/boutique\/interieur-2\/decoration-murale\/panneaux-acousticpro\/","url":"https:\/\/www.amstelprinting.nl\/fr\/boutique\/interieur-2\/decoration-murale\/panneaux-acousticpro\/","name":"Panneaux AcousticPro\u00ae | Amstel Printing","isPartOf":{"@id":"https:\/\/www.amstelprinting.nl\/fr\/#website"},"primaryImageOfPage":{"@id":"https:\/\/www.amstelprinting.nl\/fr\/boutique\/interieur-2\/decoration-murale\/panneaux-acousticpro\/#primaryimage"},"image":{"@id":"https:\/\/www.amstelprinting.nl\/fr\/boutique\/interieur-2\/decoration-murale\/panneaux-acousticpro\/#primaryimage"},"thumbnailUrl":"https:\/\/www.amstelprinting.nl\/wp-content\/uploads\/AcousticPro-paneel-bedrukken.png","datePublished":"2025-01-24T10:28:59+00:00","dateModified":"2026-02-18T11:51:15+00:00","breadcrumb":{"@id":"https:\/\/www.amstelprinting.nl\/fr\/boutique\/interieur-2\/decoration-murale\/panneaux-acousticpro\/#breadcrumb"},"inLanguage":"fr-FR","potentialAction":[{"@type":"ReadAction","target":["https:\/\/www.amstelprinting.nl\/fr\/boutique\/interieur-2\/decoration-murale\/panneaux-acousticpro\/"]}]},{"@type":"ImageObject","inLanguage":"fr-FR","@id":"https:\/\/www.amstelprinting.nl\/fr\/boutique\/interieur-2\/decoration-murale\/panneaux-acousticpro\/#primaryimage","url":"https:\/\/www.amstelprinting.nl\/wp-content\/uploads\/AcousticPro-paneel-bedrukken.png","contentUrl":"https:\/\/www.amstelprinting.nl\/wp-content\/uploads\/AcousticPro-paneel-bedrukken.png","width":900,"height":900},{"@type":"BreadcrumbList","@id":"https:\/\/www.amstelprinting.nl\/fr\/boutique\/interieur-2\/decoration-murale\/panneaux-acousticpro\/#breadcrumb","itemListElement":[{"@type":"ListItem","position":1,"name":"","item":"https:\/\/www.amstelprinting.nl\/fr\/"},{"@type":"ListItem","position":2,"name":"Amstel Printing","item":"https:\/\/www.amstelprinting.nl\/fr\/boutique\/"},{"@type":"ListItem","position":3,"name":"Publicit\u00e9 int\u00e9rieure","item":"https:\/\/www.amstelprinting.nl\/fr\/categorie\/publicite-interieure\/"},{"@type":"ListItem","position":4,"name":"Publicit\u00e9 murale","item":"https:\/\/www.amstelprinting.nl\/fr\/categorie\/publicite-interieure\/publicite-murale\/"},{"@type":"ListItem","position":5,"name":"Panneaux AcousticPro\u00ae"}]},{"@type":"WebSite","@id":"https:\/\/www.amstelprinting.nl\/fr\/#website","url":"https:\/\/www.amstelprinting.nl\/fr\/","name":"Amstel Printing","description":"Creating Exposure","publisher":{"@id":"https:\/\/www.amstelprinting.nl\/fr\/#organization"},"potentialAction":[{"@type":"SearchAction","target":{"@type":"EntryPoint","urlTemplate":"https:\/\/www.amstelprinting.nl\/fr\/?s={search_term_string}"},"query-input":{"@type":"PropertyValueSpecification","valueRequired":true,"valueName":"search_term_string"}}],"inLanguage":"fr-FR"},{"@type":"Organization","@id":"https:\/\/www.amstelprinting.nl\/fr\/#organization","name":"Amstel Printing","url":"https:\/\/www.amstelprinting.nl\/fr\/","logo":{"@type":"ImageObject","inLanguage":"fr-FR","@id":"https:\/\/www.amstelprinting.nl\/fr\/#\/schema\/logo\/image\/","url":"https:\/\/www.amstelprinting.nl\/wp-content\/uploads\/amstel_printing_logo_clean.png","contentUrl":"https:\/\/www.amstelprinting.nl\/wp-content\/uploads\/amstel_printing_logo_clean.png","width":324,"height":73,"caption":"Amstel Printing"},"image":{"@id":"https:\/\/www.amstelprinting.nl\/fr\/#\/schema\/logo\/image\/"}}]}},"_links":{"self":[{"href":"https:\/\/www.amstelprinting.nl\/fr\/wp-json\/wp\/v2\/product\/14797","targetHints":{"allow":["GET"]}}],"collection":[{"href":"https:\/\/www.amstelprinting.nl\/fr\/wp-json\/wp\/v2\/product"}],"about":[{"href":"https:\/\/www.amstelprinting.nl\/fr\/wp-json\/wp\/v2\/types\/product"}],"wp:featuredmedia":[{"embeddable":true,"href":"https:\/\/www.amstelprinting.nl\/fr\/wp-json\/wp\/v2\/media\/14798"}],"wp:attachment":[{"href":"https:\/\/www.amstelprinting.nl\/fr\/wp-json\/wp\/v2\/media?parent=14797"}],"wp:term":[{"taxonomy":"product_brand","embeddable":true,"href":"https:\/\/www.amstelprinting.nl\/fr\/wp-json\/wp\/v2\/product_brand?post=14797"},{"taxonomy":"product_cat","embeddable":true,"href":"https:\/\/www.amstelprinting.nl\/fr\/wp-json\/wp\/v2\/product_cat?post=14797"},{"taxonomy":"product_tag","embeddable":true,"href":"https:\/\/www.amstelprinting.nl\/fr\/wp-json\/wp\/v2\/product_tag?post=14797"}],"curies":[{"name":"wp","href":"https:\/\/api.w.org\/{rel}","templated":true}]}}